{"id":897,"date":"2023-12-12T14:15:29","date_gmt":"2023-12-12T13:15:29","guid":{"rendered":"https:\/\/bertrand.pl\/?post_type=product&#038;p=897"},"modified":"2025-08-06T12:19:45","modified_gmt":"2025-08-06T10:19:45","slug":"mb-104","status":"publish","type":"product","link":"https:\/\/bertrand.pl\/de\/produkt\/mb-104\/","title":{"rendered":"MB 104"},"content":{"rendered":"<p>System <strong>MB-104 Passiv<\/strong> ist eine fortschrittliche L\u00f6sung zur Erstellung von Elementen der externen Architekturentwicklung. Es wird bei der Herstellung verschiedener Arten von Fenstern, Windf\u00e4ngen, Vitrinen und Raumkonstruktionen eingesetzt und bietet dabei eine un\u00fcbertroffene Energieeffizienz und au\u00dfergew\u00f6hnliche Langlebigkeit.<\/p>\n<p>&nbsp;<\/p>\n<h4>Au\u00dfergew\u00f6hnliche Isolierparameter<\/h4>\n<p>&nbsp;<\/p>\n<p>Das System zeichnet sich durch eine hervorragende W\u00e4rme- und Schalld\u00e4mmung aus. Dadurch erf\u00fcllen die in diesem System hergestellten Konstruktionen die h\u00f6chsten Energieeffizienzstandards und tragen zu niedrigeren Heizkosten bei. Wasser- und Luftdichtheit bieten Schutz vor ung\u00fcnstigen Wetterbedingungen, was dieses System zu einer idealen Wahl f\u00fcr passives und energieeffizientes Bauen macht.<\/p>\n<p>&nbsp;<\/p>\n<h4>Zwei auf Ihre Bed\u00fcrfnisse zugeschnittene Varianten<\/h4>\n<p>&nbsp;<\/p>\n<p>Das Design der MB-104 Passivabschnitte ist in zwei Varianten erh\u00e4ltlich:<\/p>\n<ul>\n<li><strong>SI (Superisoliert)<\/strong> \u2013 f\u00fcr anspruchsvolle D\u00e4mmstandards.<\/li>\n<li><strong>AERO<\/strong> \u2013 f\u00fcr h\u00f6chste Energieeffizienzanforderungen.<\/li>\n<\/ul>\n<p>Beide Optionen garantieren Parameter, die \u00fcber die strengsten geltenden Normen und Vorschriften hinausgehen, was dieses System zu einer Investition in die Zukunft macht.<\/p>\n<p>&nbsp;<\/p>\n<h4>Vielseitigkeit und Haltbarkeit<\/h4>\n<p>&nbsp;<\/p>\n<p>Das MB-104 Passivsystem sch\u00fctzt nicht nur vor W\u00e4rmeverlust, sondern sorgt auch f\u00fcr eine hohe Haltbarkeit der Struktur. Es eignet sich perfekt f\u00fcr gro\u00dfe Projekte, wie zum Beispiel Schaufenster oder r\u00e4umliche Architekturelemente. Es handelt sich um eine L\u00f6sung, die Funktionalit\u00e4t mit \u00c4sthetik verbindet und gleichzeitig Haltbarkeit und Zuverl\u00e4ssigkeit gew\u00e4hrleistet.<\/p>\n<p>&nbsp;<\/p>\n<h4>W\u00e4hlen Sie MB-104 Passiv<\/h4>\n<p>&nbsp;<\/p>\n<p>Mit der Wahl dieses Systems investieren Sie in Innovation, Energieeinsparung und Langlebigkeit. Dabei handelt es sich um ein System, das mit Blick auf das Bauen der Zukunft entwickelt wurde und thermischen, akustischen und \u00e4sthetischen Komfort gew\u00e4hrleistet.<\/p>\n<p>&nbsp;<\/p>\n<p><img fetchpriority=\"high\" decoding=\"async\" class=\"alignnone wp-image-902 size-full\" src=\"https:\/\/bertrand.pl\/wp-content\/uploads\/2023\/12\/mb_104_photo1.jpg\" alt=\"\" width=\"649\" height=\"500\" srcset=\"https:\/\/bertrand.pl\/wp-content\/uploads\/2023\/12\/mb_104_photo1.jpg 649w, https:\/\/bertrand.pl\/wp-content\/uploads\/2023\/12\/mb_104_photo1-420x324.jpg 420w, https:\/\/bertrand.pl\/wp-content\/uploads\/2023\/12\/mb_104_photo1-600x462.jpg 600w\" sizes=\"(max-width: 649px) 100vw, 649px\" \/><\/p>\n<p>&nbsp;<\/p>\n<h4><strong><a href=\"https:\/\/bertrand.pl\/de\/farbe\/\">Farben von Fenstern und T\u00fcren<\/a><\/strong><\/h4>\n<div id=\"sppb-addon-wrapper-1492161406803\" class=\"sppb-addon-wrapper\">\n<div id=\"sppb-addon-1492161406803\" class=\"clearfix\">\n<div class=\"sppb-addon sppb-addon-text-block sppb-text-center\">\n<div class=\"sppb-addon-content\"><\/div>\n<\/div>\n<\/div>\n<\/div>\n<div id=\"sppb-addon-wrapper-1492161406849\" class=\"sppb-addon-wrapper\">\n<div id=\"sppb-addon-1492161406849\" class=\"clearfix\"><\/div>\n<\/div>","protected":false},"excerpt":{"rendered":"<p><strong>MODERNES ALUMINIUMSYSTEM F\u00dcR ENERGIESPARENDES BAUEN<\/strong><\/p>\n<p>Das thermisch getrennte Passivfenstersystem MB-104 mit h\u00f6chster W\u00e4rmed\u00e4mmung erf\u00fcllt alle Anforderungen an Elemente im Passivbau.<\/p>","protected":false},"featured_media":909,"template":"","meta":{"site-sidebar-layout":"default","site-content-layout":"","ast-site-content-layout":"default","site-content-style":"default","site-sidebar-style":"default","ast-global-header-display":"","ast-banner-title-visibility":"","ast-main-header-display":"","ast-hfb-above-header-display":"","ast-hfb-below-header-display":"","ast-hfb-mobile-header-display":"","site-post-title":"","ast-breadcrumbs-content":"","ast-featured-img":"","footer-sml-layout":"","ast-disable-related-posts":"","theme-transparent-header-meta":"default","adv-header-id-meta":"","stick-header-meta":"","header-above-stick-meta":"","header-main-stick-meta":"","header-below-stick-meta":"","astra-migrate-meta-layouts":"set","ast-page-background-enabled":"default","ast-page-background-meta":{"desktop":{"background-color":"var(--ast-global-color-4)","background-image":"","background-repeat":"repeat","background-position":"center center","background-size":"auto","background-attachment":"scroll","background-type":"","background-media":"","overlay-type":"","overlay-color":"","overlay-opacity":"","overlay-gradient":""},"tablet":{"background-color":"","background-image":"","background-repeat":"repeat","background-position":"center center","background-size":"auto","background-attachment":"scroll","background-type":"","background-media":"","overlay-type":"","overlay-color":"","overlay-opacity":"","overlay-gradient":""},"mobile":{"background-color":"","background-image":"","background-repeat":"repeat","background-position":"center center","background-size":"auto","background-attachment":"scroll","background-type":"","background-media":"","overlay-type":"","overlay-color":"","overlay-opacity":"","overlay-gradient":""}},"ast-content-background-meta":{"desktop":{"background-color":"var(--ast-global-color-5)","background-image":"","background-repeat":"repeat","background-position":"center center","background-size":"auto","background-attachment":"scroll","background-type":"","background-media":"","overlay-type":"","overlay-color":"","overlay-opacity":"","overlay-gradient":""},"tablet":{"background-color":"var(--ast-global-color-5)","background-image":"","background-repeat":"repeat","background-position":"center center","background-size":"auto","background-attachment":"scroll","background-type":"","background-media":"","overlay-type":"","overlay-color":"","overlay-opacity":"","overlay-gradient":""},"mobile":{"background-color":"var(--ast-global-color-5)","background-image":"","background-repeat":"repeat","background-position":"center center","background-size":"auto","background-attachment":"scroll","background-type":"","background-media":"","overlay-type":"","overlay-color":"","overlay-opacity":"","overlay-gradient":""}}},"product_brand":[],"product_cat":[28],"product_tag":[193,349,168,360,326,367,368,432,339,311,352,414,195,344,346,389,361,366,174,194,350,315,324,351,359,169,314,362,348],"class_list":{"0":"post-897","1":"product","2":"type-product","3":"status-publish","4":"has-post-thumbnail","6":"product_cat-okna-aluminiowe","7":"product_tag-aluminium","8":"product_tag-aluprof","9":"product_tag-bertrand","10":"product_tag-bezpieczenstwo","11":"product_tag-budowa-domu","12":"product_tag-budownictwo","13":"product_tag-budownictwo-pasywne","14":"product_tag-certyfikaty","15":"product_tag-design","16":"product_tag-dobre-wlasciwosci-termiczne","17":"product_tag-dobreokna","18":"product_tag-doskonala-izolacja-termiczna","19":"product_tag-drzwi-aluminiowe","20":"product_tag-duze-okna","21":"product_tag-duze-przestrzenie","22":"product_tag-izolacja-akustyczna","23":"product_tag-jakosc","24":"product_tag-komfort","25":"product_tag-okna","26":"product_tag-okna-aluminiowe","27":"product_tag-oknabertrand","28":"product_tag-okno-aluminiowe","29":"product_tag-okno-dla-domu","30":"product_tag-oknobertrand","31":"product_tag-premiumwindows","32":"product_tag-produkt","33":"product_tag-profil-okienny","34":"product_tag-quality","35":"product_tag-windows","36":"desktop-align-left","37":"tablet-align-left","38":"mobile-align-left","40":"first","41":"instock","42":"shipping-taxable","43":"product-type-simple"},"yoast_head":"<!-- This site is optimized with the Yoast SEO Premium plugin v27.2 (Yoast SEO v27.2) - https:\/\/yoast.com\/product\/yoast-seo-premium-wordpress\/ -->\n<title>MB 104 - Bertrand. Najwy\u017cszej jako\u015bci okna i drzwi. Certyfikowany producent od 1969 roku.<\/title>\n<meta name=\"description\" content=\"System MB-104 \u2013 energooszcz\u0119dne okna, witryny i konstrukcje. Doskona\u0142a izolacja termiczna i akustyczna, trwa\u0142o\u015b\u0107 i szczelno\u015b\u0107 do budownictwa pasywnego.\" \/>\n<meta name=\"robots\" content=\"index, follow, max-snippet:-1, max-image-preview:large, max-video-preview:-1\" \/>\n<link rel=\"canonical\" href=\"https:\/\/bertrand.pl\/de\/produkt\/mb-104\/\" \/>\n<meta property=\"og:locale\" content=\"de_DE\" \/>\n<meta property=\"og:type\" content=\"article\" \/>\n<meta property=\"og:title\" content=\"MB 104\" \/>\n<meta property=\"og:description\" content=\"System MB-104 \u2013 energooszcz\u0119dne okna, witryny i konstrukcje. Doskona\u0142a izolacja termiczna i akustyczna, trwa\u0142o\u015b\u0107 i szczelno\u015b\u0107 do budownictwa pasywnego.\" \/>\n<meta property=\"og:url\" content=\"https:\/\/bertrand.pl\/de\/produkt\/mb-104\/\" \/>\n<meta property=\"og:site_name\" content=\"Bertrand. Najwy\u017cszej jako\u015bci okna i drzwi. Certyfikowany producent od 1969 roku.\" \/>\n<meta property=\"article:publisher\" content=\"https:\/\/www.facebook.com\/bertrandpolska\/\" \/>\n<meta property=\"article:modified_time\" content=\"2025-08-06T10:19:45+00:00\" \/>\n<meta property=\"og:image\" content=\"https:\/\/bertrand.pl\/wp-content\/uploads\/2023\/12\/mb_104_big.webp\" \/>\n\t<meta property=\"og:image:width\" content=\"750\" \/>\n\t<meta property=\"og:image:height\" content=\"750\" \/>\n\t<meta property=\"og:image:type\" content=\"image\/webp\" \/>\n<meta name=\"twitter:card\" content=\"summary_large_image\" \/>\n<meta name=\"twitter:label1\" content=\"Gesch\u00e4tzte Lesezeit\" \/>\n\t<meta name=\"twitter:data1\" content=\"2\u00a0Minuten\" \/>\n<script type=\"application\/ld+json\" class=\"yoast-schema-graph\">{\"@context\":\"https:\/\/schema.org\",\"@graph\":[{\"@type\":\"WebPage\",\"@id\":\"https:\/\/bertrand.pl\/produkt\/mb-104\/\",\"url\":\"https:\/\/bertrand.pl\/produkt\/mb-104\/\",\"name\":\"MB 104 - Bertrand. Najwy\u017cszej jako\u015bci okna i drzwi. Certyfikowany producent od 1969 roku.\",\"isPartOf\":{\"@id\":\"https:\/\/bertrand.pl\/#website\"},\"primaryImageOfPage\":{\"@id\":\"https:\/\/bertrand.pl\/produkt\/mb-104\/#primaryimage\"},\"image\":{\"@id\":\"https:\/\/bertrand.pl\/produkt\/mb-104\/#primaryimage\"},\"thumbnailUrl\":\"https:\/\/bertrand.pl\/wp-content\/uploads\/2023\/12\/mb_104_big.webp\",\"datePublished\":\"2023-12-12T13:15:29+00:00\",\"dateModified\":\"2025-08-06T10:19:45+00:00\",\"description\":\"System MB-104 \u2013 energooszcz\u0119dne okna, witryny i konstrukcje. Doskona\u0142a izolacja termiczna i akustyczna, trwa\u0142o\u015b\u0107 i szczelno\u015b\u0107 do budownictwa pasywnego.\",\"breadcrumb\":{\"@id\":\"https:\/\/bertrand.pl\/produkt\/mb-104\/#breadcrumb\"},\"inLanguage\":\"de\",\"potentialAction\":[{\"@type\":\"ReadAction\",\"target\":[\"https:\/\/bertrand.pl\/produkt\/mb-104\/\"]}]},{\"@type\":\"ImageObject\",\"inLanguage\":\"de\",\"@id\":\"https:\/\/bertrand.pl\/produkt\/mb-104\/#primaryimage\",\"url\":\"https:\/\/bertrand.pl\/wp-content\/uploads\/2023\/12\/mb_104_big.webp\",\"contentUrl\":\"https:\/\/bertrand.pl\/wp-content\/uploads\/2023\/12\/mb_104_big.webp\",\"width\":750,\"height\":750},{\"@type\":\"BreadcrumbList\",\"@id\":\"https:\/\/bertrand.pl\/produkt\/mb-104\/#breadcrumb\",\"itemListElement\":[{\"@type\":\"ListItem\",\"position\":1,\"name\":\"Strona g\u0142\u00f3wna\",\"item\":\"https:\/\/bertrand.pl\/\"},{\"@type\":\"ListItem\",\"position\":2,\"name\":\"Produits\",\"item\":\"https:\/\/bertrand.pl\/fr\/shop\/\"},{\"@type\":\"ListItem\",\"position\":3,\"name\":\"MB 104\"}]},{\"@type\":\"WebSite\",\"@id\":\"https:\/\/bertrand.pl\/#website\",\"url\":\"https:\/\/bertrand.pl\/\",\"name\":\"Bertrand.pl\",\"description\":\"Firma Bertrand to certyfikowany i uznany producent najwy\u017cszej jako\u015bci okien z PVC, z drewna lub aluminium. Produkcja drzwi, rolet i bram gara\u017cowych.\",\"publisher\":{\"@id\":\"https:\/\/bertrand.pl\/#organization\"},\"potentialAction\":[{\"@type\":\"SearchAction\",\"target\":{\"@type\":\"EntryPoint\",\"urlTemplate\":\"https:\/\/bertrand.pl\/?s={search_term_string}\"},\"query-input\":{\"@type\":\"PropertyValueSpecification\",\"valueRequired\":true,\"valueName\":\"search_term_string\"}}],\"inLanguage\":\"de\"},{\"@type\":\"Organization\",\"@id\":\"https:\/\/bertrand.pl\/#organization\",\"name\":\"Bertrand.pl\",\"url\":\"https:\/\/bertrand.pl\/\",\"logo\":{\"@type\":\"ImageObject\",\"inLanguage\":\"de\",\"@id\":\"https:\/\/bertrand.pl\/#\/schema\/logo\/image\/\",\"url\":\"https:\/\/bertrand.pl\/wp-content\/uploads\/2024\/12\/logo_BB_TM_PL_black.png\",\"contentUrl\":\"https:\/\/bertrand.pl\/wp-content\/uploads\/2024\/12\/logo_BB_TM_PL_black.png\",\"width\":1831,\"height\":1831,\"caption\":\"Bertrand.pl\"},\"image\":{\"@id\":\"https:\/\/bertrand.pl\/#\/schema\/logo\/image\/\"},\"sameAs\":[\"https:\/\/www.facebook.com\/bertrandpolska\/\",\"https:\/\/www.instagram.com\/bertrand_okna_i_drzwi\/\",\"https:\/\/www.linkedin.com\/company\/bertrand\/\",\"https:\/\/www.tiktok.com\/@bertrand_okna_drzwi\"]}]}<\/script>\n<!-- \/ Yoast SEO Premium plugin. -->","yoast_head_json":{"title":"MB 104 - Bertrand. Najwy\u017cszej jako\u015bci okna i drzwi. Certyfikowany producent od 1969 roku.","description":"MB-104-System \u2013 energiesparende Fenster, Vitrinen und Strukturen. Hervorragende W\u00e4rme- und Schalld\u00e4mmung, Haltbarkeit und Dichtheit f\u00fcr Passivbauweise.","robots":{"index":"index","follow":"follow","max-snippet":"max-snippet:-1","max-image-preview":"max-image-preview:large","max-video-preview":"max-video-preview:-1"},"canonical":"https:\/\/bertrand.pl\/de\/produkt\/mb-104\/","og_locale":"de_DE","og_type":"article","og_title":"MB 104","og_description":"System MB-104 \u2013 energooszcz\u0119dne okna, witryny i konstrukcje. Doskona\u0142a izolacja termiczna i akustyczna, trwa\u0142o\u015b\u0107 i szczelno\u015b\u0107 do budownictwa pasywnego.","og_url":"https:\/\/bertrand.pl\/de\/produkt\/mb-104\/","og_site_name":"Bertrand. Najwy\u017cszej jako\u015bci okna i drzwi. Certyfikowany producent od 1969 roku.","article_publisher":"https:\/\/www.facebook.com\/bertrandpolska\/","article_modified_time":"2025-08-06T10:19:45+00:00","og_image":[{"width":750,"height":750,"url":"https:\/\/bertrand.pl\/wp-content\/uploads\/2023\/12\/mb_104_big.webp","type":"image\/webp"}],"twitter_card":"summary_large_image","twitter_misc":{"Gesch\u00e4tzte Lesezeit":"2\u00a0Minuten"},"schema":{"@context":"https:\/\/schema.org","@graph":[{"@type":"WebPage","@id":"https:\/\/bertrand.pl\/produkt\/mb-104\/","url":"https:\/\/bertrand.pl\/produkt\/mb-104\/","name":"MB 104 - Bertrand. Najwy\u017cszej jako\u015bci okna i drzwi. Certyfikowany producent od 1969 roku.","isPartOf":{"@id":"https:\/\/bertrand.pl\/#website"},"primaryImageOfPage":{"@id":"https:\/\/bertrand.pl\/produkt\/mb-104\/#primaryimage"},"image":{"@id":"https:\/\/bertrand.pl\/produkt\/mb-104\/#primaryimage"},"thumbnailUrl":"https:\/\/bertrand.pl\/wp-content\/uploads\/2023\/12\/mb_104_big.webp","datePublished":"2023-12-12T13:15:29+00:00","dateModified":"2025-08-06T10:19:45+00:00","description":"MB-104-System \u2013 energiesparende Fenster, Vitrinen und Strukturen. Hervorragende W\u00e4rme- und Schalld\u00e4mmung, Haltbarkeit und Dichtheit f\u00fcr Passivbauweise.","breadcrumb":{"@id":"https:\/\/bertrand.pl\/produkt\/mb-104\/#breadcrumb"},"inLanguage":"de","potentialAction":[{"@type":"ReadAction","target":["https:\/\/bertrand.pl\/produkt\/mb-104\/"]}]},{"@type":"ImageObject","inLanguage":"de","@id":"https:\/\/bertrand.pl\/produkt\/mb-104\/#primaryimage","url":"https:\/\/bertrand.pl\/wp-content\/uploads\/2023\/12\/mb_104_big.webp","contentUrl":"https:\/\/bertrand.pl\/wp-content\/uploads\/2023\/12\/mb_104_big.webp","width":750,"height":750},{"@type":"BreadcrumbList","@id":"https:\/\/bertrand.pl\/produkt\/mb-104\/#breadcrumb","itemListElement":[{"@type":"ListItem","position":1,"name":"Strona g\u0142\u00f3wna","item":"https:\/\/bertrand.pl\/"},{"@type":"ListItem","position":2,"name":"Produits","item":"https:\/\/bertrand.pl\/fr\/shop\/"},{"@type":"ListItem","position":3,"name":"MB 104"}]},{"@type":"WebSite","@id":"https:\/\/bertrand.pl\/#website","url":"https:\/\/bertrand.pl\/","name":"Bertrand.pl","description":"Firma Bertrand to certyfikowany i uznany producent najwy\u017cszej jako\u015bci okien z PVC, z drewna lub aluminium. Produkcja drzwi, rolet i bram gara\u017cowych.","publisher":{"@id":"https:\/\/bertrand.pl\/#organization"},"potentialAction":[{"@type":"SearchAction","target":{"@type":"EntryPoint","urlTemplate":"https:\/\/bertrand.pl\/?s={search_term_string}"},"query-input":{"@type":"PropertyValueSpecification","valueRequired":true,"valueName":"search_term_string"}}],"inLanguage":"de"},{"@type":"Organization","@id":"https:\/\/bertrand.pl\/#organization","name":"Bertrand.pl","url":"https:\/\/bertrand.pl\/","logo":{"@type":"ImageObject","inLanguage":"de","@id":"https:\/\/bertrand.pl\/#\/schema\/logo\/image\/","url":"https:\/\/bertrand.pl\/wp-content\/uploads\/2024\/12\/logo_BB_TM_PL_black.png","contentUrl":"https:\/\/bertrand.pl\/wp-content\/uploads\/2024\/12\/logo_BB_TM_PL_black.png","width":1831,"height":1831,"caption":"Bertrand.pl"},"image":{"@id":"https:\/\/bertrand.pl\/#\/schema\/logo\/image\/"},"sameAs":["https:\/\/www.facebook.com\/bertrandpolska\/","https:\/\/www.instagram.com\/bertrand_okna_i_drzwi\/","https:\/\/www.linkedin.com\/company\/bertrand\/","https:\/\/www.tiktok.com\/@bertrand_okna_drzwi"]}]}},"_links":{"self":[{"href":"https:\/\/bertrand.pl\/de\/wp-json\/wp\/v2\/product\/897","targetHints":{"allow":["GET"]}}],"collection":[{"href":"https:\/\/bertrand.pl\/de\/wp-json\/wp\/v2\/product"}],"about":[{"href":"https:\/\/bertrand.pl\/de\/wp-json\/wp\/v2\/types\/product"}],"wp:featuredmedia":[{"embeddable":true,"href":"https:\/\/bertrand.pl\/de\/wp-json\/wp\/v2\/media\/909"}],"wp:attachment":[{"href":"https:\/\/bertrand.pl\/de\/wp-json\/wp\/v2\/media?parent=897"}],"wp:term":[{"taxonomy":"product_brand","embeddable":true,"href":"https:\/\/bertrand.pl\/de\/wp-json\/wp\/v2\/product_brand?post=897"},{"taxonomy":"product_cat","embeddable":true,"href":"https:\/\/bertrand.pl\/de\/wp-json\/wp\/v2\/product_cat?post=897"},{"taxonomy":"product_tag","embeddable":true,"href":"https:\/\/bertrand.pl\/de\/wp-json\/wp\/v2\/product_tag?post=897"}],"curies":[{"name":"wp","href":"https:\/\/api.w.org\/{rel}","templated":true}]}}