{"id":912,"date":"2023-12-12T15:00:18","date_gmt":"2023-12-12T14:00:18","guid":{"rendered":"https:\/\/bertrand.pl\/?post_type=product&#038;p=912"},"modified":"2025-08-06T12:13:48","modified_gmt":"2025-08-06T10:13:48","slug":"mb-86-2","status":"publish","type":"product","link":"https:\/\/bertrand.pl\/de\/produkt\/mb-86-2\/","title":{"rendered":"MB 86"},"content":{"rendered":"<p><strong>MB-86<\/strong> ist ein innovatives System von Fenstern und T\u00fcren aus Aluminium, das weltweit das erste ist <strong>Aerogel<\/strong> \u2013 ein Material mit au\u00dfergew\u00f6hnlichen W\u00e4rmed\u00e4mmeigenschaften. Dadurch erf\u00fcllt das System h\u00f6chste Anforderungen an die Energieeffizienz und bietet gleichzeitig unbegrenzte Baum\u00f6glichkeiten.<\/p>\n<p>&nbsp;<\/p>\n<h4>Au\u00dfergew\u00f6hnliche W\u00e4rmed\u00e4mmung<\/h4>\n<p>&nbsp;<\/p>\n<p>Die Verwendung von Aerogel im MB-86-System macht es zu einer der besten W\u00e4rmeschutzl\u00f6sungen auf dem Markt. Dank der hervorragenden Isolierung eignet sich dieses System sowohl f\u00fcr energieeffizientes als auch f\u00fcr passives Bauen. Dadurch k\u00f6nnen Sie die Heizkosten deutlich senken und das ganze Jahr \u00fcber eine angenehme Temperatur im Innenbereich aufrechterhalten.<\/p>\n<p>&nbsp;<\/p>\n<h4>Hohe Haltbarkeit und gro\u00dfe Abmessungen<\/h4>\n<p>&nbsp;<\/p>\n<p>Auch das MB-86-System sticht hervor <strong>hohe Festigkeit der Profile<\/strong>, was den Bau von Strukturen mit gro\u00dfen Abmessungen und Gewicht erm\u00f6glicht. Dies ist besonders wichtig bei modernen Architekturentw\u00fcrfen, die gro\u00dfe Verglasungen erfordern. Die Stabilit\u00e4t der Struktur garantiert Zuverl\u00e4ssigkeit und Langlebigkeit auch unter schwierigen Einsatzbedingungen.<\/p>\n<p>&nbsp;<\/p>\n<h4>\u00c4sthetik und moderne L\u00f6sungen<\/h4>\n<p>&nbsp;<\/p>\n<p>F\u00fcr diejenigen, die nach minimalistischen \u00e4sthetischen L\u00f6sungen suchen, ist die Z-Version des Systems erh\u00e4ltlich <strong>MB-86US versteckter Fl\u00fcgel<\/strong>. Dadurch wirken die Konstruktionen modern und leicht, w\u00e4hrend alle W\u00e4rmed\u00e4mm- und Haltbarkeitseigenschaften erhalten bleiben.<\/p>\n<p>&nbsp;<\/p>\n<h4>Warum lohnt es sich, dieses System zu w\u00e4hlen?<\/h4>\n<p>&nbsp;<\/p>\n<ul>\n<li><strong>Bahnbrechende W\u00e4rmed\u00e4mmung<\/strong> dank der Verwendung von Aerogel.<\/li>\n<li><strong>Hohe Haltbarkeit<\/strong> Mit Profilen k\u00f6nnen Sie gro\u00dfe und schwere Strukturen erstellen.<\/li>\n<li><strong>Vielseitigkeit<\/strong> \u2013 ideal sowohl f\u00fcr Passivbau als auch f\u00fcr moderne Projekte mit gro\u00dfen Verglasungen.<\/li>\n<li><strong>\u00c4sthetik<\/strong> \u2013 Version mit verstecktem Fl\u00fcgel (MB-86US) f\u00fcr ein minimalistisches Design.<\/li>\n<\/ul>\n<p>&nbsp;<\/p>\n<h4>Entscheiden Sie sich f\u00fcr MB-86 \u2013 Innovation und Funktionalit\u00e4t<\/h4>\n<p>&nbsp;<\/p>\n<p>Mit der Wahl des MB-86-Systems investieren Sie in die Zukunft \u2013 eine energiesparende, langlebige und \u00e4sthetische L\u00f6sung, die den Erwartungen der anspruchsvollsten Architekturprojekte gerecht wird.<\/p>\n<p>&nbsp;<\/p>\n<p><img fetchpriority=\"high\" decoding=\"async\" class=\"alignnone wp-image-916 size-full\" src=\"https:\/\/bertrand.pl\/wp-content\/uploads\/2023\/12\/mb_60_photo1.jpg\" alt=\"\" width=\"649\" height=\"500\" srcset=\"https:\/\/bertrand.pl\/wp-content\/uploads\/2023\/12\/mb_60_photo1.jpg 649w, https:\/\/bertrand.pl\/wp-content\/uploads\/2023\/12\/mb_60_photo1-420x324.jpg 420w, https:\/\/bertrand.pl\/wp-content\/uploads\/2023\/12\/mb_60_photo1-600x462.jpg 600w\" sizes=\"(max-width: 649px) 100vw, 649px\" \/><\/p>\n<p>&nbsp;<\/p>\n<h4><strong><a href=\"https:\/\/bertrand.pl\/de\/farbe\/\">Farben von Fenstern und T\u00fcren<\/a><\/strong><\/h4>\n<p>&nbsp;<\/p>","protected":false},"excerpt":{"rendered":"<p><strong>MODERNE ALUMINIUMFENSTER<\/strong><\/p>\n<p>Ein Fenster- und T\u00fcrsystem mit sehr guten Parametern, die es erm\u00f6glichen, den unterschiedlichen Bed\u00fcrfnissen der Benutzer gerecht zu werden. Das Design seiner Abschnitte weist je nach den Anforderungen an die thermische Energieeinsparung drei Varianten auf: ST, SI und AERO.<\/p>","protected":false},"featured_media":920,"template":"","meta":{"site-sidebar-layout":"default","site-content-layout":"","ast-site-content-layout":"default","site-content-style":"default","site-sidebar-style":"default","ast-global-header-display":"","ast-banner-title-visibility":"","ast-main-header-display":"","ast-hfb-above-header-display":"","ast-hfb-below-header-display":"","ast-hfb-mobile-header-display":"","site-post-title":"","ast-breadcrumbs-content":"","ast-featured-img":"","footer-sml-layout":"","ast-disable-related-posts":"","theme-transparent-header-meta":"default","adv-header-id-meta":"","stick-header-meta":"","header-above-stick-meta":"","header-main-stick-meta":"","header-below-stick-meta":"","astra-migrate-meta-layouts":"set","ast-page-background-enabled":"default","ast-page-background-meta":{"desktop":{"background-color":"var(--ast-global-color-4)","background-image":"","background-repeat":"repeat","background-position":"center center","background-size":"auto","background-attachment":"scroll","background-type":"","background-media":"","overlay-type":"","overlay-color":"","overlay-opacity":"","overlay-gradient":""},"tablet":{"background-color":"","background-image":"","background-repeat":"repeat","background-position":"center center","background-size":"auto","background-attachment":"scroll","background-type":"","background-media":"","overlay-type":"","overlay-color":"","overlay-opacity":"","overlay-gradient":""},"mobile":{"background-color":"","background-image":"","background-repeat":"repeat","background-position":"center center","background-size":"auto","background-attachment":"scroll","background-type":"","background-media":"","overlay-type":"","overlay-color":"","overlay-opacity":"","overlay-gradient":""}},"ast-content-background-meta":{"desktop":{"background-color":"var(--ast-global-color-5)","background-image":"","background-repeat":"repeat","background-position":"center center","background-size":"auto","background-attachment":"scroll","background-type":"","background-media":"","overlay-type":"","overlay-color":"","overlay-opacity":"","overlay-gradient":""},"tablet":{"background-color":"var(--ast-global-color-5)","background-image":"","background-repeat":"repeat","background-position":"center center","background-size":"auto","background-attachment":"scroll","background-type":"","background-media":"","overlay-type":"","overlay-color":"","overlay-opacity":"","overlay-gradient":""},"mobile":{"background-color":"var(--ast-global-color-5)","background-image":"","background-repeat":"repeat","background-position":"center center","background-size":"auto","background-attachment":"scroll","background-type":"","background-media":"","overlay-type":"","overlay-color":"","overlay-opacity":"","overlay-gradient":""}}},"product_brand":[],"product_cat":[28],"product_tag":[193,349,168,326,367,368,432,339,311,352,195,344,346,398,361,366,174,194,323,350,363,315,324,351,359,169,314,362,348],"class_list":{"0":"post-912","1":"product","2":"type-product","3":"status-publish","4":"has-post-thumbnail","6":"product_cat-okna-aluminiowe","7":"product_tag-aluminium","8":"product_tag-aluprof","9":"product_tag-bertrand","10":"product_tag-budowa-domu","11":"product_tag-budownictwo","12":"product_tag-budownictwo-pasywne","13":"product_tag-certyfikaty","14":"product_tag-design","15":"product_tag-dobre-wlasciwosci-termiczne","16":"product_tag-dobreokna","17":"product_tag-drzwi-aluminiowe","18":"product_tag-duze-okna","19":"product_tag-duze-przestrzenie","20":"product_tag-izolacja-cieplna","21":"product_tag-jakosc","22":"product_tag-komfort","23":"product_tag-okna","24":"product_tag-okna-aluminiowe","25":"product_tag-okna-z-polski","26":"product_tag-oknabertrand","27":"product_tag-oknazpolski","28":"product_tag-okno-aluminiowe","29":"product_tag-okno-dla-domu","30":"product_tag-oknobertrand","31":"product_tag-premiumwindows","32":"product_tag-produkt","33":"product_tag-profil-okienny","34":"product_tag-quality","35":"product_tag-windows","36":"desktop-align-left","37":"tablet-align-left","38":"mobile-align-left","40":"first","41":"instock","42":"shipping-taxable","43":"product-type-simple"},"yoast_head":"<!-- This site is optimized with the Yoast SEO Premium plugin v27.2 (Yoast SEO v27.2) - https:\/\/yoast.com\/product\/yoast-seo-premium-wordpress\/ -->\n<title>MB 86 - Bertrand. Najwy\u017cszej jako\u015bci okna i drzwi. Certyfikowany producent od 1969 roku.<\/title>\n<meta name=\"description\" content=\"MB-86 \u2013 aluminiowe okna i drzwi z aero\u017celem. Doskona\u0142a izolacja termiczna, wytrzyma\u0142o\u015b\u0107 na du\u017ce gabaryty, ukryte skrzyd\u0142o MB-86US. Nowoczesno\u015b\u0107 i trwa\u0142o\u015b\u0107.\" \/>\n<meta name=\"robots\" content=\"index, follow, max-snippet:-1, max-image-preview:large, max-video-preview:-1\" \/>\n<link rel=\"canonical\" href=\"https:\/\/bertrand.pl\/de\/produkt\/mb-86-2\/\" \/>\n<meta property=\"og:locale\" content=\"de_DE\" \/>\n<meta property=\"og:type\" content=\"article\" \/>\n<meta property=\"og:title\" content=\"MB 86\" \/>\n<meta property=\"og:description\" content=\"MB-86 \u2013 aluminiowe okna i drzwi z aero\u017celem. Doskona\u0142a izolacja termiczna, wytrzyma\u0142o\u015b\u0107 na du\u017ce gabaryty, ukryte skrzyd\u0142o MB-86US. Nowoczesno\u015b\u0107 i trwa\u0142o\u015b\u0107.\" \/>\n<meta property=\"og:url\" content=\"https:\/\/bertrand.pl\/de\/produkt\/mb-86-2\/\" \/>\n<meta property=\"og:site_name\" content=\"Bertrand. Najwy\u017cszej jako\u015bci okna i drzwi. Certyfikowany producent od 1969 roku.\" \/>\n<meta property=\"article:publisher\" content=\"https:\/\/www.facebook.com\/bertrandpolska\/\" \/>\n<meta property=\"article:modified_time\" content=\"2025-08-06T10:13:48+00:00\" \/>\n<meta property=\"og:image\" content=\"https:\/\/bertrand.pl\/wp-content\/uploads\/2023\/12\/20201127_bb_aluminium_mb-w86_si_czarny_strukturalny_biale_tlo_750px.webp\" \/>\n\t<meta property=\"og:image:width\" content=\"750\" \/>\n\t<meta property=\"og:image:height\" content=\"750\" \/>\n\t<meta property=\"og:image:type\" content=\"image\/webp\" \/>\n<meta name=\"twitter:card\" content=\"summary_large_image\" \/>\n<meta name=\"twitter:label1\" content=\"Gesch\u00e4tzte Lesezeit\" \/>\n\t<meta name=\"twitter:data1\" content=\"2\u00a0Minuten\" \/>\n<script type=\"application\/ld+json\" class=\"yoast-schema-graph\">{\"@context\":\"https:\/\/schema.org\",\"@graph\":[{\"@type\":\"WebPage\",\"@id\":\"https:\/\/bertrand.pl\/produkt\/mb-86-2\/\",\"url\":\"https:\/\/bertrand.pl\/produkt\/mb-86-2\/\",\"name\":\"MB 86 - Bertrand. Najwy\u017cszej jako\u015bci okna i drzwi. Certyfikowany producent od 1969 roku.\",\"isPartOf\":{\"@id\":\"https:\/\/bertrand.pl\/#website\"},\"primaryImageOfPage\":{\"@id\":\"https:\/\/bertrand.pl\/produkt\/mb-86-2\/#primaryimage\"},\"image\":{\"@id\":\"https:\/\/bertrand.pl\/produkt\/mb-86-2\/#primaryimage\"},\"thumbnailUrl\":\"https:\/\/bertrand.pl\/wp-content\/uploads\/2023\/12\/20201127_bb_aluminium_mb-w86_si_czarny_strukturalny_biale_tlo_750px.webp\",\"datePublished\":\"2023-12-12T14:00:18+00:00\",\"dateModified\":\"2025-08-06T10:13:48+00:00\",\"description\":\"MB-86 \u2013 aluminiowe okna i drzwi z aero\u017celem. Doskona\u0142a izolacja termiczna, wytrzyma\u0142o\u015b\u0107 na du\u017ce gabaryty, ukryte skrzyd\u0142o MB-86US. Nowoczesno\u015b\u0107 i trwa\u0142o\u015b\u0107.\",\"breadcrumb\":{\"@id\":\"https:\/\/bertrand.pl\/produkt\/mb-86-2\/#breadcrumb\"},\"inLanguage\":\"de\",\"potentialAction\":[{\"@type\":\"ReadAction\",\"target\":[\"https:\/\/bertrand.pl\/produkt\/mb-86-2\/\"]}]},{\"@type\":\"ImageObject\",\"inLanguage\":\"de\",\"@id\":\"https:\/\/bertrand.pl\/produkt\/mb-86-2\/#primaryimage\",\"url\":\"https:\/\/bertrand.pl\/wp-content\/uploads\/2023\/12\/20201127_bb_aluminium_mb-w86_si_czarny_strukturalny_biale_tlo_750px.webp\",\"contentUrl\":\"https:\/\/bertrand.pl\/wp-content\/uploads\/2023\/12\/20201127_bb_aluminium_mb-w86_si_czarny_strukturalny_biale_tlo_750px.webp\",\"width\":750,\"height\":750},{\"@type\":\"BreadcrumbList\",\"@id\":\"https:\/\/bertrand.pl\/produkt\/mb-86-2\/#breadcrumb\",\"itemListElement\":[{\"@type\":\"ListItem\",\"position\":1,\"name\":\"Strona g\u0142\u00f3wna\",\"item\":\"https:\/\/bertrand.pl\/\"},{\"@type\":\"ListItem\",\"position\":2,\"name\":\"Produits\",\"item\":\"https:\/\/bertrand.pl\/fr\/shop\/\"},{\"@type\":\"ListItem\",\"position\":3,\"name\":\"MB 86\"}]},{\"@type\":\"WebSite\",\"@id\":\"https:\/\/bertrand.pl\/#website\",\"url\":\"https:\/\/bertrand.pl\/\",\"name\":\"Bertrand.pl\",\"description\":\"Firma Bertrand to certyfikowany i uznany producent najwy\u017cszej jako\u015bci okien z PVC, z drewna lub aluminium. Produkcja drzwi, rolet i bram gara\u017cowych.\",\"publisher\":{\"@id\":\"https:\/\/bertrand.pl\/#organization\"},\"potentialAction\":[{\"@type\":\"SearchAction\",\"target\":{\"@type\":\"EntryPoint\",\"urlTemplate\":\"https:\/\/bertrand.pl\/?s={search_term_string}\"},\"query-input\":{\"@type\":\"PropertyValueSpecification\",\"valueRequired\":true,\"valueName\":\"search_term_string\"}}],\"inLanguage\":\"de\"},{\"@type\":\"Organization\",\"@id\":\"https:\/\/bertrand.pl\/#organization\",\"name\":\"Bertrand.pl\",\"url\":\"https:\/\/bertrand.pl\/\",\"logo\":{\"@type\":\"ImageObject\",\"inLanguage\":\"de\",\"@id\":\"https:\/\/bertrand.pl\/#\/schema\/logo\/image\/\",\"url\":\"https:\/\/bertrand.pl\/wp-content\/uploads\/2024\/12\/logo_BB_TM_PL_black.png\",\"contentUrl\":\"https:\/\/bertrand.pl\/wp-content\/uploads\/2024\/12\/logo_BB_TM_PL_black.png\",\"width\":1831,\"height\":1831,\"caption\":\"Bertrand.pl\"},\"image\":{\"@id\":\"https:\/\/bertrand.pl\/#\/schema\/logo\/image\/\"},\"sameAs\":[\"https:\/\/www.facebook.com\/bertrandpolska\/\",\"https:\/\/www.instagram.com\/bertrand_okna_i_drzwi\/\",\"https:\/\/www.linkedin.com\/company\/bertrand\/\",\"https:\/\/www.tiktok.com\/@bertrand_okna_drzwi\"]}]}<\/script>\n<!-- \/ Yoast SEO Premium plugin. -->","yoast_head_json":{"title":"MB 86 - Bertrand. Najwy\u017cszej jako\u015bci okna i drzwi. Certyfikowany producent od 1969 roku.","description":"MB-86 \u2013 Aluminiumfenster und -t\u00fcren mit Aerogel. Hervorragende W\u00e4rmed\u00e4mmung, Best\u00e4ndigkeit gegen gro\u00dfe Abmessungen, verstecktes MB-86US-Blatt. Modernit\u00e4t und Langlebigkeit.","robots":{"index":"index","follow":"follow","max-snippet":"max-snippet:-1","max-image-preview":"max-image-preview:large","max-video-preview":"max-video-preview:-1"},"canonical":"https:\/\/bertrand.pl\/de\/produkt\/mb-86-2\/","og_locale":"de_DE","og_type":"article","og_title":"MB 86","og_description":"MB-86 \u2013 aluminiowe okna i drzwi z aero\u017celem. Doskona\u0142a izolacja termiczna, wytrzyma\u0142o\u015b\u0107 na du\u017ce gabaryty, ukryte skrzyd\u0142o MB-86US. Nowoczesno\u015b\u0107 i trwa\u0142o\u015b\u0107.","og_url":"https:\/\/bertrand.pl\/de\/produkt\/mb-86-2\/","og_site_name":"Bertrand. Najwy\u017cszej jako\u015bci okna i drzwi. Certyfikowany producent od 1969 roku.","article_publisher":"https:\/\/www.facebook.com\/bertrandpolska\/","article_modified_time":"2025-08-06T10:13:48+00:00","og_image":[{"width":750,"height":750,"url":"https:\/\/bertrand.pl\/wp-content\/uploads\/2023\/12\/20201127_bb_aluminium_mb-w86_si_czarny_strukturalny_biale_tlo_750px.webp","type":"image\/webp"}],"twitter_card":"summary_large_image","twitter_misc":{"Gesch\u00e4tzte Lesezeit":"2\u00a0Minuten"},"schema":{"@context":"https:\/\/schema.org","@graph":[{"@type":"WebPage","@id":"https:\/\/bertrand.pl\/produkt\/mb-86-2\/","url":"https:\/\/bertrand.pl\/produkt\/mb-86-2\/","name":"MB 86 - Bertrand. Najwy\u017cszej jako\u015bci okna i drzwi. Certyfikowany producent od 1969 roku.","isPartOf":{"@id":"https:\/\/bertrand.pl\/#website"},"primaryImageOfPage":{"@id":"https:\/\/bertrand.pl\/produkt\/mb-86-2\/#primaryimage"},"image":{"@id":"https:\/\/bertrand.pl\/produkt\/mb-86-2\/#primaryimage"},"thumbnailUrl":"https:\/\/bertrand.pl\/wp-content\/uploads\/2023\/12\/20201127_bb_aluminium_mb-w86_si_czarny_strukturalny_biale_tlo_750px.webp","datePublished":"2023-12-12T14:00:18+00:00","dateModified":"2025-08-06T10:13:48+00:00","description":"MB-86 \u2013 Aluminiumfenster und -t\u00fcren mit Aerogel. Hervorragende W\u00e4rmed\u00e4mmung, Best\u00e4ndigkeit gegen gro\u00dfe Abmessungen, verstecktes MB-86US-Blatt. Modernit\u00e4t und Langlebigkeit.","breadcrumb":{"@id":"https:\/\/bertrand.pl\/produkt\/mb-86-2\/#breadcrumb"},"inLanguage":"de","potentialAction":[{"@type":"ReadAction","target":["https:\/\/bertrand.pl\/produkt\/mb-86-2\/"]}]},{"@type":"ImageObject","inLanguage":"de","@id":"https:\/\/bertrand.pl\/produkt\/mb-86-2\/#primaryimage","url":"https:\/\/bertrand.pl\/wp-content\/uploads\/2023\/12\/20201127_bb_aluminium_mb-w86_si_czarny_strukturalny_biale_tlo_750px.webp","contentUrl":"https:\/\/bertrand.pl\/wp-content\/uploads\/2023\/12\/20201127_bb_aluminium_mb-w86_si_czarny_strukturalny_biale_tlo_750px.webp","width":750,"height":750},{"@type":"BreadcrumbList","@id":"https:\/\/bertrand.pl\/produkt\/mb-86-2\/#breadcrumb","itemListElement":[{"@type":"ListItem","position":1,"name":"Strona g\u0142\u00f3wna","item":"https:\/\/bertrand.pl\/"},{"@type":"ListItem","position":2,"name":"Produits","item":"https:\/\/bertrand.pl\/fr\/shop\/"},{"@type":"ListItem","position":3,"name":"MB 86"}]},{"@type":"WebSite","@id":"https:\/\/bertrand.pl\/#website","url":"https:\/\/bertrand.pl\/","name":"Bertrand.pl","description":"Firma Bertrand to certyfikowany i uznany producent najwy\u017cszej jako\u015bci okien z PVC, z drewna lub aluminium. Produkcja drzwi, rolet i bram gara\u017cowych.","publisher":{"@id":"https:\/\/bertrand.pl\/#organization"},"potentialAction":[{"@type":"SearchAction","target":{"@type":"EntryPoint","urlTemplate":"https:\/\/bertrand.pl\/?s={search_term_string}"},"query-input":{"@type":"PropertyValueSpecification","valueRequired":true,"valueName":"search_term_string"}}],"inLanguage":"de"},{"@type":"Organization","@id":"https:\/\/bertrand.pl\/#organization","name":"Bertrand.pl","url":"https:\/\/bertrand.pl\/","logo":{"@type":"ImageObject","inLanguage":"de","@id":"https:\/\/bertrand.pl\/#\/schema\/logo\/image\/","url":"https:\/\/bertrand.pl\/wp-content\/uploads\/2024\/12\/logo_BB_TM_PL_black.png","contentUrl":"https:\/\/bertrand.pl\/wp-content\/uploads\/2024\/12\/logo_BB_TM_PL_black.png","width":1831,"height":1831,"caption":"Bertrand.pl"},"image":{"@id":"https:\/\/bertrand.pl\/#\/schema\/logo\/image\/"},"sameAs":["https:\/\/www.facebook.com\/bertrandpolska\/","https:\/\/www.instagram.com\/bertrand_okna_i_drzwi\/","https:\/\/www.linkedin.com\/company\/bertrand\/","https:\/\/www.tiktok.com\/@bertrand_okna_drzwi"]}]}},"_links":{"self":[{"href":"https:\/\/bertrand.pl\/de\/wp-json\/wp\/v2\/product\/912","targetHints":{"allow":["GET"]}}],"collection":[{"href":"https:\/\/bertrand.pl\/de\/wp-json\/wp\/v2\/product"}],"about":[{"href":"https:\/\/bertrand.pl\/de\/wp-json\/wp\/v2\/types\/product"}],"wp:featuredmedia":[{"embeddable":true,"href":"https:\/\/bertrand.pl\/de\/wp-json\/wp\/v2\/media\/920"}],"wp:attachment":[{"href":"https:\/\/bertrand.pl\/de\/wp-json\/wp\/v2\/media?parent=912"}],"wp:term":[{"taxonomy":"product_brand","embeddable":true,"href":"https:\/\/bertrand.pl\/de\/wp-json\/wp\/v2\/product_brand?post=912"},{"taxonomy":"product_cat","embeddable":true,"href":"https:\/\/bertrand.pl\/de\/wp-json\/wp\/v2\/product_cat?post=912"},{"taxonomy":"product_tag","embeddable":true,"href":"https:\/\/bertrand.pl\/de\/wp-json\/wp\/v2\/product_tag?post=912"}],"curies":[{"name":"wp","href":"https:\/\/api.w.org\/{rel}","templated":true}]}}