{"id":921,"date":"2025-08-06T11:22:40","date_gmt":"2025-08-06T09:22:40","guid":{"rendered":"https:\/\/bertrand.pl\/?post_type=product&#038;p=921"},"modified":"2026-02-03T15:48:10","modified_gmt":"2026-02-03T14:48:10","slug":"mb79n","status":"publish","type":"product","link":"https:\/\/bertrand.pl\/de\/produkt\/mb79n\/","title":{"rendered":"MB 79N"},"content":{"rendered":"<h4><strong>Fenster MB79N \u2013 eine perfekte Kombination aus Stil, Komfort und Energieeffizienz<\/strong><\/h4>\n<p>&nbsp;<\/p>\n<p>Bringen Sie es zu sich nach Hause <strong>Fenster MB79N<\/strong>, das modernes Design mit hervorragender W\u00e4rmed\u00e4mmung verbindet. Dank der Verwendung fortschrittlicher Technologien und hochwertiger Materialien bietet das MB79N SI-System sowohl \u00c4sthetik als auch Funktionalit\u00e4t, die den Anforderungen jedes Projekts gerecht werden. Dar\u00fcber hinaus ist die M\u00f6glichkeit, verschiedene Fenster- und T\u00fcrkonstruktionen zu erstellen, eine \u00e4u\u00dferst universelle L\u00f6sung.<\/p>\n<p>&nbsp;<\/p>\n<h4><strong>Eleganz und modernes Design<\/strong><\/h4>\n<p>&nbsp;<\/p>\n<h4><strong>1. Minimalistische Form f\u00fcr jedes Interieur<\/strong><\/h4>\n<ul>\n<li>Das Fenster MB79N wurde auf der Grundlage zeitgen\u00f6ssischer Trends entworfen und passt daher perfekt in verschiedene Einrichtungsstile.<\/li>\n<li>Dar\u00fcber hinaus verleihen dezente Linien und sorgf\u00e4ltige Verarbeitung den R\u00e4umen einen eleganten und raffinierten Charakter.<\/li>\n<\/ul>\n<h4><strong>2. Haltbarkeit und Widerstandsf\u00e4higkeit \u00fcber Jahre hinweg<\/strong><\/h4>\n<ul>\n<li>Die Verwendung hochwertigster Materialien gew\u00e4hrleistet die Langlebigkeit und Witterungsbest\u00e4ndigkeit des Fensters.<\/li>\n<li>Dar\u00fcber hinaus minimiert die solide Konstruktion den Bedarf an h\u00e4ufiger Wartung, was ebenfalls den Bedienkomfort erh\u00f6ht.<\/li>\n<\/ul>\n<h4><\/h4>\n<h4><strong>Energieeffizienz auf h\u00f6chstem Niveau<\/strong><\/h4>\n<p>&nbsp;<\/p>\n<h4><strong>1. Hervorragende W\u00e4rmed\u00e4mmeigenschaften<\/strong><\/h4>\n<ul>\n<li>Dank der Verwendung fortschrittlicher Isolationstechnologien reduziert MB79N effektiv den W\u00e4rmeverlust.<\/li>\n<li>Dar\u00fcber hinaus reduzieren die dichte Montage und die pr\u00e4zise Einstellung des Fensters das Risiko von Zugluft, was den thermischen Komfort das ganze Jahr \u00fcber gew\u00e4hrleistet.<\/li>\n<\/ul>\n<h4><strong>2. Energieeinsparung und Umweltschutz<\/strong><\/h4>\n<ul>\n<li>Die Reduzierung von W\u00e4rmeverlusten f\u00fchrt zu niedrigeren Heizkosten, was echte Einsparungen bedeutet.<\/li>\n<li>Dar\u00fcber hinaus unterst\u00fctzen die energiesparenden Eigenschaften des Fensters einen \u00f6kologischen Ansatz im Energiemanagement, was es umweltfreundlich macht.<\/li>\n<\/ul>\n<h3><\/h3>\n<h4><strong>Warum lohnt es sich, das Fenster MB79N zu w\u00e4hlen?<\/strong><\/h4>\n<p>&nbsp;<\/p>\n<ol>\n<li><strong>Stil und Modernit\u00e4t<\/strong> \u2013 minimalistisches Design verleiht dem Innenraum einen einzigartigen Charakter.<\/li>\n<li><strong>Energie sparen<\/strong> \u2013 Hervorragende W\u00e4rmed\u00e4mmeigenschaften reduzieren die Kosten f\u00fcr die Beheizung und K\u00fchlung von Geb\u00e4uden.<\/li>\n<li><strong>W\u00e4rmekomfort<\/strong> \u2013 Die pr\u00e4zise Verarbeitung verhindert Zugluft und sorgt so f\u00fcr ein angenehmes Mikroklima in den R\u00e4umen.<\/li>\n<li><strong>Haltbarkeit und Zuverl\u00e4ssigkeit<\/strong> \u2013 Solide Materialien garantieren Langlebigkeit und Widerstandsf\u00e4higkeit gegen\u00fcber schwierigen Witterungsbedingungen.<\/li>\n<li><strong>Vielseitigkeit der Anwendungen<\/strong> \u2013 erm\u00f6glicht Ihnen die Erstellung vielf\u00e4ltiger Fenster- und T\u00fcrkonstruktionen, wodurch Sie diese an jedes Design anpassen k\u00f6nnen.<\/li>\n<\/ol>\n<h3><\/h3>\n<p>&nbsp;<\/p>\n<p><strong>MB79N-Fenster<\/strong> ist eine harmonische Kombination aus modernem Stil, Langlebigkeit und hervorragender Energieeffizienz. Dank der Verwendung innovativer L\u00f6sungen, minimalistischer Form und fortschrittlicher W\u00e4rmed\u00e4mmung erf\u00fcllt dieses System die Erwartungen sowohl in Bezug auf \u00c4sthetik als auch Funktionalit\u00e4t. Entscheiden Sie sich f\u00fcr MB79N und genie\u00dfen Sie Komfort, Ersparnisse und einzigartiges Design in Ihrem Zuhause.<\/p>\n<p>&nbsp;<\/p>\n<p><img fetchpriority=\"high\" decoding=\"async\" class=\"alignnone size-medium wp-image-7942\" src=\"https:\/\/bertrand.pl\/wp-content\/uploads\/2025\/08\/mb79_rys-420x391.png\" alt=\"\" width=\"420\" height=\"391\" srcset=\"https:\/\/bertrand.pl\/wp-content\/uploads\/2025\/08\/mb79_rys-420x391.png 420w, https:\/\/bertrand.pl\/wp-content\/uploads\/2025\/08\/mb79_rys-13x12.png 13w, https:\/\/bertrand.pl\/wp-content\/uploads\/2025\/08\/mb79_rys.png 493w\" sizes=\"(max-width: 420px) 100vw, 420px\" \/><\/p>\n<p>&nbsp;<\/p>\n<p><strong>Entscheiden Sie sich f\u00fcr MB79N \u2013 ein Fenster, das Stil und W\u00e4rme in perfekter Harmonie vereint!<\/strong><\/p>\n<p>&nbsp;<\/p>\n<figure id=\"attachment_3262\" aria-describedby=\"caption-attachment-3262\" style=\"width: 2560px\" class=\"wp-caption aligncenter\"><img decoding=\"async\" class=\"wp-image-3262 size-full\" title=\"MB 79N\" src=\"https:\/\/bertrand.pl\/wp-content\/uploads\/2023\/12\/montecasino-3-1-scaled.jpg\" alt=\"MB 79N ist die perfekte Kombination aus Stil, Energieeffizienz und Langlebigkeit. \" width=\"2560\" height=\"1707\" srcset=\"https:\/\/bertrand.pl\/wp-content\/uploads\/2023\/12\/montecasino-3-1-scaled.jpg 2560w, https:\/\/bertrand.pl\/wp-content\/uploads\/2023\/12\/montecasino-3-1-420x280.jpg 420w, https:\/\/bertrand.pl\/wp-content\/uploads\/2023\/12\/montecasino-3-1-1360x907.jpg 1360w, https:\/\/bertrand.pl\/wp-content\/uploads\/2023\/12\/montecasino-3-1-768x512.jpg 768w, https:\/\/bertrand.pl\/wp-content\/uploads\/2023\/12\/montecasino-3-1-1536x1024.jpg 1536w, https:\/\/bertrand.pl\/wp-content\/uploads\/2023\/12\/montecasino-3-1-2048x1365.jpg 2048w, https:\/\/bertrand.pl\/wp-content\/uploads\/2023\/12\/montecasino-3-1-18x12.jpg 18w, https:\/\/bertrand.pl\/wp-content\/uploads\/2023\/12\/montecasino-3-1-600x400.jpg 600w\" sizes=\"(max-width: 2560px) 100vw, 2560px\" \/><figcaption id=\"caption-attachment-3262\" class=\"wp-caption-text\">Umsetzung durch Bertrand mit MB 79N-Fenstern.<\/figcaption><\/figure>\n<p>&nbsp;<\/p>\n<p>Bitte wenden Sie sich an unsere Vertriebsabteilung, um weitere Informationen zu diesem Produkt zu erhalten und die verf\u00fcgbaren Personalisierungsoptionen zu besprechen, die auf Ihre individuellen Bed\u00fcrfnisse und Vorlieben zugeschnitten sind.<\/p>\n<p>&nbsp;<\/p>\n<h4><strong>SEHEN SIE AUCH:\u00a0<\/strong><\/h4>\n<p>&nbsp;<\/p>\n<h4><a href=\"https:\/\/www.youtube.com\/watch?v=vzA4OHyNgz8&amp;t=3s\">Fenster MB79N mit Infratherm-Technologie von Bertrand<\/a><\/h4>\n<h4><strong><a href=\"https:\/\/bertrand.pl\/de\/farbe\/\">Farben von Fenstern und T\u00fcren<\/a><\/strong><\/h4>\n<p>&nbsp;<\/p>","protected":false},"excerpt":{"rendered":"<p><strong>FENSTER- UND T\u00dcRSYSTEM MIT W\u00c4RMED\u00c4MMUNG<\/strong><\/p>\n<p>MB 79N SI ist ein modernes Fenster- und T\u00fcrsystem. Es wurde eingef\u00fchrt, um den gestiegenen Anforderungen an die W\u00e4rmed\u00e4mmung gerecht zu werden. Es wird zur Herstellung von Konstruktionen verwendet, darunter: Festfenster, Fl\u00fcgelfenster, Kippfenster, Dreh-Kipp-Fenster, Schiebe-Kipp-Fenster sowie ein- und zweifl\u00fcgelige Au\u00dfent\u00fcren und Vitrinenl\u00f6sungen mit T\u00fcren. MB-79N SI ist die Variante mit der besten W\u00e4rmed\u00e4mmung, mit Profilen, die mit Isoliereinlagen und einer Zweikomponenten-Mitteldichtung ausgestattet sind.<\/p>\n<p>&nbsp;<\/p>","protected":false},"featured_media":922,"template":"","meta":{"site-sidebar-layout":"default","site-content-layout":"","ast-site-content-layout":"default","site-content-style":"default","site-sidebar-style":"default","ast-global-header-display":"","ast-banner-title-visibility":"","ast-main-header-display":"","ast-hfb-above-header-display":"","ast-hfb-below-header-display":"","ast-hfb-mobile-header-display":"","site-post-title":"","ast-breadcrumbs-content":"","ast-featured-img":"","footer-sml-layout":"","ast-disable-related-posts":"","theme-transparent-header-meta":"default","adv-header-id-meta":"","stick-header-meta":"","header-above-stick-meta":"","header-main-stick-meta":"","header-below-stick-meta":"","astra-migrate-meta-layouts":"set","ast-page-background-enabled":"default","ast-page-background-meta":{"desktop":{"background-color":"var(--ast-global-color-4)","background-image":"","background-repeat":"repeat","background-position":"center center","background-size":"auto","background-attachment":"scroll","background-type":"","background-media":"","overlay-type":"","overlay-color":"","overlay-opacity":"","overlay-gradient":""},"tablet":{"background-color":"","background-image":"","background-repeat":"repeat","background-position":"center center","background-size":"auto","background-attachment":"scroll","background-type":"","background-media":"","overlay-type":"","overlay-color":"","overlay-opacity":"","overlay-gradient":""},"mobile":{"background-color":"","background-image":"","background-repeat":"repeat","background-position":"center center","background-size":"auto","background-attachment":"scroll","background-type":"","background-media":"","overlay-type":"","overlay-color":"","overlay-opacity":"","overlay-gradient":""}},"ast-content-background-meta":{"desktop":{"background-color":"var(--ast-global-color-5)","background-image":"","background-repeat":"repeat","background-position":"center center","background-size":"auto","background-attachment":"scroll","background-type":"","background-media":"","overlay-type":"","overlay-color":"","overlay-opacity":"","overlay-gradient":""},"tablet":{"background-color":"var(--ast-global-color-5)","background-image":"","background-repeat":"repeat","background-position":"center center","background-size":"auto","background-attachment":"scroll","background-type":"","background-media":"","overlay-type":"","overlay-color":"","overlay-opacity":"","overlay-gradient":""},"mobile":{"background-color":"var(--ast-global-color-5)","background-image":"","background-repeat":"repeat","background-position":"center center","background-size":"auto","background-attachment":"scroll","background-type":"","background-media":"","overlay-type":"","overlay-color":"","overlay-opacity":"","overlay-gradient":""}}},"product_brand":[],"product_cat":[28],"product_tag":[193,349,168,311,352,195,344,1245,1219,405,722,1241,646,649,1243,174,194,1248,350,315,324,1240,351,169,314,1242,1247,1246,1244,348],"class_list":{"0":"post-921","1":"product","2":"type-product","3":"status-publish","4":"has-post-thumbnail","6":"product_cat-okna-aluminiowe","7":"product_tag-aluminium","8":"product_tag-aluprof","9":"product_tag-bertrand","10":"product_tag-dobre-wlasciwosci-termiczne","11":"product_tag-dobreokna","12":"product_tag-drzwi-aluminiowe","13":"product_tag-duze-okna","14":"product_tag-ekologiczne-zarzadzanie-energia","15":"product_tag-energooszczedne-okna","16":"product_tag-izolacja-termiczna","17":"product_tag-komfort-cieplny","18":"product_tag-mb79n-si","19":"product_tag-minimalistyczny-design","20":"product_tag-nowoczesna-architektura","21":"product_tag-nowoczesny-design-okien","22":"product_tag-okna","23":"product_tag-okna-aluminiowe","24":"product_tag-okna-o-wysokiej-efektywnosci-energetycznej","25":"product_tag-oknabertrand","26":"product_tag-okno-aluminiowe","27":"product_tag-okno-dla-domu","28":"product_tag-okno-mb79n","29":"product_tag-oknobertrand","30":"product_tag-produkt","31":"product_tag-profil-okienny","32":"product_tag-redukcja-kosztow-energii","33":"product_tag-stylowe-okna","34":"product_tag-szczelny-montaz-okien","35":"product_tag-trwale-okna","36":"product_tag-windows","37":"desktop-align-left","38":"tablet-align-left","39":"mobile-align-left","41":"first","42":"instock","43":"shipping-taxable","44":"product-type-simple"},"yoast_head":"<!-- This site is optimized with the Yoast SEO Premium plugin v27.2 (Yoast SEO v27.2) - https:\/\/yoast.com\/product\/yoast-seo-premium-wordpress\/ -->\n<title>MB 79N - Bertrand. Najwy\u017cszej jako\u015bci okna i drzwi. Certyfikowany producent od 1969 roku.<\/title>\n<meta name=\"description\" content=\"Okno MB79N \u0142\u0105czy nowoczesny design z doskona\u0142\u0105 izolacj\u0105 termiczn\u0105. To po\u0142\u0105czenie nowoczesnego stylu, trwa\u0142o\u015bci i doskona\u0142ej efektywno\u015bci energetycznej.\" \/>\n<meta name=\"robots\" content=\"index, follow, max-snippet:-1, max-image-preview:large, max-video-preview:-1\" \/>\n<link rel=\"canonical\" href=\"https:\/\/bertrand.pl\/de\/produkt\/mb79n\/\" \/>\n<meta property=\"og:locale\" content=\"de_DE\" \/>\n<meta property=\"og:type\" content=\"article\" \/>\n<meta property=\"og:title\" content=\"MB 79N\" \/>\n<meta property=\"og:description\" content=\"Okno MB79N \u0142\u0105czy nowoczesny design z doskona\u0142\u0105 izolacj\u0105 termiczn\u0105. To po\u0142\u0105czenie nowoczesnego stylu, trwa\u0142o\u015bci i doskona\u0142ej efektywno\u015bci energetycznej.\" \/>\n<meta property=\"og:url\" content=\"https:\/\/bertrand.pl\/de\/produkt\/mb79n\/\" \/>\n<meta property=\"og:site_name\" content=\"Bertrand. Najwy\u017cszej jako\u015bci okna i drzwi. Certyfikowany producent od 1969 roku.\" \/>\n<meta property=\"article:publisher\" content=\"https:\/\/www.facebook.com\/bertrandpolska\/\" \/>\n<meta property=\"article:modified_time\" content=\"2026-02-03T14:48:10+00:00\" \/>\n<meta property=\"og:image\" content=\"https:\/\/bertrand.pl\/wp-content\/uploads\/2023\/12\/20210416_bb_aluminium_mb-79n_si_czarny_strukturalny_750px.webp\" \/>\n\t<meta property=\"og:image:width\" content=\"750\" \/>\n\t<meta property=\"og:image:height\" content=\"750\" \/>\n\t<meta property=\"og:image:type\" content=\"image\/webp\" \/>\n<meta name=\"twitter:card\" content=\"summary_large_image\" \/>\n<meta name=\"twitter:label1\" content=\"Gesch\u00e4tzte Lesezeit\" \/>\n\t<meta name=\"twitter:data1\" content=\"3\u00a0Minuten\" \/>\n<script type=\"application\/ld+json\" class=\"yoast-schema-graph\">{\"@context\":\"https:\/\/schema.org\",\"@graph\":[{\"@type\":\"WebPage\",\"@id\":\"https:\/\/bertrand.pl\/produkt\/mb79n\/\",\"url\":\"https:\/\/bertrand.pl\/produkt\/mb79n\/\",\"name\":\"MB 79N - Bertrand. Najwy\u017cszej jako\u015bci okna i drzwi. Certyfikowany producent od 1969 roku.\",\"isPartOf\":{\"@id\":\"https:\/\/bertrand.pl\/#website\"},\"primaryImageOfPage\":{\"@id\":\"https:\/\/bertrand.pl\/produkt\/mb79n\/#primaryimage\"},\"image\":{\"@id\":\"https:\/\/bertrand.pl\/produkt\/mb79n\/#primaryimage\"},\"thumbnailUrl\":\"https:\/\/bertrand.pl\/wp-content\/uploads\/2023\/12\/20210416_bb_aluminium_mb-79n_si_czarny_strukturalny_750px.webp\",\"datePublished\":\"2025-08-06T09:22:40+00:00\",\"dateModified\":\"2026-02-03T14:48:10+00:00\",\"description\":\"Okno MB79N \u0142\u0105czy nowoczesny design z doskona\u0142\u0105 izolacj\u0105 termiczn\u0105. To po\u0142\u0105czenie nowoczesnego stylu, trwa\u0142o\u015bci i doskona\u0142ej efektywno\u015bci energetycznej.\",\"breadcrumb\":{\"@id\":\"https:\/\/bertrand.pl\/produkt\/mb79n\/#breadcrumb\"},\"inLanguage\":\"de\",\"potentialAction\":[{\"@type\":\"ReadAction\",\"target\":[\"https:\/\/bertrand.pl\/produkt\/mb79n\/\"]}]},{\"@type\":\"ImageObject\",\"inLanguage\":\"de\",\"@id\":\"https:\/\/bertrand.pl\/produkt\/mb79n\/#primaryimage\",\"url\":\"https:\/\/bertrand.pl\/wp-content\/uploads\/2023\/12\/20210416_bb_aluminium_mb-79n_si_czarny_strukturalny_750px.webp\",\"contentUrl\":\"https:\/\/bertrand.pl\/wp-content\/uploads\/2023\/12\/20210416_bb_aluminium_mb-79n_si_czarny_strukturalny_750px.webp\",\"width\":750,\"height\":750},{\"@type\":\"BreadcrumbList\",\"@id\":\"https:\/\/bertrand.pl\/produkt\/mb79n\/#breadcrumb\",\"itemListElement\":[{\"@type\":\"ListItem\",\"position\":1,\"name\":\"Strona g\u0142\u00f3wna\",\"item\":\"https:\/\/bertrand.pl\/\"},{\"@type\":\"ListItem\",\"position\":2,\"name\":\"Produits\",\"item\":\"https:\/\/bertrand.pl\/fr\/shop\/\"},{\"@type\":\"ListItem\",\"position\":3,\"name\":\"MB 79N\"}]},{\"@type\":\"WebSite\",\"@id\":\"https:\/\/bertrand.pl\/#website\",\"url\":\"https:\/\/bertrand.pl\/\",\"name\":\"Bertrand.pl\",\"description\":\"Firma Bertrand to certyfikowany i uznany producent najwy\u017cszej jako\u015bci okien z PVC, z drewna lub aluminium. Produkcja drzwi, rolet i bram gara\u017cowych.\",\"publisher\":{\"@id\":\"https:\/\/bertrand.pl\/#organization\"},\"potentialAction\":[{\"@type\":\"SearchAction\",\"target\":{\"@type\":\"EntryPoint\",\"urlTemplate\":\"https:\/\/bertrand.pl\/?s={search_term_string}\"},\"query-input\":{\"@type\":\"PropertyValueSpecification\",\"valueRequired\":true,\"valueName\":\"search_term_string\"}}],\"inLanguage\":\"de\"},{\"@type\":\"Organization\",\"@id\":\"https:\/\/bertrand.pl\/#organization\",\"name\":\"Bertrand.pl\",\"url\":\"https:\/\/bertrand.pl\/\",\"logo\":{\"@type\":\"ImageObject\",\"inLanguage\":\"de\",\"@id\":\"https:\/\/bertrand.pl\/#\/schema\/logo\/image\/\",\"url\":\"https:\/\/bertrand.pl\/wp-content\/uploads\/2024\/12\/logo_BB_TM_PL_black.png\",\"contentUrl\":\"https:\/\/bertrand.pl\/wp-content\/uploads\/2024\/12\/logo_BB_TM_PL_black.png\",\"width\":1831,\"height\":1831,\"caption\":\"Bertrand.pl\"},\"image\":{\"@id\":\"https:\/\/bertrand.pl\/#\/schema\/logo\/image\/\"},\"sameAs\":[\"https:\/\/www.facebook.com\/bertrandpolska\/\",\"https:\/\/www.instagram.com\/bertrand_okna_i_drzwi\/\",\"https:\/\/www.linkedin.com\/company\/bertrand\/\",\"https:\/\/www.tiktok.com\/@bertrand_okna_drzwi\"]}]}<\/script>\n<!-- \/ Yoast SEO Premium plugin. -->","yoast_head_json":{"title":"MB 79N - Bertrand. Najwy\u017cszej jako\u015bci okna i drzwi. Certyfikowany producent od 1969 roku.","description":"Das Fenster MB79N vereint modernes Design mit hervorragender W\u00e4rmed\u00e4mmung. Es ist eine Kombination aus modernem Stil, Langlebigkeit und hervorragender Energieeffizienz.","robots":{"index":"index","follow":"follow","max-snippet":"max-snippet:-1","max-image-preview":"max-image-preview:large","max-video-preview":"max-video-preview:-1"},"canonical":"https:\/\/bertrand.pl\/de\/produkt\/mb79n\/","og_locale":"de_DE","og_type":"article","og_title":"MB 79N","og_description":"Okno MB79N \u0142\u0105czy nowoczesny design z doskona\u0142\u0105 izolacj\u0105 termiczn\u0105. To po\u0142\u0105czenie nowoczesnego stylu, trwa\u0142o\u015bci i doskona\u0142ej efektywno\u015bci energetycznej.","og_url":"https:\/\/bertrand.pl\/de\/produkt\/mb79n\/","og_site_name":"Bertrand. Najwy\u017cszej jako\u015bci okna i drzwi. Certyfikowany producent od 1969 roku.","article_publisher":"https:\/\/www.facebook.com\/bertrandpolska\/","article_modified_time":"2026-02-03T14:48:10+00:00","og_image":[{"width":750,"height":750,"url":"https:\/\/bertrand.pl\/wp-content\/uploads\/2023\/12\/20210416_bb_aluminium_mb-79n_si_czarny_strukturalny_750px.webp","type":"image\/webp"}],"twitter_card":"summary_large_image","twitter_misc":{"Gesch\u00e4tzte Lesezeit":"3\u00a0Minuten"},"schema":{"@context":"https:\/\/schema.org","@graph":[{"@type":"WebPage","@id":"https:\/\/bertrand.pl\/produkt\/mb79n\/","url":"https:\/\/bertrand.pl\/produkt\/mb79n\/","name":"MB 79N - Bertrand. Najwy\u017cszej jako\u015bci okna i drzwi. Certyfikowany producent od 1969 roku.","isPartOf":{"@id":"https:\/\/bertrand.pl\/#website"},"primaryImageOfPage":{"@id":"https:\/\/bertrand.pl\/produkt\/mb79n\/#primaryimage"},"image":{"@id":"https:\/\/bertrand.pl\/produkt\/mb79n\/#primaryimage"},"thumbnailUrl":"https:\/\/bertrand.pl\/wp-content\/uploads\/2023\/12\/20210416_bb_aluminium_mb-79n_si_czarny_strukturalny_750px.webp","datePublished":"2025-08-06T09:22:40+00:00","dateModified":"2026-02-03T14:48:10+00:00","description":"Das Fenster MB79N vereint modernes Design mit hervorragender W\u00e4rmed\u00e4mmung. Es ist eine Kombination aus modernem Stil, Langlebigkeit und hervorragender Energieeffizienz.","breadcrumb":{"@id":"https:\/\/bertrand.pl\/produkt\/mb79n\/#breadcrumb"},"inLanguage":"de","potentialAction":[{"@type":"ReadAction","target":["https:\/\/bertrand.pl\/produkt\/mb79n\/"]}]},{"@type":"ImageObject","inLanguage":"de","@id":"https:\/\/bertrand.pl\/produkt\/mb79n\/#primaryimage","url":"https:\/\/bertrand.pl\/wp-content\/uploads\/2023\/12\/20210416_bb_aluminium_mb-79n_si_czarny_strukturalny_750px.webp","contentUrl":"https:\/\/bertrand.pl\/wp-content\/uploads\/2023\/12\/20210416_bb_aluminium_mb-79n_si_czarny_strukturalny_750px.webp","width":750,"height":750},{"@type":"BreadcrumbList","@id":"https:\/\/bertrand.pl\/produkt\/mb79n\/#breadcrumb","itemListElement":[{"@type":"ListItem","position":1,"name":"Strona g\u0142\u00f3wna","item":"https:\/\/bertrand.pl\/"},{"@type":"ListItem","position":2,"name":"Produits","item":"https:\/\/bertrand.pl\/fr\/shop\/"},{"@type":"ListItem","position":3,"name":"MB 79N"}]},{"@type":"WebSite","@id":"https:\/\/bertrand.pl\/#website","url":"https:\/\/bertrand.pl\/","name":"Bertrand.pl","description":"Firma Bertrand to certyfikowany i uznany producent najwy\u017cszej jako\u015bci okien z PVC, z drewna lub aluminium. Produkcja drzwi, rolet i bram gara\u017cowych.","publisher":{"@id":"https:\/\/bertrand.pl\/#organization"},"potentialAction":[{"@type":"SearchAction","target":{"@type":"EntryPoint","urlTemplate":"https:\/\/bertrand.pl\/?s={search_term_string}"},"query-input":{"@type":"PropertyValueSpecification","valueRequired":true,"valueName":"search_term_string"}}],"inLanguage":"de"},{"@type":"Organization","@id":"https:\/\/bertrand.pl\/#organization","name":"Bertrand.pl","url":"https:\/\/bertrand.pl\/","logo":{"@type":"ImageObject","inLanguage":"de","@id":"https:\/\/bertrand.pl\/#\/schema\/logo\/image\/","url":"https:\/\/bertrand.pl\/wp-content\/uploads\/2024\/12\/logo_BB_TM_PL_black.png","contentUrl":"https:\/\/bertrand.pl\/wp-content\/uploads\/2024\/12\/logo_BB_TM_PL_black.png","width":1831,"height":1831,"caption":"Bertrand.pl"},"image":{"@id":"https:\/\/bertrand.pl\/#\/schema\/logo\/image\/"},"sameAs":["https:\/\/www.facebook.com\/bertrandpolska\/","https:\/\/www.instagram.com\/bertrand_okna_i_drzwi\/","https:\/\/www.linkedin.com\/company\/bertrand\/","https:\/\/www.tiktok.com\/@bertrand_okna_drzwi"]}]}},"_links":{"self":[{"href":"https:\/\/bertrand.pl\/de\/wp-json\/wp\/v2\/product\/921","targetHints":{"allow":["GET"]}}],"collection":[{"href":"https:\/\/bertrand.pl\/de\/wp-json\/wp\/v2\/product"}],"about":[{"href":"https:\/\/bertrand.pl\/de\/wp-json\/wp\/v2\/types\/product"}],"wp:featuredmedia":[{"embeddable":true,"href":"https:\/\/bertrand.pl\/de\/wp-json\/wp\/v2\/media\/922"}],"wp:attachment":[{"href":"https:\/\/bertrand.pl\/de\/wp-json\/wp\/v2\/media?parent=921"}],"wp:term":[{"taxonomy":"product_brand","embeddable":true,"href":"https:\/\/bertrand.pl\/de\/wp-json\/wp\/v2\/product_brand?post=921"},{"taxonomy":"product_cat","embeddable":true,"href":"https:\/\/bertrand.pl\/de\/wp-json\/wp\/v2\/product_cat?post=921"},{"taxonomy":"product_tag","embeddable":true,"href":"https:\/\/bertrand.pl\/de\/wp-json\/wp\/v2\/product_tag?post=921"}],"curies":[{"name":"wp","href":"https:\/\/api.w.org\/{rel}","templated":true}]}}