{"id":954,"date":"2023-12-13T08:49:04","date_gmt":"2023-12-13T07:49:04","guid":{"rendered":"https:\/\/bertrand.pl\/?post_type=product&#038;p=954"},"modified":"2025-08-06T11:54:45","modified_gmt":"2025-08-06T09:54:45","slug":"mb-45","status":"publish","type":"product","link":"https:\/\/bertrand.pl\/de\/produkt\/mb-45\/","title":{"rendered":"MB 45"},"content":{"rendered":"<p>System <strong>MB-45<\/strong> ist eine umfassende Basis f\u00fcr die Umsetzung von Sonderl\u00f6sungen wie rauchdichten Trennw\u00e4nden und T\u00fcren MB-45D sowie der sogenannten \u201eKerbe\u201c MB-45S. Seine Flexibilit\u00e4t und Funktionalit\u00e4t machen es zur idealen Wahl f\u00fcr Innen- und Au\u00dfenanwendungen. Dank seiner schlanken und langlebigen Profile eignet sich das MB-45-System perfekt f\u00fcr verschiedene Arten von Strukturen.<\/p>\n<p>&nbsp;<\/p>\n<h4>Universell einsetzbar<\/h4>\n<p>&nbsp;<\/p>\n<p>Das MB-45-System erm\u00f6glicht den Bau von T\u00fcren und Au\u00dfenverglasungen, die keine W\u00e4rmed\u00e4mmung der Profile erfordern. Daher empfiehlt es sich besonders f\u00fcr \u00f6ffentliche Geb\u00e4ude, Produktionshallen und B\u00fcror\u00e4ume. Das schlanke Design der Profile verleiht den Konstruktionen ein modernes und \u00e4sthetisches Aussehen.<\/p>\n<p>&nbsp;<\/p>\n<h4>Wichtigste technische Parameter<\/h4>\n<p>&nbsp;<\/p>\n<ul>\n<li><strong>Bautiefe der Profile:<\/strong>\n<ul>\n<li>Fenster: 45 mm (Rahmen), 54 mm (Fl\u00fcgel).<\/li>\n<li>T\u00fcr: 45 mm (Rahmen und Fl\u00fcgel).<\/li>\n<\/ul>\n<\/li>\n<li><strong>Visueller Effekt:<\/strong> Nach dem Schlie\u00dfen des Fensters erhalten wir au\u00dfen eine Oberfl\u00e4che und bei T\u00fcren b\u00fcndige Oberfl\u00e4chen der Fl\u00fcgel und des Rahmens.<\/li>\n<li><strong>Glasst\u00e4rke:<\/strong>\n<ul>\n<li>Fensterfl\u00fcgel: von 2 mm bis 35 mm.<\/li>\n<li>Feste Fenster- und T\u00fcrbl\u00e4tter: von 2 mm bis 26 mm.<\/li>\n<\/ul>\n<\/li>\n<\/ul>\n<p>&nbsp;<\/p>\n<h4>Hauptvorteile des MB-45-Systems<\/h4>\n<p>&nbsp;<\/p>\n<ol>\n<li><strong>Rauchdichtheit:<\/strong> M\u00f6glichkeit der Implementierung von Rauchschutzt\u00fcren MB-45D zur Erh\u00f6hung der Sicherheit.<\/li>\n<li><strong>Vielseitigkeit:<\/strong> Unterst\u00fctzung verschiedener L\u00f6sungen, einschlie\u00dflich Falzt\u00fcren MB-45S.<\/li>\n<li><strong>Modernes Design:<\/strong> Mit schlanken Profilen k\u00f6nnen Sie \u00e4sthetische und langlebige Strukturen schaffen.<\/li>\n<li><strong>Flexibilit\u00e4t der Verglasung:<\/strong> Eine gro\u00dfe Auswahl an Glasst\u00e4rken erm\u00f6glicht die Anpassung des Produkts an spezifische Anforderungen.<\/li>\n<li><strong>Einfache Montage:<\/strong> Die Konstruktionen sind f\u00fcr Innen- und Au\u00dfenfassaden geeignet, ohne dass eine W\u00e4rmed\u00e4mmung erforderlich ist.<\/li>\n<\/ol>\n<p>&nbsp;<\/p>\n<p>Das MB-45-System ist in erster Linie eine moderne und universelle L\u00f6sung f\u00fcr Innen- und Au\u00dfenanwendungen. Es bietet zweifellos eine Kombination aus St\u00e4rke, \u00c4sthetik und Flexibilit\u00e4t bei der Gestaltung von Trennw\u00e4nden, Fenstern und T\u00fcren. Perfekt f\u00fcr Investoren, die L\u00f6sungen mit hoher Funktionalit\u00e4t und ansprechendem Erscheinungsbild suchen.<\/p>\n<p>&nbsp;<\/p>\n<p><img fetchpriority=\"high\" decoding=\"async\" class=\"alignnone wp-image-955 size-full\" src=\"https:\/\/bertrand.pl\/wp-content\/uploads\/2023\/12\/mb_45_photo1.jpg\" alt=\"\" width=\"649\" height=\"500\" srcset=\"https:\/\/bertrand.pl\/wp-content\/uploads\/2023\/12\/mb_45_photo1.jpg 649w, https:\/\/bertrand.pl\/wp-content\/uploads\/2023\/12\/mb_45_photo1-420x324.jpg 420w, https:\/\/bertrand.pl\/wp-content\/uploads\/2023\/12\/mb_45_photo1-600x462.jpg 600w\" sizes=\"(max-width: 649px) 100vw, 649px\" \/><\/p>\n<p>&nbsp;<\/p>\n<h4><strong><a href=\"https:\/\/bertrand.pl\/de\/farbe\/\">Farben von Fenstern und T\u00fcren<\/a><\/strong><\/h4>","protected":false},"excerpt":{"rendered":"<p><strong>MODERNES ALUMINIUMSYSTEM<\/strong><\/p>\n<p>Ein System, das haupts\u00e4chlich zur Herstellung von Innenkonstruktionselementen verwendet wird \u2013 verschiedene Arten von Trennw\u00e4nden, Fenstern, T\u00fcren \u2013 einschlie\u00dflich Schiebet\u00fcren, Schwingt\u00fcren, automatischen T\u00fcren, Vorr\u00e4umen, Vitrinen, Registrierkassen, Vitrinen usw.<\/p>","protected":false},"featured_media":956,"template":"","meta":{"site-sidebar-layout":"default","site-content-layout":"","ast-site-content-layout":"default","site-content-style":"default","site-sidebar-style":"default","ast-global-header-display":"","ast-banner-title-visibility":"","ast-main-header-display":"","ast-hfb-above-header-display":"","ast-hfb-below-header-display":"","ast-hfb-mobile-header-display":"","site-post-title":"","ast-breadcrumbs-content":"","ast-featured-img":"","footer-sml-layout":"","ast-disable-related-posts":"","theme-transparent-header-meta":"default","adv-header-id-meta":"","stick-header-meta":"","header-above-stick-meta":"","header-main-stick-meta":"","header-below-stick-meta":"","astra-migrate-meta-layouts":"set","ast-page-background-enabled":"default","ast-page-background-meta":{"desktop":{"background-color":"var(--ast-global-color-4)","background-image":"","background-repeat":"repeat","background-position":"center center","background-size":"auto","background-attachment":"scroll","background-type":"","background-media":"","overlay-type":"","overlay-color":"","overlay-opacity":"","overlay-gradient":""},"tablet":{"background-color":"","background-image":"","background-repeat":"repeat","background-position":"center center","background-size":"auto","background-attachment":"scroll","background-type":"","background-media":"","overlay-type":"","overlay-color":"","overlay-opacity":"","overlay-gradient":""},"mobile":{"background-color":"","background-image":"","background-repeat":"repeat","background-position":"center center","background-size":"auto","background-attachment":"scroll","background-type":"","background-media":"","overlay-type":"","overlay-color":"","overlay-opacity":"","overlay-gradient":""}},"ast-content-background-meta":{"desktop":{"background-color":"var(--ast-global-color-5)","background-image":"","background-repeat":"repeat","background-position":"center center","background-size":"auto","background-attachment":"scroll","background-type":"","background-media":"","overlay-type":"","overlay-color":"","overlay-opacity":"","overlay-gradient":""},"tablet":{"background-color":"var(--ast-global-color-5)","background-image":"","background-repeat":"repeat","background-position":"center center","background-size":"auto","background-attachment":"scroll","background-type":"","background-media":"","overlay-type":"","overlay-color":"","overlay-opacity":"","overlay-gradient":""},"mobile":{"background-color":"var(--ast-global-color-5)","background-image":"","background-repeat":"repeat","background-position":"center center","background-size":"auto","background-attachment":"scroll","background-type":"","background-media":"","overlay-type":"","overlay-color":"","overlay-opacity":"","overlay-gradient":""}}},"product_brand":[],"product_cat":[28],"product_tag":[193,349,168,326,367,368,432,339,311,352,195,344,346,361,174,194,350,315,324,351,359,169,314,348],"class_list":{"0":"post-954","1":"product","2":"type-product","3":"status-publish","4":"has-post-thumbnail","6":"product_cat-okna-aluminiowe","7":"product_tag-aluminium","8":"product_tag-aluprof","9":"product_tag-bertrand","10":"product_tag-budowa-domu","11":"product_tag-budownictwo","12":"product_tag-budownictwo-pasywne","13":"product_tag-certyfikaty","14":"product_tag-design","15":"product_tag-dobre-wlasciwosci-termiczne","16":"product_tag-dobreokna","17":"product_tag-drzwi-aluminiowe","18":"product_tag-duze-okna","19":"product_tag-duze-przestrzenie","20":"product_tag-jakosc","21":"product_tag-okna","22":"product_tag-okna-aluminiowe","23":"product_tag-oknabertrand","24":"product_tag-okno-aluminiowe","25":"product_tag-okno-dla-domu","26":"product_tag-oknobertrand","27":"product_tag-premiumwindows","28":"product_tag-produkt","29":"product_tag-profil-okienny","30":"product_tag-windows","31":"desktop-align-left","32":"tablet-align-left","33":"mobile-align-left","35":"first","36":"instock","37":"shipping-taxable","38":"product-type-simple"},"yoast_head":"<!-- This site is optimized with the Yoast SEO Premium plugin v27.2 (Yoast SEO v27.2) - https:\/\/yoast.com\/product\/yoast-seo-premium-wordpress\/ -->\n<title>MB 45 - Bertrand. Najwy\u017cszej jako\u015bci okna i drzwi. Certyfikowany producent od 1969 roku.<\/title>\n<meta name=\"description\" content=\"MB-45 \u2013 uniwersalny wyb\u00f3r do drzwi, przegr\u00f3d i okien. Dymoszczelno\u015b\u0107, smuk\u0142e profile i szeroki zakres szklenia w nowoczesnym wydaniu.\" \/>\n<meta name=\"robots\" content=\"index, follow, max-snippet:-1, max-image-preview:large, max-video-preview:-1\" \/>\n<link rel=\"canonical\" href=\"https:\/\/bertrand.pl\/de\/produkt\/mb-45\/\" \/>\n<meta property=\"og:locale\" content=\"de_DE\" \/>\n<meta property=\"og:type\" content=\"article\" \/>\n<meta property=\"og:title\" content=\"MB 45\" \/>\n<meta property=\"og:description\" content=\"MB-45 \u2013 uniwersalny wyb\u00f3r do drzwi, przegr\u00f3d i okien. Dymoszczelno\u015b\u0107, smuk\u0142e profile i szeroki zakres szklenia w nowoczesnym wydaniu.\" \/>\n<meta property=\"og:url\" content=\"https:\/\/bertrand.pl\/de\/produkt\/mb-45\/\" \/>\n<meta property=\"og:site_name\" content=\"Bertrand. Najwy\u017cszej jako\u015bci okna i drzwi. Certyfikowany producent od 1969 roku.\" \/>\n<meta property=\"article:publisher\" content=\"https:\/\/www.facebook.com\/bertrandpolska\/\" \/>\n<meta property=\"article:modified_time\" content=\"2025-08-06T09:54:45+00:00\" \/>\n<meta property=\"og:image\" content=\"https:\/\/bertrand.pl\/wp-content\/uploads\/2023\/12\/mb_45_1_big.jpg\" \/>\n\t<meta property=\"og:image:width\" content=\"600\" \/>\n\t<meta property=\"og:image:height\" content=\"600\" \/>\n\t<meta property=\"og:image:type\" content=\"image\/jpeg\" \/>\n<meta name=\"twitter:card\" content=\"summary_large_image\" \/>\n<meta name=\"twitter:label1\" content=\"Gesch\u00e4tzte Lesezeit\" \/>\n\t<meta name=\"twitter:data1\" content=\"2\u00a0Minuten\" \/>\n<script type=\"application\/ld+json\" class=\"yoast-schema-graph\">{\"@context\":\"https:\/\/schema.org\",\"@graph\":[{\"@type\":\"WebPage\",\"@id\":\"https:\/\/bertrand.pl\/produkt\/mb-45\/\",\"url\":\"https:\/\/bertrand.pl\/produkt\/mb-45\/\",\"name\":\"MB 45 - Bertrand. Najwy\u017cszej jako\u015bci okna i drzwi. Certyfikowany producent od 1969 roku.\",\"isPartOf\":{\"@id\":\"https:\/\/bertrand.pl\/#website\"},\"primaryImageOfPage\":{\"@id\":\"https:\/\/bertrand.pl\/produkt\/mb-45\/#primaryimage\"},\"image\":{\"@id\":\"https:\/\/bertrand.pl\/produkt\/mb-45\/#primaryimage\"},\"thumbnailUrl\":\"https:\/\/bertrand.pl\/wp-content\/uploads\/2023\/12\/mb_45_1_big.jpg\",\"datePublished\":\"2023-12-13T07:49:04+00:00\",\"dateModified\":\"2025-08-06T09:54:45+00:00\",\"description\":\"MB-45 \u2013 uniwersalny wyb\u00f3r do drzwi, przegr\u00f3d i okien. Dymoszczelno\u015b\u0107, smuk\u0142e profile i szeroki zakres szklenia w nowoczesnym wydaniu.\",\"breadcrumb\":{\"@id\":\"https:\/\/bertrand.pl\/produkt\/mb-45\/#breadcrumb\"},\"inLanguage\":\"de\",\"potentialAction\":[{\"@type\":\"ReadAction\",\"target\":[\"https:\/\/bertrand.pl\/produkt\/mb-45\/\"]}]},{\"@type\":\"ImageObject\",\"inLanguage\":\"de\",\"@id\":\"https:\/\/bertrand.pl\/produkt\/mb-45\/#primaryimage\",\"url\":\"https:\/\/bertrand.pl\/wp-content\/uploads\/2023\/12\/mb_45_1_big.jpg\",\"contentUrl\":\"https:\/\/bertrand.pl\/wp-content\/uploads\/2023\/12\/mb_45_1_big.jpg\",\"width\":600,\"height\":600},{\"@type\":\"BreadcrumbList\",\"@id\":\"https:\/\/bertrand.pl\/produkt\/mb-45\/#breadcrumb\",\"itemListElement\":[{\"@type\":\"ListItem\",\"position\":1,\"name\":\"Strona g\u0142\u00f3wna\",\"item\":\"https:\/\/bertrand.pl\/\"},{\"@type\":\"ListItem\",\"position\":2,\"name\":\"Produits\",\"item\":\"https:\/\/bertrand.pl\/fr\/shop\/\"},{\"@type\":\"ListItem\",\"position\":3,\"name\":\"MB 45\"}]},{\"@type\":\"WebSite\",\"@id\":\"https:\/\/bertrand.pl\/#website\",\"url\":\"https:\/\/bertrand.pl\/\",\"name\":\"Bertrand.pl\",\"description\":\"Firma Bertrand to certyfikowany i uznany producent najwy\u017cszej jako\u015bci okien z PVC, z drewna lub aluminium. Produkcja drzwi, rolet i bram gara\u017cowych.\",\"publisher\":{\"@id\":\"https:\/\/bertrand.pl\/#organization\"},\"potentialAction\":[{\"@type\":\"SearchAction\",\"target\":{\"@type\":\"EntryPoint\",\"urlTemplate\":\"https:\/\/bertrand.pl\/?s={search_term_string}\"},\"query-input\":{\"@type\":\"PropertyValueSpecification\",\"valueRequired\":true,\"valueName\":\"search_term_string\"}}],\"inLanguage\":\"de\"},{\"@type\":\"Organization\",\"@id\":\"https:\/\/bertrand.pl\/#organization\",\"name\":\"Bertrand.pl\",\"url\":\"https:\/\/bertrand.pl\/\",\"logo\":{\"@type\":\"ImageObject\",\"inLanguage\":\"de\",\"@id\":\"https:\/\/bertrand.pl\/#\/schema\/logo\/image\/\",\"url\":\"https:\/\/bertrand.pl\/wp-content\/uploads\/2024\/12\/logo_BB_TM_PL_black.png\",\"contentUrl\":\"https:\/\/bertrand.pl\/wp-content\/uploads\/2024\/12\/logo_BB_TM_PL_black.png\",\"width\":1831,\"height\":1831,\"caption\":\"Bertrand.pl\"},\"image\":{\"@id\":\"https:\/\/bertrand.pl\/#\/schema\/logo\/image\/\"},\"sameAs\":[\"https:\/\/www.facebook.com\/bertrandpolska\/\",\"https:\/\/www.instagram.com\/bertrand_okna_i_drzwi\/\",\"https:\/\/www.linkedin.com\/company\/bertrand\/\",\"https:\/\/www.tiktok.com\/@bertrand_okna_drzwi\"]}]}<\/script>\n<!-- \/ Yoast SEO Premium plugin. -->","yoast_head_json":{"title":"MB 45 - Bertrand. Najwy\u017cszej jako\u015bci okna i drzwi. Certyfikowany producent od 1969 roku.","description":"MB-45 \u2013 universelle Wahl f\u00fcr T\u00fcren, Trennw\u00e4nde und Fenster. Rauchdichtheit, schlanke Profile und eine gro\u00dfe Auswahl an Verglasungen in moderner Ausf\u00fchrung.","robots":{"index":"index","follow":"follow","max-snippet":"max-snippet:-1","max-image-preview":"max-image-preview:large","max-video-preview":"max-video-preview:-1"},"canonical":"https:\/\/bertrand.pl\/de\/produkt\/mb-45\/","og_locale":"de_DE","og_type":"article","og_title":"MB 45","og_description":"MB-45 \u2013 uniwersalny wyb\u00f3r do drzwi, przegr\u00f3d i okien. Dymoszczelno\u015b\u0107, smuk\u0142e profile i szeroki zakres szklenia w nowoczesnym wydaniu.","og_url":"https:\/\/bertrand.pl\/de\/produkt\/mb-45\/","og_site_name":"Bertrand. Najwy\u017cszej jako\u015bci okna i drzwi. Certyfikowany producent od 1969 roku.","article_publisher":"https:\/\/www.facebook.com\/bertrandpolska\/","article_modified_time":"2025-08-06T09:54:45+00:00","og_image":[{"width":600,"height":600,"url":"https:\/\/bertrand.pl\/wp-content\/uploads\/2023\/12\/mb_45_1_big.jpg","type":"image\/jpeg"}],"twitter_card":"summary_large_image","twitter_misc":{"Gesch\u00e4tzte Lesezeit":"2\u00a0Minuten"},"schema":{"@context":"https:\/\/schema.org","@graph":[{"@type":"WebPage","@id":"https:\/\/bertrand.pl\/produkt\/mb-45\/","url":"https:\/\/bertrand.pl\/produkt\/mb-45\/","name":"MB 45 - Bertrand. Najwy\u017cszej jako\u015bci okna i drzwi. Certyfikowany producent od 1969 roku.","isPartOf":{"@id":"https:\/\/bertrand.pl\/#website"},"primaryImageOfPage":{"@id":"https:\/\/bertrand.pl\/produkt\/mb-45\/#primaryimage"},"image":{"@id":"https:\/\/bertrand.pl\/produkt\/mb-45\/#primaryimage"},"thumbnailUrl":"https:\/\/bertrand.pl\/wp-content\/uploads\/2023\/12\/mb_45_1_big.jpg","datePublished":"2023-12-13T07:49:04+00:00","dateModified":"2025-08-06T09:54:45+00:00","description":"MB-45 \u2013 universelle Wahl f\u00fcr T\u00fcren, Trennw\u00e4nde und Fenster. Rauchdichtheit, schlanke Profile und eine gro\u00dfe Auswahl an Verglasungen in moderner Ausf\u00fchrung.","breadcrumb":{"@id":"https:\/\/bertrand.pl\/produkt\/mb-45\/#breadcrumb"},"inLanguage":"de","potentialAction":[{"@type":"ReadAction","target":["https:\/\/bertrand.pl\/produkt\/mb-45\/"]}]},{"@type":"ImageObject","inLanguage":"de","@id":"https:\/\/bertrand.pl\/produkt\/mb-45\/#primaryimage","url":"https:\/\/bertrand.pl\/wp-content\/uploads\/2023\/12\/mb_45_1_big.jpg","contentUrl":"https:\/\/bertrand.pl\/wp-content\/uploads\/2023\/12\/mb_45_1_big.jpg","width":600,"height":600},{"@type":"BreadcrumbList","@id":"https:\/\/bertrand.pl\/produkt\/mb-45\/#breadcrumb","itemListElement":[{"@type":"ListItem","position":1,"name":"Strona g\u0142\u00f3wna","item":"https:\/\/bertrand.pl\/"},{"@type":"ListItem","position":2,"name":"Produits","item":"https:\/\/bertrand.pl\/fr\/shop\/"},{"@type":"ListItem","position":3,"name":"MB 45"}]},{"@type":"WebSite","@id":"https:\/\/bertrand.pl\/#website","url":"https:\/\/bertrand.pl\/","name":"Bertrand.pl","description":"Firma Bertrand to certyfikowany i uznany producent najwy\u017cszej jako\u015bci okien z PVC, z drewna lub aluminium. Produkcja drzwi, rolet i bram gara\u017cowych.","publisher":{"@id":"https:\/\/bertrand.pl\/#organization"},"potentialAction":[{"@type":"SearchAction","target":{"@type":"EntryPoint","urlTemplate":"https:\/\/bertrand.pl\/?s={search_term_string}"},"query-input":{"@type":"PropertyValueSpecification","valueRequired":true,"valueName":"search_term_string"}}],"inLanguage":"de"},{"@type":"Organization","@id":"https:\/\/bertrand.pl\/#organization","name":"Bertrand.pl","url":"https:\/\/bertrand.pl\/","logo":{"@type":"ImageObject","inLanguage":"de","@id":"https:\/\/bertrand.pl\/#\/schema\/logo\/image\/","url":"https:\/\/bertrand.pl\/wp-content\/uploads\/2024\/12\/logo_BB_TM_PL_black.png","contentUrl":"https:\/\/bertrand.pl\/wp-content\/uploads\/2024\/12\/logo_BB_TM_PL_black.png","width":1831,"height":1831,"caption":"Bertrand.pl"},"image":{"@id":"https:\/\/bertrand.pl\/#\/schema\/logo\/image\/"},"sameAs":["https:\/\/www.facebook.com\/bertrandpolska\/","https:\/\/www.instagram.com\/bertrand_okna_i_drzwi\/","https:\/\/www.linkedin.com\/company\/bertrand\/","https:\/\/www.tiktok.com\/@bertrand_okna_drzwi"]}]}},"_links":{"self":[{"href":"https:\/\/bertrand.pl\/de\/wp-json\/wp\/v2\/product\/954","targetHints":{"allow":["GET"]}}],"collection":[{"href":"https:\/\/bertrand.pl\/de\/wp-json\/wp\/v2\/product"}],"about":[{"href":"https:\/\/bertrand.pl\/de\/wp-json\/wp\/v2\/types\/product"}],"wp:featuredmedia":[{"embeddable":true,"href":"https:\/\/bertrand.pl\/de\/wp-json\/wp\/v2\/media\/956"}],"wp:attachment":[{"href":"https:\/\/bertrand.pl\/de\/wp-json\/wp\/v2\/media?parent=954"}],"wp:term":[{"taxonomy":"product_brand","embeddable":true,"href":"https:\/\/bertrand.pl\/de\/wp-json\/wp\/v2\/product_brand?post=954"},{"taxonomy":"product_cat","embeddable":true,"href":"https:\/\/bertrand.pl\/de\/wp-json\/wp\/v2\/product_cat?post=954"},{"taxonomy":"product_tag","embeddable":true,"href":"https:\/\/bertrand.pl\/de\/wp-json\/wp\/v2\/product_tag?post=954"}],"curies":[{"name":"wp","href":"https:\/\/api.w.org\/{rel}","templated":true}]}}