{"id":971,"date":"2023-12-13T09:18:10","date_gmt":"2023-12-13T08:18:10","guid":{"rendered":"https:\/\/bertrand.pl\/?post_type=product&#038;p=971"},"modified":"2025-08-06T11:46:30","modified_gmt":"2025-08-06T09:46:30","slug":"masterline-8","status":"publish","type":"product","link":"https:\/\/bertrand.pl\/de\/produkt\/masterline-8\/","title":{"rendered":"MASTERLINE 8"},"content":{"rendered":"<p>System <strong>MasterLine 8<\/strong> ist eine fortschrittliche L\u00f6sung f\u00fcr Geb\u00e4ude, bei denen hohe Standards an W\u00e4rmed\u00e4mmung und modernes Design von entscheidender Bedeutung sind. Dank innovativer Technologien bietet es umfangreiche Konfigurationsm\u00f6glichkeiten, was es zur idealen Wahl sowohl f\u00fcr energieeffiziente H\u00e4user als auch f\u00fcr Passivh\u00e4user macht. MasterLine 8 vereint Funktionalit\u00e4t, \u00c4sthetik und Energieeffizienz und passt sich unterschiedlichen architektonischen Anforderungen an.<\/p>\n<p>&nbsp;<\/p>\n<h4>Drei Isolationsstufen<\/h4>\n<p>&nbsp;<\/p>\n<p>MasterLine 8 zeichnet sich durch die M\u00f6glichkeit aus, den Isolationsgrad an die Bed\u00fcrfnisse eines bestimmten Projekts anzupassen. Dank der Verwendung fortschrittlicher Materialien erf\u00fcllt das System die folgenden Anforderungen:<\/p>\n<ul>\n<li>Geb\u00e4ude mit einem hohen Isolationsgrad.<\/li>\n<li>Energieeffiziente H\u00e4user.<\/li>\n<li>Passivgeb\u00e4ude, bei denen die Minimierung von W\u00e4rmeverlusten im Vordergrund steht.<\/li>\n<\/ul>\n<p>&nbsp;<\/p>\n<h4>Moderne \u00d6ffnungsm\u00f6glichkeiten<\/h4>\n<p>&nbsp;<\/p>\n<p>Das System bietet eine Vielzahl von \u00d6ffnungsm\u00f6glichkeiten, darunter:<\/p>\n<ul>\n<li>Ein- und zweifl\u00fcgelige Balkont\u00fcren.<\/li>\n<li>Niedrige Schwelle, erh\u00f6hter Bedienkomfort, sowohl f\u00fcr nach innen als auch nach au\u00dfen \u00f6ffnende T\u00fcren erh\u00e4ltlich.<\/li>\n<\/ul>\n<p>&nbsp;<\/p>\n<h4>Universelles MasterLine 8-Design<\/h4>\n<p>&nbsp;<\/p>\n<p>Das System erm\u00f6glicht es Ihnen, das Erscheinungsbild des Systems an jeden Architekturstil anzupassen. Dank vielf\u00e4ltiger \u00e4sthetischer Varianten kann es sowohl in modernen, minimalistischen Geb\u00e4uden als auch in traditionellen Designs eingesetzt werden.<\/p>\n<p>&nbsp;<\/p>\n<p>&nbsp;<\/p>\n<h4>Hauptvorteile des Systems<\/h4>\n<p>&nbsp;<\/p>\n<ol>\n<li><strong>Energieeffizienz:<\/strong> Eine ideale Wahl f\u00fcr passive und energieeffiziente Geb\u00e4ude.<\/li>\n<li><strong>Designflexibilit\u00e4t:<\/strong> M\u00f6glichkeit, \u00d6ffnungs- und Konfigurationsoptionen entsprechend den individuellen Bed\u00fcrfnissen zu w\u00e4hlen.<\/li>\n<li><strong>\u00c4sthetik:<\/strong> Universelles Design, passend zu verschiedenen Architekturstilen.<\/li>\n<li><strong>Nutzungskomfort:<\/strong> Niedrige Schwelle und verschiedene \u00d6ffnungsvarianten der Fl\u00fcgel f\u00fcr mehr Funktionalit\u00e4t.<\/li>\n<\/ol>\n<p>&nbsp;<\/p>\n<h4>Warum MasterLine 8 w\u00e4hlen?<\/h4>\n<p>&nbsp;<\/p>\n<p>Dieses System ist vor allem eine perfekte Kombination aus technologischer Innovation und \u00c4sthetik. Dank seiner Vielseitigkeit, Energieeffizienz und seinem eleganten Design eignet es sich sowohl f\u00fcr moderne als auch f\u00fcr klassische Designs und erh\u00f6ht den Komfort- und Isolierungsstandard in jedem Geb\u00e4ude.<\/p>\n<p>&nbsp;<\/p>\n<h4><strong><a href=\"https:\/\/bertrand.pl\/de\/farbe\/\">Farben von Fenstern und T\u00fcren<\/a><\/strong><\/h4>","protected":false},"excerpt":{"rendered":"<p><strong>GEMACHT F\u00dcR CHAMPIONS<\/strong><\/p>\n<p>MasterLine 8 ist ein einzigartiges Fenstersystem, das unz\u00e4hlige Gestaltungsm\u00f6glichkeiten und hervorragende Parameter hinsichtlich W\u00e4rmed\u00e4mmung, Luftdurchl\u00e4ssigkeit, Wasserdichtigkeit und Widerstandsf\u00e4higkeit gegen Windlasten bietet. Die neue Generation innovativer Fensterl\u00f6sungen spiegelt aktuelle Trends in der Architektur wider, die auf eine maximale Nutzung des Tageslichts bei gleichzeitig h\u00f6chster W\u00e4rmed\u00e4mmung abzielen.<\/p>","protected":false},"featured_media":973,"template":"","meta":{"site-sidebar-layout":"default","site-content-layout":"","ast-site-content-layout":"default","site-content-style":"default","site-sidebar-style":"default","ast-global-header-display":"","ast-banner-title-visibility":"","ast-main-header-display":"","ast-hfb-above-header-display":"","ast-hfb-below-header-display":"","ast-hfb-mobile-header-display":"","site-post-title":"","ast-breadcrumbs-content":"","ast-featured-img":"","footer-sml-layout":"","ast-disable-related-posts":"","theme-transparent-header-meta":"default","adv-header-id-meta":"","stick-header-meta":"","header-above-stick-meta":"","header-main-stick-meta":"","header-below-stick-meta":"","astra-migrate-meta-layouts":"set","ast-page-background-enabled":"default","ast-page-background-meta":{"desktop":{"background-color":"var(--ast-global-color-4)","background-image":"","background-repeat":"repeat","background-position":"center center","background-size":"auto","background-attachment":"scroll","background-type":"","background-media":"","overlay-type":"","overlay-color":"","overlay-opacity":"","overlay-gradient":""},"tablet":{"background-color":"","background-image":"","background-repeat":"repeat","background-position":"center center","background-size":"auto","background-attachment":"scroll","background-type":"","background-media":"","overlay-type":"","overlay-color":"","overlay-opacity":"","overlay-gradient":""},"mobile":{"background-color":"","background-image":"","background-repeat":"repeat","background-position":"center center","background-size":"auto","background-attachment":"scroll","background-type":"","background-media":"","overlay-type":"","overlay-color":"","overlay-opacity":"","overlay-gradient":""}},"ast-content-background-meta":{"desktop":{"background-color":"var(--ast-global-color-5)","background-image":"","background-repeat":"repeat","background-position":"center center","background-size":"auto","background-attachment":"scroll","background-type":"","background-media":"","overlay-type":"","overlay-color":"","overlay-opacity":"","overlay-gradient":""},"tablet":{"background-color":"var(--ast-global-color-5)","background-image":"","background-repeat":"repeat","background-position":"center center","background-size":"auto","background-attachment":"scroll","background-type":"","background-media":"","overlay-type":"","overlay-color":"","overlay-opacity":"","overlay-gradient":""},"mobile":{"background-color":"var(--ast-global-color-5)","background-image":"","background-repeat":"repeat","background-position":"center center","background-size":"auto","background-attachment":"scroll","background-type":"","background-media":"","overlay-type":"","overlay-color":"","overlay-opacity":"","overlay-gradient":""}}},"product_brand":[],"product_cat":[28],"product_tag":[316,193,168,360,326,367,368,339,352,414,345,344,346,408,453,370,389,398,405,361,366,454,455,323,315,324,447,169,362,348],"class_list":{"0":"post-971","1":"product","2":"type-product","3":"status-publish","4":"has-post-thumbnail","6":"product_cat-okna-aluminiowe","7":"product_tag-aluminiowe-okno","8":"product_tag-aluminium","9":"product_tag-bertrand","10":"product_tag-bezpieczenstwo","11":"product_tag-budowa-domu","12":"product_tag-budownictwo","13":"product_tag-budownictwo-pasywne","14":"product_tag-design","15":"product_tag-dobreokna","16":"product_tag-doskonala-izolacja-termiczna","17":"product_tag-drzwi-balkonowe","18":"product_tag-duze-okna","19":"product_tag-duze-przestrzenie","20":"product_tag-duze-przeszklenia","21":"product_tag-energooszczednosc","22":"product_tag-idealne-okna-do-domu","23":"product_tag-izolacja-akustyczna","24":"product_tag-izolacja-cieplna","25":"product_tag-izolacja-termiczna","26":"product_tag-jakosc","27":"product_tag-komfort","28":"product_tag-masterline","29":"product_tag-masterline-8","30":"product_tag-okna-z-polski","31":"product_tag-okno-aluminiowe","32":"product_tag-okno-dla-domu","33":"product_tag-oszczednosc","34":"product_tag-produkt","35":"product_tag-quality","36":"product_tag-windows","37":"desktop-align-left","38":"tablet-align-left","39":"mobile-align-left","41":"first","42":"instock","43":"shipping-taxable","44":"product-type-simple"},"yoast_head":"<!-- This site is optimized with the Yoast SEO Premium plugin v27.2 (Yoast SEO v27.2) - https:\/\/yoast.com\/product\/yoast-seo-premium-wordpress\/ -->\n<title>MASTERLINE 8 - Bertrand. Najwy\u017cszej jako\u015bci okna i drzwi. Certyfikowany producent od 1969 roku.<\/title>\n<meta name=\"description\" content=\"MasterLine 8 \u2013 system o trzech poziomach izolacyjno\u015bci, idealny do budynk\u00f3w pasywnych i energooszcz\u0119dnych. Nowoczesny design i szerokie opcje konfiguracji.\" \/>\n<meta name=\"robots\" content=\"index, follow, max-snippet:-1, max-image-preview:large, max-video-preview:-1\" \/>\n<link rel=\"canonical\" href=\"https:\/\/bertrand.pl\/de\/produkt\/masterline-8\/\" \/>\n<meta property=\"og:locale\" content=\"de_DE\" \/>\n<meta property=\"og:type\" content=\"article\" \/>\n<meta property=\"og:title\" content=\"MASTERLINE 8\" \/>\n<meta property=\"og:description\" content=\"MasterLine 8 \u2013 system o trzech poziomach izolacyjno\u015bci, idealny do budynk\u00f3w pasywnych i energooszcz\u0119dnych. Nowoczesny design i szerokie opcje konfiguracji.\" \/>\n<meta property=\"og:url\" content=\"https:\/\/bertrand.pl\/de\/produkt\/masterline-8\/\" \/>\n<meta property=\"og:site_name\" content=\"Bertrand. Najwy\u017cszej jako\u015bci okna i drzwi. Certyfikowany producent od 1969 roku.\" \/>\n<meta property=\"article:publisher\" content=\"https:\/\/www.facebook.com\/bertrandpolska\/\" \/>\n<meta property=\"article:modified_time\" content=\"2025-08-06T09:46:30+00:00\" \/>\n<meta property=\"og:image\" content=\"https:\/\/bertrand.pl\/wp-content\/uploads\/2023\/12\/masterline-8.png\" \/>\n\t<meta property=\"og:image:width\" content=\"750\" \/>\n\t<meta property=\"og:image:height\" content=\"750\" \/>\n\t<meta property=\"og:image:type\" content=\"image\/png\" \/>\n<meta name=\"twitter:card\" content=\"summary_large_image\" \/>\n<meta name=\"twitter:label1\" content=\"Gesch\u00e4tzte Lesezeit\" \/>\n\t<meta name=\"twitter:data1\" content=\"2\u00a0Minuten\" \/>\n<script type=\"application\/ld+json\" class=\"yoast-schema-graph\">{\"@context\":\"https:\/\/schema.org\",\"@graph\":[{\"@type\":\"WebPage\",\"@id\":\"https:\/\/bertrand.pl\/produkt\/masterline-8\/\",\"url\":\"https:\/\/bertrand.pl\/produkt\/masterline-8\/\",\"name\":\"MASTERLINE 8 - Bertrand. Najwy\u017cszej jako\u015bci okna i drzwi. Certyfikowany producent od 1969 roku.\",\"isPartOf\":{\"@id\":\"https:\/\/bertrand.pl\/#website\"},\"primaryImageOfPage\":{\"@id\":\"https:\/\/bertrand.pl\/produkt\/masterline-8\/#primaryimage\"},\"image\":{\"@id\":\"https:\/\/bertrand.pl\/produkt\/masterline-8\/#primaryimage\"},\"thumbnailUrl\":\"https:\/\/bertrand.pl\/wp-content\/uploads\/2023\/12\/masterline-8.png\",\"datePublished\":\"2023-12-13T08:18:10+00:00\",\"dateModified\":\"2025-08-06T09:46:30+00:00\",\"description\":\"MasterLine 8 \u2013 system o trzech poziomach izolacyjno\u015bci, idealny do budynk\u00f3w pasywnych i energooszcz\u0119dnych. Nowoczesny design i szerokie opcje konfiguracji.\",\"breadcrumb\":{\"@id\":\"https:\/\/bertrand.pl\/produkt\/masterline-8\/#breadcrumb\"},\"inLanguage\":\"de\",\"potentialAction\":[{\"@type\":\"ReadAction\",\"target\":[\"https:\/\/bertrand.pl\/produkt\/masterline-8\/\"]}]},{\"@type\":\"ImageObject\",\"inLanguage\":\"de\",\"@id\":\"https:\/\/bertrand.pl\/produkt\/masterline-8\/#primaryimage\",\"url\":\"https:\/\/bertrand.pl\/wp-content\/uploads\/2023\/12\/masterline-8.png\",\"contentUrl\":\"https:\/\/bertrand.pl\/wp-content\/uploads\/2023\/12\/masterline-8.png\",\"width\":750,\"height\":750},{\"@type\":\"BreadcrumbList\",\"@id\":\"https:\/\/bertrand.pl\/produkt\/masterline-8\/#breadcrumb\",\"itemListElement\":[{\"@type\":\"ListItem\",\"position\":1,\"name\":\"Strona g\u0142\u00f3wna\",\"item\":\"https:\/\/bertrand.pl\/\"},{\"@type\":\"ListItem\",\"position\":2,\"name\":\"Produits\",\"item\":\"https:\/\/bertrand.pl\/fr\/shop\/\"},{\"@type\":\"ListItem\",\"position\":3,\"name\":\"MASTERLINE 8\"}]},{\"@type\":\"WebSite\",\"@id\":\"https:\/\/bertrand.pl\/#website\",\"url\":\"https:\/\/bertrand.pl\/\",\"name\":\"Bertrand.pl\",\"description\":\"Firma Bertrand to certyfikowany i uznany producent najwy\u017cszej jako\u015bci okien z PVC, z drewna lub aluminium. Produkcja drzwi, rolet i bram gara\u017cowych.\",\"publisher\":{\"@id\":\"https:\/\/bertrand.pl\/#organization\"},\"potentialAction\":[{\"@type\":\"SearchAction\",\"target\":{\"@type\":\"EntryPoint\",\"urlTemplate\":\"https:\/\/bertrand.pl\/?s={search_term_string}\"},\"query-input\":{\"@type\":\"PropertyValueSpecification\",\"valueRequired\":true,\"valueName\":\"search_term_string\"}}],\"inLanguage\":\"de\"},{\"@type\":\"Organization\",\"@id\":\"https:\/\/bertrand.pl\/#organization\",\"name\":\"Bertrand.pl\",\"url\":\"https:\/\/bertrand.pl\/\",\"logo\":{\"@type\":\"ImageObject\",\"inLanguage\":\"de\",\"@id\":\"https:\/\/bertrand.pl\/#\/schema\/logo\/image\/\",\"url\":\"https:\/\/bertrand.pl\/wp-content\/uploads\/2024\/12\/logo_BB_TM_PL_black.png\",\"contentUrl\":\"https:\/\/bertrand.pl\/wp-content\/uploads\/2024\/12\/logo_BB_TM_PL_black.png\",\"width\":1831,\"height\":1831,\"caption\":\"Bertrand.pl\"},\"image\":{\"@id\":\"https:\/\/bertrand.pl\/#\/schema\/logo\/image\/\"},\"sameAs\":[\"https:\/\/www.facebook.com\/bertrandpolska\/\",\"https:\/\/www.instagram.com\/bertrand_okna_i_drzwi\/\",\"https:\/\/www.linkedin.com\/company\/bertrand\/\",\"https:\/\/www.tiktok.com\/@bertrand_okna_drzwi\"]}]}<\/script>\n<!-- \/ Yoast SEO Premium plugin. -->","yoast_head_json":{"title":"MASTERLINE 8 - Bertrand. Najwy\u017cszej jako\u015bci okna i drzwi. Certyfikowany producent od 1969 roku.","description":"MasterLine 8 \u2013 ein System mit drei D\u00e4mmstufen, ideal f\u00fcr Passiv- und energieeffiziente Geb\u00e4ude. Modernes Design und umfangreiche Konfigurationsm\u00f6glichkeiten.","robots":{"index":"index","follow":"follow","max-snippet":"max-snippet:-1","max-image-preview":"max-image-preview:large","max-video-preview":"max-video-preview:-1"},"canonical":"https:\/\/bertrand.pl\/de\/produkt\/masterline-8\/","og_locale":"de_DE","og_type":"article","og_title":"MASTERLINE 8","og_description":"MasterLine 8 \u2013 system o trzech poziomach izolacyjno\u015bci, idealny do budynk\u00f3w pasywnych i energooszcz\u0119dnych. Nowoczesny design i szerokie opcje konfiguracji.","og_url":"https:\/\/bertrand.pl\/de\/produkt\/masterline-8\/","og_site_name":"Bertrand. Najwy\u017cszej jako\u015bci okna i drzwi. Certyfikowany producent od 1969 roku.","article_publisher":"https:\/\/www.facebook.com\/bertrandpolska\/","article_modified_time":"2025-08-06T09:46:30+00:00","og_image":[{"width":750,"height":750,"url":"https:\/\/bertrand.pl\/wp-content\/uploads\/2023\/12\/masterline-8.png","type":"image\/png"}],"twitter_card":"summary_large_image","twitter_misc":{"Gesch\u00e4tzte Lesezeit":"2\u00a0Minuten"},"schema":{"@context":"https:\/\/schema.org","@graph":[{"@type":"WebPage","@id":"https:\/\/bertrand.pl\/produkt\/masterline-8\/","url":"https:\/\/bertrand.pl\/produkt\/masterline-8\/","name":"MASTERLINE 8 - Bertrand. Najwy\u017cszej jako\u015bci okna i drzwi. Certyfikowany producent od 1969 roku.","isPartOf":{"@id":"https:\/\/bertrand.pl\/#website"},"primaryImageOfPage":{"@id":"https:\/\/bertrand.pl\/produkt\/masterline-8\/#primaryimage"},"image":{"@id":"https:\/\/bertrand.pl\/produkt\/masterline-8\/#primaryimage"},"thumbnailUrl":"https:\/\/bertrand.pl\/wp-content\/uploads\/2023\/12\/masterline-8.png","datePublished":"2023-12-13T08:18:10+00:00","dateModified":"2025-08-06T09:46:30+00:00","description":"MasterLine 8 \u2013 ein System mit drei D\u00e4mmstufen, ideal f\u00fcr Passiv- und energieeffiziente Geb\u00e4ude. Modernes Design und umfangreiche Konfigurationsm\u00f6glichkeiten.","breadcrumb":{"@id":"https:\/\/bertrand.pl\/produkt\/masterline-8\/#breadcrumb"},"inLanguage":"de","potentialAction":[{"@type":"ReadAction","target":["https:\/\/bertrand.pl\/produkt\/masterline-8\/"]}]},{"@type":"ImageObject","inLanguage":"de","@id":"https:\/\/bertrand.pl\/produkt\/masterline-8\/#primaryimage","url":"https:\/\/bertrand.pl\/wp-content\/uploads\/2023\/12\/masterline-8.png","contentUrl":"https:\/\/bertrand.pl\/wp-content\/uploads\/2023\/12\/masterline-8.png","width":750,"height":750},{"@type":"BreadcrumbList","@id":"https:\/\/bertrand.pl\/produkt\/masterline-8\/#breadcrumb","itemListElement":[{"@type":"ListItem","position":1,"name":"Strona g\u0142\u00f3wna","item":"https:\/\/bertrand.pl\/"},{"@type":"ListItem","position":2,"name":"Produits","item":"https:\/\/bertrand.pl\/fr\/shop\/"},{"@type":"ListItem","position":3,"name":"MASTERLINE 8"}]},{"@type":"WebSite","@id":"https:\/\/bertrand.pl\/#website","url":"https:\/\/bertrand.pl\/","name":"Bertrand.pl","description":"Firma Bertrand to certyfikowany i uznany producent najwy\u017cszej jako\u015bci okien z PVC, z drewna lub aluminium. Produkcja drzwi, rolet i bram gara\u017cowych.","publisher":{"@id":"https:\/\/bertrand.pl\/#organization"},"potentialAction":[{"@type":"SearchAction","target":{"@type":"EntryPoint","urlTemplate":"https:\/\/bertrand.pl\/?s={search_term_string}"},"query-input":{"@type":"PropertyValueSpecification","valueRequired":true,"valueName":"search_term_string"}}],"inLanguage":"de"},{"@type":"Organization","@id":"https:\/\/bertrand.pl\/#organization","name":"Bertrand.pl","url":"https:\/\/bertrand.pl\/","logo":{"@type":"ImageObject","inLanguage":"de","@id":"https:\/\/bertrand.pl\/#\/schema\/logo\/image\/","url":"https:\/\/bertrand.pl\/wp-content\/uploads\/2024\/12\/logo_BB_TM_PL_black.png","contentUrl":"https:\/\/bertrand.pl\/wp-content\/uploads\/2024\/12\/logo_BB_TM_PL_black.png","width":1831,"height":1831,"caption":"Bertrand.pl"},"image":{"@id":"https:\/\/bertrand.pl\/#\/schema\/logo\/image\/"},"sameAs":["https:\/\/www.facebook.com\/bertrandpolska\/","https:\/\/www.instagram.com\/bertrand_okna_i_drzwi\/","https:\/\/www.linkedin.com\/company\/bertrand\/","https:\/\/www.tiktok.com\/@bertrand_okna_drzwi"]}]}},"_links":{"self":[{"href":"https:\/\/bertrand.pl\/de\/wp-json\/wp\/v2\/product\/971","targetHints":{"allow":["GET"]}}],"collection":[{"href":"https:\/\/bertrand.pl\/de\/wp-json\/wp\/v2\/product"}],"about":[{"href":"https:\/\/bertrand.pl\/de\/wp-json\/wp\/v2\/types\/product"}],"wp:featuredmedia":[{"embeddable":true,"href":"https:\/\/bertrand.pl\/de\/wp-json\/wp\/v2\/media\/973"}],"wp:attachment":[{"href":"https:\/\/bertrand.pl\/de\/wp-json\/wp\/v2\/media?parent=971"}],"wp:term":[{"taxonomy":"product_brand","embeddable":true,"href":"https:\/\/bertrand.pl\/de\/wp-json\/wp\/v2\/product_brand?post=971"},{"taxonomy":"product_cat","embeddable":true,"href":"https:\/\/bertrand.pl\/de\/wp-json\/wp\/v2\/product_cat?post=971"},{"taxonomy":"product_tag","embeddable":true,"href":"https:\/\/bertrand.pl\/de\/wp-json\/wp\/v2\/product_tag?post=971"}],"curies":[{"name":"wp","href":"https:\/\/api.w.org\/{rel}","templated":true}]}}