{"id":978,"date":"2023-12-13T09:28:33","date_gmt":"2023-12-13T08:28:33","guid":{"rendered":"https:\/\/bertrand.pl\/?post_type=product&#038;p=978"},"modified":"2025-03-06T15:26:44","modified_gmt":"2025-03-06T14:26:44","slug":"infratherm","status":"publish","type":"product","link":"https:\/\/bertrand.pl\/de\/produkt\/infratherm\/","title":{"rendered":"INFRATHERM"},"content":{"rendered":"<p><img decoding=\"async\" class=\"wp-image-3361 aligncenter\" src=\"https:\/\/bertrand.pl\/wp-content\/uploads\/2023\/12\/best_of_ibs-420x420.png\" alt=\"\" width=\"130\" height=\"130\" srcset=\"https:\/\/bertrand.pl\/wp-content\/uploads\/2023\/12\/best_of_ibs-420x420.png 420w, https:\/\/bertrand.pl\/wp-content\/uploads\/2023\/12\/best_of_ibs-12x12.png 12w, https:\/\/bertrand.pl\/wp-content\/uploads\/2023\/12\/best_of_ibs-300x300.png 300w, https:\/\/bertrand.pl\/wp-content\/uploads\/2023\/12\/best_of_ibs-600x600.png 600w, https:\/\/bertrand.pl\/wp-content\/uploads\/2023\/12\/best_of_ibs-100x100.png 100w, https:\/\/bertrand.pl\/wp-content\/uploads\/2023\/12\/best_of_ibs.png 702w\" sizes=\"(max-width: 130px) 100vw, 130px\" \/><\/p>\n<p>&nbsp;<\/p>\n<p>Fenster <strong><a href=\"https:\/\/bertrand.pl\/de\/produkt\/mb-79\/\">MB79N<\/a> mit fortschrittlicher Infratherm-Technologie<\/strong>wurde einstimmig als Sieger in der prestigetr\u00e4chtigen Kategorie ausgezeichnet <strong>Bestes Heimtechnologieprodukt<\/strong>w\u00e4hrend Weltausstellungen<strong>IBS 2024 <\/strong>In<strong> Las Vegas!<\/strong><\/p>\n<p>&nbsp;<\/p>\n<p>Infratherm-Fenster zeichnen sich durch eine innovative L\u00f6sung in Form von elektronisch gesteuertem Isolier- oder Verbundglas aus, das W\u00e4rme abgibt. Dadurch gew\u00e4hrleisten sie nicht nur die Transparenz des Glases, sondern auch den thermischen Komfort im Inneren von Geb\u00e4uden, der f\u00fcr Nutzer in verschiedenen Klimazonen von entscheidender Bedeutung ist.<\/p>\n<p>&nbsp;<\/p>\n<p>Dar\u00fcber hinaus Technologie <strong>Infratherm<\/strong> l\u00f6st effektiv das Problem der Wasserdampfkondensation oder des Frosts, die oft die Nutzung schwer zug\u00e4nglicher Oberfl\u00e4chen erschweren. So garantieren Ihre Fenster mit Infratherm das ganze Jahr \u00fcber eine angenehme Temperatur in jedem Raum.<\/p>\n<p>&nbsp;<\/p>\n<h4>F\u00fcr wen ist diese L\u00f6sung?<\/h4>\n<p>&nbsp;<\/p>\n<p>Unabh\u00e4ngig davon, ob Sie in einem warmen oder k\u00fchlen Klima leben, verhindert diese Technologie, dass Wasserdampf Ihre Sicht nach drau\u00dfen beeintr\u00e4chtigt. Dar\u00fcber hinaus erh\u00f6ht sich die Anzahl der Tage, an denen Sie sch\u00f6nes, nat\u00fcrliches Tageslicht genie\u00dfen k\u00f6nnen, erheblich. Und das ist bekanntlich nicht nur f\u00fcr unser Wohlbefinden, sondern auch f\u00fcr unsere Gesundheit von Vorteil. Dar\u00fcber hinaus beraten Sie unsere Experten gerne, wie Sie das Infratherm-System in Ihrem Zuhause optimal und effektiv einsetzen.<\/p>\n<p><strong>Infratherm<\/strong> Es kann sowohl als Hauptheizungssystem als auch in Kombination mit bestehenden Installationen verwendet werden. Urspr\u00fcnglich f\u00fcr skandinavische L\u00e4nder und Regionen mit kaltem Klima entwickelt, wird es heute in den meisten Klimazonen der Welt eingesetzt. Dies ist eine besonders attraktive L\u00f6sung f\u00fcr moderne Architektur, Wohn- und Gewerbeprojekte mit gro\u00dfen Verglasungen. Wichtig ist, dass diese Technologie hervorragend an Orten funktioniert, die nicht dauerhaft bewohnt sind und eine schnelle Erw\u00e4rmung erfordern, wie zum Beispiel Ferienh\u00e4user oder saisonale Einrichtungen.<\/p>\n<p>&nbsp;<\/p>\n<p><img fetchpriority=\"high\" decoding=\"async\" class=\"aligncenter wp-image-3187\" src=\"https:\/\/bertrand.pl\/wp-content\/uploads\/2023\/12\/infratherm2-scaled.jpg\" alt=\"\" width=\"682\" height=\"455\" srcset=\"https:\/\/bertrand.pl\/wp-content\/uploads\/2023\/12\/infratherm2-scaled.jpg 2560w, https:\/\/bertrand.pl\/wp-content\/uploads\/2023\/12\/infratherm2-420x280.jpg 420w, https:\/\/bertrand.pl\/wp-content\/uploads\/2023\/12\/infratherm2-1360x907.jpg 1360w, https:\/\/bertrand.pl\/wp-content\/uploads\/2023\/12\/infratherm2-768x512.jpg 768w, https:\/\/bertrand.pl\/wp-content\/uploads\/2023\/12\/infratherm2-1536x1024.jpg 1536w, https:\/\/bertrand.pl\/wp-content\/uploads\/2023\/12\/infratherm2-2048x1365.jpg 2048w, https:\/\/bertrand.pl\/wp-content\/uploads\/2023\/12\/infratherm2-18x12.jpg 18w, https:\/\/bertrand.pl\/wp-content\/uploads\/2023\/12\/infratherm2-600x400.jpg 600w\" sizes=\"(max-width: 682px) 100vw, 682px\" \/><\/p>\n<p>&nbsp;<\/p>\n<h4><strong>Anwendungsbeispiele des Infratherm-Systems:<\/strong><\/h4>\n<p>&nbsp;<\/p>\n<ul>\n<li>Beheizung von Wohngeb\u00e4uden<\/li>\n<li>Winterg\u00e4rten<\/li>\n<li>Hallenb\u00e4der (Beheizung und Kondenswasserbeseitigung)<\/li>\n<li>Krankenh\u00e4user, Kliniken, Wartezimmer<\/li>\n<li>Ferienh\u00e4user (gesund, saubere W\u00e4rme, keine Zugluft)<\/li>\n<li>Restaurants (Hauptheizung und erh\u00f6hter Komfort in der N\u00e4he von Verglasungen)<\/li>\n<li>B\u00fcros<\/li>\n<\/ul>\n<p><img decoding=\"async\" class=\"size-medium wp-image-980 aligncenter\" style=\"font-weight: inherit;\" src=\"https:\/\/bertrand.pl\/wp-content\/uploads\/2023\/12\/infratherm_okna_grzewcze_okno-420x315.jpg\" alt=\"\" width=\"420\" height=\"315\" srcset=\"https:\/\/bertrand.pl\/wp-content\/uploads\/2023\/12\/infratherm_okna_grzewcze_okno-420x315.jpg 420w, https:\/\/bertrand.pl\/wp-content\/uploads\/2023\/12\/infratherm_okna_grzewcze_okno.jpg 600w\" sizes=\"(max-width: 420px) 100vw, 420px\" \/><\/p>\n<p>&nbsp;<\/p>\n<h4><strong>Die wichtigsten Vorteile des Infratherm-Systems:<\/strong><\/h4>\n<p>&nbsp;<\/p>\n<ul>\n<li>Unsichtbar, transparent und \u00e4sthetisch, genau wie Hochleistungsisolierglas<\/li>\n<li>Ben\u00f6tigt keinen zus\u00e4tzlichen Installationsraum<\/li>\n<li>Leicht sauber zu halten und keine Wartung erforderlich<\/li>\n<li>Gesunde Strahlungsw\u00e4rme, die den \u201eKaltwand\u201c-Effekt beseitigt<\/li>\n<li>Sofortiges Gef\u00fchl thermischer Behaglichkeit<\/li>\n<li>Konstante, gleichm\u00e4\u00dfige Temperatur im Raum ohne Luftbewegung<\/li>\n<li>Energieeffizienz und Einsparung von Heizkosten<\/li>\n<li>Schnelles Aufheizen der R\u00e4ume auch an kalten Tagen<\/li>\n<\/ul>\n<p><strong>Infratherm<\/strong> ist eine Technologie, die nicht nur den Wohnkomfort verbessert, sondern auch die Energieeffizienz von Geb\u00e4uden deutlich steigert. Daher investieren Sie mit der Wahl dieser L\u00f6sung in Modernit\u00e4t, Ersparnisse und die Gesundheit Ihrer Familie.<\/p>\n<p>&nbsp;<\/p>\n<h4><strong><a href=\"https:\/\/bertrand.pl\/de\/farbe\/\">Farben von Fenstern und T\u00fcren<\/a><\/strong><\/h4>","protected":false},"excerpt":{"rendered":"<p><strong>STELLEN SIE SICH VOR, IHRE FENSTER WERDEN ZUR HEIZQUELLE<\/strong><\/p>\n<p>INFRATHERM sorgt f\u00fcr den W\u00e4rmefluss aus dem Glas und verbessert so den thermischen Komfort im Geb\u00e4udeinneren. INFRATHERM ist eine moderne Heizl\u00f6sung, die f\u00fcr thermische Behaglichkeit in R\u00e4umen sorgt und Zugluft und K\u00e4ltegef\u00fchle beseitigt.<\/p>","protected":false},"featured_media":3369,"template":"","meta":{"site-sidebar-layout":"default","site-content-layout":"","ast-site-content-layout":"default","site-content-style":"default","site-sidebar-style":"default","ast-global-header-display":"","ast-banner-title-visibility":"","ast-main-header-display":"","ast-hfb-above-header-display":"","ast-hfb-below-header-display":"","ast-hfb-mobile-header-display":"","site-post-title":"","ast-breadcrumbs-content":"","ast-featured-img":"","footer-sml-layout":"","ast-disable-related-posts":"","theme-transparent-header-meta":"default","adv-header-id-meta":"","stick-header-meta":"","header-above-stick-meta":"","header-main-stick-meta":"","header-below-stick-meta":"","astra-migrate-meta-layouts":"set","ast-page-background-enabled":"default","ast-page-background-meta":{"desktop":{"background-color":"var(--ast-global-color-4)","background-image":"","background-repeat":"repeat","background-position":"center center","background-size":"auto","background-attachment":"scroll","background-type":"","background-media":"","overlay-type":"","overlay-color":"","overlay-opacity":"","overlay-gradient":""},"tablet":{"background-color":"","background-image":"","background-repeat":"repeat","background-position":"center center","background-size":"auto","background-attachment":"scroll","background-type":"","background-media":"","overlay-type":"","overlay-color":"","overlay-opacity":"","overlay-gradient":""},"mobile":{"background-color":"","background-image":"","background-repeat":"repeat","background-position":"center center","background-size":"auto","background-attachment":"scroll","background-type":"","background-media":"","overlay-type":"","overlay-color":"","overlay-opacity":"","overlay-gradient":""}},"ast-content-background-meta":{"desktop":{"background-color":"var(--ast-global-color-5)","background-image":"","background-repeat":"repeat","background-position":"center center","background-size":"auto","background-attachment":"scroll","background-type":"","background-media":"","overlay-type":"","overlay-color":"","overlay-opacity":"","overlay-gradient":""},"tablet":{"background-color":"var(--ast-global-color-5)","background-image":"","background-repeat":"repeat","background-position":"center center","background-size":"auto","background-attachment":"scroll","background-type":"","background-media":"","overlay-type":"","overlay-color":"","overlay-opacity":"","overlay-gradient":""},"mobile":{"background-color":"var(--ast-global-color-5)","background-image":"","background-repeat":"repeat","background-position":"center center","background-size":"auto","background-attachment":"scroll","background-type":"","background-media":"","overlay-type":"","overlay-color":"","overlay-opacity":"","overlay-gradient":""}}},"product_brand":[],"product_cat":[29],"product_tag":[352,420,327,346,408,448,370,444,450,446,451,452,449,174,441,442,443,447,445],"class_list":{"0":"post-978","1":"product","2":"type-product","3":"status-publish","4":"has-post-thumbnail","6":"product_cat-okna-grzewcze","7":"product_tag-dobreokna","8":"product_tag-duza-powierzchnia-szkla","9":"product_tag-duza-powierzchnia-szklenia","10":"product_tag-duze-przestrzenie","11":"product_tag-duze-przeszklenia","12":"product_tag-elektryczna-szyba","13":"product_tag-idealne-okna-do-domu","14":"product_tag-infratherm","15":"product_tag-ogrody-zimowe","16":"product_tag-ogrzewanie","17":"product_tag-ogrzewanie-budynkow","18":"product_tag-ogrzewanie-budynku","19":"product_tag-ogrzewanie-domu","20":"product_tag-okna","21":"product_tag-okna-grzewcze","22":"product_tag-okno-grzewcze","23":"product_tag-oknogrzewcze","24":"product_tag-oszczednosc","25":"product_tag-technologie","26":"desktop-align-left","27":"tablet-align-left","28":"mobile-align-left","30":"first","31":"instock","32":"shipping-taxable","33":"product-type-simple"},"yoast_head":"<!-- This site is optimized with the Yoast SEO Premium plugin v27.2 (Yoast SEO v27.2) - https:\/\/yoast.com\/product\/yoast-seo-premium-wordpress\/ -->\n<title>INFRATHERM - Bertrand. Najwy\u017cszej jako\u015bci okna i drzwi. Certyfikowany producent od 1969 roku.<\/title>\n<meta name=\"description\" content=\"Okno MB79N z technologi\u0105 Infratherm \u2013 nagrodzone za innowacyjno\u015b\u0107 na IBS 2024! Komfort cieplny, eliminacja kondensacji i efektywne ogrzewanie.\" \/>\n<meta name=\"robots\" content=\"index, follow, max-snippet:-1, max-image-preview:large, max-video-preview:-1\" \/>\n<link rel=\"canonical\" href=\"https:\/\/bertrand.pl\/de\/produkt\/infratherm\/\" \/>\n<meta property=\"og:locale\" content=\"de_DE\" \/>\n<meta property=\"og:type\" content=\"article\" \/>\n<meta property=\"og:title\" content=\"INFRATHERM\" \/>\n<meta property=\"og:description\" content=\"Okno MB79N z technologi\u0105 Infratherm \u2013 nagrodzone za innowacyjno\u015b\u0107 na IBS 2024! Komfort cieplny, eliminacja kondensacji i efektywne ogrzewanie.\" \/>\n<meta property=\"og:url\" content=\"https:\/\/bertrand.pl\/de\/produkt\/infratherm\/\" \/>\n<meta property=\"og:site_name\" content=\"Bertrand. Najwy\u017cszej jako\u015bci okna i drzwi. Certyfikowany producent od 1969 roku.\" \/>\n<meta property=\"article:publisher\" content=\"https:\/\/www.facebook.com\/bertrandpolska\/\" \/>\n<meta property=\"article:modified_time\" content=\"2025-03-06T14:26:44+00:00\" \/>\n<meta property=\"og:image\" content=\"https:\/\/bertrand.pl\/wp-content\/uploads\/2023\/12\/infratherm_www-scaled.jpg\" \/>\n\t<meta property=\"og:image:width\" content=\"2560\" \/>\n\t<meta property=\"og:image:height\" content=\"2560\" \/>\n\t<meta property=\"og:image:type\" content=\"image\/jpeg\" \/>\n<meta name=\"twitter:card\" content=\"summary_large_image\" \/>\n<meta name=\"twitter:label1\" content=\"Gesch\u00e4tzte Lesezeit\" \/>\n\t<meta name=\"twitter:data1\" content=\"4\u00a0Minuten\" \/>\n<script type=\"application\/ld+json\" class=\"yoast-schema-graph\">{\"@context\":\"https:\/\/schema.org\",\"@graph\":[{\"@type\":\"WebPage\",\"@id\":\"https:\/\/bertrand.pl\/produkt\/infratherm\/\",\"url\":\"https:\/\/bertrand.pl\/produkt\/infratherm\/\",\"name\":\"INFRATHERM - Bertrand. Najwy\u017cszej jako\u015bci okna i drzwi. Certyfikowany producent od 1969 roku.\",\"isPartOf\":{\"@id\":\"https:\/\/bertrand.pl\/#website\"},\"primaryImageOfPage\":{\"@id\":\"https:\/\/bertrand.pl\/produkt\/infratherm\/#primaryimage\"},\"image\":{\"@id\":\"https:\/\/bertrand.pl\/produkt\/infratherm\/#primaryimage\"},\"thumbnailUrl\":\"https:\/\/bertrand.pl\/wp-content\/uploads\/2023\/12\/infratherm_www-scaled.jpg\",\"datePublished\":\"2023-12-13T08:28:33+00:00\",\"dateModified\":\"2025-03-06T14:26:44+00:00\",\"description\":\"Okno MB79N z technologi\u0105 Infratherm \u2013 nagrodzone za innowacyjno\u015b\u0107 na IBS 2024! Komfort cieplny, eliminacja kondensacji i efektywne ogrzewanie.\",\"breadcrumb\":{\"@id\":\"https:\/\/bertrand.pl\/produkt\/infratherm\/#breadcrumb\"},\"inLanguage\":\"de\",\"potentialAction\":[{\"@type\":\"ReadAction\",\"target\":[\"https:\/\/bertrand.pl\/produkt\/infratherm\/\"]}]},{\"@type\":\"ImageObject\",\"inLanguage\":\"de\",\"@id\":\"https:\/\/bertrand.pl\/produkt\/infratherm\/#primaryimage\",\"url\":\"https:\/\/bertrand.pl\/wp-content\/uploads\/2023\/12\/infratherm_www-scaled.jpg\",\"contentUrl\":\"https:\/\/bertrand.pl\/wp-content\/uploads\/2023\/12\/infratherm_www-scaled.jpg\",\"width\":2560,\"height\":2560},{\"@type\":\"BreadcrumbList\",\"@id\":\"https:\/\/bertrand.pl\/produkt\/infratherm\/#breadcrumb\",\"itemListElement\":[{\"@type\":\"ListItem\",\"position\":1,\"name\":\"Strona g\u0142\u00f3wna\",\"item\":\"https:\/\/bertrand.pl\/\"},{\"@type\":\"ListItem\",\"position\":2,\"name\":\"Produits\",\"item\":\"https:\/\/bertrand.pl\/fr\/shop\/\"},{\"@type\":\"ListItem\",\"position\":3,\"name\":\"INFRATHERM\"}]},{\"@type\":\"WebSite\",\"@id\":\"https:\/\/bertrand.pl\/#website\",\"url\":\"https:\/\/bertrand.pl\/\",\"name\":\"Bertrand.pl\",\"description\":\"Firma Bertrand to certyfikowany i uznany producent najwy\u017cszej jako\u015bci okien z PVC, z drewna lub aluminium. Produkcja drzwi, rolet i bram gara\u017cowych.\",\"publisher\":{\"@id\":\"https:\/\/bertrand.pl\/#organization\"},\"potentialAction\":[{\"@type\":\"SearchAction\",\"target\":{\"@type\":\"EntryPoint\",\"urlTemplate\":\"https:\/\/bertrand.pl\/?s={search_term_string}\"},\"query-input\":{\"@type\":\"PropertyValueSpecification\",\"valueRequired\":true,\"valueName\":\"search_term_string\"}}],\"inLanguage\":\"de\"},{\"@type\":\"Organization\",\"@id\":\"https:\/\/bertrand.pl\/#organization\",\"name\":\"Bertrand.pl\",\"url\":\"https:\/\/bertrand.pl\/\",\"logo\":{\"@type\":\"ImageObject\",\"inLanguage\":\"de\",\"@id\":\"https:\/\/bertrand.pl\/#\/schema\/logo\/image\/\",\"url\":\"https:\/\/bertrand.pl\/wp-content\/uploads\/2024\/12\/logo_BB_TM_PL_black.png\",\"contentUrl\":\"https:\/\/bertrand.pl\/wp-content\/uploads\/2024\/12\/logo_BB_TM_PL_black.png\",\"width\":1831,\"height\":1831,\"caption\":\"Bertrand.pl\"},\"image\":{\"@id\":\"https:\/\/bertrand.pl\/#\/schema\/logo\/image\/\"},\"sameAs\":[\"https:\/\/www.facebook.com\/bertrandpolska\/\",\"https:\/\/www.instagram.com\/bertrand_okna_i_drzwi\/\",\"https:\/\/www.linkedin.com\/company\/bertrand\/\",\"https:\/\/www.tiktok.com\/@bertrand_okna_drzwi\"]}]}<\/script>\n<!-- \/ Yoast SEO Premium plugin. -->","yoast_head_json":{"title":"INFRATHERM - Bertrand. Najwy\u017cszej jako\u015bci okna i drzwi. Certyfikowany producent od 1969 roku.","description":"MB79N-Fenster mit Infratherm-Technologie \u2013 ausgezeichnet f\u00fcr Innovation auf der IBS 2024! W\u00e4rmekomfort, Vermeidung von Kondensation und effektive Heizung.","robots":{"index":"index","follow":"follow","max-snippet":"max-snippet:-1","max-image-preview":"max-image-preview:large","max-video-preview":"max-video-preview:-1"},"canonical":"https:\/\/bertrand.pl\/de\/produkt\/infratherm\/","og_locale":"de_DE","og_type":"article","og_title":"INFRATHERM","og_description":"Okno MB79N z technologi\u0105 Infratherm \u2013 nagrodzone za innowacyjno\u015b\u0107 na IBS 2024! Komfort cieplny, eliminacja kondensacji i efektywne ogrzewanie.","og_url":"https:\/\/bertrand.pl\/de\/produkt\/infratherm\/","og_site_name":"Bertrand. Najwy\u017cszej jako\u015bci okna i drzwi. Certyfikowany producent od 1969 roku.","article_publisher":"https:\/\/www.facebook.com\/bertrandpolska\/","article_modified_time":"2025-03-06T14:26:44+00:00","og_image":[{"width":2560,"height":2560,"url":"https:\/\/bertrand.pl\/wp-content\/uploads\/2023\/12\/infratherm_www-scaled.jpg","type":"image\/jpeg"}],"twitter_card":"summary_large_image","twitter_misc":{"Gesch\u00e4tzte Lesezeit":"4\u00a0Minuten"},"schema":{"@context":"https:\/\/schema.org","@graph":[{"@type":"WebPage","@id":"https:\/\/bertrand.pl\/produkt\/infratherm\/","url":"https:\/\/bertrand.pl\/produkt\/infratherm\/","name":"INFRATHERM - Bertrand. Najwy\u017cszej jako\u015bci okna i drzwi. Certyfikowany producent od 1969 roku.","isPartOf":{"@id":"https:\/\/bertrand.pl\/#website"},"primaryImageOfPage":{"@id":"https:\/\/bertrand.pl\/produkt\/infratherm\/#primaryimage"},"image":{"@id":"https:\/\/bertrand.pl\/produkt\/infratherm\/#primaryimage"},"thumbnailUrl":"https:\/\/bertrand.pl\/wp-content\/uploads\/2023\/12\/infratherm_www-scaled.jpg","datePublished":"2023-12-13T08:28:33+00:00","dateModified":"2025-03-06T14:26:44+00:00","description":"MB79N-Fenster mit Infratherm-Technologie \u2013 ausgezeichnet f\u00fcr Innovation auf der IBS 2024! W\u00e4rmekomfort, Vermeidung von Kondensation und effektive Heizung.","breadcrumb":{"@id":"https:\/\/bertrand.pl\/produkt\/infratherm\/#breadcrumb"},"inLanguage":"de","potentialAction":[{"@type":"ReadAction","target":["https:\/\/bertrand.pl\/produkt\/infratherm\/"]}]},{"@type":"ImageObject","inLanguage":"de","@id":"https:\/\/bertrand.pl\/produkt\/infratherm\/#primaryimage","url":"https:\/\/bertrand.pl\/wp-content\/uploads\/2023\/12\/infratherm_www-scaled.jpg","contentUrl":"https:\/\/bertrand.pl\/wp-content\/uploads\/2023\/12\/infratherm_www-scaled.jpg","width":2560,"height":2560},{"@type":"BreadcrumbList","@id":"https:\/\/bertrand.pl\/produkt\/infratherm\/#breadcrumb","itemListElement":[{"@type":"ListItem","position":1,"name":"Strona g\u0142\u00f3wna","item":"https:\/\/bertrand.pl\/"},{"@type":"ListItem","position":2,"name":"Produits","item":"https:\/\/bertrand.pl\/fr\/shop\/"},{"@type":"ListItem","position":3,"name":"INFRATHERM"}]},{"@type":"WebSite","@id":"https:\/\/bertrand.pl\/#website","url":"https:\/\/bertrand.pl\/","name":"Bertrand.pl","description":"Firma Bertrand to certyfikowany i uznany producent najwy\u017cszej jako\u015bci okien z PVC, z drewna lub aluminium. Produkcja drzwi, rolet i bram gara\u017cowych.","publisher":{"@id":"https:\/\/bertrand.pl\/#organization"},"potentialAction":[{"@type":"SearchAction","target":{"@type":"EntryPoint","urlTemplate":"https:\/\/bertrand.pl\/?s={search_term_string}"},"query-input":{"@type":"PropertyValueSpecification","valueRequired":true,"valueName":"search_term_string"}}],"inLanguage":"de"},{"@type":"Organization","@id":"https:\/\/bertrand.pl\/#organization","name":"Bertrand.pl","url":"https:\/\/bertrand.pl\/","logo":{"@type":"ImageObject","inLanguage":"de","@id":"https:\/\/bertrand.pl\/#\/schema\/logo\/image\/","url":"https:\/\/bertrand.pl\/wp-content\/uploads\/2024\/12\/logo_BB_TM_PL_black.png","contentUrl":"https:\/\/bertrand.pl\/wp-content\/uploads\/2024\/12\/logo_BB_TM_PL_black.png","width":1831,"height":1831,"caption":"Bertrand.pl"},"image":{"@id":"https:\/\/bertrand.pl\/#\/schema\/logo\/image\/"},"sameAs":["https:\/\/www.facebook.com\/bertrandpolska\/","https:\/\/www.instagram.com\/bertrand_okna_i_drzwi\/","https:\/\/www.linkedin.com\/company\/bertrand\/","https:\/\/www.tiktok.com\/@bertrand_okna_drzwi"]}]}},"_links":{"self":[{"href":"https:\/\/bertrand.pl\/de\/wp-json\/wp\/v2\/product\/978","targetHints":{"allow":["GET"]}}],"collection":[{"href":"https:\/\/bertrand.pl\/de\/wp-json\/wp\/v2\/product"}],"about":[{"href":"https:\/\/bertrand.pl\/de\/wp-json\/wp\/v2\/types\/product"}],"wp:featuredmedia":[{"embeddable":true,"href":"https:\/\/bertrand.pl\/de\/wp-json\/wp\/v2\/media\/3369"}],"wp:attachment":[{"href":"https:\/\/bertrand.pl\/de\/wp-json\/wp\/v2\/media?parent=978"}],"wp:term":[{"taxonomy":"product_brand","embeddable":true,"href":"https:\/\/bertrand.pl\/de\/wp-json\/wp\/v2\/product_brand?post=978"},{"taxonomy":"product_cat","embeddable":true,"href":"https:\/\/bertrand.pl\/de\/wp-json\/wp\/v2\/product_cat?post=978"},{"taxonomy":"product_tag","embeddable":true,"href":"https:\/\/bertrand.pl\/de\/wp-json\/wp\/v2\/product_tag?post=978"}],"curies":[{"name":"wp","href":"https:\/\/api.w.org\/{rel}","templated":true}]}}