{"id":982,"date":"2024-06-30T09:41:32","date_gmt":"2024-06-30T07:41:32","guid":{"rendered":"https:\/\/bertrand.pl\/?post_type=product&#038;p=982"},"modified":"2024-12-13T13:59:05","modified_gmt":"2024-12-13T12:59:05","slug":"bertrand-eingangstur","status":"publish","type":"product","link":"https:\/\/bertrand.pl\/de\/produkt\/drzwi-wejsciowe-bertrand\/","title":{"rendered":"Eingangst\u00fcr"},"content":{"rendered":"<h1><strong>Eingangst\u00fcren \u2013 W\u00e4hlen Sie die perfekte Kombination aus Funktionalit\u00e4t und Stil<\/strong><\/h1>\n<p>&nbsp;<\/p>\n<p>Die Eingangst\u00fcr ist nicht nur das Aush\u00e4ngeschild Ihres Hauses, sondern auch ein Schl\u00fcsselelement f\u00fcr Sicherheit, W\u00e4rme- und Schalld\u00e4mmung. Die Wahl des richtigen Materials ist \u00e4u\u00dferst wichtig, da es sowohl die Haltbarkeit als auch die \u00c4sthetik beeinflusst.<\/p>\n<p>&nbsp;<\/p>\n<hr \/>\n<h3><strong>PVC-T\u00fcren \u2013 praktisch und erschwinglich<\/strong><\/h3>\n<p>\u00dcberaus beliebt sind T\u00fcren aus PVC, also Polyvinylchlorid. Warum? Vor allem aufgrund ihrer Haltbarkeit und Widerstandsf\u00e4higkeit gegen\u00fcber verschiedenen Wetterbedingungen. Dar\u00fcber hinaus ist PVC ein pflegeleichtes Material \u2013 es erfordert keine komplizierte Wartung. Dank moderner Technologien sind PVC-T\u00fcren in vielen Farben und Stilen erh\u00e4ltlich und imitieren oft andere Materialien wie Holz. Dar\u00fcber hinaus tragen ihre hervorragenden Isoliereigenschaften dazu bei, die optimale Temperatur im Haus aufrechtzuerhalten, was sich auf den thermischen Komfort der Bewohner auswirkt.<\/p>\n<hr \/>\n<h3><strong>Aluminiumt\u00fcren \u2013 Modernit\u00e4t und Langlebigkeit in einem<\/strong><\/h3>\n<p>F\u00fcr Liebhaber modernen Designs sind Aluminiumt\u00fcren die perfekte Wahl. Aluminium ist au\u00dfergew\u00f6hnlich leicht und langlebig, wodurch T\u00fcren aus diesem Material best\u00e4ndig gegen Korrosion und mechanische Besch\u00e4digungen sind. Dar\u00fcber hinaus sorgt der Einsatz moderner thermischer Trennungen in Aluminiumt\u00fcren f\u00fcr hervorragende Isoliereigenschaften. Die schlanken, eleganten Profile dieser T\u00fcren passen perfekt zu minimalistischen Architekturdesigns und verleihen Geb\u00e4uden einen repr\u00e4sentativen Charakter.<\/p>\n<hr \/>\n<h3><strong>Holzt\u00fcren \u2013 W\u00e4rme und klassische Eleganz<\/strong><\/h3>\n<p>Holzt\u00fcren werden seit Jahren mit Luxus und nat\u00fcrlicher Sch\u00f6nheit assoziiert. Holz bringt W\u00e4rme ins Haus und seine einzigartige Maserung macht jede T\u00fcr einzigartig. Moderne Holzt\u00fcren verbinden \u00c4sthetik mit Funktionalit\u00e4t dank fortschrittlicher Verarbeitungstechnologien, die ihre Widerstandsf\u00e4higkeit gegen\u00fcber Witterungseinfl\u00fcssen erh\u00f6hen. Dar\u00fcber hinaus bietet Holz eine hervorragende W\u00e4rme- und Schalld\u00e4mmung, was diese Wahl sowohl praktisch als auch stilvoll macht.<\/p>\n<p><a href=\"https:\/\/www.youtube.com\/watch?v=HrJnbzId9FI\">Geb\u00fcrstetes Holz in Bertrand-Fenstern und -T\u00fcren<\/a><\/p>\n<p>&nbsp;<\/p>\n<hr \/>\n<h3><strong>Komfort, Sicherheit und moderne Technologien<\/strong><\/h3>\n<p>BERTRAND-T\u00fcren sind ein Beispiel f\u00fcr die Kombination moderner Technologien mit Funktionalit\u00e4t. Der Einsatz von L\u00f6sungen wie LED-Beleuchtung im Griff, Fingerabdruckscannern oder digitalen Suchern erh\u00f6ht den Bedienkomfort. Dar\u00fcber hinaus k\u00f6nnen T\u00fcrverkleidungen mit Gegensprechanlagen und Video-Gegensprechanlagen ausgestattet werden, was f\u00fcr mehr Sicherheit f\u00fcr die Bewohner sorgt.<\/p>\n<hr \/>\n<h3><strong>Design passend zu jedem Stil<\/strong><\/h3>\n<p>Durch die abwechslungsreiche Gestaltung der T\u00fcren lassen sie sich perfekt an den Charakter des Hauses anpassen. Pr\u00e4zise gefertigte Details verleihen Eleganz und Prestige und machen BERTRAND-T\u00fcren zu einer Dekoration jeder Fassade.<\/p>\n<hr \/>\n<h3><strong>Warum lohnt es sich, BERTRAND-T\u00fcren zu w\u00e4hlen?<\/strong><\/h3>\n<p>&nbsp;<\/p>\n<ol>\n<li><strong>Hochwertige Materialien<\/strong> \u2013 PVC, Aluminium und Holz, die h\u00f6chsten Anspr\u00fcchen gen\u00fcgen.<\/li>\n<li><strong>Moderne Technologien<\/strong> \u2013 Fingerabdruckscanner, Video-Gegensprechanlagen und digitale Sucher.<\/li>\n<li><strong>\u00c4sthetik und Funktionalit\u00e4t<\/strong> \u2013 T\u00fcren, die auf jedes architektonische Design zugeschnitten sind.<\/li>\n<li><strong>Perfekte Isolierung<\/strong> \u2013 thermisch und akustisch, sorgt f\u00fcr komfortables Wohnen.<\/li>\n<\/ol>\n<hr \/>\n<h3><\/h3>\n<p>Die Haust\u00fcr ist ein Schl\u00fcsselelement Ihres Zuhauses. Ganz gleich, ob Sie sich f\u00fcr langlebige PVC-T\u00fcren, moderne Aluminiumt\u00fcren oder klassische Holzt\u00fcren entscheiden, die Marke BERTRAND steht f\u00fcr Qualit\u00e4t, Funktionalit\u00e4t und Eleganz. Investieren Sie in T\u00fcren, die sowohl ein Aush\u00e4ngeschild Ihres Zuhauses als auch ein Garant f\u00fcr Sicherheit und Komfort sind.<\/p>\n<p><strong>Entdecken Sie BERTRAND-T\u00fcren und schaffen Sie einen einzigartigen Eingang zu Ihrem Zuhause! <\/strong><\/p>\n<p><strong><a href=\"https:\/\/bertrand.pl\/de\/holzturen-tradition-und-qualitat-seit-1969\/\">Lesen Sie mehr \u00fcber Bertrand-T\u00fcren in unserem Blog: Holzt\u00fcren \u2013 Tradition und Qualit\u00e4t seit 1969 \u2013 Bertrand.pl<\/a><\/strong><\/p>\n<figure id=\"attachment_984\" aria-describedby=\"caption-attachment-984\" style=\"width: 1920px\" class=\"wp-caption alignnone\"><img fetchpriority=\"high\" decoding=\"async\" class=\"wp-image-984 size-full\" title=\"Eingangst\u00fcr\" src=\"https:\/\/bertrand.pl\/wp-content\/uploads\/2023\/12\/klasyczne-drzwi-zewntrzne.png\" alt=\"Bertrand-Eingangst\u00fcr. Dekoration Ihres Zuhauses! \" width=\"1920\" height=\"600\" srcset=\"https:\/\/bertrand.pl\/wp-content\/uploads\/2023\/12\/klasyczne-drzwi-zewntrzne.png 1920w, https:\/\/bertrand.pl\/wp-content\/uploads\/2023\/12\/klasyczne-drzwi-zewntrzne-420x131.png 420w, https:\/\/bertrand.pl\/wp-content\/uploads\/2023\/12\/klasyczne-drzwi-zewntrzne-1360x425.png 1360w, https:\/\/bertrand.pl\/wp-content\/uploads\/2023\/12\/klasyczne-drzwi-zewntrzne-768x240.png 768w, https:\/\/bertrand.pl\/wp-content\/uploads\/2023\/12\/klasyczne-drzwi-zewntrzne-1536x480.png 1536w, https:\/\/bertrand.pl\/wp-content\/uploads\/2023\/12\/klasyczne-drzwi-zewntrzne-600x188.png 600w\" sizes=\"(max-width: 1920px) 100vw, 1920px\" \/><figcaption id=\"caption-attachment-984\" class=\"wp-caption-text\">Eingangst\u00fcr<\/figcaption><\/figure>\n<h3><\/h3>\n<h3><img decoding=\"async\" class=\"wp-image-4163 aligncenter\" src=\"https:\/\/bertrand.pl\/wp-content\/uploads\/2024\/06\/3873060771543238855-128.png\" alt=\"\" width=\"50\" height=\"50\" srcset=\"https:\/\/bertrand.pl\/wp-content\/uploads\/2024\/06\/3873060771543238855-128.png 128w, https:\/\/bertrand.pl\/wp-content\/uploads\/2024\/06\/3873060771543238855-128-12x12.png 12w, https:\/\/bertrand.pl\/wp-content\/uploads\/2024\/06\/3873060771543238855-128-100x100.png 100w\" sizes=\"(max-width: 50px) 100vw, 50px\" \/><\/h3>\n<h3 style=\"text-align: center;\"><a href=\"https:\/\/bertrand-en.traumtuer-konfigurator.de\/?conf=361b0875\"><strong>Klicken Sie hier und konfigurieren Sie Ihre Traumt\u00fcr!<\/strong><\/a><\/h3>\n<h3><img decoding=\"async\" class=\"wp-image-4162 aligncenter\" src=\"https:\/\/bertrand.pl\/wp-content\/uploads\/2024\/06\/16637225141543238859-128.png\" alt=\"\" width=\"50\" height=\"50\" srcset=\"https:\/\/bertrand.pl\/wp-content\/uploads\/2024\/06\/16637225141543238859-128.png 128w, https:\/\/bertrand.pl\/wp-content\/uploads\/2024\/06\/16637225141543238859-128-12x12.png 12w, https:\/\/bertrand.pl\/wp-content\/uploads\/2024\/06\/16637225141543238859-128-100x100.png 100w\" sizes=\"(max-width: 50px) 100vw, 50px\" \/><\/h3>\n<p>&nbsp;<\/p>\n<p>&nbsp;<\/p>\n<h3 style=\"text-align: center;\">Moderne Accessoires<\/h3>\n<p>&nbsp;<\/p>\n<div id='gallery-1' class='gallery galleryid-982 gallery-columns-3 gallery-size-thumbnail'><figure class='gallery-item'>\n\t\t\t<div class='gallery-icon landscape'>\n\t\t\t\t<a href='https:\/\/bertrand.pl\/de\/?attachment_id=987'><img loading=\"lazy\" decoding=\"async\" width=\"360\" height=\"250\" src=\"https:\/\/bertrand.pl\/wp-content\/uploads\/2023\/12\/accessories5-360x250.jpg\" class=\"attachment-thumbnail size-thumbnail\" alt=\"\" aria-describedby=\"gallery-1-987\" \/><\/a>\n\t\t\t<\/div>\n\t\t\t\t<figcaption class='wp-caption-text gallery-caption' id='gallery-1-987'>\n\t\t\t\tGRIFF MIT INTEGRIERTEM FINGERSCANNER\n\t\t\t\t<\/figcaption><\/figure><figure class='gallery-item'>\n\t\t\t<div class='gallery-icon landscape'>\n\t\t\t\t<a href='https:\/\/bertrand.pl\/de\/?attachment_id=986'><img loading=\"lazy\" decoding=\"async\" width=\"360\" height=\"250\" src=\"https:\/\/bertrand.pl\/wp-content\/uploads\/2023\/12\/accessories2-360x250.jpg\" class=\"attachment-thumbnail size-thumbnail\" alt=\"\" aria-describedby=\"gallery-1-986\" \/><\/a>\n\t\t\t<\/div>\n\t\t\t\t<figcaption class='wp-caption-text gallery-caption' id='gallery-1-986'>\n\t\t\t\tHANDGRIFF MIT INTEGRIERTEM DIGITALEN SUCHER\n\t\t\t\t<\/figcaption><\/figure><figure class='gallery-item'>\n\t\t\t<div class='gallery-icon landscape'>\n\t\t\t\t<a href='https:\/\/bertrand.pl\/de\/?attachment_id=985'><img loading=\"lazy\" decoding=\"async\" width=\"360\" height=\"250\" src=\"https:\/\/bertrand.pl\/wp-content\/uploads\/2023\/12\/accessories1-360x250.jpg\" class=\"attachment-thumbnail size-thumbnail\" alt=\"\" aria-describedby=\"gallery-1-985\" \/><\/a>\n\t\t\t<\/div>\n\t\t\t\t<figcaption class='wp-caption-text gallery-caption' id='gallery-1-985'>\n\t\t\t\tGRIFF MIT INTEGRIERTER LED-BELEUCHTUNG\n\t\t\t\t<\/figcaption><\/figure>\n\t\t<\/div>\n\n<p>&nbsp;<\/p>\n<p>&nbsp;<\/p>\n<p style=\"text-align: center;\">","protected":false},"excerpt":{"rendered":"<p>EINZIGARTIGES DESIGN<\/p>\n<p>Als Hersteller von Fenstern und T\u00fcren mit langj\u00e4hriger Branchenerfahrung bieten wir eine Reihe bew\u00e4hrter L\u00f6sungen. Das Angebot von Bertrand umfasst Au\u00dfent\u00fcren aus Stahl, Aluminium, Holz und PVC \u2013 alle diese Varianten zeichnen sich durch hochwertige Produktion, die Verwendung langlebiger Materialien und Funktionalit\u00e4t aus. Es stehen zahlreiche Designs, technische L\u00f6sungen und Zubeh\u00f6rteile zur Auswahl, die Einfluss auf \u00c4sthetik, Sicherheit und Bedienkomfort haben.<\/p>","protected":false},"featured_media":4733,"template":"","meta":{"site-sidebar-layout":"default","site-content-layout":"","ast-site-content-layout":"default","site-content-style":"default","site-sidebar-style":"default","ast-global-header-display":"","ast-banner-title-visibility":"","ast-main-header-display":"","ast-hfb-above-header-display":"","ast-hfb-below-header-display":"","ast-hfb-mobile-header-display":"","site-post-title":"","ast-breadcrumbs-content":"","ast-featured-img":"","footer-sml-layout":"","ast-disable-related-posts":"","theme-transparent-header-meta":"default","adv-header-id-meta":"","stick-header-meta":"","header-above-stick-meta":"","header-main-stick-meta":"","header-below-stick-meta":"","astra-migrate-meta-layouts":"set","ast-page-background-enabled":"default","ast-page-background-meta":{"desktop":{"background-color":"var(--ast-global-color-4)","background-image":"","background-repeat":"repeat","background-position":"center center","background-size":"auto","background-attachment":"scroll","background-type":"","background-media":"","overlay-type":"","overlay-color":"","overlay-opacity":"","overlay-gradient":""},"tablet":{"background-color":"","background-image":"","background-repeat":"repeat","background-position":"center center","background-size":"auto","background-attachment":"scroll","background-type":"","background-media":"","overlay-type":"","overlay-color":"","overlay-opacity":"","overlay-gradient":""},"mobile":{"background-color":"","background-image":"","background-repeat":"repeat","background-position":"center center","background-size":"auto","background-attachment":"scroll","background-type":"","background-media":"","overlay-type":"","overlay-color":"","overlay-opacity":"","overlay-gradient":""}},"ast-content-background-meta":{"desktop":{"background-color":"var(--ast-global-color-5)","background-image":"","background-repeat":"repeat","background-position":"center center","background-size":"auto","background-attachment":"scroll","background-type":"","background-media":"","overlay-type":"","overlay-color":"","overlay-opacity":"","overlay-gradient":""},"tablet":{"background-color":"var(--ast-global-color-5)","background-image":"","background-repeat":"repeat","background-position":"center center","background-size":"auto","background-attachment":"scroll","background-type":"","background-media":"","overlay-type":"","overlay-color":"","overlay-opacity":"","overlay-gradient":""},"mobile":{"background-color":"var(--ast-global-color-5)","background-image":"","background-repeat":"repeat","background-position":"center center","background-size":"auto","background-attachment":"scroll","background-type":"","background-media":"","overlay-type":"","overlay-color":"","overlay-opacity":"","overlay-gradient":""}}},"product_brand":[],"product_cat":[38],"product_tag":[168,360,326,367,368,339,377,175,195,400,460,343,383,1006,1195,1200,1201,1196,1197,1186,342,1202,1199,1191,458,1194,1198,1189,1188,361,366,459,1187,169,362,1192,1190,1193],"class_list":{"0":"post-982","1":"product","2":"type-product","3":"status-publish","4":"has-post-thumbnail","6":"product_cat-drzwi-zewnetrzne","7":"product_tag-bertrand","8":"product_tag-bezpieczenstwo","9":"product_tag-budowa-domu","10":"product_tag-budownictwo","11":"product_tag-budownictwo-pasywne","12":"product_tag-design","13":"product_tag-dobre-drzwi","14":"product_tag-drzwi","15":"product_tag-drzwi-aluminiowe","16":"product_tag-drzwi-antywlamaniowe","17":"product_tag-drzwi-bertrand","18":"product_tag-drzwi-do-domu","19":"product_tag-drzwi-drewniane","20":"product_tag-drzwi-energooszczedne","21":"product_tag-drzwi-klasyczne","22":"product_tag-drzwi-minimalistyczne","23":"product_tag-drzwi-na-wymiar","24":"product_tag-drzwi-nowoczesne","25":"product_tag-drzwi-odporne-na-warunki-atmosferyczne","26":"product_tag-drzwi-pvc","27":"product_tag-drzwi-wejsciowe","28":"product_tag-drzwi-wejsciowe-do-domu","29":"product_tag-drzwi-z-naturalnego-drewna","30":"product_tag-drzwi-z-pochwytem-led","31":"product_tag-drzwi-zewnetrzne","32":"product_tag-eleganckie-drzwi-wejsciowe","33":"product_tag-estetyczne-drzwi-zewnetrzne","34":"product_tag-izolacja-akustyczna-drzwi","35":"product_tag-izolacja-termiczna-drzwi","36":"product_tag-jakosc","37":"product_tag-komfort","38":"product_tag-nowoczesne-drzwi","39":"product_tag-nowoczesne-drzwi-wejsciowe","40":"product_tag-produkt","41":"product_tag-quality","42":"product_tag-skanery-linii-papilarnych-w-drzwiach","43":"product_tag-trwale-drzwi-wejsciowe","44":"product_tag-wideodomofony-w-drzwiach","45":"desktop-align-left","46":"tablet-align-left","47":"mobile-align-left","49":"first","50":"instock","51":"shipping-taxable","52":"product-type-simple"},"yoast_head":"<!-- This site is optimized with the Yoast SEO Premium plugin v27.2 (Yoast SEO v27.2) - https:\/\/yoast.com\/product\/yoast-seo-premium-wordpress\/ -->\n<title>Drzwi wej\u015bciowe - Bertrand. Najwy\u017cszej jako\u015bci okna i drzwi. Certyfikowany producent od 1969 roku.<\/title>\n<meta name=\"description\" content=\"Drzwi wej\u015bciowe Bertrand stanowi\u0105 to wizyt\u00f3wka Twojego domu. To gwarancja estetyki, bezpiecze\u0144stwa oraz komfortu. Sprawd\u017a nasz\u0105 ofert\u0119!\" \/>\n<meta name=\"robots\" content=\"index, follow, max-snippet:-1, max-image-preview:large, max-video-preview:-1\" \/>\n<link rel=\"canonical\" href=\"https:\/\/bertrand.pl\/de\/produkt\/bertrand-eingangstur\/\" \/>\n<meta property=\"og:locale\" content=\"de_DE\" \/>\n<meta property=\"og:type\" content=\"article\" \/>\n<meta property=\"og:title\" content=\"Drzwi wej\u015bciowe\" \/>\n<meta property=\"og:description\" content=\"Drzwi wej\u015bciowe Bertrand stanowi\u0105 to wizyt\u00f3wka Twojego domu. To gwarancja estetyki, bezpiecze\u0144stwa oraz komfortu. Sprawd\u017a nasz\u0105 ofert\u0119!\" \/>\n<meta property=\"og:url\" content=\"https:\/\/bertrand.pl\/de\/produkt\/bertrand-eingangstur\/\" \/>\n<meta property=\"og:site_name\" content=\"Bertrand. Najwy\u017cszej jako\u015bci okna i drzwi. Certyfikowany producent od 1969 roku.\" \/>\n<meta property=\"article:publisher\" content=\"https:\/\/www.facebook.com\/bertrandpolska\/\" \/>\n<meta property=\"article:modified_time\" content=\"2024-12-13T12:59:05+00:00\" \/>\n<meta property=\"og:image\" content=\"https:\/\/bertrand.pl\/wp-content\/uploads\/2024\/06\/20201103_Bertrand_Lignum_PL_1.jpg\" \/>\n\t<meta property=\"og:image:width\" content=\"1311\" \/>\n\t<meta property=\"og:image:height\" content=\"2460\" \/>\n\t<meta property=\"og:image:type\" content=\"image\/jpeg\" \/>\n<meta name=\"twitter:card\" content=\"summary_large_image\" \/>\n<meta name=\"twitter:label1\" content=\"Gesch\u00e4tzte Lesezeit\" \/>\n\t<meta name=\"twitter:data1\" content=\"4\u00a0Minuten\" \/>\n<script type=\"application\/ld+json\" class=\"yoast-schema-graph\">{\"@context\":\"https:\/\/schema.org\",\"@graph\":[{\"@type\":\"WebPage\",\"@id\":\"https:\/\/bertrand.pl\/produkt\/drzwi-wejsciowe-bertrand\/\",\"url\":\"https:\/\/bertrand.pl\/produkt\/drzwi-wejsciowe-bertrand\/\",\"name\":\"Drzwi wej\u015bciowe - Bertrand. Najwy\u017cszej jako\u015bci okna i drzwi. Certyfikowany producent od 1969 roku.\",\"isPartOf\":{\"@id\":\"https:\/\/bertrand.pl\/#website\"},\"primaryImageOfPage\":{\"@id\":\"https:\/\/bertrand.pl\/produkt\/drzwi-wejsciowe-bertrand\/#primaryimage\"},\"image\":{\"@id\":\"https:\/\/bertrand.pl\/produkt\/drzwi-wejsciowe-bertrand\/#primaryimage\"},\"thumbnailUrl\":\"https:\/\/bertrand.pl\/wp-content\/uploads\/2024\/06\/20201103_Bertrand_Lignum_PL_1.jpg\",\"datePublished\":\"2024-06-30T07:41:32+00:00\",\"dateModified\":\"2024-12-13T12:59:05+00:00\",\"description\":\"Drzwi wej\u015bciowe Bertrand stanowi\u0105 to wizyt\u00f3wka Twojego domu. To gwarancja estetyki, bezpiecze\u0144stwa oraz komfortu. Sprawd\u017a nasz\u0105 ofert\u0119!\",\"breadcrumb\":{\"@id\":\"https:\/\/bertrand.pl\/produkt\/drzwi-wejsciowe-bertrand\/#breadcrumb\"},\"inLanguage\":\"de\",\"potentialAction\":[{\"@type\":\"ReadAction\",\"target\":[\"https:\/\/bertrand.pl\/produkt\/drzwi-wejsciowe-bertrand\/\"]}]},{\"@type\":\"ImageObject\",\"inLanguage\":\"de\",\"@id\":\"https:\/\/bertrand.pl\/produkt\/drzwi-wejsciowe-bertrand\/#primaryimage\",\"url\":\"https:\/\/bertrand.pl\/wp-content\/uploads\/2024\/06\/20201103_Bertrand_Lignum_PL_1.jpg\",\"contentUrl\":\"https:\/\/bertrand.pl\/wp-content\/uploads\/2024\/06\/20201103_Bertrand_Lignum_PL_1.jpg\",\"width\":1311,\"height\":2460,\"caption\":\"Drzwi zewn\u0119trzne Bertrand Lignum.\"},{\"@type\":\"BreadcrumbList\",\"@id\":\"https:\/\/bertrand.pl\/produkt\/drzwi-wejsciowe-bertrand\/#breadcrumb\",\"itemListElement\":[{\"@type\":\"ListItem\",\"position\":1,\"name\":\"Strona g\u0142\u00f3wna\",\"item\":\"https:\/\/bertrand.pl\/\"},{\"@type\":\"ListItem\",\"position\":2,\"name\":\"Produits\",\"item\":\"https:\/\/bertrand.pl\/fr\/shop\/\"},{\"@type\":\"ListItem\",\"position\":3,\"name\":\"Drzwi wej\u015bciowe\"}]},{\"@type\":\"WebSite\",\"@id\":\"https:\/\/bertrand.pl\/#website\",\"url\":\"https:\/\/bertrand.pl\/\",\"name\":\"Bertrand.pl\",\"description\":\"Firma Bertrand to certyfikowany i uznany producent najwy\u017cszej jako\u015bci okien z PVC, z drewna lub aluminium. Produkcja drzwi, rolet i bram gara\u017cowych.\",\"publisher\":{\"@id\":\"https:\/\/bertrand.pl\/#organization\"},\"potentialAction\":[{\"@type\":\"SearchAction\",\"target\":{\"@type\":\"EntryPoint\",\"urlTemplate\":\"https:\/\/bertrand.pl\/?s={search_term_string}\"},\"query-input\":{\"@type\":\"PropertyValueSpecification\",\"valueRequired\":true,\"valueName\":\"search_term_string\"}}],\"inLanguage\":\"de\"},{\"@type\":\"Organization\",\"@id\":\"https:\/\/bertrand.pl\/#organization\",\"name\":\"Bertrand.pl\",\"url\":\"https:\/\/bertrand.pl\/\",\"logo\":{\"@type\":\"ImageObject\",\"inLanguage\":\"de\",\"@id\":\"https:\/\/bertrand.pl\/#\/schema\/logo\/image\/\",\"url\":\"https:\/\/bertrand.pl\/wp-content\/uploads\/2024\/12\/logo_BB_TM_PL_black.png\",\"contentUrl\":\"https:\/\/bertrand.pl\/wp-content\/uploads\/2024\/12\/logo_BB_TM_PL_black.png\",\"width\":1831,\"height\":1831,\"caption\":\"Bertrand.pl\"},\"image\":{\"@id\":\"https:\/\/bertrand.pl\/#\/schema\/logo\/image\/\"},\"sameAs\":[\"https:\/\/www.facebook.com\/bertrandpolska\/\",\"https:\/\/www.instagram.com\/bertrand_okna_i_drzwi\/\",\"https:\/\/www.linkedin.com\/company\/bertrand\/\",\"https:\/\/www.tiktok.com\/@bertrand_okna_drzwi\"]}]}<\/script>\n<!-- \/ Yoast SEO Premium plugin. -->","yoast_head_json":{"title":"Drzwi wej\u015bciowe - Bertrand. Najwy\u017cszej jako\u015bci okna i drzwi. Certyfikowany producent od 1969 roku.","description":"Bertrand-Haust\u00fcren sind das Aush\u00e4ngeschild Ihres Zuhauses. Dies ist ein Garant f\u00fcr \u00c4sthetik, Sicherheit und Komfort. Schauen Sie sich unser Angebot an!","robots":{"index":"index","follow":"follow","max-snippet":"max-snippet:-1","max-image-preview":"max-image-preview:large","max-video-preview":"max-video-preview:-1"},"canonical":"https:\/\/bertrand.pl\/de\/produkt\/bertrand-eingangstur\/","og_locale":"de_DE","og_type":"article","og_title":"Drzwi wej\u015bciowe","og_description":"Drzwi wej\u015bciowe Bertrand stanowi\u0105 to wizyt\u00f3wka Twojego domu. To gwarancja estetyki, bezpiecze\u0144stwa oraz komfortu. Sprawd\u017a nasz\u0105 ofert\u0119!","og_url":"https:\/\/bertrand.pl\/de\/produkt\/bertrand-eingangstur\/","og_site_name":"Bertrand. Najwy\u017cszej jako\u015bci okna i drzwi. Certyfikowany producent od 1969 roku.","article_publisher":"https:\/\/www.facebook.com\/bertrandpolska\/","article_modified_time":"2024-12-13T12:59:05+00:00","og_image":[{"width":1311,"height":2460,"url":"https:\/\/bertrand.pl\/wp-content\/uploads\/2024\/06\/20201103_Bertrand_Lignum_PL_1.jpg","type":"image\/jpeg"}],"twitter_card":"summary_large_image","twitter_misc":{"Gesch\u00e4tzte Lesezeit":"4\u00a0Minuten"},"schema":{"@context":"https:\/\/schema.org","@graph":[{"@type":"WebPage","@id":"https:\/\/bertrand.pl\/produkt\/drzwi-wejsciowe-bertrand\/","url":"https:\/\/bertrand.pl\/produkt\/drzwi-wejsciowe-bertrand\/","name":"Drzwi wej\u015bciowe - Bertrand. Najwy\u017cszej jako\u015bci okna i drzwi. Certyfikowany producent od 1969 roku.","isPartOf":{"@id":"https:\/\/bertrand.pl\/#website"},"primaryImageOfPage":{"@id":"https:\/\/bertrand.pl\/produkt\/drzwi-wejsciowe-bertrand\/#primaryimage"},"image":{"@id":"https:\/\/bertrand.pl\/produkt\/drzwi-wejsciowe-bertrand\/#primaryimage"},"thumbnailUrl":"https:\/\/bertrand.pl\/wp-content\/uploads\/2024\/06\/20201103_Bertrand_Lignum_PL_1.jpg","datePublished":"2024-06-30T07:41:32+00:00","dateModified":"2024-12-13T12:59:05+00:00","description":"Bertrand-Haust\u00fcren sind das Aush\u00e4ngeschild Ihres Zuhauses. Dies ist ein Garant f\u00fcr \u00c4sthetik, Sicherheit und Komfort. Schauen Sie sich unser Angebot an!","breadcrumb":{"@id":"https:\/\/bertrand.pl\/produkt\/drzwi-wejsciowe-bertrand\/#breadcrumb"},"inLanguage":"de","potentialAction":[{"@type":"ReadAction","target":["https:\/\/bertrand.pl\/produkt\/drzwi-wejsciowe-bertrand\/"]}]},{"@type":"ImageObject","inLanguage":"de","@id":"https:\/\/bertrand.pl\/produkt\/drzwi-wejsciowe-bertrand\/#primaryimage","url":"https:\/\/bertrand.pl\/wp-content\/uploads\/2024\/06\/20201103_Bertrand_Lignum_PL_1.jpg","contentUrl":"https:\/\/bertrand.pl\/wp-content\/uploads\/2024\/06\/20201103_Bertrand_Lignum_PL_1.jpg","width":1311,"height":2460,"caption":"Drzwi zewn\u0119trzne Bertrand Lignum."},{"@type":"BreadcrumbList","@id":"https:\/\/bertrand.pl\/produkt\/drzwi-wejsciowe-bertrand\/#breadcrumb","itemListElement":[{"@type":"ListItem","position":1,"name":"Strona g\u0142\u00f3wna","item":"https:\/\/bertrand.pl\/"},{"@type":"ListItem","position":2,"name":"Produits","item":"https:\/\/bertrand.pl\/fr\/shop\/"},{"@type":"ListItem","position":3,"name":"Drzwi wej\u015bciowe"}]},{"@type":"WebSite","@id":"https:\/\/bertrand.pl\/#website","url":"https:\/\/bertrand.pl\/","name":"Bertrand.pl","description":"Firma Bertrand to certyfikowany i uznany producent najwy\u017cszej jako\u015bci okien z PVC, z drewna lub aluminium. Produkcja drzwi, rolet i bram gara\u017cowych.","publisher":{"@id":"https:\/\/bertrand.pl\/#organization"},"potentialAction":[{"@type":"SearchAction","target":{"@type":"EntryPoint","urlTemplate":"https:\/\/bertrand.pl\/?s={search_term_string}"},"query-input":{"@type":"PropertyValueSpecification","valueRequired":true,"valueName":"search_term_string"}}],"inLanguage":"de"},{"@type":"Organization","@id":"https:\/\/bertrand.pl\/#organization","name":"Bertrand.pl","url":"https:\/\/bertrand.pl\/","logo":{"@type":"ImageObject","inLanguage":"de","@id":"https:\/\/bertrand.pl\/#\/schema\/logo\/image\/","url":"https:\/\/bertrand.pl\/wp-content\/uploads\/2024\/12\/logo_BB_TM_PL_black.png","contentUrl":"https:\/\/bertrand.pl\/wp-content\/uploads\/2024\/12\/logo_BB_TM_PL_black.png","width":1831,"height":1831,"caption":"Bertrand.pl"},"image":{"@id":"https:\/\/bertrand.pl\/#\/schema\/logo\/image\/"},"sameAs":["https:\/\/www.facebook.com\/bertrandpolska\/","https:\/\/www.instagram.com\/bertrand_okna_i_drzwi\/","https:\/\/www.linkedin.com\/company\/bertrand\/","https:\/\/www.tiktok.com\/@bertrand_okna_drzwi"]}]}},"_links":{"self":[{"href":"https:\/\/bertrand.pl\/de\/wp-json\/wp\/v2\/product\/982","targetHints":{"allow":["GET"]}}],"collection":[{"href":"https:\/\/bertrand.pl\/de\/wp-json\/wp\/v2\/product"}],"about":[{"href":"https:\/\/bertrand.pl\/de\/wp-json\/wp\/v2\/types\/product"}],"wp:featuredmedia":[{"embeddable":true,"href":"https:\/\/bertrand.pl\/de\/wp-json\/wp\/v2\/media\/4733"}],"wp:attachment":[{"href":"https:\/\/bertrand.pl\/de\/wp-json\/wp\/v2\/media?parent=982"}],"wp:term":[{"taxonomy":"product_brand","embeddable":true,"href":"https:\/\/bertrand.pl\/de\/wp-json\/wp\/v2\/product_brand?post=982"},{"taxonomy":"product_cat","embeddable":true,"href":"https:\/\/bertrand.pl\/de\/wp-json\/wp\/v2\/product_cat?post=982"},{"taxonomy":"product_tag","embeddable":true,"href":"https:\/\/bertrand.pl\/de\/wp-json\/wp\/v2\/product_tag?post=982"}],"curies":[{"name":"wp","href":"https:\/\/api.w.org\/{rel}","templated":true}]}}