{"id":1483,"date":"2024-01-08T14:30:42","date_gmt":"2024-01-08T13:30:42","guid":{"rendered":"https:\/\/bertrand.pl\/?page_id=1483"},"modified":"2024-12-11T10:46:41","modified_gmt":"2024-12-11T09:46:41","slug":"take-care-of-your-windows","status":"publish","type":"page","link":"https:\/\/bertrand.pl\/en\/zadbaj-o-swoje-okna\/","title":{"rendered":"Take care of your windows"},"content":{"rendered":"<div data-elementor-type=\"wp-page\" data-elementor-id=\"1483\" class=\"elementor elementor-1483\" data-elementor-post-type=\"page\">\n\t\t\t\t<div class=\"elementor-element elementor-element-ff80345 e-flex e-con-boxed e-con e-parent\" data-id=\"ff80345\" data-element_type=\"container\" data-e-type=\"container\" data-settings=\"{&quot;background_background&quot;:&quot;classic&quot;}\">\n\t\t\t\t\t<div class=\"e-con-inner\">\n\t\t<div class=\"elementor-element elementor-element-319b7f8 e-con-full e-flex e-con e-child\" data-id=\"319b7f8\" data-element_type=\"container\" data-e-type=\"container\">\n\t\t\t\t<div class=\"elementor-element elementor-element-3ecf69e elementor-widget elementor-widget-heading\" data-id=\"3ecf69e\" data-element_type=\"widget\" data-e-type=\"widget\" data-widget_type=\"heading.default\">\n\t\t\t\t<div class=\"elementor-widget-container\">\n\t\t\t\t\t<h1 class=\"elementor-heading-title elementor-size-default\">Take care of yours <span class=\"color\">windows<\/span><\/h1>\t\t\t\t<\/div>\n\t\t\t\t<\/div>\n\t\t\t\t<div class=\"elementor-element elementor-element-033b5c1 elementor-widget elementor-widget-text-editor\" data-id=\"033b5c1\" data-element_type=\"widget\" data-e-type=\"widget\" data-widget_type=\"text-editor.default\">\n\t\t\t\t<div class=\"elementor-widget-container\">\n\t\t\t\t\t\t\t\t\t<p>Regular window maintenance is key to their durability and aesthetic appearance over the years.\nWhether you have wooden, PVC, or aluminum windows, proper care significantly enhances their functionality and resistance to external factors.\nHere are the most important tips on how to take care of your windows.<\/p><h4>Why is it worth taking care of your windows?<\/h4><p>Both wooden, PVC, and aluminum windows require systematic maintenance.\nRegular cleaning and upkeep protect them from damage, increase their durability, and prevent costly repairs.<\/p><p class=\"translation-block\">Detailed information about products recommended for window maintenance can be found through our service: <strong>serwis@bertrand.pl<\/strong>.<\/p>\t\t\t\t\t\t\t\t<\/div>\n\t\t\t\t<\/div>\n\t\t\t\t<\/div>\n\t\t<div class=\"elementor-element elementor-element-790c488 e-con-full elementor-hidden-mobile elementor-hidden-tablet e-flex e-con e-child\" data-id=\"790c488\" data-element_type=\"container\" data-e-type=\"container\">\n\t\t\t\t<div class=\"elementor-element elementor-element-d057497 img-dots elementor-widget elementor-widget-image\" data-id=\"d057497\" data-element_type=\"widget\" data-e-type=\"widget\" data-widget_type=\"image.default\">\n\t\t\t\t<div class=\"elementor-widget-container\">\n\t\t\t\t\t\t\t\t\t\t\t\t\t\t\t<img fetchpriority=\"high\" decoding=\"async\" width=\"1320\" height=\"880\" src=\"https:\/\/bertrand.pl\/wp-content\/uploads\/2024\/01\/mother-little-son-sitting-windowsill-1360x907.webp\" class=\"attachment-large size-large wp-image-1624\" alt=\"\" srcset=\"https:\/\/bertrand.pl\/wp-content\/uploads\/2024\/01\/mother-little-son-sitting-windowsill-1360x907.webp 1360w, https:\/\/bertrand.pl\/wp-content\/uploads\/2024\/01\/mother-little-son-sitting-windowsill-420x280.webp 420w, https:\/\/bertrand.pl\/wp-content\/uploads\/2024\/01\/mother-little-son-sitting-windowsill-768x512.webp 768w, https:\/\/bertrand.pl\/wp-content\/uploads\/2024\/01\/mother-little-son-sitting-windowsill-600x400.webp 600w, https:\/\/bertrand.pl\/wp-content\/uploads\/2024\/01\/mother-little-son-sitting-windowsill.webp 1500w\" sizes=\"(max-width: 1320px) 100vw, 1320px\" \/>\t\t\t\t\t\t\t\t\t\t\t\t\t\t\t<\/div>\n\t\t\t\t<\/div>\n\t\t\t\t<\/div>\n\t\t\t\t\t<\/div>\n\t\t\t\t<\/div>\n\t\t<div class=\"elementor-element elementor-element-438e575 e-flex e-con-boxed e-con e-parent\" data-id=\"438e575\" data-element_type=\"container\" data-e-type=\"container\">\n\t\t\t\t\t<div class=\"e-con-inner\">\n\t\t\t\t<div class=\"elementor-element elementor-element-3442180 elementor-widget elementor-widget-text-editor\" data-id=\"3442180\" data-element_type=\"widget\" data-e-type=\"widget\" data-widget_type=\"text-editor.default\">\n\t\t\t\t<div class=\"elementor-widget-container\">\n\t\t\t\t\t\t\t\t\t<h4>Cleaning Wooden Windows<\/h4><p class=\"translation-block\">Taking care of <a href=\"https:\/\/bertrand.pl\/en\/okna-drewniane\/\" target=\"_self\">wooden windows<\/a> requires regular cleaning, which not only improves their appearance but also protects them from damage.\nDust and dirt can encourage the growth of algae and fungi that damage the varnish coating.\nTo prevent this, clean the window frames with a gentle detergent and warm water, avoiding harsh chemicals.\nRemember that systematic maintenance helps avoid costly renovations and extends the lifespan of the windows.<\/p><h4>PVC Window Maintenance<\/h4><p class=\"translation-block\"><a href=\"https:\/\/bertrand.pl\/en\/pvc-windows\/\" target=\"_self\">PVC windows<\/a> are easy to maintain but require regular removal of dirt and dust that accumulates on their surface.\nCleaning with a soft cloth and mild detergent prevents permanent stains.\nAvoid using harsh chemicals that could damage the surface of the frames.<\/p><h4>Maintenance of Aluminum Windows<\/h4><p class=\"translation-block\"><a href=\"https:\/\/bertrand.pl\/en\/aluminum-windows\/\" target=\"_self\">Aluminum frames<\/a> require special care, especially when exposed to moisture.\nCleaning them with gentle products designed for aluminum prevents corrosion and preserves their aesthetics.\nRegular lubrication of movable hardware elements ensures smooth operation and durability of the mechanisms.<\/p><h4>Regular Technical Condition Inspections<\/h4><p class=\"translation-block\">In addition to cleaning, regular inspections of your windows' technical condition are important.\nCheck the seals, fittings, and frame surfaces for damage.\nLubricate mechanisms or replace worn parts as needed to prevent major failures.\nSystematic <a href=\"https:\/\/sklep.winkhaus.pl\/pl\/blog\/post\/konserwacja-okien-jak-czesto-i-o-jakiej-porze-roku-ja-wykonywac?srsltid=AfmBOoqoN4tfiJN173NyBmy8kFhurZNpgKrWIPJVbdBPZ7vg0EiCSYmf\" target=\"_self\">maintenance<\/a> ensures smooth operation and extends the lifespan of your windows.<\/p>\t\t\t\t\t\t\t\t<\/div>\n\t\t\t\t<\/div>\n\t\t\t\t\t<\/div>\n\t\t\t\t<\/div>\n\t\t\t\t<\/div>","protected":false},"excerpt":{"rendered":"<p>Zadbaj o swoje okna Regularna piel\u0119gnacja okien to klucz do ich trwa\u0142o\u015bci i estetycznego wygl\u0105du przez lata. Niezale\u017cnie od tego, czy masz okna drewniane, PVC, czy aluminiowe, dbanie o nie w odpowiedni spos\u00f3b znacz\u0105co wp\u0142ywa na ich funkcjonalno\u015b\u0107 i odporno\u015b\u0107 na czynniki zewn\u0119trzne. Oto najwa\u017cniejsze wskaz\u00f3wki, jak zadba\u0107 o swoje okna. Dlaczego warto dba\u0107 o [&hellip;]<\/p>\n","protected":false},"author":7,"featured_media":0,"parent":0,"menu_order":0,"comment_status":"closed","ping_status":"closed","template":"","meta":{"site-sidebar-layout":"no-sidebar","site-content-layout":"","ast-site-content-layout":"full-width-container","site-content-style":"default","site-sidebar-style":"default","ast-global-header-display":"","ast-banner-title-visibility":"","ast-main-header-display":"","ast-hfb-above-header-display":"","ast-hfb-below-header-display":"","ast-hfb-mobile-header-display":"","site-post-title":"disabled","ast-breadcrumbs-content":"","ast-featured-img":"disabled","footer-sml-layout":"","ast-disable-related-posts":"","theme-transparent-header-meta":"","adv-header-id-meta":"","stick-header-meta":"","header-above-stick-meta":"","header-main-stick-meta":"","header-below-stick-meta":"","astra-migrate-meta-layouts":"default","ast-page-background-enabled":"default","ast-page-background-meta":{"desktop":{"background-color":"var(--ast-global-color-4)","background-image":"","background-repeat":"repeat","background-position":"center center","background-size":"auto","background-attachment":"scroll","background-type":"","background-media":"","overlay-type":"","overlay-color":"","overlay-opacity":"","overlay-gradient":""},"tablet":{"background-color":"","background-image":"","background-repeat":"repeat","background-position":"center center","background-size":"auto","background-attachment":"scroll","background-type":"","background-media":"","overlay-type":"","overlay-color":"","overlay-opacity":"","overlay-gradient":""},"mobile":{"background-color":"","background-image":"","background-repeat":"repeat","background-position":"center center","background-size":"auto","background-attachment":"scroll","background-type":"","background-media":"","overlay-type":"","overlay-color":"","overlay-opacity":"","overlay-gradient":""}},"ast-content-background-meta":{"desktop":{"background-color":"var(--ast-global-color-5)","background-image":"","background-repeat":"repeat","background-position":"center center","background-size":"auto","background-attachment":"scroll","background-type":"","background-media":"","overlay-type":"","overlay-color":"","overlay-opacity":"","overlay-gradient":""},"tablet":{"background-color":"var(--ast-global-color-5)","background-image":"","background-repeat":"repeat","background-position":"center center","background-size":"auto","background-attachment":"scroll","background-type":"","background-media":"","overlay-type":"","overlay-color":"","overlay-opacity":"","overlay-gradient":""},"mobile":{"background-color":"var(--ast-global-color-5)","background-image":"","background-repeat":"repeat","background-position":"center center","background-size":"auto","background-attachment":"scroll","background-type":"","background-media":"","overlay-type":"","overlay-color":"","overlay-opacity":"","overlay-gradient":""}},"footnotes":""},"class_list":["post-1483","page","type-page","status-publish","hentry"],"yoast_head":"<!-- This site is optimized with the Yoast SEO Premium plugin v27.2 (Yoast SEO v27.2) - https:\/\/yoast.com\/product\/yoast-seo-premium-wordpress\/ -->\n<title>Zadbaj o swoje okna - Bertrand. Najwy\u017cszej jako\u015bci okna i drzwi. Certyfikowany producent od 1969 roku.<\/title>\n<meta name=\"description\" content=\"Zadbaj o swoje okna drewniane, PVC i aluminiowe. Porady piel\u0119gnacyjne, kt\u00f3re przed\u0142u\u017c\u0105 trwa\u0142o\u015b\u0107 i zachowaj\u0105 estetyk\u0119 na lata!\" \/>\n<meta name=\"robots\" content=\"index, follow, max-snippet:-1, max-image-preview:large, max-video-preview:-1\" \/>\n<link rel=\"canonical\" href=\"https:\/\/bertrand.pl\/en\/take-care-of-your-windows\/\" \/>\n<meta property=\"og:locale\" content=\"en_GB\" \/>\n<meta property=\"og:type\" content=\"article\" \/>\n<meta property=\"og:title\" content=\"Zadbaj o swoje okna\" \/>\n<meta property=\"og:description\" content=\"Zadbaj o swoje okna drewniane, PVC i aluminiowe. Porady piel\u0119gnacyjne, kt\u00f3re przed\u0142u\u017c\u0105 trwa\u0142o\u015b\u0107 i zachowaj\u0105 estetyk\u0119 na lata!\" \/>\n<meta property=\"og:url\" content=\"https:\/\/bertrand.pl\/en\/take-care-of-your-windows\/\" \/>\n<meta property=\"og:site_name\" content=\"Bertrand. Najwy\u017cszej jako\u015bci okna i drzwi. Certyfikowany producent od 1969 roku.\" \/>\n<meta property=\"article:publisher\" content=\"https:\/\/www.facebook.com\/bertrandpolska\/\" \/>\n<meta property=\"article:modified_time\" content=\"2024-12-11T09:46:41+00:00\" \/>\n<meta property=\"og:image\" content=\"https:\/\/bertrand.pl\/wp-content\/uploads\/2024\/01\/mother-little-son-sitting-windowsill-1360x907.webp\" \/>\n<meta name=\"twitter:card\" content=\"summary_large_image\" \/>\n<meta name=\"twitter:label1\" content=\"Estimated reading time\" \/>\n\t<meta name=\"twitter:data1\" content=\"2 minutes\" \/>\n<script type=\"application\/ld+json\" class=\"yoast-schema-graph\">{\"@context\":\"https:\/\/schema.org\",\"@graph\":[{\"@type\":\"Article\",\"@id\":\"https:\/\/bertrand.pl\/zadbaj-o-swoje-okna\/#article\",\"isPartOf\":{\"@id\":\"https:\/\/bertrand.pl\/zadbaj-o-swoje-okna\/\"},\"author\":{\"name\":\"w.wachnik\",\"@id\":\"https:\/\/bertrand.pl\/#\/schema\/person\/767d70e891d700b2e3c19083f31a484c\"},\"headline\":\"Zadbaj o swoje okna\",\"datePublished\":\"2024-01-08T13:30:42+00:00\",\"dateModified\":\"2024-12-11T09:46:41+00:00\",\"mainEntityOfPage\":{\"@id\":\"https:\/\/bertrand.pl\/zadbaj-o-swoje-okna\/\"},\"wordCount\":342,\"publisher\":{\"@id\":\"https:\/\/bertrand.pl\/#organization\"},\"image\":{\"@id\":\"https:\/\/bertrand.pl\/zadbaj-o-swoje-okna\/#primaryimage\"},\"thumbnailUrl\":\"https:\/\/bertrand.pl\/wp-content\/uploads\/2024\/01\/mother-little-son-sitting-windowsill-1360x907.webp\",\"inLanguage\":\"en-GB\"},{\"@type\":\"WebPage\",\"@id\":\"https:\/\/bertrand.pl\/zadbaj-o-swoje-okna\/\",\"url\":\"https:\/\/bertrand.pl\/zadbaj-o-swoje-okna\/\",\"name\":\"Zadbaj o swoje okna - Bertrand. Najwy\u017cszej jako\u015bci okna i drzwi. Certyfikowany producent od 1969 roku.\",\"isPartOf\":{\"@id\":\"https:\/\/bertrand.pl\/#website\"},\"primaryImageOfPage\":{\"@id\":\"https:\/\/bertrand.pl\/zadbaj-o-swoje-okna\/#primaryimage\"},\"image\":{\"@id\":\"https:\/\/bertrand.pl\/zadbaj-o-swoje-okna\/#primaryimage\"},\"thumbnailUrl\":\"https:\/\/bertrand.pl\/wp-content\/uploads\/2024\/01\/mother-little-son-sitting-windowsill-1360x907.webp\",\"datePublished\":\"2024-01-08T13:30:42+00:00\",\"dateModified\":\"2024-12-11T09:46:41+00:00\",\"description\":\"Zadbaj o swoje okna drewniane, PVC i aluminiowe. Porady piel\u0119gnacyjne, kt\u00f3re przed\u0142u\u017c\u0105 trwa\u0142o\u015b\u0107 i zachowaj\u0105 estetyk\u0119 na lata!\",\"breadcrumb\":{\"@id\":\"https:\/\/bertrand.pl\/zadbaj-o-swoje-okna\/#breadcrumb\"},\"inLanguage\":\"en-GB\",\"potentialAction\":[{\"@type\":\"ReadAction\",\"target\":[\"https:\/\/bertrand.pl\/zadbaj-o-swoje-okna\/\"]}]},{\"@type\":\"ImageObject\",\"inLanguage\":\"en-GB\",\"@id\":\"https:\/\/bertrand.pl\/zadbaj-o-swoje-okna\/#primaryimage\",\"url\":\"https:\/\/bertrand.pl\/wp-content\/uploads\/2024\/01\/mother-little-son-sitting-windowsill-1360x907.webp\",\"contentUrl\":\"https:\/\/bertrand.pl\/wp-content\/uploads\/2024\/01\/mother-little-son-sitting-windowsill-1360x907.webp\"},{\"@type\":\"BreadcrumbList\",\"@id\":\"https:\/\/bertrand.pl\/zadbaj-o-swoje-okna\/#breadcrumb\",\"itemListElement\":[{\"@type\":\"ListItem\",\"position\":1,\"name\":\"Strona g\u0142\u00f3wna\",\"item\":\"https:\/\/bertrand.pl\/\"},{\"@type\":\"ListItem\",\"position\":2,\"name\":\"Zadbaj o swoje okna\"}]},{\"@type\":\"WebSite\",\"@id\":\"https:\/\/bertrand.pl\/#website\",\"url\":\"https:\/\/bertrand.pl\/\",\"name\":\"Bertrand.pl\",\"description\":\"Firma Bertrand to certyfikowany i uznany producent najwy\u017cszej jako\u015bci okien z PVC, z drewna lub aluminium. Produkcja drzwi, rolet i bram gara\u017cowych.\",\"publisher\":{\"@id\":\"https:\/\/bertrand.pl\/#organization\"},\"potentialAction\":[{\"@type\":\"SearchAction\",\"target\":{\"@type\":\"EntryPoint\",\"urlTemplate\":\"https:\/\/bertrand.pl\/?s={search_term_string}\"},\"query-input\":{\"@type\":\"PropertyValueSpecification\",\"valueRequired\":true,\"valueName\":\"search_term_string\"}}],\"inLanguage\":\"en-GB\"},{\"@type\":\"Organization\",\"@id\":\"https:\/\/bertrand.pl\/#organization\",\"name\":\"Bertrand.pl\",\"url\":\"https:\/\/bertrand.pl\/\",\"logo\":{\"@type\":\"ImageObject\",\"inLanguage\":\"en-GB\",\"@id\":\"https:\/\/bertrand.pl\/#\/schema\/logo\/image\/\",\"url\":\"https:\/\/bertrand.pl\/wp-content\/uploads\/2024\/12\/logo_BB_TM_PL_black.png\",\"contentUrl\":\"https:\/\/bertrand.pl\/wp-content\/uploads\/2024\/12\/logo_BB_TM_PL_black.png\",\"width\":1831,\"height\":1831,\"caption\":\"Bertrand.pl\"},\"image\":{\"@id\":\"https:\/\/bertrand.pl\/#\/schema\/logo\/image\/\"},\"sameAs\":[\"https:\/\/www.facebook.com\/bertrandpolska\/\",\"https:\/\/www.instagram.com\/bertrand_okna_i_drzwi\/\",\"https:\/\/www.linkedin.com\/company\/bertrand\/\",\"https:\/\/www.tiktok.com\/@bertrand_okna_drzwi\"]},{\"@type\":\"Person\",\"@id\":\"https:\/\/bertrand.pl\/#\/schema\/person\/767d70e891d700b2e3c19083f31a484c\",\"name\":\"w.wachnik\"}]}<\/script>\n<!-- \/ Yoast SEO Premium plugin. -->","yoast_head_json":{"title":"Zadbaj o swoje okna - Bertrand. Najwy\u017cszej jako\u015bci okna i drzwi. Certyfikowany producent od 1969 roku.","description":"Take care of your wooden, PVC and aluminum windows. Care tips that will extend their durability and maintain their aesthetics for years!","robots":{"index":"index","follow":"follow","max-snippet":"max-snippet:-1","max-image-preview":"max-image-preview:large","max-video-preview":"max-video-preview:-1"},"canonical":"https:\/\/bertrand.pl\/en\/take-care-of-your-windows\/","og_locale":"en_GB","og_type":"article","og_title":"Zadbaj o swoje okna","og_description":"Zadbaj o swoje okna drewniane, PVC i aluminiowe. Porady piel\u0119gnacyjne, kt\u00f3re przed\u0142u\u017c\u0105 trwa\u0142o\u015b\u0107 i zachowaj\u0105 estetyk\u0119 na lata!","og_url":"https:\/\/bertrand.pl\/en\/take-care-of-your-windows\/","og_site_name":"Bertrand. Najwy\u017cszej jako\u015bci okna i drzwi. Certyfikowany producent od 1969 roku.","article_publisher":"https:\/\/www.facebook.com\/bertrandpolska\/","article_modified_time":"2024-12-11T09:46:41+00:00","og_image":[{"url":"https:\/\/bertrand.pl\/wp-content\/uploads\/2024\/01\/mother-little-son-sitting-windowsill-1360x907.webp","type":"","width":"","height":""}],"twitter_card":"summary_large_image","twitter_misc":{"Estimated reading time":"2 minutes"},"schema":{"@context":"https:\/\/schema.org","@graph":[{"@type":"Article","@id":"https:\/\/bertrand.pl\/zadbaj-o-swoje-okna\/#article","isPartOf":{"@id":"https:\/\/bertrand.pl\/zadbaj-o-swoje-okna\/"},"author":{"name":"w.wachnik","@id":"https:\/\/bertrand.pl\/#\/schema\/person\/767d70e891d700b2e3c19083f31a484c"},"headline":"Zadbaj o swoje okna","datePublished":"2024-01-08T13:30:42+00:00","dateModified":"2024-12-11T09:46:41+00:00","mainEntityOfPage":{"@id":"https:\/\/bertrand.pl\/zadbaj-o-swoje-okna\/"},"wordCount":342,"publisher":{"@id":"https:\/\/bertrand.pl\/#organization"},"image":{"@id":"https:\/\/bertrand.pl\/zadbaj-o-swoje-okna\/#primaryimage"},"thumbnailUrl":"https:\/\/bertrand.pl\/wp-content\/uploads\/2024\/01\/mother-little-son-sitting-windowsill-1360x907.webp","inLanguage":"en-GB"},{"@type":"WebPage","@id":"https:\/\/bertrand.pl\/zadbaj-o-swoje-okna\/","url":"https:\/\/bertrand.pl\/zadbaj-o-swoje-okna\/","name":"Zadbaj o swoje okna - Bertrand. Najwy\u017cszej jako\u015bci okna i drzwi. Certyfikowany producent od 1969 roku.","isPartOf":{"@id":"https:\/\/bertrand.pl\/#website"},"primaryImageOfPage":{"@id":"https:\/\/bertrand.pl\/zadbaj-o-swoje-okna\/#primaryimage"},"image":{"@id":"https:\/\/bertrand.pl\/zadbaj-o-swoje-okna\/#primaryimage"},"thumbnailUrl":"https:\/\/bertrand.pl\/wp-content\/uploads\/2024\/01\/mother-little-son-sitting-windowsill-1360x907.webp","datePublished":"2024-01-08T13:30:42+00:00","dateModified":"2024-12-11T09:46:41+00:00","description":"Take care of your wooden, PVC and aluminum windows. Care tips that will extend their durability and maintain their aesthetics for years!","breadcrumb":{"@id":"https:\/\/bertrand.pl\/zadbaj-o-swoje-okna\/#breadcrumb"},"inLanguage":"en-GB","potentialAction":[{"@type":"ReadAction","target":["https:\/\/bertrand.pl\/zadbaj-o-swoje-okna\/"]}]},{"@type":"ImageObject","inLanguage":"en-GB","@id":"https:\/\/bertrand.pl\/zadbaj-o-swoje-okna\/#primaryimage","url":"https:\/\/bertrand.pl\/wp-content\/uploads\/2024\/01\/mother-little-son-sitting-windowsill-1360x907.webp","contentUrl":"https:\/\/bertrand.pl\/wp-content\/uploads\/2024\/01\/mother-little-son-sitting-windowsill-1360x907.webp"},{"@type":"BreadcrumbList","@id":"https:\/\/bertrand.pl\/zadbaj-o-swoje-okna\/#breadcrumb","itemListElement":[{"@type":"ListItem","position":1,"name":"Strona g\u0142\u00f3wna","item":"https:\/\/bertrand.pl\/"},{"@type":"ListItem","position":2,"name":"Zadbaj o swoje okna"}]},{"@type":"WebSite","@id":"https:\/\/bertrand.pl\/#website","url":"https:\/\/bertrand.pl\/","name":"Bertrand.pl","description":"Firma Bertrand to certyfikowany i uznany producent najwy\u017cszej jako\u015bci okien z PVC, z drewna lub aluminium. Produkcja drzwi, rolet i bram gara\u017cowych.","publisher":{"@id":"https:\/\/bertrand.pl\/#organization"},"potentialAction":[{"@type":"SearchAction","target":{"@type":"EntryPoint","urlTemplate":"https:\/\/bertrand.pl\/?s={search_term_string}"},"query-input":{"@type":"PropertyValueSpecification","valueRequired":true,"valueName":"search_term_string"}}],"inLanguage":"en-GB"},{"@type":"Organization","@id":"https:\/\/bertrand.pl\/#organization","name":"Bertrand.pl","url":"https:\/\/bertrand.pl\/","logo":{"@type":"ImageObject","inLanguage":"en-GB","@id":"https:\/\/bertrand.pl\/#\/schema\/logo\/image\/","url":"https:\/\/bertrand.pl\/wp-content\/uploads\/2024\/12\/logo_BB_TM_PL_black.png","contentUrl":"https:\/\/bertrand.pl\/wp-content\/uploads\/2024\/12\/logo_BB_TM_PL_black.png","width":1831,"height":1831,"caption":"Bertrand.pl"},"image":{"@id":"https:\/\/bertrand.pl\/#\/schema\/logo\/image\/"},"sameAs":["https:\/\/www.facebook.com\/bertrandpolska\/","https:\/\/www.instagram.com\/bertrand_okna_i_drzwi\/","https:\/\/www.linkedin.com\/company\/bertrand\/","https:\/\/www.tiktok.com\/@bertrand_okna_drzwi"]},{"@type":"Person","@id":"https:\/\/bertrand.pl\/#\/schema\/person\/767d70e891d700b2e3c19083f31a484c","name":"w.achnik"}]}},"_links":{"self":[{"href":"https:\/\/bertrand.pl\/en\/wp-json\/wp\/v2\/pages\/1483","targetHints":{"allow":["GET"]}}],"collection":[{"href":"https:\/\/bertrand.pl\/en\/wp-json\/wp\/v2\/pages"}],"about":[{"href":"https:\/\/bertrand.pl\/en\/wp-json\/wp\/v2\/types\/page"}],"author":[{"embeddable":true,"href":"https:\/\/bertrand.pl\/en\/wp-json\/wp\/v2\/users\/7"}],"replies":[{"embeddable":true,"href":"https:\/\/bertrand.pl\/en\/wp-json\/wp\/v2\/comments?post=1483"}],"version-history":[{"count":10,"href":"https:\/\/bertrand.pl\/en\/wp-json\/wp\/v2\/pages\/1483\/revisions"}],"predecessor-version":[{"id":5499,"href":"https:\/\/bertrand.pl\/en\/wp-json\/wp\/v2\/pages\/1483\/revisions\/5499"}],"wp:attachment":[{"href":"https:\/\/bertrand.pl\/en\/wp-json\/wp\/v2\/media?parent=1483"}],"curies":[{"name":"wp","href":"https:\/\/api.w.org\/{rel}","templated":true}]}}