{"id":1762,"date":"2024-01-09T12:40:09","date_gmt":"2024-01-09T11:40:09","guid":{"rendered":"https:\/\/bertrand.pl\/?page_id=1762"},"modified":"2024-12-16T08:04:09","modified_gmt":"2024-12-16T07:04:09","slug":"cookie-files","status":"publish","type":"page","link":"https:\/\/bertrand.pl\/en\/pliki-cookies\/","title":{"rendered":"Cookies and website regulations"},"content":{"rendered":"<div data-elementor-type=\"wp-page\" data-elementor-id=\"1762\" class=\"elementor elementor-1762\" data-elementor-post-type=\"page\">\n\t\t\t\t<div class=\"elementor-element elementor-element-fcc143f e-flex e-con-boxed e-con e-parent\" data-id=\"fcc143f\" data-element_type=\"container\" data-e-type=\"container\" data-settings=\"{&quot;background_background&quot;:&quot;classic&quot;}\">\n\t\t\t\t\t<div class=\"e-con-inner\">\n\t\t<div class=\"elementor-element elementor-element-18dcb75 e-con-full e-flex e-con e-child\" data-id=\"18dcb75\" data-element_type=\"container\" data-e-type=\"container\">\n\t\t\t\t<div class=\"elementor-element elementor-element-970106e elementor-widget elementor-widget-heading\" data-id=\"970106e\" data-element_type=\"widget\" data-e-type=\"widget\" data-widget_type=\"heading.default\">\n\t\t\t\t<div class=\"elementor-widget-container\">\n\t\t\t\t\t<h1 class=\"elementor-heading-title elementor-size-default\">Cookies and Terms of Service<\/h1>\t\t\t\t<\/div>\n\t\t\t\t<\/div>\n\t\t\t\t<div class=\"elementor-element elementor-element-6c433bc elementor-widget elementor-widget-text-editor\" data-id=\"6c433bc\" data-element_type=\"widget\" data-e-type=\"widget\" data-widget_type=\"text-editor.default\">\n\t\t\t\t<div class=\"elementor-widget-container\">\n\t\t\t\t\t\t\t\t\t<p data-pm-slice=\"1 1 []\">Our website does not automatically collect any information, except for data stored in cookies. Cookies, also known as &quot;<a href=\"https:\/\/pl.wikipedia.org\/wiki\/HTTP_cookie\">cookies<\/a>&quot;, are small text files stored on the user&#039;s end device, which enable effective use of the service. Each cookie file contains the name of the page from which it comes, the storage time and a unique number.<\/p>\n<h3>Who manages cookies?<\/h3>\n<p>Cookies are placed and read by the website operator \u2013 <strong>Brothers Bertrand Sp. z o. o.<\/strong> with its registered office in Luzino, ul. Wejherowska 12, 84-242 Luzino. The company is registered in the Register of Entrepreneurs of the National Court Register under the number 1076593, NIP: 5881946629, REGON: 192042297.<\/p>\n<h3>The purpose of using cookies<\/h3>\n<p>Cookies allow us to:<\/p>\n<ul data-spread=\"false\">\n<li>\n<p>First: to adapt the content on the site to user preferences and optimize the use of the service. Thanks to them, we recognize the device and display the page in the appropriate version.<\/p>\n<\/li>\n<li>\n<p>Secondly: to create statistics that help us understand how the website is used and improve its functionality.<\/p>\n<\/li>\n<li>\n<p>Third: maintain the user&#039;s session so that after logging in, you do not have to re-enter your data multiple times on each subpage.<\/p>\n<\/li>\n<\/ul>\n<h3>Types of cookies used<\/h3>\n<p>We use the following types of cookies on our website:<\/p>\n<ol start=\"1\" data-spread=\"false\">\n<li>\n<p><strong>Necessary<\/strong> \u2013 enabling the use of basic functions, e.g. logging in.<\/p>\n<\/li>\n<li>\n<p><strong>Security<\/strong> \u2013 detecting abuses in authentication processes.<\/p>\n<\/li>\n<li>\n<p><strong>Performance<\/strong> \u2013 monitoring how the website is used.<\/p>\n<\/li>\n<li>\n<p><strong>Functional<\/strong> \u2013 remembering user settings, e.g. language or font size.<\/p>\n<\/li>\n<li>\n<p><strong>Advertising<\/strong> \u2013 providing advertising content tailored to the user\u2019s interests.<\/p>\n<\/li>\n<\/ol>\n<h3>Cookie management<\/h3>\n<p>The default settings of web browsers allow cookies to be stored. However, you can change them at any time. Browsers also allow you to:<\/p>\n<ul data-spread=\"false\">\n<li>\n<p>Blocking cookies.<\/p>\n<\/li>\n<li>\n<p>Informing about each attempt to save a cookie.<\/p>\n<\/li>\n<li>\n<p>Deleting saved cookies.<\/p>\n<\/li>\n<\/ul>\n<p>For detailed information on changing settings, please refer to the \u201cHelp\u201d section of your web browser.<\/p>\n<h3>Effects of limiting the use of cookies<\/h3>\n<p>Limiting or disabling cookies may affect the functionality of the website. Some of its elements may not function properly or be unavailable.<\/p>\n<h3>Third party cookies<\/h3>\n<p>Cookies may also be used by our partners and advertisers. This information is compliant with legal regulations and is used to tailor advertising content to users.<\/p>\n<h3>More information<\/h3>\n<p>You can find more information about cookies in your browser settings or by contacting us at the following e-mail address: <a><strong>export.en@bertrand.pl<\/strong><\/a>.<\/p>\n<div>\n<hr>\n<\/div>\n<h3>Website Regulations<\/h3>\n<h4>General provisions<\/h4>\n<p>These regulations, hereinafter referred to as the &quot;Regulations&quot;, define the rules for using the website operated by <strong>Brothers Bertrand Sp. z o. o.<\/strong> (hereinafter referred to as the &quot;Service Provider&quot;). The Regulations also describe the principles of personal data protection in accordance with the provisions of the GDPR.<\/p>\n<h4>Terms of Use of the Service<\/h4>\n<p>By using the Service, Service Users undertake to comply with the provisions of the law and the principles specified in the Regulations. Each User has the right to access the content of the service under the principles specified in the Regulations.<\/p>\n<h4>contact<\/h4>\n<p>If you have any questions or problems with using the Service, please contact us. <a href=\"https:\/\/bertrand.pl\/en\/contact\/\">contact<\/a> at the e-mail address: <a><strong>export.en@bertrand.pl<\/strong><\/a>.<\/p>\t\t\t\t\t\t\t\t<\/div>\n\t\t\t\t<\/div>\n\t\t\t\t<\/div>\n\t\t\t\t\t<\/div>\n\t\t\t\t<\/div>\n\t\t\t\t<\/div>","protected":false},"excerpt":{"rendered":"<p>Pliki cookies i Regulamin Serwisu Nasza strona internetowa nie gromadzi automatycznie \u017cadnych informacji, z wyj\u0105tkiem danych zapisanych w plikach cookies. Pliki cookies, zwane tak\u017ce &#8222;ciasteczkami&#8222;, to niewielkie pliki tekstowe przechowywane na urz\u0105dzeniu ko\u0144cowym u\u017cytkownika, kt\u00f3re umo\u017cliwiaj\u0105 efektywne korzystanie z serwisu. Ka\u017cdy plik cookie zawiera nazw\u0119 strony, z kt\u00f3rej pochodzi, czas przechowywania oraz unikalny numer. Kto [&hellip;]<\/p>\n","protected":false},"author":7,"featured_media":0,"parent":0,"menu_order":0,"comment_status":"closed","ping_status":"closed","template":"","meta":{"site-sidebar-layout":"no-sidebar","site-content-layout":"","ast-site-content-layout":"full-width-container","site-content-style":"default","site-sidebar-style":"default","ast-global-header-display":"","ast-banner-title-visibility":"","ast-main-header-display":"","ast-hfb-above-header-display":"","ast-hfb-below-header-display":"","ast-hfb-mobile-header-display":"","site-post-title":"disabled","ast-breadcrumbs-content":"","ast-featured-img":"disabled","footer-sml-layout":"","ast-disable-related-posts":"","theme-transparent-header-meta":"","adv-header-id-meta":"","stick-header-meta":"","header-above-stick-meta":"","header-main-stick-meta":"","header-below-stick-meta":"","astra-migrate-meta-layouts":"default","ast-page-background-enabled":"default","ast-page-background-meta":{"desktop":{"background-color":"var(--ast-global-color-4)","background-image":"","background-repeat":"repeat","background-position":"center center","background-size":"auto","background-attachment":"scroll","background-type":"","background-media":"","overlay-type":"","overlay-color":"","overlay-opacity":"","overlay-gradient":""},"tablet":{"background-color":"","background-image":"","background-repeat":"repeat","background-position":"center center","background-size":"auto","background-attachment":"scroll","background-type":"","background-media":"","overlay-type":"","overlay-color":"","overlay-opacity":"","overlay-gradient":""},"mobile":{"background-color":"","background-image":"","background-repeat":"repeat","background-position":"center center","background-size":"auto","background-attachment":"scroll","background-type":"","background-media":"","overlay-type":"","overlay-color":"","overlay-opacity":"","overlay-gradient":""}},"ast-content-background-meta":{"desktop":{"background-color":"var(--ast-global-color-5)","background-image":"","background-repeat":"repeat","background-position":"center center","background-size":"auto","background-attachment":"scroll","background-type":"","background-media":"","overlay-type":"","overlay-color":"","overlay-opacity":"","overlay-gradient":""},"tablet":{"background-color":"var(--ast-global-color-5)","background-image":"","background-repeat":"repeat","background-position":"center center","background-size":"auto","background-attachment":"scroll","background-type":"","background-media":"","overlay-type":"","overlay-color":"","overlay-opacity":"","overlay-gradient":""},"mobile":{"background-color":"var(--ast-global-color-5)","background-image":"","background-repeat":"repeat","background-position":"center center","background-size":"auto","background-attachment":"scroll","background-type":"","background-media":"","overlay-type":"","overlay-color":"","overlay-opacity":"","overlay-gradient":""}},"footnotes":""},"class_list":["post-1762","page","type-page","status-publish","hentry"],"yoast_head":"<!-- This site is optimized with the Yoast SEO Premium plugin v27.2 (Yoast SEO v27.2) - https:\/\/yoast.com\/product\/yoast-seo-premium-wordpress\/ -->\n<title>Pliki cookies i regulamin serwisu - Bertrand. Najwy\u017cszej jako\u015bci okna i drzwi. Certyfikowany producent od 1969 roku.<\/title>\n<meta name=\"description\" content=\"Dowiedz si\u0119, jak zarz\u0105dzamy pliki cookies i chronimy Twoje dane. Przejrzyste zasady korzystania z serwisu Bertrand \u2013 sprawd\u017a szczeg\u00f3\u0142y.\" \/>\n<meta name=\"robots\" content=\"index, follow, max-snippet:-1, max-image-preview:large, max-video-preview:-1\" \/>\n<link rel=\"canonical\" href=\"https:\/\/bertrand.pl\/en\/cookie-files\/\" \/>\n<meta property=\"og:locale\" content=\"en_GB\" \/>\n<meta property=\"og:type\" content=\"article\" \/>\n<meta property=\"og:title\" content=\"Pliki cookies i regulamin serwisu\" \/>\n<meta property=\"og:description\" content=\"Dowiedz si\u0119, jak zarz\u0105dzamy pliki cookies i chronimy Twoje dane. Przejrzyste zasady korzystania z serwisu Bertrand \u2013 sprawd\u017a szczeg\u00f3\u0142y.\" \/>\n<meta property=\"og:url\" content=\"https:\/\/bertrand.pl\/en\/cookie-files\/\" \/>\n<meta property=\"og:site_name\" content=\"Bertrand. Najwy\u017cszej jako\u015bci okna i drzwi. Certyfikowany producent od 1969 roku.\" \/>\n<meta property=\"article:publisher\" content=\"https:\/\/www.facebook.com\/bertrandpolska\/\" \/>\n<meta property=\"article:modified_time\" content=\"2024-12-16T07:04:09+00:00\" \/>\n<meta property=\"og:image\" content=\"https:\/\/bertrand.pl\/wp-content\/uploads\/2024\/01\/bertrand-blog.jpg\" \/>\n\t<meta property=\"og:image:width\" content=\"1280\" \/>\n\t<meta property=\"og:image:height\" content=\"720\" \/>\n\t<meta property=\"og:image:type\" content=\"image\/jpeg\" \/>\n<meta name=\"twitter:card\" content=\"summary_large_image\" \/>\n<meta name=\"twitter:label1\" content=\"Estimated reading time\" \/>\n\t<meta name=\"twitter:data1\" content=\"3 minutes\" \/>\n<script type=\"application\/ld+json\" class=\"yoast-schema-graph\">{\"@context\":\"https:\/\/schema.org\",\"@graph\":[{\"@type\":\"Article\",\"@id\":\"https:\/\/bertrand.pl\/pliki-cookies\/#article\",\"isPartOf\":{\"@id\":\"https:\/\/bertrand.pl\/pliki-cookies\/\"},\"author\":{\"name\":\"w.wachnik\",\"@id\":\"https:\/\/bertrand.pl\/#\/schema\/person\/767d70e891d700b2e3c19083f31a484c\"},\"headline\":\"Pliki cookies i regulamin serwisu\",\"datePublished\":\"2024-01-09T11:40:09+00:00\",\"dateModified\":\"2024-12-16T07:04:09+00:00\",\"mainEntityOfPage\":{\"@id\":\"https:\/\/bertrand.pl\/pliki-cookies\/\"},\"wordCount\":511,\"publisher\":{\"@id\":\"https:\/\/bertrand.pl\/#organization\"},\"inLanguage\":\"en-GB\"},{\"@type\":\"WebPage\",\"@id\":\"https:\/\/bertrand.pl\/pliki-cookies\/\",\"url\":\"https:\/\/bertrand.pl\/pliki-cookies\/\",\"name\":\"Pliki cookies i regulamin serwisu - Bertrand. Najwy\u017cszej jako\u015bci okna i drzwi. Certyfikowany producent od 1969 roku.\",\"isPartOf\":{\"@id\":\"https:\/\/bertrand.pl\/#website\"},\"datePublished\":\"2024-01-09T11:40:09+00:00\",\"dateModified\":\"2024-12-16T07:04:09+00:00\",\"description\":\"Dowiedz si\u0119, jak zarz\u0105dzamy pliki cookies i chronimy Twoje dane. Przejrzyste zasady korzystania z serwisu Bertrand \u2013 sprawd\u017a szczeg\u00f3\u0142y.\",\"breadcrumb\":{\"@id\":\"https:\/\/bertrand.pl\/pliki-cookies\/#breadcrumb\"},\"inLanguage\":\"en-GB\",\"potentialAction\":[{\"@type\":\"ReadAction\",\"target\":[\"https:\/\/bertrand.pl\/pliki-cookies\/\"]}]},{\"@type\":\"BreadcrumbList\",\"@id\":\"https:\/\/bertrand.pl\/pliki-cookies\/#breadcrumb\",\"itemListElement\":[{\"@type\":\"ListItem\",\"position\":1,\"name\":\"Strona g\u0142\u00f3wna\",\"item\":\"https:\/\/bertrand.pl\/\"},{\"@type\":\"ListItem\",\"position\":2,\"name\":\"Pliki cookies i regulamin serwisu\"}]},{\"@type\":\"WebSite\",\"@id\":\"https:\/\/bertrand.pl\/#website\",\"url\":\"https:\/\/bertrand.pl\/\",\"name\":\"Bertrand.pl\",\"description\":\"Firma Bertrand to certyfikowany i uznany producent najwy\u017cszej jako\u015bci okien z PVC, z drewna lub aluminium. Produkcja drzwi, rolet i bram gara\u017cowych.\",\"publisher\":{\"@id\":\"https:\/\/bertrand.pl\/#organization\"},\"potentialAction\":[{\"@type\":\"SearchAction\",\"target\":{\"@type\":\"EntryPoint\",\"urlTemplate\":\"https:\/\/bertrand.pl\/?s={search_term_string}\"},\"query-input\":{\"@type\":\"PropertyValueSpecification\",\"valueRequired\":true,\"valueName\":\"search_term_string\"}}],\"inLanguage\":\"en-GB\"},{\"@type\":\"Organization\",\"@id\":\"https:\/\/bertrand.pl\/#organization\",\"name\":\"Bertrand.pl\",\"url\":\"https:\/\/bertrand.pl\/\",\"logo\":{\"@type\":\"ImageObject\",\"inLanguage\":\"en-GB\",\"@id\":\"https:\/\/bertrand.pl\/#\/schema\/logo\/image\/\",\"url\":\"https:\/\/bertrand.pl\/wp-content\/uploads\/2024\/12\/logo_BB_TM_PL_black.png\",\"contentUrl\":\"https:\/\/bertrand.pl\/wp-content\/uploads\/2024\/12\/logo_BB_TM_PL_black.png\",\"width\":1831,\"height\":1831,\"caption\":\"Bertrand.pl\"},\"image\":{\"@id\":\"https:\/\/bertrand.pl\/#\/schema\/logo\/image\/\"},\"sameAs\":[\"https:\/\/www.facebook.com\/bertrandpolska\/\",\"https:\/\/www.instagram.com\/bertrand_okna_i_drzwi\/\",\"https:\/\/www.linkedin.com\/company\/bertrand\/\",\"https:\/\/www.tiktok.com\/@bertrand_okna_drzwi\"]},{\"@type\":\"Person\",\"@id\":\"https:\/\/bertrand.pl\/#\/schema\/person\/767d70e891d700b2e3c19083f31a484c\",\"name\":\"w.wachnik\"}]}<\/script>\n<!-- \/ Yoast SEO Premium plugin. -->","yoast_head_json":{"title":"Pliki cookies i regulamin serwisu - Bertrand. Najwy\u017cszej jako\u015bci okna i drzwi. Certyfikowany producent od 1969 roku.","description":"Learn how we manage cookies and protect your data. Clear rules for using the Bertrand service \u2013 check the details.","robots":{"index":"index","follow":"follow","max-snippet":"max-snippet:-1","max-image-preview":"max-image-preview:large","max-video-preview":"max-video-preview:-1"},"canonical":"https:\/\/bertrand.pl\/en\/cookie-files\/","og_locale":"en_GB","og_type":"article","og_title":"Pliki cookies i regulamin serwisu","og_description":"Dowiedz si\u0119, jak zarz\u0105dzamy pliki cookies i chronimy Twoje dane. Przejrzyste zasady korzystania z serwisu Bertrand \u2013 sprawd\u017a szczeg\u00f3\u0142y.","og_url":"https:\/\/bertrand.pl\/en\/cookie-files\/","og_site_name":"Bertrand. Najwy\u017cszej jako\u015bci okna i drzwi. Certyfikowany producent od 1969 roku.","article_publisher":"https:\/\/www.facebook.com\/bertrandpolska\/","article_modified_time":"2024-12-16T07:04:09+00:00","og_image":[{"width":1280,"height":720,"url":"https:\/\/bertrand.pl\/wp-content\/uploads\/2024\/01\/bertrand-blog.jpg","type":"image\/jpeg"}],"twitter_card":"summary_large_image","twitter_misc":{"Estimated reading time":"3 minutes"},"schema":{"@context":"https:\/\/schema.org","@graph":[{"@type":"Article","@id":"https:\/\/bertrand.pl\/pliki-cookies\/#article","isPartOf":{"@id":"https:\/\/bertrand.pl\/pliki-cookies\/"},"author":{"name":"w.wachnik","@id":"https:\/\/bertrand.pl\/#\/schema\/person\/767d70e891d700b2e3c19083f31a484c"},"headline":"Pliki cookies i regulamin serwisu","datePublished":"2024-01-09T11:40:09+00:00","dateModified":"2024-12-16T07:04:09+00:00","mainEntityOfPage":{"@id":"https:\/\/bertrand.pl\/pliki-cookies\/"},"wordCount":511,"publisher":{"@id":"https:\/\/bertrand.pl\/#organization"},"inLanguage":"en-GB"},{"@type":"WebPage","@id":"https:\/\/bertrand.pl\/pliki-cookies\/","url":"https:\/\/bertrand.pl\/pliki-cookies\/","name":"Pliki cookies i regulamin serwisu - Bertrand. Najwy\u017cszej jako\u015bci okna i drzwi. Certyfikowany producent od 1969 roku.","isPartOf":{"@id":"https:\/\/bertrand.pl\/#website"},"datePublished":"2024-01-09T11:40:09+00:00","dateModified":"2024-12-16T07:04:09+00:00","description":"Learn how we manage cookies and protect your data. Clear rules for using the Bertrand service \u2013 check the details.","breadcrumb":{"@id":"https:\/\/bertrand.pl\/pliki-cookies\/#breadcrumb"},"inLanguage":"en-GB","potentialAction":[{"@type":"ReadAction","target":["https:\/\/bertrand.pl\/pliki-cookies\/"]}]},{"@type":"BreadcrumbList","@id":"https:\/\/bertrand.pl\/pliki-cookies\/#breadcrumb","itemListElement":[{"@type":"ListItem","position":1,"name":"Strona g\u0142\u00f3wna","item":"https:\/\/bertrand.pl\/"},{"@type":"ListItem","position":2,"name":"Pliki cookies i regulamin serwisu"}]},{"@type":"WebSite","@id":"https:\/\/bertrand.pl\/#website","url":"https:\/\/bertrand.pl\/","name":"Bertrand.pl","description":"Firma Bertrand to certyfikowany i uznany producent najwy\u017cszej jako\u015bci okien z PVC, z drewna lub aluminium. Produkcja drzwi, rolet i bram gara\u017cowych.","publisher":{"@id":"https:\/\/bertrand.pl\/#organization"},"potentialAction":[{"@type":"SearchAction","target":{"@type":"EntryPoint","urlTemplate":"https:\/\/bertrand.pl\/?s={search_term_string}"},"query-input":{"@type":"PropertyValueSpecification","valueRequired":true,"valueName":"search_term_string"}}],"inLanguage":"en-GB"},{"@type":"Organization","@id":"https:\/\/bertrand.pl\/#organization","name":"Bertrand.pl","url":"https:\/\/bertrand.pl\/","logo":{"@type":"ImageObject","inLanguage":"en-GB","@id":"https:\/\/bertrand.pl\/#\/schema\/logo\/image\/","url":"https:\/\/bertrand.pl\/wp-content\/uploads\/2024\/12\/logo_BB_TM_PL_black.png","contentUrl":"https:\/\/bertrand.pl\/wp-content\/uploads\/2024\/12\/logo_BB_TM_PL_black.png","width":1831,"height":1831,"caption":"Bertrand.pl"},"image":{"@id":"https:\/\/bertrand.pl\/#\/schema\/logo\/image\/"},"sameAs":["https:\/\/www.facebook.com\/bertrandpolska\/","https:\/\/www.instagram.com\/bertrand_okna_i_drzwi\/","https:\/\/www.linkedin.com\/company\/bertrand\/","https:\/\/www.tiktok.com\/@bertrand_okna_drzwi"]},{"@type":"Person","@id":"https:\/\/bertrand.pl\/#\/schema\/person\/767d70e891d700b2e3c19083f31a484c","name":"w.achnik"}]}},"_links":{"self":[{"href":"https:\/\/bertrand.pl\/en\/wp-json\/wp\/v2\/pages\/1762","targetHints":{"allow":["GET"]}}],"collection":[{"href":"https:\/\/bertrand.pl\/en\/wp-json\/wp\/v2\/pages"}],"about":[{"href":"https:\/\/bertrand.pl\/en\/wp-json\/wp\/v2\/types\/page"}],"author":[{"embeddable":true,"href":"https:\/\/bertrand.pl\/en\/wp-json\/wp\/v2\/users\/7"}],"replies":[{"embeddable":true,"href":"https:\/\/bertrand.pl\/en\/wp-json\/wp\/v2\/comments?post=1762"}],"version-history":[{"count":16,"href":"https:\/\/bertrand.pl\/en\/wp-json\/wp\/v2\/pages\/1762\/revisions"}],"predecessor-version":[{"id":5671,"href":"https:\/\/bertrand.pl\/en\/wp-json\/wp\/v2\/pages\/1762\/revisions\/5671"}],"wp:attachment":[{"href":"https:\/\/bertrand.pl\/en\/wp-json\/wp\/v2\/media?parent=1762"}],"curies":[{"name":"wp","href":"https:\/\/api.w.org\/{rel}","templated":true}]}}