{"id":1783,"date":"2024-01-09T12:49:44","date_gmt":"2024-01-09T11:49:44","guid":{"rendered":"https:\/\/bertrand.pl\/?page_id=1783"},"modified":"2026-01-09T08:59:15","modified_gmt":"2026-01-09T07:59:15","slug":"gdpr","status":"publish","type":"page","link":"https:\/\/bertrand.pl\/en\/rodo\/","title":{"rendered":"Information on the protection of personal data"},"content":{"rendered":"<div data-elementor-type=\"wp-page\" data-elementor-id=\"1783\" class=\"elementor elementor-1783\" data-elementor-post-type=\"page\">\n\t\t\t\t<div class=\"elementor-element elementor-element-ff4da73 e-flex e-con-boxed e-con e-parent\" data-id=\"ff4da73\" data-element_type=\"container\" data-e-type=\"container\" data-settings=\"{&quot;background_background&quot;:&quot;classic&quot;}\">\n\t\t\t\t\t<div class=\"e-con-inner\">\n\t\t<div class=\"elementor-element elementor-element-e16b941 e-con-full e-flex e-con e-child\" data-id=\"e16b941\" data-element_type=\"container\" data-e-type=\"container\">\n\t\t\t\t<div class=\"elementor-element elementor-element-e62673f elementor-widget elementor-widget-heading\" data-id=\"e62673f\" data-element_type=\"widget\" data-e-type=\"widget\" data-widget_type=\"heading.default\">\n\t\t\t\t<div class=\"elementor-widget-container\">\n\t\t\t\t\t<h1 class=\"elementor-heading-title elementor-size-default\">General Data Protection Regulation<\/h1>\t\t\t\t<\/div>\n\t\t\t\t<\/div>\n\t\t\t\t<div class=\"elementor-element elementor-element-083e881 elementor-widget elementor-widget-text-editor\" data-id=\"083e881\" data-element_type=\"widget\" data-e-type=\"widget\" data-widget_type=\"text-editor.default\">\n\t\t\t\t<div class=\"elementor-widget-container\">\n\t\t\t\t\t\t\t\t\t<h4>INFORMATION ON PERSONAL DATA PROTECTION - IN ACCORDANCE WITH GDPR<\/h4>\n<p><\/p>\n<p><span style=\"font-style: inherit; font-weight: inherit; text-align: var(--text-align); background-color: var(--ast-global-color-5);\">Information on the protection of personal data. Since May 25, 2018, the EU Regulation 2016\/679 (GDPR) has been in force, which regulates the protection of personal data. The purpose of this act is to increase the protection of natural persons&#039; data and to provide greater control over their processing by entities operating in the European Union. Therefore, we present detailed information on how we protect personal data.<\/span><\/p>\n<h3><strong>Our approach to personal data protection<\/strong><\/h3><div><strong><br><\/strong><\/div>\n<p>The company Bracia Bertrand sp. z o. o. with its registered office in Luzino, ul. Wejherowska 12, 84-242 Luzino, operates in accordance with the highest standards of data protection. Therefore, we make every effort to ensure their security and compliance of processing with the provisions of the GDPR. The company is registered under the KRS number: 1076593, NIP: 5881946629, REGON: 192042297.<\/p>\n<h3><strong>Purposes and basis of data processing<\/strong><\/h3><div><strong><br><\/strong><\/div>\n<p>We process personal data for the following purposes:<\/p>\n<ul>\n<li>To execute contracts concluded with you, e.g. service or construction contracts (Article 6 (1) (b) of the GDPR).<\/li>\n<li>To comply with legal requirements, such as tax or accounting requirements (Article 6 (1) (c) of the GDPR).<\/li>\n<li>To protect our legitimate interests, e.g. to pursue claims (Article 6 (1) (f) of the GDPR).<\/li>\n<li>If you have given your consent, also for the purposes specified in that consent (Article 6 (1) (a) GDPR).<\/li>\n<\/ul>\n<h3><strong>How long do we store data?<\/strong><\/h3><div><strong><br><\/strong><\/div>\n<p>We store data until statutory obligations are fulfilled, contracts expire, consent is withdrawn or claims are time-barred. However, the maximum storage period is 10 years from the date on which claims become due.<\/p>\n<h3><strong>Recipients of personal data<\/strong><\/h3><div><strong><br><\/strong><\/div>\n<p>Your data may be transferred to entities supporting our activities, such as banks, payment institutions or subcontractors.<\/p>\n<h3><strong>Rights under the GDPR<\/strong><\/h3><div><strong><br><\/strong><\/div>\n<p>According to the GDPR, you have the right to:<\/p>\n<ul>\n<li>Access your data and obtain a copy thereof.<\/li>\n<li>Delete your data when its processing is no longer necessary (\u201cright to be forgotten\u201d).<\/li>\n<li>Transferring data in a structured format.<\/li>\n<li>Restrictions on processing in certain cases.<\/li>\n<li>Correct your data if it is out of date or incorrect.<\/li>\n<li>Objection to processing, including for marketing purposes.<\/li>\n<li>Withdraw your consent to processing at any time.<\/li>\n<\/ul>\n<h3><strong>Data security<\/strong><\/h3><div><strong><br><\/strong><\/div>\n<p>Data is protected by advanced technical and organizational measures. We treat information about customer relationships as a business secret.<\/p>\n<h3><strong>Contact with the Data Protection Officer<\/strong><\/h3><div><strong><br><\/strong><\/div>\n<p>If you have any questions, please contact the Data Protection Officer. He can be reached at the following e-mail address: <a rel=\"noopener\">iod@bertrand.pl<\/a> or by mail, sending correspondence to the company address with the note &quot;Data Protection Inspector&quot;.<\/p>\n<h3><strong>Transferring data outside the European Union<\/strong><\/h3><div><strong><br><\/strong><\/div>\n<p>We inform you that personal data is not transferred outside the European Union. Moreover, data processing does not include profiling.<\/p>\n<p>If you have any questions regarding data protection, please contact us.<\/p>\t\t\t\t\t\t\t\t<\/div>\n\t\t\t\t<\/div>\n\t\t\t\t<\/div>\n\t\t\t\t\t<\/div>\n\t\t\t\t<\/div>\n\t\t\t\t<\/div>","protected":false},"excerpt":{"rendered":"<p>Rozporz\u0105dzenie Og\u00f3lne o Ochronie Danych Osobowych INFORMACJA O OCHRONIE DANYCH OSOBOWYCH \u2013 ZGODNIE Z RODO Informacja o ochronie danych osobowych. Od 25 maja 2018 roku obowi\u0105zuje rozporz\u0105dzenie UE 2016\/679 (RODO), kt\u00f3re reguluje kwestie ochrony danych osobowych. Celem tego aktu jest zwi\u0119kszenie ochrony danych os\u00f3b fizycznych oraz zapewnienie wi\u0119kszej kontroli nad ich przetwarzaniem przez podmioty dzia\u0142aj\u0105ce [&hellip;]<\/p>\n","protected":false},"author":7,"featured_media":0,"parent":0,"menu_order":0,"comment_status":"closed","ping_status":"closed","template":"elementor_header_footer","meta":{"site-sidebar-layout":"no-sidebar","site-content-layout":"","ast-site-content-layout":"full-width-container","site-content-style":"default","site-sidebar-style":"default","ast-global-header-display":"","ast-banner-title-visibility":"","ast-main-header-display":"","ast-hfb-above-header-display":"","ast-hfb-below-header-display":"","ast-hfb-mobile-header-display":"","site-post-title":"disabled","ast-breadcrumbs-content":"","ast-featured-img":"disabled","footer-sml-layout":"","ast-disable-related-posts":"","theme-transparent-header-meta":"","adv-header-id-meta":"","stick-header-meta":"","header-above-stick-meta":"","header-main-stick-meta":"","header-below-stick-meta":"","astra-migrate-meta-layouts":"default","ast-page-background-enabled":"default","ast-page-background-meta":{"desktop":{"background-color":"var(--ast-global-color-4)","background-image":"","background-repeat":"repeat","background-position":"center center","background-size":"auto","background-attachment":"scroll","background-type":"","background-media":"","overlay-type":"","overlay-color":"","overlay-opacity":"","overlay-gradient":""},"tablet":{"background-color":"","background-image":"","background-repeat":"repeat","background-position":"center center","background-size":"auto","background-attachment":"scroll","background-type":"","background-media":"","overlay-type":"","overlay-color":"","overlay-opacity":"","overlay-gradient":""},"mobile":{"background-color":"","background-image":"","background-repeat":"repeat","background-position":"center center","background-size":"auto","background-attachment":"scroll","background-type":"","background-media":"","overlay-type":"","overlay-color":"","overlay-opacity":"","overlay-gradient":""}},"ast-content-background-meta":{"desktop":{"background-color":"var(--ast-global-color-5)","background-image":"","background-repeat":"repeat","background-position":"center center","background-size":"auto","background-attachment":"scroll","background-type":"","background-media":"","overlay-type":"","overlay-color":"","overlay-opacity":"","overlay-gradient":""},"tablet":{"background-color":"var(--ast-global-color-5)","background-image":"","background-repeat":"repeat","background-position":"center center","background-size":"auto","background-attachment":"scroll","background-type":"","background-media":"","overlay-type":"","overlay-color":"","overlay-opacity":"","overlay-gradient":""},"mobile":{"background-color":"var(--ast-global-color-5)","background-image":"","background-repeat":"repeat","background-position":"center center","background-size":"auto","background-attachment":"scroll","background-type":"","background-media":"","overlay-type":"","overlay-color":"","overlay-opacity":"","overlay-gradient":""}},"footnotes":""},"class_list":["post-1783","page","type-page","status-publish","hentry"],"yoast_head":"<!-- This site is optimized with the Yoast SEO Premium plugin v27.2 (Yoast SEO v27.2) - https:\/\/yoast.com\/product\/yoast-seo-premium-wordpress\/ -->\n<title>Informacja o ochronie danych osobowych - Bertrand. Najwy\u017cszej jako\u015bci okna i drzwi. Certyfikowany producent od 1969 roku.<\/title>\n<meta name=\"description\" content=\"Informacja o ochronie danych osobowych. Pe\u0142na zgodno\u015b\u0107, bezpiecze\u0144stwo i prawa do Twoich danych w firmie BERTRAND.\" \/>\n<meta name=\"robots\" content=\"index, follow, max-snippet:-1, max-image-preview:large, max-video-preview:-1\" \/>\n<link rel=\"canonical\" href=\"https:\/\/bertrand.pl\/en\/gdpr\/\" \/>\n<meta property=\"og:locale\" content=\"en_GB\" \/>\n<meta property=\"og:type\" content=\"article\" \/>\n<meta property=\"og:title\" content=\"Informacja o ochronie danych osobowych\" \/>\n<meta property=\"og:description\" content=\"Informacja o ochronie danych osobowych. Pe\u0142na zgodno\u015b\u0107, bezpiecze\u0144stwo i prawa do Twoich danych w firmie BERTRAND.\" \/>\n<meta property=\"og:url\" content=\"https:\/\/bertrand.pl\/en\/gdpr\/\" \/>\n<meta property=\"og:site_name\" content=\"Bertrand. Najwy\u017cszej jako\u015bci okna i drzwi. Certyfikowany producent od 1969 roku.\" \/>\n<meta property=\"article:publisher\" content=\"https:\/\/www.facebook.com\/bertrandpolska\/\" \/>\n<meta property=\"article:modified_time\" content=\"2026-01-09T07:59:15+00:00\" \/>\n<meta property=\"og:image\" content=\"https:\/\/bertrand.pl\/wp-content\/uploads\/2024\/01\/bertrand-blog.jpg\" \/>\n\t<meta property=\"og:image:width\" content=\"1280\" \/>\n\t<meta property=\"og:image:height\" content=\"720\" \/>\n\t<meta property=\"og:image:type\" content=\"image\/jpeg\" \/>\n<meta name=\"twitter:card\" content=\"summary_large_image\" \/>\n<meta name=\"twitter:label1\" content=\"Estimated reading time\" \/>\n\t<meta name=\"twitter:data1\" content=\"3 minutes\" \/>\n<script type=\"application\/ld+json\" class=\"yoast-schema-graph\">{\"@context\":\"https:\/\/schema.org\",\"@graph\":[{\"@type\":\"Article\",\"@id\":\"https:\/\/bertrand.pl\/rodo\/#article\",\"isPartOf\":{\"@id\":\"https:\/\/bertrand.pl\/rodo\/\"},\"author\":{\"name\":\"w.wachnik\",\"@id\":\"https:\/\/bertrand.pl\/#\/schema\/person\/767d70e891d700b2e3c19083f31a484c\"},\"headline\":\"Informacja o ochronie danych osobowych\",\"datePublished\":\"2024-01-09T11:49:44+00:00\",\"dateModified\":\"2026-01-09T07:59:15+00:00\",\"mainEntityOfPage\":{\"@id\":\"https:\/\/bertrand.pl\/rodo\/\"},\"wordCount\":454,\"publisher\":{\"@id\":\"https:\/\/bertrand.pl\/#organization\"},\"inLanguage\":\"en-GB\"},{\"@type\":\"WebPage\",\"@id\":\"https:\/\/bertrand.pl\/rodo\/\",\"url\":\"https:\/\/bertrand.pl\/rodo\/\",\"name\":\"Informacja o ochronie danych osobowych - Bertrand. Najwy\u017cszej jako\u015bci okna i drzwi. Certyfikowany producent od 1969 roku.\",\"isPartOf\":{\"@id\":\"https:\/\/bertrand.pl\/#website\"},\"datePublished\":\"2024-01-09T11:49:44+00:00\",\"dateModified\":\"2026-01-09T07:59:15+00:00\",\"description\":\"Informacja o ochronie danych osobowych. Pe\u0142na zgodno\u015b\u0107, bezpiecze\u0144stwo i prawa do Twoich danych w firmie BERTRAND.\",\"breadcrumb\":{\"@id\":\"https:\/\/bertrand.pl\/rodo\/#breadcrumb\"},\"inLanguage\":\"en-GB\",\"potentialAction\":[{\"@type\":\"ReadAction\",\"target\":[\"https:\/\/bertrand.pl\/rodo\/\"]}]},{\"@type\":\"BreadcrumbList\",\"@id\":\"https:\/\/bertrand.pl\/rodo\/#breadcrumb\",\"itemListElement\":[{\"@type\":\"ListItem\",\"position\":1,\"name\":\"Strona g\u0142\u00f3wna\",\"item\":\"https:\/\/bertrand.pl\/\"},{\"@type\":\"ListItem\",\"position\":2,\"name\":\"Informacja o ochronie danych osobowych\"}]},{\"@type\":\"WebSite\",\"@id\":\"https:\/\/bertrand.pl\/#website\",\"url\":\"https:\/\/bertrand.pl\/\",\"name\":\"Bertrand.pl\",\"description\":\"Firma Bertrand to certyfikowany i uznany producent najwy\u017cszej jako\u015bci okien z PVC, z drewna lub aluminium. Produkcja drzwi, rolet i bram gara\u017cowych.\",\"publisher\":{\"@id\":\"https:\/\/bertrand.pl\/#organization\"},\"potentialAction\":[{\"@type\":\"SearchAction\",\"target\":{\"@type\":\"EntryPoint\",\"urlTemplate\":\"https:\/\/bertrand.pl\/?s={search_term_string}\"},\"query-input\":{\"@type\":\"PropertyValueSpecification\",\"valueRequired\":true,\"valueName\":\"search_term_string\"}}],\"inLanguage\":\"en-GB\"},{\"@type\":\"Organization\",\"@id\":\"https:\/\/bertrand.pl\/#organization\",\"name\":\"Bertrand.pl\",\"url\":\"https:\/\/bertrand.pl\/\",\"logo\":{\"@type\":\"ImageObject\",\"inLanguage\":\"en-GB\",\"@id\":\"https:\/\/bertrand.pl\/#\/schema\/logo\/image\/\",\"url\":\"https:\/\/bertrand.pl\/wp-content\/uploads\/2024\/12\/logo_BB_TM_PL_black.png\",\"contentUrl\":\"https:\/\/bertrand.pl\/wp-content\/uploads\/2024\/12\/logo_BB_TM_PL_black.png\",\"width\":1831,\"height\":1831,\"caption\":\"Bertrand.pl\"},\"image\":{\"@id\":\"https:\/\/bertrand.pl\/#\/schema\/logo\/image\/\"},\"sameAs\":[\"https:\/\/www.facebook.com\/bertrandpolska\/\",\"https:\/\/www.instagram.com\/bertrand_okna_i_drzwi\/\",\"https:\/\/www.linkedin.com\/company\/bertrand\/\",\"https:\/\/www.tiktok.com\/@bertrand_okna_drzwi\"]},{\"@type\":\"Person\",\"@id\":\"https:\/\/bertrand.pl\/#\/schema\/person\/767d70e891d700b2e3c19083f31a484c\",\"name\":\"w.wachnik\"}]}<\/script>\n<!-- \/ Yoast SEO Premium plugin. -->","yoast_head_json":{"title":"Informacja o ochronie danych osobowych - Bertrand. Najwy\u017cszej jako\u015bci okna i drzwi. Certyfikowany producent od 1969 roku.","description":"Information on the protection of personal data. Full compliance, security and rights to your data at BERTRAND.","robots":{"index":"index","follow":"follow","max-snippet":"max-snippet:-1","max-image-preview":"max-image-preview:large","max-video-preview":"max-video-preview:-1"},"canonical":"https:\/\/bertrand.pl\/en\/gdpr\/","og_locale":"en_GB","og_type":"article","og_title":"Informacja o ochronie danych osobowych","og_description":"Informacja o ochronie danych osobowych. Pe\u0142na zgodno\u015b\u0107, bezpiecze\u0144stwo i prawa do Twoich danych w firmie BERTRAND.","og_url":"https:\/\/bertrand.pl\/en\/gdpr\/","og_site_name":"Bertrand. Najwy\u017cszej jako\u015bci okna i drzwi. Certyfikowany producent od 1969 roku.","article_publisher":"https:\/\/www.facebook.com\/bertrandpolska\/","article_modified_time":"2026-01-09T07:59:15+00:00","og_image":[{"width":1280,"height":720,"url":"https:\/\/bertrand.pl\/wp-content\/uploads\/2024\/01\/bertrand-blog.jpg","type":"image\/jpeg"}],"twitter_card":"summary_large_image","twitter_misc":{"Estimated reading time":"3 minutes"},"schema":{"@context":"https:\/\/schema.org","@graph":[{"@type":"Article","@id":"https:\/\/bertrand.pl\/rodo\/#article","isPartOf":{"@id":"https:\/\/bertrand.pl\/rodo\/"},"author":{"name":"w.wachnik","@id":"https:\/\/bertrand.pl\/#\/schema\/person\/767d70e891d700b2e3c19083f31a484c"},"headline":"Informacja o ochronie danych osobowych","datePublished":"2024-01-09T11:49:44+00:00","dateModified":"2026-01-09T07:59:15+00:00","mainEntityOfPage":{"@id":"https:\/\/bertrand.pl\/rodo\/"},"wordCount":454,"publisher":{"@id":"https:\/\/bertrand.pl\/#organization"},"inLanguage":"en-GB"},{"@type":"WebPage","@id":"https:\/\/bertrand.pl\/rodo\/","url":"https:\/\/bertrand.pl\/rodo\/","name":"Informacja o ochronie danych osobowych - Bertrand. Najwy\u017cszej jako\u015bci okna i drzwi. Certyfikowany producent od 1969 roku.","isPartOf":{"@id":"https:\/\/bertrand.pl\/#website"},"datePublished":"2024-01-09T11:49:44+00:00","dateModified":"2026-01-09T07:59:15+00:00","description":"Information on the protection of personal data. Full compliance, security and rights to your data at BERTRAND.","breadcrumb":{"@id":"https:\/\/bertrand.pl\/rodo\/#breadcrumb"},"inLanguage":"en-GB","potentialAction":[{"@type":"ReadAction","target":["https:\/\/bertrand.pl\/rodo\/"]}]},{"@type":"BreadcrumbList","@id":"https:\/\/bertrand.pl\/rodo\/#breadcrumb","itemListElement":[{"@type":"ListItem","position":1,"name":"Strona g\u0142\u00f3wna","item":"https:\/\/bertrand.pl\/"},{"@type":"ListItem","position":2,"name":"Informacja o ochronie danych osobowych"}]},{"@type":"WebSite","@id":"https:\/\/bertrand.pl\/#website","url":"https:\/\/bertrand.pl\/","name":"Bertrand.pl","description":"Firma Bertrand to certyfikowany i uznany producent najwy\u017cszej jako\u015bci okien z PVC, z drewna lub aluminium. Produkcja drzwi, rolet i bram gara\u017cowych.","publisher":{"@id":"https:\/\/bertrand.pl\/#organization"},"potentialAction":[{"@type":"SearchAction","target":{"@type":"EntryPoint","urlTemplate":"https:\/\/bertrand.pl\/?s={search_term_string}"},"query-input":{"@type":"PropertyValueSpecification","valueRequired":true,"valueName":"search_term_string"}}],"inLanguage":"en-GB"},{"@type":"Organization","@id":"https:\/\/bertrand.pl\/#organization","name":"Bertrand.pl","url":"https:\/\/bertrand.pl\/","logo":{"@type":"ImageObject","inLanguage":"en-GB","@id":"https:\/\/bertrand.pl\/#\/schema\/logo\/image\/","url":"https:\/\/bertrand.pl\/wp-content\/uploads\/2024\/12\/logo_BB_TM_PL_black.png","contentUrl":"https:\/\/bertrand.pl\/wp-content\/uploads\/2024\/12\/logo_BB_TM_PL_black.png","width":1831,"height":1831,"caption":"Bertrand.pl"},"image":{"@id":"https:\/\/bertrand.pl\/#\/schema\/logo\/image\/"},"sameAs":["https:\/\/www.facebook.com\/bertrandpolska\/","https:\/\/www.instagram.com\/bertrand_okna_i_drzwi\/","https:\/\/www.linkedin.com\/company\/bertrand\/","https:\/\/www.tiktok.com\/@bertrand_okna_drzwi"]},{"@type":"Person","@id":"https:\/\/bertrand.pl\/#\/schema\/person\/767d70e891d700b2e3c19083f31a484c","name":"w.achnik"}]}},"_links":{"self":[{"href":"https:\/\/bertrand.pl\/en\/wp-json\/wp\/v2\/pages\/1783","targetHints":{"allow":["GET"]}}],"collection":[{"href":"https:\/\/bertrand.pl\/en\/wp-json\/wp\/v2\/pages"}],"about":[{"href":"https:\/\/bertrand.pl\/en\/wp-json\/wp\/v2\/types\/page"}],"author":[{"embeddable":true,"href":"https:\/\/bertrand.pl\/en\/wp-json\/wp\/v2\/users\/7"}],"replies":[{"embeddable":true,"href":"https:\/\/bertrand.pl\/en\/wp-json\/wp\/v2\/comments?post=1783"}],"version-history":[{"count":25,"href":"https:\/\/bertrand.pl\/en\/wp-json\/wp\/v2\/pages\/1783\/revisions"}],"predecessor-version":[{"id":6419,"href":"https:\/\/bertrand.pl\/en\/wp-json\/wp\/v2\/pages\/1783\/revisions\/6419"}],"wp:attachment":[{"href":"https:\/\/bertrand.pl\/en\/wp-json\/wp\/v2\/media?parent=1783"}],"curies":[{"name":"wp","href":"https:\/\/api.w.org\/{rel}","templated":true}]}}