{"id":1802,"date":"2024-01-09T13:00:29","date_gmt":"2024-01-09T12:00:29","guid":{"rendered":"https:\/\/bertrand.pl\/?page_id=1802"},"modified":"2024-12-12T08:30:42","modified_gmt":"2024-12-12T07:30:42","slug":"general-terms-and-conditions-of-sale-and-delivery","status":"publish","type":"page","link":"https:\/\/bertrand.pl\/en\/ogolne-warunki-sprzedazy-i-dostaw\/","title":{"rendered":"General terms and conditions of sale and delivery"},"content":{"rendered":"<div data-elementor-type=\"wp-page\" data-elementor-id=\"1802\" class=\"elementor elementor-1802\" data-elementor-post-type=\"page\">\n\t\t\t\t<div class=\"elementor-element elementor-element-f0b0d6e e-flex e-con-boxed e-con e-parent\" data-id=\"f0b0d6e\" data-element_type=\"container\" data-e-type=\"container\" data-settings=\"{&quot;background_background&quot;:&quot;classic&quot;}\">\n\t\t\t\t\t<div class=\"e-con-inner\">\n\t\t<div class=\"elementor-element elementor-element-d0ee6fa e-con-full e-flex e-con e-child\" data-id=\"d0ee6fa\" data-element_type=\"container\" data-e-type=\"container\">\n\t\t\t\t<div class=\"elementor-element elementor-element-7727a4a elementor-widget elementor-widget-heading\" data-id=\"7727a4a\" data-element_type=\"widget\" data-e-type=\"widget\" data-widget_type=\"heading.default\">\n\t\t\t\t<div class=\"elementor-widget-container\">\n\t\t\t\t\t<h1 class=\"elementor-heading-title elementor-size-default\">General Terms and Conditions of Sale and Delivery<\/h1>\t\t\t\t<\/div>\n\t\t\t\t<\/div>\n\t\t\t\t<div class=\"elementor-element elementor-element-2beb4b1 elementor-widget elementor-widget-text-editor\" data-id=\"2beb4b1\" data-element_type=\"widget\" data-e-type=\"widget\" data-widget_type=\"text-editor.default\">\n\t\t\t\t<div class=\"elementor-widget-container\">\n\t\t\t\t\t\t\t\t\t<p>The PDF file &quot;General Terms and Conditions of Sale and Delivery&quot; that you have at your disposal contains detailed information that is key to any commercial transaction. The document is an invaluable source of knowledge on various aspects of the contract, and its thorough understanding can significantly improve purchasing and logistics processes.<\/p><h4>Definitions of key terms in the contract<\/h4><p>The document specifies the most important terms used in the contract, which helps avoid misunderstandings and misunderstandings. Clear definition of terms such as &quot;order&quot;, &quot;delivery&quot; or &quot;receipt&quot; facilitates effective communication between the parties.<\/p><h4>Ordering Process<\/h4><p>Detailed step-by-step instructions on how to place orders to ensure they are compliant with the contract requirements. This allows for smooth transaction execution and eliminates the risk of delays resulting from incomplete data.<\/p><h4>Delivery and collection within and outside the EU<\/h4><p>Here you will find detailed guidelines for the transport of goods both within and outside the European Union. This section also covers customs procedures, which is extremely important for international logistics.<\/p><h4>Information about stands and forklifts<\/h4><p>You will learn which racks and forklifts the goods will be delivered on, which will make it easier to plan the storage and internal transport process.<\/p><h4>Terms of delivery complaints<\/h4><p>The document clearly defines the procedure for submitting complaints in the event of delivery discrepancies, which allows for quick resolution of problems and minimization of losses.<\/p><h4>Specific Delivery Conditions Form<\/h4><p>At the end of the document there is a form that allows you to define individual delivery conditions. Thanks to it, you can adjust the terms of cooperation to your specific needs.<\/p><p><a href=\"https:\/\/bertrand.pl\/en\/contact\/\"><strong>Bertrand Company<\/strong><\/a> attaches great importance to transparency and clarity in business relations, which is reflected in the detailed terms of the contract prepared by it. The document it offers is not only a collection of formal provisions, but also a practical guide for the company&#039;s partners and clients. The definitions of key terms contained in it help avoid misunderstandings, and the detailed description of the ordering processes improves cooperation at every stage.<\/p>\t\t\t\t\t\t\t\t<\/div>\n\t\t\t\t<\/div>\n\t\t\t\t<div class=\"elementor-element elementor-element-4f75002 action-button elementor-mobile-align-justify elementor-widget elementor-widget-button\" data-id=\"4f75002\" data-element_type=\"widget\" data-e-type=\"widget\" data-widget_type=\"button.default\">\n\t\t\t\t<div class=\"elementor-widget-container\">\n\t\t\t\t\t\t\t\t\t<div class=\"elementor-button-wrapper\">\n\t\t\t\t\t<a class=\"elementor-button elementor-button-link elementor-size-sm\" href=\"https:\/\/bertrand.pl\/wp-content\/uploads\/2024\/01\/Ogolne_warunki_sprzedazy_i_dostaw_01_06_2018_PL.pdf\">\n\t\t\t\t\t\t<span class=\"elementor-button-content-wrapper\">\n\t\t\t\t\t\t\t\t\t<span class=\"elementor-button-text\">General terms and conditions<\/span>\n\t\t\t\t\t<\/span>\n\t\t\t\t\t<\/a>\n\t\t\t\t<\/div>\n\t\t\t\t\t\t\t\t<\/div>\n\t\t\t\t<\/div>\n\t\t\t\t<\/div>\n\t\t\t\t\t<\/div>\n\t\t\t\t<\/div>\n\t\t\t\t<\/div>","protected":false},"excerpt":{"rendered":"<p>Og\u00f3lne Warunki Sprzeda\u017cy i Dostaw Plik PDF &#8222;Og\u00f3lne warunki sprzeda\u017cy i dostaw&#8221;, kt\u00f3ry masz do dyspozycji, zawiera szczeg\u00f3\u0142owe informacje kluczowe dla ka\u017cdej transakcji handlowej. Dokument jest nieocenionym \u017ar\u00f3d\u0142em wiedzy na temat r\u00f3\u017cnych aspekt\u00f3w umowy, a jego dok\u0142adne zrozumienie mo\u017ce znacz\u0105co usprawni\u0107 procesy zakupowe i logistyczne. Definicje kluczowych poj\u0119\u0107 w umowie Dokument precyzuje najwa\u017cniejsze terminy u\u017cywane [&hellip;]<\/p>\n","protected":false},"author":7,"featured_media":0,"parent":0,"menu_order":0,"comment_status":"closed","ping_status":"closed","template":"","meta":{"site-sidebar-layout":"no-sidebar","site-content-layout":"","ast-site-content-layout":"full-width-container","site-content-style":"default","site-sidebar-style":"default","ast-global-header-display":"","ast-banner-title-visibility":"","ast-main-header-display":"","ast-hfb-above-header-display":"","ast-hfb-below-header-display":"","ast-hfb-mobile-header-display":"","site-post-title":"disabled","ast-breadcrumbs-content":"","ast-featured-img":"disabled","footer-sml-layout":"","ast-disable-related-posts":"","theme-transparent-header-meta":"","adv-header-id-meta":"","stick-header-meta":"","header-above-stick-meta":"","header-main-stick-meta":"","header-below-stick-meta":"","astra-migrate-meta-layouts":"default","ast-page-background-enabled":"default","ast-page-background-meta":{"desktop":{"background-color":"var(--ast-global-color-4)","background-image":"","background-repeat":"repeat","background-position":"center center","background-size":"auto","background-attachment":"scroll","background-type":"","background-media":"","overlay-type":"","overlay-color":"","overlay-opacity":"","overlay-gradient":""},"tablet":{"background-color":"","background-image":"","background-repeat":"repeat","background-position":"center center","background-size":"auto","background-attachment":"scroll","background-type":"","background-media":"","overlay-type":"","overlay-color":"","overlay-opacity":"","overlay-gradient":""},"mobile":{"background-color":"","background-image":"","background-repeat":"repeat","background-position":"center center","background-size":"auto","background-attachment":"scroll","background-type":"","background-media":"","overlay-type":"","overlay-color":"","overlay-opacity":"","overlay-gradient":""}},"ast-content-background-meta":{"desktop":{"background-color":"var(--ast-global-color-5)","background-image":"","background-repeat":"repeat","background-position":"center center","background-size":"auto","background-attachment":"scroll","background-type":"","background-media":"","overlay-type":"","overlay-color":"","overlay-opacity":"","overlay-gradient":""},"tablet":{"background-color":"var(--ast-global-color-5)","background-image":"","background-repeat":"repeat","background-position":"center center","background-size":"auto","background-attachment":"scroll","background-type":"","background-media":"","overlay-type":"","overlay-color":"","overlay-opacity":"","overlay-gradient":""},"mobile":{"background-color":"var(--ast-global-color-5)","background-image":"","background-repeat":"repeat","background-position":"center center","background-size":"auto","background-attachment":"scroll","background-type":"","background-media":"","overlay-type":"","overlay-color":"","overlay-opacity":"","overlay-gradient":""}},"footnotes":""},"class_list":["post-1802","page","type-page","status-publish","hentry"],"yoast_head":"<!-- This site is optimized with the Yoast SEO Premium plugin v27.2 (Yoast SEO v27.2) - https:\/\/yoast.com\/product\/yoast-seo-premium-wordpress\/ -->\n<title>Og\u00f3lne warunki sprzeda\u017cy i dostaw - Bertrand. Najwy\u017cszej jako\u015bci okna i drzwi. Certyfikowany producent od 1969 roku.<\/title>\n<meta name=\"description\" content=\"Poznaj kluczowe informacje o definicjach, zam\u00f3wieniach, cenach, dostawach, reklamacjach i warunkach umowy. Og\u00f3lne warunki sprzeda\u017cy i dostaw.\" \/>\n<meta name=\"robots\" content=\"index, follow, max-snippet:-1, max-image-preview:large, max-video-preview:-1\" \/>\n<link rel=\"canonical\" href=\"https:\/\/bertrand.pl\/en\/general-terms-and-conditions-of-sale-and-delivery\/\" \/>\n<meta property=\"og:locale\" content=\"en_GB\" \/>\n<meta property=\"og:type\" content=\"article\" \/>\n<meta property=\"og:title\" content=\"Og\u00f3lne warunki sprzeda\u017cy i dostaw\" \/>\n<meta property=\"og:description\" content=\"Poznaj kluczowe informacje o definicjach, zam\u00f3wieniach, cenach, dostawach, reklamacjach i warunkach umowy. Og\u00f3lne warunki sprzeda\u017cy i dostaw.\" \/>\n<meta property=\"og:url\" content=\"https:\/\/bertrand.pl\/en\/general-terms-and-conditions-of-sale-and-delivery\/\" \/>\n<meta property=\"og:site_name\" content=\"Bertrand. Najwy\u017cszej jako\u015bci okna i drzwi. Certyfikowany producent od 1969 roku.\" \/>\n<meta property=\"article:publisher\" content=\"https:\/\/www.facebook.com\/bertrandpolska\/\" \/>\n<meta property=\"article:modified_time\" content=\"2024-12-12T07:30:42+00:00\" \/>\n<meta property=\"og:image\" content=\"https:\/\/bertrand.pl\/wp-content\/uploads\/2024\/01\/bertrand-blog.jpg\" \/>\n\t<meta property=\"og:image:width\" content=\"1280\" \/>\n\t<meta property=\"og:image:height\" content=\"720\" \/>\n\t<meta property=\"og:image:type\" content=\"image\/jpeg\" \/>\n<meta name=\"twitter:card\" content=\"summary_large_image\" \/>\n<meta name=\"twitter:label1\" content=\"Estimated reading time\" \/>\n\t<meta name=\"twitter:data1\" content=\"2 minutes\" \/>\n<script type=\"application\/ld+json\" class=\"yoast-schema-graph\">{\"@context\":\"https:\/\/schema.org\",\"@graph\":[{\"@type\":\"Article\",\"@id\":\"https:\/\/bertrand.pl\/ogolne-warunki-sprzedazy-i-dostaw\/#article\",\"isPartOf\":{\"@id\":\"https:\/\/bertrand.pl\/ogolne-warunki-sprzedazy-i-dostaw\/\"},\"author\":{\"name\":\"w.wachnik\",\"@id\":\"https:\/\/bertrand.pl\/#\/schema\/person\/767d70e891d700b2e3c19083f31a484c\"},\"headline\":\"Og\u00f3lne warunki sprzeda\u017cy i dostaw\",\"datePublished\":\"2024-01-09T12:00:29+00:00\",\"dateModified\":\"2024-12-12T07:30:42+00:00\",\"mainEntityOfPage\":{\"@id\":\"https:\/\/bertrand.pl\/ogolne-warunki-sprzedazy-i-dostaw\/\"},\"wordCount\":366,\"publisher\":{\"@id\":\"https:\/\/bertrand.pl\/#organization\"},\"inLanguage\":\"en-GB\"},{\"@type\":\"WebPage\",\"@id\":\"https:\/\/bertrand.pl\/ogolne-warunki-sprzedazy-i-dostaw\/\",\"url\":\"https:\/\/bertrand.pl\/ogolne-warunki-sprzedazy-i-dostaw\/\",\"name\":\"Og\u00f3lne warunki sprzeda\u017cy i dostaw - Bertrand. Najwy\u017cszej jako\u015bci okna i drzwi. Certyfikowany producent od 1969 roku.\",\"isPartOf\":{\"@id\":\"https:\/\/bertrand.pl\/#website\"},\"datePublished\":\"2024-01-09T12:00:29+00:00\",\"dateModified\":\"2024-12-12T07:30:42+00:00\",\"description\":\"Poznaj kluczowe informacje o definicjach, zam\u00f3wieniach, cenach, dostawach, reklamacjach i warunkach umowy. Og\u00f3lne warunki sprzeda\u017cy i dostaw.\",\"breadcrumb\":{\"@id\":\"https:\/\/bertrand.pl\/ogolne-warunki-sprzedazy-i-dostaw\/#breadcrumb\"},\"inLanguage\":\"en-GB\",\"potentialAction\":[{\"@type\":\"ReadAction\",\"target\":[\"https:\/\/bertrand.pl\/ogolne-warunki-sprzedazy-i-dostaw\/\"]}]},{\"@type\":\"BreadcrumbList\",\"@id\":\"https:\/\/bertrand.pl\/ogolne-warunki-sprzedazy-i-dostaw\/#breadcrumb\",\"itemListElement\":[{\"@type\":\"ListItem\",\"position\":1,\"name\":\"Strona g\u0142\u00f3wna\",\"item\":\"https:\/\/bertrand.pl\/\"},{\"@type\":\"ListItem\",\"position\":2,\"name\":\"Og\u00f3lne warunki sprzeda\u017cy i dostaw\"}]},{\"@type\":\"WebSite\",\"@id\":\"https:\/\/bertrand.pl\/#website\",\"url\":\"https:\/\/bertrand.pl\/\",\"name\":\"Bertrand.pl\",\"description\":\"Firma Bertrand to certyfikowany i uznany producent najwy\u017cszej jako\u015bci okien z PVC, z drewna lub aluminium. Produkcja drzwi, rolet i bram gara\u017cowych.\",\"publisher\":{\"@id\":\"https:\/\/bertrand.pl\/#organization\"},\"potentialAction\":[{\"@type\":\"SearchAction\",\"target\":{\"@type\":\"EntryPoint\",\"urlTemplate\":\"https:\/\/bertrand.pl\/?s={search_term_string}\"},\"query-input\":{\"@type\":\"PropertyValueSpecification\",\"valueRequired\":true,\"valueName\":\"search_term_string\"}}],\"inLanguage\":\"en-GB\"},{\"@type\":\"Organization\",\"@id\":\"https:\/\/bertrand.pl\/#organization\",\"name\":\"Bertrand.pl\",\"url\":\"https:\/\/bertrand.pl\/\",\"logo\":{\"@type\":\"ImageObject\",\"inLanguage\":\"en-GB\",\"@id\":\"https:\/\/bertrand.pl\/#\/schema\/logo\/image\/\",\"url\":\"https:\/\/bertrand.pl\/wp-content\/uploads\/2024\/12\/logo_BB_TM_PL_black.png\",\"contentUrl\":\"https:\/\/bertrand.pl\/wp-content\/uploads\/2024\/12\/logo_BB_TM_PL_black.png\",\"width\":1831,\"height\":1831,\"caption\":\"Bertrand.pl\"},\"image\":{\"@id\":\"https:\/\/bertrand.pl\/#\/schema\/logo\/image\/\"},\"sameAs\":[\"https:\/\/www.facebook.com\/bertrandpolska\/\",\"https:\/\/www.instagram.com\/bertrand_okna_i_drzwi\/\",\"https:\/\/www.linkedin.com\/company\/bertrand\/\",\"https:\/\/www.tiktok.com\/@bertrand_okna_drzwi\"]},{\"@type\":\"Person\",\"@id\":\"https:\/\/bertrand.pl\/#\/schema\/person\/767d70e891d700b2e3c19083f31a484c\",\"name\":\"w.wachnik\"}]}<\/script>\n<!-- \/ Yoast SEO Premium plugin. -->","yoast_head_json":{"title":"Og\u00f3lne warunki sprzeda\u017cy i dostaw - Bertrand. Najwy\u017cszej jako\u015bci okna i drzwi. Certyfikowany producent od 1969 roku.","description":"Learn key information about definitions, orders, prices, deliveries, complaints and contract terms. General terms and conditions of sale and delivery.","robots":{"index":"index","follow":"follow","max-snippet":"max-snippet:-1","max-image-preview":"max-image-preview:large","max-video-preview":"max-video-preview:-1"},"canonical":"https:\/\/bertrand.pl\/en\/general-terms-and-conditions-of-sale-and-delivery\/","og_locale":"en_GB","og_type":"article","og_title":"Og\u00f3lne warunki sprzeda\u017cy i dostaw","og_description":"Poznaj kluczowe informacje o definicjach, zam\u00f3wieniach, cenach, dostawach, reklamacjach i warunkach umowy. Og\u00f3lne warunki sprzeda\u017cy i dostaw.","og_url":"https:\/\/bertrand.pl\/en\/general-terms-and-conditions-of-sale-and-delivery\/","og_site_name":"Bertrand. Najwy\u017cszej jako\u015bci okna i drzwi. Certyfikowany producent od 1969 roku.","article_publisher":"https:\/\/www.facebook.com\/bertrandpolska\/","article_modified_time":"2024-12-12T07:30:42+00:00","og_image":[{"width":1280,"height":720,"url":"https:\/\/bertrand.pl\/wp-content\/uploads\/2024\/01\/bertrand-blog.jpg","type":"image\/jpeg"}],"twitter_card":"summary_large_image","twitter_misc":{"Estimated reading time":"2 minutes"},"schema":{"@context":"https:\/\/schema.org","@graph":[{"@type":"Article","@id":"https:\/\/bertrand.pl\/ogolne-warunki-sprzedazy-i-dostaw\/#article","isPartOf":{"@id":"https:\/\/bertrand.pl\/ogolne-warunki-sprzedazy-i-dostaw\/"},"author":{"name":"w.wachnik","@id":"https:\/\/bertrand.pl\/#\/schema\/person\/767d70e891d700b2e3c19083f31a484c"},"headline":"Og\u00f3lne warunki sprzeda\u017cy i dostaw","datePublished":"2024-01-09T12:00:29+00:00","dateModified":"2024-12-12T07:30:42+00:00","mainEntityOfPage":{"@id":"https:\/\/bertrand.pl\/ogolne-warunki-sprzedazy-i-dostaw\/"},"wordCount":366,"publisher":{"@id":"https:\/\/bertrand.pl\/#organization"},"inLanguage":"en-GB"},{"@type":"WebPage","@id":"https:\/\/bertrand.pl\/ogolne-warunki-sprzedazy-i-dostaw\/","url":"https:\/\/bertrand.pl\/ogolne-warunki-sprzedazy-i-dostaw\/","name":"Og\u00f3lne warunki sprzeda\u017cy i dostaw - Bertrand. Najwy\u017cszej jako\u015bci okna i drzwi. Certyfikowany producent od 1969 roku.","isPartOf":{"@id":"https:\/\/bertrand.pl\/#website"},"datePublished":"2024-01-09T12:00:29+00:00","dateModified":"2024-12-12T07:30:42+00:00","description":"Learn key information about definitions, orders, prices, deliveries, complaints and contract terms. General terms and conditions of sale and delivery.","breadcrumb":{"@id":"https:\/\/bertrand.pl\/ogolne-warunki-sprzedazy-i-dostaw\/#breadcrumb"},"inLanguage":"en-GB","potentialAction":[{"@type":"ReadAction","target":["https:\/\/bertrand.pl\/ogolne-warunki-sprzedazy-i-dostaw\/"]}]},{"@type":"BreadcrumbList","@id":"https:\/\/bertrand.pl\/ogolne-warunki-sprzedazy-i-dostaw\/#breadcrumb","itemListElement":[{"@type":"ListItem","position":1,"name":"Strona g\u0142\u00f3wna","item":"https:\/\/bertrand.pl\/"},{"@type":"ListItem","position":2,"name":"Og\u00f3lne warunki sprzeda\u017cy i dostaw"}]},{"@type":"WebSite","@id":"https:\/\/bertrand.pl\/#website","url":"https:\/\/bertrand.pl\/","name":"Bertrand.pl","description":"Firma Bertrand to certyfikowany i uznany producent najwy\u017cszej jako\u015bci okien z PVC, z drewna lub aluminium. Produkcja drzwi, rolet i bram gara\u017cowych.","publisher":{"@id":"https:\/\/bertrand.pl\/#organization"},"potentialAction":[{"@type":"SearchAction","target":{"@type":"EntryPoint","urlTemplate":"https:\/\/bertrand.pl\/?s={search_term_string}"},"query-input":{"@type":"PropertyValueSpecification","valueRequired":true,"valueName":"search_term_string"}}],"inLanguage":"en-GB"},{"@type":"Organization","@id":"https:\/\/bertrand.pl\/#organization","name":"Bertrand.pl","url":"https:\/\/bertrand.pl\/","logo":{"@type":"ImageObject","inLanguage":"en-GB","@id":"https:\/\/bertrand.pl\/#\/schema\/logo\/image\/","url":"https:\/\/bertrand.pl\/wp-content\/uploads\/2024\/12\/logo_BB_TM_PL_black.png","contentUrl":"https:\/\/bertrand.pl\/wp-content\/uploads\/2024\/12\/logo_BB_TM_PL_black.png","width":1831,"height":1831,"caption":"Bertrand.pl"},"image":{"@id":"https:\/\/bertrand.pl\/#\/schema\/logo\/image\/"},"sameAs":["https:\/\/www.facebook.com\/bertrandpolska\/","https:\/\/www.instagram.com\/bertrand_okna_i_drzwi\/","https:\/\/www.linkedin.com\/company\/bertrand\/","https:\/\/www.tiktok.com\/@bertrand_okna_drzwi"]},{"@type":"Person","@id":"https:\/\/bertrand.pl\/#\/schema\/person\/767d70e891d700b2e3c19083f31a484c","name":"w.achnik"}]}},"_links":{"self":[{"href":"https:\/\/bertrand.pl\/en\/wp-json\/wp\/v2\/pages\/1802","targetHints":{"allow":["GET"]}}],"collection":[{"href":"https:\/\/bertrand.pl\/en\/wp-json\/wp\/v2\/pages"}],"about":[{"href":"https:\/\/bertrand.pl\/en\/wp-json\/wp\/v2\/types\/page"}],"author":[{"embeddable":true,"href":"https:\/\/bertrand.pl\/en\/wp-json\/wp\/v2\/users\/7"}],"replies":[{"embeddable":true,"href":"https:\/\/bertrand.pl\/en\/wp-json\/wp\/v2\/comments?post=1802"}],"version-history":[{"count":6,"href":"https:\/\/bertrand.pl\/en\/wp-json\/wp\/v2\/pages\/1802\/revisions"}],"predecessor-version":[{"id":5574,"href":"https:\/\/bertrand.pl\/en\/wp-json\/wp\/v2\/pages\/1802\/revisions\/5574"}],"wp:attachment":[{"href":"https:\/\/bertrand.pl\/en\/wp-json\/wp\/v2\/media?parent=1802"}],"curies":[{"name":"wp","href":"https:\/\/api.w.org\/{rel}","templated":true}]}}