{"id":1347,"date":"2024-01-03T13:05:23","date_gmt":"2024-01-03T12:05:23","guid":{"rendered":"https:\/\/bertrand.pl\/?page_id=1347"},"modified":"2026-01-27T13:20:22","modified_gmt":"2026-01-27T12:20:22","slug":"catalogues","status":"publish","type":"page","link":"https:\/\/bertrand.pl\/fr\/katalogi\/","title":{"rendered":"Catalogues"},"content":{"rendered":"<div data-elementor-type=\"wp-page\" data-elementor-id=\"1347\" class=\"elementor elementor-1347\" data-elementor-post-type=\"page\">\n\t\t\t\t<div class=\"elementor-element elementor-element-bb0cdec e-flex e-con-boxed e-con e-parent\" data-id=\"bb0cdec\" data-element_type=\"container\" data-e-type=\"container\" data-settings=\"{&quot;background_background&quot;:&quot;classic&quot;}\">\n\t\t\t\t\t<div class=\"e-con-inner\">\n\t\t\t\t<div class=\"elementor-element elementor-element-44789a3 elementor-widget elementor-widget-heading\" data-id=\"44789a3\" data-element_type=\"widget\" data-e-type=\"widget\" data-widget_type=\"heading.default\">\n\t\t\t\t<div class=\"elementor-widget-container\">\n\t\t\t\t\t<h1 class=\"elementor-heading-title elementor-size-default\"><span class=\"color\">Catalogues<\/span> \u00b7 D\u00e9pliants \u00b7 Brochures<\/h1>\t\t\t\t<\/div>\n\t\t\t\t<\/div>\n\t\t\t\t<div class=\"elementor-element elementor-element-63b9cd3 elementor-widget elementor-widget-text-editor\" data-id=\"63b9cd3\" data-element_type=\"widget\" data-e-type=\"widget\" data-widget_type=\"text-editor.default\">\n\t\t\t\t<div class=\"elementor-widget-container\">\n\t\t\t\t\t\t\t\t\t<p>Dans un souci de votre confort et de votre enti\u00e8re satisfaction, nous avons pr\u00e9par\u00e9 <strong>catalogues<\/strong>, <strong>broszury<\/strong> et <strong>brochures<\/strong>qui pr\u00e9sentent notre vaste gamme de produits de mani\u00e8re d\u00e9taill\u00e9e et claire. Gr\u00e2ce \u00e0 ces supports, vous pouvez non seulement d\u00e9couvrir facilement la diversit\u00e9 des solutions disponibles dans notre offre, mais \u00e9galement trouver des produits parfaitement adapt\u00e9s \u00e0 vos besoins et attentes individuels.<\/p><p>Pour faciliter encore davantage votre choix, nos supports d\u2019information contiennent non seulement des descriptions techniques d\u00e9taill\u00e9es, mais aussi des conseils pratiques et astuces.\nCela rend le processus de s\u00e9lection non seulement plus simple, mais \u00e9galement plus intuitif. Les informations qu\u2019ils contiennent vous aideront certainement \u00e0 prendre la meilleure d\u00e9cision et \u00e0 choisir des solutions parfaitement adapt\u00e9es \u00e0 vos exigences.<\/p><p>De plus, nous vous invitons chaleureusement \u00e0 d\u00e9couvrir en d\u00e9tail notre offre, disponible \u00e0 la fois en ligne et dans les supports d\u2019information que nous avons pr\u00e9par\u00e9s.\nIl est important de noter que, pour votre confort, nous offrons \u00e9galement la possibilit\u00e9 de contacter notre \u00e9quipe, qui se fera un plaisir de vous fournir des informations suppl\u00e9mentaires, de r\u00e9pondre \u00e0 vos questions et de vous aider \u00e0 commander un catalogue adapt\u00e9 \u00e0 vos besoins sp\u00e9cifiques.\nAinsi, le processus devient non seulement confortable, mais vous permet \u00e9galement de gagner un temps pr\u00e9cieux.<\/p>\t\t\t\t\t\t\t\t<\/div>\n\t\t\t\t<\/div>\n\t\t\t\t\t<\/div>\n\t\t\t\t<\/div>\n\t\t<div class=\"elementor-element elementor-element-4656347 e-flex e-con-boxed e-con e-parent\" data-id=\"4656347\" data-element_type=\"container\" data-e-type=\"container\" data-settings=\"{&quot;background_background&quot;:&quot;classic&quot;}\" data-no-translation=\"\">\n\t\t\t\t\t<div class=\"e-con-inner\">\n\t\t\t\t<div class=\"elementor-element elementor-element-25b7489 elementor-widget__width-inherit elementor-widget elementor-widget-jet-listing-dynamic-repeater\" data-id=\"25b7489\" data-element_type=\"widget\" data-e-type=\"widget\" data-widget_type=\"jet-listing-dynamic-repeater.default\">\n\t\t\t\t<div class=\"elementor-widget-container\">\n\t\t\t\t\t<div class=\"jet-listing jet-listing-dynamic-repeater\"><div class=\"jet-listing-dynamic-repeater__items\"><div class=\"jet-listing-dynamic-repeater__item\"><img decoding=\"async\" class=\"catalog-img\" src=\"https:\/\/bertrand.pl\/wp-content\/uploads\/2025\/07\/Zrzut-ekranu-2025-07-17-155149.png\">\n<h3 class=\"catalog-title\">CATALOGUE DES PRODUITS<\/h3>\n<a class=\"catalog-link\" href=\"https:\/\/bertrand.pl\/wp-content\/uploads\/2025\/07\/bb_katalog_2023_05_fr_v6.pdf\" target=\"_blank\"><i class=\"fa fa-download\"><\/i> Le catalogue<\/a><\/div><div class=\"jet-listing-dynamic-repeater__item\"><img decoding=\"async\" class=\"catalog-img\" src=\"https:\/\/bertrand.pl\/wp-content\/uploads\/2025\/07\/Zrzut-ekranu-2025-07-17-155016.png\">\n<h3 class=\"catalog-title\">Entretien et Maintenance pour fen\u00eatres et portes ext\u00e9rieures en bois<\/h3>\n<a class=\"catalog-link\" href=\"https:\/\/bertrand.pl\/wp-content\/uploads\/2025\/07\/Entretien-et-Maintenance-pour-fenetres-et-portes-exterieures-en-bois.pdf\" target=\"_blank\"><i class=\"fa fa-download\"><\/i> Le catalogue<\/a><\/div><\/div><\/div>\t\t\t\t<\/div>\n\t\t\t\t<\/div>\n\t\t\t\t\t<\/div>\n\t\t\t\t<\/div>\n\t\t\t\t<\/div>","protected":false},"excerpt":{"rendered":"<p>Katalogi \u00b7 Ulotki \u00b7 Broszury Z my\u015bl\u0105 o Pa\u0144stwa wygodzie i pe\u0142nym zadowoleniu przygotowali\u015bmy katalogi, broszury oraz ulotki, kt\u00f3re w spos\u00f3b szczeg\u00f3\u0142owy i przejrzysty prezentuj\u0105 nasz\u0105 bogat\u0105 ofert\u0119 produkt\u00f3w. Dzi\u0119ki tym materia\u0142om mog\u0105 Pa\u0144stwo nie tylko \u0142atwo zapozna\u0107 si\u0119 z r\u00f3\u017cnorodnymi rozwi\u0105zaniami dost\u0119pnymi w naszej ofercie, ale tak\u017ce znale\u017a\u0107 produkty idealnie dopasowane do indywidualnych potrzeb [&hellip;]<\/p>\n","protected":false},"author":7,"featured_media":0,"parent":0,"menu_order":0,"comment_status":"closed","ping_status":"closed","template":"elementor_header_footer","meta":{"site-sidebar-layout":"no-sidebar","site-content-layout":"","ast-site-content-layout":"full-width-container","site-content-style":"default","site-sidebar-style":"default","ast-global-header-display":"","ast-banner-title-visibility":"","ast-main-header-display":"","ast-hfb-above-header-display":"","ast-hfb-below-header-display":"","ast-hfb-mobile-header-display":"","site-post-title":"disabled","ast-breadcrumbs-content":"","ast-featured-img":"disabled","footer-sml-layout":"","ast-disable-related-posts":"","theme-transparent-header-meta":"","adv-header-id-meta":"","stick-header-meta":"","header-above-stick-meta":"","header-main-stick-meta":"","header-below-stick-meta":"","astra-migrate-meta-layouts":"default","ast-page-background-enabled":"default","ast-page-background-meta":{"desktop":{"background-color":"var(--ast-global-color-4)","background-image":"","background-repeat":"repeat","background-position":"center center","background-size":"auto","background-attachment":"scroll","background-type":"","background-media":"","overlay-type":"","overlay-color":"","overlay-opacity":"","overlay-gradient":""},"tablet":{"background-color":"","background-image":"","background-repeat":"repeat","background-position":"center center","background-size":"auto","background-attachment":"scroll","background-type":"","background-media":"","overlay-type":"","overlay-color":"","overlay-opacity":"","overlay-gradient":""},"mobile":{"background-color":"","background-image":"","background-repeat":"repeat","background-position":"center center","background-size":"auto","background-attachment":"scroll","background-type":"","background-media":"","overlay-type":"","overlay-color":"","overlay-opacity":"","overlay-gradient":""}},"ast-content-background-meta":{"desktop":{"background-color":"var(--ast-global-color-5)","background-image":"","background-repeat":"repeat","background-position":"center center","background-size":"auto","background-attachment":"scroll","background-type":"","background-media":"","overlay-type":"","overlay-color":"","overlay-opacity":"","overlay-gradient":""},"tablet":{"background-color":"var(--ast-global-color-5)","background-image":"","background-repeat":"repeat","background-position":"center center","background-size":"auto","background-attachment":"scroll","background-type":"","background-media":"","overlay-type":"","overlay-color":"","overlay-opacity":"","overlay-gradient":""},"mobile":{"background-color":"var(--ast-global-color-5)","background-image":"","background-repeat":"repeat","background-position":"center center","background-size":"auto","background-attachment":"scroll","background-type":"","background-media":"","overlay-type":"","overlay-color":"","overlay-opacity":"","overlay-gradient":""}},"footnotes":""},"class_list":["post-1347","page","type-page","status-publish","hentry"],"yoast_head":"<!-- This site is optimized with the Yoast SEO Premium plugin v27.2 (Yoast SEO v27.2) - https:\/\/yoast.com\/product\/yoast-seo-premium-wordpress\/ -->\n<title>Katalogi - Bertrand. Najwy\u017cszej jako\u015bci okna i drzwi. Certyfikowany producent od 1969 roku.<\/title>\n<meta name=\"description\" content=\"W Bertrand oferujemy okna, drzwi, bramy gara\u017cowe, rolety, systemy tarasowe, \u017caluzje fasadowe i fasady. Pobierz katalogi i znajd\u017a rozwi\u0105zanie.\" \/>\n<meta name=\"robots\" content=\"index, follow, max-snippet:-1, max-image-preview:large, max-video-preview:-1\" \/>\n<link rel=\"canonical\" href=\"https:\/\/bertrand.pl\/fr\/catalogues\/\" \/>\n<meta property=\"og:locale\" content=\"fr_FR\" \/>\n<meta property=\"og:type\" content=\"article\" \/>\n<meta property=\"og:title\" content=\"Katalogi\" \/>\n<meta property=\"og:description\" content=\"W Bertrand oferujemy okna, drzwi, bramy gara\u017cowe, rolety, systemy tarasowe, \u017caluzje fasadowe i fasady. Pobierz katalogi i znajd\u017a rozwi\u0105zanie.\" \/>\n<meta property=\"og:url\" content=\"https:\/\/bertrand.pl\/fr\/catalogues\/\" \/>\n<meta property=\"og:site_name\" content=\"Bertrand. Najwy\u017cszej jako\u015bci okna i drzwi. Certyfikowany producent od 1969 roku.\" \/>\n<meta property=\"article:publisher\" content=\"https:\/\/www.facebook.com\/bertrandpolska\/\" \/>\n<meta property=\"article:modified_time\" content=\"2026-01-27T12:20:22+00:00\" \/>\n<meta property=\"og:image\" content=\"https:\/\/bertrand.pl\/wp-content\/uploads\/2024\/11\/Zrzut-ekranu-2024-11-04-142727.png\" \/>\n<meta name=\"twitter:card\" content=\"summary_large_image\" \/>\n<meta name=\"twitter:label1\" content=\"Dur\u00e9e de lecture estim\u00e9e\" \/>\n\t<meta name=\"twitter:data1\" content=\"9 minutes\" \/>\n<script type=\"application\/ld+json\" class=\"yoast-schema-graph\">{\"@context\":\"https:\/\/schema.org\",\"@graph\":[{\"@type\":\"Article\",\"@id\":\"https:\/\/bertrand.pl\/katalogi\/#article\",\"isPartOf\":{\"@id\":\"https:\/\/bertrand.pl\/katalogi\/\"},\"author\":{\"name\":\"w.wachnik\",\"@id\":\"https:\/\/bertrand.pl\/#\/schema\/person\/767d70e891d700b2e3c19083f31a484c\"},\"headline\":\"Katalogi\",\"datePublished\":\"2024-01-03T12:05:23+00:00\",\"dateModified\":\"2026-01-27T12:20:22+00:00\",\"mainEntityOfPage\":{\"@id\":\"https:\/\/bertrand.pl\/katalogi\/\"},\"wordCount\":353,\"publisher\":{\"@id\":\"https:\/\/bertrand.pl\/#organization\"},\"image\":{\"@id\":\"https:\/\/bertrand.pl\/katalogi\/#primaryimage\"},\"thumbnailUrl\":\"https:\/\/bertrand.pl\/wp-content\/uploads\/2024\/11\/Zrzut-ekranu-2024-11-04-142727.png\",\"inLanguage\":\"fr-FR\"},{\"@type\":\"WebPage\",\"@id\":\"https:\/\/bertrand.pl\/katalogi\/\",\"url\":\"https:\/\/bertrand.pl\/katalogi\/\",\"name\":\"Katalogi - Bertrand. Najwy\u017cszej jako\u015bci okna i drzwi. Certyfikowany producent od 1969 roku.\",\"isPartOf\":{\"@id\":\"https:\/\/bertrand.pl\/#website\"},\"primaryImageOfPage\":{\"@id\":\"https:\/\/bertrand.pl\/katalogi\/#primaryimage\"},\"image\":{\"@id\":\"https:\/\/bertrand.pl\/katalogi\/#primaryimage\"},\"thumbnailUrl\":\"https:\/\/bertrand.pl\/wp-content\/uploads\/2024\/11\/Zrzut-ekranu-2024-11-04-142727.png\",\"datePublished\":\"2024-01-03T12:05:23+00:00\",\"dateModified\":\"2026-01-27T12:20:22+00:00\",\"description\":\"W Bertrand oferujemy okna, drzwi, bramy gara\u017cowe, rolety, systemy tarasowe, \u017caluzje fasadowe i fasady. Pobierz katalogi i znajd\u017a rozwi\u0105zanie.\",\"breadcrumb\":{\"@id\":\"https:\/\/bertrand.pl\/katalogi\/#breadcrumb\"},\"inLanguage\":\"fr-FR\",\"potentialAction\":[{\"@type\":\"ReadAction\",\"target\":[\"https:\/\/bertrand.pl\/katalogi\/\"]}]},{\"@type\":\"ImageObject\",\"inLanguage\":\"fr-FR\",\"@id\":\"https:\/\/bertrand.pl\/katalogi\/#primaryimage\",\"url\":\"https:\/\/bertrand.pl\/wp-content\/uploads\/2024\/11\/Zrzut-ekranu-2024-11-04-142727.png\",\"contentUrl\":\"https:\/\/bertrand.pl\/wp-content\/uploads\/2024\/11\/Zrzut-ekranu-2024-11-04-142727.png\"},{\"@type\":\"BreadcrumbList\",\"@id\":\"https:\/\/bertrand.pl\/katalogi\/#breadcrumb\",\"itemListElement\":[{\"@type\":\"ListItem\",\"position\":1,\"name\":\"Strona g\u0142\u00f3wna\",\"item\":\"https:\/\/bertrand.pl\/\"},{\"@type\":\"ListItem\",\"position\":2,\"name\":\"Katalogi\"}]},{\"@type\":\"WebSite\",\"@id\":\"https:\/\/bertrand.pl\/#website\",\"url\":\"https:\/\/bertrand.pl\/\",\"name\":\"Bertrand.pl\",\"description\":\"Firma Bertrand to certyfikowany i uznany producent najwy\u017cszej jako\u015bci okien z PVC, z drewna lub aluminium. Produkcja drzwi, rolet i bram gara\u017cowych.\",\"publisher\":{\"@id\":\"https:\/\/bertrand.pl\/#organization\"},\"potentialAction\":[{\"@type\":\"SearchAction\",\"target\":{\"@type\":\"EntryPoint\",\"urlTemplate\":\"https:\/\/bertrand.pl\/?s={search_term_string}\"},\"query-input\":{\"@type\":\"PropertyValueSpecification\",\"valueRequired\":true,\"valueName\":\"search_term_string\"}}],\"inLanguage\":\"fr-FR\"},{\"@type\":\"Organization\",\"@id\":\"https:\/\/bertrand.pl\/#organization\",\"name\":\"Bertrand.pl\",\"url\":\"https:\/\/bertrand.pl\/\",\"logo\":{\"@type\":\"ImageObject\",\"inLanguage\":\"fr-FR\",\"@id\":\"https:\/\/bertrand.pl\/#\/schema\/logo\/image\/\",\"url\":\"https:\/\/bertrand.pl\/wp-content\/uploads\/2024\/12\/logo_BB_TM_PL_black.png\",\"contentUrl\":\"https:\/\/bertrand.pl\/wp-content\/uploads\/2024\/12\/logo_BB_TM_PL_black.png\",\"width\":1831,\"height\":1831,\"caption\":\"Bertrand.pl\"},\"image\":{\"@id\":\"https:\/\/bertrand.pl\/#\/schema\/logo\/image\/\"},\"sameAs\":[\"https:\/\/www.facebook.com\/bertrandpolska\/\",\"https:\/\/www.instagram.com\/bertrand_okna_i_drzwi\/\",\"https:\/\/www.linkedin.com\/company\/bertrand\/\",\"https:\/\/www.tiktok.com\/@bertrand_okna_drzwi\"]},{\"@type\":\"Person\",\"@id\":\"https:\/\/bertrand.pl\/#\/schema\/person\/767d70e891d700b2e3c19083f31a484c\",\"name\":\"w.wachnik\"}]}<\/script>\n<!-- \/ Yoast SEO Premium plugin. -->","yoast_head_json":{"title":"Katalogi - Bertrand. Najwy\u017cszej jako\u015bci okna i drzwi. Certyfikowany producent od 1969 roku.","description":"Chez Bertrand, nous proposons des fen\u00eatres, des portes, des portes de garage, des volets roulants, des syst\u00e8mes de terrasse, des stores ext\u00e9rieurs et des fa\u00e7ades. T\u00e9l\u00e9chargez des catalogues et trouvez une solution.","robots":{"index":"index","follow":"follow","max-snippet":"max-snippet:-1","max-image-preview":"max-image-preview:large","max-video-preview":"max-video-preview:-1"},"canonical":"https:\/\/bertrand.pl\/fr\/catalogues\/","og_locale":"fr_FR","og_type":"article","og_title":"Katalogi","og_description":"W Bertrand oferujemy okna, drzwi, bramy gara\u017cowe, rolety, systemy tarasowe, \u017caluzje fasadowe i fasady. Pobierz katalogi i znajd\u017a rozwi\u0105zanie.","og_url":"https:\/\/bertrand.pl\/fr\/catalogues\/","og_site_name":"Bertrand. Najwy\u017cszej jako\u015bci okna i drzwi. Certyfikowany producent od 1969 roku.","article_publisher":"https:\/\/www.facebook.com\/bertrandpolska\/","article_modified_time":"2026-01-27T12:20:22+00:00","og_image":[{"url":"https:\/\/bertrand.pl\/wp-content\/uploads\/2024\/11\/Zrzut-ekranu-2024-11-04-142727.png","type":"","width":"","height":""}],"twitter_card":"summary_large_image","twitter_misc":{"Dur\u00e9e de lecture estim\u00e9e":"9 minutes"},"schema":{"@context":"https:\/\/schema.org","@graph":[{"@type":"Article","@id":"https:\/\/bertrand.pl\/katalogi\/#article","isPartOf":{"@id":"https:\/\/bertrand.pl\/katalogi\/"},"author":{"name":"w.wachnik","@id":"https:\/\/bertrand.pl\/#\/schema\/person\/767d70e891d700b2e3c19083f31a484c"},"headline":"Katalogi","datePublished":"2024-01-03T12:05:23+00:00","dateModified":"2026-01-27T12:20:22+00:00","mainEntityOfPage":{"@id":"https:\/\/bertrand.pl\/katalogi\/"},"wordCount":353,"publisher":{"@id":"https:\/\/bertrand.pl\/#organization"},"image":{"@id":"https:\/\/bertrand.pl\/katalogi\/#primaryimage"},"thumbnailUrl":"https:\/\/bertrand.pl\/wp-content\/uploads\/2024\/11\/Zrzut-ekranu-2024-11-04-142727.png","inLanguage":"fr-FR"},{"@type":"WebPage","@id":"https:\/\/bertrand.pl\/katalogi\/","url":"https:\/\/bertrand.pl\/katalogi\/","name":"Katalogi - Bertrand. Najwy\u017cszej jako\u015bci okna i drzwi. Certyfikowany producent od 1969 roku.","isPartOf":{"@id":"https:\/\/bertrand.pl\/#website"},"primaryImageOfPage":{"@id":"https:\/\/bertrand.pl\/katalogi\/#primaryimage"},"image":{"@id":"https:\/\/bertrand.pl\/katalogi\/#primaryimage"},"thumbnailUrl":"https:\/\/bertrand.pl\/wp-content\/uploads\/2024\/11\/Zrzut-ekranu-2024-11-04-142727.png","datePublished":"2024-01-03T12:05:23+00:00","dateModified":"2026-01-27T12:20:22+00:00","description":"Chez Bertrand, nous proposons des fen\u00eatres, des portes, des portes de garage, des volets roulants, des syst\u00e8mes de terrasse, des stores ext\u00e9rieurs et des fa\u00e7ades. T\u00e9l\u00e9chargez des catalogues et trouvez une solution.","breadcrumb":{"@id":"https:\/\/bertrand.pl\/katalogi\/#breadcrumb"},"inLanguage":"fr-FR","potentialAction":[{"@type":"ReadAction","target":["https:\/\/bertrand.pl\/katalogi\/"]}]},{"@type":"ImageObject","inLanguage":"fr-FR","@id":"https:\/\/bertrand.pl\/katalogi\/#primaryimage","url":"https:\/\/bertrand.pl\/wp-content\/uploads\/2024\/11\/Zrzut-ekranu-2024-11-04-142727.png","contentUrl":"https:\/\/bertrand.pl\/wp-content\/uploads\/2024\/11\/Zrzut-ekranu-2024-11-04-142727.png"},{"@type":"BreadcrumbList","@id":"https:\/\/bertrand.pl\/katalogi\/#breadcrumb","itemListElement":[{"@type":"ListItem","position":1,"name":"Strona g\u0142\u00f3wna","item":"https:\/\/bertrand.pl\/"},{"@type":"ListItem","position":2,"name":"Katalogi"}]},{"@type":"WebSite","@id":"https:\/\/bertrand.pl\/#website","url":"https:\/\/bertrand.pl\/","name":"Bertrand.pl","description":"Firma Bertrand to certyfikowany i uznany producent najwy\u017cszej jako\u015bci okien z PVC, z drewna lub aluminium. Produkcja drzwi, rolet i bram gara\u017cowych.","publisher":{"@id":"https:\/\/bertrand.pl\/#organization"},"potentialAction":[{"@type":"SearchAction","target":{"@type":"EntryPoint","urlTemplate":"https:\/\/bertrand.pl\/?s={search_term_string}"},"query-input":{"@type":"PropertyValueSpecification","valueRequired":true,"valueName":"search_term_string"}}],"inLanguage":"fr-FR"},{"@type":"Organization","@id":"https:\/\/bertrand.pl\/#organization","name":"Bertrand.pl","url":"https:\/\/bertrand.pl\/","logo":{"@type":"ImageObject","inLanguage":"fr-FR","@id":"https:\/\/bertrand.pl\/#\/schema\/logo\/image\/","url":"https:\/\/bertrand.pl\/wp-content\/uploads\/2024\/12\/logo_BB_TM_PL_black.png","contentUrl":"https:\/\/bertrand.pl\/wp-content\/uploads\/2024\/12\/logo_BB_TM_PL_black.png","width":1831,"height":1831,"caption":"Bertrand.pl"},"image":{"@id":"https:\/\/bertrand.pl\/#\/schema\/logo\/image\/"},"sameAs":["https:\/\/www.facebook.com\/bertrandpolska\/","https:\/\/www.instagram.com\/bertrand_okna_i_drzwi\/","https:\/\/www.linkedin.com\/company\/bertrand\/","https:\/\/www.tiktok.com\/@bertrand_okna_drzwi"]},{"@type":"Person","@id":"https:\/\/bertrand.pl\/#\/schema\/person\/767d70e891d700b2e3c19083f31a484c","name":"w.achnik"}]}},"_links":{"self":[{"href":"https:\/\/bertrand.pl\/fr\/wp-json\/wp\/v2\/pages\/1347","targetHints":{"allow":["GET"]}}],"collection":[{"href":"https:\/\/bertrand.pl\/fr\/wp-json\/wp\/v2\/pages"}],"about":[{"href":"https:\/\/bertrand.pl\/fr\/wp-json\/wp\/v2\/types\/page"}],"author":[{"embeddable":true,"href":"https:\/\/bertrand.pl\/fr\/wp-json\/wp\/v2\/users\/7"}],"replies":[{"embeddable":true,"href":"https:\/\/bertrand.pl\/fr\/wp-json\/wp\/v2\/comments?post=1347"}],"version-history":[{"count":70,"href":"https:\/\/bertrand.pl\/fr\/wp-json\/wp\/v2\/pages\/1347\/revisions"}],"predecessor-version":[{"id":7934,"href":"https:\/\/bertrand.pl\/fr\/wp-json\/wp\/v2\/pages\/1347\/revisions\/7934"}],"wp:attachment":[{"href":"https:\/\/bertrand.pl\/fr\/wp-json\/wp\/v2\/media?parent=1347"}],"curies":[{"name":"wp","href":"https:\/\/api.w.org\/{rel}","templated":true}]}}