{"id":1479,"date":"2024-01-08T14:30:18","date_gmt":"2024-01-08T13:30:18","guid":{"rendered":"https:\/\/bertrand.pl\/?page_id=1479"},"modified":"2024-12-16T12:42:15","modified_gmt":"2024-12-16T11:42:15","slug":"installation","status":"publish","type":"page","link":"https:\/\/bertrand.pl\/fr\/montaz\/","title":{"rendered":"Installation"},"content":{"rendered":"<div data-elementor-type=\"wp-page\" data-elementor-id=\"1479\" class=\"elementor elementor-1479\" data-elementor-post-type=\"page\">\n\t\t\t\t<div class=\"elementor-element elementor-element-84d0634 e-flex e-con-boxed e-con e-parent\" data-id=\"84d0634\" data-element_type=\"container\" data-e-type=\"container\" data-settings=\"{&quot;background_background&quot;:&quot;classic&quot;}\">\n\t\t\t\t\t<div class=\"e-con-inner\">\n\t\t<div class=\"elementor-element elementor-element-d2295d2 e-con-full e-flex e-con e-child\" data-id=\"d2295d2\" data-element_type=\"container\" data-e-type=\"container\">\n\t\t\t\t<div class=\"elementor-element elementor-element-82c05da elementor-widget elementor-widget-heading\" data-id=\"82c05da\" data-element_type=\"widget\" data-e-type=\"widget\" data-widget_type=\"heading.default\">\n\t\t\t\t<div class=\"elementor-widget-container\">\n\t\t\t\t\t<h1 class=\"elementor-heading-title elementor-size-default\">Installation <span class=\"color\">menuiserie de fen\u00eatres<\/span><\/h1>\t\t\t\t<\/div>\n\t\t\t\t<\/div>\n\t\t\t\t<div class=\"elementor-element elementor-element-7c1c305 elementor-widget elementor-widget-text-editor\" data-id=\"7c1c305\" data-element_type=\"widget\" data-e-type=\"widget\" data-widget_type=\"text-editor.default\">\n\t\t\t\t<div class=\"elementor-widget-container\">\n\t\t\t\t\t\t\t\t\t<p class=\"translation-block\">Nous tenons \u00e0 ce que chaque client se sente en confiance et \u00e0 l\u2019aise lors de l\u2019installation de nos produits.\nC\u2019est pourquoi nous avons pr\u00e9par\u00e9 des <a href=\"https:\/\/www.youtube.com\/@bertrandpolska\/videos\" target=\"_self\"><strong>vid\u00e9os<\/strong><\/a> sp\u00e9ciales qui expliquent de mani\u00e8re simple et accessible l\u2019<strong>installation de menuiseries<\/strong> \u00e9tape par \u00e9tape.\nC\u2019est une excellente source d\u2019information pour les professionnels comme pour les personnes effectuant une installation pour la premi\u00e8re fois.<\/p><p>Regarder ces supports est un excellent moyen d\u2019acqu\u00e9rir des connaissances pratiques et de dissiper tous les doutes avant de commencer les travaux.\nLes vid\u00e9os montrent les d\u00e9tails de chaque \u00e9tape, ce qui permet de mieux comprendre la technique et d\u2019\u00e9viter d\u2019\u00e9ventuelles erreurs.\nCela garantit un processus plus fluide et vous assure que l\u2019installation sera effectu\u00e9e correctement et selon les normes les plus \u00e9lev\u00e9es.<\/p>\t\t\t\t\t\t\t\t<\/div>\n\t\t\t\t<\/div>\n\t\t\t\t<\/div>\n\t\t<div class=\"elementor-element elementor-element-ada0e4a e-con-full elementor-hidden-mobile e-flex e-con e-child\" data-id=\"ada0e4a\" data-element_type=\"container\" data-e-type=\"container\">\n\t\t\t\t<div class=\"elementor-element elementor-element-11bdf7e img-dots elementor-widget elementor-widget-image\" data-id=\"11bdf7e\" data-element_type=\"widget\" data-e-type=\"widget\" data-widget_type=\"image.default\">\n\t\t\t\t<div class=\"elementor-widget-container\">\n\t\t\t\t\t\t\t\t\t\t\t\t\t\t\t<img fetchpriority=\"high\" decoding=\"async\" width=\"1320\" height=\"879\" src=\"https:\/\/bertrand.pl\/wp-content\/uploads\/2024\/12\/0708-19-1360x906.jpg\" class=\"attachment-large size-large wp-image-5600\" alt=\"installation\" srcset=\"https:\/\/bertrand.pl\/wp-content\/uploads\/2024\/12\/0708-19-1360x906.jpg 1360w, https:\/\/bertrand.pl\/wp-content\/uploads\/2024\/12\/0708-19-420x280.jpg 420w, https:\/\/bertrand.pl\/wp-content\/uploads\/2024\/12\/0708-19-768x512.jpg 768w, https:\/\/bertrand.pl\/wp-content\/uploads\/2024\/12\/0708-19-1536x1024.jpg 1536w, https:\/\/bertrand.pl\/wp-content\/uploads\/2024\/12\/0708-19-18x12.jpg 18w, https:\/\/bertrand.pl\/wp-content\/uploads\/2024\/12\/0708-19-600x400.jpg 600w, https:\/\/bertrand.pl\/wp-content\/uploads\/2024\/12\/0708-19.jpg 2048w\" sizes=\"(max-width: 1320px) 100vw, 1320px\" \/>\t\t\t\t\t\t\t\t\t\t\t\t\t\t\t<\/div>\n\t\t\t\t<\/div>\n\t\t\t\t<\/div>\n\t\t\t\t\t<\/div>\n\t\t\t\t<\/div>\n\t\t<div class=\"elementor-element elementor-element-1002df4 e-flex e-con-boxed e-con e-parent\" data-id=\"1002df4\" data-element_type=\"container\" data-e-type=\"container\">\n\t\t\t\t\t<div class=\"e-con-inner\">\n\t\t\t\t<div class=\"elementor-element elementor-element-897639d elementor-widget elementor-widget-text-editor\" data-id=\"897639d\" data-element_type=\"widget\" data-e-type=\"widget\" data-widget_type=\"text-editor.default\">\n\t\t\t\t<div class=\"elementor-widget-container\">\n\t\t\t\t\t\t\t\t\t<p>Nous vous encourageons vivement \u00e0 consulter nos supports d\u2019instructions.\nIls sont disponibles sous une forme pratique et offrent non seulement des indications techniques, mais aussi des conseils pratiques pour vous aider \u00e0 obtenir les meilleurs r\u00e9sultats.<\/p><p class=\"translation-block\">Si, apr\u00e8s avoir regard\u00e9 les vid\u00e9os, vous avez encore des questions ou des doutes, n\u2019h\u00e9sitez pas \u00e0 <a href=\"https:\/\/bertrand.pl\/fr\/contact\/\" target=\"_self\">contacter<\/a> notre \u00e9quipe.\nNous sommes l\u00e0 pour vous aider et vous accompagner \u00e0 chaque \u00e9tape \u2013 de la planification \u00e0 l\u2019installation finale.\nAvec <strong>BERTRAND<\/strong>, vous pouvez \u00eatre s\u00fbr de r\u00e9aliser vos projets sans stress et de tirer pleinement parti du potentiel de nos produits!<\/p>\t\t\t\t\t\t\t\t<\/div>\n\t\t\t\t<\/div>\n\t\t\t\t\t<\/div>\n\t\t\t\t<\/div>\n\t\t<div class=\"elementor-element elementor-element-ab2a152 e-flex e-con-boxed e-con e-parent\" data-id=\"ab2a152\" data-element_type=\"container\" data-e-type=\"container\">\n\t\t\t\t\t<div class=\"e-con-inner\">\n\t\t<div class=\"elementor-element elementor-element-e74c0e5 e-con-full e-flex e-con e-child\" data-id=\"e74c0e5\" data-element_type=\"container\" data-e-type=\"container\">\n\t\t\t\t<div class=\"elementor-element elementor-element-a79d31c elementor-widget elementor-widget-video\" data-id=\"a79d31c\" data-element_type=\"widget\" data-e-type=\"widget\" data-settings=\"{&quot;youtube_url&quot;:&quot;https:\\\/\\\/www.youtube.com\\\/watch?v=VlrKIf7mJXQ&quot;,&quot;video_type&quot;:&quot;youtube&quot;,&quot;controls&quot;:&quot;yes&quot;}\" data-widget_type=\"video.default\">\n\t\t\t\t<div class=\"elementor-widget-container\">\n\t\t\t\t\t\t\t<div class=\"elementor-wrapper elementor-open-inline\">\n\t\t\t<div class=\"elementor-video\"><\/div>\t\t<\/div>\n\t\t\t\t\t\t<\/div>\n\t\t\t\t<\/div>\n\t\t\t\t<div class=\"elementor-element elementor-element-f511504 elementor-widget elementor-widget-heading\" data-id=\"f511504\" data-element_type=\"widget\" data-e-type=\"widget\" data-widget_type=\"heading.default\">\n\t\t\t\t<div class=\"elementor-widget-container\">\n\t\t\t\t\t<h4 class=\"elementor-heading-title elementor-size-default\">Syst\u00e8me Thermo WOOD \u2013 Installation de fen\u00eatre chaude<\/h4>\t\t\t\t<\/div>\n\t\t\t\t<\/div>\n\t\t\t\t<\/div>\n\t\t<div class=\"elementor-element elementor-element-58bd44d e-con-full e-flex e-con e-child\" data-id=\"58bd44d\" data-element_type=\"container\" data-e-type=\"container\">\n\t\t\t\t<div class=\"elementor-element elementor-element-00cf174 elementor-widget elementor-widget-video\" data-id=\"00cf174\" data-element_type=\"widget\" data-e-type=\"widget\" data-settings=\"{&quot;youtube_url&quot;:&quot;https:\\\/\\\/www.youtube.com\\\/watch?v=RP3xLlpFoSw&quot;,&quot;video_type&quot;:&quot;youtube&quot;,&quot;controls&quot;:&quot;yes&quot;}\" data-widget_type=\"video.default\">\n\t\t\t\t<div class=\"elementor-widget-container\">\n\t\t\t\t\t\t\t<div class=\"elementor-wrapper elementor-open-inline\">\n\t\t\t<div class=\"elementor-video\"><\/div>\t\t<\/div>\n\t\t\t\t\t\t<\/div>\n\t\t\t\t<\/div>\n\t\t\t\t<div class=\"elementor-element elementor-element-9e62da6 elementor-widget elementor-widget-heading\" data-id=\"9e62da6\" data-element_type=\"widget\" data-e-type=\"widget\" data-widget_type=\"heading.default\">\n\t\t\t\t<div class=\"elementor-widget-container\">\n\t\t\t\t\t<h4 class=\"elementor-heading-title elementor-size-default\">Syst\u00e8me MOWO \u2013 Installation de fen\u00eatre chaude<\/h4>\t\t\t\t<\/div>\n\t\t\t\t<\/div>\n\t\t\t\t<\/div>\n\t\t<div class=\"elementor-element elementor-element-660db17 e-con-full e-flex e-con e-child\" data-id=\"660db17\" data-element_type=\"container\" data-e-type=\"container\">\n\t\t\t\t<div class=\"elementor-element elementor-element-d391e54 elementor-widget elementor-widget-video\" data-id=\"d391e54\" data-element_type=\"widget\" data-e-type=\"widget\" data-settings=\"{&quot;youtube_url&quot;:&quot;https:\\\/\\\/www.youtube.com\\\/watch?v=1AQzqMhaZnQ&quot;,&quot;video_type&quot;:&quot;youtube&quot;,&quot;controls&quot;:&quot;yes&quot;}\" data-widget_type=\"video.default\">\n\t\t\t\t<div class=\"elementor-widget-container\">\n\t\t\t\t\t\t\t<div class=\"elementor-wrapper elementor-open-inline\">\n\t\t\t<div class=\"elementor-video\"><\/div>\t\t<\/div>\n\t\t\t\t\t\t<\/div>\n\t\t\t\t<\/div>\n\t\t\t\t<div class=\"elementor-element elementor-element-0572057 elementor-widget elementor-widget-heading\" data-id=\"0572057\" data-element_type=\"widget\" data-e-type=\"widget\" data-widget_type=\"heading.default\">\n\t\t\t\t<div class=\"elementor-widget-container\">\n\t\t\t\t\t<h4 class=\"elementor-heading-title elementor-size-default\">Installation en saillie sur consoles \u2013 Installation de fen\u00eatre chaude<\/h4>\t\t\t\t<\/div>\n\t\t\t\t<\/div>\n\t\t\t\t<\/div>\n\t\t\t\t\t<\/div>\n\t\t\t\t<\/div>\n\t\t\t\t<\/div>","protected":false},"excerpt":{"rendered":"<p>Monta\u017c stolarki okiennej Zale\u017cy nam, aby ka\u017cdy Klient czu\u0142 si\u0119 pewnie i komfortowo podczas monta\u017cu naszych produkt\u00f3w. Dlatego przygotowali\u015bmy specjalne filmy wideo, kt\u00f3re w spos\u00f3b prosty i przyst\u0119pny przedstawiaj\u0105 monta\u017c stolarki okiennej krok po kroku. To doskona\u0142e \u017ar\u00f3d\u0142o wiedzy zar\u00f3wno dla profesjonalist\u00f3w, jak i os\u00f3b, kt\u00f3re monta\u017cem zajmuj\u0105 si\u0119 po raz pierwszy. Obejrzenie tych materia\u0142\u00f3w [&hellip;]<\/p>\n","protected":false},"author":7,"featured_media":0,"parent":0,"menu_order":0,"comment_status":"closed","ping_status":"closed","template":"","meta":{"site-sidebar-layout":"no-sidebar","site-content-layout":"","ast-site-content-layout":"full-width-container","site-content-style":"default","site-sidebar-style":"default","ast-global-header-display":"","ast-banner-title-visibility":"","ast-main-header-display":"","ast-hfb-above-header-display":"","ast-hfb-below-header-display":"","ast-hfb-mobile-header-display":"","site-post-title":"disabled","ast-breadcrumbs-content":"","ast-featured-img":"disabled","footer-sml-layout":"","ast-disable-related-posts":"","theme-transparent-header-meta":"","adv-header-id-meta":"","stick-header-meta":"","header-above-stick-meta":"","header-main-stick-meta":"","header-below-stick-meta":"","astra-migrate-meta-layouts":"default","ast-page-background-enabled":"default","ast-page-background-meta":{"desktop":{"background-color":"var(--ast-global-color-4)","background-image":"","background-repeat":"repeat","background-position":"center center","background-size":"auto","background-attachment":"scroll","background-type":"","background-media":"","overlay-type":"","overlay-color":"","overlay-opacity":"","overlay-gradient":""},"tablet":{"background-color":"","background-image":"","background-repeat":"repeat","background-position":"center center","background-size":"auto","background-attachment":"scroll","background-type":"","background-media":"","overlay-type":"","overlay-color":"","overlay-opacity":"","overlay-gradient":""},"mobile":{"background-color":"","background-image":"","background-repeat":"repeat","background-position":"center center","background-size":"auto","background-attachment":"scroll","background-type":"","background-media":"","overlay-type":"","overlay-color":"","overlay-opacity":"","overlay-gradient":""}},"ast-content-background-meta":{"desktop":{"background-color":"var(--ast-global-color-5)","background-image":"","background-repeat":"repeat","background-position":"center center","background-size":"auto","background-attachment":"scroll","background-type":"","background-media":"","overlay-type":"","overlay-color":"","overlay-opacity":"","overlay-gradient":""},"tablet":{"background-color":"var(--ast-global-color-5)","background-image":"","background-repeat":"repeat","background-position":"center center","background-size":"auto","background-attachment":"scroll","background-type":"","background-media":"","overlay-type":"","overlay-color":"","overlay-opacity":"","overlay-gradient":""},"mobile":{"background-color":"var(--ast-global-color-5)","background-image":"","background-repeat":"repeat","background-position":"center center","background-size":"auto","background-attachment":"scroll","background-type":"","background-media":"","overlay-type":"","overlay-color":"","overlay-opacity":"","overlay-gradient":""}},"footnotes":""},"class_list":["post-1479","page","type-page","status-publish","hentry"],"yoast_head":"<!-- This site is optimized with the Yoast SEO Premium plugin v27.2 (Yoast SEO v27.2) - https:\/\/yoast.com\/product\/yoast-seo-premium-wordpress\/ -->\n<title>Monta\u017c - Bertrand. Najwy\u017cszej jako\u015bci okna i drzwi. Certyfikowany producent od 1969 roku.<\/title>\n<meta name=\"description\" content=\"Chcesz zamontowa\u0107 okna, ale nie wiesz jak? Zobacz specjalne filmy video, kt\u00f3re krok po kroku przedstawiaj\u0105 monta\u017c stolarki okiennej.\" \/>\n<meta name=\"robots\" content=\"index, follow, max-snippet:-1, max-image-preview:large, max-video-preview:-1\" \/>\n<link rel=\"canonical\" href=\"https:\/\/bertrand.pl\/fr\/installation\/\" \/>\n<meta property=\"og:locale\" content=\"fr_FR\" \/>\n<meta property=\"og:type\" content=\"article\" \/>\n<meta property=\"og:title\" content=\"Monta\u017c\" \/>\n<meta property=\"og:description\" content=\"Chcesz zamontowa\u0107 okna, ale nie wiesz jak? Zobacz specjalne filmy video, kt\u00f3re krok po kroku przedstawiaj\u0105 monta\u017c stolarki okiennej.\" \/>\n<meta property=\"og:url\" content=\"https:\/\/bertrand.pl\/fr\/installation\/\" \/>\n<meta property=\"og:site_name\" content=\"Bertrand. Najwy\u017cszej jako\u015bci okna i drzwi. Certyfikowany producent od 1969 roku.\" \/>\n<meta property=\"article:publisher\" content=\"https:\/\/www.facebook.com\/bertrandpolska\/\" \/>\n<meta property=\"article:modified_time\" content=\"2024-12-16T11:42:15+00:00\" \/>\n<meta property=\"og:image\" content=\"https:\/\/bertrand.pl\/wp-content\/uploads\/2024\/12\/0708-19-1360x906.jpg\" \/>\n<meta name=\"twitter:card\" content=\"summary_large_image\" \/>\n<meta name=\"twitter:label1\" content=\"Dur\u00e9e de lecture estim\u00e9e\" \/>\n\t<meta name=\"twitter:data1\" content=\"2 minutes\" \/>\n<script type=\"application\/ld+json\" class=\"yoast-schema-graph\">{\"@context\":\"https:\/\/schema.org\",\"@graph\":[{\"@type\":\"Article\",\"@id\":\"https:\/\/bertrand.pl\/montaz\/#article\",\"isPartOf\":{\"@id\":\"https:\/\/bertrand.pl\/montaz\/\"},\"author\":{\"name\":\"w.wachnik\",\"@id\":\"https:\/\/bertrand.pl\/#\/schema\/person\/767d70e891d700b2e3c19083f31a484c\"},\"headline\":\"Monta\u017c\",\"datePublished\":\"2024-01-08T13:30:18+00:00\",\"dateModified\":\"2024-12-16T11:42:15+00:00\",\"mainEntityOfPage\":{\"@id\":\"https:\/\/bertrand.pl\/montaz\/\"},\"wordCount\":279,\"publisher\":{\"@id\":\"https:\/\/bertrand.pl\/#organization\"},\"image\":{\"@id\":\"https:\/\/bertrand.pl\/montaz\/#primaryimage\"},\"thumbnailUrl\":\"https:\/\/bertrand.pl\/wp-content\/uploads\/2024\/12\/0708-19-1360x906.jpg\",\"inLanguage\":\"fr-FR\"},{\"@type\":\"WebPage\",\"@id\":\"https:\/\/bertrand.pl\/montaz\/\",\"url\":\"https:\/\/bertrand.pl\/montaz\/\",\"name\":\"Monta\u017c - Bertrand. Najwy\u017cszej jako\u015bci okna i drzwi. Certyfikowany producent od 1969 roku.\",\"isPartOf\":{\"@id\":\"https:\/\/bertrand.pl\/#website\"},\"primaryImageOfPage\":{\"@id\":\"https:\/\/bertrand.pl\/montaz\/#primaryimage\"},\"image\":{\"@id\":\"https:\/\/bertrand.pl\/montaz\/#primaryimage\"},\"thumbnailUrl\":\"https:\/\/bertrand.pl\/wp-content\/uploads\/2024\/12\/0708-19-1360x906.jpg\",\"datePublished\":\"2024-01-08T13:30:18+00:00\",\"dateModified\":\"2024-12-16T11:42:15+00:00\",\"description\":\"Chcesz zamontowa\u0107 okna, ale nie wiesz jak? Zobacz specjalne filmy video, kt\u00f3re krok po kroku przedstawiaj\u0105 monta\u017c stolarki okiennej.\",\"breadcrumb\":{\"@id\":\"https:\/\/bertrand.pl\/montaz\/#breadcrumb\"},\"inLanguage\":\"fr-FR\",\"potentialAction\":[{\"@type\":\"ReadAction\",\"target\":[\"https:\/\/bertrand.pl\/montaz\/\"]}]},{\"@type\":\"ImageObject\",\"inLanguage\":\"fr-FR\",\"@id\":\"https:\/\/bertrand.pl\/montaz\/#primaryimage\",\"url\":\"https:\/\/bertrand.pl\/wp-content\/uploads\/2024\/12\/0708-19-1360x906.jpg\",\"contentUrl\":\"https:\/\/bertrand.pl\/wp-content\/uploads\/2024\/12\/0708-19-1360x906.jpg\"},{\"@type\":\"BreadcrumbList\",\"@id\":\"https:\/\/bertrand.pl\/montaz\/#breadcrumb\",\"itemListElement\":[{\"@type\":\"ListItem\",\"position\":1,\"name\":\"Strona g\u0142\u00f3wna\",\"item\":\"https:\/\/bertrand.pl\/\"},{\"@type\":\"ListItem\",\"position\":2,\"name\":\"Monta\u017c\"}]},{\"@type\":\"WebSite\",\"@id\":\"https:\/\/bertrand.pl\/#website\",\"url\":\"https:\/\/bertrand.pl\/\",\"name\":\"Bertrand.pl\",\"description\":\"Firma Bertrand to certyfikowany i uznany producent najwy\u017cszej jako\u015bci okien z PVC, z drewna lub aluminium. Produkcja drzwi, rolet i bram gara\u017cowych.\",\"publisher\":{\"@id\":\"https:\/\/bertrand.pl\/#organization\"},\"potentialAction\":[{\"@type\":\"SearchAction\",\"target\":{\"@type\":\"EntryPoint\",\"urlTemplate\":\"https:\/\/bertrand.pl\/?s={search_term_string}\"},\"query-input\":{\"@type\":\"PropertyValueSpecification\",\"valueRequired\":true,\"valueName\":\"search_term_string\"}}],\"inLanguage\":\"fr-FR\"},{\"@type\":\"Organization\",\"@id\":\"https:\/\/bertrand.pl\/#organization\",\"name\":\"Bertrand.pl\",\"url\":\"https:\/\/bertrand.pl\/\",\"logo\":{\"@type\":\"ImageObject\",\"inLanguage\":\"fr-FR\",\"@id\":\"https:\/\/bertrand.pl\/#\/schema\/logo\/image\/\",\"url\":\"https:\/\/bertrand.pl\/wp-content\/uploads\/2024\/12\/logo_BB_TM_PL_black.png\",\"contentUrl\":\"https:\/\/bertrand.pl\/wp-content\/uploads\/2024\/12\/logo_BB_TM_PL_black.png\",\"width\":1831,\"height\":1831,\"caption\":\"Bertrand.pl\"},\"image\":{\"@id\":\"https:\/\/bertrand.pl\/#\/schema\/logo\/image\/\"},\"sameAs\":[\"https:\/\/www.facebook.com\/bertrandpolska\/\",\"https:\/\/www.instagram.com\/bertrand_okna_i_drzwi\/\",\"https:\/\/www.linkedin.com\/company\/bertrand\/\",\"https:\/\/www.tiktok.com\/@bertrand_okna_drzwi\"]},{\"@type\":\"Person\",\"@id\":\"https:\/\/bertrand.pl\/#\/schema\/person\/767d70e891d700b2e3c19083f31a484c\",\"name\":\"w.wachnik\"}]}<\/script>\n<!-- \/ Yoast SEO Premium plugin. -->","yoast_head_json":{"title":"Monta\u017c - Bertrand. Najwy\u017cszej jako\u015bci okna i drzwi. Certyfikowany producent od 1969 roku.","description":"Vous souhaitez installer Windows mais vous ne savez pas comment proc\u00e9der ? Regardez des vid\u00e9os sp\u00e9ciales qui montrent l&#039;installation \u00e9tape par \u00e9tape des fen\u00eatres.","robots":{"index":"index","follow":"follow","max-snippet":"max-snippet:-1","max-image-preview":"max-image-preview:large","max-video-preview":"max-video-preview:-1"},"canonical":"https:\/\/bertrand.pl\/fr\/installation\/","og_locale":"fr_FR","og_type":"article","og_title":"Monta\u017c","og_description":"Chcesz zamontowa\u0107 okna, ale nie wiesz jak? Zobacz specjalne filmy video, kt\u00f3re krok po kroku przedstawiaj\u0105 monta\u017c stolarki okiennej.","og_url":"https:\/\/bertrand.pl\/fr\/installation\/","og_site_name":"Bertrand. Najwy\u017cszej jako\u015bci okna i drzwi. Certyfikowany producent od 1969 roku.","article_publisher":"https:\/\/www.facebook.com\/bertrandpolska\/","article_modified_time":"2024-12-16T11:42:15+00:00","og_image":[{"url":"https:\/\/bertrand.pl\/wp-content\/uploads\/2024\/12\/0708-19-1360x906.jpg","type":"","width":"","height":""}],"twitter_card":"summary_large_image","twitter_misc":{"Dur\u00e9e de lecture estim\u00e9e":"2 minutes"},"schema":{"@context":"https:\/\/schema.org","@graph":[{"@type":"Article","@id":"https:\/\/bertrand.pl\/montaz\/#article","isPartOf":{"@id":"https:\/\/bertrand.pl\/montaz\/"},"author":{"name":"w.wachnik","@id":"https:\/\/bertrand.pl\/#\/schema\/person\/767d70e891d700b2e3c19083f31a484c"},"headline":"Monta\u017c","datePublished":"2024-01-08T13:30:18+00:00","dateModified":"2024-12-16T11:42:15+00:00","mainEntityOfPage":{"@id":"https:\/\/bertrand.pl\/montaz\/"},"wordCount":279,"publisher":{"@id":"https:\/\/bertrand.pl\/#organization"},"image":{"@id":"https:\/\/bertrand.pl\/montaz\/#primaryimage"},"thumbnailUrl":"https:\/\/bertrand.pl\/wp-content\/uploads\/2024\/12\/0708-19-1360x906.jpg","inLanguage":"fr-FR"},{"@type":"WebPage","@id":"https:\/\/bertrand.pl\/montaz\/","url":"https:\/\/bertrand.pl\/montaz\/","name":"Monta\u017c - Bertrand. Najwy\u017cszej jako\u015bci okna i drzwi. Certyfikowany producent od 1969 roku.","isPartOf":{"@id":"https:\/\/bertrand.pl\/#website"},"primaryImageOfPage":{"@id":"https:\/\/bertrand.pl\/montaz\/#primaryimage"},"image":{"@id":"https:\/\/bertrand.pl\/montaz\/#primaryimage"},"thumbnailUrl":"https:\/\/bertrand.pl\/wp-content\/uploads\/2024\/12\/0708-19-1360x906.jpg","datePublished":"2024-01-08T13:30:18+00:00","dateModified":"2024-12-16T11:42:15+00:00","description":"Vous souhaitez installer Windows mais vous ne savez pas comment proc\u00e9der ? Regardez des vid\u00e9os sp\u00e9ciales qui montrent l&#039;installation \u00e9tape par \u00e9tape des fen\u00eatres.","breadcrumb":{"@id":"https:\/\/bertrand.pl\/montaz\/#breadcrumb"},"inLanguage":"fr-FR","potentialAction":[{"@type":"ReadAction","target":["https:\/\/bertrand.pl\/montaz\/"]}]},{"@type":"ImageObject","inLanguage":"fr-FR","@id":"https:\/\/bertrand.pl\/montaz\/#primaryimage","url":"https:\/\/bertrand.pl\/wp-content\/uploads\/2024\/12\/0708-19-1360x906.jpg","contentUrl":"https:\/\/bertrand.pl\/wp-content\/uploads\/2024\/12\/0708-19-1360x906.jpg"},{"@type":"BreadcrumbList","@id":"https:\/\/bertrand.pl\/montaz\/#breadcrumb","itemListElement":[{"@type":"ListItem","position":1,"name":"Strona g\u0142\u00f3wna","item":"https:\/\/bertrand.pl\/"},{"@type":"ListItem","position":2,"name":"Monta\u017c"}]},{"@type":"WebSite","@id":"https:\/\/bertrand.pl\/#website","url":"https:\/\/bertrand.pl\/","name":"Bertrand.pl","description":"Firma Bertrand to certyfikowany i uznany producent najwy\u017cszej jako\u015bci okien z PVC, z drewna lub aluminium. Produkcja drzwi, rolet i bram gara\u017cowych.","publisher":{"@id":"https:\/\/bertrand.pl\/#organization"},"potentialAction":[{"@type":"SearchAction","target":{"@type":"EntryPoint","urlTemplate":"https:\/\/bertrand.pl\/?s={search_term_string}"},"query-input":{"@type":"PropertyValueSpecification","valueRequired":true,"valueName":"search_term_string"}}],"inLanguage":"fr-FR"},{"@type":"Organization","@id":"https:\/\/bertrand.pl\/#organization","name":"Bertrand.pl","url":"https:\/\/bertrand.pl\/","logo":{"@type":"ImageObject","inLanguage":"fr-FR","@id":"https:\/\/bertrand.pl\/#\/schema\/logo\/image\/","url":"https:\/\/bertrand.pl\/wp-content\/uploads\/2024\/12\/logo_BB_TM_PL_black.png","contentUrl":"https:\/\/bertrand.pl\/wp-content\/uploads\/2024\/12\/logo_BB_TM_PL_black.png","width":1831,"height":1831,"caption":"Bertrand.pl"},"image":{"@id":"https:\/\/bertrand.pl\/#\/schema\/logo\/image\/"},"sameAs":["https:\/\/www.facebook.com\/bertrandpolska\/","https:\/\/www.instagram.com\/bertrand_okna_i_drzwi\/","https:\/\/www.linkedin.com\/company\/bertrand\/","https:\/\/www.tiktok.com\/@bertrand_okna_drzwi"]},{"@type":"Person","@id":"https:\/\/bertrand.pl\/#\/schema\/person\/767d70e891d700b2e3c19083f31a484c","name":"w.achnik"}]}},"_links":{"self":[{"href":"https:\/\/bertrand.pl\/fr\/wp-json\/wp\/v2\/pages\/1479","targetHints":{"allow":["GET"]}}],"collection":[{"href":"https:\/\/bertrand.pl\/fr\/wp-json\/wp\/v2\/pages"}],"about":[{"href":"https:\/\/bertrand.pl\/fr\/wp-json\/wp\/v2\/types\/page"}],"author":[{"embeddable":true,"href":"https:\/\/bertrand.pl\/fr\/wp-json\/wp\/v2\/users\/7"}],"replies":[{"embeddable":true,"href":"https:\/\/bertrand.pl\/fr\/wp-json\/wp\/v2\/comments?post=1479"}],"version-history":[{"count":19,"href":"https:\/\/bertrand.pl\/fr\/wp-json\/wp\/v2\/pages\/1479\/revisions"}],"predecessor-version":[{"id":5768,"href":"https:\/\/bertrand.pl\/fr\/wp-json\/wp\/v2\/pages\/1479\/revisions\/5768"}],"wp:attachment":[{"href":"https:\/\/bertrand.pl\/fr\/wp-json\/wp\/v2\/media?parent=1479"}],"curies":[{"name":"wp","href":"https:\/\/api.w.org\/{rel}","templated":true}]}}