{"id":1483,"date":"2024-01-08T14:30:42","date_gmt":"2024-01-08T13:30:42","guid":{"rendered":"https:\/\/bertrand.pl\/?page_id=1483"},"modified":"2024-12-11T10:46:41","modified_gmt":"2024-12-11T09:46:41","slug":"prenez-soin-de-vos-fenetres","status":"publish","type":"page","link":"https:\/\/bertrand.pl\/fr\/zadbaj-o-swoje-okna\/","title":{"rendered":"Prenez soin de vos fen\u00eatres"},"content":{"rendered":"<div data-elementor-type=\"wp-page\" data-elementor-id=\"1483\" class=\"elementor elementor-1483\" data-elementor-post-type=\"page\">\n\t\t\t\t<div class=\"elementor-element elementor-element-ff80345 e-flex e-con-boxed e-con e-parent\" data-id=\"ff80345\" data-element_type=\"container\" data-e-type=\"container\" data-settings=\"{&quot;background_background&quot;:&quot;classic&quot;}\">\n\t\t\t\t\t<div class=\"e-con-inner\">\n\t\t<div class=\"elementor-element elementor-element-319b7f8 e-con-full e-flex e-con e-child\" data-id=\"319b7f8\" data-element_type=\"container\" data-e-type=\"container\">\n\t\t\t\t<div class=\"elementor-element elementor-element-3ecf69e elementor-widget elementor-widget-heading\" data-id=\"3ecf69e\" data-element_type=\"widget\" data-e-type=\"widget\" data-widget_type=\"heading.default\">\n\t\t\t\t<div class=\"elementor-widget-container\">\n\t\t\t\t\t<h1 class=\"elementor-heading-title elementor-size-default\">Prenez soin du v\u00f4tre <span class=\"color\">les fen\u00eatres<\/span><\/h1>\t\t\t\t<\/div>\n\t\t\t\t<\/div>\n\t\t\t\t<div class=\"elementor-element elementor-element-033b5c1 elementor-widget elementor-widget-text-editor\" data-id=\"033b5c1\" data-element_type=\"widget\" data-e-type=\"widget\" data-widget_type=\"text-editor.default\">\n\t\t\t\t<div class=\"elementor-widget-container\">\n\t\t\t\t\t\t\t\t\t<p>L\u2019entretien r\u00e9gulier des fen\u00eatres est essentiel pour garantir leur durabilit\u00e9 et leur apparence esth\u00e9tique au fil des ann\u00e9es.\nQue vous ayez des fen\u00eatres en bois, en PVC ou en aluminium, un entretien appropri\u00e9 a un impact significatif sur leur fonctionnalit\u00e9 et leur r\u00e9sistance aux facteurs externes.\nVoici les conseils les plus importants pour prendre soin de vos fen\u00eatres.<\/p><h4>Pourquoi est-il important d\u2019entretenir vos fen\u00eatres?<\/h4><p>Les fen\u00eatres en bois, en PVC et en aluminium n\u00e9cessitent un entretien r\u00e9gulier.\nUn nettoyage et une maintenance r\u00e9guliers les prot\u00e8gent des dommages, augmentent leur durabilit\u00e9 et pr\u00e9viennent les r\u00e9parations co\u00fbteuses.<\/p><p class=\"translation-block\">Des informations d\u00e9taill\u00e9es sur les produits recommand\u00e9s pour l\u2019entretien des fen\u00eatres sont disponibles aupr\u00e8s de notre service : <strong>serwis@bertrand.pl<\/strong>.<\/p>\t\t\t\t\t\t\t\t<\/div>\n\t\t\t\t<\/div>\n\t\t\t\t<\/div>\n\t\t<div class=\"elementor-element elementor-element-790c488 e-con-full elementor-hidden-mobile elementor-hidden-tablet e-flex e-con e-child\" data-id=\"790c488\" data-element_type=\"container\" data-e-type=\"container\">\n\t\t\t\t<div class=\"elementor-element elementor-element-d057497 img-dots elementor-widget elementor-widget-image\" data-id=\"d057497\" data-element_type=\"widget\" data-e-type=\"widget\" data-widget_type=\"image.default\">\n\t\t\t\t<div class=\"elementor-widget-container\">\n\t\t\t\t\t\t\t\t\t\t\t\t\t\t\t<img fetchpriority=\"high\" decoding=\"async\" width=\"1320\" height=\"880\" src=\"https:\/\/bertrand.pl\/wp-content\/uploads\/2024\/01\/mother-little-son-sitting-windowsill-1360x907.webp\" class=\"attachment-large size-large wp-image-1624\" alt=\"\" srcset=\"https:\/\/bertrand.pl\/wp-content\/uploads\/2024\/01\/mother-little-son-sitting-windowsill-1360x907.webp 1360w, https:\/\/bertrand.pl\/wp-content\/uploads\/2024\/01\/mother-little-son-sitting-windowsill-420x280.webp 420w, https:\/\/bertrand.pl\/wp-content\/uploads\/2024\/01\/mother-little-son-sitting-windowsill-768x512.webp 768w, https:\/\/bertrand.pl\/wp-content\/uploads\/2024\/01\/mother-little-son-sitting-windowsill-600x400.webp 600w, https:\/\/bertrand.pl\/wp-content\/uploads\/2024\/01\/mother-little-son-sitting-windowsill.webp 1500w\" sizes=\"(max-width: 1320px) 100vw, 1320px\" \/>\t\t\t\t\t\t\t\t\t\t\t\t\t\t\t<\/div>\n\t\t\t\t<\/div>\n\t\t\t\t<\/div>\n\t\t\t\t\t<\/div>\n\t\t\t\t<\/div>\n\t\t<div class=\"elementor-element elementor-element-438e575 e-flex e-con-boxed e-con e-parent\" data-id=\"438e575\" data-element_type=\"container\" data-e-type=\"container\">\n\t\t\t\t\t<div class=\"e-con-inner\">\n\t\t\t\t<div class=\"elementor-element elementor-element-3442180 elementor-widget elementor-widget-text-editor\" data-id=\"3442180\" data-element_type=\"widget\" data-e-type=\"widget\" data-widget_type=\"text-editor.default\">\n\t\t\t\t<div class=\"elementor-widget-container\">\n\t\t\t\t\t\t\t\t\t<h4>Nettoyage des fen\u00eatres en bois<\/h4><p class=\"translation-block\">L\u2019entretien des <a href=\"https:\/\/bertrand.pl\/fr\/okna-drewniane\/\" target=\"_self\">fen\u00eatres en bois<\/a> n\u00e9cessite un nettoyage r\u00e9gulier, qui am\u00e9liore non seulement leur apparence, mais les prot\u00e8ge \u00e9galement contre les dommages.\nLa poussi\u00e8re et la salet\u00e9 peuvent favoriser le d\u00e9veloppement d\u2019algues et de champignons qui endommagent le rev\u00eatement de vernis.\nPour \u00e9viter cela, nettoyez les cadres de fen\u00eatres avec un d\u00e9tergent doux et de l\u2019eau ti\u00e8de, en \u00e9vitant les produits chimiques agressifs.\nN\u2019oubliez pas qu\u2019un entretien r\u00e9gulier permet d\u2019\u00e9viter des r\u00e9novations co\u00fbteuses et de prolonger la dur\u00e9e de vie des fen\u00eatres.<\/p><h4>Entretien des fen\u00eatres en PVC<\/h4><p class=\"translation-block\">Les <a href=\"https:\/\/bertrand.pl\/fr\/fenetres-en-pvc\/\" target=\"_self\">fen\u00eatres en PVC<\/a> sont faciles \u00e0 entretenir, mais n\u00e9cessitent un nettoyage r\u00e9gulier pour \u00e9liminer la salet\u00e9 et la poussi\u00e8re qui s\u2019accumulent sur leur surface.\nUn nettoyage avec un chiffon doux et un d\u00e9tergent l\u00e9ger emp\u00eache l\u2019apparition de taches permanentes.\n\u00c9vitez les produits chimiques agressifs qui pourraient endommager la surface des cadres.<\/p><h4>Entretien des fen\u00eatres en aluminium<\/h4><p class=\"translation-block\">Les <a href=\"https:\/\/bertrand.pl\/fr\/fenetres-en-aluminium\/\" target=\"_self\">cadres en aluminium<\/a> n\u00e9cessitent une attention particuli\u00e8re, notamment lorsqu\u2019ils sont expos\u00e9s \u00e0 l\u2019humidit\u00e9.\nUn nettoyage avec des produits doux sp\u00e9cialement con\u00e7us pour l\u2019aluminium emp\u00eache la corrosion et pr\u00e9serve l\u2019esth\u00e9tique.\nUn graissage r\u00e9gulier des \u00e9l\u00e9ments mobiles des ferrures garantit un fonctionnement fluide et la durabilit\u00e9 des m\u00e9canismes.<\/p><h4>Contr\u00f4les r\u00e9guliers de l\u2019\u00e9tat technique<\/h4><p class=\"translation-block\">En plus du nettoyage, des contr\u00f4les r\u00e9guliers de l\u2019\u00e9tat technique des fen\u00eatres sont essentiels.\nV\u00e9rifiez les joints, les ferrures et la surface des cadres pour d\u00e9tecter d\u2019\u00e9ventuels dommages.\nLubrifiez les m\u00e9canismes ou remplacez les pi\u00e8ces us\u00e9es si n\u00e9cessaire pour \u00e9viter des pannes majeures.\nUn entretien syst\u00e9matique <a href=\"https:\/\/sklep.winkhaus.pl\/pl\/blog\/post\/konserwacja-okien-jak-czesto-i-o-jakiej-porze-roku-ja-wykonywac?srsltid=AfmBOoqoN4tfiJN173NyBmy8kFhurZNpgKrWIPJVbdBPZ7vg0EiCSYmf\" target=\"_self\">maintenance<\/a> garantit un fonctionnement fluide et prolonge la dur\u00e9e de vie de vos fen\u00eatres.<\/p>\t\t\t\t\t\t\t\t<\/div>\n\t\t\t\t<\/div>\n\t\t\t\t\t<\/div>\n\t\t\t\t<\/div>\n\t\t\t\t<\/div>","protected":false},"excerpt":{"rendered":"<p>Zadbaj o swoje okna Regularna piel\u0119gnacja okien to klucz do ich trwa\u0142o\u015bci i estetycznego wygl\u0105du przez lata. Niezale\u017cnie od tego, czy masz okna drewniane, PVC, czy aluminiowe, dbanie o nie w odpowiedni spos\u00f3b znacz\u0105co wp\u0142ywa na ich funkcjonalno\u015b\u0107 i odporno\u015b\u0107 na czynniki zewn\u0119trzne. Oto najwa\u017cniejsze wskaz\u00f3wki, jak zadba\u0107 o swoje okna. Dlaczego warto dba\u0107 o [&hellip;]<\/p>\n","protected":false},"author":7,"featured_media":0,"parent":0,"menu_order":0,"comment_status":"closed","ping_status":"closed","template":"","meta":{"site-sidebar-layout":"no-sidebar","site-content-layout":"","ast-site-content-layout":"full-width-container","site-content-style":"default","site-sidebar-style":"default","ast-global-header-display":"","ast-banner-title-visibility":"","ast-main-header-display":"","ast-hfb-above-header-display":"","ast-hfb-below-header-display":"","ast-hfb-mobile-header-display":"","site-post-title":"disabled","ast-breadcrumbs-content":"","ast-featured-img":"disabled","footer-sml-layout":"","ast-disable-related-posts":"","theme-transparent-header-meta":"","adv-header-id-meta":"","stick-header-meta":"","header-above-stick-meta":"","header-main-stick-meta":"","header-below-stick-meta":"","astra-migrate-meta-layouts":"default","ast-page-background-enabled":"default","ast-page-background-meta":{"desktop":{"background-color":"var(--ast-global-color-4)","background-image":"","background-repeat":"repeat","background-position":"center center","background-size":"auto","background-attachment":"scroll","background-type":"","background-media":"","overlay-type":"","overlay-color":"","overlay-opacity":"","overlay-gradient":""},"tablet":{"background-color":"","background-image":"","background-repeat":"repeat","background-position":"center center","background-size":"auto","background-attachment":"scroll","background-type":"","background-media":"","overlay-type":"","overlay-color":"","overlay-opacity":"","overlay-gradient":""},"mobile":{"background-color":"","background-image":"","background-repeat":"repeat","background-position":"center center","background-size":"auto","background-attachment":"scroll","background-type":"","background-media":"","overlay-type":"","overlay-color":"","overlay-opacity":"","overlay-gradient":""}},"ast-content-background-meta":{"desktop":{"background-color":"var(--ast-global-color-5)","background-image":"","background-repeat":"repeat","background-position":"center center","background-size":"auto","background-attachment":"scroll","background-type":"","background-media":"","overlay-type":"","overlay-color":"","overlay-opacity":"","overlay-gradient":""},"tablet":{"background-color":"var(--ast-global-color-5)","background-image":"","background-repeat":"repeat","background-position":"center center","background-size":"auto","background-attachment":"scroll","background-type":"","background-media":"","overlay-type":"","overlay-color":"","overlay-opacity":"","overlay-gradient":""},"mobile":{"background-color":"var(--ast-global-color-5)","background-image":"","background-repeat":"repeat","background-position":"center center","background-size":"auto","background-attachment":"scroll","background-type":"","background-media":"","overlay-type":"","overlay-color":"","overlay-opacity":"","overlay-gradient":""}},"footnotes":""},"class_list":["post-1483","page","type-page","status-publish","hentry"],"yoast_head":"<!-- This site is optimized with the Yoast SEO Premium plugin v27.2 (Yoast SEO v27.2) - https:\/\/yoast.com\/product\/yoast-seo-premium-wordpress\/ -->\n<title>Zadbaj o swoje okna - Bertrand. Najwy\u017cszej jako\u015bci okna i drzwi. Certyfikowany producent od 1969 roku.<\/title>\n<meta name=\"description\" content=\"Zadbaj o swoje okna drewniane, PVC i aluminiowe. Porady piel\u0119gnacyjne, kt\u00f3re przed\u0142u\u017c\u0105 trwa\u0142o\u015b\u0107 i zachowaj\u0105 estetyk\u0119 na lata!\" \/>\n<meta name=\"robots\" content=\"index, follow, max-snippet:-1, max-image-preview:large, max-video-preview:-1\" \/>\n<link rel=\"canonical\" href=\"https:\/\/bertrand.pl\/fr\/prenez-soin-de-vos-fenetres\/\" \/>\n<meta property=\"og:locale\" content=\"fr_FR\" \/>\n<meta property=\"og:type\" content=\"article\" \/>\n<meta property=\"og:title\" content=\"Zadbaj o swoje okna\" \/>\n<meta property=\"og:description\" content=\"Zadbaj o swoje okna drewniane, PVC i aluminiowe. Porady piel\u0119gnacyjne, kt\u00f3re przed\u0142u\u017c\u0105 trwa\u0142o\u015b\u0107 i zachowaj\u0105 estetyk\u0119 na lata!\" \/>\n<meta property=\"og:url\" content=\"https:\/\/bertrand.pl\/fr\/prenez-soin-de-vos-fenetres\/\" \/>\n<meta property=\"og:site_name\" content=\"Bertrand. Najwy\u017cszej jako\u015bci okna i drzwi. Certyfikowany producent od 1969 roku.\" \/>\n<meta property=\"article:publisher\" content=\"https:\/\/www.facebook.com\/bertrandpolska\/\" \/>\n<meta property=\"article:modified_time\" content=\"2024-12-11T09:46:41+00:00\" \/>\n<meta property=\"og:image\" content=\"https:\/\/bertrand.pl\/wp-content\/uploads\/2024\/01\/mother-little-son-sitting-windowsill-1360x907.webp\" \/>\n<meta name=\"twitter:card\" content=\"summary_large_image\" \/>\n<meta name=\"twitter:label1\" content=\"Dur\u00e9e de lecture estim\u00e9e\" \/>\n\t<meta name=\"twitter:data1\" content=\"2 minutes\" \/>\n<script type=\"application\/ld+json\" class=\"yoast-schema-graph\">{\"@context\":\"https:\/\/schema.org\",\"@graph\":[{\"@type\":\"Article\",\"@id\":\"https:\/\/bertrand.pl\/zadbaj-o-swoje-okna\/#article\",\"isPartOf\":{\"@id\":\"https:\/\/bertrand.pl\/zadbaj-o-swoje-okna\/\"},\"author\":{\"name\":\"w.wachnik\",\"@id\":\"https:\/\/bertrand.pl\/#\/schema\/person\/767d70e891d700b2e3c19083f31a484c\"},\"headline\":\"Zadbaj o swoje okna\",\"datePublished\":\"2024-01-08T13:30:42+00:00\",\"dateModified\":\"2024-12-11T09:46:41+00:00\",\"mainEntityOfPage\":{\"@id\":\"https:\/\/bertrand.pl\/zadbaj-o-swoje-okna\/\"},\"wordCount\":342,\"publisher\":{\"@id\":\"https:\/\/bertrand.pl\/#organization\"},\"image\":{\"@id\":\"https:\/\/bertrand.pl\/zadbaj-o-swoje-okna\/#primaryimage\"},\"thumbnailUrl\":\"https:\/\/bertrand.pl\/wp-content\/uploads\/2024\/01\/mother-little-son-sitting-windowsill-1360x907.webp\",\"inLanguage\":\"fr-FR\"},{\"@type\":\"WebPage\",\"@id\":\"https:\/\/bertrand.pl\/zadbaj-o-swoje-okna\/\",\"url\":\"https:\/\/bertrand.pl\/zadbaj-o-swoje-okna\/\",\"name\":\"Zadbaj o swoje okna - Bertrand. Najwy\u017cszej jako\u015bci okna i drzwi. Certyfikowany producent od 1969 roku.\",\"isPartOf\":{\"@id\":\"https:\/\/bertrand.pl\/#website\"},\"primaryImageOfPage\":{\"@id\":\"https:\/\/bertrand.pl\/zadbaj-o-swoje-okna\/#primaryimage\"},\"image\":{\"@id\":\"https:\/\/bertrand.pl\/zadbaj-o-swoje-okna\/#primaryimage\"},\"thumbnailUrl\":\"https:\/\/bertrand.pl\/wp-content\/uploads\/2024\/01\/mother-little-son-sitting-windowsill-1360x907.webp\",\"datePublished\":\"2024-01-08T13:30:42+00:00\",\"dateModified\":\"2024-12-11T09:46:41+00:00\",\"description\":\"Zadbaj o swoje okna drewniane, PVC i aluminiowe. Porady piel\u0119gnacyjne, kt\u00f3re przed\u0142u\u017c\u0105 trwa\u0142o\u015b\u0107 i zachowaj\u0105 estetyk\u0119 na lata!\",\"breadcrumb\":{\"@id\":\"https:\/\/bertrand.pl\/zadbaj-o-swoje-okna\/#breadcrumb\"},\"inLanguage\":\"fr-FR\",\"potentialAction\":[{\"@type\":\"ReadAction\",\"target\":[\"https:\/\/bertrand.pl\/zadbaj-o-swoje-okna\/\"]}]},{\"@type\":\"ImageObject\",\"inLanguage\":\"fr-FR\",\"@id\":\"https:\/\/bertrand.pl\/zadbaj-o-swoje-okna\/#primaryimage\",\"url\":\"https:\/\/bertrand.pl\/wp-content\/uploads\/2024\/01\/mother-little-son-sitting-windowsill-1360x907.webp\",\"contentUrl\":\"https:\/\/bertrand.pl\/wp-content\/uploads\/2024\/01\/mother-little-son-sitting-windowsill-1360x907.webp\"},{\"@type\":\"BreadcrumbList\",\"@id\":\"https:\/\/bertrand.pl\/zadbaj-o-swoje-okna\/#breadcrumb\",\"itemListElement\":[{\"@type\":\"ListItem\",\"position\":1,\"name\":\"Strona g\u0142\u00f3wna\",\"item\":\"https:\/\/bertrand.pl\/\"},{\"@type\":\"ListItem\",\"position\":2,\"name\":\"Zadbaj o swoje okna\"}]},{\"@type\":\"WebSite\",\"@id\":\"https:\/\/bertrand.pl\/#website\",\"url\":\"https:\/\/bertrand.pl\/\",\"name\":\"Bertrand.pl\",\"description\":\"Firma Bertrand to certyfikowany i uznany producent najwy\u017cszej jako\u015bci okien z PVC, z drewna lub aluminium. Produkcja drzwi, rolet i bram gara\u017cowych.\",\"publisher\":{\"@id\":\"https:\/\/bertrand.pl\/#organization\"},\"potentialAction\":[{\"@type\":\"SearchAction\",\"target\":{\"@type\":\"EntryPoint\",\"urlTemplate\":\"https:\/\/bertrand.pl\/?s={search_term_string}\"},\"query-input\":{\"@type\":\"PropertyValueSpecification\",\"valueRequired\":true,\"valueName\":\"search_term_string\"}}],\"inLanguage\":\"fr-FR\"},{\"@type\":\"Organization\",\"@id\":\"https:\/\/bertrand.pl\/#organization\",\"name\":\"Bertrand.pl\",\"url\":\"https:\/\/bertrand.pl\/\",\"logo\":{\"@type\":\"ImageObject\",\"inLanguage\":\"fr-FR\",\"@id\":\"https:\/\/bertrand.pl\/#\/schema\/logo\/image\/\",\"url\":\"https:\/\/bertrand.pl\/wp-content\/uploads\/2024\/12\/logo_BB_TM_PL_black.png\",\"contentUrl\":\"https:\/\/bertrand.pl\/wp-content\/uploads\/2024\/12\/logo_BB_TM_PL_black.png\",\"width\":1831,\"height\":1831,\"caption\":\"Bertrand.pl\"},\"image\":{\"@id\":\"https:\/\/bertrand.pl\/#\/schema\/logo\/image\/\"},\"sameAs\":[\"https:\/\/www.facebook.com\/bertrandpolska\/\",\"https:\/\/www.instagram.com\/bertrand_okna_i_drzwi\/\",\"https:\/\/www.linkedin.com\/company\/bertrand\/\",\"https:\/\/www.tiktok.com\/@bertrand_okna_drzwi\"]},{\"@type\":\"Person\",\"@id\":\"https:\/\/bertrand.pl\/#\/schema\/person\/767d70e891d700b2e3c19083f31a484c\",\"name\":\"w.wachnik\"}]}<\/script>\n<!-- \/ Yoast SEO Premium plugin. -->","yoast_head_json":{"title":"Zadbaj o swoje okna - Bertrand. Najwy\u017cszej jako\u015bci okna i drzwi. Certyfikowany producent od 1969 roku.","description":"Prenez soin de vos fen\u00eatres en bois, PVC et aluminium. Des conseils d&#039;entretien qui prolongeront la durabilit\u00e9 et maintiendront l&#039;esth\u00e9tique pendant des ann\u00e9es\u00a0!","robots":{"index":"index","follow":"follow","max-snippet":"max-snippet:-1","max-image-preview":"max-image-preview:large","max-video-preview":"max-video-preview:-1"},"canonical":"https:\/\/bertrand.pl\/fr\/prenez-soin-de-vos-fenetres\/","og_locale":"fr_FR","og_type":"article","og_title":"Zadbaj o swoje okna","og_description":"Zadbaj o swoje okna drewniane, PVC i aluminiowe. Porady piel\u0119gnacyjne, kt\u00f3re przed\u0142u\u017c\u0105 trwa\u0142o\u015b\u0107 i zachowaj\u0105 estetyk\u0119 na lata!","og_url":"https:\/\/bertrand.pl\/fr\/prenez-soin-de-vos-fenetres\/","og_site_name":"Bertrand. Najwy\u017cszej jako\u015bci okna i drzwi. Certyfikowany producent od 1969 roku.","article_publisher":"https:\/\/www.facebook.com\/bertrandpolska\/","article_modified_time":"2024-12-11T09:46:41+00:00","og_image":[{"url":"https:\/\/bertrand.pl\/wp-content\/uploads\/2024\/01\/mother-little-son-sitting-windowsill-1360x907.webp","type":"","width":"","height":""}],"twitter_card":"summary_large_image","twitter_misc":{"Dur\u00e9e de lecture estim\u00e9e":"2 minutes"},"schema":{"@context":"https:\/\/schema.org","@graph":[{"@type":"Article","@id":"https:\/\/bertrand.pl\/zadbaj-o-swoje-okna\/#article","isPartOf":{"@id":"https:\/\/bertrand.pl\/zadbaj-o-swoje-okna\/"},"author":{"name":"w.wachnik","@id":"https:\/\/bertrand.pl\/#\/schema\/person\/767d70e891d700b2e3c19083f31a484c"},"headline":"Zadbaj o swoje okna","datePublished":"2024-01-08T13:30:42+00:00","dateModified":"2024-12-11T09:46:41+00:00","mainEntityOfPage":{"@id":"https:\/\/bertrand.pl\/zadbaj-o-swoje-okna\/"},"wordCount":342,"publisher":{"@id":"https:\/\/bertrand.pl\/#organization"},"image":{"@id":"https:\/\/bertrand.pl\/zadbaj-o-swoje-okna\/#primaryimage"},"thumbnailUrl":"https:\/\/bertrand.pl\/wp-content\/uploads\/2024\/01\/mother-little-son-sitting-windowsill-1360x907.webp","inLanguage":"fr-FR"},{"@type":"WebPage","@id":"https:\/\/bertrand.pl\/zadbaj-o-swoje-okna\/","url":"https:\/\/bertrand.pl\/zadbaj-o-swoje-okna\/","name":"Zadbaj o swoje okna - Bertrand. Najwy\u017cszej jako\u015bci okna i drzwi. Certyfikowany producent od 1969 roku.","isPartOf":{"@id":"https:\/\/bertrand.pl\/#website"},"primaryImageOfPage":{"@id":"https:\/\/bertrand.pl\/zadbaj-o-swoje-okna\/#primaryimage"},"image":{"@id":"https:\/\/bertrand.pl\/zadbaj-o-swoje-okna\/#primaryimage"},"thumbnailUrl":"https:\/\/bertrand.pl\/wp-content\/uploads\/2024\/01\/mother-little-son-sitting-windowsill-1360x907.webp","datePublished":"2024-01-08T13:30:42+00:00","dateModified":"2024-12-11T09:46:41+00:00","description":"Prenez soin de vos fen\u00eatres en bois, PVC et aluminium. Des conseils d&#039;entretien qui prolongeront la durabilit\u00e9 et maintiendront l&#039;esth\u00e9tique pendant des ann\u00e9es\u00a0!","breadcrumb":{"@id":"https:\/\/bertrand.pl\/zadbaj-o-swoje-okna\/#breadcrumb"},"inLanguage":"fr-FR","potentialAction":[{"@type":"ReadAction","target":["https:\/\/bertrand.pl\/zadbaj-o-swoje-okna\/"]}]},{"@type":"ImageObject","inLanguage":"fr-FR","@id":"https:\/\/bertrand.pl\/zadbaj-o-swoje-okna\/#primaryimage","url":"https:\/\/bertrand.pl\/wp-content\/uploads\/2024\/01\/mother-little-son-sitting-windowsill-1360x907.webp","contentUrl":"https:\/\/bertrand.pl\/wp-content\/uploads\/2024\/01\/mother-little-son-sitting-windowsill-1360x907.webp"},{"@type":"BreadcrumbList","@id":"https:\/\/bertrand.pl\/zadbaj-o-swoje-okna\/#breadcrumb","itemListElement":[{"@type":"ListItem","position":1,"name":"Strona g\u0142\u00f3wna","item":"https:\/\/bertrand.pl\/"},{"@type":"ListItem","position":2,"name":"Zadbaj o swoje okna"}]},{"@type":"WebSite","@id":"https:\/\/bertrand.pl\/#website","url":"https:\/\/bertrand.pl\/","name":"Bertrand.pl","description":"Firma Bertrand to certyfikowany i uznany producent najwy\u017cszej jako\u015bci okien z PVC, z drewna lub aluminium. Produkcja drzwi, rolet i bram gara\u017cowych.","publisher":{"@id":"https:\/\/bertrand.pl\/#organization"},"potentialAction":[{"@type":"SearchAction","target":{"@type":"EntryPoint","urlTemplate":"https:\/\/bertrand.pl\/?s={search_term_string}"},"query-input":{"@type":"PropertyValueSpecification","valueRequired":true,"valueName":"search_term_string"}}],"inLanguage":"fr-FR"},{"@type":"Organization","@id":"https:\/\/bertrand.pl\/#organization","name":"Bertrand.pl","url":"https:\/\/bertrand.pl\/","logo":{"@type":"ImageObject","inLanguage":"fr-FR","@id":"https:\/\/bertrand.pl\/#\/schema\/logo\/image\/","url":"https:\/\/bertrand.pl\/wp-content\/uploads\/2024\/12\/logo_BB_TM_PL_black.png","contentUrl":"https:\/\/bertrand.pl\/wp-content\/uploads\/2024\/12\/logo_BB_TM_PL_black.png","width":1831,"height":1831,"caption":"Bertrand.pl"},"image":{"@id":"https:\/\/bertrand.pl\/#\/schema\/logo\/image\/"},"sameAs":["https:\/\/www.facebook.com\/bertrandpolska\/","https:\/\/www.instagram.com\/bertrand_okna_i_drzwi\/","https:\/\/www.linkedin.com\/company\/bertrand\/","https:\/\/www.tiktok.com\/@bertrand_okna_drzwi"]},{"@type":"Person","@id":"https:\/\/bertrand.pl\/#\/schema\/person\/767d70e891d700b2e3c19083f31a484c","name":"w.achnik"}]}},"_links":{"self":[{"href":"https:\/\/bertrand.pl\/fr\/wp-json\/wp\/v2\/pages\/1483","targetHints":{"allow":["GET"]}}],"collection":[{"href":"https:\/\/bertrand.pl\/fr\/wp-json\/wp\/v2\/pages"}],"about":[{"href":"https:\/\/bertrand.pl\/fr\/wp-json\/wp\/v2\/types\/page"}],"author":[{"embeddable":true,"href":"https:\/\/bertrand.pl\/fr\/wp-json\/wp\/v2\/users\/7"}],"replies":[{"embeddable":true,"href":"https:\/\/bertrand.pl\/fr\/wp-json\/wp\/v2\/comments?post=1483"}],"version-history":[{"count":10,"href":"https:\/\/bertrand.pl\/fr\/wp-json\/wp\/v2\/pages\/1483\/revisions"}],"predecessor-version":[{"id":5499,"href":"https:\/\/bertrand.pl\/fr\/wp-json\/wp\/v2\/pages\/1483\/revisions\/5499"}],"wp:attachment":[{"href":"https:\/\/bertrand.pl\/fr\/wp-json\/wp\/v2\/media?parent=1483"}],"curies":[{"name":"wp","href":"https:\/\/api.w.org\/{rel}","templated":true}]}}