{"id":1762,"date":"2024-01-09T12:40:09","date_gmt":"2024-01-09T11:40:09","guid":{"rendered":"https:\/\/bertrand.pl\/?page_id=1762"},"modified":"2024-12-16T08:04:09","modified_gmt":"2024-12-16T07:04:09","slug":"fichiers-cookies","status":"publish","type":"page","link":"https:\/\/bertrand.pl\/fr\/pliki-cookies\/","title":{"rendered":"Cookies et r\u00e9glementation du site Internet"},"content":{"rendered":"<div data-elementor-type=\"wp-page\" data-elementor-id=\"1762\" class=\"elementor elementor-1762\" data-elementor-post-type=\"page\">\n\t\t\t\t<div class=\"elementor-element elementor-element-fcc143f e-flex e-con-boxed e-con e-parent\" data-id=\"fcc143f\" data-element_type=\"container\" data-e-type=\"container\" data-settings=\"{&quot;background_background&quot;:&quot;classic&quot;}\">\n\t\t\t\t\t<div class=\"e-con-inner\">\n\t\t<div class=\"elementor-element elementor-element-18dcb75 e-con-full e-flex e-con e-child\" data-id=\"18dcb75\" data-element_type=\"container\" data-e-type=\"container\">\n\t\t\t\t<div class=\"elementor-element elementor-element-970106e elementor-widget elementor-widget-heading\" data-id=\"970106e\" data-element_type=\"widget\" data-e-type=\"widget\" data-widget_type=\"heading.default\">\n\t\t\t\t<div class=\"elementor-widget-container\">\n\t\t\t\t\t<h1 class=\"elementor-heading-title elementor-size-default\">Cookies et conditions d&#039;utilisation<\/h1>\t\t\t\t<\/div>\n\t\t\t\t<\/div>\n\t\t\t\t<div class=\"elementor-element elementor-element-6c433bc elementor-widget elementor-widget-text-editor\" data-id=\"6c433bc\" data-element_type=\"widget\" data-e-type=\"widget\" data-widget_type=\"text-editor.default\">\n\t\t\t\t<div class=\"elementor-widget-container\">\n\t\t\t\t\t\t\t\t\t<p data-pm-slice=\"1 1 []\">Notre site Web ne collecte automatiquement aucune information, \u00e0 l&#039;exception des donn\u00e9es stock\u00e9es dans les cookies. Les cookies, \u00e9galement appel\u00e9s \u00ab<a href=\"https:\/\/pl.wikipedia.org\/wiki\/HTTP_cookie\">cookies<\/a>&quot;, sont de petits fichiers texte stock\u00e9s sur le terminal de l&#039;utilisateur, qui permettent une utilisation efficace du site Web. Chaque cookie contient le nom du site Internet dont il provient, sa dur\u00e9e de stockage et un num\u00e9ro unique.<\/p>\n<h3>Qui g\u00e8re les cookies ?<\/h3>\n<p>Les cookies sont d\u00e9pos\u00e9s et lus par l&#039;exploitant du site Web \u2013 <strong>Bertrand Fr\u00e8res Sp. z o o.<\/strong> avec son si\u00e8ge social \u00e0 Luzino, ul. Rue Wejherowska 12, 84-242 Luzino. La soci\u00e9t\u00e9 est inscrite au Registre des Entrepreneurs du Registre Judiciaire National sous le num\u00e9ro 1076593, NIP : 5881946629, REGON : 192042297.<\/p>\n<h3>Finalit\u00e9 de l&#039;utilisation des cookies<\/h3>\n<p>Les cookies nous permettent de :<\/p>\n<ul data-spread=\"false\">\n<li>\n<p>Premi\u00e8rement : adapter le contenu du site Web aux pr\u00e9f\u00e9rences des utilisateurs et optimiser l\u2019utilisation du site Web. Gr\u00e2ce \u00e0 eux, nous reconnaissons l&#039;appareil et affichons la page dans la version appropri\u00e9e.<\/p>\n<\/li>\n<li>\n<p>Deuxi\u00e8mement : cr\u00e9er des statistiques qui nous aident \u00e0 comprendre comment le site Web est utilis\u00e9 et \u00e0 am\u00e9liorer ses fonctionnalit\u00e9s.<\/p>\n<\/li>\n<li>\n<p>Troisi\u00e8mement : maintenir la session de l&#039;utilisateur afin qu&#039;apr\u00e8s la connexion, vous n&#039;ayez pas \u00e0 ressaisir vos donn\u00e9es plusieurs fois sur chaque sous-page.<\/p>\n<\/li>\n<\/ul>\n<h3>Types de cookies utilis\u00e9s<\/h3>\n<p>Nous utilisons les types de cookies suivants sur notre site Web :<\/p>\n<ol start=\"1\" data-spread=\"false\">\n<li>\n<p><strong>N\u00e9cessaire<\/strong> \u2013 permettre l\u2019utilisation des fonctions de base, par exemple la connexion.<\/p>\n<\/li>\n<li>\n<p><strong>S\u00e9curit\u00e9<\/strong> \u2013 d\u00e9tecter les abus dans les processus d\u2019authentification.<\/p>\n<\/li>\n<li>\n<p><strong>Performance<\/strong> \u2013 le suivi de l\u2019utilisation du site Web.<\/p>\n<\/li>\n<li>\n<p><strong>Fonctionnel<\/strong> \u2013 m\u00e9moriser les param\u00e8tres utilisateur, par exemple la langue ou la taille de la police.<\/p>\n<\/li>\n<li>\n<p><strong>Publicit\u00e9<\/strong> \u2013 fournir un contenu publicitaire adapt\u00e9 aux int\u00e9r\u00eats de l\u2019utilisateur.<\/p>\n<\/li>\n<\/ol>\n<h3>Gestion des cookies<\/h3>\n<p>Les param\u00e8tres par d\u00e9faut des navigateurs Web permettent le stockage de cookies. Cependant, vous pouvez les modifier \u00e0 tout moment. Les navigateurs vous permettent \u00e9galement de :<\/p>\n<ul data-spread=\"false\">\n<li>\n<p>Blocage des cookies.<\/p>\n<\/li>\n<li>\n<p>Informer sur chaque tentative d&#039;enregistrement d&#039;un cookie.<\/p>\n<\/li>\n<li>\n<p>Suppression des cookies enregistr\u00e9s.<\/p>\n<\/li>\n<\/ul>\n<p>Pour des informations d\u00e9taill\u00e9es sur la modification des param\u00e8tres, veuillez vous r\u00e9f\u00e9rer \u00e0 la section \u00ab Aide \u00bb de votre navigateur Web.<\/p>\n<h3>Effets de la limitation de l&#039;utilisation des cookies<\/h3>\n<p>La limitation ou la d\u00e9sactivation des cookies peut affecter la fonctionnalit\u00e9 du site Web. Certains de ses composants peuvent ne pas fonctionner correctement ou \u00eatre indisponibles.<\/p>\n<h3>Cookies tiers<\/h3>\n<p>Des cookies peuvent \u00e9galement \u00eatre utilis\u00e9s par nos partenaires et annonceurs. Ces informations sont conformes aux r\u00e9glementations l\u00e9gales et servent \u00e0 adapter le contenu publicitaire aux utilisateurs.<\/p>\n<h3>Plus d&#039;information<\/h3>\n<p>Vous pouvez trouver plus d&#039;informations sur les cookies dans les param\u00e8tres de votre navigateur ou en nous contactant \u00e0 l&#039;adresse e-mail suivante : <a><strong>export.fr@bertrand.pl<\/strong><\/a>.<\/p>\n<div>\n<hr>\n<\/div>\n<h3>R\u00e8glement du site Web<\/h3>\n<h4>Dispositions g\u00e9n\u00e9rales<\/h4>\n<p>Le pr\u00e9sent r\u00e8glement, ci-apr\u00e8s d\u00e9nomm\u00e9 le \u00ab R\u00e8glement \u00bb, d\u00e9finit les r\u00e8gles d&#039;utilisation du site Internet exploit\u00e9 par <strong>Bertrand Fr\u00e8res Sp. z o o.<\/strong> (ci-apr\u00e8s d\u00e9nomm\u00e9 le \u00ab Prestataire de Services \u00bb). Le R\u00e8glement d\u00e9crit \u00e9galement les principes de protection des donn\u00e9es personnelles conform\u00e9ment aux dispositions du RGPD.<\/p>\n<h4>Conditions d&#039;utilisation du service<\/h4>\n<p>En utilisant le Site, les Utilisateurs du Service s\u2019engagent \u00e0 respecter les dispositions de la loi et les principes \u00e9nonc\u00e9s dans le R\u00e8glement. Tout Utilisateur a le droit d\u2019acc\u00e9der au contenu du site selon les modalit\u00e9s et conditions pr\u00e9cis\u00e9es dans le R\u00e8glement.<\/p>\n<h4>contact<\/h4>\n<p>Si vous avez des questions ou des probl\u00e8mes concernant l&#039;utilisation du Service, veuillez nous contacter. <a href=\"https:\/\/bertrand.pl\/fr\/contact\/\">contact<\/a> \u00e0 l&#039;adresse e-mail : <a><strong>export.fr@bertrand.pl<\/strong><\/a>.<\/p>\t\t\t\t\t\t\t\t<\/div>\n\t\t\t\t<\/div>\n\t\t\t\t<\/div>\n\t\t\t\t\t<\/div>\n\t\t\t\t<\/div>\n\t\t\t\t<\/div>","protected":false},"excerpt":{"rendered":"<p>Pliki cookies i Regulamin Serwisu Nasza strona internetowa nie gromadzi automatycznie \u017cadnych informacji, z wyj\u0105tkiem danych zapisanych w plikach cookies. Pliki cookies, zwane tak\u017ce &#8222;ciasteczkami&#8222;, to niewielkie pliki tekstowe przechowywane na urz\u0105dzeniu ko\u0144cowym u\u017cytkownika, kt\u00f3re umo\u017cliwiaj\u0105 efektywne korzystanie z serwisu. Ka\u017cdy plik cookie zawiera nazw\u0119 strony, z kt\u00f3rej pochodzi, czas przechowywania oraz unikalny numer. Kto [&hellip;]<\/p>\n","protected":false},"author":7,"featured_media":0,"parent":0,"menu_order":0,"comment_status":"closed","ping_status":"closed","template":"","meta":{"site-sidebar-layout":"no-sidebar","site-content-layout":"","ast-site-content-layout":"full-width-container","site-content-style":"default","site-sidebar-style":"default","ast-global-header-display":"","ast-banner-title-visibility":"","ast-main-header-display":"","ast-hfb-above-header-display":"","ast-hfb-below-header-display":"","ast-hfb-mobile-header-display":"","site-post-title":"disabled","ast-breadcrumbs-content":"","ast-featured-img":"disabled","footer-sml-layout":"","ast-disable-related-posts":"","theme-transparent-header-meta":"","adv-header-id-meta":"","stick-header-meta":"","header-above-stick-meta":"","header-main-stick-meta":"","header-below-stick-meta":"","astra-migrate-meta-layouts":"default","ast-page-background-enabled":"default","ast-page-background-meta":{"desktop":{"background-color":"var(--ast-global-color-4)","background-image":"","background-repeat":"repeat","background-position":"center center","background-size":"auto","background-attachment":"scroll","background-type":"","background-media":"","overlay-type":"","overlay-color":"","overlay-opacity":"","overlay-gradient":""},"tablet":{"background-color":"","background-image":"","background-repeat":"repeat","background-position":"center center","background-size":"auto","background-attachment":"scroll","background-type":"","background-media":"","overlay-type":"","overlay-color":"","overlay-opacity":"","overlay-gradient":""},"mobile":{"background-color":"","background-image":"","background-repeat":"repeat","background-position":"center center","background-size":"auto","background-attachment":"scroll","background-type":"","background-media":"","overlay-type":"","overlay-color":"","overlay-opacity":"","overlay-gradient":""}},"ast-content-background-meta":{"desktop":{"background-color":"var(--ast-global-color-5)","background-image":"","background-repeat":"repeat","background-position":"center center","background-size":"auto","background-attachment":"scroll","background-type":"","background-media":"","overlay-type":"","overlay-color":"","overlay-opacity":"","overlay-gradient":""},"tablet":{"background-color":"var(--ast-global-color-5)","background-image":"","background-repeat":"repeat","background-position":"center center","background-size":"auto","background-attachment":"scroll","background-type":"","background-media":"","overlay-type":"","overlay-color":"","overlay-opacity":"","overlay-gradient":""},"mobile":{"background-color":"var(--ast-global-color-5)","background-image":"","background-repeat":"repeat","background-position":"center center","background-size":"auto","background-attachment":"scroll","background-type":"","background-media":"","overlay-type":"","overlay-color":"","overlay-opacity":"","overlay-gradient":""}},"footnotes":""},"class_list":["post-1762","page","type-page","status-publish","hentry"],"yoast_head":"<!-- This site is optimized with the Yoast SEO Premium plugin v27.2 (Yoast SEO v27.2) - https:\/\/yoast.com\/product\/yoast-seo-premium-wordpress\/ -->\n<title>Pliki cookies i regulamin serwisu - Bertrand. Najwy\u017cszej jako\u015bci okna i drzwi. Certyfikowany producent od 1969 roku.<\/title>\n<meta name=\"description\" content=\"Dowiedz si\u0119, jak zarz\u0105dzamy pliki cookies i chronimy Twoje dane. Przejrzyste zasady korzystania z serwisu Bertrand \u2013 sprawd\u017a szczeg\u00f3\u0142y.\" \/>\n<meta name=\"robots\" content=\"index, follow, max-snippet:-1, max-image-preview:large, max-video-preview:-1\" \/>\n<link rel=\"canonical\" href=\"https:\/\/bertrand.pl\/fr\/fichiers-cookies\/\" \/>\n<meta property=\"og:locale\" content=\"fr_FR\" \/>\n<meta property=\"og:type\" content=\"article\" \/>\n<meta property=\"og:title\" content=\"Pliki cookies i regulamin serwisu\" \/>\n<meta property=\"og:description\" content=\"Dowiedz si\u0119, jak zarz\u0105dzamy pliki cookies i chronimy Twoje dane. Przejrzyste zasady korzystania z serwisu Bertrand \u2013 sprawd\u017a szczeg\u00f3\u0142y.\" \/>\n<meta property=\"og:url\" content=\"https:\/\/bertrand.pl\/fr\/fichiers-cookies\/\" \/>\n<meta property=\"og:site_name\" content=\"Bertrand. Najwy\u017cszej jako\u015bci okna i drzwi. Certyfikowany producent od 1969 roku.\" \/>\n<meta property=\"article:publisher\" content=\"https:\/\/www.facebook.com\/bertrandpolska\/\" \/>\n<meta property=\"article:modified_time\" content=\"2024-12-16T07:04:09+00:00\" \/>\n<meta property=\"og:image\" content=\"https:\/\/bertrand.pl\/wp-content\/uploads\/2024\/01\/bertrand-blog.jpg\" \/>\n\t<meta property=\"og:image:width\" content=\"1280\" \/>\n\t<meta property=\"og:image:height\" content=\"720\" \/>\n\t<meta property=\"og:image:type\" content=\"image\/jpeg\" \/>\n<meta name=\"twitter:card\" content=\"summary_large_image\" \/>\n<meta name=\"twitter:label1\" content=\"Dur\u00e9e de lecture estim\u00e9e\" \/>\n\t<meta name=\"twitter:data1\" content=\"3 minutes\" \/>\n<script type=\"application\/ld+json\" class=\"yoast-schema-graph\">{\"@context\":\"https:\/\/schema.org\",\"@graph\":[{\"@type\":\"Article\",\"@id\":\"https:\/\/bertrand.pl\/pliki-cookies\/#article\",\"isPartOf\":{\"@id\":\"https:\/\/bertrand.pl\/pliki-cookies\/\"},\"author\":{\"name\":\"w.wachnik\",\"@id\":\"https:\/\/bertrand.pl\/#\/schema\/person\/767d70e891d700b2e3c19083f31a484c\"},\"headline\":\"Pliki cookies i regulamin serwisu\",\"datePublished\":\"2024-01-09T11:40:09+00:00\",\"dateModified\":\"2024-12-16T07:04:09+00:00\",\"mainEntityOfPage\":{\"@id\":\"https:\/\/bertrand.pl\/pliki-cookies\/\"},\"wordCount\":511,\"publisher\":{\"@id\":\"https:\/\/bertrand.pl\/#organization\"},\"inLanguage\":\"fr-FR\"},{\"@type\":\"WebPage\",\"@id\":\"https:\/\/bertrand.pl\/pliki-cookies\/\",\"url\":\"https:\/\/bertrand.pl\/pliki-cookies\/\",\"name\":\"Pliki cookies i regulamin serwisu - Bertrand. Najwy\u017cszej jako\u015bci okna i drzwi. Certyfikowany producent od 1969 roku.\",\"isPartOf\":{\"@id\":\"https:\/\/bertrand.pl\/#website\"},\"datePublished\":\"2024-01-09T11:40:09+00:00\",\"dateModified\":\"2024-12-16T07:04:09+00:00\",\"description\":\"Dowiedz si\u0119, jak zarz\u0105dzamy pliki cookies i chronimy Twoje dane. Przejrzyste zasady korzystania z serwisu Bertrand \u2013 sprawd\u017a szczeg\u00f3\u0142y.\",\"breadcrumb\":{\"@id\":\"https:\/\/bertrand.pl\/pliki-cookies\/#breadcrumb\"},\"inLanguage\":\"fr-FR\",\"potentialAction\":[{\"@type\":\"ReadAction\",\"target\":[\"https:\/\/bertrand.pl\/pliki-cookies\/\"]}]},{\"@type\":\"BreadcrumbList\",\"@id\":\"https:\/\/bertrand.pl\/pliki-cookies\/#breadcrumb\",\"itemListElement\":[{\"@type\":\"ListItem\",\"position\":1,\"name\":\"Strona g\u0142\u00f3wna\",\"item\":\"https:\/\/bertrand.pl\/\"},{\"@type\":\"ListItem\",\"position\":2,\"name\":\"Pliki cookies i regulamin serwisu\"}]},{\"@type\":\"WebSite\",\"@id\":\"https:\/\/bertrand.pl\/#website\",\"url\":\"https:\/\/bertrand.pl\/\",\"name\":\"Bertrand.pl\",\"description\":\"Firma Bertrand to certyfikowany i uznany producent najwy\u017cszej jako\u015bci okien z PVC, z drewna lub aluminium. Produkcja drzwi, rolet i bram gara\u017cowych.\",\"publisher\":{\"@id\":\"https:\/\/bertrand.pl\/#organization\"},\"potentialAction\":[{\"@type\":\"SearchAction\",\"target\":{\"@type\":\"EntryPoint\",\"urlTemplate\":\"https:\/\/bertrand.pl\/?s={search_term_string}\"},\"query-input\":{\"@type\":\"PropertyValueSpecification\",\"valueRequired\":true,\"valueName\":\"search_term_string\"}}],\"inLanguage\":\"fr-FR\"},{\"@type\":\"Organization\",\"@id\":\"https:\/\/bertrand.pl\/#organization\",\"name\":\"Bertrand.pl\",\"url\":\"https:\/\/bertrand.pl\/\",\"logo\":{\"@type\":\"ImageObject\",\"inLanguage\":\"fr-FR\",\"@id\":\"https:\/\/bertrand.pl\/#\/schema\/logo\/image\/\",\"url\":\"https:\/\/bertrand.pl\/wp-content\/uploads\/2024\/12\/logo_BB_TM_PL_black.png\",\"contentUrl\":\"https:\/\/bertrand.pl\/wp-content\/uploads\/2024\/12\/logo_BB_TM_PL_black.png\",\"width\":1831,\"height\":1831,\"caption\":\"Bertrand.pl\"},\"image\":{\"@id\":\"https:\/\/bertrand.pl\/#\/schema\/logo\/image\/\"},\"sameAs\":[\"https:\/\/www.facebook.com\/bertrandpolska\/\",\"https:\/\/www.instagram.com\/bertrand_okna_i_drzwi\/\",\"https:\/\/www.linkedin.com\/company\/bertrand\/\",\"https:\/\/www.tiktok.com\/@bertrand_okna_drzwi\"]},{\"@type\":\"Person\",\"@id\":\"https:\/\/bertrand.pl\/#\/schema\/person\/767d70e891d700b2e3c19083f31a484c\",\"name\":\"w.wachnik\"}]}<\/script>\n<!-- \/ Yoast SEO Premium plugin. -->","yoast_head_json":{"title":"Pliki cookies i regulamin serwisu - Bertrand. Najwy\u017cszej jako\u015bci okna i drzwi. Certyfikowany producent od 1969 roku.","description":"D\u00e9couvrez comment nous g\u00e9rons les cookies et prot\u00e9geons vos donn\u00e9es. R\u00e8gles transparentes d\u2019utilisation du service Bertrand \u2013 v\u00e9rifiez les d\u00e9tails.","robots":{"index":"index","follow":"follow","max-snippet":"max-snippet:-1","max-image-preview":"max-image-preview:large","max-video-preview":"max-video-preview:-1"},"canonical":"https:\/\/bertrand.pl\/fr\/fichiers-cookies\/","og_locale":"fr_FR","og_type":"article","og_title":"Pliki cookies i regulamin serwisu","og_description":"Dowiedz si\u0119, jak zarz\u0105dzamy pliki cookies i chronimy Twoje dane. Przejrzyste zasady korzystania z serwisu Bertrand \u2013 sprawd\u017a szczeg\u00f3\u0142y.","og_url":"https:\/\/bertrand.pl\/fr\/fichiers-cookies\/","og_site_name":"Bertrand. Najwy\u017cszej jako\u015bci okna i drzwi. Certyfikowany producent od 1969 roku.","article_publisher":"https:\/\/www.facebook.com\/bertrandpolska\/","article_modified_time":"2024-12-16T07:04:09+00:00","og_image":[{"width":1280,"height":720,"url":"https:\/\/bertrand.pl\/wp-content\/uploads\/2024\/01\/bertrand-blog.jpg","type":"image\/jpeg"}],"twitter_card":"summary_large_image","twitter_misc":{"Dur\u00e9e de lecture estim\u00e9e":"3 minutes"},"schema":{"@context":"https:\/\/schema.org","@graph":[{"@type":"Article","@id":"https:\/\/bertrand.pl\/pliki-cookies\/#article","isPartOf":{"@id":"https:\/\/bertrand.pl\/pliki-cookies\/"},"author":{"name":"w.wachnik","@id":"https:\/\/bertrand.pl\/#\/schema\/person\/767d70e891d700b2e3c19083f31a484c"},"headline":"Pliki cookies i regulamin serwisu","datePublished":"2024-01-09T11:40:09+00:00","dateModified":"2024-12-16T07:04:09+00:00","mainEntityOfPage":{"@id":"https:\/\/bertrand.pl\/pliki-cookies\/"},"wordCount":511,"publisher":{"@id":"https:\/\/bertrand.pl\/#organization"},"inLanguage":"fr-FR"},{"@type":"WebPage","@id":"https:\/\/bertrand.pl\/pliki-cookies\/","url":"https:\/\/bertrand.pl\/pliki-cookies\/","name":"Pliki cookies i regulamin serwisu - Bertrand. Najwy\u017cszej jako\u015bci okna i drzwi. Certyfikowany producent od 1969 roku.","isPartOf":{"@id":"https:\/\/bertrand.pl\/#website"},"datePublished":"2024-01-09T11:40:09+00:00","dateModified":"2024-12-16T07:04:09+00:00","description":"D\u00e9couvrez comment nous g\u00e9rons les cookies et prot\u00e9geons vos donn\u00e9es. R\u00e8gles transparentes d\u2019utilisation du service Bertrand \u2013 v\u00e9rifiez les d\u00e9tails.","breadcrumb":{"@id":"https:\/\/bertrand.pl\/pliki-cookies\/#breadcrumb"},"inLanguage":"fr-FR","potentialAction":[{"@type":"ReadAction","target":["https:\/\/bertrand.pl\/pliki-cookies\/"]}]},{"@type":"BreadcrumbList","@id":"https:\/\/bertrand.pl\/pliki-cookies\/#breadcrumb","itemListElement":[{"@type":"ListItem","position":1,"name":"Strona g\u0142\u00f3wna","item":"https:\/\/bertrand.pl\/"},{"@type":"ListItem","position":2,"name":"Pliki cookies i regulamin serwisu"}]},{"@type":"WebSite","@id":"https:\/\/bertrand.pl\/#website","url":"https:\/\/bertrand.pl\/","name":"Bertrand.pl","description":"Firma Bertrand to certyfikowany i uznany producent najwy\u017cszej jako\u015bci okien z PVC, z drewna lub aluminium. Produkcja drzwi, rolet i bram gara\u017cowych.","publisher":{"@id":"https:\/\/bertrand.pl\/#organization"},"potentialAction":[{"@type":"SearchAction","target":{"@type":"EntryPoint","urlTemplate":"https:\/\/bertrand.pl\/?s={search_term_string}"},"query-input":{"@type":"PropertyValueSpecification","valueRequired":true,"valueName":"search_term_string"}}],"inLanguage":"fr-FR"},{"@type":"Organization","@id":"https:\/\/bertrand.pl\/#organization","name":"Bertrand.pl","url":"https:\/\/bertrand.pl\/","logo":{"@type":"ImageObject","inLanguage":"fr-FR","@id":"https:\/\/bertrand.pl\/#\/schema\/logo\/image\/","url":"https:\/\/bertrand.pl\/wp-content\/uploads\/2024\/12\/logo_BB_TM_PL_black.png","contentUrl":"https:\/\/bertrand.pl\/wp-content\/uploads\/2024\/12\/logo_BB_TM_PL_black.png","width":1831,"height":1831,"caption":"Bertrand.pl"},"image":{"@id":"https:\/\/bertrand.pl\/#\/schema\/logo\/image\/"},"sameAs":["https:\/\/www.facebook.com\/bertrandpolska\/","https:\/\/www.instagram.com\/bertrand_okna_i_drzwi\/","https:\/\/www.linkedin.com\/company\/bertrand\/","https:\/\/www.tiktok.com\/@bertrand_okna_drzwi"]},{"@type":"Person","@id":"https:\/\/bertrand.pl\/#\/schema\/person\/767d70e891d700b2e3c19083f31a484c","name":"w.achnik"}]}},"_links":{"self":[{"href":"https:\/\/bertrand.pl\/fr\/wp-json\/wp\/v2\/pages\/1762","targetHints":{"allow":["GET"]}}],"collection":[{"href":"https:\/\/bertrand.pl\/fr\/wp-json\/wp\/v2\/pages"}],"about":[{"href":"https:\/\/bertrand.pl\/fr\/wp-json\/wp\/v2\/types\/page"}],"author":[{"embeddable":true,"href":"https:\/\/bertrand.pl\/fr\/wp-json\/wp\/v2\/users\/7"}],"replies":[{"embeddable":true,"href":"https:\/\/bertrand.pl\/fr\/wp-json\/wp\/v2\/comments?post=1762"}],"version-history":[{"count":16,"href":"https:\/\/bertrand.pl\/fr\/wp-json\/wp\/v2\/pages\/1762\/revisions"}],"predecessor-version":[{"id":5671,"href":"https:\/\/bertrand.pl\/fr\/wp-json\/wp\/v2\/pages\/1762\/revisions\/5671"}],"wp:attachment":[{"href":"https:\/\/bertrand.pl\/fr\/wp-json\/wp\/v2\/media?parent=1762"}],"curies":[{"name":"wp","href":"https:\/\/api.w.org\/{rel}","templated":true}]}}