{"id":1783,"date":"2024-01-09T12:49:44","date_gmt":"2024-01-09T11:49:44","guid":{"rendered":"https:\/\/bertrand.pl\/?page_id=1783"},"modified":"2026-01-09T08:59:15","modified_gmt":"2026-01-09T07:59:15","slug":"rgpd","status":"publish","type":"page","link":"https:\/\/bertrand.pl\/fr\/rodo\/","title":{"rendered":"Informations sur la protection des donn\u00e9es personnelles"},"content":{"rendered":"<div data-elementor-type=\"wp-page\" data-elementor-id=\"1783\" class=\"elementor elementor-1783\" data-elementor-post-type=\"page\">\n\t\t\t\t<div class=\"elementor-element elementor-element-ff4da73 e-flex e-con-boxed e-con e-parent\" data-id=\"ff4da73\" data-element_type=\"container\" data-e-type=\"container\" data-settings=\"{&quot;background_background&quot;:&quot;classic&quot;}\">\n\t\t\t\t\t<div class=\"e-con-inner\">\n\t\t<div class=\"elementor-element elementor-element-e16b941 e-con-full e-flex e-con e-child\" data-id=\"e16b941\" data-element_type=\"container\" data-e-type=\"container\">\n\t\t\t\t<div class=\"elementor-element elementor-element-e62673f elementor-widget elementor-widget-heading\" data-id=\"e62673f\" data-element_type=\"widget\" data-e-type=\"widget\" data-widget_type=\"heading.default\">\n\t\t\t\t<div class=\"elementor-widget-container\">\n\t\t\t\t\t<h1 class=\"elementor-heading-title elementor-size-default\">R\u00e8glement G\u00e9n\u00e9ral sur la Protection des Donn\u00e9es<\/h1>\t\t\t\t<\/div>\n\t\t\t\t<\/div>\n\t\t\t\t<div class=\"elementor-element elementor-element-083e881 elementor-widget elementor-widget-text-editor\" data-id=\"083e881\" data-element_type=\"widget\" data-e-type=\"widget\" data-widget_type=\"text-editor.default\">\n\t\t\t\t<div class=\"elementor-widget-container\">\n\t\t\t\t\t\t\t\t\t<h4>INFORMATIONS SUR LA PROTECTION DES DONN\u00c9ES PERSONNELLES - CONFORM\u00c9MENT AU RGPD<\/h4>\n<p><\/p>\n<p><span style=\"font-style: inherit; font-weight: inherit; text-align: var(--text-align); background-color: var(--ast-global-color-5);\">Informations sur la protection des donn\u00e9es personnelles. Depuis le 25 mai 2018, le R\u00e8glement UE 2016\/679 (RGPD) est en vigueur, r\u00e9glementant la protection des donn\u00e9es personnelles. L&#039;objectif de cette loi est de renforcer la protection des donn\u00e9es des personnes physiques et d&#039;assurer un meilleur contr\u00f4le de leur traitement par les entit\u00e9s op\u00e9rant dans l&#039;Union europ\u00e9enne. C&#039;est pourquoi nous fournissons des informations d\u00e9taill\u00e9es sur la mani\u00e8re dont nous prot\u00e9geons vos donn\u00e9es personnelles.<\/span><\/p>\n<h3><strong>Notre approche de la protection des donn\u00e9es personnelles<\/strong><\/h3><div><strong><br><\/strong><\/div>\n<p>La soci\u00e9t\u00e9 Bracia Bertrand sp. z o. o. avec son si\u00e8ge social \u00e0 Luzino, ul. Wejherowska 12, 84-242 Luzino, op\u00e8re conform\u00e9ment aux normes les plus \u00e9lev\u00e9es de protection des donn\u00e9es. Nous mettons donc tout en \u0153uvre pour assurer leur s\u00e9curit\u00e9 et leur conformit\u00e9 aux dispositions du RGPD. La soci\u00e9t\u00e9 est enregistr\u00e9e sous le num\u00e9ro KRS : 1076593, NIP : 5881946629, REGON : 192042297.<\/p>\n<h3><strong>Finalit\u00e9s et fondements du traitement des donn\u00e9es<\/strong><\/h3><div><strong><br><\/strong><\/div>\n<p>Nous traitons les donn\u00e9es personnelles aux fins suivantes :<\/p>\n<ul>\n<li>Pour ex\u00e9cuter les contrats conclus avec vous, par exemple les contrats de services ou de construction (article 6 (1) (b) du RGPD).<\/li>\n<li>Pour se conformer aux exigences l\u00e9gales, telles que les exigences fiscales ou comptables (article 6 (1) (c) du RGPD).<\/li>\n<li>Pour prot\u00e9ger nos int\u00e9r\u00eats l\u00e9gitimes, par exemple pour faire valoir nos droits (article 6 (1) (f) du RGPD).<\/li>\n<li>Si vous avez donn\u00e9 votre consentement, \u00e9galement aux fins sp\u00e9cifi\u00e9es dans ce consentement (article 6 (1) (a) RGPD).<\/li>\n<\/ul>\n<h3><strong>Combien de temps conservons-nous les donn\u00e9es ?<\/strong><\/h3><div><strong><br><\/strong><\/div>\n<p>Nous conservons les donn\u00e9es jusqu&#039;\u00e0 ce que les obligations l\u00e9gales soient remplies, que les contrats expirent, que le consentement soit retir\u00e9 ou que les r\u00e9clamations soient prescrites. Toutefois, la dur\u00e9e de conservation maximale est de 10 ans \u00e0 compter de la date d\u2019\u00e9ch\u00e9ance des cr\u00e9ances.<\/p>\n<h3><strong>Destinataires des donn\u00e9es personnelles<\/strong><\/h3><div><strong><br><\/strong><\/div>\n<p>Vos donn\u00e9es peuvent \u00eatre transf\u00e9r\u00e9es \u00e0 des entit\u00e9s soutenant nos activit\u00e9s, telles que des banques, des \u00e9tablissements de paiement ou des sous-traitants.<\/p>\n<h3><strong>Droits en vertu du RGPD<\/strong><\/h3><div><strong><br><\/strong><\/div>\n<p>Conform\u00e9ment au RGPD, vous avez le droit de :<\/p>\n<ul>\n<li>Acc\u00e9dez \u00e0 vos donn\u00e9es et obtenez-en une copie.<\/li>\n<li>Supprimez vos donn\u00e9es lorsque leur traitement n\u2019est plus n\u00e9cessaire (\u00ab droit \u00e0 l\u2019oubli \u00bb).<\/li>\n<li>Transf\u00e9rer des donn\u00e9es dans un format structur\u00e9.<\/li>\n<li>Restrictions au traitement dans certains cas.<\/li>\n<li>Corrigez vos donn\u00e9es si elles sont obsol\u00e8tes ou incorrectes.<\/li>\n<li>Opposition au traitement, y compris \u00e0 des fins de marketing.<\/li>\n<li>Retirez votre consentement au traitement \u00e0 tout moment.<\/li>\n<\/ul>\n<h3><strong>S\u00e9curit\u00e9 des donn\u00e9es<\/strong><\/h3><div><strong><br><\/strong><\/div>\n<p>Les donn\u00e9es sont prot\u00e9g\u00e9es par des mesures techniques et organisationnelles avanc\u00e9es. Nous traitons les informations sur les relations clients comme un secret commercial.<\/p>\n<h3><strong>Contact avec le d\u00e9l\u00e9gu\u00e9 \u00e0 la protection des donn\u00e9es<\/strong><\/h3><div><strong><br><\/strong><\/div>\n<p>Si vous avez des questions, veuillez contacter le d\u00e9l\u00e9gu\u00e9 \u00e0 la protection des donn\u00e9es. Il peut \u00eatre contact\u00e9 \u00e0 l&#039;adresse e-mail suivante : <a rel=\"noopener\">iod@bertrand.pl<\/a> ou par courrier, en envoyant la correspondance \u00e0 l&#039;adresse de la soci\u00e9t\u00e9 avec la mention \u00ab Inspecteur de la protection des donn\u00e9es \u00bb.<\/p>\n<h3><strong>Transfert de donn\u00e9es en dehors de l&#039;Union europ\u00e9enne<\/strong><\/h3><div><strong><br><\/strong><\/div>\n<p>Nous vous informons que les donn\u00e9es personnelles ne sont pas transf\u00e9r\u00e9es en dehors de l&#039;Union Europ\u00e9enne. En outre, le traitement des donn\u00e9es n\u2019inclut pas le profilage.<\/p>\n<p>Si vous avez des questions concernant la protection des donn\u00e9es, veuillez nous contacter.<\/p>\t\t\t\t\t\t\t\t<\/div>\n\t\t\t\t<\/div>\n\t\t\t\t<\/div>\n\t\t\t\t\t<\/div>\n\t\t\t\t<\/div>\n\t\t\t\t<\/div>","protected":false},"excerpt":{"rendered":"<p>Rozporz\u0105dzenie Og\u00f3lne o Ochronie Danych Osobowych INFORMACJA O OCHRONIE DANYCH OSOBOWYCH \u2013 ZGODNIE Z RODO Informacja o ochronie danych osobowych. Od 25 maja 2018 roku obowi\u0105zuje rozporz\u0105dzenie UE 2016\/679 (RODO), kt\u00f3re reguluje kwestie ochrony danych osobowych. Celem tego aktu jest zwi\u0119kszenie ochrony danych os\u00f3b fizycznych oraz zapewnienie wi\u0119kszej kontroli nad ich przetwarzaniem przez podmioty dzia\u0142aj\u0105ce [&hellip;]<\/p>\n","protected":false},"author":7,"featured_media":0,"parent":0,"menu_order":0,"comment_status":"closed","ping_status":"closed","template":"elementor_header_footer","meta":{"site-sidebar-layout":"no-sidebar","site-content-layout":"","ast-site-content-layout":"full-width-container","site-content-style":"default","site-sidebar-style":"default","ast-global-header-display":"","ast-banner-title-visibility":"","ast-main-header-display":"","ast-hfb-above-header-display":"","ast-hfb-below-header-display":"","ast-hfb-mobile-header-display":"","site-post-title":"disabled","ast-breadcrumbs-content":"","ast-featured-img":"disabled","footer-sml-layout":"","ast-disable-related-posts":"","theme-transparent-header-meta":"","adv-header-id-meta":"","stick-header-meta":"","header-above-stick-meta":"","header-main-stick-meta":"","header-below-stick-meta":"","astra-migrate-meta-layouts":"default","ast-page-background-enabled":"default","ast-page-background-meta":{"desktop":{"background-color":"var(--ast-global-color-4)","background-image":"","background-repeat":"repeat","background-position":"center center","background-size":"auto","background-attachment":"scroll","background-type":"","background-media":"","overlay-type":"","overlay-color":"","overlay-opacity":"","overlay-gradient":""},"tablet":{"background-color":"","background-image":"","background-repeat":"repeat","background-position":"center center","background-size":"auto","background-attachment":"scroll","background-type":"","background-media":"","overlay-type":"","overlay-color":"","overlay-opacity":"","overlay-gradient":""},"mobile":{"background-color":"","background-image":"","background-repeat":"repeat","background-position":"center center","background-size":"auto","background-attachment":"scroll","background-type":"","background-media":"","overlay-type":"","overlay-color":"","overlay-opacity":"","overlay-gradient":""}},"ast-content-background-meta":{"desktop":{"background-color":"var(--ast-global-color-5)","background-image":"","background-repeat":"repeat","background-position":"center center","background-size":"auto","background-attachment":"scroll","background-type":"","background-media":"","overlay-type":"","overlay-color":"","overlay-opacity":"","overlay-gradient":""},"tablet":{"background-color":"var(--ast-global-color-5)","background-image":"","background-repeat":"repeat","background-position":"center center","background-size":"auto","background-attachment":"scroll","background-type":"","background-media":"","overlay-type":"","overlay-color":"","overlay-opacity":"","overlay-gradient":""},"mobile":{"background-color":"var(--ast-global-color-5)","background-image":"","background-repeat":"repeat","background-position":"center center","background-size":"auto","background-attachment":"scroll","background-type":"","background-media":"","overlay-type":"","overlay-color":"","overlay-opacity":"","overlay-gradient":""}},"footnotes":""},"class_list":["post-1783","page","type-page","status-publish","hentry"],"yoast_head":"<!-- This site is optimized with the Yoast SEO Premium plugin v27.2 (Yoast SEO v27.2) - https:\/\/yoast.com\/product\/yoast-seo-premium-wordpress\/ -->\n<title>Informacja o ochronie danych osobowych - Bertrand. Najwy\u017cszej jako\u015bci okna i drzwi. Certyfikowany producent od 1969 roku.<\/title>\n<meta name=\"description\" content=\"Informacja o ochronie danych osobowych. Pe\u0142na zgodno\u015b\u0107, bezpiecze\u0144stwo i prawa do Twoich danych w firmie BERTRAND.\" \/>\n<meta name=\"robots\" content=\"index, follow, max-snippet:-1, max-image-preview:large, max-video-preview:-1\" \/>\n<link rel=\"canonical\" href=\"https:\/\/bertrand.pl\/fr\/rgpd\/\" \/>\n<meta property=\"og:locale\" content=\"fr_FR\" \/>\n<meta property=\"og:type\" content=\"article\" \/>\n<meta property=\"og:title\" content=\"Informacja o ochronie danych osobowych\" \/>\n<meta property=\"og:description\" content=\"Informacja o ochronie danych osobowych. Pe\u0142na zgodno\u015b\u0107, bezpiecze\u0144stwo i prawa do Twoich danych w firmie BERTRAND.\" \/>\n<meta property=\"og:url\" content=\"https:\/\/bertrand.pl\/fr\/rgpd\/\" \/>\n<meta property=\"og:site_name\" content=\"Bertrand. Najwy\u017cszej jako\u015bci okna i drzwi. Certyfikowany producent od 1969 roku.\" \/>\n<meta property=\"article:publisher\" content=\"https:\/\/www.facebook.com\/bertrandpolska\/\" \/>\n<meta property=\"article:modified_time\" content=\"2026-01-09T07:59:15+00:00\" \/>\n<meta property=\"og:image\" content=\"https:\/\/bertrand.pl\/wp-content\/uploads\/2024\/01\/bertrand-blog.jpg\" \/>\n\t<meta property=\"og:image:width\" content=\"1280\" \/>\n\t<meta property=\"og:image:height\" content=\"720\" \/>\n\t<meta property=\"og:image:type\" content=\"image\/jpeg\" \/>\n<meta name=\"twitter:card\" content=\"summary_large_image\" \/>\n<meta name=\"twitter:label1\" content=\"Dur\u00e9e de lecture estim\u00e9e\" \/>\n\t<meta name=\"twitter:data1\" content=\"3 minutes\" \/>\n<script type=\"application\/ld+json\" class=\"yoast-schema-graph\">{\"@context\":\"https:\/\/schema.org\",\"@graph\":[{\"@type\":\"Article\",\"@id\":\"https:\/\/bertrand.pl\/rodo\/#article\",\"isPartOf\":{\"@id\":\"https:\/\/bertrand.pl\/rodo\/\"},\"author\":{\"name\":\"w.wachnik\",\"@id\":\"https:\/\/bertrand.pl\/#\/schema\/person\/767d70e891d700b2e3c19083f31a484c\"},\"headline\":\"Informacja o ochronie danych osobowych\",\"datePublished\":\"2024-01-09T11:49:44+00:00\",\"dateModified\":\"2026-01-09T07:59:15+00:00\",\"mainEntityOfPage\":{\"@id\":\"https:\/\/bertrand.pl\/rodo\/\"},\"wordCount\":454,\"publisher\":{\"@id\":\"https:\/\/bertrand.pl\/#organization\"},\"inLanguage\":\"fr-FR\"},{\"@type\":\"WebPage\",\"@id\":\"https:\/\/bertrand.pl\/rodo\/\",\"url\":\"https:\/\/bertrand.pl\/rodo\/\",\"name\":\"Informacja o ochronie danych osobowych - Bertrand. Najwy\u017cszej jako\u015bci okna i drzwi. Certyfikowany producent od 1969 roku.\",\"isPartOf\":{\"@id\":\"https:\/\/bertrand.pl\/#website\"},\"datePublished\":\"2024-01-09T11:49:44+00:00\",\"dateModified\":\"2026-01-09T07:59:15+00:00\",\"description\":\"Informacja o ochronie danych osobowych. Pe\u0142na zgodno\u015b\u0107, bezpiecze\u0144stwo i prawa do Twoich danych w firmie BERTRAND.\",\"breadcrumb\":{\"@id\":\"https:\/\/bertrand.pl\/rodo\/#breadcrumb\"},\"inLanguage\":\"fr-FR\",\"potentialAction\":[{\"@type\":\"ReadAction\",\"target\":[\"https:\/\/bertrand.pl\/rodo\/\"]}]},{\"@type\":\"BreadcrumbList\",\"@id\":\"https:\/\/bertrand.pl\/rodo\/#breadcrumb\",\"itemListElement\":[{\"@type\":\"ListItem\",\"position\":1,\"name\":\"Strona g\u0142\u00f3wna\",\"item\":\"https:\/\/bertrand.pl\/\"},{\"@type\":\"ListItem\",\"position\":2,\"name\":\"Informacja o ochronie danych osobowych\"}]},{\"@type\":\"WebSite\",\"@id\":\"https:\/\/bertrand.pl\/#website\",\"url\":\"https:\/\/bertrand.pl\/\",\"name\":\"Bertrand.pl\",\"description\":\"Firma Bertrand to certyfikowany i uznany producent najwy\u017cszej jako\u015bci okien z PVC, z drewna lub aluminium. Produkcja drzwi, rolet i bram gara\u017cowych.\",\"publisher\":{\"@id\":\"https:\/\/bertrand.pl\/#organization\"},\"potentialAction\":[{\"@type\":\"SearchAction\",\"target\":{\"@type\":\"EntryPoint\",\"urlTemplate\":\"https:\/\/bertrand.pl\/?s={search_term_string}\"},\"query-input\":{\"@type\":\"PropertyValueSpecification\",\"valueRequired\":true,\"valueName\":\"search_term_string\"}}],\"inLanguage\":\"fr-FR\"},{\"@type\":\"Organization\",\"@id\":\"https:\/\/bertrand.pl\/#organization\",\"name\":\"Bertrand.pl\",\"url\":\"https:\/\/bertrand.pl\/\",\"logo\":{\"@type\":\"ImageObject\",\"inLanguage\":\"fr-FR\",\"@id\":\"https:\/\/bertrand.pl\/#\/schema\/logo\/image\/\",\"url\":\"https:\/\/bertrand.pl\/wp-content\/uploads\/2024\/12\/logo_BB_TM_PL_black.png\",\"contentUrl\":\"https:\/\/bertrand.pl\/wp-content\/uploads\/2024\/12\/logo_BB_TM_PL_black.png\",\"width\":1831,\"height\":1831,\"caption\":\"Bertrand.pl\"},\"image\":{\"@id\":\"https:\/\/bertrand.pl\/#\/schema\/logo\/image\/\"},\"sameAs\":[\"https:\/\/www.facebook.com\/bertrandpolska\/\",\"https:\/\/www.instagram.com\/bertrand_okna_i_drzwi\/\",\"https:\/\/www.linkedin.com\/company\/bertrand\/\",\"https:\/\/www.tiktok.com\/@bertrand_okna_drzwi\"]},{\"@type\":\"Person\",\"@id\":\"https:\/\/bertrand.pl\/#\/schema\/person\/767d70e891d700b2e3c19083f31a484c\",\"name\":\"w.wachnik\"}]}<\/script>\n<!-- \/ Yoast SEO Premium plugin. -->","yoast_head_json":{"title":"Informacja o ochronie danych osobowych - Bertrand. Najwy\u017cszej jako\u015bci okna i drzwi. Certyfikowany producent od 1969 roku.","description":"Informations sur la protection des donn\u00e9es personnelles. Conformit\u00e9 totale, s\u00e9curit\u00e9 et droits sur vos donn\u00e9es chez BERTRAND.","robots":{"index":"index","follow":"follow","max-snippet":"max-snippet:-1","max-image-preview":"max-image-preview:large","max-video-preview":"max-video-preview:-1"},"canonical":"https:\/\/bertrand.pl\/fr\/rgpd\/","og_locale":"fr_FR","og_type":"article","og_title":"Informacja o ochronie danych osobowych","og_description":"Informacja o ochronie danych osobowych. Pe\u0142na zgodno\u015b\u0107, bezpiecze\u0144stwo i prawa do Twoich danych w firmie BERTRAND.","og_url":"https:\/\/bertrand.pl\/fr\/rgpd\/","og_site_name":"Bertrand. Najwy\u017cszej jako\u015bci okna i drzwi. Certyfikowany producent od 1969 roku.","article_publisher":"https:\/\/www.facebook.com\/bertrandpolska\/","article_modified_time":"2026-01-09T07:59:15+00:00","og_image":[{"width":1280,"height":720,"url":"https:\/\/bertrand.pl\/wp-content\/uploads\/2024\/01\/bertrand-blog.jpg","type":"image\/jpeg"}],"twitter_card":"summary_large_image","twitter_misc":{"Dur\u00e9e de lecture estim\u00e9e":"3 minutes"},"schema":{"@context":"https:\/\/schema.org","@graph":[{"@type":"Article","@id":"https:\/\/bertrand.pl\/rodo\/#article","isPartOf":{"@id":"https:\/\/bertrand.pl\/rodo\/"},"author":{"name":"w.wachnik","@id":"https:\/\/bertrand.pl\/#\/schema\/person\/767d70e891d700b2e3c19083f31a484c"},"headline":"Informacja o ochronie danych osobowych","datePublished":"2024-01-09T11:49:44+00:00","dateModified":"2026-01-09T07:59:15+00:00","mainEntityOfPage":{"@id":"https:\/\/bertrand.pl\/rodo\/"},"wordCount":454,"publisher":{"@id":"https:\/\/bertrand.pl\/#organization"},"inLanguage":"fr-FR"},{"@type":"WebPage","@id":"https:\/\/bertrand.pl\/rodo\/","url":"https:\/\/bertrand.pl\/rodo\/","name":"Informacja o ochronie danych osobowych - Bertrand. Najwy\u017cszej jako\u015bci okna i drzwi. Certyfikowany producent od 1969 roku.","isPartOf":{"@id":"https:\/\/bertrand.pl\/#website"},"datePublished":"2024-01-09T11:49:44+00:00","dateModified":"2026-01-09T07:59:15+00:00","description":"Informations sur la protection des donn\u00e9es personnelles. Conformit\u00e9 totale, s\u00e9curit\u00e9 et droits sur vos donn\u00e9es chez BERTRAND.","breadcrumb":{"@id":"https:\/\/bertrand.pl\/rodo\/#breadcrumb"},"inLanguage":"fr-FR","potentialAction":[{"@type":"ReadAction","target":["https:\/\/bertrand.pl\/rodo\/"]}]},{"@type":"BreadcrumbList","@id":"https:\/\/bertrand.pl\/rodo\/#breadcrumb","itemListElement":[{"@type":"ListItem","position":1,"name":"Strona g\u0142\u00f3wna","item":"https:\/\/bertrand.pl\/"},{"@type":"ListItem","position":2,"name":"Informacja o ochronie danych osobowych"}]},{"@type":"WebSite","@id":"https:\/\/bertrand.pl\/#website","url":"https:\/\/bertrand.pl\/","name":"Bertrand.pl","description":"Firma Bertrand to certyfikowany i uznany producent najwy\u017cszej jako\u015bci okien z PVC, z drewna lub aluminium. Produkcja drzwi, rolet i bram gara\u017cowych.","publisher":{"@id":"https:\/\/bertrand.pl\/#organization"},"potentialAction":[{"@type":"SearchAction","target":{"@type":"EntryPoint","urlTemplate":"https:\/\/bertrand.pl\/?s={search_term_string}"},"query-input":{"@type":"PropertyValueSpecification","valueRequired":true,"valueName":"search_term_string"}}],"inLanguage":"fr-FR"},{"@type":"Organization","@id":"https:\/\/bertrand.pl\/#organization","name":"Bertrand.pl","url":"https:\/\/bertrand.pl\/","logo":{"@type":"ImageObject","inLanguage":"fr-FR","@id":"https:\/\/bertrand.pl\/#\/schema\/logo\/image\/","url":"https:\/\/bertrand.pl\/wp-content\/uploads\/2024\/12\/logo_BB_TM_PL_black.png","contentUrl":"https:\/\/bertrand.pl\/wp-content\/uploads\/2024\/12\/logo_BB_TM_PL_black.png","width":1831,"height":1831,"caption":"Bertrand.pl"},"image":{"@id":"https:\/\/bertrand.pl\/#\/schema\/logo\/image\/"},"sameAs":["https:\/\/www.facebook.com\/bertrandpolska\/","https:\/\/www.instagram.com\/bertrand_okna_i_drzwi\/","https:\/\/www.linkedin.com\/company\/bertrand\/","https:\/\/www.tiktok.com\/@bertrand_okna_drzwi"]},{"@type":"Person","@id":"https:\/\/bertrand.pl\/#\/schema\/person\/767d70e891d700b2e3c19083f31a484c","name":"w.achnik"}]}},"_links":{"self":[{"href":"https:\/\/bertrand.pl\/fr\/wp-json\/wp\/v2\/pages\/1783","targetHints":{"allow":["GET"]}}],"collection":[{"href":"https:\/\/bertrand.pl\/fr\/wp-json\/wp\/v2\/pages"}],"about":[{"href":"https:\/\/bertrand.pl\/fr\/wp-json\/wp\/v2\/types\/page"}],"author":[{"embeddable":true,"href":"https:\/\/bertrand.pl\/fr\/wp-json\/wp\/v2\/users\/7"}],"replies":[{"embeddable":true,"href":"https:\/\/bertrand.pl\/fr\/wp-json\/wp\/v2\/comments?post=1783"}],"version-history":[{"count":25,"href":"https:\/\/bertrand.pl\/fr\/wp-json\/wp\/v2\/pages\/1783\/revisions"}],"predecessor-version":[{"id":6419,"href":"https:\/\/bertrand.pl\/fr\/wp-json\/wp\/v2\/pages\/1783\/revisions\/6419"}],"wp:attachment":[{"href":"https:\/\/bertrand.pl\/fr\/wp-json\/wp\/v2\/media?parent=1783"}],"curies":[{"name":"wp","href":"https:\/\/api.w.org\/{rel}","templated":true}]}}