{"id":1802,"date":"2024-01-09T13:00:29","date_gmt":"2024-01-09T12:00:29","guid":{"rendered":"https:\/\/bertrand.pl\/?page_id=1802"},"modified":"2024-12-12T08:30:42","modified_gmt":"2024-12-12T07:30:42","slug":"conditions-generales-de-vente-et-de-livraison","status":"publish","type":"page","link":"https:\/\/bertrand.pl\/fr\/ogolne-warunki-sprzedazy-i-dostaw\/","title":{"rendered":"Conditions g\u00e9n\u00e9rales de vente et de livraison"},"content":{"rendered":"<div data-elementor-type=\"wp-page\" data-elementor-id=\"1802\" class=\"elementor elementor-1802\" data-elementor-post-type=\"page\">\n\t\t\t\t<div class=\"elementor-element elementor-element-f0b0d6e e-flex e-con-boxed e-con e-parent\" data-id=\"f0b0d6e\" data-element_type=\"container\" data-e-type=\"container\" data-settings=\"{&quot;background_background&quot;:&quot;classic&quot;}\">\n\t\t\t\t\t<div class=\"e-con-inner\">\n\t\t<div class=\"elementor-element elementor-element-d0ee6fa e-con-full e-flex e-con e-child\" data-id=\"d0ee6fa\" data-element_type=\"container\" data-e-type=\"container\">\n\t\t\t\t<div class=\"elementor-element elementor-element-7727a4a elementor-widget elementor-widget-heading\" data-id=\"7727a4a\" data-element_type=\"widget\" data-e-type=\"widget\" data-widget_type=\"heading.default\">\n\t\t\t\t<div class=\"elementor-widget-container\">\n\t\t\t\t\t<h1 class=\"elementor-heading-title elementor-size-default\">Conditions G\u00e9n\u00e9rales de Vente et de Livraison<\/h1>\t\t\t\t<\/div>\n\t\t\t\t<\/div>\n\t\t\t\t<div class=\"elementor-element elementor-element-2beb4b1 elementor-widget elementor-widget-text-editor\" data-id=\"2beb4b1\" data-element_type=\"widget\" data-e-type=\"widget\" data-widget_type=\"text-editor.default\">\n\t\t\t\t<div class=\"elementor-widget-container\">\n\t\t\t\t\t\t\t\t\t<p>Le fichier PDF \u00ab Conditions G\u00e9n\u00e9rales de Vente et de Livraison \u00bb mis \u00e0 votre disposition contient les informations cl\u00e9s d\u00e9taill\u00e9es de chaque op\u00e9ration commerciale. Le document est une source inestimable de connaissances sur divers aspects du contrat, et sa compr\u00e9hension approfondie peut am\u00e9liorer consid\u00e9rablement les processus d\u2019achat et de logistique.<\/p><h4>D\u00e9finitions des termes cl\u00e9s du contrat<\/h4><p>Le document pr\u00e9cise les termes les plus importants utilis\u00e9s dans le contrat, ce qui permet d&#039;\u00e9viter les malentendus et les sous-estimations. Une d\u00e9finition claire des termes tels que \u00ab commande \u00bb, \u00ab livraison \u00bb et \u00ab enl\u00e8vement \u00bb facilite une communication efficace entre les parties.<\/p><h4>Processus de commande<\/h4><p>Instructions d\u00e9taill\u00e9es \u00e9tape par \u00e9tape sur la fa\u00e7on de passer des commandes pour se conformer aux exigences du contrat. Cela permet une ex\u00e9cution efficace des transactions et \u00e9limine le risque de retards r\u00e9sultant de donn\u00e9es incompl\u00e8tes.<\/p><h4>Livraison et retrait au sein de l\u2019UE et hors UE<\/h4><p>Vous trouverez ici des directives d\u00e9taill\u00e9es pour le transport de marchandises \u00e0 l&#039;int\u00e9rieur et \u00e0 l&#039;ext\u00e9rieur de l&#039;Union europ\u00e9enne. Cette section couvre \u00e9galement les proc\u00e9dures douani\u00e8res, ce qui est extr\u00eamement important dans le cas de la logistique internationale.<\/p><h4>Informations sur les rayonnages et les chariots \u00e9l\u00e9vateurs<\/h4><p>Vous saurez sur quels rayonnages et chariots \u00e9l\u00e9vateurs les marchandises seront livr\u00e9es, ce qui facilitera la planification du processus d&#039;entreposage et de transport interne.<\/p><h4>Conditions de r\u00e9clamation concernant les livraisons<\/h4><p>Le document d\u00e9finit clairement la proc\u00e9dure de d\u00e9p\u00f4t des r\u00e9clamations en cas de non-respect de la livraison, ce qui permet une r\u00e9solution rapide des probl\u00e8mes et une minimisation des pertes.<\/p><h4>Formulaire conditions particuli\u00e8res de livraison<\/h4><p>A la fin du document se trouve un formulaire qui vous permet de pr\u00e9ciser les conditions de livraison individuelles. Gr\u00e2ce \u00e0 lui, vous pourrez adapter les principes de coop\u00e9ration \u00e0 vos besoins sp\u00e9cifiques.<\/p><p><a href=\"https:\/\/bertrand.pl\/fr\/contact\/\"><strong>Entreprise Bertrand<\/strong><\/a> attache une grande importance \u00e0 la transparence et \u00e0 la clart\u00e9 des relations commerciales, ce qui se refl\u00e8te dans les termes d\u00e9taill\u00e9s du contrat qu&#039;elle a pr\u00e9par\u00e9. Le document qu&#039;elle propose n&#039;est pas seulement un recueil de dispositions formelles, mais \u00e9galement un guide pratique destin\u00e9 aux partenaires et clients de l&#039;entreprise. Ses d\u00e9finitions de termes cl\u00e9s permettent d&#039;\u00e9viter les malentendus et une description d\u00e9taill\u00e9e des processus de commande am\u00e9liore la coop\u00e9ration \u00e0 chaque \u00e9tape.<\/p>\t\t\t\t\t\t\t\t<\/div>\n\t\t\t\t<\/div>\n\t\t\t\t<div class=\"elementor-element elementor-element-4f75002 action-button elementor-mobile-align-justify elementor-widget elementor-widget-button\" data-id=\"4f75002\" data-element_type=\"widget\" data-e-type=\"widget\" data-widget_type=\"button.default\">\n\t\t\t\t<div class=\"elementor-widget-container\">\n\t\t\t\t\t\t\t\t\t<div class=\"elementor-button-wrapper\">\n\t\t\t\t\t<a class=\"elementor-button elementor-button-link elementor-size-sm\" href=\"https:\/\/bertrand.pl\/wp-content\/uploads\/2024\/01\/Ogolne_warunki_sprzedazy_i_dostaw_01_06_2018_PL.pdf\">\n\t\t\t\t\t\t<span class=\"elementor-button-content-wrapper\">\n\t\t\t\t\t\t\t\t\t<span class=\"elementor-button-text\">Conditions G\u00e9n\u00e9rales<\/span>\n\t\t\t\t\t<\/span>\n\t\t\t\t\t<\/a>\n\t\t\t\t<\/div>\n\t\t\t\t\t\t\t\t<\/div>\n\t\t\t\t<\/div>\n\t\t\t\t<\/div>\n\t\t\t\t\t<\/div>\n\t\t\t\t<\/div>\n\t\t\t\t<\/div>","protected":false},"excerpt":{"rendered":"<p>Og\u00f3lne Warunki Sprzeda\u017cy i Dostaw Plik PDF &#8222;Og\u00f3lne warunki sprzeda\u017cy i dostaw&#8221;, kt\u00f3ry masz do dyspozycji, zawiera szczeg\u00f3\u0142owe informacje kluczowe dla ka\u017cdej transakcji handlowej. Dokument jest nieocenionym \u017ar\u00f3d\u0142em wiedzy na temat r\u00f3\u017cnych aspekt\u00f3w umowy, a jego dok\u0142adne zrozumienie mo\u017ce znacz\u0105co usprawni\u0107 procesy zakupowe i logistyczne. Definicje kluczowych poj\u0119\u0107 w umowie Dokument precyzuje najwa\u017cniejsze terminy u\u017cywane [&hellip;]<\/p>\n","protected":false},"author":7,"featured_media":0,"parent":0,"menu_order":0,"comment_status":"closed","ping_status":"closed","template":"","meta":{"site-sidebar-layout":"no-sidebar","site-content-layout":"","ast-site-content-layout":"full-width-container","site-content-style":"default","site-sidebar-style":"default","ast-global-header-display":"","ast-banner-title-visibility":"","ast-main-header-display":"","ast-hfb-above-header-display":"","ast-hfb-below-header-display":"","ast-hfb-mobile-header-display":"","site-post-title":"disabled","ast-breadcrumbs-content":"","ast-featured-img":"disabled","footer-sml-layout":"","ast-disable-related-posts":"","theme-transparent-header-meta":"","adv-header-id-meta":"","stick-header-meta":"","header-above-stick-meta":"","header-main-stick-meta":"","header-below-stick-meta":"","astra-migrate-meta-layouts":"default","ast-page-background-enabled":"default","ast-page-background-meta":{"desktop":{"background-color":"var(--ast-global-color-4)","background-image":"","background-repeat":"repeat","background-position":"center center","background-size":"auto","background-attachment":"scroll","background-type":"","background-media":"","overlay-type":"","overlay-color":"","overlay-opacity":"","overlay-gradient":""},"tablet":{"background-color":"","background-image":"","background-repeat":"repeat","background-position":"center center","background-size":"auto","background-attachment":"scroll","background-type":"","background-media":"","overlay-type":"","overlay-color":"","overlay-opacity":"","overlay-gradient":""},"mobile":{"background-color":"","background-image":"","background-repeat":"repeat","background-position":"center center","background-size":"auto","background-attachment":"scroll","background-type":"","background-media":"","overlay-type":"","overlay-color":"","overlay-opacity":"","overlay-gradient":""}},"ast-content-background-meta":{"desktop":{"background-color":"var(--ast-global-color-5)","background-image":"","background-repeat":"repeat","background-position":"center center","background-size":"auto","background-attachment":"scroll","background-type":"","background-media":"","overlay-type":"","overlay-color":"","overlay-opacity":"","overlay-gradient":""},"tablet":{"background-color":"var(--ast-global-color-5)","background-image":"","background-repeat":"repeat","background-position":"center center","background-size":"auto","background-attachment":"scroll","background-type":"","background-media":"","overlay-type":"","overlay-color":"","overlay-opacity":"","overlay-gradient":""},"mobile":{"background-color":"var(--ast-global-color-5)","background-image":"","background-repeat":"repeat","background-position":"center center","background-size":"auto","background-attachment":"scroll","background-type":"","background-media":"","overlay-type":"","overlay-color":"","overlay-opacity":"","overlay-gradient":""}},"footnotes":""},"class_list":["post-1802","page","type-page","status-publish","hentry"],"yoast_head":"<!-- This site is optimized with the Yoast SEO Premium plugin v27.2 (Yoast SEO v27.2) - https:\/\/yoast.com\/product\/yoast-seo-premium-wordpress\/ -->\n<title>Og\u00f3lne warunki sprzeda\u017cy i dostaw - Bertrand. Najwy\u017cszej jako\u015bci okna i drzwi. Certyfikowany producent od 1969 roku.<\/title>\n<meta name=\"description\" content=\"Poznaj kluczowe informacje o definicjach, zam\u00f3wieniach, cenach, dostawach, reklamacjach i warunkach umowy. Og\u00f3lne warunki sprzeda\u017cy i dostaw.\" \/>\n<meta name=\"robots\" content=\"index, follow, max-snippet:-1, max-image-preview:large, max-video-preview:-1\" \/>\n<link rel=\"canonical\" href=\"https:\/\/bertrand.pl\/fr\/conditions-generales-de-vente-et-de-livraison\/\" \/>\n<meta property=\"og:locale\" content=\"fr_FR\" \/>\n<meta property=\"og:type\" content=\"article\" \/>\n<meta property=\"og:title\" content=\"Og\u00f3lne warunki sprzeda\u017cy i dostaw\" \/>\n<meta property=\"og:description\" content=\"Poznaj kluczowe informacje o definicjach, zam\u00f3wieniach, cenach, dostawach, reklamacjach i warunkach umowy. Og\u00f3lne warunki sprzeda\u017cy i dostaw.\" \/>\n<meta property=\"og:url\" content=\"https:\/\/bertrand.pl\/fr\/conditions-generales-de-vente-et-de-livraison\/\" \/>\n<meta property=\"og:site_name\" content=\"Bertrand. Najwy\u017cszej jako\u015bci okna i drzwi. Certyfikowany producent od 1969 roku.\" \/>\n<meta property=\"article:publisher\" content=\"https:\/\/www.facebook.com\/bertrandpolska\/\" \/>\n<meta property=\"article:modified_time\" content=\"2024-12-12T07:30:42+00:00\" \/>\n<meta property=\"og:image\" content=\"https:\/\/bertrand.pl\/wp-content\/uploads\/2024\/01\/bertrand-blog.jpg\" \/>\n\t<meta property=\"og:image:width\" content=\"1280\" \/>\n\t<meta property=\"og:image:height\" content=\"720\" \/>\n\t<meta property=\"og:image:type\" content=\"image\/jpeg\" \/>\n<meta name=\"twitter:card\" content=\"summary_large_image\" \/>\n<meta name=\"twitter:label1\" content=\"Dur\u00e9e de lecture estim\u00e9e\" \/>\n\t<meta name=\"twitter:data1\" content=\"2 minutes\" \/>\n<script type=\"application\/ld+json\" class=\"yoast-schema-graph\">{\"@context\":\"https:\/\/schema.org\",\"@graph\":[{\"@type\":\"Article\",\"@id\":\"https:\/\/bertrand.pl\/ogolne-warunki-sprzedazy-i-dostaw\/#article\",\"isPartOf\":{\"@id\":\"https:\/\/bertrand.pl\/ogolne-warunki-sprzedazy-i-dostaw\/\"},\"author\":{\"name\":\"w.wachnik\",\"@id\":\"https:\/\/bertrand.pl\/#\/schema\/person\/767d70e891d700b2e3c19083f31a484c\"},\"headline\":\"Og\u00f3lne warunki sprzeda\u017cy i dostaw\",\"datePublished\":\"2024-01-09T12:00:29+00:00\",\"dateModified\":\"2024-12-12T07:30:42+00:00\",\"mainEntityOfPage\":{\"@id\":\"https:\/\/bertrand.pl\/ogolne-warunki-sprzedazy-i-dostaw\/\"},\"wordCount\":366,\"publisher\":{\"@id\":\"https:\/\/bertrand.pl\/#organization\"},\"inLanguage\":\"fr-FR\"},{\"@type\":\"WebPage\",\"@id\":\"https:\/\/bertrand.pl\/ogolne-warunki-sprzedazy-i-dostaw\/\",\"url\":\"https:\/\/bertrand.pl\/ogolne-warunki-sprzedazy-i-dostaw\/\",\"name\":\"Og\u00f3lne warunki sprzeda\u017cy i dostaw - Bertrand. Najwy\u017cszej jako\u015bci okna i drzwi. Certyfikowany producent od 1969 roku.\",\"isPartOf\":{\"@id\":\"https:\/\/bertrand.pl\/#website\"},\"datePublished\":\"2024-01-09T12:00:29+00:00\",\"dateModified\":\"2024-12-12T07:30:42+00:00\",\"description\":\"Poznaj kluczowe informacje o definicjach, zam\u00f3wieniach, cenach, dostawach, reklamacjach i warunkach umowy. Og\u00f3lne warunki sprzeda\u017cy i dostaw.\",\"breadcrumb\":{\"@id\":\"https:\/\/bertrand.pl\/ogolne-warunki-sprzedazy-i-dostaw\/#breadcrumb\"},\"inLanguage\":\"fr-FR\",\"potentialAction\":[{\"@type\":\"ReadAction\",\"target\":[\"https:\/\/bertrand.pl\/ogolne-warunki-sprzedazy-i-dostaw\/\"]}]},{\"@type\":\"BreadcrumbList\",\"@id\":\"https:\/\/bertrand.pl\/ogolne-warunki-sprzedazy-i-dostaw\/#breadcrumb\",\"itemListElement\":[{\"@type\":\"ListItem\",\"position\":1,\"name\":\"Strona g\u0142\u00f3wna\",\"item\":\"https:\/\/bertrand.pl\/\"},{\"@type\":\"ListItem\",\"position\":2,\"name\":\"Og\u00f3lne warunki sprzeda\u017cy i dostaw\"}]},{\"@type\":\"WebSite\",\"@id\":\"https:\/\/bertrand.pl\/#website\",\"url\":\"https:\/\/bertrand.pl\/\",\"name\":\"Bertrand.pl\",\"description\":\"Firma Bertrand to certyfikowany i uznany producent najwy\u017cszej jako\u015bci okien z PVC, z drewna lub aluminium. Produkcja drzwi, rolet i bram gara\u017cowych.\",\"publisher\":{\"@id\":\"https:\/\/bertrand.pl\/#organization\"},\"potentialAction\":[{\"@type\":\"SearchAction\",\"target\":{\"@type\":\"EntryPoint\",\"urlTemplate\":\"https:\/\/bertrand.pl\/?s={search_term_string}\"},\"query-input\":{\"@type\":\"PropertyValueSpecification\",\"valueRequired\":true,\"valueName\":\"search_term_string\"}}],\"inLanguage\":\"fr-FR\"},{\"@type\":\"Organization\",\"@id\":\"https:\/\/bertrand.pl\/#organization\",\"name\":\"Bertrand.pl\",\"url\":\"https:\/\/bertrand.pl\/\",\"logo\":{\"@type\":\"ImageObject\",\"inLanguage\":\"fr-FR\",\"@id\":\"https:\/\/bertrand.pl\/#\/schema\/logo\/image\/\",\"url\":\"https:\/\/bertrand.pl\/wp-content\/uploads\/2024\/12\/logo_BB_TM_PL_black.png\",\"contentUrl\":\"https:\/\/bertrand.pl\/wp-content\/uploads\/2024\/12\/logo_BB_TM_PL_black.png\",\"width\":1831,\"height\":1831,\"caption\":\"Bertrand.pl\"},\"image\":{\"@id\":\"https:\/\/bertrand.pl\/#\/schema\/logo\/image\/\"},\"sameAs\":[\"https:\/\/www.facebook.com\/bertrandpolska\/\",\"https:\/\/www.instagram.com\/bertrand_okna_i_drzwi\/\",\"https:\/\/www.linkedin.com\/company\/bertrand\/\",\"https:\/\/www.tiktok.com\/@bertrand_okna_drzwi\"]},{\"@type\":\"Person\",\"@id\":\"https:\/\/bertrand.pl\/#\/schema\/person\/767d70e891d700b2e3c19083f31a484c\",\"name\":\"w.wachnik\"}]}<\/script>\n<!-- \/ Yoast SEO Premium plugin. -->","yoast_head_json":{"title":"Og\u00f3lne warunki sprzeda\u017cy i dostaw - Bertrand. Najwy\u017cszej jako\u015bci okna i drzwi. Certyfikowany producent od 1969 roku.","description":"D\u00e9couvrez les informations cl\u00e9s sur les d\u00e9finitions, les commandes, les prix, les livraisons, les r\u00e9clamations et les conditions contractuelles. Conditions g\u00e9n\u00e9rales de vente et de livraison.","robots":{"index":"index","follow":"follow","max-snippet":"max-snippet:-1","max-image-preview":"max-image-preview:large","max-video-preview":"max-video-preview:-1"},"canonical":"https:\/\/bertrand.pl\/fr\/conditions-generales-de-vente-et-de-livraison\/","og_locale":"fr_FR","og_type":"article","og_title":"Og\u00f3lne warunki sprzeda\u017cy i dostaw","og_description":"Poznaj kluczowe informacje o definicjach, zam\u00f3wieniach, cenach, dostawach, reklamacjach i warunkach umowy. Og\u00f3lne warunki sprzeda\u017cy i dostaw.","og_url":"https:\/\/bertrand.pl\/fr\/conditions-generales-de-vente-et-de-livraison\/","og_site_name":"Bertrand. Najwy\u017cszej jako\u015bci okna i drzwi. Certyfikowany producent od 1969 roku.","article_publisher":"https:\/\/www.facebook.com\/bertrandpolska\/","article_modified_time":"2024-12-12T07:30:42+00:00","og_image":[{"width":1280,"height":720,"url":"https:\/\/bertrand.pl\/wp-content\/uploads\/2024\/01\/bertrand-blog.jpg","type":"image\/jpeg"}],"twitter_card":"summary_large_image","twitter_misc":{"Dur\u00e9e de lecture estim\u00e9e":"2 minutes"},"schema":{"@context":"https:\/\/schema.org","@graph":[{"@type":"Article","@id":"https:\/\/bertrand.pl\/ogolne-warunki-sprzedazy-i-dostaw\/#article","isPartOf":{"@id":"https:\/\/bertrand.pl\/ogolne-warunki-sprzedazy-i-dostaw\/"},"author":{"name":"w.wachnik","@id":"https:\/\/bertrand.pl\/#\/schema\/person\/767d70e891d700b2e3c19083f31a484c"},"headline":"Og\u00f3lne warunki sprzeda\u017cy i dostaw","datePublished":"2024-01-09T12:00:29+00:00","dateModified":"2024-12-12T07:30:42+00:00","mainEntityOfPage":{"@id":"https:\/\/bertrand.pl\/ogolne-warunki-sprzedazy-i-dostaw\/"},"wordCount":366,"publisher":{"@id":"https:\/\/bertrand.pl\/#organization"},"inLanguage":"fr-FR"},{"@type":"WebPage","@id":"https:\/\/bertrand.pl\/ogolne-warunki-sprzedazy-i-dostaw\/","url":"https:\/\/bertrand.pl\/ogolne-warunki-sprzedazy-i-dostaw\/","name":"Og\u00f3lne warunki sprzeda\u017cy i dostaw - Bertrand. Najwy\u017cszej jako\u015bci okna i drzwi. Certyfikowany producent od 1969 roku.","isPartOf":{"@id":"https:\/\/bertrand.pl\/#website"},"datePublished":"2024-01-09T12:00:29+00:00","dateModified":"2024-12-12T07:30:42+00:00","description":"D\u00e9couvrez les informations cl\u00e9s sur les d\u00e9finitions, les commandes, les prix, les livraisons, les r\u00e9clamations et les conditions contractuelles. Conditions g\u00e9n\u00e9rales de vente et de livraison.","breadcrumb":{"@id":"https:\/\/bertrand.pl\/ogolne-warunki-sprzedazy-i-dostaw\/#breadcrumb"},"inLanguage":"fr-FR","potentialAction":[{"@type":"ReadAction","target":["https:\/\/bertrand.pl\/ogolne-warunki-sprzedazy-i-dostaw\/"]}]},{"@type":"BreadcrumbList","@id":"https:\/\/bertrand.pl\/ogolne-warunki-sprzedazy-i-dostaw\/#breadcrumb","itemListElement":[{"@type":"ListItem","position":1,"name":"Strona g\u0142\u00f3wna","item":"https:\/\/bertrand.pl\/"},{"@type":"ListItem","position":2,"name":"Og\u00f3lne warunki sprzeda\u017cy i dostaw"}]},{"@type":"WebSite","@id":"https:\/\/bertrand.pl\/#website","url":"https:\/\/bertrand.pl\/","name":"Bertrand.pl","description":"Firma Bertrand to certyfikowany i uznany producent najwy\u017cszej jako\u015bci okien z PVC, z drewna lub aluminium. Produkcja drzwi, rolet i bram gara\u017cowych.","publisher":{"@id":"https:\/\/bertrand.pl\/#organization"},"potentialAction":[{"@type":"SearchAction","target":{"@type":"EntryPoint","urlTemplate":"https:\/\/bertrand.pl\/?s={search_term_string}"},"query-input":{"@type":"PropertyValueSpecification","valueRequired":true,"valueName":"search_term_string"}}],"inLanguage":"fr-FR"},{"@type":"Organization","@id":"https:\/\/bertrand.pl\/#organization","name":"Bertrand.pl","url":"https:\/\/bertrand.pl\/","logo":{"@type":"ImageObject","inLanguage":"fr-FR","@id":"https:\/\/bertrand.pl\/#\/schema\/logo\/image\/","url":"https:\/\/bertrand.pl\/wp-content\/uploads\/2024\/12\/logo_BB_TM_PL_black.png","contentUrl":"https:\/\/bertrand.pl\/wp-content\/uploads\/2024\/12\/logo_BB_TM_PL_black.png","width":1831,"height":1831,"caption":"Bertrand.pl"},"image":{"@id":"https:\/\/bertrand.pl\/#\/schema\/logo\/image\/"},"sameAs":["https:\/\/www.facebook.com\/bertrandpolska\/","https:\/\/www.instagram.com\/bertrand_okna_i_drzwi\/","https:\/\/www.linkedin.com\/company\/bertrand\/","https:\/\/www.tiktok.com\/@bertrand_okna_drzwi"]},{"@type":"Person","@id":"https:\/\/bertrand.pl\/#\/schema\/person\/767d70e891d700b2e3c19083f31a484c","name":"w.achnik"}]}},"_links":{"self":[{"href":"https:\/\/bertrand.pl\/fr\/wp-json\/wp\/v2\/pages\/1802","targetHints":{"allow":["GET"]}}],"collection":[{"href":"https:\/\/bertrand.pl\/fr\/wp-json\/wp\/v2\/pages"}],"about":[{"href":"https:\/\/bertrand.pl\/fr\/wp-json\/wp\/v2\/types\/page"}],"author":[{"embeddable":true,"href":"https:\/\/bertrand.pl\/fr\/wp-json\/wp\/v2\/users\/7"}],"replies":[{"embeddable":true,"href":"https:\/\/bertrand.pl\/fr\/wp-json\/wp\/v2\/comments?post=1802"}],"version-history":[{"count":6,"href":"https:\/\/bertrand.pl\/fr\/wp-json\/wp\/v2\/pages\/1802\/revisions"}],"predecessor-version":[{"id":5574,"href":"https:\/\/bertrand.pl\/fr\/wp-json\/wp\/v2\/pages\/1802\/revisions\/5574"}],"wp:attachment":[{"href":"https:\/\/bertrand.pl\/fr\/wp-json\/wp\/v2\/media?parent=1802"}],"curies":[{"name":"wp","href":"https:\/\/api.w.org\/{rel}","templated":true}]}}