{"id":414,"date":"2023-11-16T14:23:16","date_gmt":"2023-11-16T13:23:16","guid":{"rendered":"https:\/\/bertrand.pl\/newsletter\/"},"modified":"2024-12-16T09:55:33","modified_gmt":"2024-12-16T08:55:33","slug":"bulletin","status":"publish","type":"page","link":"https:\/\/bertrand.pl\/fr\/newsletter\/","title":{"rendered":"Bulletin"},"content":{"rendered":"\t\t<div data-elementor-type=\"wp-page\" data-elementor-id=\"414\" class=\"elementor elementor-414\" data-elementor-post-type=\"page\">\n\t\t\t\t<div class=\"elementor-element elementor-element-1100785c e-flex e-con-boxed e-con e-parent\" data-id=\"1100785c\" data-element_type=\"container\" data-e-type=\"container\">\n\t\t\t\t\t<div class=\"e-con-inner\">\n\t\t\t\t<div class=\"elementor-element elementor-element-2ab797f elementor-widget elementor-widget-heading\" data-id=\"2ab797f\" data-element_type=\"widget\" data-e-type=\"widget\" data-widget_type=\"heading.default\">\n\t\t\t\t<div class=\"elementor-widget-container\">\n\t\t\t\t\t<h1 class=\"elementor-heading-title elementor-size-default\">Newsletter<\/h1>\t\t\t\t<\/div>\n\t\t\t\t<\/div>\n\t\t\t\t<div class=\"elementor-element elementor-element-fd5714d elementor-widget elementor-widget-text-editor\" data-id=\"fd5714d\" data-element_type=\"widget\" data-e-type=\"widget\" data-widget_type=\"text-editor.default\">\n\t\t\t\t<div class=\"elementor-widget-container\">\n\t\t\t\t\t\t\t\t\t<p>Zapisz si\u0119 na nasz <strong>newsletter<\/strong> i b\u0105d\u017a na bie\u017c\u0105co z informacjami z \u017cycia <strong><a href=\"https:\/\/bertrand.pl\/kontakt\">naszej firmy<\/a><\/strong>.\u00a0<span style=\"font-style: inherit; font-weight: inherit; text-align: var(--text-align); background-color: var(--ast-global-color-5);\">Dzi\u0119ki temu rozwi\u0105zaniu mo\u017cesz regularnie otrzymywa\u0107 wiadomo\u015bci dotycz\u0105ce naszych produkt\u00f3w, kt\u00f3re wyr\u00f3\u017cniaj\u0105 si\u0119 innowacyjno\u015bci\u0105 oraz wyj\u0105tkow\u0105 jako\u015bci\u0105. Co wi\u0119cej, zapisanie si\u0119 pozwoli Ci \u015bledzi\u0107 najwa\u017cniejsze trendy w bran\u017cy budowlanej, kt\u00f3re s\u0105 istotne zar\u00f3wno dla profesjonalist\u00f3w, jak i klient\u00f3w indywidualnych.<\/span><\/p><p>Naszym celem jest nie tylko dostarczanie najlepszych produkt\u00f3w, ale tak\u017ce dzielenie si\u0119 wiedz\u0105 i inspiracjami, kt\u00f3re pomagaj\u0105 w podejmowaniu trafnych decyzji. W newsletterze znajdziesz nie tylko informacje o premierach nowych rozwi\u0105za\u0144, ale r\u00f3wnie\u017c zobaczysz nasze produkty w akcji, zamontowane w gotowych realizacjach. Ponadto, regularnie przesy\u0142amy wskaz\u00f3wki techniczne i porady, dzi\u0119ki kt\u00f3rym Twoja praca stanie si\u0119 \u0142atwiejsza i bardziej efektywna.<\/p><p>Zapisuj\u0105c si\u0119 na nasz <strong>newsletter<\/strong>, zyskujesz r\u00f3wnie\u017c dost\u0119p do wyj\u0105tkowych ofert specjalnych, kt\u00f3re s\u0105 dost\u0119pne wy\u0142\u0105cznie dla naszych subskrybent\u00f3w. Poniewa\u017c cenimy naszych klient\u00f3w, udost\u0119pniamy im inne materia\u0142y, takie jak szczeg\u00f3\u0142owe opisy produkt\u00f3w, inspiruj\u0105ce studia przypadk\u00f3w czy przewodniki projektowe. Wszystko to otrzymasz wygodnie na swoj\u0105 skrzynk\u0119 mailow\u0105, aby\u015b zawsze mia\u0142 dost\u0119p do kluczowych informacji.<\/p><p>Nie zwlekaj z zapisaniem si\u0119 do <strong>newslettera<\/strong>. Warto zauwa\u017cy\u0107, \u017ce subskrypcja jest ca\u0142kowicie bezp\u0142atna i \u0142atwa w aktywacji. Do\u0142\u0105cz do grona naszych subskrybent\u00f3w ju\u017c dzi\u015b, aby by\u0107 cz\u0119\u015bci\u0105 spo\u0142eczno\u015bci, kt\u00f3ra ceni innowacyjno\u015b\u0107 i doskona\u0142o\u015b\u0107. Dzi\u0119ki temu Twoje projekty b\u0119d\u0105 jeszcze bardziej dopracowane, a wsp\u00f3\u0142praca z firm\u0105 <strong>Bertrand<\/strong> stanie si\u0119 jeszcze bardziej satysfakcjonuj\u0105ca.<\/p>\t\t\t\t\t\t\t\t<\/div>\n\t\t\t\t<\/div>\n\t\t\t\t<div class=\"elementor-element elementor-element-77f1515 elementor-widget elementor-widget-text-editor\" data-id=\"77f1515\" data-element_type=\"widget\" data-e-type=\"widget\" data-widget_type=\"text-editor.default\">\n\t\t\t\t<div class=\"elementor-widget-container\">\n\t\t\t\t\t\t\t\t\t<p>[newsletter]<\/p>\t\t\t\t\t\t\t\t<\/div>\n\t\t\t\t<\/div>\n\t\t\t\t<div class=\"elementor-element elementor-element-5a0683b elementor-widget elementor-widget-text-editor\" data-id=\"5a0683b\" data-element_type=\"widget\" data-e-type=\"widget\" data-widget_type=\"text-editor.default\">\n\t\t\t\t<div class=\"elementor-widget-container\">\n\t\t\t\t\t\t\t\t\t<p><a href=\"https:\/\/www.youtube.com\/@bertrandpolska\/videos\">Sprawd\u017a wi\u0119cej<\/a><\/p>\t\t\t\t\t\t\t\t<\/div>\n\t\t\t\t<\/div>\n\t\t\t\t<div class=\"elementor-element elementor-element-6c05fc4 elementor-widget elementor-widget-image\" data-id=\"6c05fc4\" data-element_type=\"widget\" data-e-type=\"widget\" data-widget_type=\"image.default\">\n\t\t\t\t<div class=\"elementor-widget-container\">\n\t\t\t\t\t\t\t\t\t\t\t\t\t\t\t<img fetchpriority=\"high\" decoding=\"async\" width=\"1320\" height=\"1320\" src=\"https:\/\/bertrand.pl\/wp-content\/uploads\/2024\/12\/3675555-1360x1360.jpg\" class=\"attachment-large size-large wp-image-5712\" alt=\"newsletter\" srcset=\"https:\/\/bertrand.pl\/wp-content\/uploads\/2024\/12\/3675555-1360x1360.jpg 1360w, https:\/\/bertrand.pl\/wp-content\/uploads\/2024\/12\/3675555-420x420.jpg 420w, https:\/\/bertrand.pl\/wp-content\/uploads\/2024\/12\/3675555-768x768.jpg 768w, https:\/\/bertrand.pl\/wp-content\/uploads\/2024\/12\/3675555-1536x1536.jpg 1536w, https:\/\/bertrand.pl\/wp-content\/uploads\/2024\/12\/3675555-12x12.jpg 12w, https:\/\/bertrand.pl\/wp-content\/uploads\/2024\/12\/3675555-300x300.jpg 300w, https:\/\/bertrand.pl\/wp-content\/uploads\/2024\/12\/3675555-600x600.jpg 600w, https:\/\/bertrand.pl\/wp-content\/uploads\/2024\/12\/3675555-100x100.jpg 100w, https:\/\/bertrand.pl\/wp-content\/uploads\/2024\/12\/3675555.jpg 2000w\" sizes=\"(max-width: 1320px) 100vw, 1320px\" \/>\t\t\t\t\t\t\t\t\t\t\t\t\t\t\t<\/div>\n\t\t\t\t<\/div>\n\t\t\t\t\t<\/div>\n\t\t\t\t<\/div>\n\t\t\t\t<\/div>\n\t\t","protected":false},"excerpt":{"rendered":"<p>Newsletter Zapisz si\u0119 na nasz newsletter i b\u0105d\u017a na bie\u017c\u0105co z informacjami z \u017cycia naszej firmy.\u00a0Dzi\u0119ki temu rozwi\u0105zaniu mo\u017cesz regularnie otrzymywa\u0107 wiadomo\u015bci dotycz\u0105ce naszych produkt\u00f3w, kt\u00f3re wyr\u00f3\u017cniaj\u0105 si\u0119 innowacyjno\u015bci\u0105 oraz wyj\u0105tkow\u0105 jako\u015bci\u0105. Co wi\u0119cej, zapisanie si\u0119 pozwoli Ci \u015bledzi\u0107 najwa\u017cniejsze trendy w bran\u017cy budowlanej, kt\u00f3re s\u0105 istotne zar\u00f3wno dla profesjonalist\u00f3w, jak i klient\u00f3w indywidualnych. Naszym [&hellip;]<\/p>\n","protected":false},"author":7,"featured_media":0,"parent":0,"menu_order":0,"comment_status":"closed","ping_status":"closed","template":"","meta":{"site-sidebar-layout":"default","site-content-layout":"","ast-site-content-layout":"default","site-content-style":"default","site-sidebar-style":"default","ast-global-header-display":"","ast-banner-title-visibility":"","ast-main-header-display":"","ast-hfb-above-header-display":"","ast-hfb-below-header-display":"","ast-hfb-mobile-header-display":"","site-post-title":"","ast-breadcrumbs-content":"","ast-featured-img":"","footer-sml-layout":"","ast-disable-related-posts":"","theme-transparent-header-meta":"","adv-header-id-meta":"","stick-header-meta":"","header-above-stick-meta":"","header-main-stick-meta":"","header-below-stick-meta":"","astra-migrate-meta-layouts":"default","ast-page-background-enabled":"default","ast-page-background-meta":{"desktop":{"background-color":"var(--ast-global-color-4)","background-image":"","background-repeat":"repeat","background-position":"center center","background-size":"auto","background-attachment":"scroll","background-type":"","background-media":"","overlay-type":"","overlay-color":"","overlay-opacity":"","overlay-gradient":""},"tablet":{"background-color":"","background-image":"","background-repeat":"repeat","background-position":"center center","background-size":"auto","background-attachment":"scroll","background-type":"","background-media":"","overlay-type":"","overlay-color":"","overlay-opacity":"","overlay-gradient":""},"mobile":{"background-color":"","background-image":"","background-repeat":"repeat","background-position":"center center","background-size":"auto","background-attachment":"scroll","background-type":"","background-media":"","overlay-type":"","overlay-color":"","overlay-opacity":"","overlay-gradient":""}},"ast-content-background-meta":{"desktop":{"background-color":"var(--ast-global-color-5)","background-image":"","background-repeat":"repeat","background-position":"center center","background-size":"auto","background-attachment":"scroll","background-type":"","background-media":"","overlay-type":"","overlay-color":"","overlay-opacity":"","overlay-gradient":""},"tablet":{"background-color":"var(--ast-global-color-5)","background-image":"","background-repeat":"repeat","background-position":"center center","background-size":"auto","background-attachment":"scroll","background-type":"","background-media":"","overlay-type":"","overlay-color":"","overlay-opacity":"","overlay-gradient":""},"mobile":{"background-color":"var(--ast-global-color-5)","background-image":"","background-repeat":"repeat","background-position":"center center","background-size":"auto","background-attachment":"scroll","background-type":"","background-media":"","overlay-type":"","overlay-color":"","overlay-opacity":"","overlay-gradient":""}},"footnotes":""},"class_list":["post-414","page","type-page","status-publish","hentry"],"yoast_head":"<!-- This site is optimized with the Yoast SEO Premium plugin v27.2 (Yoast SEO v27.2) - https:\/\/yoast.com\/product\/yoast-seo-premium-wordpress\/ -->\n<title>Newsletter - Bertrand. Najwy\u017cszej jako\u015bci okna i drzwi. Certyfikowany producent od 1969 roku.<\/title>\n<meta name=\"description\" content=\"Chcesz wiedzie\u0107 wi\u0119cej na temat naszych produkt\u00f3w, nowo\u015bci lub rabat\u00f3w? Zapisz si\u0119 na nasz newsletter, by by\u0107 na bie\u017c\u0105co!\" \/>\n<meta name=\"robots\" content=\"index, follow, max-snippet:-1, max-image-preview:large, max-video-preview:-1\" \/>\n<link rel=\"canonical\" href=\"https:\/\/bertrand.pl\/fr\/bulletin\/\" \/>\n<meta property=\"og:locale\" content=\"fr_FR\" \/>\n<meta property=\"og:type\" content=\"article\" \/>\n<meta property=\"og:title\" content=\"Newsletter\" \/>\n<meta property=\"og:description\" content=\"Chcesz wiedzie\u0107 wi\u0119cej na temat naszych produkt\u00f3w, nowo\u015bci lub rabat\u00f3w? Zapisz si\u0119 na nasz newsletter, by by\u0107 na bie\u017c\u0105co!\" \/>\n<meta property=\"og:url\" content=\"https:\/\/bertrand.pl\/fr\/bulletin\/\" \/>\n<meta property=\"og:site_name\" content=\"Bertrand. Najwy\u017cszej jako\u015bci okna i drzwi. Certyfikowany producent od 1969 roku.\" \/>\n<meta property=\"article:publisher\" content=\"https:\/\/www.facebook.com\/bertrandpolska\/\" \/>\n<meta property=\"article:modified_time\" content=\"2024-12-16T08:55:33+00:00\" \/>\n<meta property=\"og:image\" content=\"https:\/\/bertrand.pl\/wp-content\/uploads\/2024\/12\/3675555-1360x1360.jpg\" \/>\n<meta name=\"twitter:card\" content=\"summary_large_image\" \/>\n<meta name=\"twitter:label1\" content=\"Dur\u00e9e de lecture estim\u00e9e\" \/>\n\t<meta name=\"twitter:data1\" content=\"2 minutes\" \/>\n<script type=\"application\/ld+json\" class=\"yoast-schema-graph\">{\"@context\":\"https:\/\/schema.org\",\"@graph\":[{\"@type\":\"Article\",\"@id\":\"https:\/\/bertrand.pl\/newsletter\/#article\",\"isPartOf\":{\"@id\":\"https:\/\/bertrand.pl\/newsletter\/\"},\"author\":{\"name\":\"w.wachnik\",\"@id\":\"https:\/\/bertrand.pl\/#\/schema\/person\/767d70e891d700b2e3c19083f31a484c\"},\"headline\":\"Newsletter\",\"datePublished\":\"2023-11-16T13:23:16+00:00\",\"dateModified\":\"2024-12-16T08:55:33+00:00\",\"mainEntityOfPage\":{\"@id\":\"https:\/\/bertrand.pl\/newsletter\/\"},\"wordCount\":283,\"publisher\":{\"@id\":\"https:\/\/bertrand.pl\/#organization\"},\"image\":{\"@id\":\"https:\/\/bertrand.pl\/newsletter\/#primaryimage\"},\"thumbnailUrl\":\"https:\/\/bertrand.pl\/wp-content\/uploads\/2024\/12\/3675555-1360x1360.jpg\",\"inLanguage\":\"fr-FR\"},{\"@type\":\"WebPage\",\"@id\":\"https:\/\/bertrand.pl\/newsletter\/\",\"url\":\"https:\/\/bertrand.pl\/newsletter\/\",\"name\":\"Newsletter - Bertrand. Najwy\u017cszej jako\u015bci okna i drzwi. Certyfikowany producent od 1969 roku.\",\"isPartOf\":{\"@id\":\"https:\/\/bertrand.pl\/#website\"},\"primaryImageOfPage\":{\"@id\":\"https:\/\/bertrand.pl\/newsletter\/#primaryimage\"},\"image\":{\"@id\":\"https:\/\/bertrand.pl\/newsletter\/#primaryimage\"},\"thumbnailUrl\":\"https:\/\/bertrand.pl\/wp-content\/uploads\/2024\/12\/3675555-1360x1360.jpg\",\"datePublished\":\"2023-11-16T13:23:16+00:00\",\"dateModified\":\"2024-12-16T08:55:33+00:00\",\"description\":\"Chcesz wiedzie\u0107 wi\u0119cej na temat naszych produkt\u00f3w, nowo\u015bci lub rabat\u00f3w? Zapisz si\u0119 na nasz newsletter, by by\u0107 na bie\u017c\u0105co!\",\"breadcrumb\":{\"@id\":\"https:\/\/bertrand.pl\/newsletter\/#breadcrumb\"},\"inLanguage\":\"fr-FR\",\"potentialAction\":[{\"@type\":\"ReadAction\",\"target\":[\"https:\/\/bertrand.pl\/newsletter\/\"]}]},{\"@type\":\"ImageObject\",\"inLanguage\":\"fr-FR\",\"@id\":\"https:\/\/bertrand.pl\/newsletter\/#primaryimage\",\"url\":\"https:\/\/bertrand.pl\/wp-content\/uploads\/2024\/12\/3675555-1360x1360.jpg\",\"contentUrl\":\"https:\/\/bertrand.pl\/wp-content\/uploads\/2024\/12\/3675555-1360x1360.jpg\"},{\"@type\":\"BreadcrumbList\",\"@id\":\"https:\/\/bertrand.pl\/newsletter\/#breadcrumb\",\"itemListElement\":[{\"@type\":\"ListItem\",\"position\":1,\"name\":\"Strona g\u0142\u00f3wna\",\"item\":\"https:\/\/bertrand.pl\/\"},{\"@type\":\"ListItem\",\"position\":2,\"name\":\"Newsletter\"}]},{\"@type\":\"WebSite\",\"@id\":\"https:\/\/bertrand.pl\/#website\",\"url\":\"https:\/\/bertrand.pl\/\",\"name\":\"Bertrand.pl\",\"description\":\"Firma Bertrand to certyfikowany i uznany producent najwy\u017cszej jako\u015bci okien z PVC, z drewna lub aluminium. Produkcja drzwi, rolet i bram gara\u017cowych.\",\"publisher\":{\"@id\":\"https:\/\/bertrand.pl\/#organization\"},\"potentialAction\":[{\"@type\":\"SearchAction\",\"target\":{\"@type\":\"EntryPoint\",\"urlTemplate\":\"https:\/\/bertrand.pl\/?s={search_term_string}\"},\"query-input\":{\"@type\":\"PropertyValueSpecification\",\"valueRequired\":true,\"valueName\":\"search_term_string\"}}],\"inLanguage\":\"fr-FR\"},{\"@type\":\"Organization\",\"@id\":\"https:\/\/bertrand.pl\/#organization\",\"name\":\"Bertrand.pl\",\"url\":\"https:\/\/bertrand.pl\/\",\"logo\":{\"@type\":\"ImageObject\",\"inLanguage\":\"fr-FR\",\"@id\":\"https:\/\/bertrand.pl\/#\/schema\/logo\/image\/\",\"url\":\"https:\/\/bertrand.pl\/wp-content\/uploads\/2024\/12\/logo_BB_TM_PL_black.png\",\"contentUrl\":\"https:\/\/bertrand.pl\/wp-content\/uploads\/2024\/12\/logo_BB_TM_PL_black.png\",\"width\":1831,\"height\":1831,\"caption\":\"Bertrand.pl\"},\"image\":{\"@id\":\"https:\/\/bertrand.pl\/#\/schema\/logo\/image\/\"},\"sameAs\":[\"https:\/\/www.facebook.com\/bertrandpolska\/\",\"https:\/\/www.instagram.com\/bertrand_okna_i_drzwi\/\",\"https:\/\/www.linkedin.com\/company\/bertrand\/\",\"https:\/\/www.tiktok.com\/@bertrand_okna_drzwi\"]},{\"@type\":\"Person\",\"@id\":\"https:\/\/bertrand.pl\/#\/schema\/person\/767d70e891d700b2e3c19083f31a484c\",\"name\":\"w.wachnik\"}]}<\/script>\n<!-- \/ Yoast SEO Premium plugin. -->","yoast_head_json":{"title":"Newsletter - Bertrand. Najwy\u017cszej jako\u015bci okna i drzwi. Certyfikowany producent od 1969 roku.","description":"Chcesz wiedzie\u0107 wi\u0119cej na temat naszych produkt\u00f3w, nowo\u015bci lub rabat\u00f3w? Zapisz si\u0119 na nasz newsletter, by by\u0107 na bie\u017c\u0105co!","robots":{"index":"index","follow":"follow","max-snippet":"max-snippet:-1","max-image-preview":"max-image-preview:large","max-video-preview":"max-video-preview:-1"},"canonical":"https:\/\/bertrand.pl\/fr\/bulletin\/","og_locale":"fr_FR","og_type":"article","og_title":"Newsletter","og_description":"Chcesz wiedzie\u0107 wi\u0119cej na temat naszych produkt\u00f3w, nowo\u015bci lub rabat\u00f3w? Zapisz si\u0119 na nasz newsletter, by by\u0107 na bie\u017c\u0105co!","og_url":"https:\/\/bertrand.pl\/fr\/bulletin\/","og_site_name":"Bertrand. Najwy\u017cszej jako\u015bci okna i drzwi. Certyfikowany producent od 1969 roku.","article_publisher":"https:\/\/www.facebook.com\/bertrandpolska\/","article_modified_time":"2024-12-16T08:55:33+00:00","og_image":[{"url":"https:\/\/bertrand.pl\/wp-content\/uploads\/2024\/12\/3675555-1360x1360.jpg","type":"","width":"","height":""}],"twitter_card":"summary_large_image","twitter_misc":{"Dur\u00e9e de lecture estim\u00e9e":"2 minutes"},"schema":{"@context":"https:\/\/schema.org","@graph":[{"@type":"Article","@id":"https:\/\/bertrand.pl\/newsletter\/#article","isPartOf":{"@id":"https:\/\/bertrand.pl\/newsletter\/"},"author":{"name":"w.wachnik","@id":"https:\/\/bertrand.pl\/#\/schema\/person\/767d70e891d700b2e3c19083f31a484c"},"headline":"Newsletter","datePublished":"2023-11-16T13:23:16+00:00","dateModified":"2024-12-16T08:55:33+00:00","mainEntityOfPage":{"@id":"https:\/\/bertrand.pl\/newsletter\/"},"wordCount":283,"publisher":{"@id":"https:\/\/bertrand.pl\/#organization"},"image":{"@id":"https:\/\/bertrand.pl\/newsletter\/#primaryimage"},"thumbnailUrl":"https:\/\/bertrand.pl\/wp-content\/uploads\/2024\/12\/3675555-1360x1360.jpg","inLanguage":"fr-FR"},{"@type":"WebPage","@id":"https:\/\/bertrand.pl\/newsletter\/","url":"https:\/\/bertrand.pl\/newsletter\/","name":"Newsletter - Bertrand. Najwy\u017cszej jako\u015bci okna i drzwi. Certyfikowany producent od 1969 roku.","isPartOf":{"@id":"https:\/\/bertrand.pl\/#website"},"primaryImageOfPage":{"@id":"https:\/\/bertrand.pl\/newsletter\/#primaryimage"},"image":{"@id":"https:\/\/bertrand.pl\/newsletter\/#primaryimage"},"thumbnailUrl":"https:\/\/bertrand.pl\/wp-content\/uploads\/2024\/12\/3675555-1360x1360.jpg","datePublished":"2023-11-16T13:23:16+00:00","dateModified":"2024-12-16T08:55:33+00:00","description":"Chcesz wiedzie\u0107 wi\u0119cej na temat naszych produkt\u00f3w, nowo\u015bci lub rabat\u00f3w? Zapisz si\u0119 na nasz newsletter, by by\u0107 na bie\u017c\u0105co!","breadcrumb":{"@id":"https:\/\/bertrand.pl\/newsletter\/#breadcrumb"},"inLanguage":"fr-FR","potentialAction":[{"@type":"ReadAction","target":["https:\/\/bertrand.pl\/newsletter\/"]}]},{"@type":"ImageObject","inLanguage":"fr-FR","@id":"https:\/\/bertrand.pl\/newsletter\/#primaryimage","url":"https:\/\/bertrand.pl\/wp-content\/uploads\/2024\/12\/3675555-1360x1360.jpg","contentUrl":"https:\/\/bertrand.pl\/wp-content\/uploads\/2024\/12\/3675555-1360x1360.jpg"},{"@type":"BreadcrumbList","@id":"https:\/\/bertrand.pl\/newsletter\/#breadcrumb","itemListElement":[{"@type":"ListItem","position":1,"name":"Strona g\u0142\u00f3wna","item":"https:\/\/bertrand.pl\/"},{"@type":"ListItem","position":2,"name":"Newsletter"}]},{"@type":"WebSite","@id":"https:\/\/bertrand.pl\/#website","url":"https:\/\/bertrand.pl\/","name":"Bertrand.pl","description":"Firma Bertrand to certyfikowany i uznany producent najwy\u017cszej jako\u015bci okien z PVC, z drewna lub aluminium. Produkcja drzwi, rolet i bram gara\u017cowych.","publisher":{"@id":"https:\/\/bertrand.pl\/#organization"},"potentialAction":[{"@type":"SearchAction","target":{"@type":"EntryPoint","urlTemplate":"https:\/\/bertrand.pl\/?s={search_term_string}"},"query-input":{"@type":"PropertyValueSpecification","valueRequired":true,"valueName":"search_term_string"}}],"inLanguage":"fr-FR"},{"@type":"Organization","@id":"https:\/\/bertrand.pl\/#organization","name":"Bertrand.pl","url":"https:\/\/bertrand.pl\/","logo":{"@type":"ImageObject","inLanguage":"fr-FR","@id":"https:\/\/bertrand.pl\/#\/schema\/logo\/image\/","url":"https:\/\/bertrand.pl\/wp-content\/uploads\/2024\/12\/logo_BB_TM_PL_black.png","contentUrl":"https:\/\/bertrand.pl\/wp-content\/uploads\/2024\/12\/logo_BB_TM_PL_black.png","width":1831,"height":1831,"caption":"Bertrand.pl"},"image":{"@id":"https:\/\/bertrand.pl\/#\/schema\/logo\/image\/"},"sameAs":["https:\/\/www.facebook.com\/bertrandpolska\/","https:\/\/www.instagram.com\/bertrand_okna_i_drzwi\/","https:\/\/www.linkedin.com\/company\/bertrand\/","https:\/\/www.tiktok.com\/@bertrand_okna_drzwi"]},{"@type":"Person","@id":"https:\/\/bertrand.pl\/#\/schema\/person\/767d70e891d700b2e3c19083f31a484c","name":"w.achnik"}]}},"_links":{"self":[{"href":"https:\/\/bertrand.pl\/fr\/wp-json\/wp\/v2\/pages\/414","targetHints":{"allow":["GET"]}}],"collection":[{"href":"https:\/\/bertrand.pl\/fr\/wp-json\/wp\/v2\/pages"}],"about":[{"href":"https:\/\/bertrand.pl\/fr\/wp-json\/wp\/v2\/types\/page"}],"author":[{"embeddable":true,"href":"https:\/\/bertrand.pl\/fr\/wp-json\/wp\/v2\/users\/7"}],"replies":[{"embeddable":true,"href":"https:\/\/bertrand.pl\/fr\/wp-json\/wp\/v2\/comments?post=414"}],"version-history":[{"count":12,"href":"https:\/\/bertrand.pl\/fr\/wp-json\/wp\/v2\/pages\/414\/revisions"}],"predecessor-version":[{"id":5718,"href":"https:\/\/bertrand.pl\/fr\/wp-json\/wp\/v2\/pages\/414\/revisions\/5718"}],"wp:attachment":[{"href":"https:\/\/bertrand.pl\/fr\/wp-json\/wp\/v2\/media?parent=414"}],"curies":[{"name":"wp","href":"https:\/\/api.w.org\/{rel}","templated":true}]}}