{"id":1028,"date":"2023-12-13T10:23:59","date_gmt":"2023-12-13T09:23:59","guid":{"rendered":"https:\/\/bertrand.pl\/?post_type=product&#038;p=1028"},"modified":"2025-01-07T12:28:32","modified_gmt":"2025-01-07T11:28:32","slug":"masterline-8-pivot","status":"publish","type":"product","link":"https:\/\/bertrand.pl\/fr\/produkt\/masterline-8-pivot\/","title":{"rendered":"Masterline 8 Pivot"},"content":{"rendered":"<p class=\"translation-block\">Le syst\u00e8me de porte pivotante <strong>MasterLine 8 Pivot<\/strong> est une solution innovante qui red\u00e9finit les standards des portes d'entr\u00e9e. Gr\u00e2ce \u00e0 la possibilit\u00e9 de cr\u00e9er de grandes constructions vitr\u00e9es ou \u00e0 panneaux, ce syst\u00e8me s'inscrit parfaitement dans les tendances architecturales modernes. Les variantes de portes offrent de vastes possibilit\u00e9s de conception, tant pour les maisons priv\u00e9es que pour les b\u00e2timents commerciaux.<\/p>\n<p>&nbsp;<\/p>\n<h3>Design r\u00e9fl\u00e9chi et fonctionnalit\u00e9<\/h3>\n<p class=\"translation-block\">Les portes MasterLine 8 Pivot offrent une large personnalisation, permettant de choisir le remplissage, la couleur et les ferrures adapt\u00e9es aux besoins individuels. Dans la version standard, vous pouvez opter pour un remplissage en panneau ou en verre. La variante <strong style=\"font-size: 16px\">Pivot XL<\/strong> permet exclusivement des remplissages en verre, cr\u00e9ant des vitrages modernes et spectaculaires.<\/p>\n<p class=\"translation-block\">Gr\u00e2ce \u00e0 la riche palette de couleurs RAL et aux finitions vari\u00e9es (mat, satin\u00e9, textur\u00e9, anodis\u00e9, effet bois), les portes MasterLine 8 Pivot s'int\u00e8grent harmonieusement dans tous les styles architecturaux. Un \u00e9l\u00e9ment suppl\u00e9mentaire qui souligne l'esth\u00e9tique des portes est les poign\u00e9es. Selon la version, vous pouvez choisir parmi diff\u00e9rents mod\u00e8les, y compris <strong>Square<\/strong>, <strong>Fin<\/strong>, <strong>Hook<\/strong> ainsi que des poign\u00e9es rondes. Pour la Pivot XL, les options disponibles incluent la poign\u00e9e Hook ou une cassette mont\u00e9e dans le profil de renforcement.<\/p>\n<p>&nbsp;<\/p>\n<h3>Haute qualit\u00e9 et s\u00e9curit\u00e9<\/h3>\n<p>Le syst\u00e8me MasterLine 8 Pivot offre d'excellentes propri\u00e9t\u00e9s d'isolation et une grande \u00e9tanch\u00e9it\u00e9, ce qui en fait un choix id\u00e9al pour ceux qui recherchent durabilit\u00e9 et efficacit\u00e9 \u00e9nerg\u00e9tique. De plus, ces portes peuvent \u00eatre \u00e9quip\u00e9es de dispositifs anti-effraction et int\u00e9gr\u00e9es \u00e0 des syst\u00e8mes de domotique. Des fonctionnalit\u00e9s telles que l'ouverture par code ou scan d'empreinte digitale augmentent le confort et la s\u00e9curit\u00e9 d'utilisation.<\/p>\n<p>&nbsp;<\/p>\n<h3>Dimensions et durabilit\u00e9<\/h3>\n<p>Les portes pivotantes se distinguent par la possibilit\u00e9 de r\u00e9aliser de grandes structures massives :<\/p>\n<p><strong>Hauteur minimale des feuilles\u00a0:<\/strong> 2000mm<br \/>\n<strong>Hauteur maximale du vantail\u00a0:<\/strong> 4000mm<br \/>\n<strong>Largeur minimale des feuilles\u00a0:<\/strong> 1150 mm<br \/>\n<strong>Largeur maximale du vantail :<\/strong> 2500mm<br \/>\n<strong>Poids maximum des feuilles\u00a0:<\/strong> 500 kg<br \/>\n<strong>Poids maximum du verre :<\/strong> 1200kg<\/p>\n<p>Ces param\u00e8tres impressionnants permettent de concevoir des portes alliant une esth\u00e9tique exceptionnelle et une grande fonctionnalit\u00e9, tout en \u00e9tant \u00e0 la fois durables et \u00e9l\u00e9gantes.<\/p>\n<p>&nbsp;<\/p>\n<p><img fetchpriority=\"high\" decoding=\"async\" class=\"alignnone wp-image-5018\" src=\"https:\/\/bertrand.pl\/wp-content\/uploads\/2023\/12\/3b6807de1eae21c576670c9837881ac5-1-scaled.webp\" alt=\"\" width=\"652\" height=\"382\" srcset=\"https:\/\/bertrand.pl\/wp-content\/uploads\/2023\/12\/3b6807de1eae21c576670c9837881ac5-1-scaled.webp 2560w, https:\/\/bertrand.pl\/wp-content\/uploads\/2023\/12\/3b6807de1eae21c576670c9837881ac5-1-420x246.webp 420w, https:\/\/bertrand.pl\/wp-content\/uploads\/2023\/12\/3b6807de1eae21c576670c9837881ac5-1-1360x797.webp 1360w, https:\/\/bertrand.pl\/wp-content\/uploads\/2023\/12\/3b6807de1eae21c576670c9837881ac5-1-768x450.webp 768w, https:\/\/bertrand.pl\/wp-content\/uploads\/2023\/12\/3b6807de1eae21c576670c9837881ac5-1-1536x901.webp 1536w, https:\/\/bertrand.pl\/wp-content\/uploads\/2023\/12\/3b6807de1eae21c576670c9837881ac5-1-2048x1201.webp 2048w, https:\/\/bertrand.pl\/wp-content\/uploads\/2023\/12\/3b6807de1eae21c576670c9837881ac5-1-18x12.webp 18w, https:\/\/bertrand.pl\/wp-content\/uploads\/2023\/12\/3b6807de1eae21c576670c9837881ac5-1-600x352.webp 600w\" sizes=\"(max-width: 652px) 100vw, 652px\" \/><\/p>\n<p>&nbsp;<\/p>\n<div class=\"specifications__right\">\n<div class=\"specifications__property\">\n<h3>Les portes pivotantes comme alternative aux portes de terrasse<\/h3>\n<p>Le syst\u00e8me MasterLine 8 Pivot n'est pas seulement une solution pour les portes d'entr\u00e9e, mais aussi une excellente alternative aux portes de terrasse coulissantes ou pliantes traditionnelles. La possibilit\u00e9 de cr\u00e9er des ensembles de portes pivotantes permet de r\u00e9aliser des projets uniques qui se distinguent tant par leur fonctionnalit\u00e9 que par leur apparence.<\/p>\n<p>&nbsp;<\/p>\n<h3>Avantages des portes pivotantes MasterLine 8 Pivot :<\/h3>\n<ol>\n<li class=\"translation-block\"><strong>Design moderne :<\/strong> La solution id\u00e9ale pour les b\u00e2timents et projets contemporains.<\/li>\n<li class=\"translation-block\"><strong>Personnalisation :<\/strong> Un large choix de couleurs, finitions et ferrures.<\/li>\n<li class=\"translation-block\"><strong>Fonctionnalit\u00e9 :<\/strong> Int\u00e9gration avec la domotique et options d'ouverture par code ou scan d'empreinte digitale.<\/li>\n<li class=\"translation-block\"><strong>Excellente isolation :<\/strong> Hauts niveaux d'\u00e9tanch\u00e9it\u00e9 et d'isolation thermique.<\/li>\n<li class=\"translation-block\"><strong>S\u00e9curit\u00e9 :<\/strong> Protections anti-effraction en option.<\/li>\n<li class=\"translation-block\"><strong>Polyvalence :<\/strong> Peut \u00eatre utilis\u00e9 comme porte d'entr\u00e9e, vitr\u00e9e ou de terrasse.<\/li>\n<\/ol>\n<h3><\/h3>\n<p>Les portes MasterLine 8 Pivot sont une solution innovante pour les utilisateurs exigeants qui appr\u00e9cient la fonctionnalit\u00e9, la s\u00e9curit\u00e9 et le design moderne. Gr\u00e2ce \u00e0 leurs nombreuses options de personnalisation et \u00e0 leurs dimensions impressionnantes, ces portes r\u00e9pondent aux attentes des clients les plus exigeants.<\/p>\n<p>&nbsp;<\/p>\n<\/div>\n<h4><strong><a href=\"https:\/\/bertrand.pl\/fr\/couleurs-des-fenetres-et-des-portes\/\">Couleurs des fen\u00eatres et des portes<\/a><\/strong><\/h4>\n<div class=\"specifications__property\">\n<p>&nbsp;<\/p>\n<\/div>\n<\/div>","protected":false},"excerpt":{"rendered":"<p><strong>PORTES D&#039;ENTR\u00c9E UNIQUES<\/strong><\/p>\n<p>Le syst\u00e8me de porte tournante MasterLine Bertrand est une approche unique des portes d\u2019entr\u00e9e. Il permet de cr\u00e9er de tr\u00e8s grandes structures, vitr\u00e9es ou avec remplissage de panneaux. Il existe plusieurs versions disponibles au sein du syst\u00e8me, dont la porte vitr\u00e9e MasterLine Pivot XL. Le syst\u00e8me permet \u00e9galement de cr\u00e9er des ensembles de portes tournantes, qui peuvent \u00eatre une alternative int\u00e9ressante aux portes-fen\u00eatres coulissantes ou pliantes.<\/p>","protected":false},"featured_media":4731,"template":"","meta":{"site-sidebar-layout":"default","site-content-layout":"","ast-site-content-layout":"default","site-content-style":"default","site-sidebar-style":"default","ast-global-header-display":"","ast-banner-title-visibility":"","ast-main-header-display":"","ast-hfb-above-header-display":"","ast-hfb-below-header-display":"","ast-hfb-mobile-header-display":"","site-post-title":"","ast-breadcrumbs-content":"","ast-featured-img":"","footer-sml-layout":"","ast-disable-related-posts":"","theme-transparent-header-meta":"default","adv-header-id-meta":"","stick-header-meta":"","header-above-stick-meta":"","header-main-stick-meta":"","header-below-stick-meta":"","astra-migrate-meta-layouts":"set","ast-page-background-enabled":"default","ast-page-background-meta":{"desktop":{"background-color":"var(--ast-global-color-4)","background-image":"","background-repeat":"repeat","background-position":"center center","background-size":"auto","background-attachment":"scroll","background-type":"","background-media":"","overlay-type":"","overlay-color":"","overlay-opacity":"","overlay-gradient":""},"tablet":{"background-color":"","background-image":"","background-repeat":"repeat","background-position":"center center","background-size":"auto","background-attachment":"scroll","background-type":"","background-media":"","overlay-type":"","overlay-color":"","overlay-opacity":"","overlay-gradient":""},"mobile":{"background-color":"","background-image":"","background-repeat":"repeat","background-position":"center center","background-size":"auto","background-attachment":"scroll","background-type":"","background-media":"","overlay-type":"","overlay-color":"","overlay-opacity":"","overlay-gradient":""}},"ast-content-background-meta":{"desktop":{"background-color":"var(--ast-global-color-5)","background-image":"","background-repeat":"repeat","background-position":"center center","background-size":"auto","background-attachment":"scroll","background-type":"","background-media":"","overlay-type":"","overlay-color":"","overlay-opacity":"","overlay-gradient":""},"tablet":{"background-color":"var(--ast-global-color-5)","background-image":"","background-repeat":"repeat","background-position":"center center","background-size":"auto","background-attachment":"scroll","background-type":"","background-media":"","overlay-type":"","overlay-color":"","overlay-opacity":"","overlay-gradient":""},"mobile":{"background-color":"var(--ast-global-color-5)","background-image":"","background-repeat":"repeat","background-position":"center center","background-size":"auto","background-attachment":"scroll","background-type":"","background-media":"","overlay-type":"","overlay-color":"","overlay-opacity":"","overlay-gradient":""}}},"product_brand":[],"product_cat":[40],"product_tag":[425,168,360,326,367,339,377,378,414,345,343,333,346,408,407,389,398,405,361,366,392,169,416,362,406,390],"class_list":{"0":"post-1028","1":"product","2":"type-product","3":"status-publish","4":"has-post-thumbnail","6":"product_cat-drzwi-pivot","7":"product_tag-automatyka","8":"product_tag-bertrand","9":"product_tag-bezpieczenstwo","10":"product_tag-budowa-domu","11":"product_tag-budownictwo","12":"product_tag-design","13":"product_tag-dobre-drzwi","14":"product_tag-doors","15":"product_tag-doskonala-izolacja-termiczna","16":"product_tag-drzwi-balkonowe","17":"product_tag-drzwi-do-domu","18":"product_tag-drzwi-przesuwne","19":"product_tag-duze-przestrzenie","20":"product_tag-duze-przeszklenia","21":"product_tag-duzo-swiatla","22":"product_tag-izolacja-akustyczna","23":"product_tag-izolacja-cieplna","24":"product_tag-izolacja-termiczna","25":"product_tag-jakosc","26":"product_tag-komfort","27":"product_tag-otwarta-przestrzen","28":"product_tag-produkt","29":"product_tag-przestrzen","30":"product_tag-quality","31":"product_tag-swiatlo","32":"product_tag-szczelnosc","33":"desktop-align-left","34":"tablet-align-left","35":"mobile-align-left","37":"first","38":"instock","39":"shipping-taxable","40":"product-type-simple"},"yoast_head":"<!-- This site is optimized with the Yoast SEO Premium plugin v27.2 (Yoast SEO v27.2) - https:\/\/yoast.com\/product\/yoast-seo-premium-wordpress\/ -->\n<title>Masterline 8 Pivot - Bertrand. Najwy\u017cszej jako\u015bci okna i drzwi. Certyfikowany producent od 1969 roku.<\/title>\n<meta name=\"description\" content=\"MasterLine 8 Pivot \u2013 nowoczesne drzwi obrotowe. Doskona\u0142a izolacja, personalizacja i integracja z automatyk\u0105. Idealne do nowoczesnych projekt\u00f3w.\" \/>\n<meta name=\"robots\" content=\"index, follow, max-snippet:-1, max-image-preview:large, max-video-preview:-1\" \/>\n<link rel=\"canonical\" href=\"https:\/\/bertrand.pl\/fr\/produit\/masterline-8-pivot\/\" \/>\n<meta property=\"og:locale\" content=\"fr_FR\" \/>\n<meta property=\"og:type\" content=\"article\" \/>\n<meta property=\"og:title\" content=\"Masterline 8 Pivot\" \/>\n<meta property=\"og:description\" content=\"MasterLine 8 Pivot \u2013 nowoczesne drzwi obrotowe. Doskona\u0142a izolacja, personalizacja i integracja z automatyk\u0105. Idealne do nowoczesnych projekt\u00f3w.\" \/>\n<meta property=\"og:url\" content=\"https:\/\/bertrand.pl\/fr\/produit\/masterline-8-pivot\/\" \/>\n<meta property=\"og:site_name\" content=\"Bertrand. Najwy\u017cszej jako\u015bci okna i drzwi. Certyfikowany producent od 1969 roku.\" \/>\n<meta property=\"article:publisher\" content=\"https:\/\/www.facebook.com\/bertrandpolska\/\" \/>\n<meta property=\"article:modified_time\" content=\"2025-01-07T11:28:32+00:00\" \/>\n<meta property=\"og:image\" content=\"https:\/\/bertrand.pl\/wp-content\/uploads\/2024\/08\/MasterLine-8-Residential-Pivot-Door-panel-full-element-scaled.jpg\" \/>\n\t<meta property=\"og:image:width\" content=\"2011\" \/>\n\t<meta property=\"og:image:height\" content=\"2560\" \/>\n\t<meta property=\"og:image:type\" content=\"image\/jpeg\" \/>\n<meta name=\"twitter:card\" content=\"summary_large_image\" \/>\n<meta name=\"twitter:label1\" content=\"Dur\u00e9e de lecture estim\u00e9e\" \/>\n\t<meta name=\"twitter:data1\" content=\"3 minutes\" \/>\n<script type=\"application\/ld+json\" class=\"yoast-schema-graph\">{\"@context\":\"https:\/\/schema.org\",\"@graph\":[{\"@type\":\"WebPage\",\"@id\":\"https:\/\/bertrand.pl\/produkt\/masterline-8-pivot\/\",\"url\":\"https:\/\/bertrand.pl\/produkt\/masterline-8-pivot\/\",\"name\":\"Masterline 8 Pivot - Bertrand. Najwy\u017cszej jako\u015bci okna i drzwi. Certyfikowany producent od 1969 roku.\",\"isPartOf\":{\"@id\":\"https:\/\/bertrand.pl\/#website\"},\"primaryImageOfPage\":{\"@id\":\"https:\/\/bertrand.pl\/produkt\/masterline-8-pivot\/#primaryimage\"},\"image\":{\"@id\":\"https:\/\/bertrand.pl\/produkt\/masterline-8-pivot\/#primaryimage\"},\"thumbnailUrl\":\"https:\/\/bertrand.pl\/wp-content\/uploads\/2024\/08\/MasterLine-8-Residential-Pivot-Door-panel-full-element-scaled.jpg\",\"datePublished\":\"2023-12-13T09:23:59+00:00\",\"dateModified\":\"2025-01-07T11:28:32+00:00\",\"description\":\"MasterLine 8 Pivot \u2013 nowoczesne drzwi obrotowe. Doskona\u0142a izolacja, personalizacja i integracja z automatyk\u0105. Idealne do nowoczesnych projekt\u00f3w.\",\"breadcrumb\":{\"@id\":\"https:\/\/bertrand.pl\/produkt\/masterline-8-pivot\/#breadcrumb\"},\"inLanguage\":\"fr-FR\",\"potentialAction\":[{\"@type\":\"ReadAction\",\"target\":[\"https:\/\/bertrand.pl\/produkt\/masterline-8-pivot\/\"]}]},{\"@type\":\"ImageObject\",\"inLanguage\":\"fr-FR\",\"@id\":\"https:\/\/bertrand.pl\/produkt\/masterline-8-pivot\/#primaryimage\",\"url\":\"https:\/\/bertrand.pl\/wp-content\/uploads\/2024\/08\/MasterLine-8-Residential-Pivot-Door-panel-full-element-scaled.jpg\",\"contentUrl\":\"https:\/\/bertrand.pl\/wp-content\/uploads\/2024\/08\/MasterLine-8-Residential-Pivot-Door-panel-full-element-scaled.jpg\",\"width\":2011,\"height\":2560},{\"@type\":\"BreadcrumbList\",\"@id\":\"https:\/\/bertrand.pl\/produkt\/masterline-8-pivot\/#breadcrumb\",\"itemListElement\":[{\"@type\":\"ListItem\",\"position\":1,\"name\":\"Strona g\u0142\u00f3wna\",\"item\":\"https:\/\/bertrand.pl\/\"},{\"@type\":\"ListItem\",\"position\":2,\"name\":\"Produits\",\"item\":\"https:\/\/bertrand.pl\/fr\/shop\/\"},{\"@type\":\"ListItem\",\"position\":3,\"name\":\"Masterline 8 Pivot\"}]},{\"@type\":\"WebSite\",\"@id\":\"https:\/\/bertrand.pl\/#website\",\"url\":\"https:\/\/bertrand.pl\/\",\"name\":\"Bertrand.pl\",\"description\":\"Firma Bertrand to certyfikowany i uznany producent najwy\u017cszej jako\u015bci okien z PVC, z drewna lub aluminium. Produkcja drzwi, rolet i bram gara\u017cowych.\",\"publisher\":{\"@id\":\"https:\/\/bertrand.pl\/#organization\"},\"potentialAction\":[{\"@type\":\"SearchAction\",\"target\":{\"@type\":\"EntryPoint\",\"urlTemplate\":\"https:\/\/bertrand.pl\/?s={search_term_string}\"},\"query-input\":{\"@type\":\"PropertyValueSpecification\",\"valueRequired\":true,\"valueName\":\"search_term_string\"}}],\"inLanguage\":\"fr-FR\"},{\"@type\":\"Organization\",\"@id\":\"https:\/\/bertrand.pl\/#organization\",\"name\":\"Bertrand.pl\",\"url\":\"https:\/\/bertrand.pl\/\",\"logo\":{\"@type\":\"ImageObject\",\"inLanguage\":\"fr-FR\",\"@id\":\"https:\/\/bertrand.pl\/#\/schema\/logo\/image\/\",\"url\":\"https:\/\/bertrand.pl\/wp-content\/uploads\/2024\/12\/logo_BB_TM_PL_black.png\",\"contentUrl\":\"https:\/\/bertrand.pl\/wp-content\/uploads\/2024\/12\/logo_BB_TM_PL_black.png\",\"width\":1831,\"height\":1831,\"caption\":\"Bertrand.pl\"},\"image\":{\"@id\":\"https:\/\/bertrand.pl\/#\/schema\/logo\/image\/\"},\"sameAs\":[\"https:\/\/www.facebook.com\/bertrandpolska\/\",\"https:\/\/www.instagram.com\/bertrand_okna_i_drzwi\/\",\"https:\/\/www.linkedin.com\/company\/bertrand\/\",\"https:\/\/www.tiktok.com\/@bertrand_okna_drzwi\"]}]}<\/script>\n<!-- \/ Yoast SEO Premium plugin. -->","yoast_head_json":{"title":"Masterline 8 Pivot - Bertrand. Najwy\u017cszej jako\u015bci okna i drzwi. Certyfikowany producent od 1969 roku.","description":"MasterLine 8 Pivot \u2013 portes tournantes modernes. Isolation parfaite, personnalisation et int\u00e9gration avec l&#039;automatisation. Parfait pour les projets modernes.","robots":{"index":"index","follow":"follow","max-snippet":"max-snippet:-1","max-image-preview":"max-image-preview:large","max-video-preview":"max-video-preview:-1"},"canonical":"https:\/\/bertrand.pl\/fr\/produit\/masterline-8-pivot\/","og_locale":"fr_FR","og_type":"article","og_title":"Masterline 8 Pivot","og_description":"MasterLine 8 Pivot \u2013 nowoczesne drzwi obrotowe. Doskona\u0142a izolacja, personalizacja i integracja z automatyk\u0105. Idealne do nowoczesnych projekt\u00f3w.","og_url":"https:\/\/bertrand.pl\/fr\/produit\/masterline-8-pivot\/","og_site_name":"Bertrand. Najwy\u017cszej jako\u015bci okna i drzwi. Certyfikowany producent od 1969 roku.","article_publisher":"https:\/\/www.facebook.com\/bertrandpolska\/","article_modified_time":"2025-01-07T11:28:32+00:00","og_image":[{"width":2011,"height":2560,"url":"https:\/\/bertrand.pl\/wp-content\/uploads\/2024\/08\/MasterLine-8-Residential-Pivot-Door-panel-full-element-scaled.jpg","type":"image\/jpeg"}],"twitter_card":"summary_large_image","twitter_misc":{"Dur\u00e9e de lecture estim\u00e9e":"3 minutes"},"schema":{"@context":"https:\/\/schema.org","@graph":[{"@type":"WebPage","@id":"https:\/\/bertrand.pl\/produkt\/masterline-8-pivot\/","url":"https:\/\/bertrand.pl\/produkt\/masterline-8-pivot\/","name":"Masterline 8 Pivot - Bertrand. Najwy\u017cszej jako\u015bci okna i drzwi. Certyfikowany producent od 1969 roku.","isPartOf":{"@id":"https:\/\/bertrand.pl\/#website"},"primaryImageOfPage":{"@id":"https:\/\/bertrand.pl\/produkt\/masterline-8-pivot\/#primaryimage"},"image":{"@id":"https:\/\/bertrand.pl\/produkt\/masterline-8-pivot\/#primaryimage"},"thumbnailUrl":"https:\/\/bertrand.pl\/wp-content\/uploads\/2024\/08\/MasterLine-8-Residential-Pivot-Door-panel-full-element-scaled.jpg","datePublished":"2023-12-13T09:23:59+00:00","dateModified":"2025-01-07T11:28:32+00:00","description":"MasterLine 8 Pivot \u2013 portes tournantes modernes. Isolation parfaite, personnalisation et int\u00e9gration avec l&#039;automatisation. Parfait pour les projets modernes.","breadcrumb":{"@id":"https:\/\/bertrand.pl\/produkt\/masterline-8-pivot\/#breadcrumb"},"inLanguage":"fr-FR","potentialAction":[{"@type":"ReadAction","target":["https:\/\/bertrand.pl\/produkt\/masterline-8-pivot\/"]}]},{"@type":"ImageObject","inLanguage":"fr-FR","@id":"https:\/\/bertrand.pl\/produkt\/masterline-8-pivot\/#primaryimage","url":"https:\/\/bertrand.pl\/wp-content\/uploads\/2024\/08\/MasterLine-8-Residential-Pivot-Door-panel-full-element-scaled.jpg","contentUrl":"https:\/\/bertrand.pl\/wp-content\/uploads\/2024\/08\/MasterLine-8-Residential-Pivot-Door-panel-full-element-scaled.jpg","width":2011,"height":2560},{"@type":"BreadcrumbList","@id":"https:\/\/bertrand.pl\/produkt\/masterline-8-pivot\/#breadcrumb","itemListElement":[{"@type":"ListItem","position":1,"name":"Strona g\u0142\u00f3wna","item":"https:\/\/bertrand.pl\/"},{"@type":"ListItem","position":2,"name":"Produits","item":"https:\/\/bertrand.pl\/fr\/shop\/"},{"@type":"ListItem","position":3,"name":"Masterline 8 Pivot"}]},{"@type":"WebSite","@id":"https:\/\/bertrand.pl\/#website","url":"https:\/\/bertrand.pl\/","name":"Bertrand.pl","description":"Firma Bertrand to certyfikowany i uznany producent najwy\u017cszej jako\u015bci okien z PVC, z drewna lub aluminium. Produkcja drzwi, rolet i bram gara\u017cowych.","publisher":{"@id":"https:\/\/bertrand.pl\/#organization"},"potentialAction":[{"@type":"SearchAction","target":{"@type":"EntryPoint","urlTemplate":"https:\/\/bertrand.pl\/?s={search_term_string}"},"query-input":{"@type":"PropertyValueSpecification","valueRequired":true,"valueName":"search_term_string"}}],"inLanguage":"fr-FR"},{"@type":"Organization","@id":"https:\/\/bertrand.pl\/#organization","name":"Bertrand.pl","url":"https:\/\/bertrand.pl\/","logo":{"@type":"ImageObject","inLanguage":"fr-FR","@id":"https:\/\/bertrand.pl\/#\/schema\/logo\/image\/","url":"https:\/\/bertrand.pl\/wp-content\/uploads\/2024\/12\/logo_BB_TM_PL_black.png","contentUrl":"https:\/\/bertrand.pl\/wp-content\/uploads\/2024\/12\/logo_BB_TM_PL_black.png","width":1831,"height":1831,"caption":"Bertrand.pl"},"image":{"@id":"https:\/\/bertrand.pl\/#\/schema\/logo\/image\/"},"sameAs":["https:\/\/www.facebook.com\/bertrandpolska\/","https:\/\/www.instagram.com\/bertrand_okna_i_drzwi\/","https:\/\/www.linkedin.com\/company\/bertrand\/","https:\/\/www.tiktok.com\/@bertrand_okna_drzwi"]}]}},"_links":{"self":[{"href":"https:\/\/bertrand.pl\/fr\/wp-json\/wp\/v2\/product\/1028","targetHints":{"allow":["GET"]}}],"collection":[{"href":"https:\/\/bertrand.pl\/fr\/wp-json\/wp\/v2\/product"}],"about":[{"href":"https:\/\/bertrand.pl\/fr\/wp-json\/wp\/v2\/types\/product"}],"wp:featuredmedia":[{"embeddable":true,"href":"https:\/\/bertrand.pl\/fr\/wp-json\/wp\/v2\/media\/4731"}],"wp:attachment":[{"href":"https:\/\/bertrand.pl\/fr\/wp-json\/wp\/v2\/media?parent=1028"}],"wp:term":[{"taxonomy":"product_brand","embeddable":true,"href":"https:\/\/bertrand.pl\/fr\/wp-json\/wp\/v2\/product_brand?post=1028"},{"taxonomy":"product_cat","embeddable":true,"href":"https:\/\/bertrand.pl\/fr\/wp-json\/wp\/v2\/product_cat?post=1028"},{"taxonomy":"product_tag","embeddable":true,"href":"https:\/\/bertrand.pl\/fr\/wp-json\/wp\/v2\/product_tag?post=1028"}],"curies":[{"name":"wp","href":"https:\/\/api.w.org\/{rel}","templated":true}]}}