{"id":1030,"date":"2023-12-13T11:11:19","date_gmt":"2023-12-13T10:11:19","guid":{"rendered":"https:\/\/bertrand.pl\/?post_type=product&#038;p=1030"},"modified":"2024-12-13T14:16:22","modified_gmt":"2024-12-13T13:16:22","slug":"portes-de-garage-sectionnelles","status":"publish","type":"product","link":"https:\/\/bertrand.pl\/fr\/produkt\/bramy-garazowe-segmentowe\/","title":{"rendered":"PORTES DE GARAGE SECTIONNELLES"},"content":{"rendered":"<p>Portes sectionnelles <strong>Bertrand<\/strong> est une combinaison du plus haut niveau de s\u00e9curit\u00e9, de confort d&#039;utilisation et de design esth\u00e9tique. Ainsi, gr\u00e2ce \u00e0 des am\u00e9liorations continues, nos produits r\u00e9pondent aux attentes des utilisateurs les plus exigeants, offrant un fonctionnement fiable et conforme aux normes modernes.<\/p>\n<p>&nbsp;<\/p>\n<h3>La s\u00e9curit\u00e9 au quotidien<\/h3>\n<p>Nos portes sectionnelles ont \u00e9t\u00e9 con\u00e7ues dans un souci de s\u00e9curit\u00e9 maximale des utilisateurs. Nous installons une protection suppl\u00e9mentaire dans chaque portail qui emp\u00eache le portail de tomber en cas de rel\u00e2che de printemps. Gr\u00e2ce \u00e0 cela, vous pouvez \u00eatre s\u00fbr que le portail fonctionne de mani\u00e8re s\u00fbre et fiable.<\/p>\n<p>Les motorisations de portail sont \u00e9quip\u00e9es d&#039;un interrupteur de surcharge qui soul\u00e8ve le portail d&#039;environ 10 cm s&#039;il rencontre une r\u00e9sistance. Vous pouvez \u00e9galement \u00e9quiper votre portail de <strong>photocellules<\/strong>, qui emp\u00eachent la fermeture du portail lorsqu&#039;il y a un obstacle sur son passage. Des rev\u00eatements suppl\u00e9mentaires sur les rouleaux prot\u00e8gent les doigts, garantissant ainsi la s\u00e9curit\u00e9 de tous les utilisateurs, y compris les enfants. Les sections de porte sont sp\u00e9cialement con\u00e7ues pour \u00e9liminer les risques de pincement.<\/p>\n<p>&nbsp;<\/p>\n<p>&nbsp;<\/p>\n<figure id=\"attachment_1048\" aria-describedby=\"caption-attachment-1048\" style=\"width: 600px\" class=\"wp-caption aligncenter\"><img fetchpriority=\"high\" decoding=\"async\" class=\"wp-image-1048 size-full\" src=\"https:\/\/bertrand.pl\/wp-content\/uploads\/2023\/12\/bezpieczne_panele.jpg\" alt=\"\" width=\"600\" height=\"300\" srcset=\"https:\/\/bertrand.pl\/wp-content\/uploads\/2023\/12\/bezpieczne_panele.jpg 600w, https:\/\/bertrand.pl\/wp-content\/uploads\/2023\/12\/bezpieczne_panele-420x210.jpg 420w\" sizes=\"(max-width: 600px) 100vw, 600px\" \/><figcaption id=\"caption-attachment-1048\" class=\"wp-caption-text\">Panneaux s\u00e9curis\u00e9s<\/figcaption><\/figure>\n<figure id=\"attachment_1049\" aria-describedby=\"caption-attachment-1049\" style=\"width: 600px\" class=\"wp-caption aligncenter\"><img decoding=\"async\" class=\"wp-image-1049 size-full\" src=\"https:\/\/bertrand.pl\/wp-content\/uploads\/2023\/12\/fotokomorka.jpg\" alt=\"\" width=\"600\" height=\"300\" srcset=\"https:\/\/bertrand.pl\/wp-content\/uploads\/2023\/12\/fotokomorka.jpg 600w, https:\/\/bertrand.pl\/wp-content\/uploads\/2023\/12\/fotokomorka-420x210.jpg 420w\" sizes=\"(max-width: 600px) 100vw, 600px\" \/><figcaption id=\"caption-attachment-1049\" class=\"wp-caption-text\">Photocellule<\/figcaption><\/figure>\n<h3><\/h3>\n<h3>Fonctionnement confortable<\/h3>\n<p>Le confort d&#039;utilisation des portes sectionnelles Bertrand est le r\u00e9sultat de l&#039;utilisation des meilleurs automatismes et de solutions bien pens\u00e9es. Les m\u00e9canismes de fabricants renomm\u00e9s garantissent simplicit\u00e9 d&#039;utilisation et fiabilit\u00e9. Les passerelles peuvent \u00eatre int\u00e9gr\u00e9es aux syst\u00e8mes <strong>maison intelligente<\/strong> ou des installations d&#039;alarme, ce qui augmente encore leur fonctionnalit\u00e9.<\/p>\n<ul>\n<li><strong>Rouleaux avec roulements \u00e0 billes<\/strong> et le nombre r\u00e9duit de connexions sur les guides assurent un fonctionnement silencieux et fluide du portail.<\/li>\n<li>Chaque portail s&#039;ouvre facilement d&#039;une seule main gr\u00e2ce \u00e0 deux ressorts de torsion qui assurent un \u00e9quilibre optimal.<\/li>\n<li>Les automatismes de portails permettent leur commande intuitive, ce qui rend leur utilisation quotidienne encore plus pratique.<\/li>\n<\/ul>\n<p>&nbsp;<\/p>\n<figure id=\"attachment_1051\" aria-describedby=\"caption-attachment-1051\" style=\"width: 600px\" class=\"wp-caption aligncenter\"><img decoding=\"async\" class=\"wp-image-1051 size-full\" src=\"https:\/\/bertrand.pl\/wp-content\/uploads\/2023\/12\/rolka.png\" alt=\"\" width=\"600\" height=\"300\" srcset=\"https:\/\/bertrand.pl\/wp-content\/uploads\/2023\/12\/rolka.png 600w, https:\/\/bertrand.pl\/wp-content\/uploads\/2023\/12\/rolka-420x210.png 420w\" sizes=\"(max-width: 600px) 100vw, 600px\" \/><figcaption id=\"caption-attachment-1051\" class=\"wp-caption-text\">Rouleaux \u00e0 roulement \u00e0 billes avec couvercle<\/figcaption><\/figure>\n<p>&nbsp;<\/p>\n<figure id=\"attachment_1052\" aria-describedby=\"caption-attachment-1052\" style=\"width: 719px\" class=\"wp-caption aligncenter\"><img loading=\"lazy\" decoding=\"async\" class=\"wp-image-1052 size-full\" src=\"https:\/\/bertrand.pl\/wp-content\/uploads\/2023\/12\/naped1.png\" alt=\"\" width=\"719\" height=\"360\" srcset=\"https:\/\/bertrand.pl\/wp-content\/uploads\/2023\/12\/naped1.png 719w, https:\/\/bertrand.pl\/wp-content\/uploads\/2023\/12\/naped1-420x210.png 420w, https:\/\/bertrand.pl\/wp-content\/uploads\/2023\/12\/naped1-600x300.png 600w\" sizes=\"(max-width: 719px) 100vw, 719px\" \/><figcaption id=\"caption-attachment-1052\" class=\"wp-caption-text\">Automatisation<\/figcaption><\/figure>\n<h3>Large gamme de couleurs<\/h3>\n<p>Les portes sectionnelles Bertrand sont disponibles dans plus de <strong>200 couleurs RAL<\/strong> et plusieurs dizaines de placages, ce qui permet une parfaite ad\u00e9quation avec la fa\u00e7ade du b\u00e2timent et les autres \u00e9l\u00e9ments de menuiserie. Gr\u00e2ce \u00e0 cette diversit\u00e9, vous pouvez adapter l&#039;apparence du portail au style individuel de votre maison.<\/p>\n<p>&nbsp;<\/p>\n<h4><strong><a href=\"https:\/\/bertrand.pl\/fr\/couleurs-des-fenetres-et-des-portes\/\">Couleurs des fen\u00eatres et des portes<\/a><\/strong><\/h4>\n<p>&nbsp;<\/p>\n<p><img loading=\"lazy\" decoding=\"async\" class=\"aligncenter wp-image-1062 size-full\" src=\"https:\/\/bertrand.pl\/wp-content\/uploads\/2023\/12\/wzornik_oklein_i_ral.jpg\" alt=\"\" width=\"800\" height=\"300\" srcset=\"https:\/\/bertrand.pl\/wp-content\/uploads\/2023\/12\/wzornik_oklein_i_ral.jpg 800w, https:\/\/bertrand.pl\/wp-content\/uploads\/2023\/12\/wzornik_oklein_i_ral-420x158.jpg 420w, https:\/\/bertrand.pl\/wp-content\/uploads\/2023\/12\/wzornik_oklein_i_ral-768x288.jpg 768w, https:\/\/bertrand.pl\/wp-content\/uploads\/2023\/12\/wzornik_oklein_i_ral-600x225.jpg 600w\" sizes=\"(max-width: 800px) 100vw, 800px\" \/><\/p>\n<p>&nbsp;<\/p>\n<h3>Avantages cl\u00e9s des portes sectionnelles Bertrand :<\/h3>\n<ol>\n<li><strong>S\u00e9curit\u00e9:<\/strong> Protection antichute, photocellules et cache-rouleaux.<\/li>\n<li><strong>Confort:<\/strong> Fonctionnement silencieux, fluide et facile \u00e0 utiliser gr\u00e2ce aux meilleurs m\u00e9canismes.<\/li>\n<li><strong>Automation:<\/strong> Int\u00e9gration avec les syst\u00e8mes de maison intelligente et les installations d&#039;alarme.<\/li>\n<li><strong>R\u00e9silience:<\/strong> L&#039;\u00e9quilibrage \u00e0 deux ressorts garantit durabilit\u00e9 et facilit\u00e9 d&#039;utilisation.<\/li>\n<li><strong>Esth\u00e9tique:<\/strong> Une large gamme de couleurs et de placages pour une personnalisation totale.<\/li>\n<\/ol>\n<p>&nbsp;<\/p>\n<p>Portes sectionnelles <strong>Bertrand<\/strong> est un gage de s\u00e9curit\u00e9, de confort et d&#039;esth\u00e9tique. Gr\u00e2ce \u00e0 des technologies avanc\u00e9es et \u00e0 une large gamme de couleurs, ils constituent un choix id\u00e9al pour les clients exigeants qui recherchent des solutions durables et fonctionnelles pour leur maison.<\/p>","protected":false},"excerpt":{"rendered":"<p><strong>FONCTIONNEL, SOLIDE, S\u00dbR<\/strong><\/p>\n<p>Leur fonctionnement permet d&#039;obtenir un maximum d&#039;espace pour la voiture gar\u00e9e \u00e0 l&#039;int\u00e9rieur du garage et dans l&#039;all\u00e9e. Des possibilit\u00e9s de finition presque illimit\u00e9es vous permettent de cr\u00e9er des solutions innovantes et uniques. Les portes sectionnelles peuvent \u00eatre adapt\u00e9es \u00e0 diff\u00e9rents types de garages et largeurs d&#039;entr\u00e9e - \u00e9galement aux garages doubles. La qualit\u00e9 de fabrication \u00e9lev\u00e9e garantit confort, s\u00e9curit\u00e9 et commodit\u00e9 d&#039;utilisation ainsi qu&#039;une excellente isolation thermique.<\/p>\n<p>&nbsp;<\/p>","protected":false},"featured_media":1039,"template":"","meta":{"site-sidebar-layout":"default","site-content-layout":"","ast-site-content-layout":"default","site-content-style":"default","site-sidebar-style":"default","ast-global-header-display":"","ast-banner-title-visibility":"","ast-main-header-display":"","ast-hfb-above-header-display":"","ast-hfb-below-header-display":"","ast-hfb-mobile-header-display":"","site-post-title":"","ast-breadcrumbs-content":"","ast-featured-img":"","footer-sml-layout":"","ast-disable-related-posts":"","theme-transparent-header-meta":"default","adv-header-id-meta":"","stick-header-meta":"","header-above-stick-meta":"","header-main-stick-meta":"","header-below-stick-meta":"","astra-migrate-meta-layouts":"set","ast-page-background-enabled":"default","ast-page-background-meta":{"desktop":{"background-color":"var(--ast-global-color-4)","background-image":"","background-repeat":"repeat","background-position":"center center","background-size":"auto","background-attachment":"scroll","background-type":"","background-media":"","overlay-type":"","overlay-color":"","overlay-opacity":"","overlay-gradient":""},"tablet":{"background-color":"","background-image":"","background-repeat":"repeat","background-position":"center center","background-size":"auto","background-attachment":"scroll","background-type":"","background-media":"","overlay-type":"","overlay-color":"","overlay-opacity":"","overlay-gradient":""},"mobile":{"background-color":"","background-image":"","background-repeat":"repeat","background-position":"center center","background-size":"auto","background-attachment":"scroll","background-type":"","background-media":"","overlay-type":"","overlay-color":"","overlay-opacity":"","overlay-gradient":""}},"ast-content-background-meta":{"desktop":{"background-color":"var(--ast-global-color-5)","background-image":"","background-repeat":"repeat","background-position":"center center","background-size":"auto","background-attachment":"scroll","background-type":"","background-media":"","overlay-type":"","overlay-color":"","overlay-opacity":"","overlay-gradient":""},"tablet":{"background-color":"var(--ast-global-color-5)","background-image":"","background-repeat":"repeat","background-position":"center center","background-size":"auto","background-attachment":"scroll","background-type":"","background-media":"","overlay-type":"","overlay-color":"","overlay-opacity":"","overlay-gradient":""},"mobile":{"background-color":"var(--ast-global-color-5)","background-image":"","background-repeat":"repeat","background-position":"center center","background-size":"auto","background-attachment":"scroll","background-type":"","background-media":"","overlay-type":"","overlay-color":"","overlay-opacity":"","overlay-gradient":""}}},"product_brand":[],"product_cat":[19],"product_tag":[],"class_list":{"0":"post-1030","1":"product","2":"type-product","3":"status-publish","4":"has-post-thumbnail","6":"product_cat-bramy-garazowe","7":"desktop-align-left","8":"tablet-align-left","9":"mobile-align-left","11":"first","12":"instock","13":"shipping-taxable","14":"product-type-simple"},"yoast_head":"<!-- This site is optimized with the Yoast SEO Premium plugin v27.2 (Yoast SEO v27.2) - https:\/\/yoast.com\/product\/yoast-seo-premium-wordpress\/ -->\n<title>BRAMY GARA\u017bOWE SEGMENTOWE - Bertrand. Najwy\u017cszej jako\u015bci okna i drzwi. Certyfikowany producent od 1969 roku.<\/title>\n<meta name=\"description\" content=\"Bramy segmentowe Bertrand \u2013 wygodna obs\u0142uga, cicha praca, fotokom\u00f3rki, wy\u0142\u0105cznik przeci\u0105\u017ceniowy. Ponad 200 kolor\u00f3w RAL. Idealne dla ka\u017cdego domu.\" \/>\n<meta name=\"robots\" content=\"index, follow, max-snippet:-1, max-image-preview:large, max-video-preview:-1\" \/>\n<link rel=\"canonical\" href=\"https:\/\/bertrand.pl\/fr\/produit\/portes-de-garage-sectionnelles\/\" \/>\n<meta property=\"og:locale\" content=\"fr_FR\" \/>\n<meta property=\"og:type\" content=\"article\" \/>\n<meta property=\"og:title\" content=\"BRAMY GARA\u017bOWE SEGMENTOWE\" \/>\n<meta property=\"og:description\" content=\"Bramy segmentowe Bertrand \u2013 wygodna obs\u0142uga, cicha praca, fotokom\u00f3rki, wy\u0142\u0105cznik przeci\u0105\u017ceniowy. Ponad 200 kolor\u00f3w RAL. Idealne dla ka\u017cdego domu.\" \/>\n<meta property=\"og:url\" content=\"https:\/\/bertrand.pl\/fr\/produit\/portes-de-garage-sectionnelles\/\" \/>\n<meta property=\"og:site_name\" content=\"Bertrand. Najwy\u017cszej jako\u015bci okna i drzwi. Certyfikowany producent od 1969 roku.\" \/>\n<meta property=\"article:publisher\" content=\"https:\/\/www.facebook.com\/bertrandpolska\/\" \/>\n<meta property=\"article:modified_time\" content=\"2024-12-13T13:16:22+00:00\" \/>\n<meta property=\"og:image\" content=\"https:\/\/bertrand.pl\/wp-content\/uploads\/2023\/12\/k2_rc-680x720-1.png\" \/>\n\t<meta property=\"og:image:width\" content=\"500\" \/>\n\t<meta property=\"og:image:height\" content=\"529\" \/>\n\t<meta property=\"og:image:type\" content=\"image\/png\" \/>\n<meta name=\"twitter:card\" content=\"summary_large_image\" \/>\n<meta name=\"twitter:label1\" content=\"Dur\u00e9e de lecture estim\u00e9e\" \/>\n\t<meta name=\"twitter:data1\" content=\"4 minutes\" \/>\n<script type=\"application\/ld+json\" class=\"yoast-schema-graph\">{\"@context\":\"https:\/\/schema.org\",\"@graph\":[{\"@type\":\"WebPage\",\"@id\":\"https:\/\/bertrand.pl\/produkt\/bramy-garazowe-segmentowe\/\",\"url\":\"https:\/\/bertrand.pl\/produkt\/bramy-garazowe-segmentowe\/\",\"name\":\"BRAMY GARA\u017bOWE SEGMENTOWE - Bertrand. Najwy\u017cszej jako\u015bci okna i drzwi. Certyfikowany producent od 1969 roku.\",\"isPartOf\":{\"@id\":\"https:\/\/bertrand.pl\/#website\"},\"primaryImageOfPage\":{\"@id\":\"https:\/\/bertrand.pl\/produkt\/bramy-garazowe-segmentowe\/#primaryimage\"},\"image\":{\"@id\":\"https:\/\/bertrand.pl\/produkt\/bramy-garazowe-segmentowe\/#primaryimage\"},\"thumbnailUrl\":\"https:\/\/bertrand.pl\/wp-content\/uploads\/2023\/12\/k2_rc-680x720-1.png\",\"datePublished\":\"2023-12-13T10:11:19+00:00\",\"dateModified\":\"2024-12-13T13:16:22+00:00\",\"description\":\"Bramy segmentowe Bertrand \u2013 wygodna obs\u0142uga, cicha praca, fotokom\u00f3rki, wy\u0142\u0105cznik przeci\u0105\u017ceniowy. Ponad 200 kolor\u00f3w RAL. Idealne dla ka\u017cdego domu.\",\"breadcrumb\":{\"@id\":\"https:\/\/bertrand.pl\/produkt\/bramy-garazowe-segmentowe\/#breadcrumb\"},\"inLanguage\":\"fr-FR\",\"potentialAction\":[{\"@type\":\"ReadAction\",\"target\":[\"https:\/\/bertrand.pl\/produkt\/bramy-garazowe-segmentowe\/\"]}]},{\"@type\":\"ImageObject\",\"inLanguage\":\"fr-FR\",\"@id\":\"https:\/\/bertrand.pl\/produkt\/bramy-garazowe-segmentowe\/#primaryimage\",\"url\":\"https:\/\/bertrand.pl\/wp-content\/uploads\/2023\/12\/k2_rc-680x720-1.png\",\"contentUrl\":\"https:\/\/bertrand.pl\/wp-content\/uploads\/2023\/12\/k2_rc-680x720-1.png\",\"width\":500,\"height\":529},{\"@type\":\"BreadcrumbList\",\"@id\":\"https:\/\/bertrand.pl\/produkt\/bramy-garazowe-segmentowe\/#breadcrumb\",\"itemListElement\":[{\"@type\":\"ListItem\",\"position\":1,\"name\":\"Strona g\u0142\u00f3wna\",\"item\":\"https:\/\/bertrand.pl\/\"},{\"@type\":\"ListItem\",\"position\":2,\"name\":\"Produits\",\"item\":\"https:\/\/bertrand.pl\/fr\/shop\/\"},{\"@type\":\"ListItem\",\"position\":3,\"name\":\"BRAMY GARA\u017bOWE SEGMENTOWE\"}]},{\"@type\":\"WebSite\",\"@id\":\"https:\/\/bertrand.pl\/#website\",\"url\":\"https:\/\/bertrand.pl\/\",\"name\":\"Bertrand.pl\",\"description\":\"Firma Bertrand to certyfikowany i uznany producent najwy\u017cszej jako\u015bci okien z PVC, z drewna lub aluminium. Produkcja drzwi, rolet i bram gara\u017cowych.\",\"publisher\":{\"@id\":\"https:\/\/bertrand.pl\/#organization\"},\"potentialAction\":[{\"@type\":\"SearchAction\",\"target\":{\"@type\":\"EntryPoint\",\"urlTemplate\":\"https:\/\/bertrand.pl\/?s={search_term_string}\"},\"query-input\":{\"@type\":\"PropertyValueSpecification\",\"valueRequired\":true,\"valueName\":\"search_term_string\"}}],\"inLanguage\":\"fr-FR\"},{\"@type\":\"Organization\",\"@id\":\"https:\/\/bertrand.pl\/#organization\",\"name\":\"Bertrand.pl\",\"url\":\"https:\/\/bertrand.pl\/\",\"logo\":{\"@type\":\"ImageObject\",\"inLanguage\":\"fr-FR\",\"@id\":\"https:\/\/bertrand.pl\/#\/schema\/logo\/image\/\",\"url\":\"https:\/\/bertrand.pl\/wp-content\/uploads\/2024\/12\/logo_BB_TM_PL_black.png\",\"contentUrl\":\"https:\/\/bertrand.pl\/wp-content\/uploads\/2024\/12\/logo_BB_TM_PL_black.png\",\"width\":1831,\"height\":1831,\"caption\":\"Bertrand.pl\"},\"image\":{\"@id\":\"https:\/\/bertrand.pl\/#\/schema\/logo\/image\/\"},\"sameAs\":[\"https:\/\/www.facebook.com\/bertrandpolska\/\",\"https:\/\/www.instagram.com\/bertrand_okna_i_drzwi\/\",\"https:\/\/www.linkedin.com\/company\/bertrand\/\",\"https:\/\/www.tiktok.com\/@bertrand_okna_drzwi\"]}]}<\/script>\n<!-- \/ Yoast SEO Premium plugin. -->","yoast_head_json":{"title":"BRAMY GARA\u017bOWE SEGMENTOWE - Bertrand. Najwy\u017cszej jako\u015bci okna i drzwi. Certyfikowany producent od 1969 roku.","description":"Portes sectionnelles Bertrand \u2013 fonctionnement confortable, fonctionnement silencieux, photocellules, interrupteur de surcharge. Plus de 200 couleurs RAL. Parfait pour chaque maison.","robots":{"index":"index","follow":"follow","max-snippet":"max-snippet:-1","max-image-preview":"max-image-preview:large","max-video-preview":"max-video-preview:-1"},"canonical":"https:\/\/bertrand.pl\/fr\/produit\/portes-de-garage-sectionnelles\/","og_locale":"fr_FR","og_type":"article","og_title":"BRAMY GARA\u017bOWE SEGMENTOWE","og_description":"Bramy segmentowe Bertrand \u2013 wygodna obs\u0142uga, cicha praca, fotokom\u00f3rki, wy\u0142\u0105cznik przeci\u0105\u017ceniowy. Ponad 200 kolor\u00f3w RAL. Idealne dla ka\u017cdego domu.","og_url":"https:\/\/bertrand.pl\/fr\/produit\/portes-de-garage-sectionnelles\/","og_site_name":"Bertrand. Najwy\u017cszej jako\u015bci okna i drzwi. Certyfikowany producent od 1969 roku.","article_publisher":"https:\/\/www.facebook.com\/bertrandpolska\/","article_modified_time":"2024-12-13T13:16:22+00:00","og_image":[{"width":500,"height":529,"url":"https:\/\/bertrand.pl\/wp-content\/uploads\/2023\/12\/k2_rc-680x720-1.png","type":"image\/png"}],"twitter_card":"summary_large_image","twitter_misc":{"Dur\u00e9e de lecture estim\u00e9e":"4 minutes"},"schema":{"@context":"https:\/\/schema.org","@graph":[{"@type":"WebPage","@id":"https:\/\/bertrand.pl\/produkt\/bramy-garazowe-segmentowe\/","url":"https:\/\/bertrand.pl\/produkt\/bramy-garazowe-segmentowe\/","name":"BRAMY GARA\u017bOWE SEGMENTOWE - Bertrand. Najwy\u017cszej jako\u015bci okna i drzwi. Certyfikowany producent od 1969 roku.","isPartOf":{"@id":"https:\/\/bertrand.pl\/#website"},"primaryImageOfPage":{"@id":"https:\/\/bertrand.pl\/produkt\/bramy-garazowe-segmentowe\/#primaryimage"},"image":{"@id":"https:\/\/bertrand.pl\/produkt\/bramy-garazowe-segmentowe\/#primaryimage"},"thumbnailUrl":"https:\/\/bertrand.pl\/wp-content\/uploads\/2023\/12\/k2_rc-680x720-1.png","datePublished":"2023-12-13T10:11:19+00:00","dateModified":"2024-12-13T13:16:22+00:00","description":"Portes sectionnelles Bertrand \u2013 fonctionnement confortable, fonctionnement silencieux, photocellules, interrupteur de surcharge. Plus de 200 couleurs RAL. Parfait pour chaque maison.","breadcrumb":{"@id":"https:\/\/bertrand.pl\/produkt\/bramy-garazowe-segmentowe\/#breadcrumb"},"inLanguage":"fr-FR","potentialAction":[{"@type":"ReadAction","target":["https:\/\/bertrand.pl\/produkt\/bramy-garazowe-segmentowe\/"]}]},{"@type":"ImageObject","inLanguage":"fr-FR","@id":"https:\/\/bertrand.pl\/produkt\/bramy-garazowe-segmentowe\/#primaryimage","url":"https:\/\/bertrand.pl\/wp-content\/uploads\/2023\/12\/k2_rc-680x720-1.png","contentUrl":"https:\/\/bertrand.pl\/wp-content\/uploads\/2023\/12\/k2_rc-680x720-1.png","width":500,"height":529},{"@type":"BreadcrumbList","@id":"https:\/\/bertrand.pl\/produkt\/bramy-garazowe-segmentowe\/#breadcrumb","itemListElement":[{"@type":"ListItem","position":1,"name":"Strona g\u0142\u00f3wna","item":"https:\/\/bertrand.pl\/"},{"@type":"ListItem","position":2,"name":"Produits","item":"https:\/\/bertrand.pl\/fr\/shop\/"},{"@type":"ListItem","position":3,"name":"BRAMY GARA\u017bOWE SEGMENTOWE"}]},{"@type":"WebSite","@id":"https:\/\/bertrand.pl\/#website","url":"https:\/\/bertrand.pl\/","name":"Bertrand.pl","description":"Firma Bertrand to certyfikowany i uznany producent najwy\u017cszej jako\u015bci okien z PVC, z drewna lub aluminium. Produkcja drzwi, rolet i bram gara\u017cowych.","publisher":{"@id":"https:\/\/bertrand.pl\/#organization"},"potentialAction":[{"@type":"SearchAction","target":{"@type":"EntryPoint","urlTemplate":"https:\/\/bertrand.pl\/?s={search_term_string}"},"query-input":{"@type":"PropertyValueSpecification","valueRequired":true,"valueName":"search_term_string"}}],"inLanguage":"fr-FR"},{"@type":"Organization","@id":"https:\/\/bertrand.pl\/#organization","name":"Bertrand.pl","url":"https:\/\/bertrand.pl\/","logo":{"@type":"ImageObject","inLanguage":"fr-FR","@id":"https:\/\/bertrand.pl\/#\/schema\/logo\/image\/","url":"https:\/\/bertrand.pl\/wp-content\/uploads\/2024\/12\/logo_BB_TM_PL_black.png","contentUrl":"https:\/\/bertrand.pl\/wp-content\/uploads\/2024\/12\/logo_BB_TM_PL_black.png","width":1831,"height":1831,"caption":"Bertrand.pl"},"image":{"@id":"https:\/\/bertrand.pl\/#\/schema\/logo\/image\/"},"sameAs":["https:\/\/www.facebook.com\/bertrandpolska\/","https:\/\/www.instagram.com\/bertrand_okna_i_drzwi\/","https:\/\/www.linkedin.com\/company\/bertrand\/","https:\/\/www.tiktok.com\/@bertrand_okna_drzwi"]}]}},"_links":{"self":[{"href":"https:\/\/bertrand.pl\/fr\/wp-json\/wp\/v2\/product\/1030","targetHints":{"allow":["GET"]}}],"collection":[{"href":"https:\/\/bertrand.pl\/fr\/wp-json\/wp\/v2\/product"}],"about":[{"href":"https:\/\/bertrand.pl\/fr\/wp-json\/wp\/v2\/types\/product"}],"wp:featuredmedia":[{"embeddable":true,"href":"https:\/\/bertrand.pl\/fr\/wp-json\/wp\/v2\/media\/1039"}],"wp:attachment":[{"href":"https:\/\/bertrand.pl\/fr\/wp-json\/wp\/v2\/media?parent=1030"}],"wp:term":[{"taxonomy":"product_brand","embeddable":true,"href":"https:\/\/bertrand.pl\/fr\/wp-json\/wp\/v2\/product_brand?post=1030"},{"taxonomy":"product_cat","embeddable":true,"href":"https:\/\/bertrand.pl\/fr\/wp-json\/wp\/v2\/product_cat?post=1030"},{"taxonomy":"product_tag","embeddable":true,"href":"https:\/\/bertrand.pl\/fr\/wp-json\/wp\/v2\/product_tag?post=1030"}],"curies":[{"name":"wp","href":"https:\/\/api.w.org\/{rel}","templated":true}]}}