{"id":1040,"date":"2023-12-13T10:51:07","date_gmt":"2023-12-13T09:51:07","guid":{"rendered":"https:\/\/bertrand.pl\/?post_type=product&#038;p=1040"},"modified":"2025-03-06T15:26:26","modified_gmt":"2025-03-06T14:26:26","slug":"quadrat-alutrend","status":"publish","type":"product","link":"https:\/\/bertrand.pl\/fr\/produkt\/alutrend-quadrat\/","title":{"rendered":"Quadrat d&#039;Alutrend"},"content":{"rendered":"<div class=\"row\">\n<div class=\"col\">\n<p>Fen\u00eatres en bois et en aluminium<strong> Alutrend<\/strong> <strong>Quadrat<\/strong> est la solution parfaite pour les clients qui appr\u00e9cient la beaut\u00e9 naturelle du bois et la durabilit\u00e9 des mat\u00e9riaux modernes. La conception combine du bois \u00e9l\u00e9gant \u00e0 l&#039;int\u00e9rieur avec de l&#039;aluminium r\u00e9sistant aux intemp\u00e9ries \u00e0 l&#039;ext\u00e9rieur pour une durabilit\u00e9 avec un entretien minimal. Gr\u00e2ce aux solutions utilis\u00e9es, les fen\u00eatres se distinguent par d&#039;excellentes propri\u00e9t\u00e9s d&#039;isolation thermique et acoustique.<\/p>\n<p>&nbsp;<\/p>\n<h4>Construction et propri\u00e9t\u00e9s thermiques<\/h4>\n<p>&nbsp;<\/p>\n<p>Les fen\u00eatres Alutrend Quadrat se caract\u00e9risent par une profondeur totale de cadre de <strong>jusqu&#039;\u00e0 90 mm<\/strong>. L&#039;espace d&#039;air suppl\u00e9mentaire entre les cadres en bois et en aluminium agit donc comme un isolant naturel, ce qui permet d&#039;obtenir un meilleur coefficient de transfert de chaleur (1,1-1,2 W\/m\u00b2K). Gr\u00e2ce \u00e0 cela, les fen\u00eatres minimisent efficacement les pertes d\u2019\u00e9nergie, ce qui se traduit par des co\u00fbts de chauffage inf\u00e9rieurs. Par cons\u00e9quent, l\u2019isolation acoustique accrue fait de ce syst\u00e8me un excellent choix pour les personnes recherchant la paix et la tranquillit\u00e9 dans leur maison.<\/p>\n<p>&nbsp;<\/p>\n<h4>Esth\u00e9tique et personnalisation<\/h4>\n<p>&nbsp;<\/p>\n<p>Syst\u00e8me <strong>Alutrend<\/strong> offre de larges possibilit\u00e9s de personnalisation tant au niveau de l&#039;esth\u00e9tique que des couleurs :<\/p>\n<ul>\n<li><strong>A l&#039;int\u00e9rieur de la fen\u00eatre :<\/strong> Disponible en bois de pin, de meranti ou de ch\u00eane, fini avec des peintures transparentes (soulignant la structure du bois) ou des peintures opaques, conform\u00e9ment \u00e0 la palette de couleurs RAL.<\/li>\n<li><strong>En dehors de la fen\u00eatre :<\/strong> Les couvercles en aluminium peuvent \u00eatre peints dans des couleurs unies de la palette RAL ou finis avec une technique d\u00e9corative imitant diff\u00e9rents types de bois.<\/li>\n<\/ul>\n<p>&nbsp;<\/p>\n<h4>Alutrend Quadrat \u2013 la modernit\u00e9 dans un style minimaliste<\/h4>\n<p>&nbsp;<\/p>\n<p>Pour les clients qui pr\u00e9f\u00e8rent des formulaires simples, le syst\u00e8me <strong>Quadrat d&#039;Alutrend<\/strong> offre une forme moderne et minimaliste. Vous trouverez ci-dessous les variantes disponibles dans cette ligne :<\/p>\n<ol>\n<li><strong>Alutrend XL 78 Carr\u00e9:<\/strong> Vantail de porte de 78 mm de profondeur assurant de meilleurs param\u00e8tres d&#039;isolation thermique.<\/li>\n<li><strong>Alutrend Qube 68 Quadrat :<\/strong> Finition angulaire du bandeau int\u00e9rieur, soulignant le caract\u00e8re moderne.<\/li>\n<li><strong>Alutrend XL Qube 78 Quadrat :<\/strong> Une combinaison de profondeur de 78 mm et de finition angulaire pour les clients les plus exigeants.<\/li>\n<\/ol>\n<p>&nbsp;<\/p>\n<h4>Principaux avantages des fen\u00eatres Alutrend Quadrat :<\/h4>\n<p>&nbsp;<\/p>\n<ol>\n<li><strong>Durabilit\u00e9:<\/strong> L&#039;aluminium \u00e0 l&#039;ext\u00e9rieur offre une protection contre les intemp\u00e9ries.<\/li>\n<li><strong>Isolation thermique :<\/strong> Coefficient de transfert thermique de 1,1-1,2 W\/m\u00b2K.<\/li>\n<li><strong>Acoustique:<\/strong> Isolation phonique renforc\u00e9e pour plus de confort.<\/li>\n<li><strong>Personnalisation:<\/strong> Large choix de bois, de couleurs et de finitions.<\/li>\n<li><strong>Design moderne:<\/strong> Options de quadrat pour les amateurs de formes simples et minimalistes.<\/li>\n<\/ol>\n<h3><\/h3>\n<p>Fen\u00eatres en bois et en aluminium <strong>Alutrend<\/strong> c&#039;est avant tout une combinaison d&#039;esth\u00e9tique, de durabilit\u00e9 et de fonctionnalit\u00e9. Ainsi, gr\u00e2ce \u00e0 de larges possibilit\u00e9s de personnalisation et \u00e0 des solutions technologiques modernes, ils r\u00e9pondent aux attentes des clients les plus exigeants. En r\u00e9sum\u00e9, quelle que soit la variante choisie, Alutrend est d\u00e9finitivement une garantie de confort, d\u2019\u00e9conomies d\u2019\u00e9nergie et de design moderne.<\/p>\n<p>&nbsp;<\/p>\n<\/div>\n<div class=\"col\"><img decoding=\"async\" src=\"https:\/\/bertrand.pl\/wp-content\/uploads\/2023\/12\/strongline_photo1-1.jpg\" \/><\/div>\n<\/div>\n<div>\n<p>&nbsp;<\/p>\n<p><em>Bertrand utilise les vernis \u00e0 bois les plus avanc\u00e9s. Notre vernis AQUATOP, que nous utilisons en standard, prot\u00e8ge les surfaces des intemp\u00e9ries et leur assure une protection lisse et durable.<\/em><\/p>\n<p><em>AQUATOP se caract\u00e9rise par une excellente r\u00e9sistance \u00e0 l\u2019humidit\u00e9. Il prot\u00e8ge les surfaces de l\u2019eau, de la pluie et de l\u2019humidit\u00e9, \u00e9vitant ainsi les probl\u00e8mes tels que la pourriture, la moisissure et les dommages au fil du temps. Offre une r\u00e9sistance fiable toute l\u2019ann\u00e9e, quel que soit le climat.\u00a0<\/em><\/p>\n<p><em>Gr\u00e2ce \u00e0 des vernis avanc\u00e9s et innovants et \u00e0 un processus de production soign\u00e9, hybride entre le meulage automatis\u00e9 des surfaces planes et le meulage manuel des surfaces difficiles d&#039;acc\u00e8s, comme la surface int\u00e9rieure du cadre, nos fen\u00eatres en bois ont une finition lisse et impeccable. .<\/em><\/p>\n<p><em>Les fen\u00eatres en bois Bertrand sont parfaites pour les climats chauds gr\u00e2ce \u00e0 l&#039;utilisation de vernis aux pigments froids.<\/em><\/p>\n<h4><strong><a href=\"https:\/\/bertrand.pl\/fr\/couleur\/\">Couleurs des fen\u00eatres et des portes<\/a><\/strong><\/h4>\n<\/div>","protected":false},"excerpt":{"rendered":"<p><strong>Un syst\u00e8me moderne en bois et aluminium<\/strong><\/p>\n<p><strong>Quadrat d&#039;Alutrend<\/strong>\u00a0est un produit destin\u00e9 aux clients qui appr\u00e9cient les formulaires simples. Il se caract\u00e9rise par une forme moderne.<\/p>","protected":false},"featured_media":1042,"template":"","meta":{"site-sidebar-layout":"default","site-content-layout":"","ast-site-content-layout":"default","site-content-style":"default","site-sidebar-style":"default","ast-global-header-display":"","ast-banner-title-visibility":"","ast-main-header-display":"","ast-hfb-above-header-display":"","ast-hfb-below-header-display":"","ast-hfb-mobile-header-display":"","site-post-title":"","ast-breadcrumbs-content":"","ast-featured-img":"","footer-sml-layout":"","ast-disable-related-posts":"","theme-transparent-header-meta":"default","adv-header-id-meta":"","stick-header-meta":"","header-above-stick-meta":"","header-main-stick-meta":"","header-below-stick-meta":"","astra-migrate-meta-layouts":"set","ast-page-background-enabled":"default","ast-page-background-meta":{"desktop":{"background-color":"var(--ast-global-color-4)","background-image":"","background-repeat":"repeat","background-position":"center center","background-size":"auto","background-attachment":"scroll","background-type":"","background-media":"","overlay-type":"","overlay-color":"","overlay-opacity":"","overlay-gradient":""},"tablet":{"background-color":"","background-image":"","background-repeat":"repeat","background-position":"center center","background-size":"auto","background-attachment":"scroll","background-type":"","background-media":"","overlay-type":"","overlay-color":"","overlay-opacity":"","overlay-gradient":""},"mobile":{"background-color":"","background-image":"","background-repeat":"repeat","background-position":"center center","background-size":"auto","background-attachment":"scroll","background-type":"","background-media":"","overlay-type":"","overlay-color":"","overlay-opacity":"","overlay-gradient":""}},"ast-content-background-meta":{"desktop":{"background-color":"var(--ast-global-color-5)","background-image":"","background-repeat":"repeat","background-position":"center center","background-size":"auto","background-attachment":"scroll","background-type":"","background-media":"","overlay-type":"","overlay-color":"","overlay-opacity":"","overlay-gradient":""},"tablet":{"background-color":"var(--ast-global-color-5)","background-image":"","background-repeat":"repeat","background-position":"center center","background-size":"auto","background-attachment":"scroll","background-type":"","background-media":"","overlay-type":"","overlay-color":"","overlay-opacity":"","overlay-gradient":""},"mobile":{"background-color":"var(--ast-global-color-5)","background-image":"","background-repeat":"repeat","background-position":"center center","background-size":"auto","background-attachment":"scroll","background-type":"","background-media":"","overlay-type":"","overlay-color":"","overlay-opacity":"","overlay-gradient":""}}},"product_brand":[],"product_cat":[27],"product_tag":[316,193,384,168,326,367,368,339,311,352,354,344,346,408,370,389,398,405,361,366,397,174,355,323,363,324,423,424,351,359,169,422,362],"class_list":{"0":"post-1040","1":"product","2":"type-product","3":"status-publish","4":"has-post-thumbnail","6":"product_cat-okna-drewniano-aluminiowe","7":"product_tag-aluminiowe-okno","8":"product_tag-aluminium","9":"product_tag-alutrend","10":"product_tag-bertrand","11":"product_tag-budowa-domu","12":"product_tag-budownictwo","13":"product_tag-budownictwo-pasywne","14":"product_tag-design","15":"product_tag-dobre-wlasciwosci-termiczne","16":"product_tag-dobreokna","17":"product_tag-drewno","18":"product_tag-duze-okna","19":"product_tag-duze-przestrzenie","20":"product_tag-duze-przeszklenia","21":"product_tag-idealne-okna-do-domu","22":"product_tag-izolacja-akustyczna","23":"product_tag-izolacja-cieplna","24":"product_tag-izolacja-termiczna","25":"product_tag-jakosc","26":"product_tag-komfort","27":"product_tag-light","28":"product_tag-okna","29":"product_tag-okna-drewniano-aluminiowe","30":"product_tag-okna-z-polski","31":"product_tag-oknazpolski","32":"product_tag-okno-dla-domu","33":"product_tag-okno-drewniane","34":"product_tag-okno-drewniano-aluminiowe","35":"product_tag-oknobertrand","36":"product_tag-premiumwindows","37":"product_tag-produkt","38":"product_tag-quadrat","39":"product_tag-quality","40":"desktop-align-left","41":"tablet-align-left","42":"mobile-align-left","44":"first","45":"instock","46":"shipping-taxable","47":"product-type-simple"},"yoast_head":"<!-- This site is optimized with the Yoast SEO Premium plugin v27.2 (Yoast SEO v27.2) - https:\/\/yoast.com\/product\/yoast-seo-premium-wordpress\/ -->\n<title>Alutrend Quadrat - Bertrand. Najwy\u017cszej jako\u015bci okna i drzwi. Certyfikowany producent od 1969 roku.<\/title>\n<meta name=\"description\" content=\"Okna drewniano-aluminiowe Alutrend Quadrat \u2013 trwa\u0142o\u015b\u0107, termoizolacja i nowoczesny design. Naturalne drewno wewn\u0105trz, aluminium na zewn\u0105trz.\" \/>\n<meta name=\"robots\" content=\"index, follow, max-snippet:-1, max-image-preview:large, max-video-preview:-1\" \/>\n<link rel=\"canonical\" href=\"https:\/\/bertrand.pl\/fr\/produit\/quadrat-alutrend\/\" \/>\n<meta property=\"og:locale\" content=\"fr_FR\" \/>\n<meta property=\"og:type\" content=\"article\" \/>\n<meta property=\"og:title\" content=\"Alutrend Quadrat\" \/>\n<meta property=\"og:description\" content=\"Okna drewniano-aluminiowe Alutrend Quadrat \u2013 trwa\u0142o\u015b\u0107, termoizolacja i nowoczesny design. Naturalne drewno wewn\u0105trz, aluminium na zewn\u0105trz.\" \/>\n<meta property=\"og:url\" content=\"https:\/\/bertrand.pl\/fr\/produit\/quadrat-alutrend\/\" \/>\n<meta property=\"og:site_name\" content=\"Bertrand. Najwy\u017cszej jako\u015bci okna i drzwi. Certyfikowany producent od 1969 roku.\" \/>\n<meta property=\"article:publisher\" content=\"https:\/\/www.facebook.com\/bertrandpolska\/\" \/>\n<meta property=\"article:modified_time\" content=\"2025-03-06T14:26:26+00:00\" \/>\n<meta property=\"og:image\" content=\"https:\/\/bertrand.pl\/wp-content\/uploads\/2023\/12\/alutrend_quadrat_big.jpg\" \/>\n\t<meta property=\"og:image:width\" content=\"750\" \/>\n\t<meta property=\"og:image:height\" content=\"750\" \/>\n\t<meta property=\"og:image:type\" content=\"image\/jpeg\" \/>\n<meta name=\"twitter:card\" content=\"summary_large_image\" \/>\n<meta name=\"twitter:label1\" content=\"Dur\u00e9e de lecture estim\u00e9e\" \/>\n\t<meta name=\"twitter:data1\" content=\"4 minutes\" \/>\n<script type=\"application\/ld+json\" class=\"yoast-schema-graph\">{\"@context\":\"https:\/\/schema.org\",\"@graph\":[{\"@type\":\"WebPage\",\"@id\":\"https:\/\/bertrand.pl\/produkt\/alutrend-quadrat\/\",\"url\":\"https:\/\/bertrand.pl\/produkt\/alutrend-quadrat\/\",\"name\":\"Alutrend Quadrat - Bertrand. Najwy\u017cszej jako\u015bci okna i drzwi. Certyfikowany producent od 1969 roku.\",\"isPartOf\":{\"@id\":\"https:\/\/bertrand.pl\/#website\"},\"primaryImageOfPage\":{\"@id\":\"https:\/\/bertrand.pl\/produkt\/alutrend-quadrat\/#primaryimage\"},\"image\":{\"@id\":\"https:\/\/bertrand.pl\/produkt\/alutrend-quadrat\/#primaryimage\"},\"thumbnailUrl\":\"https:\/\/bertrand.pl\/wp-content\/uploads\/2023\/12\/alutrend_quadrat_big.jpg\",\"datePublished\":\"2023-12-13T09:51:07+00:00\",\"dateModified\":\"2025-03-06T14:26:26+00:00\",\"description\":\"Okna drewniano-aluminiowe Alutrend Quadrat \u2013 trwa\u0142o\u015b\u0107, termoizolacja i nowoczesny design. Naturalne drewno wewn\u0105trz, aluminium na zewn\u0105trz.\",\"breadcrumb\":{\"@id\":\"https:\/\/bertrand.pl\/produkt\/alutrend-quadrat\/#breadcrumb\"},\"inLanguage\":\"fr-FR\",\"potentialAction\":[{\"@type\":\"ReadAction\",\"target\":[\"https:\/\/bertrand.pl\/produkt\/alutrend-quadrat\/\"]}]},{\"@type\":\"ImageObject\",\"inLanguage\":\"fr-FR\",\"@id\":\"https:\/\/bertrand.pl\/produkt\/alutrend-quadrat\/#primaryimage\",\"url\":\"https:\/\/bertrand.pl\/wp-content\/uploads\/2023\/12\/alutrend_quadrat_big.jpg\",\"contentUrl\":\"https:\/\/bertrand.pl\/wp-content\/uploads\/2023\/12\/alutrend_quadrat_big.jpg\",\"width\":750,\"height\":750},{\"@type\":\"BreadcrumbList\",\"@id\":\"https:\/\/bertrand.pl\/produkt\/alutrend-quadrat\/#breadcrumb\",\"itemListElement\":[{\"@type\":\"ListItem\",\"position\":1,\"name\":\"Strona g\u0142\u00f3wna\",\"item\":\"https:\/\/bertrand.pl\/\"},{\"@type\":\"ListItem\",\"position\":2,\"name\":\"Produits\",\"item\":\"https:\/\/bertrand.pl\/fr\/shop\/\"},{\"@type\":\"ListItem\",\"position\":3,\"name\":\"Alutrend Quadrat\"}]},{\"@type\":\"WebSite\",\"@id\":\"https:\/\/bertrand.pl\/#website\",\"url\":\"https:\/\/bertrand.pl\/\",\"name\":\"Bertrand.pl\",\"description\":\"Firma Bertrand to certyfikowany i uznany producent najwy\u017cszej jako\u015bci okien z PVC, z drewna lub aluminium. Produkcja drzwi, rolet i bram gara\u017cowych.\",\"publisher\":{\"@id\":\"https:\/\/bertrand.pl\/#organization\"},\"potentialAction\":[{\"@type\":\"SearchAction\",\"target\":{\"@type\":\"EntryPoint\",\"urlTemplate\":\"https:\/\/bertrand.pl\/?s={search_term_string}\"},\"query-input\":{\"@type\":\"PropertyValueSpecification\",\"valueRequired\":true,\"valueName\":\"search_term_string\"}}],\"inLanguage\":\"fr-FR\"},{\"@type\":\"Organization\",\"@id\":\"https:\/\/bertrand.pl\/#organization\",\"name\":\"Bertrand.pl\",\"url\":\"https:\/\/bertrand.pl\/\",\"logo\":{\"@type\":\"ImageObject\",\"inLanguage\":\"fr-FR\",\"@id\":\"https:\/\/bertrand.pl\/#\/schema\/logo\/image\/\",\"url\":\"https:\/\/bertrand.pl\/wp-content\/uploads\/2024\/12\/logo_BB_TM_PL_black.png\",\"contentUrl\":\"https:\/\/bertrand.pl\/wp-content\/uploads\/2024\/12\/logo_BB_TM_PL_black.png\",\"width\":1831,\"height\":1831,\"caption\":\"Bertrand.pl\"},\"image\":{\"@id\":\"https:\/\/bertrand.pl\/#\/schema\/logo\/image\/\"},\"sameAs\":[\"https:\/\/www.facebook.com\/bertrandpolska\/\",\"https:\/\/www.instagram.com\/bertrand_okna_i_drzwi\/\",\"https:\/\/www.linkedin.com\/company\/bertrand\/\",\"https:\/\/www.tiktok.com\/@bertrand_okna_drzwi\"]}]}<\/script>\n<!-- \/ Yoast SEO Premium plugin. -->","yoast_head_json":{"title":"Alutrend Quadrat - Bertrand. Najwy\u017cszej jako\u015bci okna i drzwi. Certyfikowany producent od 1969 roku.","description":"Fen\u00eatres en bois-aluminium Alutrend Quadrat \u2013 durabilit\u00e9, isolation thermique et design moderne. Bois naturel \u00e0 l&#039;int\u00e9rieur, aluminium \u00e0 l&#039;ext\u00e9rieur.","robots":{"index":"index","follow":"follow","max-snippet":"max-snippet:-1","max-image-preview":"max-image-preview:large","max-video-preview":"max-video-preview:-1"},"canonical":"https:\/\/bertrand.pl\/fr\/produit\/quadrat-alutrend\/","og_locale":"fr_FR","og_type":"article","og_title":"Alutrend Quadrat","og_description":"Okna drewniano-aluminiowe Alutrend Quadrat \u2013 trwa\u0142o\u015b\u0107, termoizolacja i nowoczesny design. Naturalne drewno wewn\u0105trz, aluminium na zewn\u0105trz.","og_url":"https:\/\/bertrand.pl\/fr\/produit\/quadrat-alutrend\/","og_site_name":"Bertrand. Najwy\u017cszej jako\u015bci okna i drzwi. Certyfikowany producent od 1969 roku.","article_publisher":"https:\/\/www.facebook.com\/bertrandpolska\/","article_modified_time":"2025-03-06T14:26:26+00:00","og_image":[{"width":750,"height":750,"url":"https:\/\/bertrand.pl\/wp-content\/uploads\/2023\/12\/alutrend_quadrat_big.jpg","type":"image\/jpeg"}],"twitter_card":"summary_large_image","twitter_misc":{"Dur\u00e9e de lecture estim\u00e9e":"4 minutes"},"schema":{"@context":"https:\/\/schema.org","@graph":[{"@type":"WebPage","@id":"https:\/\/bertrand.pl\/produkt\/alutrend-quadrat\/","url":"https:\/\/bertrand.pl\/produkt\/alutrend-quadrat\/","name":"Alutrend Quadrat - Bertrand. Najwy\u017cszej jako\u015bci okna i drzwi. Certyfikowany producent od 1969 roku.","isPartOf":{"@id":"https:\/\/bertrand.pl\/#website"},"primaryImageOfPage":{"@id":"https:\/\/bertrand.pl\/produkt\/alutrend-quadrat\/#primaryimage"},"image":{"@id":"https:\/\/bertrand.pl\/produkt\/alutrend-quadrat\/#primaryimage"},"thumbnailUrl":"https:\/\/bertrand.pl\/wp-content\/uploads\/2023\/12\/alutrend_quadrat_big.jpg","datePublished":"2023-12-13T09:51:07+00:00","dateModified":"2025-03-06T14:26:26+00:00","description":"Fen\u00eatres en bois-aluminium Alutrend Quadrat \u2013 durabilit\u00e9, isolation thermique et design moderne. Bois naturel \u00e0 l&#039;int\u00e9rieur, aluminium \u00e0 l&#039;ext\u00e9rieur.","breadcrumb":{"@id":"https:\/\/bertrand.pl\/produkt\/alutrend-quadrat\/#breadcrumb"},"inLanguage":"fr-FR","potentialAction":[{"@type":"ReadAction","target":["https:\/\/bertrand.pl\/produkt\/alutrend-quadrat\/"]}]},{"@type":"ImageObject","inLanguage":"fr-FR","@id":"https:\/\/bertrand.pl\/produkt\/alutrend-quadrat\/#primaryimage","url":"https:\/\/bertrand.pl\/wp-content\/uploads\/2023\/12\/alutrend_quadrat_big.jpg","contentUrl":"https:\/\/bertrand.pl\/wp-content\/uploads\/2023\/12\/alutrend_quadrat_big.jpg","width":750,"height":750},{"@type":"BreadcrumbList","@id":"https:\/\/bertrand.pl\/produkt\/alutrend-quadrat\/#breadcrumb","itemListElement":[{"@type":"ListItem","position":1,"name":"Strona g\u0142\u00f3wna","item":"https:\/\/bertrand.pl\/"},{"@type":"ListItem","position":2,"name":"Produits","item":"https:\/\/bertrand.pl\/fr\/shop\/"},{"@type":"ListItem","position":3,"name":"Alutrend Quadrat"}]},{"@type":"WebSite","@id":"https:\/\/bertrand.pl\/#website","url":"https:\/\/bertrand.pl\/","name":"Bertrand.pl","description":"Firma Bertrand to certyfikowany i uznany producent najwy\u017cszej jako\u015bci okien z PVC, z drewna lub aluminium. Produkcja drzwi, rolet i bram gara\u017cowych.","publisher":{"@id":"https:\/\/bertrand.pl\/#organization"},"potentialAction":[{"@type":"SearchAction","target":{"@type":"EntryPoint","urlTemplate":"https:\/\/bertrand.pl\/?s={search_term_string}"},"query-input":{"@type":"PropertyValueSpecification","valueRequired":true,"valueName":"search_term_string"}}],"inLanguage":"fr-FR"},{"@type":"Organization","@id":"https:\/\/bertrand.pl\/#organization","name":"Bertrand.pl","url":"https:\/\/bertrand.pl\/","logo":{"@type":"ImageObject","inLanguage":"fr-FR","@id":"https:\/\/bertrand.pl\/#\/schema\/logo\/image\/","url":"https:\/\/bertrand.pl\/wp-content\/uploads\/2024\/12\/logo_BB_TM_PL_black.png","contentUrl":"https:\/\/bertrand.pl\/wp-content\/uploads\/2024\/12\/logo_BB_TM_PL_black.png","width":1831,"height":1831,"caption":"Bertrand.pl"},"image":{"@id":"https:\/\/bertrand.pl\/#\/schema\/logo\/image\/"},"sameAs":["https:\/\/www.facebook.com\/bertrandpolska\/","https:\/\/www.instagram.com\/bertrand_okna_i_drzwi\/","https:\/\/www.linkedin.com\/company\/bertrand\/","https:\/\/www.tiktok.com\/@bertrand_okna_drzwi"]}]}},"_links":{"self":[{"href":"https:\/\/bertrand.pl\/fr\/wp-json\/wp\/v2\/product\/1040","targetHints":{"allow":["GET"]}}],"collection":[{"href":"https:\/\/bertrand.pl\/fr\/wp-json\/wp\/v2\/product"}],"about":[{"href":"https:\/\/bertrand.pl\/fr\/wp-json\/wp\/v2\/types\/product"}],"wp:featuredmedia":[{"embeddable":true,"href":"https:\/\/bertrand.pl\/fr\/wp-json\/wp\/v2\/media\/1042"}],"wp:attachment":[{"href":"https:\/\/bertrand.pl\/fr\/wp-json\/wp\/v2\/media?parent=1040"}],"wp:term":[{"taxonomy":"product_brand","embeddable":true,"href":"https:\/\/bertrand.pl\/fr\/wp-json\/wp\/v2\/product_brand?post=1040"},{"taxonomy":"product_cat","embeddable":true,"href":"https:\/\/bertrand.pl\/fr\/wp-json\/wp\/v2\/product_cat?post=1040"},{"taxonomy":"product_tag","embeddable":true,"href":"https:\/\/bertrand.pl\/fr\/wp-json\/wp\/v2\/product_tag?post=1040"}],"curies":[{"name":"wp","href":"https:\/\/api.w.org\/{rel}","templated":true}]}}