{"id":1054,"date":"2023-12-13T11:09:29","date_gmt":"2023-12-13T10:09:29","guid":{"rendered":"https:\/\/bertrand.pl\/?post_type=product&#038;p=1054"},"modified":"2025-03-06T15:26:04","modified_gmt":"2025-03-06T14:26:04","slug":"alutrend-quadrat-fb","status":"publish","type":"product","link":"https:\/\/bertrand.pl\/fr\/produkt\/alutrend-quadrat-fb\/","title":{"rendered":"Alutrend Quadrat FB"},"content":{"rendered":"<div id=\"column-wrap-id-1499432946\" class=\"sppb-col-sm-6\">\n<div id=\"column-id-1499432946\" class=\"sppb-column\">\n<div class=\"sppb-column-addons\">\n<div id=\"sppb-addon-wrapper-1499432947\" class=\"sppb-addon-wrapper\">\n<div id=\"sppb-addon-1499432947\" class=\"clearfix\">\n<div class=\"sppb-addon sppb-addon-text-block sppb-text-left\">\n<div class=\"sppb-addon-content\">\n<p><strong>Alutrend Quadrat FB<\/strong> est un syst\u00e8me de fen\u00eatres moderne en bois-aluminium qui se distingue par ses formes rectangulaires et son design \u00e9l\u00e9gant. Le rev\u00eatement du vantail de porte, affleurant le rev\u00eatement du cadre de porte, souligne le style minimaliste, s&#039;int\u00e9grant parfaitement dans les int\u00e9rieurs et les fa\u00e7ades modernes. De plus, gr\u00e2ce \u00e0 des solutions technologiques avanc\u00e9es et \u00e0 une esth\u00e9tique \u00e9lev\u00e9e, Alutrend Quadrat FB est sans aucun doute un excellent choix pour les personnes qui appr\u00e9cient la durabilit\u00e9, la fonctionnalit\u00e9 et le design.<\/p>\n<p>&nbsp;<\/p>\n<h4>Adaptation aux diff\u00e9rentes exigences<\/h4>\n<p>&nbsp;<\/p>\n<p>Le syst\u00e8me Alutrend Quadrat FB est disponible en deux variantes de profondeur :<\/p>\n<ul>\n<li><strong>XL (88mm)<\/strong> \u2013 id\u00e9al pour les exigences d\u2019isolation standard,<\/li>\n<li><strong>MAXIMUM (102 mm)<\/strong> \u2013 garantissant des param\u00e8tres thermiques et acoustiques encore meilleurs.<\/li>\n<\/ul>\n<p>Gr\u00e2ce \u00e0 cela, le produit peut \u00eatre parfaitement adapt\u00e9 \u00e0 une vari\u00e9t\u00e9 de conceptions architecturales, aussi bien dans les b\u00e2timents modernes que plus classiques.<\/p>\n<p>&nbsp;<\/p>\n<h4>Large choix de mat\u00e9riaux et de vitrages<\/h4>\n<p>&nbsp;<\/p>\n<p>Alutrend Quadrat FB vous propose un large choix d&#039;essences de bois, telles que le pin, le ch\u00eane ou le meranti, qui vous permettent d&#039;adapter harmonieusement l&#039;apparence de vos fen\u00eatres au style de votre int\u00e9rieur. Le syst\u00e8me permet l&#039;utilisation de :<\/p>\n<ul>\n<li><strong>Vitrage triple vitrage<\/strong> \u2013 assurer une isolation optimale,<\/li>\n<li><strong>Quadruple vitrage<\/strong> \u2013 garantissant le plus haut confort thermique et acoustique.<\/li>\n<\/ul>\n<p>Cette solution rend les fen\u00eatres de ce syst\u00e8me \u00e9conomes en \u00e9nergie et leur utilisation confortable dans n&#039;importe quelle zone climatique.<\/p>\n<p>&nbsp;<\/p>\n<h4>Alutrend Quadrat FB \u2013 Durabilit\u00e9 et protection<\/h4>\n<p>&nbsp;<\/p>\n<p>Le syst\u00e8me est \u00e9quip\u00e9 de <strong>trois lignes de scellage<\/strong>, qui prot\u00e8gent efficacement contre l&#039;humidit\u00e9, mais aussi contre le vent et d&#039;autres facteurs atmosph\u00e9riques. De plus, la possibilit\u00e9 d\u2019utiliser des charni\u00e8res de surface ou cach\u00e9es vous donne une totale libert\u00e9 dans la personnalisation du produit. Cela rend ces fen\u00eatres non seulement durables, mais \u00e9galement flexibles dans leur utilisation.<\/p>\n<p>&nbsp;<\/p>\n<h4>Principaux avantages du syst\u00e8me Alutrend Quadrat FB :<\/h4>\n<p>&nbsp;<\/p>\n<ol>\n<li><strong>Conception minimaliste :<\/strong> Les rev\u00eatements de vantail et de cadre de porte affleurants soulignent l&#039;aspect moderne.<\/li>\n<li><strong>Flexibilit\u00e9:<\/strong> Deux profondeurs de profil (88 mm et 102 mm) pour s&#039;adapter \u00e0 une vari\u00e9t\u00e9 de projets.<\/li>\n<li><strong>Efficacit\u00e9 \u00e9nerg\u00e9tique\u00a0:<\/strong> Triple et quadruple vitrage pour une isolation thermique et acoustique optimale.<\/li>\n<li><strong>Durabilit\u00e9:<\/strong> Trois lignes d&#039;\u00e9tanch\u00e9it\u00e9 assurent une protection durable contre les intemp\u00e9ries.<\/li>\n<li><strong>Personnalisation:<\/strong> Une s\u00e9lection d&#039;essences de bois et de charni\u00e8res adapt\u00e9es aux besoins individuels.<\/li>\n<\/ol>\n<p>&nbsp;<\/p>\n<h4>La solution parfaite pour les ann\u00e9es \u00e0 venir<\/h4>\n<p>&nbsp;<\/p>\n<p>Alutrend Quadrat FB est une combinaison de modernit\u00e9, de durabilit\u00e9 et de technologies avanc\u00e9es. Le syst\u00e8me r\u00e9pond aux attentes des utilisateurs les plus exigeants, offrant non seulement une excellente fonctionnalit\u00e9, mais \u00e9galement un design intemporel qui souligne le caract\u00e8re de chaque projet.<\/p>\n<p>&nbsp;<\/p>\n<\/div>\n<p><em>Bertrand utilise les vernis \u00e0 bois les plus avanc\u00e9s. Notre vernis AQUATOP, que nous utilisons en standard, prot\u00e8ge les surfaces des intemp\u00e9ries et leur assure une protection lisse et durable.<\/em><\/p>\n<p><em>AQUATOP se caract\u00e9rise par une excellente r\u00e9sistance \u00e0 l\u2019humidit\u00e9. Il prot\u00e8ge les surfaces de l\u2019eau, de la pluie et de l\u2019humidit\u00e9, \u00e9vitant ainsi les probl\u00e8mes tels que la pourriture, la moisissure et les dommages au fil du temps. Offre une r\u00e9sistance fiable toute l\u2019ann\u00e9e, quel que soit le climat.\u00a0<\/em><\/p>\n<p><em>Gr\u00e2ce \u00e0 des vernis avanc\u00e9s et innovants et \u00e0 un processus de production soign\u00e9, hybride entre le meulage automatis\u00e9 des surfaces planes et le meulage manuel des surfaces difficiles d&#039;acc\u00e8s, comme la surface int\u00e9rieure du cadre, nos fen\u00eatres en bois ont une finition lisse et impeccable. .<\/em><\/p>\n<p><em>Les fen\u00eatres en bois Bertrand sont parfaites pour les climats chauds gr\u00e2ce \u00e0 l&#039;utilisation de vernis aux pigments froids.<\/em><\/p>\n<p>&nbsp;<\/p>\n<h4><strong><a href=\"https:\/\/bertrand.pl\/fr\/couleur\/\">Couleurs des fen\u00eatres et des portes<\/a><\/strong><\/h4>\n<\/div>\n<\/div>\n<\/div>\n<\/div>\n<\/div>\n<\/div>","protected":false},"excerpt":{"rendered":"<p><strong>La beaut\u00e9 du bois naturel<\/strong>.<\/p>\n<p>Quadrat FB est un syst\u00e8me moderne en bois et aluminium qui se distingue par des formes rectangulaires et un design \u00e9l\u00e9gant, o\u00f9 le rev\u00eatement du vantail affleure le rev\u00eatement du cadre de porte.<\/p>","protected":false},"featured_media":1055,"template":"","meta":{"site-sidebar-layout":"default","site-content-layout":"","ast-site-content-layout":"default","site-content-style":"default","site-sidebar-style":"default","ast-global-header-display":"","ast-banner-title-visibility":"","ast-main-header-display":"","ast-hfb-above-header-display":"","ast-hfb-below-header-display":"","ast-hfb-mobile-header-display":"","site-post-title":"","ast-breadcrumbs-content":"","ast-featured-img":"","footer-sml-layout":"","ast-disable-related-posts":"","theme-transparent-header-meta":"default","adv-header-id-meta":"","stick-header-meta":"","header-above-stick-meta":"","header-main-stick-meta":"","header-below-stick-meta":"","astra-migrate-meta-layouts":"set","ast-page-background-enabled":"default","ast-page-background-meta":{"desktop":{"background-color":"var(--ast-global-color-4)","background-image":"","background-repeat":"repeat","background-position":"center center","background-size":"auto","background-attachment":"scroll","background-type":"","background-media":"","overlay-type":"","overlay-color":"","overlay-opacity":"","overlay-gradient":""},"tablet":{"background-color":"","background-image":"","background-repeat":"repeat","background-position":"center center","background-size":"auto","background-attachment":"scroll","background-type":"","background-media":"","overlay-type":"","overlay-color":"","overlay-opacity":"","overlay-gradient":""},"mobile":{"background-color":"","background-image":"","background-repeat":"repeat","background-position":"center center","background-size":"auto","background-attachment":"scroll","background-type":"","background-media":"","overlay-type":"","overlay-color":"","overlay-opacity":"","overlay-gradient":""}},"ast-content-background-meta":{"desktop":{"background-color":"var(--ast-global-color-5)","background-image":"","background-repeat":"repeat","background-position":"center center","background-size":"auto","background-attachment":"scroll","background-type":"","background-media":"","overlay-type":"","overlay-color":"","overlay-opacity":"","overlay-gradient":""},"tablet":{"background-color":"var(--ast-global-color-5)","background-image":"","background-repeat":"repeat","background-position":"center center","background-size":"auto","background-attachment":"scroll","background-type":"","background-media":"","overlay-type":"","overlay-color":"","overlay-opacity":"","overlay-gradient":""},"mobile":{"background-color":"var(--ast-global-color-5)","background-image":"","background-repeat":"repeat","background-position":"center center","background-size":"auto","background-attachment":"scroll","background-type":"","background-media":"","overlay-type":"","overlay-color":"","overlay-opacity":"","overlay-gradient":""}}},"product_brand":[],"product_cat":[27],"product_tag":[316,193,384,168,326,367,368,339,311,352,354,344,346,408,370,389,398,405,361,366,397,174,355,323,363,324,423,424,351,169,422,362,348],"class_list":{"0":"post-1054","1":"product","2":"type-product","3":"status-publish","4":"has-post-thumbnail","6":"product_cat-okna-drewniano-aluminiowe","7":"product_tag-aluminiowe-okno","8":"product_tag-aluminium","9":"product_tag-alutrend","10":"product_tag-bertrand","11":"product_tag-budowa-domu","12":"product_tag-budownictwo","13":"product_tag-budownictwo-pasywne","14":"product_tag-design","15":"product_tag-dobre-wlasciwosci-termiczne","16":"product_tag-dobreokna","17":"product_tag-drewno","18":"product_tag-duze-okna","19":"product_tag-duze-przestrzenie","20":"product_tag-duze-przeszklenia","21":"product_tag-idealne-okna-do-domu","22":"product_tag-izolacja-akustyczna","23":"product_tag-izolacja-cieplna","24":"product_tag-izolacja-termiczna","25":"product_tag-jakosc","26":"product_tag-komfort","27":"product_tag-light","28":"product_tag-okna","29":"product_tag-okna-drewniano-aluminiowe","30":"product_tag-okna-z-polski","31":"product_tag-oknazpolski","32":"product_tag-okno-dla-domu","33":"product_tag-okno-drewniane","34":"product_tag-okno-drewniano-aluminiowe","35":"product_tag-oknobertrand","36":"product_tag-produkt","37":"product_tag-quadrat","38":"product_tag-quality","39":"product_tag-windows","40":"desktop-align-left","41":"tablet-align-left","42":"mobile-align-left","44":"first","45":"instock","46":"shipping-taxable","47":"product-type-simple"},"yoast_head":"<!-- This site is optimized with the Yoast SEO Premium plugin v27.2 (Yoast SEO v27.2) - https:\/\/yoast.com\/product\/yoast-seo-premium-wordpress\/ -->\n<title>Alutrend Quadrat FB - Bertrand. Najwy\u017cszej jako\u015bci okna i drzwi. Certyfikowany producent od 1969 roku.<\/title>\n<meta name=\"description\" content=\"Alutrend Quadrat FB \u2013 nowoczesny system drewniano-aluminiowy od Bertrand. Design, trwa\u0142o\u015b\u0107 i funkcjonalno\u015b\u0107 w jednym produkcie.\" \/>\n<meta name=\"robots\" content=\"index, follow, max-snippet:-1, max-image-preview:large, max-video-preview:-1\" \/>\n<link rel=\"canonical\" href=\"https:\/\/bertrand.pl\/fr\/produit\/alutrend-quadrat-fb\/\" \/>\n<meta property=\"og:locale\" content=\"fr_FR\" \/>\n<meta property=\"og:type\" content=\"article\" \/>\n<meta property=\"og:title\" content=\"Alutrend Quadrat FB\" \/>\n<meta property=\"og:description\" content=\"Alutrend Quadrat FB \u2013 nowoczesny system drewniano-aluminiowy od Bertrand. Design, trwa\u0142o\u015b\u0107 i funkcjonalno\u015b\u0107 w jednym produkcie.\" \/>\n<meta property=\"og:url\" content=\"https:\/\/bertrand.pl\/fr\/produit\/alutrend-quadrat-fb\/\" \/>\n<meta property=\"og:site_name\" content=\"Bertrand. Najwy\u017cszej jako\u015bci okna i drzwi. Certyfikowany producent od 1969 roku.\" \/>\n<meta property=\"article:publisher\" content=\"https:\/\/www.facebook.com\/bertrandpolska\/\" \/>\n<meta property=\"article:modified_time\" content=\"2025-03-06T14:26:04+00:00\" \/>\n<meta property=\"og:image\" content=\"https:\/\/bertrand.pl\/wp-content\/uploads\/2023\/12\/wood_alu_Alutrend_Quadrat_FB_big.jpg\" \/>\n\t<meta property=\"og:image:width\" content=\"600\" \/>\n\t<meta property=\"og:image:height\" content=\"600\" \/>\n\t<meta property=\"og:image:type\" content=\"image\/jpeg\" \/>\n<meta name=\"twitter:card\" content=\"summary_large_image\" \/>\n<meta name=\"twitter:label1\" content=\"Dur\u00e9e de lecture estim\u00e9e\" \/>\n\t<meta name=\"twitter:data1\" content=\"3 minutes\" \/>\n<script type=\"application\/ld+json\" class=\"yoast-schema-graph\">{\"@context\":\"https:\/\/schema.org\",\"@graph\":[{\"@type\":\"WebPage\",\"@id\":\"https:\/\/bertrand.pl\/produkt\/alutrend-quadrat-fb\/\",\"url\":\"https:\/\/bertrand.pl\/produkt\/alutrend-quadrat-fb\/\",\"name\":\"Alutrend Quadrat FB - Bertrand. Najwy\u017cszej jako\u015bci okna i drzwi. Certyfikowany producent od 1969 roku.\",\"isPartOf\":{\"@id\":\"https:\/\/bertrand.pl\/#website\"},\"primaryImageOfPage\":{\"@id\":\"https:\/\/bertrand.pl\/produkt\/alutrend-quadrat-fb\/#primaryimage\"},\"image\":{\"@id\":\"https:\/\/bertrand.pl\/produkt\/alutrend-quadrat-fb\/#primaryimage\"},\"thumbnailUrl\":\"https:\/\/bertrand.pl\/wp-content\/uploads\/2023\/12\/wood_alu_Alutrend_Quadrat_FB_big.jpg\",\"datePublished\":\"2023-12-13T10:09:29+00:00\",\"dateModified\":\"2025-03-06T14:26:04+00:00\",\"description\":\"Alutrend Quadrat FB \u2013 nowoczesny system drewniano-aluminiowy od Bertrand. Design, trwa\u0142o\u015b\u0107 i funkcjonalno\u015b\u0107 w jednym produkcie.\",\"breadcrumb\":{\"@id\":\"https:\/\/bertrand.pl\/produkt\/alutrend-quadrat-fb\/#breadcrumb\"},\"inLanguage\":\"fr-FR\",\"potentialAction\":[{\"@type\":\"ReadAction\",\"target\":[\"https:\/\/bertrand.pl\/produkt\/alutrend-quadrat-fb\/\"]}]},{\"@type\":\"ImageObject\",\"inLanguage\":\"fr-FR\",\"@id\":\"https:\/\/bertrand.pl\/produkt\/alutrend-quadrat-fb\/#primaryimage\",\"url\":\"https:\/\/bertrand.pl\/wp-content\/uploads\/2023\/12\/wood_alu_Alutrend_Quadrat_FB_big.jpg\",\"contentUrl\":\"https:\/\/bertrand.pl\/wp-content\/uploads\/2023\/12\/wood_alu_Alutrend_Quadrat_FB_big.jpg\",\"width\":600,\"height\":600},{\"@type\":\"BreadcrumbList\",\"@id\":\"https:\/\/bertrand.pl\/produkt\/alutrend-quadrat-fb\/#breadcrumb\",\"itemListElement\":[{\"@type\":\"ListItem\",\"position\":1,\"name\":\"Strona g\u0142\u00f3wna\",\"item\":\"https:\/\/bertrand.pl\/\"},{\"@type\":\"ListItem\",\"position\":2,\"name\":\"Produits\",\"item\":\"https:\/\/bertrand.pl\/fr\/shop\/\"},{\"@type\":\"ListItem\",\"position\":3,\"name\":\"Alutrend Quadrat FB\"}]},{\"@type\":\"WebSite\",\"@id\":\"https:\/\/bertrand.pl\/#website\",\"url\":\"https:\/\/bertrand.pl\/\",\"name\":\"Bertrand.pl\",\"description\":\"Firma Bertrand to certyfikowany i uznany producent najwy\u017cszej jako\u015bci okien z PVC, z drewna lub aluminium. Produkcja drzwi, rolet i bram gara\u017cowych.\",\"publisher\":{\"@id\":\"https:\/\/bertrand.pl\/#organization\"},\"potentialAction\":[{\"@type\":\"SearchAction\",\"target\":{\"@type\":\"EntryPoint\",\"urlTemplate\":\"https:\/\/bertrand.pl\/?s={search_term_string}\"},\"query-input\":{\"@type\":\"PropertyValueSpecification\",\"valueRequired\":true,\"valueName\":\"search_term_string\"}}],\"inLanguage\":\"fr-FR\"},{\"@type\":\"Organization\",\"@id\":\"https:\/\/bertrand.pl\/#organization\",\"name\":\"Bertrand.pl\",\"url\":\"https:\/\/bertrand.pl\/\",\"logo\":{\"@type\":\"ImageObject\",\"inLanguage\":\"fr-FR\",\"@id\":\"https:\/\/bertrand.pl\/#\/schema\/logo\/image\/\",\"url\":\"https:\/\/bertrand.pl\/wp-content\/uploads\/2024\/12\/logo_BB_TM_PL_black.png\",\"contentUrl\":\"https:\/\/bertrand.pl\/wp-content\/uploads\/2024\/12\/logo_BB_TM_PL_black.png\",\"width\":1831,\"height\":1831,\"caption\":\"Bertrand.pl\"},\"image\":{\"@id\":\"https:\/\/bertrand.pl\/#\/schema\/logo\/image\/\"},\"sameAs\":[\"https:\/\/www.facebook.com\/bertrandpolska\/\",\"https:\/\/www.instagram.com\/bertrand_okna_i_drzwi\/\",\"https:\/\/www.linkedin.com\/company\/bertrand\/\",\"https:\/\/www.tiktok.com\/@bertrand_okna_drzwi\"]}]}<\/script>\n<!-- \/ Yoast SEO Premium plugin. -->","yoast_head_json":{"title":"Alutrend Quadrat FB - Bertrand. Najwy\u017cszej jako\u015bci okna i drzwi. Certyfikowany producent od 1969 roku.","description":"Alutrend Quadrat FB \u2013 un syst\u00e8me bois-aluminium moderne de Bertrand. Design, durabilit\u00e9 et fonctionnalit\u00e9 dans un seul produit.","robots":{"index":"index","follow":"follow","max-snippet":"max-snippet:-1","max-image-preview":"max-image-preview:large","max-video-preview":"max-video-preview:-1"},"canonical":"https:\/\/bertrand.pl\/fr\/produit\/alutrend-quadrat-fb\/","og_locale":"fr_FR","og_type":"article","og_title":"Alutrend Quadrat FB","og_description":"Alutrend Quadrat FB \u2013 nowoczesny system drewniano-aluminiowy od Bertrand. Design, trwa\u0142o\u015b\u0107 i funkcjonalno\u015b\u0107 w jednym produkcie.","og_url":"https:\/\/bertrand.pl\/fr\/produit\/alutrend-quadrat-fb\/","og_site_name":"Bertrand. Najwy\u017cszej jako\u015bci okna i drzwi. Certyfikowany producent od 1969 roku.","article_publisher":"https:\/\/www.facebook.com\/bertrandpolska\/","article_modified_time":"2025-03-06T14:26:04+00:00","og_image":[{"width":600,"height":600,"url":"https:\/\/bertrand.pl\/wp-content\/uploads\/2023\/12\/wood_alu_Alutrend_Quadrat_FB_big.jpg","type":"image\/jpeg"}],"twitter_card":"summary_large_image","twitter_misc":{"Dur\u00e9e de lecture estim\u00e9e":"3 minutes"},"schema":{"@context":"https:\/\/schema.org","@graph":[{"@type":"WebPage","@id":"https:\/\/bertrand.pl\/produkt\/alutrend-quadrat-fb\/","url":"https:\/\/bertrand.pl\/produkt\/alutrend-quadrat-fb\/","name":"Alutrend Quadrat FB - Bertrand. Najwy\u017cszej jako\u015bci okna i drzwi. Certyfikowany producent od 1969 roku.","isPartOf":{"@id":"https:\/\/bertrand.pl\/#website"},"primaryImageOfPage":{"@id":"https:\/\/bertrand.pl\/produkt\/alutrend-quadrat-fb\/#primaryimage"},"image":{"@id":"https:\/\/bertrand.pl\/produkt\/alutrend-quadrat-fb\/#primaryimage"},"thumbnailUrl":"https:\/\/bertrand.pl\/wp-content\/uploads\/2023\/12\/wood_alu_Alutrend_Quadrat_FB_big.jpg","datePublished":"2023-12-13T10:09:29+00:00","dateModified":"2025-03-06T14:26:04+00:00","description":"Alutrend Quadrat FB \u2013 un syst\u00e8me bois-aluminium moderne de Bertrand. Design, durabilit\u00e9 et fonctionnalit\u00e9 dans un seul produit.","breadcrumb":{"@id":"https:\/\/bertrand.pl\/produkt\/alutrend-quadrat-fb\/#breadcrumb"},"inLanguage":"fr-FR","potentialAction":[{"@type":"ReadAction","target":["https:\/\/bertrand.pl\/produkt\/alutrend-quadrat-fb\/"]}]},{"@type":"ImageObject","inLanguage":"fr-FR","@id":"https:\/\/bertrand.pl\/produkt\/alutrend-quadrat-fb\/#primaryimage","url":"https:\/\/bertrand.pl\/wp-content\/uploads\/2023\/12\/wood_alu_Alutrend_Quadrat_FB_big.jpg","contentUrl":"https:\/\/bertrand.pl\/wp-content\/uploads\/2023\/12\/wood_alu_Alutrend_Quadrat_FB_big.jpg","width":600,"height":600},{"@type":"BreadcrumbList","@id":"https:\/\/bertrand.pl\/produkt\/alutrend-quadrat-fb\/#breadcrumb","itemListElement":[{"@type":"ListItem","position":1,"name":"Strona g\u0142\u00f3wna","item":"https:\/\/bertrand.pl\/"},{"@type":"ListItem","position":2,"name":"Produits","item":"https:\/\/bertrand.pl\/fr\/shop\/"},{"@type":"ListItem","position":3,"name":"Alutrend Quadrat FB"}]},{"@type":"WebSite","@id":"https:\/\/bertrand.pl\/#website","url":"https:\/\/bertrand.pl\/","name":"Bertrand.pl","description":"Firma Bertrand to certyfikowany i uznany producent najwy\u017cszej jako\u015bci okien z PVC, z drewna lub aluminium. Produkcja drzwi, rolet i bram gara\u017cowych.","publisher":{"@id":"https:\/\/bertrand.pl\/#organization"},"potentialAction":[{"@type":"SearchAction","target":{"@type":"EntryPoint","urlTemplate":"https:\/\/bertrand.pl\/?s={search_term_string}"},"query-input":{"@type":"PropertyValueSpecification","valueRequired":true,"valueName":"search_term_string"}}],"inLanguage":"fr-FR"},{"@type":"Organization","@id":"https:\/\/bertrand.pl\/#organization","name":"Bertrand.pl","url":"https:\/\/bertrand.pl\/","logo":{"@type":"ImageObject","inLanguage":"fr-FR","@id":"https:\/\/bertrand.pl\/#\/schema\/logo\/image\/","url":"https:\/\/bertrand.pl\/wp-content\/uploads\/2024\/12\/logo_BB_TM_PL_black.png","contentUrl":"https:\/\/bertrand.pl\/wp-content\/uploads\/2024\/12\/logo_BB_TM_PL_black.png","width":1831,"height":1831,"caption":"Bertrand.pl"},"image":{"@id":"https:\/\/bertrand.pl\/#\/schema\/logo\/image\/"},"sameAs":["https:\/\/www.facebook.com\/bertrandpolska\/","https:\/\/www.instagram.com\/bertrand_okna_i_drzwi\/","https:\/\/www.linkedin.com\/company\/bertrand\/","https:\/\/www.tiktok.com\/@bertrand_okna_drzwi"]}]}},"_links":{"self":[{"href":"https:\/\/bertrand.pl\/fr\/wp-json\/wp\/v2\/product\/1054","targetHints":{"allow":["GET"]}}],"collection":[{"href":"https:\/\/bertrand.pl\/fr\/wp-json\/wp\/v2\/product"}],"about":[{"href":"https:\/\/bertrand.pl\/fr\/wp-json\/wp\/v2\/types\/product"}],"wp:featuredmedia":[{"embeddable":true,"href":"https:\/\/bertrand.pl\/fr\/wp-json\/wp\/v2\/media\/1055"}],"wp:attachment":[{"href":"https:\/\/bertrand.pl\/fr\/wp-json\/wp\/v2\/media?parent=1054"}],"wp:term":[{"taxonomy":"product_brand","embeddable":true,"href":"https:\/\/bertrand.pl\/fr\/wp-json\/wp\/v2\/product_brand?post=1054"},{"taxonomy":"product_cat","embeddable":true,"href":"https:\/\/bertrand.pl\/fr\/wp-json\/wp\/v2\/product_cat?post=1054"},{"taxonomy":"product_tag","embeddable":true,"href":"https:\/\/bertrand.pl\/fr\/wp-json\/wp\/v2\/product_tag?post=1054"}],"curies":[{"name":"wp","href":"https:\/\/api.w.org\/{rel}","templated":true}]}}