{"id":1113,"date":"2025-03-13T13:18:56","date_gmt":"2025-03-13T12:18:56","guid":{"rendered":"https:\/\/bertrand.pl\/?post_type=product&#038;p=1113"},"modified":"2025-07-10T14:32:07","modified_gmt":"2025-07-10T12:32:07","slug":"smoovio","status":"publish","type":"product","link":"https:\/\/bertrand.pl\/fr\/produkt\/smoovio\/","title":{"rendered":"Smoovio"},"content":{"rendered":"<p class=\"translation-block\">Le syst\u00e8me coulissant <strong>SMOOVIO<\/strong> est une solution moderne qui allie confort d'utilisation et niveau d'\u00e9tanch\u00e9it\u00e9 le plus \u00e9lev\u00e9. Les syst\u00e8mes coulissants traditionnels rencontraient souvent le probl\u00e8me o\u00f9 la facilit\u00e9 d'utilisation se faisait au d\u00e9triment de l'\u00e9tanch\u00e9it\u00e9. Cependant, gr\u00e2ce au m\u00e9canisme de verrouillage innovant du syst\u00e8me SMOOVIO, le probl\u00e8me des fuites a \u00e9t\u00e9 enti\u00e8rement \u00e9limin\u00e9. Cette solution assure un fonctionnement fluide des \u00e9l\u00e9ments coulissants et une fermeture solide et s\u00e9curis\u00e9e, garantissant une excellente protection contre les courants d'air, l'humidit\u00e9 et le bruit.<\/p>\n<p>&nbsp;<\/p>\n<h4><strong>Encore plus d'espace dans votre int\u00e9rieur<\/strong><\/h4>\n<p>&nbsp;<\/p>\n<p>Les syst\u00e8mes coulissants comme SMOOVIO sont particuli\u00e8rement pratiques, notamment dans les petits espaces. Les fen\u00eatres et portes traditionnelles n\u00e9cessitent une zone libre pour l'ouverture de l'ouvrant, ce qui limite les possibilit\u00e9s d'am\u00e9nagement. En revanche, un syst\u00e8me coulissant \u00e9limine ce probl\u00e8me, permettant une utilisation compl\u00e8te de l'espace directement sous la fen\u00eatre ou \u00e0 proximit\u00e9 des portes coulissantes. Ainsi, vous gagnez plus d'espace libre dans votre int\u00e9rieur, ce qui est particuli\u00e8rement important dans les petits appartements o\u00f9 chaque centim\u00e8tre carr\u00e9 est pr\u00e9cieux.<\/p>\n<p>&nbsp;<\/p>\n<h4><strong>Fonctionnalit\u00e9 et esth\u00e9tique en un seul produit<\/strong><\/h4>\n<p>&nbsp;<\/p>\n<p>SMOOVIO n'est pas seulement une solution pratique, mais aussi un syst\u00e8me qui s'int\u00e8gre parfaitement dans le design moderne des int\u00e9rieurs. Gr\u00e2ce \u00e0 ses m\u00e9canismes coulissants, les fen\u00eatres et les portes ont une apparence esth\u00e9tique et sont extr\u00eamement faciles \u00e0 utiliser. De plus, le syst\u00e8me coulissant fonctionne en douceur, ce qui am\u00e9liore consid\u00e9rablement le confort d'utilisation au quotidien.<\/p>\n<p>&nbsp;<\/p>\n<h4><strong>Pourquoi choisir le syst\u00e8me SMOOVIO ?<\/strong><\/h4>\n<p>&nbsp;<\/p>\n<ul>\n<li class=\"translation-block\"><strong>\u00c9tanch\u00e9it\u00e9 :<\/strong> Le m\u00e9canisme de verrouillage innovant garantit une protection totale contre les courants d'air, l'humidit\u00e9 et le bruit.<\/li>\n<li class=\"translation-block\"><strong>Plus d'espace :<\/strong> La possibilit\u00e9 d'exploiter l'espace directement sous ou \u00e0 proximit\u00e9 de la fen\u00eatre.<\/li>\n<li class=\"translation-block\"><strong>Design moderne :<\/strong> Parfaitement adapt\u00e9 aux int\u00e9rieurs contemporains, alliant esth\u00e9tique et fonctionnalit\u00e9.<\/li>\n<li class=\"translation-block\"><strong>Confort d'utilisation :<\/strong> Le fonctionnement fluide des \u00e9l\u00e9ments coulissants assure une utilisation quotidienne ais\u00e9e.<\/li>\n<li class=\"translation-block\"><strong>Polyvalence :<\/strong> Une solution id\u00e9ale pour les petits comme les grands espaces n\u00e9cessitant une utilisation efficace de l'espace.<\/li>\n<\/ul>\n<p>&nbsp;<\/p>\n<p>Le syst\u00e8me coulissant SMOOVIO est une solution r\u00e9volutionnaire qui \u00e9limine le compromis entre confort et \u00e9tanch\u00e9it\u00e9. Gr\u00e2ce \u00e0 ses m\u00e9canismes modernes, vous pouvez profiter d'une utilisation fluide, d'un espace accru dans votre int\u00e9rieur et d'un design exceptionnel. C'est le choix id\u00e9al pour ceux qui appr\u00e9cient la modernit\u00e9, la fonctionnalit\u00e9 et la qualit\u00e9 sup\u00e9rieure.<\/p>\n<p>&nbsp;<\/p>\n<p>&nbsp;<\/p>\n<p>&nbsp;<\/p>\n<h4><strong><a href=\"https:\/\/bertrand.pl\/fr\/couleur\/\">Couleurs des fen\u00eatres et des portes<\/a><\/strong><\/h4>","protected":false},"excerpt":{"rendered":"<p><strong>SYST\u00c8ME COULISSANT BERTRAND MODERNE<\/strong><\/p>\n<p>L\u2019espace dans un appartement est tr\u00e8s pr\u00e9cieux et doit \u00eatre utilis\u00e9 de mani\u00e8re optimale. Le syst\u00e8me coulissant SMOOVIO assure un grand confort d\u2019utilisation, permet un gain de place et offre une \u00e9tanch\u00e9it\u00e9 exceptionnelle. Les propri\u00e9t\u00e9s uniques de ce nouveau syst\u00e8me coulissant r\u00e9sultent de la synergie entre des \u00e9l\u00e9ments tels qu\u2019une nouvelle conception des ferrures, une g\u00e9om\u00e9trie innovante des profils et une forme de joint soigneusement \u00e9tudi\u00e9e.<\/p>","protected":false},"featured_media":1115,"template":"","meta":{"site-sidebar-layout":"default","site-content-layout":"","ast-site-content-layout":"default","site-content-style":"default","site-sidebar-style":"default","ast-global-header-display":"","ast-banner-title-visibility":"","ast-main-header-display":"","ast-hfb-above-header-display":"","ast-hfb-below-header-display":"","ast-hfb-mobile-header-display":"","site-post-title":"","ast-breadcrumbs-content":"","ast-featured-img":"","footer-sml-layout":"","ast-disable-related-posts":"","theme-transparent-header-meta":"default","adv-header-id-meta":"","stick-header-meta":"","header-above-stick-meta":"","header-main-stick-meta":"","header-below-stick-meta":"","astra-migrate-meta-layouts":"set","ast-page-background-enabled":"default","ast-page-background-meta":{"desktop":{"background-color":"var(--ast-global-color-4)","background-image":"","background-repeat":"repeat","background-position":"center center","background-size":"auto","background-attachment":"scroll","background-type":"","background-media":"","overlay-type":"","overlay-color":"","overlay-opacity":"","overlay-gradient":""},"tablet":{"background-color":"","background-image":"","background-repeat":"repeat","background-position":"center center","background-size":"auto","background-attachment":"scroll","background-type":"","background-media":"","overlay-type":"","overlay-color":"","overlay-opacity":"","overlay-gradient":""},"mobile":{"background-color":"","background-image":"","background-repeat":"repeat","background-position":"center center","background-size":"auto","background-attachment":"scroll","background-type":"","background-media":"","overlay-type":"","overlay-color":"","overlay-opacity":"","overlay-gradient":""}},"ast-content-background-meta":{"desktop":{"background-color":"var(--ast-global-color-5)","background-image":"","background-repeat":"repeat","background-position":"center center","background-size":"auto","background-attachment":"scroll","background-type":"","background-media":"","overlay-type":"","overlay-color":"","overlay-opacity":"","overlay-gradient":""},"tablet":{"background-color":"var(--ast-global-color-5)","background-image":"","background-repeat":"repeat","background-position":"center center","background-size":"auto","background-attachment":"scroll","background-type":"","background-media":"","overlay-type":"","overlay-color":"","overlay-opacity":"","overlay-gradient":""},"mobile":{"background-color":"var(--ast-global-color-5)","background-image":"","background-repeat":"repeat","background-position":"center center","background-size":"auto","background-attachment":"scroll","background-type":"","background-media":"","overlay-type":"","overlay-color":"","overlay-opacity":"","overlay-gradient":""}}},"product_brand":[],"product_cat":[18],"product_tag":[168,326,367,377,343,338,333,344,358,370,393,394,361,366,174,351,392,364,169,362,391,390],"class_list":{"0":"post-1113","1":"product","2":"type-product","3":"status-publish","4":"has-post-thumbnail","6":"product_cat-systemy-tarasowe","7":"product_tag-bertrand","8":"product_tag-budowa-domu","9":"product_tag-budownictwo","10":"product_tag-dobre-drzwi","11":"product_tag-drzwi-do-domu","12":"product_tag-drzwi-podnoszono-przesuwne","13":"product_tag-drzwi-przesuwne","14":"product_tag-duze-okna","15":"product_tag-gealan","16":"product_tag-idealne-okna-do-domu","17":"product_tag-innowacje","18":"product_tag-innowacyjne-drzwi","19":"product_tag-jakosc","20":"product_tag-komfort","21":"product_tag-okna","22":"product_tag-oknobertrand","23":"product_tag-otwarta-przestrzen","24":"product_tag-polskieokna","25":"product_tag-produkt","26":"product_tag-quality","27":"product_tag-smoovio","28":"product_tag-szczelnosc","29":"desktop-align-left","30":"tablet-align-left","31":"mobile-align-left","33":"first","34":"instock","35":"shipping-taxable","36":"product-type-simple"},"yoast_head":"<!-- This site is optimized with the Yoast SEO Premium plugin v27.2 (Yoast SEO v27.2) - https:\/\/yoast.com\/product\/yoast-seo-premium-wordpress\/ -->\n<title>SMOOVIO \u2013 wi\u0119cej miejsca, wi\u0119cej mo\u017cliwo\u015bci.<\/title>\n<meta name=\"description\" content=\"SMOOVIO \u2013 nowoczesny system przesuwny \u0142\u0105cz\u0105cy szczelno\u015b\u0107, p\u0142ynno\u015b\u0107 pracy i oszcz\u0119dno\u015b\u0107 miejsca. Wi\u0119ksza przestrze\u0144, wygoda i doskona\u0142y design w jednym!\" \/>\n<meta name=\"robots\" content=\"index, follow, max-snippet:-1, max-image-preview:large, max-video-preview:-1\" \/>\n<link rel=\"canonical\" href=\"https:\/\/bertrand.pl\/fr\/produit\/smoovio\/\" \/>\n<meta property=\"og:locale\" content=\"fr_FR\" \/>\n<meta property=\"og:type\" content=\"article\" \/>\n<meta property=\"og:title\" content=\"Smoovio\" \/>\n<meta property=\"og:description\" content=\"SMOOVIO \u2013 nowoczesny system przesuwny \u0142\u0105cz\u0105cy szczelno\u015b\u0107, p\u0142ynno\u015b\u0107 pracy i oszcz\u0119dno\u015b\u0107 miejsca. Wi\u0119ksza przestrze\u0144, wygoda i doskona\u0142y design w jednym!\" \/>\n<meta property=\"og:url\" content=\"https:\/\/bertrand.pl\/fr\/produit\/smoovio\/\" \/>\n<meta property=\"og:site_name\" content=\"Bertrand. Najwy\u017cszej jako\u015bci okna i drzwi. Certyfikowany producent od 1969 roku.\" \/>\n<meta property=\"article:publisher\" content=\"https:\/\/www.facebook.com\/bertrandpolska\/\" \/>\n<meta property=\"article:modified_time\" content=\"2025-07-10T12:32:07+00:00\" \/>\n<meta property=\"og:image\" content=\"https:\/\/bertrand.pl\/wp-content\/uploads\/2023\/12\/Schema_2.jpg\" \/>\n\t<meta property=\"og:image:width\" content=\"900\" \/>\n\t<meta property=\"og:image:height\" content=\"600\" \/>\n\t<meta property=\"og:image:type\" content=\"image\/jpeg\" \/>\n<meta name=\"twitter:card\" content=\"summary_large_image\" \/>\n<meta name=\"twitter:label1\" content=\"Dur\u00e9e de lecture estim\u00e9e\" \/>\n\t<meta name=\"twitter:data1\" content=\"3 minutes\" \/>\n<script type=\"application\/ld+json\" class=\"yoast-schema-graph\">{\"@context\":\"https:\/\/schema.org\",\"@graph\":[{\"@type\":\"WebPage\",\"@id\":\"https:\/\/bertrand.pl\/produkt\/smoovio\/\",\"url\":\"https:\/\/bertrand.pl\/produkt\/smoovio\/\",\"name\":\"SMOOVIO \u2013 wi\u0119cej miejsca, wi\u0119cej mo\u017cliwo\u015bci.\",\"isPartOf\":{\"@id\":\"https:\/\/bertrand.pl\/#website\"},\"primaryImageOfPage\":{\"@id\":\"https:\/\/bertrand.pl\/produkt\/smoovio\/#primaryimage\"},\"image\":{\"@id\":\"https:\/\/bertrand.pl\/produkt\/smoovio\/#primaryimage\"},\"thumbnailUrl\":\"https:\/\/bertrand.pl\/wp-content\/uploads\/2023\/12\/Schema_2.jpg\",\"datePublished\":\"2025-03-13T12:18:56+00:00\",\"dateModified\":\"2025-07-10T12:32:07+00:00\",\"description\":\"SMOOVIO \u2013 nowoczesny system przesuwny \u0142\u0105cz\u0105cy szczelno\u015b\u0107, p\u0142ynno\u015b\u0107 pracy i oszcz\u0119dno\u015b\u0107 miejsca. Wi\u0119ksza przestrze\u0144, wygoda i doskona\u0142y design w jednym!\",\"breadcrumb\":{\"@id\":\"https:\/\/bertrand.pl\/produkt\/smoovio\/#breadcrumb\"},\"inLanguage\":\"fr-FR\",\"potentialAction\":[{\"@type\":\"ReadAction\",\"target\":[\"https:\/\/bertrand.pl\/produkt\/smoovio\/\"]}]},{\"@type\":\"ImageObject\",\"inLanguage\":\"fr-FR\",\"@id\":\"https:\/\/bertrand.pl\/produkt\/smoovio\/#primaryimage\",\"url\":\"https:\/\/bertrand.pl\/wp-content\/uploads\/2023\/12\/Schema_2.jpg\",\"contentUrl\":\"https:\/\/bertrand.pl\/wp-content\/uploads\/2023\/12\/Schema_2.jpg\",\"width\":900,\"height\":600},{\"@type\":\"BreadcrumbList\",\"@id\":\"https:\/\/bertrand.pl\/produkt\/smoovio\/#breadcrumb\",\"itemListElement\":[{\"@type\":\"ListItem\",\"position\":1,\"name\":\"Strona g\u0142\u00f3wna\",\"item\":\"https:\/\/bertrand.pl\/\"},{\"@type\":\"ListItem\",\"position\":2,\"name\":\"Produits\",\"item\":\"https:\/\/bertrand.pl\/fr\/shop\/\"},{\"@type\":\"ListItem\",\"position\":3,\"name\":\"Smoovio\"}]},{\"@type\":\"WebSite\",\"@id\":\"https:\/\/bertrand.pl\/#website\",\"url\":\"https:\/\/bertrand.pl\/\",\"name\":\"Bertrand.pl\",\"description\":\"Firma Bertrand to certyfikowany i uznany producent najwy\u017cszej jako\u015bci okien z PVC, z drewna lub aluminium. Produkcja drzwi, rolet i bram gara\u017cowych.\",\"publisher\":{\"@id\":\"https:\/\/bertrand.pl\/#organization\"},\"potentialAction\":[{\"@type\":\"SearchAction\",\"target\":{\"@type\":\"EntryPoint\",\"urlTemplate\":\"https:\/\/bertrand.pl\/?s={search_term_string}\"},\"query-input\":{\"@type\":\"PropertyValueSpecification\",\"valueRequired\":true,\"valueName\":\"search_term_string\"}}],\"inLanguage\":\"fr-FR\"},{\"@type\":\"Organization\",\"@id\":\"https:\/\/bertrand.pl\/#organization\",\"name\":\"Bertrand.pl\",\"url\":\"https:\/\/bertrand.pl\/\",\"logo\":{\"@type\":\"ImageObject\",\"inLanguage\":\"fr-FR\",\"@id\":\"https:\/\/bertrand.pl\/#\/schema\/logo\/image\/\",\"url\":\"https:\/\/bertrand.pl\/wp-content\/uploads\/2024\/12\/logo_BB_TM_PL_black.png\",\"contentUrl\":\"https:\/\/bertrand.pl\/wp-content\/uploads\/2024\/12\/logo_BB_TM_PL_black.png\",\"width\":1831,\"height\":1831,\"caption\":\"Bertrand.pl\"},\"image\":{\"@id\":\"https:\/\/bertrand.pl\/#\/schema\/logo\/image\/\"},\"sameAs\":[\"https:\/\/www.facebook.com\/bertrandpolska\/\",\"https:\/\/www.instagram.com\/bertrand_okna_i_drzwi\/\",\"https:\/\/www.linkedin.com\/company\/bertrand\/\",\"https:\/\/www.tiktok.com\/@bertrand_okna_drzwi\"]}]}<\/script>\n<!-- \/ Yoast SEO Premium plugin. -->","yoast_head_json":{"title":"SMOOVIO \u2013 wi\u0119cej miejsca, wi\u0119cej mo\u017cliwo\u015bci.","description":"SMOOVIO \u2013 un syst\u00e8me coulissant moderne alliant \u00e9tanch\u00e9it\u00e9, douceur de fonctionnement et gain de place. Plus d&#039;espace, de confort et un design parfait en un !","robots":{"index":"index","follow":"follow","max-snippet":"max-snippet:-1","max-image-preview":"max-image-preview:large","max-video-preview":"max-video-preview:-1"},"canonical":"https:\/\/bertrand.pl\/fr\/produit\/smoovio\/","og_locale":"fr_FR","og_type":"article","og_title":"Smoovio","og_description":"SMOOVIO \u2013 nowoczesny system przesuwny \u0142\u0105cz\u0105cy szczelno\u015b\u0107, p\u0142ynno\u015b\u0107 pracy i oszcz\u0119dno\u015b\u0107 miejsca. Wi\u0119ksza przestrze\u0144, wygoda i doskona\u0142y design w jednym!","og_url":"https:\/\/bertrand.pl\/fr\/produit\/smoovio\/","og_site_name":"Bertrand. Najwy\u017cszej jako\u015bci okna i drzwi. Certyfikowany producent od 1969 roku.","article_publisher":"https:\/\/www.facebook.com\/bertrandpolska\/","article_modified_time":"2025-07-10T12:32:07+00:00","og_image":[{"width":900,"height":600,"url":"https:\/\/bertrand.pl\/wp-content\/uploads\/2023\/12\/Schema_2.jpg","type":"image\/jpeg"}],"twitter_card":"summary_large_image","twitter_misc":{"Dur\u00e9e de lecture estim\u00e9e":"3 minutes"},"schema":{"@context":"https:\/\/schema.org","@graph":[{"@type":"WebPage","@id":"https:\/\/bertrand.pl\/produkt\/smoovio\/","url":"https:\/\/bertrand.pl\/produkt\/smoovio\/","name":"SMOOVIO \u2013 wi\u0119cej miejsca, wi\u0119cej mo\u017cliwo\u015bci.","isPartOf":{"@id":"https:\/\/bertrand.pl\/#website"},"primaryImageOfPage":{"@id":"https:\/\/bertrand.pl\/produkt\/smoovio\/#primaryimage"},"image":{"@id":"https:\/\/bertrand.pl\/produkt\/smoovio\/#primaryimage"},"thumbnailUrl":"https:\/\/bertrand.pl\/wp-content\/uploads\/2023\/12\/Schema_2.jpg","datePublished":"2025-03-13T12:18:56+00:00","dateModified":"2025-07-10T12:32:07+00:00","description":"SMOOVIO \u2013 un syst\u00e8me coulissant moderne alliant \u00e9tanch\u00e9it\u00e9, douceur de fonctionnement et gain de place. Plus d&#039;espace, de confort et un design parfait en un !","breadcrumb":{"@id":"https:\/\/bertrand.pl\/produkt\/smoovio\/#breadcrumb"},"inLanguage":"fr-FR","potentialAction":[{"@type":"ReadAction","target":["https:\/\/bertrand.pl\/produkt\/smoovio\/"]}]},{"@type":"ImageObject","inLanguage":"fr-FR","@id":"https:\/\/bertrand.pl\/produkt\/smoovio\/#primaryimage","url":"https:\/\/bertrand.pl\/wp-content\/uploads\/2023\/12\/Schema_2.jpg","contentUrl":"https:\/\/bertrand.pl\/wp-content\/uploads\/2023\/12\/Schema_2.jpg","width":900,"height":600},{"@type":"BreadcrumbList","@id":"https:\/\/bertrand.pl\/produkt\/smoovio\/#breadcrumb","itemListElement":[{"@type":"ListItem","position":1,"name":"Strona g\u0142\u00f3wna","item":"https:\/\/bertrand.pl\/"},{"@type":"ListItem","position":2,"name":"Produits","item":"https:\/\/bertrand.pl\/fr\/shop\/"},{"@type":"ListItem","position":3,"name":"Smoovio"}]},{"@type":"WebSite","@id":"https:\/\/bertrand.pl\/#website","url":"https:\/\/bertrand.pl\/","name":"Bertrand.pl","description":"Firma Bertrand to certyfikowany i uznany producent najwy\u017cszej jako\u015bci okien z PVC, z drewna lub aluminium. Produkcja drzwi, rolet i bram gara\u017cowych.","publisher":{"@id":"https:\/\/bertrand.pl\/#organization"},"potentialAction":[{"@type":"SearchAction","target":{"@type":"EntryPoint","urlTemplate":"https:\/\/bertrand.pl\/?s={search_term_string}"},"query-input":{"@type":"PropertyValueSpecification","valueRequired":true,"valueName":"search_term_string"}}],"inLanguage":"fr-FR"},{"@type":"Organization","@id":"https:\/\/bertrand.pl\/#organization","name":"Bertrand.pl","url":"https:\/\/bertrand.pl\/","logo":{"@type":"ImageObject","inLanguage":"fr-FR","@id":"https:\/\/bertrand.pl\/#\/schema\/logo\/image\/","url":"https:\/\/bertrand.pl\/wp-content\/uploads\/2024\/12\/logo_BB_TM_PL_black.png","contentUrl":"https:\/\/bertrand.pl\/wp-content\/uploads\/2024\/12\/logo_BB_TM_PL_black.png","width":1831,"height":1831,"caption":"Bertrand.pl"},"image":{"@id":"https:\/\/bertrand.pl\/#\/schema\/logo\/image\/"},"sameAs":["https:\/\/www.facebook.com\/bertrandpolska\/","https:\/\/www.instagram.com\/bertrand_okna_i_drzwi\/","https:\/\/www.linkedin.com\/company\/bertrand\/","https:\/\/www.tiktok.com\/@bertrand_okna_drzwi"]}]}},"_links":{"self":[{"href":"https:\/\/bertrand.pl\/fr\/wp-json\/wp\/v2\/product\/1113","targetHints":{"allow":["GET"]}}],"collection":[{"href":"https:\/\/bertrand.pl\/fr\/wp-json\/wp\/v2\/product"}],"about":[{"href":"https:\/\/bertrand.pl\/fr\/wp-json\/wp\/v2\/types\/product"}],"wp:featuredmedia":[{"embeddable":true,"href":"https:\/\/bertrand.pl\/fr\/wp-json\/wp\/v2\/media\/1115"}],"wp:attachment":[{"href":"https:\/\/bertrand.pl\/fr\/wp-json\/wp\/v2\/media?parent=1113"}],"wp:term":[{"taxonomy":"product_brand","embeddable":true,"href":"https:\/\/bertrand.pl\/fr\/wp-json\/wp\/v2\/product_brand?post=1113"},{"taxonomy":"product_cat","embeddable":true,"href":"https:\/\/bertrand.pl\/fr\/wp-json\/wp\/v2\/product_cat?post=1113"},{"taxonomy":"product_tag","embeddable":true,"href":"https:\/\/bertrand.pl\/fr\/wp-json\/wp\/v2\/product_tag?post=1113"}],"curies":[{"name":"wp","href":"https:\/\/api.w.org\/{rel}","templated":true}]}}