{"id":1117,"date":"2023-12-15T10:29:40","date_gmt":"2023-12-15T09:29:40","guid":{"rendered":"https:\/\/bertrand.pl\/?post_type=product&#038;p=1117"},"modified":"2025-01-23T09:30:58","modified_gmt":"2025-01-23T08:30:58","slug":"bb-slide","status":"publish","type":"product","link":"https:\/\/bertrand.pl\/fr\/produkt\/bb-slide\/","title":{"rendered":"BB SLIDE"},"content":{"rendered":"<p>Syst\u00e8me de porte patio <strong>BB SLIDE<\/strong> combine parfaitement un design moderne, une commande intuitive et des vitrages plus grands. Gr\u00e2ce au cadre subtil, il apporte plus de lumi\u00e8re \u00e0 l&#039;int\u00e9rieur, tout en garantissant esth\u00e9tique, fonctionnalit\u00e9 et durabilit\u00e9. En m\u00eame temps, cette solution est parfaite pour les personnes qui appr\u00e9cient la praticit\u00e9, le style et le confort d&#039;utilisation au quotidien.<\/p>\n<p>&nbsp;<\/p>\n<h3>M\u00e9canisme de fermeture intuitif BB SLIDE<\/h3>\n<p>Le m\u00e9canisme de fermeture de la porte patio a \u00e9t\u00e9 con\u00e7u dans un souci de simplicit\u00e9 et de commodit\u00e9. Il offre un fonctionnement fluide, ce qui rend l\u2019op\u00e9ration beaucoup plus facile. Gr\u00e2ce \u00e0 cela, les portes sont exceptionnellement confortables \u00e0 utiliser au quotidien. Il est donc id\u00e9al pour les maisons, les appartements et les immeubles commerciaux.<\/p>\n<p>&nbsp;<\/p>\n<h3>Design minimaliste et lumi\u00e8re naturelle<\/h3>\n<p>Le subtil cadre BB SLIDE permet l&#039;utilisation de vitrages plus grands, ce qui apporte beaucoup plus de lumi\u00e8re naturelle \u00e0 l&#039;int\u00e9rieur. L&#039;aspect minimaliste des portes s&#039;int\u00e8gre harmonieusement dans les int\u00e9rieurs modernes, tout en soulignant leur caract\u00e8re \u00e9l\u00e9gant. Gr\u00e2ce \u00e0 cela, le syst\u00e8me allie fonctionnalit\u00e9 et apparence attrayante.<\/p>\n<p>&nbsp;<\/p>\n<h3>Avantages cl\u00e9s du profil BB SLIDE :<\/h3>\n<ol>\n<li><strong>Profondeur d&#039;installation de l&#039;aile\u00a0:<\/strong> 81 mm, ce qui garantit durabilit\u00e9 et stabilit\u00e9.<\/li>\n<li><strong>Profondeur d&#039;installation du cadre :<\/strong> 157,5 mm, ce qui garantit une r\u00e9sistance structurelle ad\u00e9quate.<\/li>\n<li><strong>Possibilit\u00e9 de vitrage avec des colis jusqu&#039;\u00e0 52 mm :<\/strong> Adaptation de l&#039;isolation thermique et acoustique aux besoins individuels.<\/li>\n<li><strong>Renforts tr\u00e8s rigides dans les ailes :<\/strong> Stabilit\u00e9 et r\u00e9sistance \u00e0 la charge accrues.<\/li>\n<li><strong>Deux types de postes fixes :<\/strong> Choix entre statique large et standard.<\/li>\n<\/ol>\n<p>&nbsp;<\/p>\n<h3>Fonctionnalit\u00e9 alli\u00e9e \u00e0 l&#039;esth\u00e9tique<\/h3>\n<p>Le syst\u00e8me allie parfaitement fonctionnalit\u00e9 et look moderne, introduisant plus de lumi\u00e8re \u00e0 l\u2019int\u00e9rieur. Des cadres minimalistes et une fabrication solide permettent \u00e0 ce syst\u00e8me de r\u00e9pondre aux attentes des utilisateurs les plus exigeants. C&#039;est certainement une solution id\u00e9ale pour tous ceux qui appr\u00e9cient la praticit\u00e9, la durabilit\u00e9 et l&#039;esth\u00e9tique.<\/p>\n<h3><\/h3>\n<p>En r\u00e9sum\u00e9 \u2013 un syst\u00e8me de porte patio <strong>BB SLIDE<\/strong> est une combinaison de style, de fonctionnalit\u00e9 et de confort. Gr\u00e2ce au m\u00e9canisme de fermeture intuitif et au vitrage plus grand, il offre un look moderne et un confort d&#039;utilisation.<\/p>\n<p>&nbsp;<\/p>\n<h4><strong><a href=\"https:\/\/bertrand.pl\/fr\/couleurs-des-fenetres-et-des-portes\/\">Couleurs des fen\u00eatres et des portes<\/a><\/strong><\/h4>","protected":false},"excerpt":{"rendered":"<p><strong>OUVREZ-VOUS SUR LE MONDE<\/strong><\/p>\n<p>Syst\u00e8me BB SLIDE. Il s&#039;agit d&#039;une nouvelle solution alternative dans le segment des portes et fen\u00eatres coulissantes. C&#039;est une excellente alternative aux portes patio PSK ou HST. Le syst\u00e8me SLIDE est parfait pour la construction unifamiliale ainsi que pour les b\u00e2timents publics. Son grand avantage est l&#039;\u00e9tanch\u00e9it\u00e9, la fiabilit\u00e9 et la facilit\u00e9 d&#039;utilisation.<\/p>","protected":false},"featured_media":1118,"template":"","meta":{"site-sidebar-layout":"default","site-content-layout":"","ast-site-content-layout":"default","site-content-style":"default","site-sidebar-style":"default","ast-global-header-display":"","ast-banner-title-visibility":"","ast-main-header-display":"","ast-hfb-above-header-display":"","ast-hfb-below-header-display":"","ast-hfb-mobile-header-display":"","site-post-title":"","ast-breadcrumbs-content":"","ast-featured-img":"","footer-sml-layout":"","ast-disable-related-posts":"","theme-transparent-header-meta":"default","adv-header-id-meta":"","stick-header-meta":"","header-above-stick-meta":"","header-main-stick-meta":"","header-below-stick-meta":"","astra-migrate-meta-layouts":"set","ast-page-background-enabled":"default","ast-page-background-meta":{"desktop":{"background-color":"var(--ast-global-color-4)","background-image":"","background-repeat":"repeat","background-position":"center center","background-size":"auto","background-attachment":"scroll","background-type":"","background-media":"","overlay-type":"","overlay-color":"","overlay-opacity":"","overlay-gradient":""},"tablet":{"background-color":"","background-image":"","background-repeat":"repeat","background-position":"center center","background-size":"auto","background-attachment":"scroll","background-type":"","background-media":"","overlay-type":"","overlay-color":"","overlay-opacity":"","overlay-gradient":""},"mobile":{"background-color":"","background-image":"","background-repeat":"repeat","background-position":"center center","background-size":"auto","background-attachment":"scroll","background-type":"","background-media":"","overlay-type":"","overlay-color":"","overlay-opacity":"","overlay-gradient":""}},"ast-content-background-meta":{"desktop":{"background-color":"var(--ast-global-color-5)","background-image":"","background-repeat":"repeat","background-position":"center center","background-size":"auto","background-attachment":"scroll","background-type":"","background-media":"","overlay-type":"","overlay-color":"","overlay-opacity":"","overlay-gradient":""},"tablet":{"background-color":"var(--ast-global-color-5)","background-image":"","background-repeat":"repeat","background-position":"center center","background-size":"auto","background-attachment":"scroll","background-type":"","background-media":"","overlay-type":"","overlay-color":"","overlay-opacity":"","overlay-gradient":""},"mobile":{"background-color":"var(--ast-global-color-5)","background-image":"","background-repeat":"repeat","background-position":"center center","background-size":"auto","background-attachment":"scroll","background-type":"","background-media":"","overlay-type":"","overlay-color":"","overlay-opacity":"","overlay-gradient":""}}},"product_brand":[],"product_cat":[18],"product_tag":[415,168,326,367,339,377,311,345,343,338,333,407,389,361,366,397,406,348],"class_list":{"0":"post-1117","1":"product","2":"type-product","3":"status-publish","4":"has-post-thumbnail","6":"product_cat-systemy-tarasowe","7":"product_tag-akustyka","8":"product_tag-bertrand","9":"product_tag-budowa-domu","10":"product_tag-budownictwo","11":"product_tag-design","12":"product_tag-dobre-drzwi","13":"product_tag-dobre-wlasciwosci-termiczne","14":"product_tag-drzwi-balkonowe","15":"product_tag-drzwi-do-domu","16":"product_tag-drzwi-podnoszono-przesuwne","17":"product_tag-drzwi-przesuwne","18":"product_tag-duzo-swiatla","19":"product_tag-izolacja-akustyczna","20":"product_tag-jakosc","21":"product_tag-komfort","22":"product_tag-light","23":"product_tag-swiatlo","24":"product_tag-windows","25":"desktop-align-left","26":"tablet-align-left","27":"mobile-align-left","29":"first","30":"instock","31":"shipping-taxable","32":"product-type-simple"},"yoast_head":"<!-- This site is optimized with the Yoast SEO Premium plugin v27.2 (Yoast SEO v27.2) - https:\/\/yoast.com\/product\/yoast-seo-premium-wordpress\/ -->\n<title>BB SLIDE - Bertrand. Najwy\u017cszej jako\u015bci okna i drzwi. Certyfikowany producent od 1969 roku.<\/title>\n<meta name=\"description\" content=\"BB SLIDE \u2013 minimalistyczny system drzwi tarasowych. Subtelna rama, wi\u0119ksze przeszklenia, intuicyjna obs\u0142uga i nowoczesny design. Wi\u0119cej \u015bwiat\u0142a.\" \/>\n<meta name=\"robots\" content=\"index, follow, max-snippet:-1, max-image-preview:large, max-video-preview:-1\" \/>\n<link rel=\"canonical\" href=\"https:\/\/bertrand.pl\/fr\/produit\/bb-slide\/\" \/>\n<meta property=\"og:locale\" content=\"fr_FR\" \/>\n<meta property=\"og:type\" content=\"article\" \/>\n<meta property=\"og:title\" content=\"BB SLIDE\" \/>\n<meta property=\"og:description\" content=\"BB SLIDE \u2013 minimalistyczny system drzwi tarasowych. Subtelna rama, wi\u0119ksze przeszklenia, intuicyjna obs\u0142uga i nowoczesny design. Wi\u0119cej \u015bwiat\u0142a.\" \/>\n<meta property=\"og:url\" content=\"https:\/\/bertrand.pl\/fr\/produit\/bb-slide\/\" \/>\n<meta property=\"og:site_name\" content=\"Bertrand. Najwy\u017cszej jako\u015bci okna i drzwi. Certyfikowany producent od 1969 roku.\" \/>\n<meta property=\"article:publisher\" content=\"https:\/\/www.facebook.com\/bertrandpolska\/\" \/>\n<meta property=\"article:modified_time\" content=\"2025-01-23T08:30:58+00:00\" \/>\n<meta property=\"og:image\" content=\"https:\/\/bertrand.pl\/wp-content\/uploads\/2023\/12\/bbslide_1a.png\" \/>\n\t<meta property=\"og:image:width\" content=\"1000\" \/>\n\t<meta property=\"og:image:height\" content=\"579\" \/>\n\t<meta property=\"og:image:type\" content=\"image\/png\" \/>\n<meta name=\"twitter:card\" content=\"summary_large_image\" \/>\n<meta name=\"twitter:label1\" content=\"Dur\u00e9e de lecture estim\u00e9e\" \/>\n\t<meta name=\"twitter:data1\" content=\"2 minutes\" \/>\n<script type=\"application\/ld+json\" class=\"yoast-schema-graph\">{\"@context\":\"https:\/\/schema.org\",\"@graph\":[{\"@type\":\"WebPage\",\"@id\":\"https:\/\/bertrand.pl\/produkt\/bb-slide\/\",\"url\":\"https:\/\/bertrand.pl\/produkt\/bb-slide\/\",\"name\":\"BB SLIDE - Bertrand. Najwy\u017cszej jako\u015bci okna i drzwi. Certyfikowany producent od 1969 roku.\",\"isPartOf\":{\"@id\":\"https:\/\/bertrand.pl\/#website\"},\"primaryImageOfPage\":{\"@id\":\"https:\/\/bertrand.pl\/produkt\/bb-slide\/#primaryimage\"},\"image\":{\"@id\":\"https:\/\/bertrand.pl\/produkt\/bb-slide\/#primaryimage\"},\"thumbnailUrl\":\"https:\/\/bertrand.pl\/wp-content\/uploads\/2023\/12\/bbslide_1a.png\",\"datePublished\":\"2023-12-15T09:29:40+00:00\",\"dateModified\":\"2025-01-23T08:30:58+00:00\",\"description\":\"BB SLIDE \u2013 minimalistyczny system drzwi tarasowych. Subtelna rama, wi\u0119ksze przeszklenia, intuicyjna obs\u0142uga i nowoczesny design. Wi\u0119cej \u015bwiat\u0142a.\",\"breadcrumb\":{\"@id\":\"https:\/\/bertrand.pl\/produkt\/bb-slide\/#breadcrumb\"},\"inLanguage\":\"fr-FR\",\"potentialAction\":[{\"@type\":\"ReadAction\",\"target\":[\"https:\/\/bertrand.pl\/produkt\/bb-slide\/\"]}]},{\"@type\":\"ImageObject\",\"inLanguage\":\"fr-FR\",\"@id\":\"https:\/\/bertrand.pl\/produkt\/bb-slide\/#primaryimage\",\"url\":\"https:\/\/bertrand.pl\/wp-content\/uploads\/2023\/12\/bbslide_1a.png\",\"contentUrl\":\"https:\/\/bertrand.pl\/wp-content\/uploads\/2023\/12\/bbslide_1a.png\",\"width\":1000,\"height\":579},{\"@type\":\"BreadcrumbList\",\"@id\":\"https:\/\/bertrand.pl\/produkt\/bb-slide\/#breadcrumb\",\"itemListElement\":[{\"@type\":\"ListItem\",\"position\":1,\"name\":\"Strona g\u0142\u00f3wna\",\"item\":\"https:\/\/bertrand.pl\/\"},{\"@type\":\"ListItem\",\"position\":2,\"name\":\"Produits\",\"item\":\"https:\/\/bertrand.pl\/fr\/shop\/\"},{\"@type\":\"ListItem\",\"position\":3,\"name\":\"BB SLIDE\"}]},{\"@type\":\"WebSite\",\"@id\":\"https:\/\/bertrand.pl\/#website\",\"url\":\"https:\/\/bertrand.pl\/\",\"name\":\"Bertrand.pl\",\"description\":\"Firma Bertrand to certyfikowany i uznany producent najwy\u017cszej jako\u015bci okien z PVC, z drewna lub aluminium. Produkcja drzwi, rolet i bram gara\u017cowych.\",\"publisher\":{\"@id\":\"https:\/\/bertrand.pl\/#organization\"},\"potentialAction\":[{\"@type\":\"SearchAction\",\"target\":{\"@type\":\"EntryPoint\",\"urlTemplate\":\"https:\/\/bertrand.pl\/?s={search_term_string}\"},\"query-input\":{\"@type\":\"PropertyValueSpecification\",\"valueRequired\":true,\"valueName\":\"search_term_string\"}}],\"inLanguage\":\"fr-FR\"},{\"@type\":\"Organization\",\"@id\":\"https:\/\/bertrand.pl\/#organization\",\"name\":\"Bertrand.pl\",\"url\":\"https:\/\/bertrand.pl\/\",\"logo\":{\"@type\":\"ImageObject\",\"inLanguage\":\"fr-FR\",\"@id\":\"https:\/\/bertrand.pl\/#\/schema\/logo\/image\/\",\"url\":\"https:\/\/bertrand.pl\/wp-content\/uploads\/2024\/12\/logo_BB_TM_PL_black.png\",\"contentUrl\":\"https:\/\/bertrand.pl\/wp-content\/uploads\/2024\/12\/logo_BB_TM_PL_black.png\",\"width\":1831,\"height\":1831,\"caption\":\"Bertrand.pl\"},\"image\":{\"@id\":\"https:\/\/bertrand.pl\/#\/schema\/logo\/image\/\"},\"sameAs\":[\"https:\/\/www.facebook.com\/bertrandpolska\/\",\"https:\/\/www.instagram.com\/bertrand_okna_i_drzwi\/\",\"https:\/\/www.linkedin.com\/company\/bertrand\/\",\"https:\/\/www.tiktok.com\/@bertrand_okna_drzwi\"]}]}<\/script>\n<!-- \/ Yoast SEO Premium plugin. -->","yoast_head_json":{"title":"BB SLIDE - Bertrand. Najwy\u017cszej jako\u015bci okna i drzwi. Certyfikowany producent od 1969 roku.","description":"BB SLIDE \u2013 un syst\u00e8me de porte patio minimaliste. Cadre subtil, vitrage plus grand, commande intuitive et design moderne. Plus de lumi\u00e8re.","robots":{"index":"index","follow":"follow","max-snippet":"max-snippet:-1","max-image-preview":"max-image-preview:large","max-video-preview":"max-video-preview:-1"},"canonical":"https:\/\/bertrand.pl\/fr\/produit\/bb-slide\/","og_locale":"fr_FR","og_type":"article","og_title":"BB SLIDE","og_description":"BB SLIDE \u2013 minimalistyczny system drzwi tarasowych. Subtelna rama, wi\u0119ksze przeszklenia, intuicyjna obs\u0142uga i nowoczesny design. Wi\u0119cej \u015bwiat\u0142a.","og_url":"https:\/\/bertrand.pl\/fr\/produit\/bb-slide\/","og_site_name":"Bertrand. Najwy\u017cszej jako\u015bci okna i drzwi. Certyfikowany producent od 1969 roku.","article_publisher":"https:\/\/www.facebook.com\/bertrandpolska\/","article_modified_time":"2025-01-23T08:30:58+00:00","og_image":[{"width":1000,"height":579,"url":"https:\/\/bertrand.pl\/wp-content\/uploads\/2023\/12\/bbslide_1a.png","type":"image\/png"}],"twitter_card":"summary_large_image","twitter_misc":{"Dur\u00e9e de lecture estim\u00e9e":"2 minutes"},"schema":{"@context":"https:\/\/schema.org","@graph":[{"@type":"WebPage","@id":"https:\/\/bertrand.pl\/produkt\/bb-slide\/","url":"https:\/\/bertrand.pl\/produkt\/bb-slide\/","name":"BB SLIDE - Bertrand. Najwy\u017cszej jako\u015bci okna i drzwi. Certyfikowany producent od 1969 roku.","isPartOf":{"@id":"https:\/\/bertrand.pl\/#website"},"primaryImageOfPage":{"@id":"https:\/\/bertrand.pl\/produkt\/bb-slide\/#primaryimage"},"image":{"@id":"https:\/\/bertrand.pl\/produkt\/bb-slide\/#primaryimage"},"thumbnailUrl":"https:\/\/bertrand.pl\/wp-content\/uploads\/2023\/12\/bbslide_1a.png","datePublished":"2023-12-15T09:29:40+00:00","dateModified":"2025-01-23T08:30:58+00:00","description":"BB SLIDE \u2013 un syst\u00e8me de porte patio minimaliste. Cadre subtil, vitrage plus grand, commande intuitive et design moderne. Plus de lumi\u00e8re.","breadcrumb":{"@id":"https:\/\/bertrand.pl\/produkt\/bb-slide\/#breadcrumb"},"inLanguage":"fr-FR","potentialAction":[{"@type":"ReadAction","target":["https:\/\/bertrand.pl\/produkt\/bb-slide\/"]}]},{"@type":"ImageObject","inLanguage":"fr-FR","@id":"https:\/\/bertrand.pl\/produkt\/bb-slide\/#primaryimage","url":"https:\/\/bertrand.pl\/wp-content\/uploads\/2023\/12\/bbslide_1a.png","contentUrl":"https:\/\/bertrand.pl\/wp-content\/uploads\/2023\/12\/bbslide_1a.png","width":1000,"height":579},{"@type":"BreadcrumbList","@id":"https:\/\/bertrand.pl\/produkt\/bb-slide\/#breadcrumb","itemListElement":[{"@type":"ListItem","position":1,"name":"Strona g\u0142\u00f3wna","item":"https:\/\/bertrand.pl\/"},{"@type":"ListItem","position":2,"name":"Produits","item":"https:\/\/bertrand.pl\/fr\/shop\/"},{"@type":"ListItem","position":3,"name":"BB SLIDE"}]},{"@type":"WebSite","@id":"https:\/\/bertrand.pl\/#website","url":"https:\/\/bertrand.pl\/","name":"Bertrand.pl","description":"Firma Bertrand to certyfikowany i uznany producent najwy\u017cszej jako\u015bci okien z PVC, z drewna lub aluminium. Produkcja drzwi, rolet i bram gara\u017cowych.","publisher":{"@id":"https:\/\/bertrand.pl\/#organization"},"potentialAction":[{"@type":"SearchAction","target":{"@type":"EntryPoint","urlTemplate":"https:\/\/bertrand.pl\/?s={search_term_string}"},"query-input":{"@type":"PropertyValueSpecification","valueRequired":true,"valueName":"search_term_string"}}],"inLanguage":"fr-FR"},{"@type":"Organization","@id":"https:\/\/bertrand.pl\/#organization","name":"Bertrand.pl","url":"https:\/\/bertrand.pl\/","logo":{"@type":"ImageObject","inLanguage":"fr-FR","@id":"https:\/\/bertrand.pl\/#\/schema\/logo\/image\/","url":"https:\/\/bertrand.pl\/wp-content\/uploads\/2024\/12\/logo_BB_TM_PL_black.png","contentUrl":"https:\/\/bertrand.pl\/wp-content\/uploads\/2024\/12\/logo_BB_TM_PL_black.png","width":1831,"height":1831,"caption":"Bertrand.pl"},"image":{"@id":"https:\/\/bertrand.pl\/#\/schema\/logo\/image\/"},"sameAs":["https:\/\/www.facebook.com\/bertrandpolska\/","https:\/\/www.instagram.com\/bertrand_okna_i_drzwi\/","https:\/\/www.linkedin.com\/company\/bertrand\/","https:\/\/www.tiktok.com\/@bertrand_okna_drzwi"]}]}},"_links":{"self":[{"href":"https:\/\/bertrand.pl\/fr\/wp-json\/wp\/v2\/product\/1117","targetHints":{"allow":["GET"]}}],"collection":[{"href":"https:\/\/bertrand.pl\/fr\/wp-json\/wp\/v2\/product"}],"about":[{"href":"https:\/\/bertrand.pl\/fr\/wp-json\/wp\/v2\/types\/product"}],"wp:featuredmedia":[{"embeddable":true,"href":"https:\/\/bertrand.pl\/fr\/wp-json\/wp\/v2\/media\/1118"}],"wp:attachment":[{"href":"https:\/\/bertrand.pl\/fr\/wp-json\/wp\/v2\/media?parent=1117"}],"wp:term":[{"taxonomy":"product_brand","embeddable":true,"href":"https:\/\/bertrand.pl\/fr\/wp-json\/wp\/v2\/product_brand?post=1117"},{"taxonomy":"product_cat","embeddable":true,"href":"https:\/\/bertrand.pl\/fr\/wp-json\/wp\/v2\/product_cat?post=1117"},{"taxonomy":"product_tag","embeddable":true,"href":"https:\/\/bertrand.pl\/fr\/wp-json\/wp\/v2\/product_tag?post=1117"}],"curies":[{"name":"wp","href":"https:\/\/api.w.org\/{rel}","templated":true}]}}