{"id":1129,"date":"2025-03-13T13:16:03","date_gmt":"2025-03-13T12:16:03","guid":{"rendered":"https:\/\/bertrand.pl\/?post_type=product&#038;p=1129"},"modified":"2025-07-10T14:43:07","modified_gmt":"2025-07-10T12:43:07","slug":"panorama-de-la-tvh","status":"publish","type":"product","link":"https:\/\/bertrand.pl\/fr\/produkt\/hst-panorama\/","title":{"rendered":"HST Panorama"},"content":{"rendered":"<p class=\"translation-block\"><strong>HST Panorama<\/strong> est une solution moderne qui allie parfaitement \u00e9l\u00e9gance et fonctionnalit\u00e9. Le vitrage fixe sans cadre et le fraisage \u00e9troit dans le cadre en bois offrent une utilisation maximale de la lumi\u00e8re naturelle et un design minimaliste qui r\u00e9pond aux besoins de l'architecture contemporaine. Gr\u00e2ce \u00e0 ces technologies, les int\u00e9rieurs deviennent plus lumineux, plus spacieux et plus \u00e9conomes en \u00e9nergie.<\/p>\n<p>&nbsp;<\/p>\n<h4><strong>Vitrage fixe sans cadre<\/strong><\/h4>\n<p>&nbsp;<\/p>\n<p class=\"translation-block\">Le vitrage fixe sans cadre est un \u00e9l\u00e9ment cl\u00e9 du syst\u00e8me <strong>HST Panorama<\/strong>, permettant de cr\u00e9er de grandes surfaces vitr\u00e9es avec des dimensions minimales de cadre. L'effet des bordures presque invisibles met l'accent sur la beaut\u00e9 du paysage derri\u00e8re la vitre. De plus, l'efficacit\u00e9 mat\u00e9rielle de cette conception en fait une solution plus \u00e9cologique et \u00e9conomique.<\/p>\n<p class=\"translation-block\">Le vitrage fixe est mont\u00e9 c\u00f4t\u00e9 sol \u00e0 l'aide d'un profil\u00e9 de nivellement thermiquement s\u00e9par\u00e9, garantissant stabilit\u00e9 et excellente isolation thermique. Le syst\u00e8me <strong>HST Panorama<\/strong> contribue ainsi \u00e0 maintenir le confort thermique des int\u00e9rieurs tout en r\u00e9duisant les co\u00fbts de chauffage.<\/p>\n<p>&nbsp;<\/p>\n<p><img fetchpriority=\"high\" decoding=\"async\" class=\"alignnone wp-image-1131\" src=\"https:\/\/bertrand.pl\/wp-content\/uploads\/2023\/12\/10-1009x1360.png\" alt=\"\" width=\"757\" height=\"1021\" \/><\/p>\n<h4><strong>Fraisage \u00e9troit dans le cadre en bois<\/strong><\/h4>\n<p>&nbsp;<\/p>\n<p>Ce syst\u00e8me utilise un fraisage \u00e9troit dans les cadres en bois, maximisant la surface vitr\u00e9e et laissant entrer davantage de lumi\u00e8re naturelle \u00e0 l'int\u00e9rieur. Une telle conception am\u00e9liore non seulement l'esth\u00e9tique, mais a \u00e9galement un impact positif sur le confort des r\u00e9sidents et r\u00e9duit le besoin d'\u00e9clairage artificiel.<\/p>\n<p class=\"translation-block\">Gr\u00e2ce aux meilleurs coefficients de transmission thermique, en fonction du type de verre utilis\u00e9, le <strong>HST Panorama<\/strong> garantit une efficacit\u00e9 \u00e9nerg\u00e9tique et am\u00e9liore le bilan \u00e9nerg\u00e9tique du b\u00e2timent. En cons\u00e9quence, les int\u00e9rieurs deviennent plus respectueux de l'environnement et plus confortables \u00e0 utiliser au quotidien.<\/p>\n<h4><\/h4>\n<h4><strong>Portes HS \u2013 Style et fonctionnalit\u00e9 avec HST Panorama<\/strong><\/h4>\n<p>&nbsp;<\/p>\n<p class=\"translation-block\">Les portes levantes et coulissantes (HS) du syst\u00e8me <strong>HST Panorama<\/strong> sont une solution fonctionnelle et \u00e9l\u00e9gante. Les cadres minimalistes s\u2019effacent pour mettre en valeur la sensation d\u2019espace int\u00e9rieur et la vue au-del\u00e0 de la vitre. Les portes sont disponibles en versions standard ainsi qu\u2019avec des m\u00e9canismes de verrouillage \u00e0 crochets, fabriqu\u00e9es en profils bois ou bois-aluminium avec des hauteurs \u00e0 partir de 76 mm.<\/p>\n<p><img decoding=\"async\" class=\"alignnone wp-image-1130 size-full\" src=\"https:\/\/bertrand.pl\/wp-content\/uploads\/2023\/12\/9.jpg\" alt=\"\" width=\"600\" height=\"428\" srcset=\"https:\/\/bertrand.pl\/wp-content\/uploads\/2023\/12\/9.jpg 600w, https:\/\/bertrand.pl\/wp-content\/uploads\/2023\/12\/9-420x300.jpg 420w\" sizes=\"(max-width: 600px) 100vw, 600px\" \/><\/p>\n<p>&nbsp;<\/p>\n<h4><strong>Principaux avantages du syst\u00e8me :<\/strong><\/h4>\n<p>&nbsp;<\/p>\n<ol>\n<li class=\"translation-block\"><strong>Plus de lumi\u00e8re naturelle :<\/strong> La surface vitr\u00e9e maximale laisse entrer davantage de lumi\u00e8re naturelle.<\/li>\n<li class=\"translation-block\"><strong>Efficacit\u00e9 \u00e9nerg\u00e9tique :<\/strong> Les meilleurs coefficients de transmission thermique.<\/li>\n<li class=\"translation-block\"><strong>Design minimaliste :<\/strong> Apparence moderne adapt\u00e9e aux int\u00e9rieurs contemporains.<\/li>\n<li class=\"translation-block\"><strong>\u00c9cologie :<\/strong> \u00c9conomie de mat\u00e9riaux et meilleur bilan \u00e9nerg\u00e9tique du b\u00e2timent.<\/li>\n<li class=\"translation-block\"><strong>Portes HS \u00e9l\u00e9gantes :<\/strong> \u00c9l\u00e9ments int\u00e9rieurs fonctionnels et durables.<\/li>\n<\/ol>\n<h3><\/h3>\n<p class=\"translation-block\"><strong>HST Panorama<\/strong> est la solution id\u00e9ale pour ceux qui appr\u00e9cient le design moderne, une grande fonctionnalit\u00e9 et l'efficacit\u00e9 \u00e9nerg\u00e9tique. Le vitrage fixe sans cadre et le fraisage \u00e9troit dans le cadre en bois font de ce syst\u00e8me un excellent choix pour quiconque souhaite allier esth\u00e9tique et praticit\u00e9.<\/p>\n<p>&nbsp;<\/p>\n<h4><strong><a href=\"https:\/\/bertrand.pl\/fr\/couleur\/\">Couleurs des fen\u00eatres et des portes<\/a><\/strong><\/h4>","protected":false},"excerpt":{"rendered":"<p><strong>PORTES COULISSANTES LEVANTES EN BOIS OU EN BOIS ET ALUMINIUM<\/strong><\/p>\n<p>HST Panorama est une solution innovante comprenant un vitrage fixe sans cadre. La charpente de l&#039;aile passive affleure le sol et la lumi\u00e8re du soleil \u00e9claire l&#039;int\u00e9rieur de la maison sans restriction, donnant l&#039;impression d&#039;un espace ouvert.<\/p>","protected":false},"featured_media":1130,"template":"","meta":{"site-sidebar-layout":"default","site-content-layout":"","ast-site-content-layout":"default","site-content-style":"default","site-sidebar-style":"default","ast-global-header-display":"","ast-banner-title-visibility":"","ast-main-header-display":"","ast-hfb-above-header-display":"","ast-hfb-below-header-display":"","ast-hfb-mobile-header-display":"","site-post-title":"","ast-breadcrumbs-content":"","ast-featured-img":"","footer-sml-layout":"","ast-disable-related-posts":"","theme-transparent-header-meta":"default","adv-header-id-meta":"","stick-header-meta":"","header-above-stick-meta":"","header-main-stick-meta":"","header-below-stick-meta":"","astra-migrate-meta-layouts":"set","ast-page-background-enabled":"default","ast-page-background-meta":{"desktop":{"background-color":"var(--ast-global-color-4)","background-image":"","background-repeat":"repeat","background-position":"center center","background-size":"auto","background-attachment":"scroll","background-type":"","background-media":"","overlay-type":"","overlay-color":"","overlay-opacity":"","overlay-gradient":""},"tablet":{"background-color":"","background-image":"","background-repeat":"repeat","background-position":"center center","background-size":"auto","background-attachment":"scroll","background-type":"","background-media":"","overlay-type":"","overlay-color":"","overlay-opacity":"","overlay-gradient":""},"mobile":{"background-color":"","background-image":"","background-repeat":"repeat","background-position":"center center","background-size":"auto","background-attachment":"scroll","background-type":"","background-media":"","overlay-type":"","overlay-color":"","overlay-opacity":"","overlay-gradient":""}},"ast-content-background-meta":{"desktop":{"background-color":"var(--ast-global-color-5)","background-image":"","background-repeat":"repeat","background-position":"center center","background-size":"auto","background-attachment":"scroll","background-type":"","background-media":"","overlay-type":"","overlay-color":"","overlay-opacity":"","overlay-gradient":""},"tablet":{"background-color":"var(--ast-global-color-5)","background-image":"","background-repeat":"repeat","background-position":"center center","background-size":"auto","background-attachment":"scroll","background-type":"","background-media":"","overlay-type":"","overlay-color":"","overlay-opacity":"","overlay-gradient":""},"mobile":{"background-color":"var(--ast-global-color-5)","background-image":"","background-repeat":"repeat","background-position":"center center","background-size":"auto","background-attachment":"scroll","background-type":"","background-media":"","overlay-type":"","overlay-color":"","overlay-opacity":"","overlay-gradient":""}}},"product_brand":[],"product_cat":[18],"product_tag":[168,360,326,367,377,311,175,338,333,334,346,408,407,402,403,393,394,405,397,401,362,406,337,319,390,409,411,410,348,404],"class_list":{"0":"post-1129","1":"product","2":"type-product","3":"status-publish","4":"has-post-thumbnail","6":"product_cat-systemy-tarasowe","7":"product_tag-bertrand","8":"product_tag-bezpieczenstwo","9":"product_tag-budowa-domu","10":"product_tag-budownictwo","11":"product_tag-dobre-drzwi","12":"product_tag-dobre-wlasciwosci-termiczne","13":"product_tag-drzwi","14":"product_tag-drzwi-podnoszono-przesuwne","15":"product_tag-drzwi-przesuwne","16":"product_tag-drzwi-tarasowe","17":"product_tag-duze-przestrzenie","18":"product_tag-duze-przeszklenia","19":"product_tag-duzo-swiatla","20":"product_tag-hst","21":"product_tag-hst-panorama","22":"product_tag-innowacje","23":"product_tag-innowacyjne-drzwi","24":"product_tag-izolacja-termiczna","25":"product_tag-light","26":"product_tag-panorama","27":"product_tag-quality","28":"product_tag-swiatlo","29":"product_tag-system-drzwiowy","30":"product_tag-system-okienno-drzwiowy","31":"product_tag-szczelnosc","32":"product_tag-szklenie","33":"product_tag-szklenie-bezramowe","34":"product_tag-szklenie-stale","35":"product_tag-windows","36":"product_tag-wspolczynnik-ciepla","37":"desktop-align-left","38":"tablet-align-left","39":"mobile-align-left","41":"first","42":"instock","43":"shipping-taxable","44":"product-type-simple"},"yoast_head":"<!-- This site is optimized with the Yoast SEO Premium plugin v27.2 (Yoast SEO v27.2) - https:\/\/yoast.com\/product\/yoast-seo-premium-wordpress\/ -->\n<title>HST Panorama \u2013 maksymalne \u015bwiat\u0142o, minimalna rama<\/title>\n<meta name=\"description\" content=\"HST Panorama. Bezramowe szklenie sta\u0142e i w\u0105skie frezowanie - wi\u0119cej \u015bwiat\u0142a. Idealne rozwi\u0105zania do minimalistycznych wn\u0119trz.\" \/>\n<meta name=\"robots\" content=\"index, follow, max-snippet:-1, max-image-preview:large, max-video-preview:-1\" \/>\n<link rel=\"canonical\" href=\"https:\/\/bertrand.pl\/fr\/produit\/panorama-de-la-tvh\/\" \/>\n<meta property=\"og:locale\" content=\"fr_FR\" \/>\n<meta property=\"og:type\" content=\"article\" \/>\n<meta property=\"og:title\" content=\"HST Panorama\" \/>\n<meta property=\"og:description\" content=\"HST Panorama. Bezramowe szklenie sta\u0142e i w\u0105skie frezowanie - wi\u0119cej \u015bwiat\u0142a. Idealne rozwi\u0105zania do minimalistycznych wn\u0119trz.\" \/>\n<meta property=\"og:url\" content=\"https:\/\/bertrand.pl\/fr\/produit\/panorama-de-la-tvh\/\" \/>\n<meta property=\"og:site_name\" content=\"Bertrand. Najwy\u017cszej jako\u015bci okna i drzwi. Certyfikowany producent od 1969 roku.\" \/>\n<meta property=\"article:publisher\" content=\"https:\/\/www.facebook.com\/bertrandpolska\/\" \/>\n<meta property=\"article:modified_time\" content=\"2025-07-10T12:43:07+00:00\" \/>\n<meta property=\"og:image\" content=\"https:\/\/bertrand.pl\/wp-content\/uploads\/2023\/12\/9.jpg\" \/>\n\t<meta property=\"og:image:width\" content=\"600\" \/>\n\t<meta property=\"og:image:height\" content=\"428\" \/>\n\t<meta property=\"og:image:type\" content=\"image\/jpeg\" \/>\n<meta name=\"twitter:card\" content=\"summary_large_image\" \/>\n<meta name=\"twitter:label1\" content=\"Dur\u00e9e de lecture estim\u00e9e\" \/>\n\t<meta name=\"twitter:data1\" content=\"3 minutes\" \/>\n<script type=\"application\/ld+json\" class=\"yoast-schema-graph\">{\"@context\":\"https:\/\/schema.org\",\"@graph\":[{\"@type\":\"WebPage\",\"@id\":\"https:\/\/bertrand.pl\/produkt\/hst-panorama\/\",\"url\":\"https:\/\/bertrand.pl\/produkt\/hst-panorama\/\",\"name\":\"HST Panorama \u2013 maksymalne \u015bwiat\u0142o, minimalna rama\",\"isPartOf\":{\"@id\":\"https:\/\/bertrand.pl\/#website\"},\"primaryImageOfPage\":{\"@id\":\"https:\/\/bertrand.pl\/produkt\/hst-panorama\/#primaryimage\"},\"image\":{\"@id\":\"https:\/\/bertrand.pl\/produkt\/hst-panorama\/#primaryimage\"},\"thumbnailUrl\":\"https:\/\/bertrand.pl\/wp-content\/uploads\/2023\/12\/9.jpg\",\"datePublished\":\"2025-03-13T12:16:03+00:00\",\"dateModified\":\"2025-07-10T12:43:07+00:00\",\"description\":\"HST Panorama. Bezramowe szklenie sta\u0142e i w\u0105skie frezowanie - wi\u0119cej \u015bwiat\u0142a. Idealne rozwi\u0105zania do minimalistycznych wn\u0119trz.\",\"breadcrumb\":{\"@id\":\"https:\/\/bertrand.pl\/produkt\/hst-panorama\/#breadcrumb\"},\"inLanguage\":\"fr-FR\",\"potentialAction\":[{\"@type\":\"ReadAction\",\"target\":[\"https:\/\/bertrand.pl\/produkt\/hst-panorama\/\"]}]},{\"@type\":\"ImageObject\",\"inLanguage\":\"fr-FR\",\"@id\":\"https:\/\/bertrand.pl\/produkt\/hst-panorama\/#primaryimage\",\"url\":\"https:\/\/bertrand.pl\/wp-content\/uploads\/2023\/12\/9.jpg\",\"contentUrl\":\"https:\/\/bertrand.pl\/wp-content\/uploads\/2023\/12\/9.jpg\",\"width\":600,\"height\":428},{\"@type\":\"BreadcrumbList\",\"@id\":\"https:\/\/bertrand.pl\/produkt\/hst-panorama\/#breadcrumb\",\"itemListElement\":[{\"@type\":\"ListItem\",\"position\":1,\"name\":\"Strona g\u0142\u00f3wna\",\"item\":\"https:\/\/bertrand.pl\/\"},{\"@type\":\"ListItem\",\"position\":2,\"name\":\"Produits\",\"item\":\"https:\/\/bertrand.pl\/fr\/shop\/\"},{\"@type\":\"ListItem\",\"position\":3,\"name\":\"HST Panorama\"}]},{\"@type\":\"WebSite\",\"@id\":\"https:\/\/bertrand.pl\/#website\",\"url\":\"https:\/\/bertrand.pl\/\",\"name\":\"Bertrand.pl\",\"description\":\"Firma Bertrand to certyfikowany i uznany producent najwy\u017cszej jako\u015bci okien z PVC, z drewna lub aluminium. Produkcja drzwi, rolet i bram gara\u017cowych.\",\"publisher\":{\"@id\":\"https:\/\/bertrand.pl\/#organization\"},\"potentialAction\":[{\"@type\":\"SearchAction\",\"target\":{\"@type\":\"EntryPoint\",\"urlTemplate\":\"https:\/\/bertrand.pl\/?s={search_term_string}\"},\"query-input\":{\"@type\":\"PropertyValueSpecification\",\"valueRequired\":true,\"valueName\":\"search_term_string\"}}],\"inLanguage\":\"fr-FR\"},{\"@type\":\"Organization\",\"@id\":\"https:\/\/bertrand.pl\/#organization\",\"name\":\"Bertrand.pl\",\"url\":\"https:\/\/bertrand.pl\/\",\"logo\":{\"@type\":\"ImageObject\",\"inLanguage\":\"fr-FR\",\"@id\":\"https:\/\/bertrand.pl\/#\/schema\/logo\/image\/\",\"url\":\"https:\/\/bertrand.pl\/wp-content\/uploads\/2024\/12\/logo_BB_TM_PL_black.png\",\"contentUrl\":\"https:\/\/bertrand.pl\/wp-content\/uploads\/2024\/12\/logo_BB_TM_PL_black.png\",\"width\":1831,\"height\":1831,\"caption\":\"Bertrand.pl\"},\"image\":{\"@id\":\"https:\/\/bertrand.pl\/#\/schema\/logo\/image\/\"},\"sameAs\":[\"https:\/\/www.facebook.com\/bertrandpolska\/\",\"https:\/\/www.instagram.com\/bertrand_okna_i_drzwi\/\",\"https:\/\/www.linkedin.com\/company\/bertrand\/\",\"https:\/\/www.tiktok.com\/@bertrand_okna_drzwi\"]}]}<\/script>\n<!-- \/ Yoast SEO Premium plugin. -->","yoast_head_json":{"title":"HST Panorama \u2013 maksymalne \u015bwiat\u0142o, minimalna rama","description":"Panorama TVH. Vitrage fixe sans cadre et fraisage \u00e9troit - plus de lumi\u00e8re. Des solutions parfaites pour les int\u00e9rieurs minimalistes.","robots":{"index":"index","follow":"follow","max-snippet":"max-snippet:-1","max-image-preview":"max-image-preview:large","max-video-preview":"max-video-preview:-1"},"canonical":"https:\/\/bertrand.pl\/fr\/produit\/panorama-de-la-tvh\/","og_locale":"fr_FR","og_type":"article","og_title":"HST Panorama","og_description":"HST Panorama. Bezramowe szklenie sta\u0142e i w\u0105skie frezowanie - wi\u0119cej \u015bwiat\u0142a. Idealne rozwi\u0105zania do minimalistycznych wn\u0119trz.","og_url":"https:\/\/bertrand.pl\/fr\/produit\/panorama-de-la-tvh\/","og_site_name":"Bertrand. Najwy\u017cszej jako\u015bci okna i drzwi. Certyfikowany producent od 1969 roku.","article_publisher":"https:\/\/www.facebook.com\/bertrandpolska\/","article_modified_time":"2025-07-10T12:43:07+00:00","og_image":[{"width":600,"height":428,"url":"https:\/\/bertrand.pl\/wp-content\/uploads\/2023\/12\/9.jpg","type":"image\/jpeg"}],"twitter_card":"summary_large_image","twitter_misc":{"Dur\u00e9e de lecture estim\u00e9e":"3 minutes"},"schema":{"@context":"https:\/\/schema.org","@graph":[{"@type":"WebPage","@id":"https:\/\/bertrand.pl\/produkt\/hst-panorama\/","url":"https:\/\/bertrand.pl\/produkt\/hst-panorama\/","name":"HST Panorama \u2013 maksymalne \u015bwiat\u0142o, minimalna rama","isPartOf":{"@id":"https:\/\/bertrand.pl\/#website"},"primaryImageOfPage":{"@id":"https:\/\/bertrand.pl\/produkt\/hst-panorama\/#primaryimage"},"image":{"@id":"https:\/\/bertrand.pl\/produkt\/hst-panorama\/#primaryimage"},"thumbnailUrl":"https:\/\/bertrand.pl\/wp-content\/uploads\/2023\/12\/9.jpg","datePublished":"2025-03-13T12:16:03+00:00","dateModified":"2025-07-10T12:43:07+00:00","description":"Panorama TVH. Vitrage fixe sans cadre et fraisage \u00e9troit - plus de lumi\u00e8re. Des solutions parfaites pour les int\u00e9rieurs minimalistes.","breadcrumb":{"@id":"https:\/\/bertrand.pl\/produkt\/hst-panorama\/#breadcrumb"},"inLanguage":"fr-FR","potentialAction":[{"@type":"ReadAction","target":["https:\/\/bertrand.pl\/produkt\/hst-panorama\/"]}]},{"@type":"ImageObject","inLanguage":"fr-FR","@id":"https:\/\/bertrand.pl\/produkt\/hst-panorama\/#primaryimage","url":"https:\/\/bertrand.pl\/wp-content\/uploads\/2023\/12\/9.jpg","contentUrl":"https:\/\/bertrand.pl\/wp-content\/uploads\/2023\/12\/9.jpg","width":600,"height":428},{"@type":"BreadcrumbList","@id":"https:\/\/bertrand.pl\/produkt\/hst-panorama\/#breadcrumb","itemListElement":[{"@type":"ListItem","position":1,"name":"Strona g\u0142\u00f3wna","item":"https:\/\/bertrand.pl\/"},{"@type":"ListItem","position":2,"name":"Produits","item":"https:\/\/bertrand.pl\/fr\/shop\/"},{"@type":"ListItem","position":3,"name":"HST Panorama"}]},{"@type":"WebSite","@id":"https:\/\/bertrand.pl\/#website","url":"https:\/\/bertrand.pl\/","name":"Bertrand.pl","description":"Firma Bertrand to certyfikowany i uznany producent najwy\u017cszej jako\u015bci okien z PVC, z drewna lub aluminium. Produkcja drzwi, rolet i bram gara\u017cowych.","publisher":{"@id":"https:\/\/bertrand.pl\/#organization"},"potentialAction":[{"@type":"SearchAction","target":{"@type":"EntryPoint","urlTemplate":"https:\/\/bertrand.pl\/?s={search_term_string}"},"query-input":{"@type":"PropertyValueSpecification","valueRequired":true,"valueName":"search_term_string"}}],"inLanguage":"fr-FR"},{"@type":"Organization","@id":"https:\/\/bertrand.pl\/#organization","name":"Bertrand.pl","url":"https:\/\/bertrand.pl\/","logo":{"@type":"ImageObject","inLanguage":"fr-FR","@id":"https:\/\/bertrand.pl\/#\/schema\/logo\/image\/","url":"https:\/\/bertrand.pl\/wp-content\/uploads\/2024\/12\/logo_BB_TM_PL_black.png","contentUrl":"https:\/\/bertrand.pl\/wp-content\/uploads\/2024\/12\/logo_BB_TM_PL_black.png","width":1831,"height":1831,"caption":"Bertrand.pl"},"image":{"@id":"https:\/\/bertrand.pl\/#\/schema\/logo\/image\/"},"sameAs":["https:\/\/www.facebook.com\/bertrandpolska\/","https:\/\/www.instagram.com\/bertrand_okna_i_drzwi\/","https:\/\/www.linkedin.com\/company\/bertrand\/","https:\/\/www.tiktok.com\/@bertrand_okna_drzwi"]}]}},"_links":{"self":[{"href":"https:\/\/bertrand.pl\/fr\/wp-json\/wp\/v2\/product\/1129","targetHints":{"allow":["GET"]}}],"collection":[{"href":"https:\/\/bertrand.pl\/fr\/wp-json\/wp\/v2\/product"}],"about":[{"href":"https:\/\/bertrand.pl\/fr\/wp-json\/wp\/v2\/types\/product"}],"wp:featuredmedia":[{"embeddable":true,"href":"https:\/\/bertrand.pl\/fr\/wp-json\/wp\/v2\/media\/1130"}],"wp:attachment":[{"href":"https:\/\/bertrand.pl\/fr\/wp-json\/wp\/v2\/media?parent=1129"}],"wp:term":[{"taxonomy":"product_brand","embeddable":true,"href":"https:\/\/bertrand.pl\/fr\/wp-json\/wp\/v2\/product_brand?post=1129"},{"taxonomy":"product_cat","embeddable":true,"href":"https:\/\/bertrand.pl\/fr\/wp-json\/wp\/v2\/product_cat?post=1129"},{"taxonomy":"product_tag","embeddable":true,"href":"https:\/\/bertrand.pl\/fr\/wp-json\/wp\/v2\/product_tag?post=1129"}],"curies":[{"name":"wp","href":"https:\/\/api.w.org\/{rel}","templated":true}]}}