{"id":1143,"date":"2023-12-18T11:49:46","date_gmt":"2023-12-18T10:49:46","guid":{"rendered":"https:\/\/bertrand.pl\/?post_type=product&#038;p=1143"},"modified":"2024-12-13T14:44:52","modified_gmt":"2024-12-13T13:44:52","slug":"serie-luxembourgeoise","status":"publish","type":"product","link":"https:\/\/bertrand.pl\/fr\/produkt\/seria-luxembourg\/","title":{"rendered":"S\u00c9RIE LUXEMBOURG"},"content":{"rendered":"<p><strong>S\u00c9RIE LUXEMBOURG<\/strong> sont des poign\u00e9es de fen\u00eatre modernes en aluminium qui combinent un design unique, une durabilit\u00e9 et des technologies innovantes. Equip\u00e9 de m\u00e9canismes <strong>S\u00e9custik\u00ae<\/strong> et <strong>VarioFit\u00ae<\/strong>, la poign\u00e9e r\u00e9pond aux normes les plus \u00e9lev\u00e9es d&#039;esth\u00e9tique et de fonctionnalit\u00e9, correspondant parfaitement aux besoins des int\u00e9rieurs modernes.<\/p>\n<p>&nbsp;<\/p>\n<h3>Principales caract\u00e9ristiques du produit<\/h3>\n<ol>\n<li><strong>S\u00e9curit\u00e9 avec Secustik\u00ae :<\/strong> La technologie de s\u00e9curit\u00e9 de base prot\u00e8ge contre les manipulations externes, augmentant ainsi le niveau de s\u00e9curit\u00e9 des fen\u00eatres.<\/li>\n<li><strong>Pr\u00e9cision avec VarioFit\u00ae :<\/strong> Le r\u00e9glage en continu de la longueur de la tige (plage de 10 mm) assure une adaptation \u00e0 diff\u00e9rents types de menuiserie.<\/li>\n<li><strong>Design moderne:<\/strong> La construction en aluminium de couleur F1 (argent) s&#039;int\u00e8gre parfaitement dans les arrangements modernes et classiques.<\/li>\n<li><strong>Fonctionnalit\u00e9:<\/strong> Les incr\u00e9ments de 45\u00b0 garantissent une utilisation confortable et un positionnement pr\u00e9cis.<\/li>\n<li><strong>Esth\u00e9tique et durabilit\u00e9 :<\/strong> Le montage dissimul\u00e9 et les mat\u00e9riaux de haute qualit\u00e9 soulignent l&#039;\u00e9l\u00e9gance et la durabilit\u00e9 du produit.<\/li>\n<\/ol>\n<p>&nbsp;<\/p>\n<h3>D\u00e9tails techniques <strong>S\u00c9RIE LUXEMBOURGEOISE :<\/strong><\/h3>\n<ul>\n<li><strong>Mat\u00e9riel:<\/strong> Aluminium avec \u00e9l\u00e9ments en plastique durables.<\/li>\n<li><strong>Couleur:<\/strong> F1 aluminium \u2013 argent.<\/li>\n<li><strong>\u00c9pingle:<\/strong> Complet, avec une plage de r\u00e9glage de longueur de 32 \u00e0 42 mm.<\/li>\n<li><strong>Goupilles de stabilisation :<\/strong> Diagonale de 10 mm pour une stabilit\u00e9 accrue.<\/li>\n<li><strong>Rosette:<\/strong> Rotatif, partiellement couvrant.<\/li>\n<li><strong>Dimensions du carr\u00e9 :<\/strong> 7mm.<\/li>\n<li><strong>Montage:<\/strong> Vis autotaraudeuses M5 dissimul\u00e9es.<\/li>\n<\/ul>\n<p>&nbsp;<\/p>\n<p><img fetchpriority=\"high\" decoding=\"async\" class=\"alignnone wp-image-1145 size-medium\" title=\"S\u00c9RIE LUXEMBOURG\" src=\"https:\/\/bertrand.pl\/wp-content\/uploads\/2023\/12\/luxembourg_przekroj-420x420.jpg\" alt=\"Poign\u00e9e S\u00c9RIE LUXEMBOURG\" width=\"420\" height=\"420\" srcset=\"https:\/\/bertrand.pl\/wp-content\/uploads\/2023\/12\/luxembourg_przekroj-420x420.jpg 420w, https:\/\/bertrand.pl\/wp-content\/uploads\/2023\/12\/luxembourg_przekroj-300x300.jpg 300w, https:\/\/bertrand.pl\/wp-content\/uploads\/2023\/12\/luxembourg_przekroj-100x100.jpg 100w, https:\/\/bertrand.pl\/wp-content\/uploads\/2023\/12\/luxembourg_przekroj.jpg 600w\" sizes=\"(max-width: 420px) 100vw, 420px\" \/><\/p>\n<p>&nbsp;<\/p>\n<h4><strong><a href=\"https:\/\/www.hoppe.com\/pl-pl\/produkt\/1000870370\/luxembourg-klamki-okienne?C_TECH_ID=128&amp;C_GRT_ID=007\">En savoir plus<\/a><\/strong><\/h4>\n<p>&nbsp;<\/p>\n<h4><strong><a href=\"https:\/\/bertrand.pl\/fr\/couleur\/\">Couleurs des fen\u00eatres et des portes<\/a><\/strong><\/h4>","protected":false},"excerpt":{"rendered":"<p><strong>FORMES CLASSIQUES ET D\u00c9LICATES<\/strong><\/p>\n<p>Poign\u00e9e de fen\u00eatre pour fen\u00eatres oscillo-battantes.<\/p>","protected":false},"featured_media":1072,"template":"","meta":{"site-sidebar-layout":"default","site-content-layout":"","ast-site-content-layout":"default","site-content-style":"default","site-sidebar-style":"default","ast-global-header-display":"","ast-banner-title-visibility":"","ast-main-header-display":"","ast-hfb-above-header-display":"","ast-hfb-below-header-display":"","ast-hfb-mobile-header-display":"","site-post-title":"","ast-breadcrumbs-content":"","ast-featured-img":"","footer-sml-layout":"","ast-disable-related-posts":"","theme-transparent-header-meta":"default","adv-header-id-meta":"","stick-header-meta":"","header-above-stick-meta":"","header-main-stick-meta":"","header-below-stick-meta":"","astra-migrate-meta-layouts":"set","ast-page-background-enabled":"default","ast-page-background-meta":{"desktop":{"background-color":"var(--ast-global-color-4)","background-image":"","background-repeat":"repeat","background-position":"center center","background-size":"auto","background-attachment":"scroll","background-type":"","background-media":"","overlay-type":"","overlay-color":"","overlay-opacity":"","overlay-gradient":""},"tablet":{"background-color":"","background-image":"","background-repeat":"repeat","background-position":"center center","background-size":"auto","background-attachment":"scroll","background-type":"","background-media":"","overlay-type":"","overlay-color":"","overlay-opacity":"","overlay-gradient":""},"mobile":{"background-color":"","background-image":"","background-repeat":"repeat","background-position":"center center","background-size":"auto","background-attachment":"scroll","background-type":"","background-media":"","overlay-type":"","overlay-color":"","overlay-opacity":"","overlay-gradient":""}},"ast-content-background-meta":{"desktop":{"background-color":"var(--ast-global-color-5)","background-image":"","background-repeat":"repeat","background-position":"center center","background-size":"auto","background-attachment":"scroll","background-type":"","background-media":"","overlay-type":"","overlay-color":"","overlay-opacity":"","overlay-gradient":""},"tablet":{"background-color":"var(--ast-global-color-5)","background-image":"","background-repeat":"repeat","background-position":"center center","background-size":"auto","background-attachment":"scroll","background-type":"","background-media":"","overlay-type":"","overlay-color":"","overlay-opacity":"","overlay-gradient":""},"mobile":{"background-color":"var(--ast-global-color-5)","background-image":"","background-repeat":"repeat","background-position":"center center","background-size":"auto","background-attachment":"scroll","background-type":"","background-media":"","overlay-type":"","overlay-color":"","overlay-opacity":"","overlay-gradient":""}}},"product_brand":[],"product_cat":[15],"product_tag":[],"class_list":{"0":"post-1143","1":"product","2":"type-product","3":"status-publish","4":"has-post-thumbnail","6":"product_cat-okna","7":"desktop-align-left","8":"tablet-align-left","9":"mobile-align-left","11":"first","12":"instock","13":"shipping-taxable","14":"product-type-simple"},"yoast_head":"<!-- This site is optimized with the Yoast SEO Premium plugin v27.2 (Yoast SEO v27.2) - https:\/\/yoast.com\/product\/yoast-seo-premium-wordpress\/ -->\n<title>SERIA LUXEMBOURG - Bertrand. Najwy\u017cszej jako\u015bci okna i drzwi. Certyfikowany producent od 1969 roku.<\/title>\n<meta name=\"description\" content=\"Klamka okienna SERIA LUXEMBOURG \u2013 nowoczesny design, technologia Secustik\u00ae i VarioFit\u00ae. Funkcjonalno\u015b\u0107, bezpiecze\u0144stwo i elegancja w jednym produkcie.\" \/>\n<meta name=\"robots\" content=\"index, follow, max-snippet:-1, max-image-preview:large, max-video-preview:-1\" \/>\n<link rel=\"canonical\" href=\"https:\/\/bertrand.pl\/fr\/produit\/serie-luxembourgeoise\/\" \/>\n<meta property=\"og:locale\" content=\"fr_FR\" \/>\n<meta property=\"og:type\" content=\"article\" \/>\n<meta property=\"og:title\" content=\"SERIA LUXEMBOURG\" \/>\n<meta property=\"og:description\" content=\"Klamka okienna SERIA LUXEMBOURG \u2013 nowoczesny design, technologia Secustik\u00ae i VarioFit\u00ae. Funkcjonalno\u015b\u0107, bezpiecze\u0144stwo i elegancja w jednym produkcie.\" \/>\n<meta property=\"og:url\" content=\"https:\/\/bertrand.pl\/fr\/produit\/serie-luxembourgeoise\/\" \/>\n<meta property=\"og:site_name\" content=\"Bertrand. Najwy\u017cszej jako\u015bci okna i drzwi. Certyfikowany producent od 1969 roku.\" \/>\n<meta property=\"article:publisher\" content=\"https:\/\/www.facebook.com\/bertrandpolska\/\" \/>\n<meta property=\"article:modified_time\" content=\"2024-12-13T13:44:52+00:00\" \/>\n<meta property=\"og:image\" content=\"https:\/\/bertrand.pl\/wp-content\/uploads\/2023\/12\/hoppe-luxembourg_a_f9016.png\" \/>\n\t<meta property=\"og:image:width\" content=\"600\" \/>\n\t<meta property=\"og:image:height\" content=\"600\" \/>\n\t<meta property=\"og:image:type\" content=\"image\/png\" \/>\n<meta name=\"twitter:card\" content=\"summary_large_image\" \/>\n<meta name=\"twitter:label1\" content=\"Dur\u00e9e de lecture estim\u00e9e\" \/>\n\t<meta name=\"twitter:data1\" content=\"2 minutes\" \/>\n<script type=\"application\/ld+json\" class=\"yoast-schema-graph\">{\"@context\":\"https:\/\/schema.org\",\"@graph\":[{\"@type\":\"WebPage\",\"@id\":\"https:\/\/bertrand.pl\/produkt\/seria-luxembourg\/\",\"url\":\"https:\/\/bertrand.pl\/produkt\/seria-luxembourg\/\",\"name\":\"SERIA LUXEMBOURG - Bertrand. Najwy\u017cszej jako\u015bci okna i drzwi. Certyfikowany producent od 1969 roku.\",\"isPartOf\":{\"@id\":\"https:\/\/bertrand.pl\/#website\"},\"primaryImageOfPage\":{\"@id\":\"https:\/\/bertrand.pl\/produkt\/seria-luxembourg\/#primaryimage\"},\"image\":{\"@id\":\"https:\/\/bertrand.pl\/produkt\/seria-luxembourg\/#primaryimage\"},\"thumbnailUrl\":\"https:\/\/bertrand.pl\/wp-content\/uploads\/2023\/12\/hoppe-luxembourg_a_f9016.png\",\"datePublished\":\"2023-12-18T10:49:46+00:00\",\"dateModified\":\"2024-12-13T13:44:52+00:00\",\"description\":\"Klamka okienna SERIA LUXEMBOURG \u2013 nowoczesny design, technologia Secustik\u00ae i VarioFit\u00ae. Funkcjonalno\u015b\u0107, bezpiecze\u0144stwo i elegancja w jednym produkcie.\",\"breadcrumb\":{\"@id\":\"https:\/\/bertrand.pl\/produkt\/seria-luxembourg\/#breadcrumb\"},\"inLanguage\":\"fr-FR\",\"potentialAction\":[{\"@type\":\"ReadAction\",\"target\":[\"https:\/\/bertrand.pl\/produkt\/seria-luxembourg\/\"]}]},{\"@type\":\"ImageObject\",\"inLanguage\":\"fr-FR\",\"@id\":\"https:\/\/bertrand.pl\/produkt\/seria-luxembourg\/#primaryimage\",\"url\":\"https:\/\/bertrand.pl\/wp-content\/uploads\/2023\/12\/hoppe-luxembourg_a_f9016.png\",\"contentUrl\":\"https:\/\/bertrand.pl\/wp-content\/uploads\/2023\/12\/hoppe-luxembourg_a_f9016.png\",\"width\":600,\"height\":600},{\"@type\":\"BreadcrumbList\",\"@id\":\"https:\/\/bertrand.pl\/produkt\/seria-luxembourg\/#breadcrumb\",\"itemListElement\":[{\"@type\":\"ListItem\",\"position\":1,\"name\":\"Strona g\u0142\u00f3wna\",\"item\":\"https:\/\/bertrand.pl\/\"},{\"@type\":\"ListItem\",\"position\":2,\"name\":\"Produits\",\"item\":\"https:\/\/bertrand.pl\/fr\/shop\/\"},{\"@type\":\"ListItem\",\"position\":3,\"name\":\"SERIA LUXEMBOURG\"}]},{\"@type\":\"WebSite\",\"@id\":\"https:\/\/bertrand.pl\/#website\",\"url\":\"https:\/\/bertrand.pl\/\",\"name\":\"Bertrand.pl\",\"description\":\"Firma Bertrand to certyfikowany i uznany producent najwy\u017cszej jako\u015bci okien z PVC, z drewna lub aluminium. Produkcja drzwi, rolet i bram gara\u017cowych.\",\"publisher\":{\"@id\":\"https:\/\/bertrand.pl\/#organization\"},\"potentialAction\":[{\"@type\":\"SearchAction\",\"target\":{\"@type\":\"EntryPoint\",\"urlTemplate\":\"https:\/\/bertrand.pl\/?s={search_term_string}\"},\"query-input\":{\"@type\":\"PropertyValueSpecification\",\"valueRequired\":true,\"valueName\":\"search_term_string\"}}],\"inLanguage\":\"fr-FR\"},{\"@type\":\"Organization\",\"@id\":\"https:\/\/bertrand.pl\/#organization\",\"name\":\"Bertrand.pl\",\"url\":\"https:\/\/bertrand.pl\/\",\"logo\":{\"@type\":\"ImageObject\",\"inLanguage\":\"fr-FR\",\"@id\":\"https:\/\/bertrand.pl\/#\/schema\/logo\/image\/\",\"url\":\"https:\/\/bertrand.pl\/wp-content\/uploads\/2024\/12\/logo_BB_TM_PL_black.png\",\"contentUrl\":\"https:\/\/bertrand.pl\/wp-content\/uploads\/2024\/12\/logo_BB_TM_PL_black.png\",\"width\":1831,\"height\":1831,\"caption\":\"Bertrand.pl\"},\"image\":{\"@id\":\"https:\/\/bertrand.pl\/#\/schema\/logo\/image\/\"},\"sameAs\":[\"https:\/\/www.facebook.com\/bertrandpolska\/\",\"https:\/\/www.instagram.com\/bertrand_okna_i_drzwi\/\",\"https:\/\/www.linkedin.com\/company\/bertrand\/\",\"https:\/\/www.tiktok.com\/@bertrand_okna_drzwi\"]}]}<\/script>\n<!-- \/ Yoast SEO Premium plugin. -->","yoast_head_json":{"title":"SERIA LUXEMBOURG - Bertrand. Najwy\u017cszej jako\u015bci okna i drzwi. Certyfikowany producent od 1969 roku.","description":"Poign\u00e9e de fen\u00eatre S\u00c9RIE LUXEMBOURG \u2013 design moderne, technologie Secustik\u00ae et VarioFit\u00ae. Fonctionnalit\u00e9, s\u00e9curit\u00e9 et \u00e9l\u00e9gance dans un seul produit.","robots":{"index":"index","follow":"follow","max-snippet":"max-snippet:-1","max-image-preview":"max-image-preview:large","max-video-preview":"max-video-preview:-1"},"canonical":"https:\/\/bertrand.pl\/fr\/produit\/serie-luxembourgeoise\/","og_locale":"fr_FR","og_type":"article","og_title":"SERIA LUXEMBOURG","og_description":"Klamka okienna SERIA LUXEMBOURG \u2013 nowoczesny design, technologia Secustik\u00ae i VarioFit\u00ae. Funkcjonalno\u015b\u0107, bezpiecze\u0144stwo i elegancja w jednym produkcie.","og_url":"https:\/\/bertrand.pl\/fr\/produit\/serie-luxembourgeoise\/","og_site_name":"Bertrand. Najwy\u017cszej jako\u015bci okna i drzwi. Certyfikowany producent od 1969 roku.","article_publisher":"https:\/\/www.facebook.com\/bertrandpolska\/","article_modified_time":"2024-12-13T13:44:52+00:00","og_image":[{"width":600,"height":600,"url":"https:\/\/bertrand.pl\/wp-content\/uploads\/2023\/12\/hoppe-luxembourg_a_f9016.png","type":"image\/png"}],"twitter_card":"summary_large_image","twitter_misc":{"Dur\u00e9e de lecture estim\u00e9e":"2 minutes"},"schema":{"@context":"https:\/\/schema.org","@graph":[{"@type":"WebPage","@id":"https:\/\/bertrand.pl\/produkt\/seria-luxembourg\/","url":"https:\/\/bertrand.pl\/produkt\/seria-luxembourg\/","name":"SERIA LUXEMBOURG - Bertrand. Najwy\u017cszej jako\u015bci okna i drzwi. Certyfikowany producent od 1969 roku.","isPartOf":{"@id":"https:\/\/bertrand.pl\/#website"},"primaryImageOfPage":{"@id":"https:\/\/bertrand.pl\/produkt\/seria-luxembourg\/#primaryimage"},"image":{"@id":"https:\/\/bertrand.pl\/produkt\/seria-luxembourg\/#primaryimage"},"thumbnailUrl":"https:\/\/bertrand.pl\/wp-content\/uploads\/2023\/12\/hoppe-luxembourg_a_f9016.png","datePublished":"2023-12-18T10:49:46+00:00","dateModified":"2024-12-13T13:44:52+00:00","description":"Poign\u00e9e de fen\u00eatre S\u00c9RIE LUXEMBOURG \u2013 design moderne, technologie Secustik\u00ae et VarioFit\u00ae. Fonctionnalit\u00e9, s\u00e9curit\u00e9 et \u00e9l\u00e9gance dans un seul produit.","breadcrumb":{"@id":"https:\/\/bertrand.pl\/produkt\/seria-luxembourg\/#breadcrumb"},"inLanguage":"fr-FR","potentialAction":[{"@type":"ReadAction","target":["https:\/\/bertrand.pl\/produkt\/seria-luxembourg\/"]}]},{"@type":"ImageObject","inLanguage":"fr-FR","@id":"https:\/\/bertrand.pl\/produkt\/seria-luxembourg\/#primaryimage","url":"https:\/\/bertrand.pl\/wp-content\/uploads\/2023\/12\/hoppe-luxembourg_a_f9016.png","contentUrl":"https:\/\/bertrand.pl\/wp-content\/uploads\/2023\/12\/hoppe-luxembourg_a_f9016.png","width":600,"height":600},{"@type":"BreadcrumbList","@id":"https:\/\/bertrand.pl\/produkt\/seria-luxembourg\/#breadcrumb","itemListElement":[{"@type":"ListItem","position":1,"name":"Strona g\u0142\u00f3wna","item":"https:\/\/bertrand.pl\/"},{"@type":"ListItem","position":2,"name":"Produits","item":"https:\/\/bertrand.pl\/fr\/shop\/"},{"@type":"ListItem","position":3,"name":"SERIA LUXEMBOURG"}]},{"@type":"WebSite","@id":"https:\/\/bertrand.pl\/#website","url":"https:\/\/bertrand.pl\/","name":"Bertrand.pl","description":"Firma Bertrand to certyfikowany i uznany producent najwy\u017cszej jako\u015bci okien z PVC, z drewna lub aluminium. Produkcja drzwi, rolet i bram gara\u017cowych.","publisher":{"@id":"https:\/\/bertrand.pl\/#organization"},"potentialAction":[{"@type":"SearchAction","target":{"@type":"EntryPoint","urlTemplate":"https:\/\/bertrand.pl\/?s={search_term_string}"},"query-input":{"@type":"PropertyValueSpecification","valueRequired":true,"valueName":"search_term_string"}}],"inLanguage":"fr-FR"},{"@type":"Organization","@id":"https:\/\/bertrand.pl\/#organization","name":"Bertrand.pl","url":"https:\/\/bertrand.pl\/","logo":{"@type":"ImageObject","inLanguage":"fr-FR","@id":"https:\/\/bertrand.pl\/#\/schema\/logo\/image\/","url":"https:\/\/bertrand.pl\/wp-content\/uploads\/2024\/12\/logo_BB_TM_PL_black.png","contentUrl":"https:\/\/bertrand.pl\/wp-content\/uploads\/2024\/12\/logo_BB_TM_PL_black.png","width":1831,"height":1831,"caption":"Bertrand.pl"},"image":{"@id":"https:\/\/bertrand.pl\/#\/schema\/logo\/image\/"},"sameAs":["https:\/\/www.facebook.com\/bertrandpolska\/","https:\/\/www.instagram.com\/bertrand_okna_i_drzwi\/","https:\/\/www.linkedin.com\/company\/bertrand\/","https:\/\/www.tiktok.com\/@bertrand_okna_drzwi"]}]}},"_links":{"self":[{"href":"https:\/\/bertrand.pl\/fr\/wp-json\/wp\/v2\/product\/1143","targetHints":{"allow":["GET"]}}],"collection":[{"href":"https:\/\/bertrand.pl\/fr\/wp-json\/wp\/v2\/product"}],"about":[{"href":"https:\/\/bertrand.pl\/fr\/wp-json\/wp\/v2\/types\/product"}],"wp:featuredmedia":[{"embeddable":true,"href":"https:\/\/bertrand.pl\/fr\/wp-json\/wp\/v2\/media\/1072"}],"wp:attachment":[{"href":"https:\/\/bertrand.pl\/fr\/wp-json\/wp\/v2\/media?parent=1143"}],"wp:term":[{"taxonomy":"product_brand","embeddable":true,"href":"https:\/\/bertrand.pl\/fr\/wp-json\/wp\/v2\/product_brand?post=1143"},{"taxonomy":"product_cat","embeddable":true,"href":"https:\/\/bertrand.pl\/fr\/wp-json\/wp\/v2\/product_cat?post=1143"},{"taxonomy":"product_tag","embeddable":true,"href":"https:\/\/bertrand.pl\/fr\/wp-json\/wp\/v2\/product_tag?post=1143"}],"curies":[{"name":"wp","href":"https:\/\/api.w.org\/{rel}","templated":true}]}}