{"id":1147,"date":"2023-12-18T12:03:54","date_gmt":"2023-12-18T11:03:54","guid":{"rendered":"https:\/\/bertrand.pl\/?post_type=product&#038;p=1147"},"modified":"2024-12-13T14:52:49","modified_gmt":"2024-12-13T13:52:49","slug":"serie-toulonnaise","status":"publish","type":"product","link":"https:\/\/bertrand.pl\/fr\/produkt\/seria-toulon\/","title":{"rendered":"S\u00c9RIE TOULON"},"content":{"rendered":"<p><strong>S\u00c9RIE TOULON<\/strong> est une poign\u00e9e de fen\u00eatre unique en aluminium, alliant design moderne, fonctionnalit\u00e9 et s\u00e9curit\u00e9 accrue. Gr\u00e2ce aux technologies avanc\u00e9es <strong>S\u00e9custik\u00ae<\/strong> et <strong>VarioFit\u00ae<\/strong>, la poign\u00e9e r\u00e9pond aux normes les plus \u00e9lev\u00e9es, garantissant une utilisation fiable et une apparence \u00e9l\u00e9gante.<\/p>\n<p>&nbsp;<\/p>\n<h3>Principales caract\u00e9ristiques du produit<\/h3>\n<ol>\n<li><strong>Technologie Secustik\u00ae :<\/strong> La protection de base int\u00e9gr\u00e9e prot\u00e8ge efficacement contre les tentatives de manipulation de l&#039;ext\u00e9rieur, augmentant ainsi la s\u00e9curit\u00e9 des fen\u00eatres.<\/li>\n<li><strong>Technologie VarioFit\u00ae :<\/strong> Le r\u00e9glage en continu de la longueur de la broche (plage de 10 mm) gr\u00e2ce au ressort int\u00e9gr\u00e9 permet une adaptation \u00e0 diff\u00e9rents types de menuiserie.<\/li>\n<li><strong>R\u00e9silience:<\/strong> Le produit est test\u00e9 selon les normes DIN EN 13126-3 : 23\/180-0150\/03\/C1 et RAL-GZ 607\/9, ce qui garantit la durabilit\u00e9 et la r\u00e9sistance \u00e0 l&#039;usure.<\/li>\n<li><strong>Ergonomie:<\/strong> Les incr\u00e9ments de 90\u00b0 assurent un positionnement pr\u00e9cis, ce qui facilite consid\u00e9rablement l&#039;utilisation quotidienne.<\/li>\n<li><strong>Esth\u00e9tique:<\/strong> Le couvercle rotatif \u00e0 rosace partiellement couvrant souligne le caract\u00e8re minimaliste et moderne du produit.<\/li>\n<\/ol>\n<p>&nbsp;<\/p>\n<h3>D\u00e9tails techniques <strong>S\u00c9RIE TOULON<\/strong><\/h3>\n<ul>\n<li><strong>Type de produit\u00a0:<\/strong> Poign\u00e9e de fen\u00eatre pour fen\u00eatres oscillo-battantes.<\/li>\n<li><strong>Mat\u00e9riel:<\/strong> Aluminium.<\/li>\n<li><strong>Couleur:<\/strong> Aluminium F1 \u2013 nuances argent\u00e9es.<\/li>\n<li><strong>Dimensions du carr\u00e9 :<\/strong> 7mm.<\/li>\n<li><strong>Goupille saillante\u00a0:<\/strong> 32-42mm.<\/li>\n<li><strong>Diagonale des axes de stabilisation\u00a0:<\/strong> 10 mm.<\/li>\n<li><strong>Positionnement :<\/strong> Graduation tous les 90\u00b0.<\/li>\n<li><strong>Montage:<\/strong> Couvert, avec vis autotaraudeuses M5.<\/li>\n<li><strong>Cat\u00e9gorie d&#039;utilisation\u00a0:<\/strong> 2 (conform\u00e9ment aux normes).<\/li>\n<\/ul>\n<p><img fetchpriority=\"high\" decoding=\"async\" class=\"alignnone wp-image-1148 size-medium\" title=\"S\u00c9RIE TOULON\" src=\"https:\/\/bertrand.pl\/wp-content\/uploads\/2023\/12\/toulon_przekroj-420x420.jpg\" alt=\"Manche S\u00c9RIE TOULON\" width=\"420\" height=\"420\" srcset=\"https:\/\/bertrand.pl\/wp-content\/uploads\/2023\/12\/toulon_przekroj-420x420.jpg 420w, https:\/\/bertrand.pl\/wp-content\/uploads\/2023\/12\/toulon_przekroj-300x300.jpg 300w, https:\/\/bertrand.pl\/wp-content\/uploads\/2023\/12\/toulon_przekroj-100x100.jpg 100w, https:\/\/bertrand.pl\/wp-content\/uploads\/2023\/12\/toulon_przekroj.jpg 600w\" sizes=\"(max-width: 420px) 100vw, 420px\" \/><\/p>\n<p>&nbsp;<\/p>\n<h4><strong><a href=\"https:\/\/www.hoppe.com\/pl-pl\/produkt\/1000772414\/toulon-klamki-do-stolarki-rownolegle-przesuwno-uchylnej?C_TECH_ID=128&amp;C_GRT_ID=056\">En savoir plus<\/a><\/strong><\/h4>\n<p>&nbsp;<\/p>\n<h4><strong><a href=\"https:\/\/bertrand.pl\/fr\/couleur\/\">Couleurs des fen\u00eatres et des portes<\/a><\/strong><\/h4>","protected":false},"excerpt":{"rendered":"<p><strong>CONTOURS MODERNES ET SIMPLES<\/strong><\/p>\n<p>Poign\u00e9e de fen\u00eatre pour fen\u00eatres oscillo-battantes.<\/p>","protected":false},"featured_media":1083,"template":"","meta":{"site-sidebar-layout":"default","site-content-layout":"","ast-site-content-layout":"default","site-content-style":"default","site-sidebar-style":"default","ast-global-header-display":"","ast-banner-title-visibility":"","ast-main-header-display":"","ast-hfb-above-header-display":"","ast-hfb-below-header-display":"","ast-hfb-mobile-header-display":"","site-post-title":"","ast-breadcrumbs-content":"","ast-featured-img":"","footer-sml-layout":"","ast-disable-related-posts":"","theme-transparent-header-meta":"default","adv-header-id-meta":"","stick-header-meta":"","header-above-stick-meta":"","header-main-stick-meta":"","header-below-stick-meta":"","astra-migrate-meta-layouts":"set","ast-page-background-enabled":"default","ast-page-background-meta":{"desktop":{"background-color":"var(--ast-global-color-4)","background-image":"","background-repeat":"repeat","background-position":"center center","background-size":"auto","background-attachment":"scroll","background-type":"","background-media":"","overlay-type":"","overlay-color":"","overlay-opacity":"","overlay-gradient":""},"tablet":{"background-color":"","background-image":"","background-repeat":"repeat","background-position":"center center","background-size":"auto","background-attachment":"scroll","background-type":"","background-media":"","overlay-type":"","overlay-color":"","overlay-opacity":"","overlay-gradient":""},"mobile":{"background-color":"","background-image":"","background-repeat":"repeat","background-position":"center center","background-size":"auto","background-attachment":"scroll","background-type":"","background-media":"","overlay-type":"","overlay-color":"","overlay-opacity":"","overlay-gradient":""}},"ast-content-background-meta":{"desktop":{"background-color":"var(--ast-global-color-5)","background-image":"","background-repeat":"repeat","background-position":"center center","background-size":"auto","background-attachment":"scroll","background-type":"","background-media":"","overlay-type":"","overlay-color":"","overlay-opacity":"","overlay-gradient":""},"tablet":{"background-color":"var(--ast-global-color-5)","background-image":"","background-repeat":"repeat","background-position":"center center","background-size":"auto","background-attachment":"scroll","background-type":"","background-media":"","overlay-type":"","overlay-color":"","overlay-opacity":"","overlay-gradient":""},"mobile":{"background-color":"var(--ast-global-color-5)","background-image":"","background-repeat":"repeat","background-position":"center center","background-size":"auto","background-attachment":"scroll","background-type":"","background-media":"","overlay-type":"","overlay-color":"","overlay-opacity":"","overlay-gradient":""}}},"product_brand":[],"product_cat":[15],"product_tag":[],"class_list":{"0":"post-1147","1":"product","2":"type-product","3":"status-publish","4":"has-post-thumbnail","6":"product_cat-okna","7":"desktop-align-left","8":"tablet-align-left","9":"mobile-align-left","11":"first","12":"instock","13":"shipping-taxable","14":"product-type-simple"},"yoast_head":"<!-- This site is optimized with the Yoast SEO Premium plugin v27.2 (Yoast SEO v27.2) - https:\/\/yoast.com\/product\/yoast-seo-premium-wordpress\/ -->\n<title>SERIA TOULON - Bertrand. Najwy\u017cszej jako\u015bci okna i drzwi. Certyfikowany producent od 1969 roku.<\/title>\n<meta name=\"description\" content=\"Klamka okienna SERIA TOULON \u2013 aluminiowa, z technologi\u0105 Secustik\u00ae i VarioFit\u00ae. Bezpiecze\u0144stwo, ergonomia i nowoczesny design w jednym produkcie.\" \/>\n<meta name=\"robots\" content=\"index, follow, max-snippet:-1, max-image-preview:large, max-video-preview:-1\" \/>\n<link rel=\"canonical\" href=\"https:\/\/bertrand.pl\/fr\/produit\/serie-toulonnaise\/\" \/>\n<meta property=\"og:locale\" content=\"fr_FR\" \/>\n<meta property=\"og:type\" content=\"article\" \/>\n<meta property=\"og:title\" content=\"SERIA TOULON\" \/>\n<meta property=\"og:description\" content=\"Klamka okienna SERIA TOULON \u2013 aluminiowa, z technologi\u0105 Secustik\u00ae i VarioFit\u00ae. Bezpiecze\u0144stwo, ergonomia i nowoczesny design w jednym produkcie.\" \/>\n<meta property=\"og:url\" content=\"https:\/\/bertrand.pl\/fr\/produit\/serie-toulonnaise\/\" \/>\n<meta property=\"og:site_name\" content=\"Bertrand. Najwy\u017cszej jako\u015bci okna i drzwi. Certyfikowany producent od 1969 roku.\" \/>\n<meta property=\"article:publisher\" content=\"https:\/\/www.facebook.com\/bertrandpolska\/\" \/>\n<meta property=\"article:modified_time\" content=\"2024-12-13T13:52:49+00:00\" \/>\n<meta property=\"og:image\" content=\"https:\/\/bertrand.pl\/wp-content\/uploads\/2023\/12\/hoppe_toulon_a_f1.png\" \/>\n\t<meta property=\"og:image:width\" content=\"600\" \/>\n\t<meta property=\"og:image:height\" content=\"600\" \/>\n\t<meta property=\"og:image:type\" content=\"image\/png\" \/>\n<meta name=\"twitter:card\" content=\"summary_large_image\" \/>\n<meta name=\"twitter:label1\" content=\"Dur\u00e9e de lecture estim\u00e9e\" \/>\n\t<meta name=\"twitter:data1\" content=\"2 minutes\" \/>\n<script type=\"application\/ld+json\" class=\"yoast-schema-graph\">{\"@context\":\"https:\/\/schema.org\",\"@graph\":[{\"@type\":\"WebPage\",\"@id\":\"https:\/\/bertrand.pl\/produkt\/seria-toulon\/\",\"url\":\"https:\/\/bertrand.pl\/produkt\/seria-toulon\/\",\"name\":\"SERIA TOULON - Bertrand. Najwy\u017cszej jako\u015bci okna i drzwi. Certyfikowany producent od 1969 roku.\",\"isPartOf\":{\"@id\":\"https:\/\/bertrand.pl\/#website\"},\"primaryImageOfPage\":{\"@id\":\"https:\/\/bertrand.pl\/produkt\/seria-toulon\/#primaryimage\"},\"image\":{\"@id\":\"https:\/\/bertrand.pl\/produkt\/seria-toulon\/#primaryimage\"},\"thumbnailUrl\":\"https:\/\/bertrand.pl\/wp-content\/uploads\/2023\/12\/hoppe_toulon_a_f1.png\",\"datePublished\":\"2023-12-18T11:03:54+00:00\",\"dateModified\":\"2024-12-13T13:52:49+00:00\",\"description\":\"Klamka okienna SERIA TOULON \u2013 aluminiowa, z technologi\u0105 Secustik\u00ae i VarioFit\u00ae. Bezpiecze\u0144stwo, ergonomia i nowoczesny design w jednym produkcie.\",\"breadcrumb\":{\"@id\":\"https:\/\/bertrand.pl\/produkt\/seria-toulon\/#breadcrumb\"},\"inLanguage\":\"fr-FR\",\"potentialAction\":[{\"@type\":\"ReadAction\",\"target\":[\"https:\/\/bertrand.pl\/produkt\/seria-toulon\/\"]}]},{\"@type\":\"ImageObject\",\"inLanguage\":\"fr-FR\",\"@id\":\"https:\/\/bertrand.pl\/produkt\/seria-toulon\/#primaryimage\",\"url\":\"https:\/\/bertrand.pl\/wp-content\/uploads\/2023\/12\/hoppe_toulon_a_f1.png\",\"contentUrl\":\"https:\/\/bertrand.pl\/wp-content\/uploads\/2023\/12\/hoppe_toulon_a_f1.png\",\"width\":600,\"height\":600},{\"@type\":\"BreadcrumbList\",\"@id\":\"https:\/\/bertrand.pl\/produkt\/seria-toulon\/#breadcrumb\",\"itemListElement\":[{\"@type\":\"ListItem\",\"position\":1,\"name\":\"Strona g\u0142\u00f3wna\",\"item\":\"https:\/\/bertrand.pl\/\"},{\"@type\":\"ListItem\",\"position\":2,\"name\":\"Produits\",\"item\":\"https:\/\/bertrand.pl\/fr\/shop\/\"},{\"@type\":\"ListItem\",\"position\":3,\"name\":\"SERIA TOULON\"}]},{\"@type\":\"WebSite\",\"@id\":\"https:\/\/bertrand.pl\/#website\",\"url\":\"https:\/\/bertrand.pl\/\",\"name\":\"Bertrand.pl\",\"description\":\"Firma Bertrand to certyfikowany i uznany producent najwy\u017cszej jako\u015bci okien z PVC, z drewna lub aluminium. Produkcja drzwi, rolet i bram gara\u017cowych.\",\"publisher\":{\"@id\":\"https:\/\/bertrand.pl\/#organization\"},\"potentialAction\":[{\"@type\":\"SearchAction\",\"target\":{\"@type\":\"EntryPoint\",\"urlTemplate\":\"https:\/\/bertrand.pl\/?s={search_term_string}\"},\"query-input\":{\"@type\":\"PropertyValueSpecification\",\"valueRequired\":true,\"valueName\":\"search_term_string\"}}],\"inLanguage\":\"fr-FR\"},{\"@type\":\"Organization\",\"@id\":\"https:\/\/bertrand.pl\/#organization\",\"name\":\"Bertrand.pl\",\"url\":\"https:\/\/bertrand.pl\/\",\"logo\":{\"@type\":\"ImageObject\",\"inLanguage\":\"fr-FR\",\"@id\":\"https:\/\/bertrand.pl\/#\/schema\/logo\/image\/\",\"url\":\"https:\/\/bertrand.pl\/wp-content\/uploads\/2024\/12\/logo_BB_TM_PL_black.png\",\"contentUrl\":\"https:\/\/bertrand.pl\/wp-content\/uploads\/2024\/12\/logo_BB_TM_PL_black.png\",\"width\":1831,\"height\":1831,\"caption\":\"Bertrand.pl\"},\"image\":{\"@id\":\"https:\/\/bertrand.pl\/#\/schema\/logo\/image\/\"},\"sameAs\":[\"https:\/\/www.facebook.com\/bertrandpolska\/\",\"https:\/\/www.instagram.com\/bertrand_okna_i_drzwi\/\",\"https:\/\/www.linkedin.com\/company\/bertrand\/\",\"https:\/\/www.tiktok.com\/@bertrand_okna_drzwi\"]}]}<\/script>\n<!-- \/ Yoast SEO Premium plugin. -->","yoast_head_json":{"title":"SERIA TOULON - Bertrand. Najwy\u017cszej jako\u015bci okna i drzwi. Certyfikowany producent od 1969 roku.","description":"Poign\u00e9e de fen\u00eatre S\u00c9RIE TOULON \u2013 aluminium, avec technologie Secustik\u00ae et VarioFit\u00ae. S\u00e9curit\u00e9, ergonomie et design moderne dans un seul produit.","robots":{"index":"index","follow":"follow","max-snippet":"max-snippet:-1","max-image-preview":"max-image-preview:large","max-video-preview":"max-video-preview:-1"},"canonical":"https:\/\/bertrand.pl\/fr\/produit\/serie-toulonnaise\/","og_locale":"fr_FR","og_type":"article","og_title":"SERIA TOULON","og_description":"Klamka okienna SERIA TOULON \u2013 aluminiowa, z technologi\u0105 Secustik\u00ae i VarioFit\u00ae. Bezpiecze\u0144stwo, ergonomia i nowoczesny design w jednym produkcie.","og_url":"https:\/\/bertrand.pl\/fr\/produit\/serie-toulonnaise\/","og_site_name":"Bertrand. Najwy\u017cszej jako\u015bci okna i drzwi. Certyfikowany producent od 1969 roku.","article_publisher":"https:\/\/www.facebook.com\/bertrandpolska\/","article_modified_time":"2024-12-13T13:52:49+00:00","og_image":[{"width":600,"height":600,"url":"https:\/\/bertrand.pl\/wp-content\/uploads\/2023\/12\/hoppe_toulon_a_f1.png","type":"image\/png"}],"twitter_card":"summary_large_image","twitter_misc":{"Dur\u00e9e de lecture estim\u00e9e":"2 minutes"},"schema":{"@context":"https:\/\/schema.org","@graph":[{"@type":"WebPage","@id":"https:\/\/bertrand.pl\/produkt\/seria-toulon\/","url":"https:\/\/bertrand.pl\/produkt\/seria-toulon\/","name":"SERIA TOULON - Bertrand. Najwy\u017cszej jako\u015bci okna i drzwi. Certyfikowany producent od 1969 roku.","isPartOf":{"@id":"https:\/\/bertrand.pl\/#website"},"primaryImageOfPage":{"@id":"https:\/\/bertrand.pl\/produkt\/seria-toulon\/#primaryimage"},"image":{"@id":"https:\/\/bertrand.pl\/produkt\/seria-toulon\/#primaryimage"},"thumbnailUrl":"https:\/\/bertrand.pl\/wp-content\/uploads\/2023\/12\/hoppe_toulon_a_f1.png","datePublished":"2023-12-18T11:03:54+00:00","dateModified":"2024-12-13T13:52:49+00:00","description":"Poign\u00e9e de fen\u00eatre S\u00c9RIE TOULON \u2013 aluminium, avec technologie Secustik\u00ae et VarioFit\u00ae. S\u00e9curit\u00e9, ergonomie et design moderne dans un seul produit.","breadcrumb":{"@id":"https:\/\/bertrand.pl\/produkt\/seria-toulon\/#breadcrumb"},"inLanguage":"fr-FR","potentialAction":[{"@type":"ReadAction","target":["https:\/\/bertrand.pl\/produkt\/seria-toulon\/"]}]},{"@type":"ImageObject","inLanguage":"fr-FR","@id":"https:\/\/bertrand.pl\/produkt\/seria-toulon\/#primaryimage","url":"https:\/\/bertrand.pl\/wp-content\/uploads\/2023\/12\/hoppe_toulon_a_f1.png","contentUrl":"https:\/\/bertrand.pl\/wp-content\/uploads\/2023\/12\/hoppe_toulon_a_f1.png","width":600,"height":600},{"@type":"BreadcrumbList","@id":"https:\/\/bertrand.pl\/produkt\/seria-toulon\/#breadcrumb","itemListElement":[{"@type":"ListItem","position":1,"name":"Strona g\u0142\u00f3wna","item":"https:\/\/bertrand.pl\/"},{"@type":"ListItem","position":2,"name":"Produits","item":"https:\/\/bertrand.pl\/fr\/shop\/"},{"@type":"ListItem","position":3,"name":"SERIA TOULON"}]},{"@type":"WebSite","@id":"https:\/\/bertrand.pl\/#website","url":"https:\/\/bertrand.pl\/","name":"Bertrand.pl","description":"Firma Bertrand to certyfikowany i uznany producent najwy\u017cszej jako\u015bci okien z PVC, z drewna lub aluminium. Produkcja drzwi, rolet i bram gara\u017cowych.","publisher":{"@id":"https:\/\/bertrand.pl\/#organization"},"potentialAction":[{"@type":"SearchAction","target":{"@type":"EntryPoint","urlTemplate":"https:\/\/bertrand.pl\/?s={search_term_string}"},"query-input":{"@type":"PropertyValueSpecification","valueRequired":true,"valueName":"search_term_string"}}],"inLanguage":"fr-FR"},{"@type":"Organization","@id":"https:\/\/bertrand.pl\/#organization","name":"Bertrand.pl","url":"https:\/\/bertrand.pl\/","logo":{"@type":"ImageObject","inLanguage":"fr-FR","@id":"https:\/\/bertrand.pl\/#\/schema\/logo\/image\/","url":"https:\/\/bertrand.pl\/wp-content\/uploads\/2024\/12\/logo_BB_TM_PL_black.png","contentUrl":"https:\/\/bertrand.pl\/wp-content\/uploads\/2024\/12\/logo_BB_TM_PL_black.png","width":1831,"height":1831,"caption":"Bertrand.pl"},"image":{"@id":"https:\/\/bertrand.pl\/#\/schema\/logo\/image\/"},"sameAs":["https:\/\/www.facebook.com\/bertrandpolska\/","https:\/\/www.instagram.com\/bertrand_okna_i_drzwi\/","https:\/\/www.linkedin.com\/company\/bertrand\/","https:\/\/www.tiktok.com\/@bertrand_okna_drzwi"]}]}},"_links":{"self":[{"href":"https:\/\/bertrand.pl\/fr\/wp-json\/wp\/v2\/product\/1147","targetHints":{"allow":["GET"]}}],"collection":[{"href":"https:\/\/bertrand.pl\/fr\/wp-json\/wp\/v2\/product"}],"about":[{"href":"https:\/\/bertrand.pl\/fr\/wp-json\/wp\/v2\/types\/product"}],"wp:featuredmedia":[{"embeddable":true,"href":"https:\/\/bertrand.pl\/fr\/wp-json\/wp\/v2\/media\/1083"}],"wp:attachment":[{"href":"https:\/\/bertrand.pl\/fr\/wp-json\/wp\/v2\/media?parent=1147"}],"wp:term":[{"taxonomy":"product_brand","embeddable":true,"href":"https:\/\/bertrand.pl\/fr\/wp-json\/wp\/v2\/product_brand?post=1147"},{"taxonomy":"product_cat","embeddable":true,"href":"https:\/\/bertrand.pl\/fr\/wp-json\/wp\/v2\/product_cat?post=1147"},{"taxonomy":"product_tag","embeddable":true,"href":"https:\/\/bertrand.pl\/fr\/wp-json\/wp\/v2\/product_tag?post=1147"}],"curies":[{"name":"wp","href":"https:\/\/api.w.org\/{rel}","templated":true}]}}