{"id":1151,"date":"2023-12-18T12:10:46","date_gmt":"2023-12-18T11:10:46","guid":{"rendered":"https:\/\/bertrand.pl\/?post_type=product&#038;p=1151"},"modified":"2024-12-13T14:57:38","modified_gmt":"2024-12-13T13:57:38","slug":"bb-quadrat-serie-1033","status":"publish","type":"product","link":"https:\/\/bertrand.pl\/fr\/produkt\/seria-bb-quadrat-1033\/","title":{"rendered":"BB QUADRAT S\u00c9RIE 1033"},"content":{"rendered":"<p><strong>BB QUADRAT S\u00c9RIE 1033<\/strong> est une poign\u00e9e de fen\u00eatre en aluminium, caract\u00e9ris\u00e9e par une rosace rectangulaire et un design moderne. Gr\u00e2ce \u00e0 des mat\u00e9riaux solides et \u00e0 des finitions soign\u00e9es, le produit r\u00e9pond parfaitement aux exigences esth\u00e9tiques et fonctionnelles.<\/p>\n<p>&nbsp;<\/p>\n<h3>Caract\u00e9ristiques principales de la poign\u00e9e BB QUADRAT SERIES 1033<\/h3>\n<ol>\n<li><strong>Mat\u00e9riaux durables :<\/strong> La poign\u00e9e en aluminium offre une r\u00e9sistance \u00e0 l&#039;usage quotidien, tandis que la rosace en plastique dissimule les vis, soulignant l&#039;\u00e9l\u00e9gance de la poign\u00e9e.<\/li>\n<li><strong>Design moderne:<\/strong> La rosace rectangulaire et la plaque de la couleur de la poign\u00e9e conf\u00e8rent \u00e0 la poign\u00e9e un aspect minimaliste et harmonieux.<\/li>\n<li><strong>Conception fonctionnelle :<\/strong> La tige carr\u00e9e et les picots de 10 mm de diam\u00e8tre assurent stabilit\u00e9 et confort d&#039;utilisation.<\/li>\n<\/ol>\n<p>&nbsp;<\/p>\n<h3>D\u00e9tails techniques<\/h3>\n<ul>\n<li><strong>Mat\u00e9riau du manche :<\/strong> Aluminium.<\/li>\n<li><strong>Mat\u00e9riau de la rosace :<\/strong> Plastique.<\/li>\n<li><strong>Forme de la rosace :<\/strong> Rectangulaire avec une plaque de recouvrement de la couleur de la poign\u00e9e.<\/li>\n<li><strong>\u00c9pingle:<\/strong> Carr\u00e9.<\/li>\n<li><strong>Diam\u00e8tre des broches :<\/strong> 10 mm.<\/li>\n<\/ul>\n<p>&nbsp;<\/p>\n<p><img fetchpriority=\"high\" decoding=\"async\" class=\"alignnone wp-image-1152 size-medium\" src=\"https:\/\/bertrand.pl\/wp-content\/uploads\/2023\/12\/1033-tab_a-420x215.png\" alt=\"poign\u00e9e S\u00c9RIE BB QUADRAT 1033\" width=\"420\" height=\"215\" srcset=\"https:\/\/bertrand.pl\/wp-content\/uploads\/2023\/12\/1033-tab_a-420x215.png 420w, https:\/\/bertrand.pl\/wp-content\/uploads\/2023\/12\/1033-tab_a-600x307.png 600w, https:\/\/bertrand.pl\/wp-content\/uploads\/2023\/12\/1033-tab_a.png 621w\" sizes=\"(max-width: 420px) 100vw, 420px\" \/><\/p>\n<p><img decoding=\"async\" class=\"alignnone wp-image-1153 size-medium\" src=\"https:\/\/bertrand.pl\/wp-content\/uploads\/2023\/12\/kolory_klamek_bb_quadrat2-420x131.jpg\" alt=\"couleurs BB QUADRAT S\u00c9RIE 1033\" width=\"420\" height=\"131\" srcset=\"https:\/\/bertrand.pl\/wp-content\/uploads\/2023\/12\/kolory_klamek_bb_quadrat2-420x131.jpg 420w, https:\/\/bertrand.pl\/wp-content\/uploads\/2023\/12\/kolory_klamek_bb_quadrat2-600x187.jpg 600w, https:\/\/bertrand.pl\/wp-content\/uploads\/2023\/12\/kolory_klamek_bb_quadrat2.jpg 650w\" sizes=\"(max-width: 420px) 100vw, 420px\" \/><\/p>\n<h4><\/h4>\n<h4><a href=\"http:\/\/www.fks.home.pl\/de\/klamki-okienne\/serie-klamek-okiennych\/102-1031\"><strong>En savoir plus<\/strong><\/a><\/h4>\n<p>&nbsp;<\/p>\n<h4><strong><a href=\"https:\/\/bertrand.pl\/fr\/couleur\/\">Couleurs des fen\u00eatres et des portes<\/a><\/strong><\/h4>","protected":false},"excerpt":{"rendered":"<p><strong>CONTOURS MODERNES ET SIMPLES<\/strong><\/p>\n<p>Poign\u00e9e de fen\u00eatre pour fen\u00eatres oscillo-battantes.<\/p>","protected":false},"featured_media":1107,"template":"","meta":{"site-sidebar-layout":"default","site-content-layout":"","ast-site-content-layout":"default","site-content-style":"default","site-sidebar-style":"default","ast-global-header-display":"","ast-banner-title-visibility":"","ast-main-header-display":"","ast-hfb-above-header-display":"","ast-hfb-below-header-display":"","ast-hfb-mobile-header-display":"","site-post-title":"","ast-breadcrumbs-content":"","ast-featured-img":"","footer-sml-layout":"","ast-disable-related-posts":"","theme-transparent-header-meta":"default","adv-header-id-meta":"","stick-header-meta":"","header-above-stick-meta":"","header-main-stick-meta":"","header-below-stick-meta":"","astra-migrate-meta-layouts":"set","ast-page-background-enabled":"default","ast-page-background-meta":{"desktop":{"background-color":"var(--ast-global-color-4)","background-image":"","background-repeat":"repeat","background-position":"center center","background-size":"auto","background-attachment":"scroll","background-type":"","background-media":"","overlay-type":"","overlay-color":"","overlay-opacity":"","overlay-gradient":""},"tablet":{"background-color":"","background-image":"","background-repeat":"repeat","background-position":"center center","background-size":"auto","background-attachment":"scroll","background-type":"","background-media":"","overlay-type":"","overlay-color":"","overlay-opacity":"","overlay-gradient":""},"mobile":{"background-color":"","background-image":"","background-repeat":"repeat","background-position":"center center","background-size":"auto","background-attachment":"scroll","background-type":"","background-media":"","overlay-type":"","overlay-color":"","overlay-opacity":"","overlay-gradient":""}},"ast-content-background-meta":{"desktop":{"background-color":"var(--ast-global-color-5)","background-image":"","background-repeat":"repeat","background-position":"center center","background-size":"auto","background-attachment":"scroll","background-type":"","background-media":"","overlay-type":"","overlay-color":"","overlay-opacity":"","overlay-gradient":""},"tablet":{"background-color":"var(--ast-global-color-5)","background-image":"","background-repeat":"repeat","background-position":"center center","background-size":"auto","background-attachment":"scroll","background-type":"","background-media":"","overlay-type":"","overlay-color":"","overlay-opacity":"","overlay-gradient":""},"mobile":{"background-color":"var(--ast-global-color-5)","background-image":"","background-repeat":"repeat","background-position":"center center","background-size":"auto","background-attachment":"scroll","background-type":"","background-media":"","overlay-type":"","overlay-color":"","overlay-opacity":"","overlay-gradient":""}}},"product_brand":[],"product_cat":[15],"product_tag":[],"class_list":{"0":"post-1151","1":"product","2":"type-product","3":"status-publish","4":"has-post-thumbnail","6":"product_cat-okna","7":"desktop-align-left","8":"tablet-align-left","9":"mobile-align-left","11":"first","12":"instock","13":"shipping-taxable","14":"product-type-simple"},"yoast_head":"<!-- This site is optimized with the Yoast SEO Premium plugin v27.2 (Yoast SEO v27.2) - https:\/\/yoast.com\/product\/yoast-seo-premium-wordpress\/ -->\n<title>SERIA BB QUADRAT 1033 - Bertrand. Najwy\u017cszej jako\u015bci okna i drzwi. Certyfikowany producent od 1969 roku.<\/title>\n<meta name=\"description\" content=\"SERIA BB QUADRAT 1033 \u2013 aluminiowa, z prostok\u0105tn\u0105 rozet\u0105 maskuj\u0105c\u0105 \u015bruby. Minimalistyczny design, trwa\u0142o\u015b\u0107 i funkcjonalno\u015b\u0107 w jednym.\" \/>\n<meta name=\"robots\" content=\"index, follow, max-snippet:-1, max-image-preview:large, max-video-preview:-1\" \/>\n<link rel=\"canonical\" href=\"https:\/\/bertrand.pl\/fr\/produit\/bb-quadrat-serie-1033\/\" \/>\n<meta property=\"og:locale\" content=\"fr_FR\" \/>\n<meta property=\"og:type\" content=\"article\" \/>\n<meta property=\"og:title\" content=\"SERIA BB QUADRAT 1033\" \/>\n<meta property=\"og:description\" content=\"SERIA BB QUADRAT 1033 \u2013 aluminiowa, z prostok\u0105tn\u0105 rozet\u0105 maskuj\u0105c\u0105 \u015bruby. Minimalistyczny design, trwa\u0142o\u015b\u0107 i funkcjonalno\u015b\u0107 w jednym.\" \/>\n<meta property=\"og:url\" content=\"https:\/\/bertrand.pl\/fr\/produit\/bb-quadrat-serie-1033\/\" \/>\n<meta property=\"og:site_name\" content=\"Bertrand. Najwy\u017cszej jako\u015bci okna i drzwi. Certyfikowany producent od 1969 roku.\" \/>\n<meta property=\"article:publisher\" content=\"https:\/\/www.facebook.com\/bertrandpolska\/\" \/>\n<meta property=\"article:modified_time\" content=\"2024-12-13T13:57:38+00:00\" \/>\n<meta property=\"og:image\" content=\"https:\/\/bertrand.pl\/wp-content\/uploads\/2023\/12\/bb_quadrat_1033_1_silver.png\" \/>\n\t<meta property=\"og:image:width\" content=\"600\" \/>\n\t<meta property=\"og:image:height\" content=\"600\" \/>\n\t<meta property=\"og:image:type\" content=\"image\/png\" \/>\n<meta name=\"twitter:card\" content=\"summary_large_image\" \/>\n<meta name=\"twitter:label1\" content=\"Dur\u00e9e de lecture estim\u00e9e\" \/>\n\t<meta name=\"twitter:data1\" content=\"2 minutes\" \/>\n<script type=\"application\/ld+json\" class=\"yoast-schema-graph\">{\"@context\":\"https:\/\/schema.org\",\"@graph\":[{\"@type\":\"WebPage\",\"@id\":\"https:\/\/bertrand.pl\/produkt\/seria-bb-quadrat-1033\/\",\"url\":\"https:\/\/bertrand.pl\/produkt\/seria-bb-quadrat-1033\/\",\"name\":\"SERIA BB QUADRAT 1033 - Bertrand. Najwy\u017cszej jako\u015bci okna i drzwi. Certyfikowany producent od 1969 roku.\",\"isPartOf\":{\"@id\":\"https:\/\/bertrand.pl\/#website\"},\"primaryImageOfPage\":{\"@id\":\"https:\/\/bertrand.pl\/produkt\/seria-bb-quadrat-1033\/#primaryimage\"},\"image\":{\"@id\":\"https:\/\/bertrand.pl\/produkt\/seria-bb-quadrat-1033\/#primaryimage\"},\"thumbnailUrl\":\"https:\/\/bertrand.pl\/wp-content\/uploads\/2023\/12\/bb_quadrat_1033_1_silver.png\",\"datePublished\":\"2023-12-18T11:10:46+00:00\",\"dateModified\":\"2024-12-13T13:57:38+00:00\",\"description\":\"SERIA BB QUADRAT 1033 \u2013 aluminiowa, z prostok\u0105tn\u0105 rozet\u0105 maskuj\u0105c\u0105 \u015bruby. Minimalistyczny design, trwa\u0142o\u015b\u0107 i funkcjonalno\u015b\u0107 w jednym.\",\"breadcrumb\":{\"@id\":\"https:\/\/bertrand.pl\/produkt\/seria-bb-quadrat-1033\/#breadcrumb\"},\"inLanguage\":\"fr-FR\",\"potentialAction\":[{\"@type\":\"ReadAction\",\"target\":[\"https:\/\/bertrand.pl\/produkt\/seria-bb-quadrat-1033\/\"]}]},{\"@type\":\"ImageObject\",\"inLanguage\":\"fr-FR\",\"@id\":\"https:\/\/bertrand.pl\/produkt\/seria-bb-quadrat-1033\/#primaryimage\",\"url\":\"https:\/\/bertrand.pl\/wp-content\/uploads\/2023\/12\/bb_quadrat_1033_1_silver.png\",\"contentUrl\":\"https:\/\/bertrand.pl\/wp-content\/uploads\/2023\/12\/bb_quadrat_1033_1_silver.png\",\"width\":600,\"height\":600},{\"@type\":\"BreadcrumbList\",\"@id\":\"https:\/\/bertrand.pl\/produkt\/seria-bb-quadrat-1033\/#breadcrumb\",\"itemListElement\":[{\"@type\":\"ListItem\",\"position\":1,\"name\":\"Strona g\u0142\u00f3wna\",\"item\":\"https:\/\/bertrand.pl\/\"},{\"@type\":\"ListItem\",\"position\":2,\"name\":\"Produits\",\"item\":\"https:\/\/bertrand.pl\/fr\/shop\/\"},{\"@type\":\"ListItem\",\"position\":3,\"name\":\"SERIA BB QUADRAT 1033\"}]},{\"@type\":\"WebSite\",\"@id\":\"https:\/\/bertrand.pl\/#website\",\"url\":\"https:\/\/bertrand.pl\/\",\"name\":\"Bertrand.pl\",\"description\":\"Firma Bertrand to certyfikowany i uznany producent najwy\u017cszej jako\u015bci okien z PVC, z drewna lub aluminium. Produkcja drzwi, rolet i bram gara\u017cowych.\",\"publisher\":{\"@id\":\"https:\/\/bertrand.pl\/#organization\"},\"potentialAction\":[{\"@type\":\"SearchAction\",\"target\":{\"@type\":\"EntryPoint\",\"urlTemplate\":\"https:\/\/bertrand.pl\/?s={search_term_string}\"},\"query-input\":{\"@type\":\"PropertyValueSpecification\",\"valueRequired\":true,\"valueName\":\"search_term_string\"}}],\"inLanguage\":\"fr-FR\"},{\"@type\":\"Organization\",\"@id\":\"https:\/\/bertrand.pl\/#organization\",\"name\":\"Bertrand.pl\",\"url\":\"https:\/\/bertrand.pl\/\",\"logo\":{\"@type\":\"ImageObject\",\"inLanguage\":\"fr-FR\",\"@id\":\"https:\/\/bertrand.pl\/#\/schema\/logo\/image\/\",\"url\":\"https:\/\/bertrand.pl\/wp-content\/uploads\/2024\/12\/logo_BB_TM_PL_black.png\",\"contentUrl\":\"https:\/\/bertrand.pl\/wp-content\/uploads\/2024\/12\/logo_BB_TM_PL_black.png\",\"width\":1831,\"height\":1831,\"caption\":\"Bertrand.pl\"},\"image\":{\"@id\":\"https:\/\/bertrand.pl\/#\/schema\/logo\/image\/\"},\"sameAs\":[\"https:\/\/www.facebook.com\/bertrandpolska\/\",\"https:\/\/www.instagram.com\/bertrand_okna_i_drzwi\/\",\"https:\/\/www.linkedin.com\/company\/bertrand\/\",\"https:\/\/www.tiktok.com\/@bertrand_okna_drzwi\"]}]}<\/script>\n<!-- \/ Yoast SEO Premium plugin. -->","yoast_head_json":{"title":"SERIA BB QUADRAT 1033 - Bertrand. Najwy\u017cszej jako\u015bci okna i drzwi. Certyfikowany producent od 1969 roku.","description":"BB QUADRAT S\u00c9RIE 1033 \u2013 aluminium, avec une rosace rectangulaire masquant les vis. Design minimaliste, durabilit\u00e9 et fonctionnalit\u00e9 en un.","robots":{"index":"index","follow":"follow","max-snippet":"max-snippet:-1","max-image-preview":"max-image-preview:large","max-video-preview":"max-video-preview:-1"},"canonical":"https:\/\/bertrand.pl\/fr\/produit\/bb-quadrat-serie-1033\/","og_locale":"fr_FR","og_type":"article","og_title":"SERIA BB QUADRAT 1033","og_description":"SERIA BB QUADRAT 1033 \u2013 aluminiowa, z prostok\u0105tn\u0105 rozet\u0105 maskuj\u0105c\u0105 \u015bruby. Minimalistyczny design, trwa\u0142o\u015b\u0107 i funkcjonalno\u015b\u0107 w jednym.","og_url":"https:\/\/bertrand.pl\/fr\/produit\/bb-quadrat-serie-1033\/","og_site_name":"Bertrand. Najwy\u017cszej jako\u015bci okna i drzwi. Certyfikowany producent od 1969 roku.","article_publisher":"https:\/\/www.facebook.com\/bertrandpolska\/","article_modified_time":"2024-12-13T13:57:38+00:00","og_image":[{"width":600,"height":600,"url":"https:\/\/bertrand.pl\/wp-content\/uploads\/2023\/12\/bb_quadrat_1033_1_silver.png","type":"image\/png"}],"twitter_card":"summary_large_image","twitter_misc":{"Dur\u00e9e de lecture estim\u00e9e":"2 minutes"},"schema":{"@context":"https:\/\/schema.org","@graph":[{"@type":"WebPage","@id":"https:\/\/bertrand.pl\/produkt\/seria-bb-quadrat-1033\/","url":"https:\/\/bertrand.pl\/produkt\/seria-bb-quadrat-1033\/","name":"SERIA BB QUADRAT 1033 - Bertrand. Najwy\u017cszej jako\u015bci okna i drzwi. Certyfikowany producent od 1969 roku.","isPartOf":{"@id":"https:\/\/bertrand.pl\/#website"},"primaryImageOfPage":{"@id":"https:\/\/bertrand.pl\/produkt\/seria-bb-quadrat-1033\/#primaryimage"},"image":{"@id":"https:\/\/bertrand.pl\/produkt\/seria-bb-quadrat-1033\/#primaryimage"},"thumbnailUrl":"https:\/\/bertrand.pl\/wp-content\/uploads\/2023\/12\/bb_quadrat_1033_1_silver.png","datePublished":"2023-12-18T11:10:46+00:00","dateModified":"2024-12-13T13:57:38+00:00","description":"BB QUADRAT S\u00c9RIE 1033 \u2013 aluminium, avec une rosace rectangulaire masquant les vis. Design minimaliste, durabilit\u00e9 et fonctionnalit\u00e9 en un.","breadcrumb":{"@id":"https:\/\/bertrand.pl\/produkt\/seria-bb-quadrat-1033\/#breadcrumb"},"inLanguage":"fr-FR","potentialAction":[{"@type":"ReadAction","target":["https:\/\/bertrand.pl\/produkt\/seria-bb-quadrat-1033\/"]}]},{"@type":"ImageObject","inLanguage":"fr-FR","@id":"https:\/\/bertrand.pl\/produkt\/seria-bb-quadrat-1033\/#primaryimage","url":"https:\/\/bertrand.pl\/wp-content\/uploads\/2023\/12\/bb_quadrat_1033_1_silver.png","contentUrl":"https:\/\/bertrand.pl\/wp-content\/uploads\/2023\/12\/bb_quadrat_1033_1_silver.png","width":600,"height":600},{"@type":"BreadcrumbList","@id":"https:\/\/bertrand.pl\/produkt\/seria-bb-quadrat-1033\/#breadcrumb","itemListElement":[{"@type":"ListItem","position":1,"name":"Strona g\u0142\u00f3wna","item":"https:\/\/bertrand.pl\/"},{"@type":"ListItem","position":2,"name":"Produits","item":"https:\/\/bertrand.pl\/fr\/shop\/"},{"@type":"ListItem","position":3,"name":"SERIA BB QUADRAT 1033"}]},{"@type":"WebSite","@id":"https:\/\/bertrand.pl\/#website","url":"https:\/\/bertrand.pl\/","name":"Bertrand.pl","description":"Firma Bertrand to certyfikowany i uznany producent najwy\u017cszej jako\u015bci okien z PVC, z drewna lub aluminium. Produkcja drzwi, rolet i bram gara\u017cowych.","publisher":{"@id":"https:\/\/bertrand.pl\/#organization"},"potentialAction":[{"@type":"SearchAction","target":{"@type":"EntryPoint","urlTemplate":"https:\/\/bertrand.pl\/?s={search_term_string}"},"query-input":{"@type":"PropertyValueSpecification","valueRequired":true,"valueName":"search_term_string"}}],"inLanguage":"fr-FR"},{"@type":"Organization","@id":"https:\/\/bertrand.pl\/#organization","name":"Bertrand.pl","url":"https:\/\/bertrand.pl\/","logo":{"@type":"ImageObject","inLanguage":"fr-FR","@id":"https:\/\/bertrand.pl\/#\/schema\/logo\/image\/","url":"https:\/\/bertrand.pl\/wp-content\/uploads\/2024\/12\/logo_BB_TM_PL_black.png","contentUrl":"https:\/\/bertrand.pl\/wp-content\/uploads\/2024\/12\/logo_BB_TM_PL_black.png","width":1831,"height":1831,"caption":"Bertrand.pl"},"image":{"@id":"https:\/\/bertrand.pl\/#\/schema\/logo\/image\/"},"sameAs":["https:\/\/www.facebook.com\/bertrandpolska\/","https:\/\/www.instagram.com\/bertrand_okna_i_drzwi\/","https:\/\/www.linkedin.com\/company\/bertrand\/","https:\/\/www.tiktok.com\/@bertrand_okna_drzwi"]}]}},"_links":{"self":[{"href":"https:\/\/bertrand.pl\/fr\/wp-json\/wp\/v2\/product\/1151","targetHints":{"allow":["GET"]}}],"collection":[{"href":"https:\/\/bertrand.pl\/fr\/wp-json\/wp\/v2\/product"}],"about":[{"href":"https:\/\/bertrand.pl\/fr\/wp-json\/wp\/v2\/types\/product"}],"wp:featuredmedia":[{"embeddable":true,"href":"https:\/\/bertrand.pl\/fr\/wp-json\/wp\/v2\/media\/1107"}],"wp:attachment":[{"href":"https:\/\/bertrand.pl\/fr\/wp-json\/wp\/v2\/media?parent=1151"}],"wp:term":[{"taxonomy":"product_brand","embeddable":true,"href":"https:\/\/bertrand.pl\/fr\/wp-json\/wp\/v2\/product_brand?post=1151"},{"taxonomy":"product_cat","embeddable":true,"href":"https:\/\/bertrand.pl\/fr\/wp-json\/wp\/v2\/product_cat?post=1151"},{"taxonomy":"product_tag","embeddable":true,"href":"https:\/\/bertrand.pl\/fr\/wp-json\/wp\/v2\/product_tag?post=1151"}],"curies":[{"name":"wp","href":"https:\/\/api.w.org\/{rel}","templated":true}]}}