{"id":1154,"date":"2023-12-18T12:14:28","date_gmt":"2023-12-18T11:14:28","guid":{"rendered":"https:\/\/bertrand.pl\/?post_type=product&#038;p=1154"},"modified":"2024-12-13T14:57:41","modified_gmt":"2024-12-13T13:57:41","slug":"serie-bb-1031","status":"publish","type":"product","link":"https:\/\/bertrand.pl\/fr\/produkt\/seria-bb-1031\/","title":{"rendered":"S\u00c9RIE BB 1031"},"content":{"rendered":"<p><strong>S\u00c9RIE BB 1031<\/strong> est une poign\u00e9e de fen\u00eatre en aluminium, qui se distingue par son design minimaliste et sa solidit\u00e9. Gr\u00e2ce \u00e0 des mat\u00e9riaux durables et \u00e0 une conception bien pens\u00e9e, le produit assure un confort d&#039;utilisation et s&#039;int\u00e8gre parfaitement aux agencements de fen\u00eatres modernes.<\/p>\n<p>&nbsp;<\/p>\n<h3>Principales caract\u00e9ristiques de la poign\u00e9e BB SERIES 1031<\/h3>\n<ol>\n<li><strong>Durabilit\u00e9 du mat\u00e9riau :<\/strong> La poign\u00e9e en aluminium offre une r\u00e9sistance aux dommages et la rosace ovale en plastique dissimule en outre les vis, soulignant ainsi l&#039;esth\u00e9tique.<\/li>\n<li><strong>Conception minimaliste :<\/strong> La rosace ovale avec une plaque de la couleur de la poign\u00e9e conf\u00e8re \u00e0 la poign\u00e9e un aspect moderne et coh\u00e9rent.<\/li>\n<li><strong>Construction solide :<\/strong> La tige carr\u00e9e et les broches de 10 mm de diam\u00e8tre garantissent stabilit\u00e9 et durabilit\u00e9 lors de l&#039;utilisation.<\/li>\n<\/ol>\n<p>&nbsp;<\/p>\n<h3>D\u00e9tails techniques<\/h3>\n<ul>\n<li><strong>Mat\u00e9riau du manche :<\/strong> Aluminium.<\/li>\n<li><strong>Mat\u00e9riau de la rosace :<\/strong> Plastique.<\/li>\n<li><strong>Forme de la rosace :<\/strong> Ovale, avec une plaque de recouvrement de la couleur du manche.<\/li>\n<li><strong>\u00c9pingle:<\/strong> Carr\u00e9.<\/li>\n<li><strong>Diam\u00e8tre des broches :<\/strong> 10 mm.<\/li>\n<\/ul>\n<p>&nbsp;<\/p>\n<p><img fetchpriority=\"high\" decoding=\"async\" class=\"alignnone wp-image-1155 size-full\" src=\"https:\/\/bertrand.pl\/wp-content\/uploads\/2023\/12\/1033-tab_a-420x215-1.webp\" alt=\"poign\u00e9e S\u00c9RIE BB 1031\" width=\"420\" height=\"215\" \/><\/p>\n<p><img decoding=\"async\" class=\"alignnone wp-image-1156 size-full\" src=\"https:\/\/bertrand.pl\/wp-content\/uploads\/2023\/12\/kolory_klamek_bb_quadrat2-420x131-1.webp\" alt=\"couleurs de poign\u00e9e BB SERIES 1031\" width=\"420\" height=\"131\" \/><\/p>\n<p>&nbsp;<\/p>\n<h4><a href=\"http:\/\/www.fks.home.pl\/de\/klamki-okienne\/serie-klamek-okiennych\/102-1031\"><strong>En savoir plus<\/strong><\/a><\/h4>\n<p>&nbsp;<\/p>\n<h4><strong><a href=\"https:\/\/bertrand.pl\/fr\/couleur\/\">Couleurs des fen\u00eatres et des portes<\/a><\/strong><\/h4>","protected":false},"excerpt":{"rendered":"<p><strong>FORMES CLASSIQUES<\/strong><\/p>\n<p>Poign\u00e9e de fen\u00eatre pour fen\u00eatres oscillo-battantes.<\/p>","protected":false},"featured_media":1108,"template":"","meta":{"site-sidebar-layout":"default","site-content-layout":"","ast-site-content-layout":"default","site-content-style":"default","site-sidebar-style":"default","ast-global-header-display":"","ast-banner-title-visibility":"","ast-main-header-display":"","ast-hfb-above-header-display":"","ast-hfb-below-header-display":"","ast-hfb-mobile-header-display":"","site-post-title":"","ast-breadcrumbs-content":"","ast-featured-img":"","footer-sml-layout":"","ast-disable-related-posts":"","theme-transparent-header-meta":"default","adv-header-id-meta":"","stick-header-meta":"","header-above-stick-meta":"","header-main-stick-meta":"","header-below-stick-meta":"","astra-migrate-meta-layouts":"set","ast-page-background-enabled":"default","ast-page-background-meta":{"desktop":{"background-color":"var(--ast-global-color-4)","background-image":"","background-repeat":"repeat","background-position":"center center","background-size":"auto","background-attachment":"scroll","background-type":"","background-media":"","overlay-type":"","overlay-color":"","overlay-opacity":"","overlay-gradient":""},"tablet":{"background-color":"","background-image":"","background-repeat":"repeat","background-position":"center center","background-size":"auto","background-attachment":"scroll","background-type":"","background-media":"","overlay-type":"","overlay-color":"","overlay-opacity":"","overlay-gradient":""},"mobile":{"background-color":"","background-image":"","background-repeat":"repeat","background-position":"center center","background-size":"auto","background-attachment":"scroll","background-type":"","background-media":"","overlay-type":"","overlay-color":"","overlay-opacity":"","overlay-gradient":""}},"ast-content-background-meta":{"desktop":{"background-color":"var(--ast-global-color-5)","background-image":"","background-repeat":"repeat","background-position":"center center","background-size":"auto","background-attachment":"scroll","background-type":"","background-media":"","overlay-type":"","overlay-color":"","overlay-opacity":"","overlay-gradient":""},"tablet":{"background-color":"var(--ast-global-color-5)","background-image":"","background-repeat":"repeat","background-position":"center center","background-size":"auto","background-attachment":"scroll","background-type":"","background-media":"","overlay-type":"","overlay-color":"","overlay-opacity":"","overlay-gradient":""},"mobile":{"background-color":"var(--ast-global-color-5)","background-image":"","background-repeat":"repeat","background-position":"center center","background-size":"auto","background-attachment":"scroll","background-type":"","background-media":"","overlay-type":"","overlay-color":"","overlay-opacity":"","overlay-gradient":""}}},"product_brand":[],"product_cat":[15],"product_tag":[],"class_list":{"0":"post-1154","1":"product","2":"type-product","3":"status-publish","4":"has-post-thumbnail","6":"product_cat-okna","7":"desktop-align-left","8":"tablet-align-left","9":"mobile-align-left","11":"first","12":"instock","13":"shipping-taxable","14":"product-type-simple"},"yoast_head":"<!-- This site is optimized with the Yoast SEO Premium plugin v27.2 (Yoast SEO v27.2) - https:\/\/yoast.com\/product\/yoast-seo-premium-wordpress\/ -->\n<title>SERIA BB 1031 - Bertrand. Najwy\u017cszej jako\u015bci okna i drzwi. Certyfikowany producent od 1969 roku.<\/title>\n<meta name=\"description\" content=\"Klamka SERIA BB 1031 \u2013 trwa\u0142a, nowoczesna i funkcjonalna. Idealne rozwi\u0105zanie do ka\u017cdego wn\u0119trza. Minimalistyczny design i wygodna obs\u0142uga.\" \/>\n<meta name=\"robots\" content=\"index, follow, max-snippet:-1, max-image-preview:large, max-video-preview:-1\" \/>\n<link rel=\"canonical\" href=\"https:\/\/bertrand.pl\/fr\/produit\/serie-bb-1031\/\" \/>\n<meta property=\"og:locale\" content=\"fr_FR\" \/>\n<meta property=\"og:type\" content=\"article\" \/>\n<meta property=\"og:title\" content=\"SERIA BB 1031\" \/>\n<meta property=\"og:description\" content=\"Klamka SERIA BB 1031 \u2013 trwa\u0142a, nowoczesna i funkcjonalna. Idealne rozwi\u0105zanie do ka\u017cdego wn\u0119trza. Minimalistyczny design i wygodna obs\u0142uga.\" \/>\n<meta property=\"og:url\" content=\"https:\/\/bertrand.pl\/fr\/produit\/serie-bb-1031\/\" \/>\n<meta property=\"og:site_name\" content=\"Bertrand. Najwy\u017cszej jako\u015bci okna i drzwi. Certyfikowany producent od 1969 roku.\" \/>\n<meta property=\"article:publisher\" content=\"https:\/\/www.facebook.com\/bertrandpolska\/\" \/>\n<meta property=\"article:modified_time\" content=\"2024-12-13T13:57:41+00:00\" \/>\n<meta property=\"og:image\" content=\"https:\/\/bertrand.pl\/wp-content\/uploads\/2023\/12\/1031_1.png\" \/>\n\t<meta property=\"og:image:width\" content=\"600\" \/>\n\t<meta property=\"og:image:height\" content=\"600\" \/>\n\t<meta property=\"og:image:type\" content=\"image\/png\" \/>\n<meta name=\"twitter:card\" content=\"summary_large_image\" \/>\n<meta name=\"twitter:label1\" content=\"Dur\u00e9e de lecture estim\u00e9e\" \/>\n\t<meta name=\"twitter:data1\" content=\"2 minutes\" \/>\n<script type=\"application\/ld+json\" class=\"yoast-schema-graph\">{\"@context\":\"https:\/\/schema.org\",\"@graph\":[{\"@type\":\"WebPage\",\"@id\":\"https:\/\/bertrand.pl\/produkt\/seria-bb-1031\/\",\"url\":\"https:\/\/bertrand.pl\/produkt\/seria-bb-1031\/\",\"name\":\"SERIA BB 1031 - Bertrand. Najwy\u017cszej jako\u015bci okna i drzwi. Certyfikowany producent od 1969 roku.\",\"isPartOf\":{\"@id\":\"https:\/\/bertrand.pl\/#website\"},\"primaryImageOfPage\":{\"@id\":\"https:\/\/bertrand.pl\/produkt\/seria-bb-1031\/#primaryimage\"},\"image\":{\"@id\":\"https:\/\/bertrand.pl\/produkt\/seria-bb-1031\/#primaryimage\"},\"thumbnailUrl\":\"https:\/\/bertrand.pl\/wp-content\/uploads\/2023\/12\/1031_1.png\",\"datePublished\":\"2023-12-18T11:14:28+00:00\",\"dateModified\":\"2024-12-13T13:57:41+00:00\",\"description\":\"Klamka SERIA BB 1031 \u2013 trwa\u0142a, nowoczesna i funkcjonalna. Idealne rozwi\u0105zanie do ka\u017cdego wn\u0119trza. Minimalistyczny design i wygodna obs\u0142uga.\",\"breadcrumb\":{\"@id\":\"https:\/\/bertrand.pl\/produkt\/seria-bb-1031\/#breadcrumb\"},\"inLanguage\":\"fr-FR\",\"potentialAction\":[{\"@type\":\"ReadAction\",\"target\":[\"https:\/\/bertrand.pl\/produkt\/seria-bb-1031\/\"]}]},{\"@type\":\"ImageObject\",\"inLanguage\":\"fr-FR\",\"@id\":\"https:\/\/bertrand.pl\/produkt\/seria-bb-1031\/#primaryimage\",\"url\":\"https:\/\/bertrand.pl\/wp-content\/uploads\/2023\/12\/1031_1.png\",\"contentUrl\":\"https:\/\/bertrand.pl\/wp-content\/uploads\/2023\/12\/1031_1.png\",\"width\":600,\"height\":600},{\"@type\":\"BreadcrumbList\",\"@id\":\"https:\/\/bertrand.pl\/produkt\/seria-bb-1031\/#breadcrumb\",\"itemListElement\":[{\"@type\":\"ListItem\",\"position\":1,\"name\":\"Strona g\u0142\u00f3wna\",\"item\":\"https:\/\/bertrand.pl\/\"},{\"@type\":\"ListItem\",\"position\":2,\"name\":\"Produits\",\"item\":\"https:\/\/bertrand.pl\/fr\/shop\/\"},{\"@type\":\"ListItem\",\"position\":3,\"name\":\"SERIA BB 1031\"}]},{\"@type\":\"WebSite\",\"@id\":\"https:\/\/bertrand.pl\/#website\",\"url\":\"https:\/\/bertrand.pl\/\",\"name\":\"Bertrand.pl\",\"description\":\"Firma Bertrand to certyfikowany i uznany producent najwy\u017cszej jako\u015bci okien z PVC, z drewna lub aluminium. Produkcja drzwi, rolet i bram gara\u017cowych.\",\"publisher\":{\"@id\":\"https:\/\/bertrand.pl\/#organization\"},\"potentialAction\":[{\"@type\":\"SearchAction\",\"target\":{\"@type\":\"EntryPoint\",\"urlTemplate\":\"https:\/\/bertrand.pl\/?s={search_term_string}\"},\"query-input\":{\"@type\":\"PropertyValueSpecification\",\"valueRequired\":true,\"valueName\":\"search_term_string\"}}],\"inLanguage\":\"fr-FR\"},{\"@type\":\"Organization\",\"@id\":\"https:\/\/bertrand.pl\/#organization\",\"name\":\"Bertrand.pl\",\"url\":\"https:\/\/bertrand.pl\/\",\"logo\":{\"@type\":\"ImageObject\",\"inLanguage\":\"fr-FR\",\"@id\":\"https:\/\/bertrand.pl\/#\/schema\/logo\/image\/\",\"url\":\"https:\/\/bertrand.pl\/wp-content\/uploads\/2024\/12\/logo_BB_TM_PL_black.png\",\"contentUrl\":\"https:\/\/bertrand.pl\/wp-content\/uploads\/2024\/12\/logo_BB_TM_PL_black.png\",\"width\":1831,\"height\":1831,\"caption\":\"Bertrand.pl\"},\"image\":{\"@id\":\"https:\/\/bertrand.pl\/#\/schema\/logo\/image\/\"},\"sameAs\":[\"https:\/\/www.facebook.com\/bertrandpolska\/\",\"https:\/\/www.instagram.com\/bertrand_okna_i_drzwi\/\",\"https:\/\/www.linkedin.com\/company\/bertrand\/\",\"https:\/\/www.tiktok.com\/@bertrand_okna_drzwi\"]}]}<\/script>\n<!-- \/ Yoast SEO Premium plugin. -->","yoast_head_json":{"title":"SERIA BB 1031 - Bertrand. Najwy\u017cszej jako\u015bci okna i drzwi. Certyfikowany producent od 1969 roku.","description":"Poign\u00e9e BB S\u00c9RIE 1031 \u2013 durable, moderne et fonctionnelle. La solution parfaite pour tout int\u00e9rieur. Conception minimaliste et utilisation pratique.","robots":{"index":"index","follow":"follow","max-snippet":"max-snippet:-1","max-image-preview":"max-image-preview:large","max-video-preview":"max-video-preview:-1"},"canonical":"https:\/\/bertrand.pl\/fr\/produit\/serie-bb-1031\/","og_locale":"fr_FR","og_type":"article","og_title":"SERIA BB 1031","og_description":"Klamka SERIA BB 1031 \u2013 trwa\u0142a, nowoczesna i funkcjonalna. Idealne rozwi\u0105zanie do ka\u017cdego wn\u0119trza. Minimalistyczny design i wygodna obs\u0142uga.","og_url":"https:\/\/bertrand.pl\/fr\/produit\/serie-bb-1031\/","og_site_name":"Bertrand. Najwy\u017cszej jako\u015bci okna i drzwi. Certyfikowany producent od 1969 roku.","article_publisher":"https:\/\/www.facebook.com\/bertrandpolska\/","article_modified_time":"2024-12-13T13:57:41+00:00","og_image":[{"width":600,"height":600,"url":"https:\/\/bertrand.pl\/wp-content\/uploads\/2023\/12\/1031_1.png","type":"image\/png"}],"twitter_card":"summary_large_image","twitter_misc":{"Dur\u00e9e de lecture estim\u00e9e":"2 minutes"},"schema":{"@context":"https:\/\/schema.org","@graph":[{"@type":"WebPage","@id":"https:\/\/bertrand.pl\/produkt\/seria-bb-1031\/","url":"https:\/\/bertrand.pl\/produkt\/seria-bb-1031\/","name":"SERIA BB 1031 - Bertrand. Najwy\u017cszej jako\u015bci okna i drzwi. Certyfikowany producent od 1969 roku.","isPartOf":{"@id":"https:\/\/bertrand.pl\/#website"},"primaryImageOfPage":{"@id":"https:\/\/bertrand.pl\/produkt\/seria-bb-1031\/#primaryimage"},"image":{"@id":"https:\/\/bertrand.pl\/produkt\/seria-bb-1031\/#primaryimage"},"thumbnailUrl":"https:\/\/bertrand.pl\/wp-content\/uploads\/2023\/12\/1031_1.png","datePublished":"2023-12-18T11:14:28+00:00","dateModified":"2024-12-13T13:57:41+00:00","description":"Poign\u00e9e BB S\u00c9RIE 1031 \u2013 durable, moderne et fonctionnelle. La solution parfaite pour tout int\u00e9rieur. Conception minimaliste et utilisation pratique.","breadcrumb":{"@id":"https:\/\/bertrand.pl\/produkt\/seria-bb-1031\/#breadcrumb"},"inLanguage":"fr-FR","potentialAction":[{"@type":"ReadAction","target":["https:\/\/bertrand.pl\/produkt\/seria-bb-1031\/"]}]},{"@type":"ImageObject","inLanguage":"fr-FR","@id":"https:\/\/bertrand.pl\/produkt\/seria-bb-1031\/#primaryimage","url":"https:\/\/bertrand.pl\/wp-content\/uploads\/2023\/12\/1031_1.png","contentUrl":"https:\/\/bertrand.pl\/wp-content\/uploads\/2023\/12\/1031_1.png","width":600,"height":600},{"@type":"BreadcrumbList","@id":"https:\/\/bertrand.pl\/produkt\/seria-bb-1031\/#breadcrumb","itemListElement":[{"@type":"ListItem","position":1,"name":"Strona g\u0142\u00f3wna","item":"https:\/\/bertrand.pl\/"},{"@type":"ListItem","position":2,"name":"Produits","item":"https:\/\/bertrand.pl\/fr\/shop\/"},{"@type":"ListItem","position":3,"name":"SERIA BB 1031"}]},{"@type":"WebSite","@id":"https:\/\/bertrand.pl\/#website","url":"https:\/\/bertrand.pl\/","name":"Bertrand.pl","description":"Firma Bertrand to certyfikowany i uznany producent najwy\u017cszej jako\u015bci okien z PVC, z drewna lub aluminium. Produkcja drzwi, rolet i bram gara\u017cowych.","publisher":{"@id":"https:\/\/bertrand.pl\/#organization"},"potentialAction":[{"@type":"SearchAction","target":{"@type":"EntryPoint","urlTemplate":"https:\/\/bertrand.pl\/?s={search_term_string}"},"query-input":{"@type":"PropertyValueSpecification","valueRequired":true,"valueName":"search_term_string"}}],"inLanguage":"fr-FR"},{"@type":"Organization","@id":"https:\/\/bertrand.pl\/#organization","name":"Bertrand.pl","url":"https:\/\/bertrand.pl\/","logo":{"@type":"ImageObject","inLanguage":"fr-FR","@id":"https:\/\/bertrand.pl\/#\/schema\/logo\/image\/","url":"https:\/\/bertrand.pl\/wp-content\/uploads\/2024\/12\/logo_BB_TM_PL_black.png","contentUrl":"https:\/\/bertrand.pl\/wp-content\/uploads\/2024\/12\/logo_BB_TM_PL_black.png","width":1831,"height":1831,"caption":"Bertrand.pl"},"image":{"@id":"https:\/\/bertrand.pl\/#\/schema\/logo\/image\/"},"sameAs":["https:\/\/www.facebook.com\/bertrandpolska\/","https:\/\/www.instagram.com\/bertrand_okna_i_drzwi\/","https:\/\/www.linkedin.com\/company\/bertrand\/","https:\/\/www.tiktok.com\/@bertrand_okna_drzwi"]}]}},"_links":{"self":[{"href":"https:\/\/bertrand.pl\/fr\/wp-json\/wp\/v2\/product\/1154","targetHints":{"allow":["GET"]}}],"collection":[{"href":"https:\/\/bertrand.pl\/fr\/wp-json\/wp\/v2\/product"}],"about":[{"href":"https:\/\/bertrand.pl\/fr\/wp-json\/wp\/v2\/types\/product"}],"wp:featuredmedia":[{"embeddable":true,"href":"https:\/\/bertrand.pl\/fr\/wp-json\/wp\/v2\/media\/1108"}],"wp:attachment":[{"href":"https:\/\/bertrand.pl\/fr\/wp-json\/wp\/v2\/media?parent=1154"}],"wp:term":[{"taxonomy":"product_brand","embeddable":true,"href":"https:\/\/bertrand.pl\/fr\/wp-json\/wp\/v2\/product_brand?post=1154"},{"taxonomy":"product_cat","embeddable":true,"href":"https:\/\/bertrand.pl\/fr\/wp-json\/wp\/v2\/product_cat?post=1154"},{"taxonomy":"product_tag","embeddable":true,"href":"https:\/\/bertrand.pl\/fr\/wp-json\/wp\/v2\/product_tag?post=1154"}],"curies":[{"name":"wp","href":"https:\/\/api.w.org\/{rel}","templated":true}]}}