{"id":2131,"date":"2024-01-18T14:37:54","date_gmt":"2024-01-18T13:37:54","guid":{"rendered":"https:\/\/bertrand.pl\/?post_type=product&#038;p=2131"},"modified":"2025-03-06T15:25:04","modified_gmt":"2025-03-06T14:25:04","slug":"alutrend-classic","status":"publish","type":"product","link":"https:\/\/bertrand.pl\/fr\/produkt\/alutrend-classic\/","title":{"rendered":"Alutrend Classique"},"content":{"rendered":"<p><strong>Fen\u00eatres Alutrend Classic en bois et aluminium<\/strong> est une solution id\u00e9ale pour les personnes qui appr\u00e9cient la beaut\u00e9 du bois naturel ainsi que la durabilit\u00e9 et la facilit\u00e9 d&#039;entretien de l&#039;aluminium. Ainsi, gr\u00e2ce \u00e0 la structure unique combinant le bois \u00e0 l\u2019int\u00e9rieur et l\u2019aluminium \u00e0 l\u2019ext\u00e9rieur, ces fen\u00eatres garantissent esth\u00e9tique, fonctionnalit\u00e9 et d\u2019excellents param\u00e8tres d\u2019isolation thermique.<\/p>\n<p>&nbsp;<\/p>\n<h4>Durabilit\u00e9 et efficacit\u00e9 \u00e9nerg\u00e9tique<\/h4>\n<p>&nbsp;<\/p>\n<p>Le syst\u00e8me Alutrend Classic se caract\u00e9rise par une profondeur de cadre allant jusqu&#039;\u00e0 <strong>90mm<\/strong>, ce qui assure la solidit\u00e9 et la durabilit\u00e9 de la structure. La lame d&#039;air entre les cadres en bois et en aluminium agit comme un isolant suppl\u00e9mentaire, gr\u00e2ce auquel :<\/p>\n<ul>\n<li>Le coefficient de transfert de chaleur est <strong>1,1-1,2 W\/m\u00b2K<\/strong>.<\/li>\n<li>L&#039;isolation phonique est sup\u00e9rieure \u00e0 celle des fen\u00eatres en bois standard.<\/li>\n<\/ul>\n<p>Cela rend les fen\u00eatres Alutrend \u00e9conomes en \u00e9nergie et contribue \u00e0 r\u00e9duire les co\u00fbts de chauffage, tout en garantissant silence et confort dans les pi\u00e8ces.<\/p>\n<p>&nbsp;<\/p>\n<h4>Larges options de personnalisation<\/h4>\n<p>&nbsp;<\/p>\n<p>Le syst\u00e8me Alutrend offre une flexibilit\u00e9 exceptionnelle en termes d\u2019esth\u00e9tique et de couleurs :<\/p>\n<ul>\n<li><strong>De l&#039;int\u00e9rieur :<\/strong> Vous pouvez choisir entre du bois de pin, de meranti ou de ch\u00eane, fini avec des peintures transparentes (avec structure en bois visible) ou des peintures opaques dans n&#039;importe quelle couleur de la palette RAL.<\/li>\n<li><strong>De l&#039;ext\u00e9rieur :<\/strong> Les rev\u00eatements en aluminium peuvent \u00eatre peints uniform\u00e9ment dans les couleurs de la palette RAL ou finis avec une technique d\u00e9corative imitant diff\u00e9rents types de bois.<\/li>\n<\/ul>\n<p>&nbsp;<\/p>\n<h4>Alutrend Classic \u2013 un design moderne pour des clients exigeants<\/h4>\n<p>&nbsp;<\/p>\n<p>Version <strong>Alutrend Classique<\/strong> se caract\u00e9rise par une forme simple du rev\u00eatement en aluminium, qui s&#039;int\u00e8gre parfaitement dans l&#039;esth\u00e9tique des int\u00e9rieurs et des fa\u00e7ades modernes. Pour ceux qui recherchent de plus grandes possibilit\u00e9s, le syst\u00e8me propose diff\u00e9rentes variantes :<\/p>\n<ol>\n<li><strong>Alutrend XL 78 Classique :<\/strong> Version allong\u00e9e avec ouvrant de 78 mm de profondeur, garantissant de meilleurs param\u00e8tres d&#039;isolation thermique.<\/li>\n<li><strong>Alutrend Qube 68 Classique\u00a0:<\/strong> Version avec une finition angulaire de la bande int\u00e9rieure de l&#039;aile pour un look plus dynamique.<\/li>\n<li><strong>Alutrend XL Qube 78 Classique\u00a0:<\/strong> Une combinaison d&#039;une plus grande profondeur de ch\u00e2ssis et d&#039;une finition angulaire, parfaite pour les designs modernes.<\/li>\n<\/ol>\n<p>&nbsp;<\/p>\n<h4>Avantages cl\u00e9s des fen\u00eatres Alutrend Classic :<\/h4>\n<p>&nbsp;<\/p>\n<ol>\n<li><strong>Naturalit\u00e9 et durabilit\u00e9 :<\/strong> Le bois \u00e0 l\u2019int\u00e9rieur et l\u2019aluminium \u00e0 l\u2019ext\u00e9rieur assurent avant tout l\u2019esth\u00e9tique et la protection contre les agressions ext\u00e9rieures.<\/li>\n<li><strong>Efficacit\u00e9 \u00e9nerg\u00e9tique\u00a0:<\/strong> Le faible coefficient de transfert thermique (1,1-1,2 W\/m\u00b2K) vous permet de r\u00e9duire les co\u00fbts de chauffage.<\/li>\n<li><strong>Isolation acoustique :<\/strong> Un plus grand confort gr\u00e2ce \u00e0 des int\u00e9rieurs plus silencieux.<\/li>\n<li><strong>Esth\u00e9tique:<\/strong> Large choix de bois, de couleurs et de techniques de finition.<\/li>\n<li><strong>Design moderne:<\/strong> Les versions Classic et Qube r\u00e9pondent aux exigences des projets architecturaux les plus exigeants.<\/li>\n<\/ol>\n<p>&nbsp;<\/p>\n<p>Fen\u00eatres en bois et en aluminium <strong>Alutrend<\/strong> c&#039;est avant tout une combinaison de beaut\u00e9, de fonctionnalit\u00e9 et de durabilit\u00e9. Ainsi, gr\u00e2ce \u00e0 de larges options de personnalisation et \u00e0 d\u2019excellents param\u00e8tres techniques, ils r\u00e9pondent aux attentes des clients les plus exigeants. S\u00e9lectionnez un syst\u00e8me <strong>Alutrend Classique<\/strong>pour ajouter de l&#039;\u00e9l\u00e9gance et un style moderne \u00e0 votre maison.<\/p>\n<p>&nbsp;<\/p>\n<p><img fetchpriority=\"high\" decoding=\"async\" class=\"alignnone size-medium wp-image-2133\" src=\"https:\/\/bertrand.pl\/wp-content\/uploads\/2024\/01\/strongline_photo1-420x324.webp\" alt=\"\" width=\"420\" height=\"324\" srcset=\"https:\/\/bertrand.pl\/wp-content\/uploads\/2024\/01\/strongline_photo1-420x324.webp 420w, https:\/\/bertrand.pl\/wp-content\/uploads\/2024\/01\/strongline_photo1-16x12.webp 16w, https:\/\/bertrand.pl\/wp-content\/uploads\/2024\/01\/strongline_photo1-600x462.webp 600w, https:\/\/bertrand.pl\/wp-content\/uploads\/2024\/01\/strongline_photo1.webp 649w\" sizes=\"(max-width: 420px) 100vw, 420px\" \/><\/p>\n<p>&nbsp;<\/p>\n<p><em>Bertrand utilise les vernis \u00e0 bois les plus avanc\u00e9s. Notre vernis AQUATOP, que nous utilisons en standard, prot\u00e8ge les surfaces des intemp\u00e9ries et leur assure une protection lisse et durable.<\/em><\/p>\n<p><em>AQUATOP se caract\u00e9rise par une excellente r\u00e9sistance \u00e0 l\u2019humidit\u00e9. Il prot\u00e8ge les surfaces de l\u2019eau, de la pluie et de l\u2019humidit\u00e9, \u00e9vitant ainsi les probl\u00e8mes tels que la pourriture, la moisissure et les dommages au fil du temps. Offre une r\u00e9sistance fiable toute l\u2019ann\u00e9e, quel que soit le climat.\u00a0<\/em><\/p>\n<p><em>Gr\u00e2ce \u00e0 des vernis avanc\u00e9s et innovants et \u00e0 un processus de production soign\u00e9, hybride entre le meulage automatis\u00e9 des surfaces planes et le meulage manuel des surfaces difficiles d&#039;acc\u00e8s, comme la surface int\u00e9rieure du cadre, nos fen\u00eatres en bois ont une finition lisse et impeccable. .<\/em><\/p>\n<p><em>Les fen\u00eatres en bois Bertrand sont parfaites pour les climats chauds gr\u00e2ce \u00e0 l&#039;utilisation de vernis aux pigments froids.<\/em><\/p>\n<h4><strong><a href=\"https:\/\/bertrand.pl\/fr\/couleur\/\">Couleurs des fen\u00eatres et des portes<\/a><\/strong><\/h4>","protected":false},"excerpt":{"rendered":"<p><strong>Un syst\u00e8me moderne en bois et aluminium.<\/strong><\/p>\n<p>Nous proposons des produits aux clients qui appr\u00e9cient le bois naturel et qui souhaitent en m\u00eame temps assurer une durabilit\u00e9 maximale de leurs fen\u00eatres avec des co\u00fbts d&#039;entretien minimes.<strong>\u00a0Fen\u00eatres bois-aluminium Alutrend<\/strong>.<\/p>","protected":false},"featured_media":2132,"template":"","meta":{"site-sidebar-layout":"default","site-content-layout":"","ast-site-content-layout":"default","site-content-style":"default","site-sidebar-style":"default","ast-global-header-display":"","ast-banner-title-visibility":"","ast-main-header-display":"","ast-hfb-above-header-display":"","ast-hfb-below-header-display":"","ast-hfb-mobile-header-display":"","site-post-title":"","ast-breadcrumbs-content":"","ast-featured-img":"","footer-sml-layout":"","ast-disable-related-posts":"","theme-transparent-header-meta":"default","adv-header-id-meta":"","stick-header-meta":"","header-above-stick-meta":"","header-main-stick-meta":"","header-below-stick-meta":"","astra-migrate-meta-layouts":"set","ast-page-background-enabled":"default","ast-page-background-meta":{"desktop":{"background-color":"var(--ast-global-color-4)","background-image":"","background-repeat":"repeat","background-position":"center center","background-size":"auto","background-attachment":"scroll","background-type":"","background-media":"","overlay-type":"","overlay-color":"","overlay-opacity":"","overlay-gradient":""},"tablet":{"background-color":"","background-image":"","background-repeat":"repeat","background-position":"center center","background-size":"auto","background-attachment":"scroll","background-type":"","background-media":"","overlay-type":"","overlay-color":"","overlay-opacity":"","overlay-gradient":""},"mobile":{"background-color":"","background-image":"","background-repeat":"repeat","background-position":"center center","background-size":"auto","background-attachment":"scroll","background-type":"","background-media":"","overlay-type":"","overlay-color":"","overlay-opacity":"","overlay-gradient":""}},"ast-content-background-meta":{"desktop":{"background-color":"var(--ast-global-color-5)","background-image":"","background-repeat":"repeat","background-position":"center center","background-size":"auto","background-attachment":"scroll","background-type":"","background-media":"","overlay-type":"","overlay-color":"","overlay-opacity":"","overlay-gradient":""},"tablet":{"background-color":"var(--ast-global-color-5)","background-image":"","background-repeat":"repeat","background-position":"center center","background-size":"auto","background-attachment":"scroll","background-type":"","background-media":"","overlay-type":"","overlay-color":"","overlay-opacity":"","overlay-gradient":""},"mobile":{"background-color":"var(--ast-global-color-5)","background-image":"","background-repeat":"repeat","background-position":"center center","background-size":"auto","background-attachment":"scroll","background-type":"","background-media":"","overlay-type":"","overlay-color":"","overlay-opacity":"","overlay-gradient":""}}},"product_brand":[],"product_cat":[27],"product_tag":[193,384,168,360,326,367,339,311,352,344,370,361,357,385,386,174,194,369,355,350,363,312,169,362,348],"class_list":{"0":"post-2131","1":"product","2":"type-product","3":"status-publish","4":"has-post-thumbnail","6":"product_cat-okna-drewniano-aluminiowe","7":"product_tag-aluminium","8":"product_tag-alutrend","9":"product_tag-bertrand","10":"product_tag-bezpieczenstwo","11":"product_tag-budowa-domu","12":"product_tag-budownictwo","13":"product_tag-design","14":"product_tag-dobre-wlasciwosci-termiczne","15":"product_tag-dobreokna","16":"product_tag-duze-okna","17":"product_tag-idealne-okna-do-domu","18":"product_tag-jakosc","19":"product_tag-linear","20":"product_tag-nakladki","21":"product_tag-nakladki-aluminiowe","22":"product_tag-okna","23":"product_tag-okna-aluminiowe","24":"product_tag-okna-do-domu","25":"product_tag-okna-drewniano-aluminiowe","26":"product_tag-oknabertrand","27":"product_tag-oknazpolski","28":"product_tag-okno-dla-twojego-domu","29":"product_tag-produkt","30":"product_tag-quality","31":"product_tag-windows","32":"desktop-align-left","33":"tablet-align-left","34":"mobile-align-left","36":"first","37":"instock","38":"shipping-taxable","39":"product-type-simple"},"yoast_head":"<!-- This site is optimized with the Yoast SEO Premium plugin v27.2 (Yoast SEO v27.2) - https:\/\/yoast.com\/product\/yoast-seo-premium-wordpress\/ -->\n<title>Alutrend Classic - Bertrand. Najwy\u017cszej jako\u015bci okna i drzwi. Certyfikowany producent od 1969 roku.<\/title>\n<meta name=\"description\" content=\"Okna drewniano-aluminiowe Alutrend Classic \u2013 naturalne drewno, trwa\u0142e aluminium. Energooszcz\u0119dno\u015b\u0107, izolacja akustyczna i nowoczesny design.\" \/>\n<meta name=\"robots\" content=\"index, follow, max-snippet:-1, max-image-preview:large, max-video-preview:-1\" \/>\n<link rel=\"canonical\" href=\"https:\/\/bertrand.pl\/fr\/produit\/alutrend-classic\/\" \/>\n<meta property=\"og:locale\" content=\"fr_FR\" \/>\n<meta property=\"og:type\" content=\"article\" \/>\n<meta property=\"og:title\" content=\"Alutrend Classic\" \/>\n<meta property=\"og:description\" content=\"Okna drewniano-aluminiowe Alutrend Classic \u2013 naturalne drewno, trwa\u0142e aluminium. Energooszcz\u0119dno\u015b\u0107, izolacja akustyczna i nowoczesny design.\" \/>\n<meta property=\"og:url\" content=\"https:\/\/bertrand.pl\/fr\/produit\/alutrend-classic\/\" \/>\n<meta property=\"og:site_name\" content=\"Bertrand. Najwy\u017cszej jako\u015bci okna i drzwi. Certyfikowany producent od 1969 roku.\" \/>\n<meta property=\"article:publisher\" content=\"https:\/\/www.facebook.com\/bertrandpolska\/\" \/>\n<meta property=\"article:modified_time\" content=\"2025-03-06T14:25:04+00:00\" \/>\n<meta property=\"og:image\" content=\"https:\/\/bertrand.pl\/wp-content\/uploads\/2024\/01\/alutrend_classic_big.webp\" \/>\n\t<meta property=\"og:image:width\" content=\"750\" \/>\n\t<meta property=\"og:image:height\" content=\"750\" \/>\n\t<meta property=\"og:image:type\" content=\"image\/webp\" \/>\n<meta name=\"twitter:card\" content=\"summary_large_image\" \/>\n<meta name=\"twitter:label1\" content=\"Dur\u00e9e de lecture estim\u00e9e\" \/>\n\t<meta name=\"twitter:data1\" content=\"4 minutes\" \/>\n<script type=\"application\/ld+json\" class=\"yoast-schema-graph\">{\"@context\":\"https:\/\/schema.org\",\"@graph\":[{\"@type\":\"WebPage\",\"@id\":\"https:\/\/bertrand.pl\/produkt\/alutrend-classic\/\",\"url\":\"https:\/\/bertrand.pl\/produkt\/alutrend-classic\/\",\"name\":\"Alutrend Classic - Bertrand. Najwy\u017cszej jako\u015bci okna i drzwi. Certyfikowany producent od 1969 roku.\",\"isPartOf\":{\"@id\":\"https:\/\/bertrand.pl\/#website\"},\"primaryImageOfPage\":{\"@id\":\"https:\/\/bertrand.pl\/produkt\/alutrend-classic\/#primaryimage\"},\"image\":{\"@id\":\"https:\/\/bertrand.pl\/produkt\/alutrend-classic\/#primaryimage\"},\"thumbnailUrl\":\"https:\/\/bertrand.pl\/wp-content\/uploads\/2024\/01\/alutrend_classic_big.webp\",\"datePublished\":\"2024-01-18T13:37:54+00:00\",\"dateModified\":\"2025-03-06T14:25:04+00:00\",\"description\":\"Okna drewniano-aluminiowe Alutrend Classic \u2013 naturalne drewno, trwa\u0142e aluminium. Energooszcz\u0119dno\u015b\u0107, izolacja akustyczna i nowoczesny design.\",\"breadcrumb\":{\"@id\":\"https:\/\/bertrand.pl\/produkt\/alutrend-classic\/#breadcrumb\"},\"inLanguage\":\"fr-FR\",\"potentialAction\":[{\"@type\":\"ReadAction\",\"target\":[\"https:\/\/bertrand.pl\/produkt\/alutrend-classic\/\"]}]},{\"@type\":\"ImageObject\",\"inLanguage\":\"fr-FR\",\"@id\":\"https:\/\/bertrand.pl\/produkt\/alutrend-classic\/#primaryimage\",\"url\":\"https:\/\/bertrand.pl\/wp-content\/uploads\/2024\/01\/alutrend_classic_big.webp\",\"contentUrl\":\"https:\/\/bertrand.pl\/wp-content\/uploads\/2024\/01\/alutrend_classic_big.webp\",\"width\":750,\"height\":750},{\"@type\":\"BreadcrumbList\",\"@id\":\"https:\/\/bertrand.pl\/produkt\/alutrend-classic\/#breadcrumb\",\"itemListElement\":[{\"@type\":\"ListItem\",\"position\":1,\"name\":\"Strona g\u0142\u00f3wna\",\"item\":\"https:\/\/bertrand.pl\/\"},{\"@type\":\"ListItem\",\"position\":2,\"name\":\"Produits\",\"item\":\"https:\/\/bertrand.pl\/fr\/shop\/\"},{\"@type\":\"ListItem\",\"position\":3,\"name\":\"Alutrend Classic\"}]},{\"@type\":\"WebSite\",\"@id\":\"https:\/\/bertrand.pl\/#website\",\"url\":\"https:\/\/bertrand.pl\/\",\"name\":\"Bertrand.pl\",\"description\":\"Firma Bertrand to certyfikowany i uznany producent najwy\u017cszej jako\u015bci okien z PVC, z drewna lub aluminium. Produkcja drzwi, rolet i bram gara\u017cowych.\",\"publisher\":{\"@id\":\"https:\/\/bertrand.pl\/#organization\"},\"potentialAction\":[{\"@type\":\"SearchAction\",\"target\":{\"@type\":\"EntryPoint\",\"urlTemplate\":\"https:\/\/bertrand.pl\/?s={search_term_string}\"},\"query-input\":{\"@type\":\"PropertyValueSpecification\",\"valueRequired\":true,\"valueName\":\"search_term_string\"}}],\"inLanguage\":\"fr-FR\"},{\"@type\":\"Organization\",\"@id\":\"https:\/\/bertrand.pl\/#organization\",\"name\":\"Bertrand.pl\",\"url\":\"https:\/\/bertrand.pl\/\",\"logo\":{\"@type\":\"ImageObject\",\"inLanguage\":\"fr-FR\",\"@id\":\"https:\/\/bertrand.pl\/#\/schema\/logo\/image\/\",\"url\":\"https:\/\/bertrand.pl\/wp-content\/uploads\/2024\/12\/logo_BB_TM_PL_black.png\",\"contentUrl\":\"https:\/\/bertrand.pl\/wp-content\/uploads\/2024\/12\/logo_BB_TM_PL_black.png\",\"width\":1831,\"height\":1831,\"caption\":\"Bertrand.pl\"},\"image\":{\"@id\":\"https:\/\/bertrand.pl\/#\/schema\/logo\/image\/\"},\"sameAs\":[\"https:\/\/www.facebook.com\/bertrandpolska\/\",\"https:\/\/www.instagram.com\/bertrand_okna_i_drzwi\/\",\"https:\/\/www.linkedin.com\/company\/bertrand\/\",\"https:\/\/www.tiktok.com\/@bertrand_okna_drzwi\"]}]}<\/script>\n<!-- \/ Yoast SEO Premium plugin. -->","yoast_head_json":{"title":"Alutrend Classic - Bertrand. Najwy\u017cszej jako\u015bci okna i drzwi. Certyfikowany producent od 1969 roku.","description":"Fen\u00eatres Alutrend Classic en bois et aluminium \u2013 bois naturel, aluminium durable. Efficacit\u00e9 \u00e9nerg\u00e9tique, isolation acoustique et design moderne.","robots":{"index":"index","follow":"follow","max-snippet":"max-snippet:-1","max-image-preview":"max-image-preview:large","max-video-preview":"max-video-preview:-1"},"canonical":"https:\/\/bertrand.pl\/fr\/produit\/alutrend-classic\/","og_locale":"fr_FR","og_type":"article","og_title":"Alutrend Classic","og_description":"Okna drewniano-aluminiowe Alutrend Classic \u2013 naturalne drewno, trwa\u0142e aluminium. Energooszcz\u0119dno\u015b\u0107, izolacja akustyczna i nowoczesny design.","og_url":"https:\/\/bertrand.pl\/fr\/produit\/alutrend-classic\/","og_site_name":"Bertrand. Najwy\u017cszej jako\u015bci okna i drzwi. Certyfikowany producent od 1969 roku.","article_publisher":"https:\/\/www.facebook.com\/bertrandpolska\/","article_modified_time":"2025-03-06T14:25:04+00:00","og_image":[{"width":750,"height":750,"url":"https:\/\/bertrand.pl\/wp-content\/uploads\/2024\/01\/alutrend_classic_big.webp","type":"image\/webp"}],"twitter_card":"summary_large_image","twitter_misc":{"Dur\u00e9e de lecture estim\u00e9e":"4 minutes"},"schema":{"@context":"https:\/\/schema.org","@graph":[{"@type":"WebPage","@id":"https:\/\/bertrand.pl\/produkt\/alutrend-classic\/","url":"https:\/\/bertrand.pl\/produkt\/alutrend-classic\/","name":"Alutrend Classic - Bertrand. Najwy\u017cszej jako\u015bci okna i drzwi. Certyfikowany producent od 1969 roku.","isPartOf":{"@id":"https:\/\/bertrand.pl\/#website"},"primaryImageOfPage":{"@id":"https:\/\/bertrand.pl\/produkt\/alutrend-classic\/#primaryimage"},"image":{"@id":"https:\/\/bertrand.pl\/produkt\/alutrend-classic\/#primaryimage"},"thumbnailUrl":"https:\/\/bertrand.pl\/wp-content\/uploads\/2024\/01\/alutrend_classic_big.webp","datePublished":"2024-01-18T13:37:54+00:00","dateModified":"2025-03-06T14:25:04+00:00","description":"Fen\u00eatres Alutrend Classic en bois et aluminium \u2013 bois naturel, aluminium durable. Efficacit\u00e9 \u00e9nerg\u00e9tique, isolation acoustique et design moderne.","breadcrumb":{"@id":"https:\/\/bertrand.pl\/produkt\/alutrend-classic\/#breadcrumb"},"inLanguage":"fr-FR","potentialAction":[{"@type":"ReadAction","target":["https:\/\/bertrand.pl\/produkt\/alutrend-classic\/"]}]},{"@type":"ImageObject","inLanguage":"fr-FR","@id":"https:\/\/bertrand.pl\/produkt\/alutrend-classic\/#primaryimage","url":"https:\/\/bertrand.pl\/wp-content\/uploads\/2024\/01\/alutrend_classic_big.webp","contentUrl":"https:\/\/bertrand.pl\/wp-content\/uploads\/2024\/01\/alutrend_classic_big.webp","width":750,"height":750},{"@type":"BreadcrumbList","@id":"https:\/\/bertrand.pl\/produkt\/alutrend-classic\/#breadcrumb","itemListElement":[{"@type":"ListItem","position":1,"name":"Strona g\u0142\u00f3wna","item":"https:\/\/bertrand.pl\/"},{"@type":"ListItem","position":2,"name":"Produits","item":"https:\/\/bertrand.pl\/fr\/shop\/"},{"@type":"ListItem","position":3,"name":"Alutrend Classic"}]},{"@type":"WebSite","@id":"https:\/\/bertrand.pl\/#website","url":"https:\/\/bertrand.pl\/","name":"Bertrand.pl","description":"Firma Bertrand to certyfikowany i uznany producent najwy\u017cszej jako\u015bci okien z PVC, z drewna lub aluminium. Produkcja drzwi, rolet i bram gara\u017cowych.","publisher":{"@id":"https:\/\/bertrand.pl\/#organization"},"potentialAction":[{"@type":"SearchAction","target":{"@type":"EntryPoint","urlTemplate":"https:\/\/bertrand.pl\/?s={search_term_string}"},"query-input":{"@type":"PropertyValueSpecification","valueRequired":true,"valueName":"search_term_string"}}],"inLanguage":"fr-FR"},{"@type":"Organization","@id":"https:\/\/bertrand.pl\/#organization","name":"Bertrand.pl","url":"https:\/\/bertrand.pl\/","logo":{"@type":"ImageObject","inLanguage":"fr-FR","@id":"https:\/\/bertrand.pl\/#\/schema\/logo\/image\/","url":"https:\/\/bertrand.pl\/wp-content\/uploads\/2024\/12\/logo_BB_TM_PL_black.png","contentUrl":"https:\/\/bertrand.pl\/wp-content\/uploads\/2024\/12\/logo_BB_TM_PL_black.png","width":1831,"height":1831,"caption":"Bertrand.pl"},"image":{"@id":"https:\/\/bertrand.pl\/#\/schema\/logo\/image\/"},"sameAs":["https:\/\/www.facebook.com\/bertrandpolska\/","https:\/\/www.instagram.com\/bertrand_okna_i_drzwi\/","https:\/\/www.linkedin.com\/company\/bertrand\/","https:\/\/www.tiktok.com\/@bertrand_okna_drzwi"]}]}},"_links":{"self":[{"href":"https:\/\/bertrand.pl\/fr\/wp-json\/wp\/v2\/product\/2131","targetHints":{"allow":["GET"]}}],"collection":[{"href":"https:\/\/bertrand.pl\/fr\/wp-json\/wp\/v2\/product"}],"about":[{"href":"https:\/\/bertrand.pl\/fr\/wp-json\/wp\/v2\/types\/product"}],"wp:featuredmedia":[{"embeddable":true,"href":"https:\/\/bertrand.pl\/fr\/wp-json\/wp\/v2\/media\/2132"}],"wp:attachment":[{"href":"https:\/\/bertrand.pl\/fr\/wp-json\/wp\/v2\/media?parent=2131"}],"wp:term":[{"taxonomy":"product_brand","embeddable":true,"href":"https:\/\/bertrand.pl\/fr\/wp-json\/wp\/v2\/product_brand?post=2131"},{"taxonomy":"product_cat","embeddable":true,"href":"https:\/\/bertrand.pl\/fr\/wp-json\/wp\/v2\/product_cat?post=2131"},{"taxonomy":"product_tag","embeddable":true,"href":"https:\/\/bertrand.pl\/fr\/wp-json\/wp\/v2\/product_tag?post=2131"}],"curies":[{"name":"wp","href":"https:\/\/api.w.org\/{rel}","templated":true}]}}