{"id":2139,"date":"2024-01-18T14:44:39","date_gmt":"2024-01-18T13:44:39","guid":{"rendered":"https:\/\/bertrand.pl\/?post_type=product&#038;p=2139"},"modified":"2025-03-06T15:24:35","modified_gmt":"2025-03-06T14:24:35","slug":"alutrend-lineaire","status":"publish","type":"product","link":"https:\/\/bertrand.pl\/fr\/produkt\/alutrend-linear\/","title":{"rendered":"Alutrend Lin\u00e9aire"},"content":{"rendered":"<h4>Alutrend Linear \u2013 Idealne okna drewniano-aluminiowe dla Twojego Domu<\/h4>\n<h3><\/h3>\n<p>Le syst\u00e8me de fen\u00eatres Alutrend Linear est une solution qui allie fonctionnalit\u00e9, durabilit\u00e9 et esth\u00e9tique. <strong>Ce qui est important<\/strong>, l&#039;utilisation du bois \u00e0 l&#039;int\u00e9rieur et de l&#039;aluminium \u00e0 l&#039;ext\u00e9rieur garantit non seulement une belle apparence, mais \u00e9galement une r\u00e9sistance exceptionnelle aux conditions m\u00e9t\u00e9orologiques. <strong>C&#039;est pourquoi<\/strong> c&#039;est un choix qui fonctionnera dans toutes les conditions.<\/p>\n<p>&nbsp;<\/p>\n<h4>Caract\u00e9ristiques principales du syst\u00e8me Alutrend :<\/h4>\n<p>&nbsp;<\/p>\n<ul>\n<li><strong>Bois naturel \u00e0 l&#039;int\u00e9rieur<\/strong>:Les fen\u00eatres sont disponibles en bois de pin, de meranti ou de ch\u00eane. <strong>Quoi de plus<\/strong>, vous pouvez choisir une finition transparente qui met en valeur la structure naturelle du bois, ou une finition opaque selon la palette RAL.<\/li>\n<li><strong>Ext\u00e9rieur en aluminium durable<\/strong>:Les couvercles en aluminium prot\u00e8gent les fen\u00eatres contre la pluie, le vent et d&#039;autres conditions m\u00e9t\u00e9orologiques. <strong>Il convient \u00e9galement de mentionner<\/strong>que l&#039;aluminium ne n\u00e9cessite pas d&#039;entretien compliqu\u00e9.<\/li>\n<li><strong>Excellente isolation thermique et acoustique<\/strong>:L&#039;espace d&#039;air entre le cadre en bois et en aluminium am\u00e9liore le coefficient de transfert thermique (1,1-1,2 W\/m\u00b2K). <strong>Merci \u00e0 cela<\/strong> Les fen\u00eatres aident \u00e0 r\u00e9duire les co\u00fbts de chauffage et att\u00e9nuent \u00e9galement efficacement le bruit.<\/li>\n<li><strong>Un large choix de couleurs<\/strong>:Les couvercles en aluminium peuvent \u00eatre peints selon une technique semblable au bois ou dans des couleurs RAL unies. <strong>Quoi de plus<\/strong>, le bois int\u00e9rieur est \u00e9galement disponible dans une large gamme de finitions.<\/li>\n<li><strong>Design moderne<\/strong>:Le syst\u00e8me Alutrend Linear se caract\u00e9rise par une surface affleurante du cadre et du ch\u00e2ssis, ce qui lui conf\u00e8re un aspect minimaliste et \u00e9l\u00e9gant.<\/li>\n<li><strong>Diff\u00e9rentes versions au choix<\/strong>:\n<ul>\n<li>Alutrend XL 78 Linear \u2013 un vantail de porte plus profond de 78 mm pour une meilleure isolation,<\/li>\n<li>Alutrend Qube 68 Linear \u2013 une bande int\u00e9rieure avec une finition angulaire pour ceux qui appr\u00e9cient le style moderne,<\/li>\n<li>Alutrend XL Qube 78 Linear \u2013 une combinaison des deux solutions ci-dessus.<\/li>\n<\/ul>\n<\/li>\n<\/ul>\n<p>&nbsp;<\/p>\n<p><img fetchpriority=\"high\" decoding=\"async\" class=\"wp-image-2133 size-medium\" src=\"https:\/\/bertrand.pl\/wp-content\/uploads\/2024\/01\/strongline_photo1-420x324.webp\" alt=\"Les fen\u00eatres du syst\u00e8me lin\u00e9aire Alutrend sont esth\u00e9tiques et tr\u00e8s durables. \" width=\"420\" height=\"324\" srcset=\"https:\/\/bertrand.pl\/wp-content\/uploads\/2024\/01\/strongline_photo1-420x324.webp 420w, https:\/\/bertrand.pl\/wp-content\/uploads\/2024\/01\/strongline_photo1-16x12.webp 16w, https:\/\/bertrand.pl\/wp-content\/uploads\/2024\/01\/strongline_photo1-600x462.webp 600w, https:\/\/bertrand.pl\/wp-content\/uploads\/2024\/01\/strongline_photo1.webp 649w\" sizes=\"(max-width: 420px) 100vw, 420px\" \/><\/p>\n<p>&nbsp;<\/p>\n<p>Le syst\u00e8me Alutrend Linear offre de nombreuses possibilit\u00e9s de couleurs et d\u2019esth\u00e9tiques. De l&#039;int\u00e9rieur, les fen\u00eatres peuvent \u00eatre en bois de pin, de meranti et de ch\u00eane, peintes avec des peintures transparentes (avec structure du bois visible) ou des peintures opaques (selon la palette de couleurs RAL). Les couvertures en aluminium (c\u00f4t\u00e9 ext\u00e9rieur de la fen\u00eatre) peuvent \u00eatre peintes \u00e0 l&#039;aide d&#039;une technique sp\u00e9ciale imitant diff\u00e9rents types de bois (appel\u00e9e d\u00e9cor) ou uniform\u00e9ment dans les couleurs de la palette RAL.<\/p>\n<p>&nbsp;<\/p>\n<h4>Qu&#039;est-ce qui distingue les fen\u00eatres en bois Bertrand ?<\/h4>\n<p>&nbsp;<\/p>\n<ul>\n<li><strong>Vernis AQUATOP<\/strong>:Une formule innovante qui :\n<ul>\n<li>Prot\u00e8ge le bois contre l&#039;humidit\u00e9, la pluie et les conditions climatiques extr\u00eames,<\/li>\n<li>Emp\u00eache la moisissure, la pourriture et autres dommages,<\/li>\n<li>Garantit une finition lisse et esth\u00e9tique.<\/li>\n<\/ul>\n<\/li>\n<li><strong>Adapt\u00e9 \u00e0 tous les climats<\/strong>:Le vernis aux pigments froids rend les vitres parfaites m\u00eame dans les climats chauds.<\/li>\n<li><strong>Une fabrication soign\u00e9e<\/strong>:Le processus de production comprend le meulage automatique des surfaces planes et la finition manuelle des endroits plus difficiles d&#039;acc\u00e8s.<\/li>\n<li><strong>Durabilit\u00e9 et esth\u00e9tique<\/strong>:Nos fen\u00eatres sont lisses, impeccables et r\u00e9sistent durablement aux effets du temps.<\/li>\n<\/ul>\n<p>&nbsp;<\/p>\n<p><strong>VOIR AUSSI :<\/strong><\/p>\n<h4><strong><a href=\"https:\/\/www.youtube.com\/watch?v=6SyJjsGOovg&amp;t=3s\">Alutrend \u2013 Syst\u00e8me moderne en bois et aluminium<\/a><\/strong><\/h4>\n<h4><strong><a href=\"https:\/\/bertrand.pl\/fr\/couleur\/\">Couleurs des fen\u00eatres et des portes<\/a><\/strong><\/h4>","protected":false},"excerpt":{"rendered":"<p><strong>Un syst\u00e8me moderne en bois et aluminium<\/strong><\/p>\n<p>Nous proposons des fen\u00eatres aux clients qui appr\u00e9cient le bois naturel et qui souhaitent en m\u00eame temps assurer une durabilit\u00e9 maximale de leurs fen\u00eatres avec des co\u00fbts d&#039;entretien minimes. <strong>bois-aluminium Alutrend<\/strong>.<\/p>","protected":false},"featured_media":2140,"template":"","meta":{"site-sidebar-layout":"default","site-content-layout":"","ast-site-content-layout":"default","site-content-style":"default","site-sidebar-style":"default","ast-global-header-display":"","ast-banner-title-visibility":"","ast-main-header-display":"","ast-hfb-above-header-display":"","ast-hfb-below-header-display":"","ast-hfb-mobile-header-display":"","site-post-title":"","ast-breadcrumbs-content":"","ast-featured-img":"","footer-sml-layout":"","ast-disable-related-posts":"","theme-transparent-header-meta":"default","adv-header-id-meta":"","stick-header-meta":"","header-above-stick-meta":"","header-main-stick-meta":"","header-below-stick-meta":"","astra-migrate-meta-layouts":"set","ast-page-background-enabled":"default","ast-page-background-meta":{"desktop":{"background-color":"var(--ast-global-color-4)","background-image":"","background-repeat":"repeat","background-position":"center center","background-size":"auto","background-attachment":"scroll","background-type":"","background-media":"","overlay-type":"","overlay-color":"","overlay-opacity":"","overlay-gradient":""},"tablet":{"background-color":"","background-image":"","background-repeat":"repeat","background-position":"center center","background-size":"auto","background-attachment":"scroll","background-type":"","background-media":"","overlay-type":"","overlay-color":"","overlay-opacity":"","overlay-gradient":""},"mobile":{"background-color":"","background-image":"","background-repeat":"repeat","background-position":"center center","background-size":"auto","background-attachment":"scroll","background-type":"","background-media":"","overlay-type":"","overlay-color":"","overlay-opacity":"","overlay-gradient":""}},"ast-content-background-meta":{"desktop":{"background-color":"var(--ast-global-color-5)","background-image":"","background-repeat":"repeat","background-position":"center center","background-size":"auto","background-attachment":"scroll","background-type":"","background-media":"","overlay-type":"","overlay-color":"","overlay-opacity":"","overlay-gradient":""},"tablet":{"background-color":"var(--ast-global-color-5)","background-image":"","background-repeat":"repeat","background-position":"center center","background-size":"auto","background-attachment":"scroll","background-type":"","background-media":"","overlay-type":"","overlay-color":"","overlay-opacity":"","overlay-gradient":""},"mobile":{"background-color":"var(--ast-global-color-5)","background-image":"","background-repeat":"repeat","background-position":"center center","background-size":"auto","background-attachment":"scroll","background-type":"","background-media":"","overlay-type":"","overlay-color":"","overlay-opacity":"","overlay-gradient":""}}},"product_brand":[],"product_cat":[27],"product_tag":[193,384,1455,1457,1456,1458,1472,168,360,326,367,368,339,1474,311,352,354,1461,1460,1459,344,1475,1219,1255,1467,389,405,1463,1420,1468,357,388,646,385,386,831,758,1432,1466,812,1431,369,1469,387,355,1476,1464,1452,363,324,312,351,1471,1470,362,1473,1453,1465,1244,309,348,1462,1454],"class_list":{"0":"post-2139","1":"product","2":"type-product","3":"status-publish","4":"has-post-thumbnail","6":"product_cat-okna-drewniano-aluminiowe","7":"product_tag-aluminium","8":"product_tag-alutrend","9":"product_tag-alutrend-linear","10":"product_tag-alutrend-qube-68-linear","11":"product_tag-alutrend-xl-78-linear","12":"product_tag-alutrend-xl-qube-78-linear","13":"product_tag-automatyczne-szlifowanie","14":"product_tag-bertrand","15":"product_tag-bezpieczenstwo","16":"product_tag-budowa-domu","17":"product_tag-budownictwo","18":"product_tag-budownictwo-pasywne","19":"product_tag-design","20":"product_tag-dlugotrwala-odpornosc","21":"product_tag-dobre-wlasciwosci-termiczne","22":"product_tag-dobreokna","23":"product_tag-drewno","24":"product_tag-drewno-debowe","25":"product_tag-drewno-meranti","26":"product_tag-drewno-sosnowe","27":"product_tag-duze-okna","28":"product_tag-ekologiczne-okna","29":"product_tag-energooszczedne-okna","30":"product_tag-estetyczne-okna","31":"product_tag-gladkie-wykonczenie","32":"product_tag-izolacja-akustyczna","33":"product_tag-izolacja-termiczna","34":"product_tag-kolory-ral","35":"product_tag-lakier-aquatop","36":"product_tag-lakier-z-zimnymi-pigmentami","37":"product_tag-linear","38":"product_tag-meranti","39":"product_tag-minimalistyczny-design","40":"product_tag-nakladki","41":"product_tag-nakladki-aluminiowe","42":"product_tag-nowoczesne-okna","43":"product_tag-nowoczesne-technologie","44":"product_tag-ochrona-drewna","45":"product_tag-odpornosc-na-deszcz","46":"product_tag-odpornosc-na-warunki-atmosferyczne","47":"product_tag-odpornosc-na-wilgoc","48":"product_tag-okna-do-domu","49":"product_tag-okna-do-goracego-klimatu","50":"product_tag-okna-drewniane","51":"product_tag-okna-drewniano-aluminiowe","52":"product_tag-okna-energooszczedne","53":"product_tag-okna-na-wymiar","54":"product_tag-okna-z-drewna-i-aluminium","55":"product_tag-oknazpolski","56":"product_tag-okno-dla-domu","57":"product_tag-okno-dla-twojego-domu","58":"product_tag-oknobertrand","59":"product_tag-precyzyjne-wykonczenie","60":"product_tag-proces-produkcji","61":"product_tag-quality","62":"product_tag-reczne-wykanczanie","63":"product_tag-szeroki-wybor-kolorow","64":"product_tag-trwale-drewno","65":"product_tag-trwale-okna","66":"product_tag-upvc","67":"product_tag-windows","68":"product_tag-wykonczenie-transparentne","69":"product_tag-zlicowana-powierzchnia-ramy-i-skrzydla","70":"desktop-align-left","71":"tablet-align-left","72":"mobile-align-left","74":"first","75":"instock","76":"shipping-taxable","77":"product-type-simple"},"yoast_head":"<!-- This site is optimized with the Yoast SEO Premium plugin v27.2 (Yoast SEO v27.2) - https:\/\/yoast.com\/product\/yoast-seo-premium-wordpress\/ -->\n<title>Alutrend Linear - Bertrand. Najwy\u017cszej jako\u015bci okna i drzwi. Certyfikowany producent od 1969 roku.<\/title>\n<meta name=\"description\" content=\"System Alutrend Linear to rozwi\u0105zanie \u0142\u0105cz\u0105ce funkcjonalno\u015b\u0107, trwa\u0142o\u015b\u0107 i estetyk\u0119. Nasze okna s\u0105 nieskazitelne i d\u0142ugotrwale odporne na dzia\u0142anie czasu.\" \/>\n<meta name=\"robots\" content=\"index, follow, max-snippet:-1, max-image-preview:large, max-video-preview:-1\" \/>\n<link rel=\"canonical\" href=\"https:\/\/bertrand.pl\/fr\/produit\/alutrend-lineaire\/\" \/>\n<meta property=\"og:locale\" content=\"fr_FR\" \/>\n<meta property=\"og:type\" content=\"article\" \/>\n<meta property=\"og:title\" content=\"Alutrend Linear\" \/>\n<meta property=\"og:description\" content=\"System Alutrend Linear to rozwi\u0105zanie \u0142\u0105cz\u0105ce funkcjonalno\u015b\u0107, trwa\u0142o\u015b\u0107 i estetyk\u0119. Nasze okna s\u0105 nieskazitelne i d\u0142ugotrwale odporne na dzia\u0142anie czasu.\" \/>\n<meta property=\"og:url\" content=\"https:\/\/bertrand.pl\/fr\/produit\/alutrend-lineaire\/\" \/>\n<meta property=\"og:site_name\" content=\"Bertrand. Najwy\u017cszej jako\u015bci okna i drzwi. Certyfikowany producent od 1969 roku.\" \/>\n<meta property=\"article:publisher\" content=\"https:\/\/www.facebook.com\/bertrandpolska\/\" \/>\n<meta property=\"article:modified_time\" content=\"2025-03-06T14:24:35+00:00\" \/>\n<meta property=\"og:image\" content=\"https:\/\/bertrand.pl\/wp-content\/uploads\/2024\/01\/alutrend_linear_big.webp\" \/>\n\t<meta property=\"og:image:width\" content=\"750\" \/>\n\t<meta property=\"og:image:height\" content=\"750\" \/>\n\t<meta property=\"og:image:type\" content=\"image\/webp\" \/>\n<meta name=\"twitter:card\" content=\"summary_large_image\" \/>\n<meta name=\"twitter:label1\" content=\"Dur\u00e9e de lecture estim\u00e9e\" \/>\n\t<meta name=\"twitter:data1\" content=\"3 minutes\" \/>\n<script type=\"application\/ld+json\" class=\"yoast-schema-graph\">{\"@context\":\"https:\/\/schema.org\",\"@graph\":[{\"@type\":\"WebPage\",\"@id\":\"https:\/\/bertrand.pl\/produkt\/alutrend-linear\/\",\"url\":\"https:\/\/bertrand.pl\/produkt\/alutrend-linear\/\",\"name\":\"Alutrend Linear - Bertrand. Najwy\u017cszej jako\u015bci okna i drzwi. Certyfikowany producent od 1969 roku.\",\"isPartOf\":{\"@id\":\"https:\/\/bertrand.pl\/#website\"},\"primaryImageOfPage\":{\"@id\":\"https:\/\/bertrand.pl\/produkt\/alutrend-linear\/#primaryimage\"},\"image\":{\"@id\":\"https:\/\/bertrand.pl\/produkt\/alutrend-linear\/#primaryimage\"},\"thumbnailUrl\":\"https:\/\/bertrand.pl\/wp-content\/uploads\/2024\/01\/alutrend_linear_big.webp\",\"datePublished\":\"2024-01-18T13:44:39+00:00\",\"dateModified\":\"2025-03-06T14:24:35+00:00\",\"description\":\"System Alutrend Linear to rozwi\u0105zanie \u0142\u0105cz\u0105ce funkcjonalno\u015b\u0107, trwa\u0142o\u015b\u0107 i estetyk\u0119. Nasze okna s\u0105 nieskazitelne i d\u0142ugotrwale odporne na dzia\u0142anie czasu.\",\"breadcrumb\":{\"@id\":\"https:\/\/bertrand.pl\/produkt\/alutrend-linear\/#breadcrumb\"},\"inLanguage\":\"fr-FR\",\"potentialAction\":[{\"@type\":\"ReadAction\",\"target\":[\"https:\/\/bertrand.pl\/produkt\/alutrend-linear\/\"]}]},{\"@type\":\"ImageObject\",\"inLanguage\":\"fr-FR\",\"@id\":\"https:\/\/bertrand.pl\/produkt\/alutrend-linear\/#primaryimage\",\"url\":\"https:\/\/bertrand.pl\/wp-content\/uploads\/2024\/01\/alutrend_linear_big.webp\",\"contentUrl\":\"https:\/\/bertrand.pl\/wp-content\/uploads\/2024\/01\/alutrend_linear_big.webp\",\"width\":750,\"height\":750,\"caption\":\"Alutrend Linear - estetyka i pi\u0119kno.\"},{\"@type\":\"BreadcrumbList\",\"@id\":\"https:\/\/bertrand.pl\/produkt\/alutrend-linear\/#breadcrumb\",\"itemListElement\":[{\"@type\":\"ListItem\",\"position\":1,\"name\":\"Strona g\u0142\u00f3wna\",\"item\":\"https:\/\/bertrand.pl\/\"},{\"@type\":\"ListItem\",\"position\":2,\"name\":\"Produits\",\"item\":\"https:\/\/bertrand.pl\/fr\/shop\/\"},{\"@type\":\"ListItem\",\"position\":3,\"name\":\"Alutrend Linear\"}]},{\"@type\":\"WebSite\",\"@id\":\"https:\/\/bertrand.pl\/#website\",\"url\":\"https:\/\/bertrand.pl\/\",\"name\":\"Bertrand.pl\",\"description\":\"Firma Bertrand to certyfikowany i uznany producent najwy\u017cszej jako\u015bci okien z PVC, z drewna lub aluminium. Produkcja drzwi, rolet i bram gara\u017cowych.\",\"publisher\":{\"@id\":\"https:\/\/bertrand.pl\/#organization\"},\"potentialAction\":[{\"@type\":\"SearchAction\",\"target\":{\"@type\":\"EntryPoint\",\"urlTemplate\":\"https:\/\/bertrand.pl\/?s={search_term_string}\"},\"query-input\":{\"@type\":\"PropertyValueSpecification\",\"valueRequired\":true,\"valueName\":\"search_term_string\"}}],\"inLanguage\":\"fr-FR\"},{\"@type\":\"Organization\",\"@id\":\"https:\/\/bertrand.pl\/#organization\",\"name\":\"Bertrand.pl\",\"url\":\"https:\/\/bertrand.pl\/\",\"logo\":{\"@type\":\"ImageObject\",\"inLanguage\":\"fr-FR\",\"@id\":\"https:\/\/bertrand.pl\/#\/schema\/logo\/image\/\",\"url\":\"https:\/\/bertrand.pl\/wp-content\/uploads\/2024\/12\/logo_BB_TM_PL_black.png\",\"contentUrl\":\"https:\/\/bertrand.pl\/wp-content\/uploads\/2024\/12\/logo_BB_TM_PL_black.png\",\"width\":1831,\"height\":1831,\"caption\":\"Bertrand.pl\"},\"image\":{\"@id\":\"https:\/\/bertrand.pl\/#\/schema\/logo\/image\/\"},\"sameAs\":[\"https:\/\/www.facebook.com\/bertrandpolska\/\",\"https:\/\/www.instagram.com\/bertrand_okna_i_drzwi\/\",\"https:\/\/www.linkedin.com\/company\/bertrand\/\",\"https:\/\/www.tiktok.com\/@bertrand_okna_drzwi\"]}]}<\/script>\n<!-- \/ Yoast SEO Premium plugin. -->","yoast_head_json":{"title":"Alutrend Linear - Bertrand. Najwy\u017cszej jako\u015bci okna i drzwi. Certyfikowany producent od 1969 roku.","description":"Le syst\u00e8me lin\u00e9aire Alutrend est une solution qui allie fonctionnalit\u00e9, durabilit\u00e9 et esth\u00e9tique. Nos fen\u00eatres sont impeccables et durables, r\u00e9sistantes aux \u00e9l\u00e9ments.","robots":{"index":"index","follow":"follow","max-snippet":"max-snippet:-1","max-image-preview":"max-image-preview:large","max-video-preview":"max-video-preview:-1"},"canonical":"https:\/\/bertrand.pl\/fr\/produit\/alutrend-lineaire\/","og_locale":"fr_FR","og_type":"article","og_title":"Alutrend Linear","og_description":"System Alutrend Linear to rozwi\u0105zanie \u0142\u0105cz\u0105ce funkcjonalno\u015b\u0107, trwa\u0142o\u015b\u0107 i estetyk\u0119. Nasze okna s\u0105 nieskazitelne i d\u0142ugotrwale odporne na dzia\u0142anie czasu.","og_url":"https:\/\/bertrand.pl\/fr\/produit\/alutrend-lineaire\/","og_site_name":"Bertrand. Najwy\u017cszej jako\u015bci okna i drzwi. Certyfikowany producent od 1969 roku.","article_publisher":"https:\/\/www.facebook.com\/bertrandpolska\/","article_modified_time":"2025-03-06T14:24:35+00:00","og_image":[{"width":750,"height":750,"url":"https:\/\/bertrand.pl\/wp-content\/uploads\/2024\/01\/alutrend_linear_big.webp","type":"image\/webp"}],"twitter_card":"summary_large_image","twitter_misc":{"Dur\u00e9e de lecture estim\u00e9e":"3 minutes"},"schema":{"@context":"https:\/\/schema.org","@graph":[{"@type":"WebPage","@id":"https:\/\/bertrand.pl\/produkt\/alutrend-linear\/","url":"https:\/\/bertrand.pl\/produkt\/alutrend-linear\/","name":"Alutrend Linear - Bertrand. Najwy\u017cszej jako\u015bci okna i drzwi. Certyfikowany producent od 1969 roku.","isPartOf":{"@id":"https:\/\/bertrand.pl\/#website"},"primaryImageOfPage":{"@id":"https:\/\/bertrand.pl\/produkt\/alutrend-linear\/#primaryimage"},"image":{"@id":"https:\/\/bertrand.pl\/produkt\/alutrend-linear\/#primaryimage"},"thumbnailUrl":"https:\/\/bertrand.pl\/wp-content\/uploads\/2024\/01\/alutrend_linear_big.webp","datePublished":"2024-01-18T13:44:39+00:00","dateModified":"2025-03-06T14:24:35+00:00","description":"Le syst\u00e8me lin\u00e9aire Alutrend est une solution qui allie fonctionnalit\u00e9, durabilit\u00e9 et esth\u00e9tique. Nos fen\u00eatres sont impeccables et durables, r\u00e9sistantes aux \u00e9l\u00e9ments.","breadcrumb":{"@id":"https:\/\/bertrand.pl\/produkt\/alutrend-linear\/#breadcrumb"},"inLanguage":"fr-FR","potentialAction":[{"@type":"ReadAction","target":["https:\/\/bertrand.pl\/produkt\/alutrend-linear\/"]}]},{"@type":"ImageObject","inLanguage":"fr-FR","@id":"https:\/\/bertrand.pl\/produkt\/alutrend-linear\/#primaryimage","url":"https:\/\/bertrand.pl\/wp-content\/uploads\/2024\/01\/alutrend_linear_big.webp","contentUrl":"https:\/\/bertrand.pl\/wp-content\/uploads\/2024\/01\/alutrend_linear_big.webp","width":750,"height":750,"caption":"Alutrend Linear - estetyka i pi\u0119kno."},{"@type":"BreadcrumbList","@id":"https:\/\/bertrand.pl\/produkt\/alutrend-linear\/#breadcrumb","itemListElement":[{"@type":"ListItem","position":1,"name":"Strona g\u0142\u00f3wna","item":"https:\/\/bertrand.pl\/"},{"@type":"ListItem","position":2,"name":"Produits","item":"https:\/\/bertrand.pl\/fr\/shop\/"},{"@type":"ListItem","position":3,"name":"Alutrend Linear"}]},{"@type":"WebSite","@id":"https:\/\/bertrand.pl\/#website","url":"https:\/\/bertrand.pl\/","name":"Bertrand.pl","description":"Firma Bertrand to certyfikowany i uznany producent najwy\u017cszej jako\u015bci okien z PVC, z drewna lub aluminium. Produkcja drzwi, rolet i bram gara\u017cowych.","publisher":{"@id":"https:\/\/bertrand.pl\/#organization"},"potentialAction":[{"@type":"SearchAction","target":{"@type":"EntryPoint","urlTemplate":"https:\/\/bertrand.pl\/?s={search_term_string}"},"query-input":{"@type":"PropertyValueSpecification","valueRequired":true,"valueName":"search_term_string"}}],"inLanguage":"fr-FR"},{"@type":"Organization","@id":"https:\/\/bertrand.pl\/#organization","name":"Bertrand.pl","url":"https:\/\/bertrand.pl\/","logo":{"@type":"ImageObject","inLanguage":"fr-FR","@id":"https:\/\/bertrand.pl\/#\/schema\/logo\/image\/","url":"https:\/\/bertrand.pl\/wp-content\/uploads\/2024\/12\/logo_BB_TM_PL_black.png","contentUrl":"https:\/\/bertrand.pl\/wp-content\/uploads\/2024\/12\/logo_BB_TM_PL_black.png","width":1831,"height":1831,"caption":"Bertrand.pl"},"image":{"@id":"https:\/\/bertrand.pl\/#\/schema\/logo\/image\/"},"sameAs":["https:\/\/www.facebook.com\/bertrandpolska\/","https:\/\/www.instagram.com\/bertrand_okna_i_drzwi\/","https:\/\/www.linkedin.com\/company\/bertrand\/","https:\/\/www.tiktok.com\/@bertrand_okna_drzwi"]}]}},"_links":{"self":[{"href":"https:\/\/bertrand.pl\/fr\/wp-json\/wp\/v2\/product\/2139","targetHints":{"allow":["GET"]}}],"collection":[{"href":"https:\/\/bertrand.pl\/fr\/wp-json\/wp\/v2\/product"}],"about":[{"href":"https:\/\/bertrand.pl\/fr\/wp-json\/wp\/v2\/types\/product"}],"wp:featuredmedia":[{"embeddable":true,"href":"https:\/\/bertrand.pl\/fr\/wp-json\/wp\/v2\/media\/2140"}],"wp:attachment":[{"href":"https:\/\/bertrand.pl\/fr\/wp-json\/wp\/v2\/media?parent=2139"}],"wp:term":[{"taxonomy":"product_brand","embeddable":true,"href":"https:\/\/bertrand.pl\/fr\/wp-json\/wp\/v2\/product_brand?post=2139"},{"taxonomy":"product_cat","embeddable":true,"href":"https:\/\/bertrand.pl\/fr\/wp-json\/wp\/v2\/product_cat?post=2139"},{"taxonomy":"product_tag","embeddable":true,"href":"https:\/\/bertrand.pl\/fr\/wp-json\/wp\/v2\/product_tag?post=2139"}],"curies":[{"name":"wp","href":"https:\/\/api.w.org\/{rel}","templated":true}]}}