{"id":2144,"date":"2023-12-14T13:00:13","date_gmt":"2023-12-14T12:00:13","guid":{"rendered":"https:\/\/bertrand.pl\/?post_type=product&#038;p=2144"},"modified":"2024-12-13T11:58:54","modified_gmt":"2024-12-13T10:58:54","slug":"systeme-inclinable-et-coulissant-psk","status":"publish","type":"product","link":"https:\/\/bertrand.pl\/fr\/produkt\/system-uchylno-przesuwny-psk\/","title":{"rendered":"Syst\u00e8me inclinable et coulissant PSK"},"content":{"rendered":"<p><strong>Syst\u00e8me inclinable et coulissant PSK<\/strong> est une solution moderne pour les personnes \u00e0 la recherche de portes patio fonctionnelles et esth\u00e9tiques. Il convient parfaitement aux maisons modernes o\u00f9 l\u2019espace joue un r\u00f4le cl\u00e9. Gr\u00e2ce \u00e0 la possibilit\u00e9 d&#039;utiliser de grands vitrages, l&#039;int\u00e9rieur devient optiquement plus grand, plus lumineux et plus ouvert sur l&#039;environnement. Les portes PSK allient avant tout confort d&#039;utilisation et aspect attrayant, ce qui en fait un excellent choix pour les appartements et les maisons.<\/p>\n<p>&nbsp;<\/p>\n<h3>L&#039;utilisation de grands vitrages<\/h3>\n<p>Le syst\u00e8me PSK permet d&#039;introduire de grandes surfaces vitr\u00e9es, jusqu&#039;\u00e0 8 m\u00b2. Cette solution cr\u00e9e une transition douce entre l&#039;espace int\u00e9rieur et ext\u00e9rieur, ce qui fait de la terrasse ou du jardin une extension naturelle de la maison. C&#039;est une solution id\u00e9ale pour ceux qui souhaitent privil\u00e9gier un contact \u00e9troit avec la nature et profiter de vues panoramiques.<\/p>\n<p>&nbsp;<\/p>\n<h3>Confort et fonctionnalit\u00e9<\/h3>\n<p>Les portes basculantes et coulissantes du syst\u00e8me PSK mesurent jusqu&#039;\u00e0 1,6 m\u00e8tre de large, ce qui offre un passage pratique vers la terrasse ou le jardin. De plus, le m\u00e9canisme inclinable et coulissant est facile \u00e0 utiliser, permettant une ouverture et une fermeture faciles, m\u00eame avec des portes de grande taille. Gr\u00e2ce \u00e0 cela, les portes PSK sont pratiques et confortables au quotidien.<\/p>\n<p>&nbsp;<\/p>\n<h3>Avantages du syst\u00e8me PSK<\/h3>\n<ul>\n<li><strong>Gain de place\u00a0:<\/strong> Les portes ne prennent pas de place dans la pi\u00e8ce lors de l&#039;ouverture, ce qui permet une meilleure utilisation de l&#039;int\u00e9rieur.<\/li>\n<li><strong>Stabilit\u00e9:<\/strong> Le m\u00e9canisme emp\u00eache la porte de claquer \u00e0 cause du vent.<\/li>\n<li><strong>Esth\u00e9tique et personnalisation :<\/strong> La disponibilit\u00e9 dans diverses technologies (PVC, bois, aluminium, bois-aluminium) et une large gamme de couleurs permettent au produit de s&#039;adapter \u00e0 n&#039;importe quel int\u00e9rieur.<\/li>\n<li><strong>Prix abordable :<\/strong> Le syst\u00e8me PSK est plus \u00e9conomique que les portes populaires du syst\u00e8me HST.<\/li>\n<\/ul>\n<h3><\/h3>\n<p>Le syst\u00e8me inclinable et coulissant PSK est une combinaison parfaite entre esth\u00e9tique, fonctionnalit\u00e9 et gain de place. Gr\u00e2ce \u00e0 son utilisation universelle, \u00e0 la possibilit\u00e9 de personnalisation et \u00e0 un prix abordable, c&#039;est une solution id\u00e9ale pour les clients exigeants qui appr\u00e9cient le confort et le design moderne.<\/p>\n<p>&nbsp;<\/p>\n<p><img fetchpriority=\"high\" decoding=\"async\" class=\"wp-image-4995 aligncenter\" src=\"https:\/\/bertrand.pl\/wp-content\/uploads\/2023\/12\/borzestowo-28-scaled.jpg\" alt=\"\" width=\"601\" height=\"902\" srcset=\"https:\/\/bertrand.pl\/wp-content\/uploads\/2023\/12\/borzestowo-28-scaled.jpg 1707w, https:\/\/bertrand.pl\/wp-content\/uploads\/2023\/12\/borzestowo-28-280x420.jpg 280w, https:\/\/bertrand.pl\/wp-content\/uploads\/2023\/12\/borzestowo-28-907x1360.jpg 907w, https:\/\/bertrand.pl\/wp-content\/uploads\/2023\/12\/borzestowo-28-768x1152.jpg 768w, https:\/\/bertrand.pl\/wp-content\/uploads\/2023\/12\/borzestowo-28-1024x1536.jpg 1024w, https:\/\/bertrand.pl\/wp-content\/uploads\/2023\/12\/borzestowo-28-1365x2048.jpg 1365w, https:\/\/bertrand.pl\/wp-content\/uploads\/2023\/12\/borzestowo-28-8x12.jpg 8w, https:\/\/bertrand.pl\/wp-content\/uploads\/2023\/12\/borzestowo-28-600x900.jpg 600w\" sizes=\"(max-width: 601px) 100vw, 601px\" \/><\/p>\n<p>&nbsp;<\/p>\n<h4><strong><a href=\"https:\/\/bertrand.pl\/fr\/couleurs-des-fenetres-et-des-portes\/\">Couleurs des fen\u00eatres et des portes<\/a><\/strong><\/h4>","protected":false},"excerpt":{"rendered":"<p><strong>SYST\u00c8ME DE TERRASSE INCLINABLE ET COULISSANTE<\/strong><\/p>\n<p>Les portes-fen\u00eatres PSK sont un nom abr\u00e9g\u00e9 pour les portes oscillo-coulissantes. Ce syst\u00e8me est \u00e9quip\u00e9 d&#039;un vantail fixe et d&#039;un vantail coulissant. Lors de l&#039;ouverture d&#039;une porte ou d&#039;une fen\u00eatre dans le syst\u00e8me PSK, le m\u00e9canisme de ferrure fait d&#039;abord incliner le vantail mobile, puis s&#039;\u00e9loigner, puis se d\u00e9placer le long du guide situ\u00e9 dans la partie inf\u00e9rieure de la structure.<\/p>","protected":false},"featured_media":4999,"template":"","meta":{"site-sidebar-layout":"default","site-content-layout":"","ast-site-content-layout":"default","site-content-style":"default","site-sidebar-style":"default","ast-global-header-display":"","ast-banner-title-visibility":"","ast-main-header-display":"","ast-hfb-above-header-display":"","ast-hfb-below-header-display":"","ast-hfb-mobile-header-display":"","site-post-title":"","ast-breadcrumbs-content":"","ast-featured-img":"","footer-sml-layout":"","ast-disable-related-posts":"","theme-transparent-header-meta":"default","adv-header-id-meta":"","stick-header-meta":"","header-above-stick-meta":"","header-main-stick-meta":"","header-below-stick-meta":"","astra-migrate-meta-layouts":"set","ast-page-background-enabled":"default","ast-page-background-meta":{"desktop":{"background-color":"var(--ast-global-color-4)","background-image":"","background-repeat":"repeat","background-position":"center center","background-size":"auto","background-attachment":"scroll","background-type":"","background-media":"","overlay-type":"","overlay-color":"","overlay-opacity":"","overlay-gradient":""},"tablet":{"background-color":"","background-image":"","background-repeat":"repeat","background-position":"center center","background-size":"auto","background-attachment":"scroll","background-type":"","background-media":"","overlay-type":"","overlay-color":"","overlay-opacity":"","overlay-gradient":""},"mobile":{"background-color":"","background-image":"","background-repeat":"repeat","background-position":"center center","background-size":"auto","background-attachment":"scroll","background-type":"","background-media":"","overlay-type":"","overlay-color":"","overlay-opacity":"","overlay-gradient":""}},"ast-content-background-meta":{"desktop":{"background-color":"var(--ast-global-color-5)","background-image":"","background-repeat":"repeat","background-position":"center center","background-size":"auto","background-attachment":"scroll","background-type":"","background-media":"","overlay-type":"","overlay-color":"","overlay-opacity":"","overlay-gradient":""},"tablet":{"background-color":"var(--ast-global-color-5)","background-image":"","background-repeat":"repeat","background-position":"center center","background-size":"auto","background-attachment":"scroll","background-type":"","background-media":"","overlay-type":"","overlay-color":"","overlay-opacity":"","overlay-gradient":""},"mobile":{"background-color":"var(--ast-global-color-5)","background-image":"","background-repeat":"repeat","background-position":"center center","background-size":"auto","background-attachment":"scroll","background-type":"","background-media":"","overlay-type":"","overlay-color":"","overlay-opacity":"","overlay-gradient":""}}},"product_brand":[],"product_cat":[18],"product_tag":[168,326,367,339,377,378,414,345,343,333,718,719,346,408,407,389,398,405,361,366,392,169,416,362,406],"class_list":{"0":"post-2144","1":"product","2":"type-product","3":"status-publish","4":"has-post-thumbnail","6":"product_cat-systemy-tarasowe","7":"product_tag-bertrand","8":"product_tag-budowa-domu","9":"product_tag-budownictwo","10":"product_tag-design","11":"product_tag-dobre-drzwi","12":"product_tag-doors","13":"product_tag-doskonala-izolacja-termiczna","14":"product_tag-drzwi-balkonowe","15":"product_tag-drzwi-do-domu","16":"product_tag-drzwi-przesuwne","17":"product_tag-drzwi-psk","18":"product_tag-drzwi-uchylno-przesuwne","19":"product_tag-duze-przestrzenie","20":"product_tag-duze-przeszklenia","21":"product_tag-duzo-swiatla","22":"product_tag-izolacja-akustyczna","23":"product_tag-izolacja-cieplna","24":"product_tag-izolacja-termiczna","25":"product_tag-jakosc","26":"product_tag-komfort","27":"product_tag-otwarta-przestrzen","28":"product_tag-produkt","29":"product_tag-przestrzen","30":"product_tag-quality","31":"product_tag-swiatlo","32":"desktop-align-left","33":"tablet-align-left","34":"mobile-align-left","36":"first","37":"instock","38":"shipping-taxable","39":"product-type-simple"},"yoast_head":"<!-- This site is optimized with the Yoast SEO Premium plugin v27.2 (Yoast SEO v27.2) - https:\/\/yoast.com\/product\/yoast-seo-premium-wordpress\/ -->\n<title>System uchylno-przesuwny PSK - Bertrand. Najwy\u017cszej jako\u015bci okna i drzwi. Certyfikowany producent od 1969 roku.<\/title>\n<meta name=\"description\" content=\"System uchylno-przesuwny PSK \u2013 estetyczne, funkcjonalne drzwi tarasowe. Du\u017ce przeszklenia, oszcz\u0119dno\u015b\u0107 miejsca i wygoda w nowoczesnym wydaniu.\" \/>\n<meta name=\"robots\" content=\"index, follow, max-snippet:-1, max-image-preview:large, max-video-preview:-1\" \/>\n<link rel=\"canonical\" href=\"https:\/\/bertrand.pl\/fr\/produit\/systeme-inclinable-et-coulissant-psk\/\" \/>\n<meta property=\"og:locale\" content=\"fr_FR\" \/>\n<meta property=\"og:type\" content=\"article\" \/>\n<meta property=\"og:title\" content=\"System uchylno-przesuwny PSK\" \/>\n<meta property=\"og:description\" content=\"System uchylno-przesuwny PSK \u2013 estetyczne, funkcjonalne drzwi tarasowe. Du\u017ce przeszklenia, oszcz\u0119dno\u015b\u0107 miejsca i wygoda w nowoczesnym wydaniu.\" \/>\n<meta property=\"og:url\" content=\"https:\/\/bertrand.pl\/fr\/produit\/systeme-inclinable-et-coulissant-psk\/\" \/>\n<meta property=\"og:site_name\" content=\"Bertrand. Najwy\u017cszej jako\u015bci okna i drzwi. Certyfikowany producent od 1969 roku.\" \/>\n<meta property=\"article:publisher\" content=\"https:\/\/www.facebook.com\/bertrandpolska\/\" \/>\n<meta property=\"article:modified_time\" content=\"2024-12-13T10:58:54+00:00\" \/>\n<meta property=\"og:image\" content=\"https:\/\/bertrand.pl\/wp-content\/uploads\/2023\/12\/4130_PSK-sliding-C_aluminium-1-700x700-1.png\" \/>\n\t<meta property=\"og:image:width\" content=\"700\" \/>\n\t<meta property=\"og:image:height\" content=\"700\" \/>\n\t<meta property=\"og:image:type\" content=\"image\/png\" \/>\n<meta name=\"twitter:card\" content=\"summary_large_image\" \/>\n<meta name=\"twitter:label1\" content=\"Dur\u00e9e de lecture estim\u00e9e\" \/>\n\t<meta name=\"twitter:data1\" content=\"2 minutes\" \/>\n<script type=\"application\/ld+json\" class=\"yoast-schema-graph\">{\"@context\":\"https:\/\/schema.org\",\"@graph\":[{\"@type\":\"WebPage\",\"@id\":\"https:\/\/bertrand.pl\/produkt\/system-uchylno-przesuwny-psk\/\",\"url\":\"https:\/\/bertrand.pl\/produkt\/system-uchylno-przesuwny-psk\/\",\"name\":\"System uchylno-przesuwny PSK - Bertrand. Najwy\u017cszej jako\u015bci okna i drzwi. Certyfikowany producent od 1969 roku.\",\"isPartOf\":{\"@id\":\"https:\/\/bertrand.pl\/#website\"},\"primaryImageOfPage\":{\"@id\":\"https:\/\/bertrand.pl\/produkt\/system-uchylno-przesuwny-psk\/#primaryimage\"},\"image\":{\"@id\":\"https:\/\/bertrand.pl\/produkt\/system-uchylno-przesuwny-psk\/#primaryimage\"},\"thumbnailUrl\":\"https:\/\/bertrand.pl\/wp-content\/uploads\/2023\/12\/4130_PSK-sliding-C_aluminium-1-700x700-1.png\",\"datePublished\":\"2023-12-14T12:00:13+00:00\",\"dateModified\":\"2024-12-13T10:58:54+00:00\",\"description\":\"System uchylno-przesuwny PSK \u2013 estetyczne, funkcjonalne drzwi tarasowe. Du\u017ce przeszklenia, oszcz\u0119dno\u015b\u0107 miejsca i wygoda w nowoczesnym wydaniu.\",\"breadcrumb\":{\"@id\":\"https:\/\/bertrand.pl\/produkt\/system-uchylno-przesuwny-psk\/#breadcrumb\"},\"inLanguage\":\"fr-FR\",\"potentialAction\":[{\"@type\":\"ReadAction\",\"target\":[\"https:\/\/bertrand.pl\/produkt\/system-uchylno-przesuwny-psk\/\"]}]},{\"@type\":\"ImageObject\",\"inLanguage\":\"fr-FR\",\"@id\":\"https:\/\/bertrand.pl\/produkt\/system-uchylno-przesuwny-psk\/#primaryimage\",\"url\":\"https:\/\/bertrand.pl\/wp-content\/uploads\/2023\/12\/4130_PSK-sliding-C_aluminium-1-700x700-1.png\",\"contentUrl\":\"https:\/\/bertrand.pl\/wp-content\/uploads\/2023\/12\/4130_PSK-sliding-C_aluminium-1-700x700-1.png\",\"width\":700,\"height\":700},{\"@type\":\"BreadcrumbList\",\"@id\":\"https:\/\/bertrand.pl\/produkt\/system-uchylno-przesuwny-psk\/#breadcrumb\",\"itemListElement\":[{\"@type\":\"ListItem\",\"position\":1,\"name\":\"Strona g\u0142\u00f3wna\",\"item\":\"https:\/\/bertrand.pl\/\"},{\"@type\":\"ListItem\",\"position\":2,\"name\":\"Produits\",\"item\":\"https:\/\/bertrand.pl\/fr\/shop\/\"},{\"@type\":\"ListItem\",\"position\":3,\"name\":\"System uchylno-przesuwny PSK\"}]},{\"@type\":\"WebSite\",\"@id\":\"https:\/\/bertrand.pl\/#website\",\"url\":\"https:\/\/bertrand.pl\/\",\"name\":\"Bertrand.pl\",\"description\":\"Firma Bertrand to certyfikowany i uznany producent najwy\u017cszej jako\u015bci okien z PVC, z drewna lub aluminium. Produkcja drzwi, rolet i bram gara\u017cowych.\",\"publisher\":{\"@id\":\"https:\/\/bertrand.pl\/#organization\"},\"potentialAction\":[{\"@type\":\"SearchAction\",\"target\":{\"@type\":\"EntryPoint\",\"urlTemplate\":\"https:\/\/bertrand.pl\/?s={search_term_string}\"},\"query-input\":{\"@type\":\"PropertyValueSpecification\",\"valueRequired\":true,\"valueName\":\"search_term_string\"}}],\"inLanguage\":\"fr-FR\"},{\"@type\":\"Organization\",\"@id\":\"https:\/\/bertrand.pl\/#organization\",\"name\":\"Bertrand.pl\",\"url\":\"https:\/\/bertrand.pl\/\",\"logo\":{\"@type\":\"ImageObject\",\"inLanguage\":\"fr-FR\",\"@id\":\"https:\/\/bertrand.pl\/#\/schema\/logo\/image\/\",\"url\":\"https:\/\/bertrand.pl\/wp-content\/uploads\/2024\/12\/logo_BB_TM_PL_black.png\",\"contentUrl\":\"https:\/\/bertrand.pl\/wp-content\/uploads\/2024\/12\/logo_BB_TM_PL_black.png\",\"width\":1831,\"height\":1831,\"caption\":\"Bertrand.pl\"},\"image\":{\"@id\":\"https:\/\/bertrand.pl\/#\/schema\/logo\/image\/\"},\"sameAs\":[\"https:\/\/www.facebook.com\/bertrandpolska\/\",\"https:\/\/www.instagram.com\/bertrand_okna_i_drzwi\/\",\"https:\/\/www.linkedin.com\/company\/bertrand\/\",\"https:\/\/www.tiktok.com\/@bertrand_okna_drzwi\"]}]}<\/script>\n<!-- \/ Yoast SEO Premium plugin. -->","yoast_head_json":{"title":"System uchylno-przesuwny PSK - Bertrand. Najwy\u017cszej jako\u015bci okna i drzwi. Certyfikowany producent od 1969 roku.","description":"Syst\u00e8me oscillo-coulissant PSK \u2013 portes-fen\u00eatres esth\u00e9tiques et fonctionnelles. Grand vitrage, gain de place et confort moderne.","robots":{"index":"index","follow":"follow","max-snippet":"max-snippet:-1","max-image-preview":"max-image-preview:large","max-video-preview":"max-video-preview:-1"},"canonical":"https:\/\/bertrand.pl\/fr\/produit\/systeme-inclinable-et-coulissant-psk\/","og_locale":"fr_FR","og_type":"article","og_title":"System uchylno-przesuwny PSK","og_description":"System uchylno-przesuwny PSK \u2013 estetyczne, funkcjonalne drzwi tarasowe. Du\u017ce przeszklenia, oszcz\u0119dno\u015b\u0107 miejsca i wygoda w nowoczesnym wydaniu.","og_url":"https:\/\/bertrand.pl\/fr\/produit\/systeme-inclinable-et-coulissant-psk\/","og_site_name":"Bertrand. Najwy\u017cszej jako\u015bci okna i drzwi. Certyfikowany producent od 1969 roku.","article_publisher":"https:\/\/www.facebook.com\/bertrandpolska\/","article_modified_time":"2024-12-13T10:58:54+00:00","og_image":[{"width":700,"height":700,"url":"https:\/\/bertrand.pl\/wp-content\/uploads\/2023\/12\/4130_PSK-sliding-C_aluminium-1-700x700-1.png","type":"image\/png"}],"twitter_card":"summary_large_image","twitter_misc":{"Dur\u00e9e de lecture estim\u00e9e":"2 minutes"},"schema":{"@context":"https:\/\/schema.org","@graph":[{"@type":"WebPage","@id":"https:\/\/bertrand.pl\/produkt\/system-uchylno-przesuwny-psk\/","url":"https:\/\/bertrand.pl\/produkt\/system-uchylno-przesuwny-psk\/","name":"System uchylno-przesuwny PSK - Bertrand. Najwy\u017cszej jako\u015bci okna i drzwi. Certyfikowany producent od 1969 roku.","isPartOf":{"@id":"https:\/\/bertrand.pl\/#website"},"primaryImageOfPage":{"@id":"https:\/\/bertrand.pl\/produkt\/system-uchylno-przesuwny-psk\/#primaryimage"},"image":{"@id":"https:\/\/bertrand.pl\/produkt\/system-uchylno-przesuwny-psk\/#primaryimage"},"thumbnailUrl":"https:\/\/bertrand.pl\/wp-content\/uploads\/2023\/12\/4130_PSK-sliding-C_aluminium-1-700x700-1.png","datePublished":"2023-12-14T12:00:13+00:00","dateModified":"2024-12-13T10:58:54+00:00","description":"Syst\u00e8me oscillo-coulissant PSK \u2013 portes-fen\u00eatres esth\u00e9tiques et fonctionnelles. Grand vitrage, gain de place et confort moderne.","breadcrumb":{"@id":"https:\/\/bertrand.pl\/produkt\/system-uchylno-przesuwny-psk\/#breadcrumb"},"inLanguage":"fr-FR","potentialAction":[{"@type":"ReadAction","target":["https:\/\/bertrand.pl\/produkt\/system-uchylno-przesuwny-psk\/"]}]},{"@type":"ImageObject","inLanguage":"fr-FR","@id":"https:\/\/bertrand.pl\/produkt\/system-uchylno-przesuwny-psk\/#primaryimage","url":"https:\/\/bertrand.pl\/wp-content\/uploads\/2023\/12\/4130_PSK-sliding-C_aluminium-1-700x700-1.png","contentUrl":"https:\/\/bertrand.pl\/wp-content\/uploads\/2023\/12\/4130_PSK-sliding-C_aluminium-1-700x700-1.png","width":700,"height":700},{"@type":"BreadcrumbList","@id":"https:\/\/bertrand.pl\/produkt\/system-uchylno-przesuwny-psk\/#breadcrumb","itemListElement":[{"@type":"ListItem","position":1,"name":"Strona g\u0142\u00f3wna","item":"https:\/\/bertrand.pl\/"},{"@type":"ListItem","position":2,"name":"Produits","item":"https:\/\/bertrand.pl\/fr\/shop\/"},{"@type":"ListItem","position":3,"name":"System uchylno-przesuwny PSK"}]},{"@type":"WebSite","@id":"https:\/\/bertrand.pl\/#website","url":"https:\/\/bertrand.pl\/","name":"Bertrand.pl","description":"Firma Bertrand to certyfikowany i uznany producent najwy\u017cszej jako\u015bci okien z PVC, z drewna lub aluminium. Produkcja drzwi, rolet i bram gara\u017cowych.","publisher":{"@id":"https:\/\/bertrand.pl\/#organization"},"potentialAction":[{"@type":"SearchAction","target":{"@type":"EntryPoint","urlTemplate":"https:\/\/bertrand.pl\/?s={search_term_string}"},"query-input":{"@type":"PropertyValueSpecification","valueRequired":true,"valueName":"search_term_string"}}],"inLanguage":"fr-FR"},{"@type":"Organization","@id":"https:\/\/bertrand.pl\/#organization","name":"Bertrand.pl","url":"https:\/\/bertrand.pl\/","logo":{"@type":"ImageObject","inLanguage":"fr-FR","@id":"https:\/\/bertrand.pl\/#\/schema\/logo\/image\/","url":"https:\/\/bertrand.pl\/wp-content\/uploads\/2024\/12\/logo_BB_TM_PL_black.png","contentUrl":"https:\/\/bertrand.pl\/wp-content\/uploads\/2024\/12\/logo_BB_TM_PL_black.png","width":1831,"height":1831,"caption":"Bertrand.pl"},"image":{"@id":"https:\/\/bertrand.pl\/#\/schema\/logo\/image\/"},"sameAs":["https:\/\/www.facebook.com\/bertrandpolska\/","https:\/\/www.instagram.com\/bertrand_okna_i_drzwi\/","https:\/\/www.linkedin.com\/company\/bertrand\/","https:\/\/www.tiktok.com\/@bertrand_okna_drzwi"]}]}},"_links":{"self":[{"href":"https:\/\/bertrand.pl\/fr\/wp-json\/wp\/v2\/product\/2144","targetHints":{"allow":["GET"]}}],"collection":[{"href":"https:\/\/bertrand.pl\/fr\/wp-json\/wp\/v2\/product"}],"about":[{"href":"https:\/\/bertrand.pl\/fr\/wp-json\/wp\/v2\/types\/product"}],"wp:featuredmedia":[{"embeddable":true,"href":"https:\/\/bertrand.pl\/fr\/wp-json\/wp\/v2\/media\/4999"}],"wp:attachment":[{"href":"https:\/\/bertrand.pl\/fr\/wp-json\/wp\/v2\/media?parent=2144"}],"wp:term":[{"taxonomy":"product_brand","embeddable":true,"href":"https:\/\/bertrand.pl\/fr\/wp-json\/wp\/v2\/product_brand?post=2144"},{"taxonomy":"product_cat","embeddable":true,"href":"https:\/\/bertrand.pl\/fr\/wp-json\/wp\/v2\/product_cat?post=2144"},{"taxonomy":"product_tag","embeddable":true,"href":"https:\/\/bertrand.pl\/fr\/wp-json\/wp\/v2\/product_tag?post=2144"}],"curies":[{"name":"wp","href":"https:\/\/api.w.org\/{rel}","templated":true}]}}