{"id":3170,"date":"2024-02-06T13:54:12","date_gmt":"2024-02-06T12:54:12","guid":{"rendered":"https:\/\/bertrand.pl\/?post_type=product&#038;p=3170"},"modified":"2025-08-06T14:50:25","modified_gmt":"2025-08-06T12:50:25","slug":"contour-avec-couvercle-en-aluminium","status":"publish","type":"product","link":"https:\/\/bertrand.pl\/fr\/produkt\/kontur-z-nakladka-aluminiowa\/","title":{"rendered":"KONTUR avec rev\u00eatement en aluminium"},"content":{"rendered":"<h4 data-pm-slice=\"1 1 []\"><strong>Syst\u00e8me Kontur \u2013 une combinaison de modernit\u00e9 et de fonctionnalit\u00e9<\/strong><\/h4>\n<p>&nbsp;<\/p>\n<h4><strong>Conception innovante<\/strong><\/h4>\n<p>&nbsp;<\/p>\n<p>Le syst\u00e8me Kontur avec rev\u00eatement est une solution moderne qui maximise le potentiel des rev\u00eatements en aluminium. Gr\u00e2ce \u00e0 cela, les concepteurs b\u00e9n\u00e9ficient de possibilit\u00e9s cr\u00e9atives presque illimit\u00e9es. Un \u00e9l\u00e9ment unique du syst\u00e8me est le profil d&#039;aile \u00e0 hauteur r\u00e9duite, con\u00e7u sp\u00e9cifiquement pour les superpositions en aluminium. Cette solution allie esth\u00e9tique et fonctionnalit\u00e9, ce qui la distingue sur le march\u00e9.<\/p>\n<p>&nbsp;<\/p>\n<h4><strong>Look moderne et durabilit\u00e9<\/strong><\/h4>\n<p>&nbsp;<\/p>\n<p>La finition ext\u00e9rieure en aluminium s&#039;int\u00e8gre parfaitement dans les tendances architecturales contemporaines. Les contours clairs conf\u00e8rent aux fen\u00eatres un caract\u00e8re \u00e9l\u00e9gant et moderne. L&#039;aluminium ne met pas seulement l&#039;accent sur l&#039;esth\u00e9tique, mais garantit \u00e9galement une haute r\u00e9sistance aux conditions m\u00e9t\u00e9orologiques difficiles. Gr\u00e2ce \u00e0 cela, les fen\u00eatres du syst\u00e8me Kontur sont durables et fiables pendant de nombreuses ann\u00e9es, r\u00e9pondant aux attentes des utilisateurs les plus exigeants.<\/p>\n<p>&nbsp;<\/p>\n<h4><strong>Personnalisation des couleurs<\/strong><\/h4>\n<p>&nbsp;<\/p>\n<p>Le syst\u00e8me Kontur propose une large gamme de couleurs de la palette RAL et des nuances m\u00e9talliques de l&#039;aluminium. Cette vari\u00e9t\u00e9 permet une personnalisation compl\u00e8te de l&#039;apparence des fen\u00eatres. Les designs minimalistes et expressifs peuvent \u00eatre parfaitement adapt\u00e9s aux pr\u00e9f\u00e9rences individuelles des utilisateurs. Choisir la bonne couleur vous permet de mettre en \u0153uvre m\u00eame les concepts les plus exigeants.<\/p>\n<p>&nbsp;<\/p>\n<h4><strong>Avantages de choisir le syst\u00e8me Kontur<\/strong><\/h4>\n<p>&nbsp;<\/p>\n<p>Une autre caract\u00e9ristique distinctive du KONTUR avec un couvercle en aluminium est la s\u00e9curit\u00e9, obtenue gr\u00e2ce au joint en PVC dur. On sait depuis longtemps que les fen\u00eatres, portes de balcons et terrasses constituent un point faible dans le cadre de la protection anti-effraction. Le contour est une excellente r\u00e9ponse \u00e0 ce besoin, car l&#039;ailette anti-effraction en PVC dur sur le cadre rend impossible le d\u00e9s\u00e9quilibre de l&#039;ouvrant en ins\u00e9rant un tournevis entre le cadre et l&#039;ouvrant, et des renforts suppl\u00e9mentaires de la structure du profil\u00e9 soutiennent le concept global anti-effraction.<\/p>\n<p>&nbsp;<\/p>\n<p>En choisissant le syst\u00e8me Kontur, vous b\u00e9n\u00e9ficiez non seulement de fen\u00eatres esth\u00e9tiques, mais \u00e9galement de leur fonctionnalit\u00e9 unique. La combinaison d&#039;un design moderne avec durabilit\u00e9 et r\u00e9sistance en fait un choix id\u00e9al pour tous ceux qui appr\u00e9cient la qualit\u00e9 et l&#039;apparence unique. Vaut le d\u00e9tour pour plus d&#039;informations<a href=\"https:\/\/bertrand.pl\/fr\/categorie\/blog\/\"> Le blog de Bertrand<\/a> ou la cha\u00eene Bertrand Okna i Drzwi sur YouTube.<\/p>\n<p>&nbsp;<\/p>\n<figure id=\"attachment_3171\" aria-describedby=\"caption-attachment-3171\" style=\"width: 534px\" class=\"wp-caption aligncenter\"><img fetchpriority=\"high\" decoding=\"async\" class=\"wp-image-3171\" title=\"Kontur\" src=\"https:\/\/bertrand.pl\/wp-content\/uploads\/2024\/02\/Headerbild-GEALAN-KONTUR-mit-Alu-Deck_1920px-420x280.jpg\" alt=\"En choisissant le syst\u00e8me Kontur, nous gagnons non seulement en esth\u00e9tique et en durabilit\u00e9, mais aussi en fonctionnalit\u00e9.\" width=\"534\" height=\"356\" srcset=\"https:\/\/bertrand.pl\/wp-content\/uploads\/2024\/02\/Headerbild-GEALAN-KONTUR-mit-Alu-Deck_1920px-420x280.jpg 420w, https:\/\/bertrand.pl\/wp-content\/uploads\/2024\/02\/Headerbild-GEALAN-KONTUR-mit-Alu-Deck_1920px-1360x907.jpg 1360w, https:\/\/bertrand.pl\/wp-content\/uploads\/2024\/02\/Headerbild-GEALAN-KONTUR-mit-Alu-Deck_1920px-768x512.jpg 768w, https:\/\/bertrand.pl\/wp-content\/uploads\/2024\/02\/Headerbild-GEALAN-KONTUR-mit-Alu-Deck_1920px-1536x1024.jpg 1536w, https:\/\/bertrand.pl\/wp-content\/uploads\/2024\/02\/Headerbild-GEALAN-KONTUR-mit-Alu-Deck_1920px-18x12.jpg 18w, https:\/\/bertrand.pl\/wp-content\/uploads\/2024\/02\/Headerbild-GEALAN-KONTUR-mit-Alu-Deck_1920px-600x400.jpg 600w, https:\/\/bertrand.pl\/wp-content\/uploads\/2024\/02\/Headerbild-GEALAN-KONTUR-mit-Alu-Deck_1920px.jpg 1920w\" sizes=\"(max-width: 534px) 100vw, 534px\" \/><figcaption id=\"caption-attachment-3171\" class=\"wp-caption-text\">Fen\u00eatre dans le syst\u00e8me Kontur<\/figcaption><\/figure>\n<p>&nbsp;<\/p>\n<p>La finition moderne en aluminium de l&#039;ext\u00e9rieur souligne les tendances et les contours clairs des fen\u00eatres, tout en assurant non seulement l&#039;\u00e9l\u00e9gance, mais aussi la r\u00e9sistance aux conditions m\u00e9t\u00e9orologiques.<\/p>\n<p>&nbsp;<\/p>\n<figure id=\"attachment_3173\" aria-describedby=\"caption-attachment-3173\" style=\"width: 506px\" class=\"wp-caption aligncenter\"><img decoding=\"async\" class=\"wp-image-3173\" src=\"https:\/\/bertrand.pl\/wp-content\/uploads\/2024\/02\/1-420x280.jpg\" alt=\"Les contours clairs des fen\u00eatres leur conf\u00e8rent un aspect \u00e9l\u00e9gant et moderne. \" width=\"506\" height=\"337\" srcset=\"https:\/\/bertrand.pl\/wp-content\/uploads\/2024\/02\/1-420x280.jpg 420w, https:\/\/bertrand.pl\/wp-content\/uploads\/2024\/02\/1-768x512.jpg 768w, https:\/\/bertrand.pl\/wp-content\/uploads\/2024\/02\/1-18x12.jpg 18w, https:\/\/bertrand.pl\/wp-content\/uploads\/2024\/02\/1-600x400.jpg 600w, https:\/\/bertrand.pl\/wp-content\/uploads\/2024\/02\/1.jpg 1200w\" sizes=\"(max-width: 506px) 100vw, 506px\" \/><figcaption id=\"caption-attachment-3173\" class=\"wp-caption-text\">Fen\u00eatre dans le syst\u00e8me Kontur<\/figcaption><\/figure>\n<p>&nbsp;<\/p>\n<p>Une riche palette de couleurs RAL et des nuances m\u00e9talliques d&#039;aluminium vous permettent d&#039;adapter la finition \u00e0 vos pr\u00e9f\u00e9rences esth\u00e9tiques individuelles.<\/p>\n<p>&nbsp;<\/p>\n<figure id=\"attachment_3172\" aria-describedby=\"caption-attachment-3172\" style=\"width: 420px\" class=\"wp-caption aligncenter\"><img decoding=\"async\" class=\"wp-image-3172 size-medium\" src=\"https:\/\/bertrand.pl\/wp-content\/uploads\/2024\/02\/gealan-kontur-vorsatzschalen-420x294.jpg\" alt=\"Une riche palette de couleurs RAL et des nuances m\u00e9talliques d&#039;aluminium vous permettent d&#039;adapter la finition \u00e0 vos pr\u00e9f\u00e9rences esth\u00e9tiques individuelles.\" width=\"420\" height=\"294\" srcset=\"https:\/\/bertrand.pl\/wp-content\/uploads\/2024\/02\/gealan-kontur-vorsatzschalen-420x294.jpg 420w, https:\/\/bertrand.pl\/wp-content\/uploads\/2024\/02\/gealan-kontur-vorsatzschalen-768x538.jpg 768w, https:\/\/bertrand.pl\/wp-content\/uploads\/2024\/02\/gealan-kontur-vorsatzschalen-18x12.jpg 18w, https:\/\/bertrand.pl\/wp-content\/uploads\/2024\/02\/gealan-kontur-vorsatzschalen-600x421.jpg 600w, https:\/\/bertrand.pl\/wp-content\/uploads\/2024\/02\/gealan-kontur-vorsatzschalen.jpg 1000w\" sizes=\"(max-width: 420px) 100vw, 420px\" \/><figcaption id=\"caption-attachment-3172\" class=\"wp-caption-text\">Couleur<\/figcaption><\/figure>\n<h4><strong>VOIR AUSSI :<\/strong><\/h4>\n<h3><\/h3>\n<h4><strong><a href=\"https:\/\/bertrand.pl\/fr\/couleur\/\">Couleurs des fen\u00eatres et des portes<\/a><\/strong><\/h4>","protected":false},"excerpt":{"rendered":"<p><strong>Pour des exigences particuli\u00e8res \u2013 finition en aluminium durable<\/strong><\/p>\n<p>La version du syst\u00e8me Kontur avec option de recouvrement en aluminium est une solution extr\u00eamement durable, \u00e9l\u00e9gante et efficace. Un profil d&#039;aile sp\u00e9cialement con\u00e7u avec une hauteur r\u00e9duite, d\u00e9di\u00e9 exclusivement \u00e0 la fixation de rev\u00eatements en aluminium, est une caract\u00e9ristique unique de ce syst\u00e8me, gr\u00e2ce \u00e0 laquelle des conceptions vraiment uniques sont possibles.<\/p>","protected":false},"featured_media":3167,"template":"","meta":{"site-sidebar-layout":"default","site-content-layout":"","ast-site-content-layout":"default","site-content-style":"default","site-sidebar-style":"default","ast-global-header-display":"","ast-banner-title-visibility":"","ast-main-header-display":"","ast-hfb-above-header-display":"","ast-hfb-below-header-display":"","ast-hfb-mobile-header-display":"","site-post-title":"","ast-breadcrumbs-content":"","ast-featured-img":"","footer-sml-layout":"","ast-disable-related-posts":"","theme-transparent-header-meta":"default","adv-header-id-meta":"","stick-header-meta":"","header-above-stick-meta":"","header-main-stick-meta":"","header-below-stick-meta":"","astra-migrate-meta-layouts":"set","ast-page-background-enabled":"default","ast-page-background-meta":{"desktop":{"background-color":"var(--ast-global-color-4)","background-image":"","background-repeat":"repeat","background-position":"center center","background-size":"auto","background-attachment":"scroll","background-type":"","background-media":"","overlay-type":"","overlay-color":"","overlay-opacity":"","overlay-gradient":""},"tablet":{"background-color":"","background-image":"","background-repeat":"repeat","background-position":"center center","background-size":"auto","background-attachment":"scroll","background-type":"","background-media":"","overlay-type":"","overlay-color":"","overlay-opacity":"","overlay-gradient":""},"mobile":{"background-color":"","background-image":"","background-repeat":"repeat","background-position":"center center","background-size":"auto","background-attachment":"scroll","background-type":"","background-media":"","overlay-type":"","overlay-color":"","overlay-opacity":"","overlay-gradient":""}},"ast-content-background-meta":{"desktop":{"background-color":"var(--ast-global-color-5)","background-image":"","background-repeat":"repeat","background-position":"center center","background-size":"auto","background-attachment":"scroll","background-type":"","background-media":"","overlay-type":"","overlay-color":"","overlay-opacity":"","overlay-gradient":""},"tablet":{"background-color":"var(--ast-global-color-5)","background-image":"","background-repeat":"repeat","background-position":"center center","background-size":"auto","background-attachment":"scroll","background-type":"","background-media":"","overlay-type":"","overlay-color":"","overlay-opacity":"","overlay-gradient":""},"mobile":{"background-color":"var(--ast-global-color-5)","background-image":"","background-repeat":"repeat","background-position":"center center","background-size":"auto","background-attachment":"scroll","background-type":"","background-media":"","overlay-type":"","overlay-color":"","overlay-opacity":"","overlay-gradient":""}}},"product_brand":[],"product_cat":[25],"product_tag":[193,1316,311,352,344,603,1318,353,1311,1317,1315,812,174,194,308,1312,350,315,324,312,351,169,314,1313,1314,309,348],"class_list":{"0":"post-3170","1":"product","2":"type-product","3":"status-publish","4":"has-post-thumbnail","6":"product_cat-okna-pvc-aluminiowe","7":"product_tag-aluminium","8":"product_tag-bogata-paleta-kolorow-ral","9":"product_tag-dobre-wlasciwosci-termiczne","10":"product_tag-dobreokna","11":"product_tag-duze-okna","12":"product_tag-elegancki-design","13":"product_tag-indywidualne-preferencje-estetyczne","14":"product_tag-kontur","15":"product_tag-kontur-z-nakladka-aluminiowa","16":"product_tag-metaliczne-odcienie-aluminium","17":"product_tag-nowoczesne-wykonczenie","18":"product_tag-odpornosc-na-warunki-atmosferyczne","19":"product_tag-okna","20":"product_tag-okna-aluminiowe","21":"product_tag-okna-pvc","22":"product_tag-okna-pvc-aluminiowe","23":"product_tag-oknabertrand","24":"product_tag-okno-aluminiowe","25":"product_tag-okno-dla-domu","26":"product_tag-okno-dla-twojego-domu","27":"product_tag-oknobertrand","28":"product_tag-produkt","29":"product_tag-profil-okienny","30":"product_tag-trwale-wykonczenie-aluminiowe","31":"product_tag-unikalne-projekty","32":"product_tag-upvc","33":"product_tag-windows","34":"desktop-align-left","35":"tablet-align-left","36":"mobile-align-left","38":"first","39":"instock","40":"shipping-taxable","41":"product-type-simple"},"yoast_head":"<!-- This site is optimized with the Yoast SEO Premium plugin v27.2 (Yoast SEO v27.2) - https:\/\/yoast.com\/product\/yoast-seo-premium-wordpress\/ -->\n<title>KONTUR z nak\u0142adk\u0105 aluminiow\u0105 - Bertrand. Najwy\u017cszej jako\u015bci okna i drzwi. Certyfikowany producent od 1969 roku.<\/title>\n<meta name=\"description\" content=\"System Kontur z nak\u0142adk\u0105 to innowacyjne rozwi\u0105zanie, kt\u00f3re optymalnie wykorzystuje nak\u0142adki aluminiowe. Umo\u017cliwia to nieograniczone mo\u017cliwo\u015bci projektowe.\" \/>\n<meta name=\"robots\" content=\"index, follow, max-snippet:-1, max-image-preview:large, max-video-preview:-1\" \/>\n<link rel=\"canonical\" href=\"https:\/\/bertrand.pl\/fr\/produit\/contour-avec-couvercle-en-aluminium\/\" \/>\n<meta property=\"og:locale\" content=\"fr_FR\" \/>\n<meta property=\"og:type\" content=\"article\" \/>\n<meta property=\"og:title\" content=\"KONTUR z nak\u0142adk\u0105 aluminiow\u0105\" \/>\n<meta property=\"og:description\" content=\"System Kontur z nak\u0142adk\u0105 to innowacyjne rozwi\u0105zanie, kt\u00f3re optymalnie wykorzystuje nak\u0142adki aluminiowe. Umo\u017cliwia to nieograniczone mo\u017cliwo\u015bci projektowe.\" \/>\n<meta property=\"og:url\" content=\"https:\/\/bertrand.pl\/fr\/produit\/contour-avec-couvercle-en-aluminium\/\" \/>\n<meta property=\"og:site_name\" content=\"Bertrand. Najwy\u017cszej jako\u015bci okna i drzwi. Certyfikowany producent od 1969 roku.\" \/>\n<meta property=\"article:publisher\" content=\"https:\/\/www.facebook.com\/bertrandpolska\/\" \/>\n<meta property=\"article:modified_time\" content=\"2025-08-06T12:50:25+00:00\" \/>\n<meta property=\"og:image\" content=\"https:\/\/bertrand.pl\/wp-content\/uploads\/2024\/02\/gealan-kontur-aluschale-ecke.png\" \/>\n\t<meta property=\"og:image:width\" content=\"800\" \/>\n\t<meta property=\"og:image:height\" content=\"800\" \/>\n\t<meta property=\"og:image:type\" content=\"image\/png\" \/>\n<meta name=\"twitter:card\" content=\"summary_large_image\" \/>\n<meta name=\"twitter:label1\" content=\"Dur\u00e9e de lecture estim\u00e9e\" \/>\n\t<meta name=\"twitter:data1\" content=\"3 minutes\" \/>\n<script type=\"application\/ld+json\" class=\"yoast-schema-graph\">{\"@context\":\"https:\/\/schema.org\",\"@graph\":[{\"@type\":\"WebPage\",\"@id\":\"https:\/\/bertrand.pl\/produkt\/kontur-z-nakladka-aluminiowa\/\",\"url\":\"https:\/\/bertrand.pl\/produkt\/kontur-z-nakladka-aluminiowa\/\",\"name\":\"KONTUR z nak\u0142adk\u0105 aluminiow\u0105 - Bertrand. Najwy\u017cszej jako\u015bci okna i drzwi. Certyfikowany producent od 1969 roku.\",\"isPartOf\":{\"@id\":\"https:\/\/bertrand.pl\/#website\"},\"primaryImageOfPage\":{\"@id\":\"https:\/\/bertrand.pl\/produkt\/kontur-z-nakladka-aluminiowa\/#primaryimage\"},\"image\":{\"@id\":\"https:\/\/bertrand.pl\/produkt\/kontur-z-nakladka-aluminiowa\/#primaryimage\"},\"thumbnailUrl\":\"https:\/\/bertrand.pl\/wp-content\/uploads\/2024\/02\/gealan-kontur-aluschale-ecke.png\",\"datePublished\":\"2024-02-06T12:54:12+00:00\",\"dateModified\":\"2025-08-06T12:50:25+00:00\",\"description\":\"System Kontur z nak\u0142adk\u0105 to innowacyjne rozwi\u0105zanie, kt\u00f3re optymalnie wykorzystuje nak\u0142adki aluminiowe. Umo\u017cliwia to nieograniczone mo\u017cliwo\u015bci projektowe.\",\"breadcrumb\":{\"@id\":\"https:\/\/bertrand.pl\/produkt\/kontur-z-nakladka-aluminiowa\/#breadcrumb\"},\"inLanguage\":\"fr-FR\",\"potentialAction\":[{\"@type\":\"ReadAction\",\"target\":[\"https:\/\/bertrand.pl\/produkt\/kontur-z-nakladka-aluminiowa\/\"]}]},{\"@type\":\"ImageObject\",\"inLanguage\":\"fr-FR\",\"@id\":\"https:\/\/bertrand.pl\/produkt\/kontur-z-nakladka-aluminiowa\/#primaryimage\",\"url\":\"https:\/\/bertrand.pl\/wp-content\/uploads\/2024\/02\/gealan-kontur-aluschale-ecke.png\",\"contentUrl\":\"https:\/\/bertrand.pl\/wp-content\/uploads\/2024\/02\/gealan-kontur-aluschale-ecke.png\",\"width\":800,\"height\":800},{\"@type\":\"BreadcrumbList\",\"@id\":\"https:\/\/bertrand.pl\/produkt\/kontur-z-nakladka-aluminiowa\/#breadcrumb\",\"itemListElement\":[{\"@type\":\"ListItem\",\"position\":1,\"name\":\"Strona g\u0142\u00f3wna\",\"item\":\"https:\/\/bertrand.pl\/\"},{\"@type\":\"ListItem\",\"position\":2,\"name\":\"Produits\",\"item\":\"https:\/\/bertrand.pl\/fr\/shop\/\"},{\"@type\":\"ListItem\",\"position\":3,\"name\":\"KONTUR z nak\u0142adk\u0105 aluminiow\u0105\"}]},{\"@type\":\"WebSite\",\"@id\":\"https:\/\/bertrand.pl\/#website\",\"url\":\"https:\/\/bertrand.pl\/\",\"name\":\"Bertrand.pl\",\"description\":\"Firma Bertrand to certyfikowany i uznany producent najwy\u017cszej jako\u015bci okien z PVC, z drewna lub aluminium. Produkcja drzwi, rolet i bram gara\u017cowych.\",\"publisher\":{\"@id\":\"https:\/\/bertrand.pl\/#organization\"},\"potentialAction\":[{\"@type\":\"SearchAction\",\"target\":{\"@type\":\"EntryPoint\",\"urlTemplate\":\"https:\/\/bertrand.pl\/?s={search_term_string}\"},\"query-input\":{\"@type\":\"PropertyValueSpecification\",\"valueRequired\":true,\"valueName\":\"search_term_string\"}}],\"inLanguage\":\"fr-FR\"},{\"@type\":\"Organization\",\"@id\":\"https:\/\/bertrand.pl\/#organization\",\"name\":\"Bertrand.pl\",\"url\":\"https:\/\/bertrand.pl\/\",\"logo\":{\"@type\":\"ImageObject\",\"inLanguage\":\"fr-FR\",\"@id\":\"https:\/\/bertrand.pl\/#\/schema\/logo\/image\/\",\"url\":\"https:\/\/bertrand.pl\/wp-content\/uploads\/2024\/12\/logo_BB_TM_PL_black.png\",\"contentUrl\":\"https:\/\/bertrand.pl\/wp-content\/uploads\/2024\/12\/logo_BB_TM_PL_black.png\",\"width\":1831,\"height\":1831,\"caption\":\"Bertrand.pl\"},\"image\":{\"@id\":\"https:\/\/bertrand.pl\/#\/schema\/logo\/image\/\"},\"sameAs\":[\"https:\/\/www.facebook.com\/bertrandpolska\/\",\"https:\/\/www.instagram.com\/bertrand_okna_i_drzwi\/\",\"https:\/\/www.linkedin.com\/company\/bertrand\/\",\"https:\/\/www.tiktok.com\/@bertrand_okna_drzwi\"]}]}<\/script>\n<!-- \/ Yoast SEO Premium plugin. -->","yoast_head_json":{"title":"KONTUR z nak\u0142adk\u0105 aluminiow\u0105 - Bertrand. Najwy\u017cszej jako\u015bci okna i drzwi. Certyfikowany producent od 1969 roku.","description":"Le syst\u00e8me Kontur avec overlay est une solution innovante qui utilise de mani\u00e8re optimale les overlays en aluminium. Cela permet des possibilit\u00e9s de conception illimit\u00e9es.","robots":{"index":"index","follow":"follow","max-snippet":"max-snippet:-1","max-image-preview":"max-image-preview:large","max-video-preview":"max-video-preview:-1"},"canonical":"https:\/\/bertrand.pl\/fr\/produit\/contour-avec-couvercle-en-aluminium\/","og_locale":"fr_FR","og_type":"article","og_title":"KONTUR z nak\u0142adk\u0105 aluminiow\u0105","og_description":"System Kontur z nak\u0142adk\u0105 to innowacyjne rozwi\u0105zanie, kt\u00f3re optymalnie wykorzystuje nak\u0142adki aluminiowe. Umo\u017cliwia to nieograniczone mo\u017cliwo\u015bci projektowe.","og_url":"https:\/\/bertrand.pl\/fr\/produit\/contour-avec-couvercle-en-aluminium\/","og_site_name":"Bertrand. Najwy\u017cszej jako\u015bci okna i drzwi. Certyfikowany producent od 1969 roku.","article_publisher":"https:\/\/www.facebook.com\/bertrandpolska\/","article_modified_time":"2025-08-06T12:50:25+00:00","og_image":[{"width":800,"height":800,"url":"https:\/\/bertrand.pl\/wp-content\/uploads\/2024\/02\/gealan-kontur-aluschale-ecke.png","type":"image\/png"}],"twitter_card":"summary_large_image","twitter_misc":{"Dur\u00e9e de lecture estim\u00e9e":"3 minutes"},"schema":{"@context":"https:\/\/schema.org","@graph":[{"@type":"WebPage","@id":"https:\/\/bertrand.pl\/produkt\/kontur-z-nakladka-aluminiowa\/","url":"https:\/\/bertrand.pl\/produkt\/kontur-z-nakladka-aluminiowa\/","name":"KONTUR z nak\u0142adk\u0105 aluminiow\u0105 - Bertrand. Najwy\u017cszej jako\u015bci okna i drzwi. Certyfikowany producent od 1969 roku.","isPartOf":{"@id":"https:\/\/bertrand.pl\/#website"},"primaryImageOfPage":{"@id":"https:\/\/bertrand.pl\/produkt\/kontur-z-nakladka-aluminiowa\/#primaryimage"},"image":{"@id":"https:\/\/bertrand.pl\/produkt\/kontur-z-nakladka-aluminiowa\/#primaryimage"},"thumbnailUrl":"https:\/\/bertrand.pl\/wp-content\/uploads\/2024\/02\/gealan-kontur-aluschale-ecke.png","datePublished":"2024-02-06T12:54:12+00:00","dateModified":"2025-08-06T12:50:25+00:00","description":"Le syst\u00e8me Kontur avec overlay est une solution innovante qui utilise de mani\u00e8re optimale les overlays en aluminium. Cela permet des possibilit\u00e9s de conception illimit\u00e9es.","breadcrumb":{"@id":"https:\/\/bertrand.pl\/produkt\/kontur-z-nakladka-aluminiowa\/#breadcrumb"},"inLanguage":"fr-FR","potentialAction":[{"@type":"ReadAction","target":["https:\/\/bertrand.pl\/produkt\/kontur-z-nakladka-aluminiowa\/"]}]},{"@type":"ImageObject","inLanguage":"fr-FR","@id":"https:\/\/bertrand.pl\/produkt\/kontur-z-nakladka-aluminiowa\/#primaryimage","url":"https:\/\/bertrand.pl\/wp-content\/uploads\/2024\/02\/gealan-kontur-aluschale-ecke.png","contentUrl":"https:\/\/bertrand.pl\/wp-content\/uploads\/2024\/02\/gealan-kontur-aluschale-ecke.png","width":800,"height":800},{"@type":"BreadcrumbList","@id":"https:\/\/bertrand.pl\/produkt\/kontur-z-nakladka-aluminiowa\/#breadcrumb","itemListElement":[{"@type":"ListItem","position":1,"name":"Strona g\u0142\u00f3wna","item":"https:\/\/bertrand.pl\/"},{"@type":"ListItem","position":2,"name":"Produits","item":"https:\/\/bertrand.pl\/fr\/shop\/"},{"@type":"ListItem","position":3,"name":"KONTUR z nak\u0142adk\u0105 aluminiow\u0105"}]},{"@type":"WebSite","@id":"https:\/\/bertrand.pl\/#website","url":"https:\/\/bertrand.pl\/","name":"Bertrand.pl","description":"Firma Bertrand to certyfikowany i uznany producent najwy\u017cszej jako\u015bci okien z PVC, z drewna lub aluminium. Produkcja drzwi, rolet i bram gara\u017cowych.","publisher":{"@id":"https:\/\/bertrand.pl\/#organization"},"potentialAction":[{"@type":"SearchAction","target":{"@type":"EntryPoint","urlTemplate":"https:\/\/bertrand.pl\/?s={search_term_string}"},"query-input":{"@type":"PropertyValueSpecification","valueRequired":true,"valueName":"search_term_string"}}],"inLanguage":"fr-FR"},{"@type":"Organization","@id":"https:\/\/bertrand.pl\/#organization","name":"Bertrand.pl","url":"https:\/\/bertrand.pl\/","logo":{"@type":"ImageObject","inLanguage":"fr-FR","@id":"https:\/\/bertrand.pl\/#\/schema\/logo\/image\/","url":"https:\/\/bertrand.pl\/wp-content\/uploads\/2024\/12\/logo_BB_TM_PL_black.png","contentUrl":"https:\/\/bertrand.pl\/wp-content\/uploads\/2024\/12\/logo_BB_TM_PL_black.png","width":1831,"height":1831,"caption":"Bertrand.pl"},"image":{"@id":"https:\/\/bertrand.pl\/#\/schema\/logo\/image\/"},"sameAs":["https:\/\/www.facebook.com\/bertrandpolska\/","https:\/\/www.instagram.com\/bertrand_okna_i_drzwi\/","https:\/\/www.linkedin.com\/company\/bertrand\/","https:\/\/www.tiktok.com\/@bertrand_okna_drzwi"]}]}},"_links":{"self":[{"href":"https:\/\/bertrand.pl\/fr\/wp-json\/wp\/v2\/product\/3170","targetHints":{"allow":["GET"]}}],"collection":[{"href":"https:\/\/bertrand.pl\/fr\/wp-json\/wp\/v2\/product"}],"about":[{"href":"https:\/\/bertrand.pl\/fr\/wp-json\/wp\/v2\/types\/product"}],"wp:featuredmedia":[{"embeddable":true,"href":"https:\/\/bertrand.pl\/fr\/wp-json\/wp\/v2\/media\/3167"}],"wp:attachment":[{"href":"https:\/\/bertrand.pl\/fr\/wp-json\/wp\/v2\/media?parent=3170"}],"wp:term":[{"taxonomy":"product_brand","embeddable":true,"href":"https:\/\/bertrand.pl\/fr\/wp-json\/wp\/v2\/product_brand?post=3170"},{"taxonomy":"product_cat","embeddable":true,"href":"https:\/\/bertrand.pl\/fr\/wp-json\/wp\/v2\/product_cat?post=3170"},{"taxonomy":"product_tag","embeddable":true,"href":"https:\/\/bertrand.pl\/fr\/wp-json\/wp\/v2\/product_tag?post=3170"}],"curies":[{"name":"wp","href":"https:\/\/api.w.org\/{rel}","templated":true}]}}