{"id":3281,"date":"2024-02-20T10:51:29","date_gmt":"2024-02-20T09:51:29","guid":{"rendered":"https:\/\/bertrand.pl\/?post_type=product&#038;p=3281"},"modified":"2024-12-13T14:35:16","modified_gmt":"2024-12-13T13:35:16","slug":"stores-moustiquaires","status":"publish","type":"product","link":"https:\/\/bertrand.pl\/fr\/produkt\/rolety-screen\/","title":{"rendered":"Stores moustiquaires"},"content":{"rendered":"<p data-pm-slice=\"1 1 []\">Les stores screen sont une solution innovante qui prot\u00e8ge efficacement les int\u00e9rieurs contre une exposition excessive \u00e0 la lumi\u00e8re et une \u00e9l\u00e9vation de la temp\u00e9rature. Lorsque les rayons du soleil atteignent la surface du store, une partie est r\u00e9fl\u00e9chie, tandis que le reste est absorb\u00e9 et dissip\u00e9. Gr\u00e2ce \u00e0 ce mat\u00e9riau, il est possible de minimiser la p\u00e9n\u00e9tration de la lumi\u00e8re \u00e9blouissante et des rayons UV, ce qui r\u00e9duit la temp\u00e9rature int\u00e9rieure de plusieurs degr\u00e9s.<\/p>\n<p data-pm-slice=\"1 1 []\">Les stores screen sont fabriqu\u00e9s en fibre de verre durable recouverte de PVC, garantissant leur long\u00e9vit\u00e9 et leur r\u00e9sistance aux facteurs externes. Le syst\u00e8me de stores comprend des caissons et des guides mont\u00e9s \u00e0 l'ext\u00e9rieur des b\u00e2timents. Nous proposons :<\/p>\n<ul data-spread=\"false\">\n<li class=\"translation-block\"><strong>Bo\u00eetes encastr\u00e9es<\/strong> disponibles en deux tailles : 105 mm et 125 mm.<\/li>\n<li class=\"translation-block\"><strong>Bo\u00eetes adaptatives (visibles)<\/strong> disponibles en trois tailles : 95 mm, 105 mm et 125 mm.<\/li>\n<\/ul>\n<p>Variantes de bo\u00eetes :<\/p>\n<ul data-spread=\"false\">\n<li class=\"translation-block\"><strong>Carr\u00e9<\/strong> (\u00e0 un angle de 90\u00b0).<\/li>\n<li class=\"translation-block\"><strong>Avec une face courb\u00e9e<\/strong> (\u00e0 un angle de 45\u00b0).<\/li>\n<li><strong>Ovale<\/strong>.<\/li>\n<\/ul>\n<p>La bo\u00eete encastr\u00e9e permet de dissimuler plus de la moiti\u00e9 du guide dans le mur, ce qui am\u00e9liore \u00e0 la fois la fonctionnalit\u00e9 et l'esth\u00e9tique. Ainsi, les stores screen s'int\u00e8grent parfaitement \u00e0 la fa\u00e7ade du b\u00e2timent.<\/p>\n<p>&nbsp;<\/p>\n<h3>Dimensions et options de construction<\/h3>\n<p>&nbsp;<\/p>\n<p>Les stores screen peuvent atteindre des dimensions maximales de 6 m de largeur et 5 m de hauteur, avec une surface totale allant jusqu'\u00e0 18 m\u00b2. Pour des solutions plus grandes, il est possible de diviser le store et d'utiliser des poteaux sp\u00e9ciaux, offrant ainsi une flexibilit\u00e9 de conception.<\/p>\n<p>&nbsp;<\/p>\n<figure id=\"attachment_3285\" aria-describedby=\"caption-attachment-3285\" style=\"width: 420px\" class=\"wp-caption aligncenter\"><img fetchpriority=\"high\" decoding=\"async\" class=\"wp-image-3285 size-medium\" src=\"https:\/\/bertrand.pl\/wp-content\/uploads\/2024\/02\/l_4831-420x308.jpg\" alt=\"Les stores enrouleurs screen sont une solution fonctionnelle et esth\u00e9tique qui prot\u00e8ge non seulement les int\u00e9rieurs contre la lumi\u00e8re et la chaleur excessives. \" width=\"420\" height=\"308\" srcset=\"https:\/\/bertrand.pl\/wp-content\/uploads\/2024\/02\/l_4831-420x308.jpg 420w, https:\/\/bertrand.pl\/wp-content\/uploads\/2024\/02\/l_4831-768x564.jpg 768w, https:\/\/bertrand.pl\/wp-content\/uploads\/2024\/02\/l_4831-16x12.jpg 16w, https:\/\/bertrand.pl\/wp-content\/uploads\/2024\/02\/l_4831-600x440.jpg 600w, https:\/\/bertrand.pl\/wp-content\/uploads\/2024\/02\/l_4831.jpg 800w\" sizes=\"(max-width: 420px) 100vw, 420px\" \/><figcaption id=\"caption-attachment-3285\" class=\"wp-caption-text\">Stores moustiquaires<\/figcaption><\/figure>\n<h3 data-pm-slice=\"1 1 []\">Contr\u00f4le avanc\u00e9<\/h3>\n<p>&nbsp;<\/p>\n<p>e contr\u00f4le des stores screen peut \u00eatre adapt\u00e9 aux besoins de l'utilisateur. Selon le type de moteur, les options disponibles incluent :<\/p>\n<ul data-spread=\"false\">\n<li><strong>Bouton mural.<\/strong>.<\/li>\n<li class=\"translation-block\">Contr\u00f4le sans fil (Bluetooth, Wi-Fi).<\/li>\n<li class=\"translation-block\">Un panneau solaire qui recharge automatiquement le m\u00e9canisme, \u00e9liminant ainsi le besoin de composants suppl\u00e9mentaires.<\/li>\n<\/ul>\n<p>De plus, l'utilisation d'un syst\u00e8me de fermeture \u00e9clair dans les guides am\u00e9liore l'\u00e9tanch\u00e9it\u00e9 et la r\u00e9sistance du syst\u00e8me aux facteurs externes.<\/p>\n<p>&nbsp;<\/p>\n<h3>Trois variantes de transparence<\/h3>\n<p>&nbsp;<\/p>\n<p>Les stores screen sont disponibles en trois variantes de transparence :<\/p>\n<ul data-spread=\"false\">\n<li class=\"translation-block\">Basique (1 %, 3 %, 5 %, 10 %) \u2013 garantit la visibilit\u00e9 tout en r\u00e9duisant l'exposition \u00e0 la lumi\u00e8re.<\/li>\n<li class=\"translation-block\">Lunar (0 %) \u2013 garantit une obscurit\u00e9 totale des pi\u00e8ces.<\/li>\n<li class=\"translation-block\">Solar (3 %) \u2013 prot\u00e8ge de la lumi\u00e8re tout en permettant l'\u00e9vacuation de l'humidit\u00e9.<\/li>\n<\/ul>\n<p>Les variantes Lunar et Solar sont id\u00e9ales pour les pi\u00e8ces n\u00e9cessitant une obscurit\u00e9 totale.<\/p>\n<p>&nbsp;<\/p>\n<h3>Entretien et service faciles<\/h3>\n<p>&nbsp;<\/p>\n<p>Les stores screen se distinguent par leur facilit\u00e9 d'installation, de d\u00e9montage et d'entretien. Pour le nettoyage, une brosse douce ou une \u00e9ponge et de l'eau propre suffisent. Pour les taches tenaces, il est possible d'utiliser du savon sans huiles essentielles, dissous dans de l'eau \u00e0 une temp\u00e9rature de 20 \u00e0 40\u00b0C. Il est recommand\u00e9 de nettoyer le tissu lorsqu'il est tendu et compl\u00e8tement abaiss\u00e9, puis de le laisser s\u00e9cher \u00e0 l'air libre.<\/p>\n<p>&nbsp;<\/p>\n<h3>Une riche palette de couleurs<\/h3>\n<p>&nbsp;<\/p>\n<p>Le mat\u00e9riau des stores, les bo\u00eetes et les guides sont disponibles dans une large gamme de couleurs RAL, permettant un ajustement parfait \u00e0 la fa\u00e7ade du b\u00e2timent. De plus, il est possible de choisir des couleurs de tissu diff\u00e9rentes pour chaque c\u00f4t\u00e9 du store.<\/p>\n<h4>En r\u00e9sum\u00e9, les stores screen sont une solution fonctionnelle et esth\u00e9tique qui prot\u00e8ge non seulement les int\u00e9rieurs de la lumi\u00e8re et de la chaleur excessives, mais am\u00e9liore \u00e9galement le confort d'utilisation des b\u00e2timents. N'h\u00e9sitez pas \u00e0 nous contacter pour choisir le meilleur syst\u00e8me pour votre maison ou bureau !<\/h4>\n<p><strong>VOIR AUSSI :<\/strong><\/p>\n<p>&nbsp;<\/p>\n<p><a href=\"https:\/\/bertrand.pl\/fr\/produit\/stores-enrouleurs-invisibles-systemes-sp-et-sp-e\/\">Stores enrouleurs encastr\u00e9s \u2013 Syst\u00e8mes SP et SP-E \u2013 Bertrand.pl<\/a><\/p>\n<p><a href=\"https:\/\/www.youtube.com\/watch?v=EgW3vu6V69U\">Maison moderne au bord de l&#039;\u00e9tang - Bertrand designs - YouTube<\/a><\/p>","protected":false},"excerpt":{"rendered":"<p>Une solution fonctionnelle et esth\u00e9tique qui \u00e9vite une exposition excessive \u00e0 la lumi\u00e8re et au chauffage des pi\u00e8ces. Disponible en plusieurs variantes de montage, de fonctionnement, de transparence du mat\u00e9riau et de couleur selon les pr\u00e9f\u00e9rences individuelles.<\/p>","protected":false},"featured_media":3284,"template":"","meta":{"site-sidebar-layout":"default","site-content-layout":"","ast-site-content-layout":"default","site-content-style":"default","site-sidebar-style":"default","ast-global-header-display":"","ast-banner-title-visibility":"","ast-main-header-display":"","ast-hfb-above-header-display":"","ast-hfb-below-header-display":"","ast-hfb-mobile-header-display":"","site-post-title":"","ast-breadcrumbs-content":"","ast-featured-img":"","footer-sml-layout":"","ast-disable-related-posts":"","theme-transparent-header-meta":"default","adv-header-id-meta":"","stick-header-meta":"","header-above-stick-meta":"","header-main-stick-meta":"","header-below-stick-meta":"","astra-migrate-meta-layouts":"set","ast-page-background-enabled":"default","ast-page-background-meta":{"desktop":{"background-color":"var(--ast-global-color-4)","background-image":"","background-repeat":"repeat","background-position":"center center","background-size":"auto","background-attachment":"scroll","background-type":"","background-media":"","overlay-type":"","overlay-color":"","overlay-opacity":"","overlay-gradient":""},"tablet":{"background-color":"","background-image":"","background-repeat":"repeat","background-position":"center center","background-size":"auto","background-attachment":"scroll","background-type":"","background-media":"","overlay-type":"","overlay-color":"","overlay-opacity":"","overlay-gradient":""},"mobile":{"background-color":"","background-image":"","background-repeat":"repeat","background-position":"center center","background-size":"auto","background-attachment":"scroll","background-type":"","background-media":"","overlay-type":"","overlay-color":"","overlay-opacity":"","overlay-gradient":""}},"ast-content-background-meta":{"desktop":{"background-color":"var(--ast-global-color-5)","background-image":"","background-repeat":"repeat","background-position":"center center","background-size":"auto","background-attachment":"scroll","background-type":"","background-media":"","overlay-type":"","overlay-color":"","overlay-opacity":"","overlay-gradient":""},"tablet":{"background-color":"var(--ast-global-color-5)","background-image":"","background-repeat":"repeat","background-position":"center center","background-size":"auto","background-attachment":"scroll","background-type":"","background-media":"","overlay-type":"","overlay-color":"","overlay-opacity":"","overlay-gradient":""},"mobile":{"background-color":"var(--ast-global-color-5)","background-image":"","background-repeat":"repeat","background-position":"center center","background-size":"auto","background-attachment":"scroll","background-type":"","background-media":"","overlay-type":"","overlay-color":"","overlay-opacity":"","overlay-gradient":""}}},"product_brand":[],"product_cat":[21],"product_tag":[168,1297,661,662,737,1290,1306,1305,1293,1283,1310,1282,1309,1301,1304,1292,742,1299,1303,1294,1287,169,1284,1285,1302,170,173,171,172,1308,1289,1288,1291,1296,1295,390,1307,1298,1286,1300],"class_list":{"0":"post-3281","1":"product","2":"type-product","3":"status-publish","4":"has-post-thumbnail","6":"product_cat-rolety-zewnetrzne","7":"product_tag-bertrand","8":"product_tag-bluetooth","9":"product_tag-estetyka","10":"product_tag-funkcjonalnosc","11":"product_tag-komfort-uzytkowania","12":"product_tag-kwadratowe-skrzynki","13":"product_tag-latwa-konserwacja","14":"product_tag-latwy-montaz","15":"product_tag-maksymalne-wymiary-rolet","16":"product_tag-obnizenie-temperatury","17":"product_tag-ochrona-przed-cieplem","18":"product_tag-ochrona-przed-naswietlaniem","19":"product_tag-ochrona-przed-swiatlem","20":"product_tag-odpornosc-na-czynniki-zewnetrzne","21":"product_tag-odprowadzanie-wilgoci","22":"product_tag-owalne-skrzynki","23":"product_tag-paleta-ral","24":"product_tag-panel-sloneczny","25":"product_tag-pelne-zaciemnienie","26":"product_tag-podzial-rolet","27":"product_tag-powloka-pvc","28":"product_tag-produkt","29":"product_tag-promienie-sloneczne","30":"product_tag-promienie-uv","31":"product_tag-przeziernosc","32":"product_tag-rolety","33":"product_tag-rolety-bertrand","34":"product_tag-rolety-screen","35":"product_tag-rolety-zewnetrzne","36":"product_tag-rozne-kolory-tkaniny","37":"product_tag-skrzynki-adaptacyjne","38":"product_tag-skrzynki-podtynkowe","39":"product_tag-skrzynki-z-gietym-czolem","40":"product_tag-sterowanie-bezprzewodowe","41":"product_tag-sterowanie-przyciskiem","42":"product_tag-szczelnosc","43":"product_tag-szeroka-gama-kolorow","44":"product_tag-wi-fi","45":"product_tag-wlokno-szklane","46":"product_tag-zamek-blyskawiczny","47":"desktop-align-left","48":"tablet-align-left","49":"mobile-align-left","51":"first","52":"instock","53":"shipping-taxable","54":"product-type-simple"},"yoast_head":"<!-- This site is optimized with the Yoast SEO Premium plugin v27.2 (Yoast SEO v27.2) - https:\/\/yoast.com\/product\/yoast-seo-premium-wordpress\/ -->\n<title>Rolety screen - Bertrand. Najwy\u017cszej jako\u015bci okna i drzwi. Certyfikowany producent od 1969 roku.<\/title>\n<meta name=\"description\" content=\"Rolety screen to funkcjonalne i estetyczne rozwi\u0105zanie, kt\u00f3re chroni wn\u0119trza przed nadmiernym \u015bwiat\u0142em i ciep\u0142em, podnosi te\u017c komfort u\u017cytkowania budynk\u00f3w.\" \/>\n<meta name=\"robots\" content=\"index, follow, max-snippet:-1, max-image-preview:large, max-video-preview:-1\" \/>\n<link rel=\"canonical\" href=\"https:\/\/bertrand.pl\/fr\/produit\/stores-moustiquaires\/\" \/>\n<meta property=\"og:locale\" content=\"fr_FR\" \/>\n<meta property=\"og:type\" content=\"article\" \/>\n<meta property=\"og:title\" content=\"Rolety screen\" \/>\n<meta property=\"og:description\" content=\"Rolety screen to funkcjonalne i estetyczne rozwi\u0105zanie, kt\u00f3re chroni wn\u0119trza przed nadmiernym \u015bwiat\u0142em i ciep\u0142em, podnosi te\u017c komfort u\u017cytkowania budynk\u00f3w.\" \/>\n<meta property=\"og:url\" content=\"https:\/\/bertrand.pl\/fr\/produit\/stores-moustiquaires\/\" \/>\n<meta property=\"og:site_name\" content=\"Bertrand. Najwy\u017cszej jako\u015bci okna i drzwi. Certyfikowany producent od 1969 roku.\" \/>\n<meta property=\"article:publisher\" content=\"https:\/\/www.facebook.com\/bertrandpolska\/\" \/>\n<meta property=\"article:modified_time\" content=\"2024-12-13T13:35:16+00:00\" \/>\n<meta property=\"og:image\" content=\"https:\/\/bertrand.pl\/wp-content\/uploads\/2024\/02\/screeny.png\" \/>\n\t<meta property=\"og:image:width\" content=\"1181\" \/>\n\t<meta property=\"og:image:height\" content=\"1181\" \/>\n\t<meta property=\"og:image:type\" content=\"image\/png\" \/>\n<meta name=\"twitter:card\" content=\"summary_large_image\" \/>\n<meta name=\"twitter:label1\" content=\"Dur\u00e9e de lecture estim\u00e9e\" \/>\n\t<meta name=\"twitter:data1\" content=\"4 minutes\" \/>\n<script type=\"application\/ld+json\" class=\"yoast-schema-graph\">{\"@context\":\"https:\/\/schema.org\",\"@graph\":[{\"@type\":\"WebPage\",\"@id\":\"https:\/\/bertrand.pl\/produkt\/rolety-screen\/\",\"url\":\"https:\/\/bertrand.pl\/produkt\/rolety-screen\/\",\"name\":\"Rolety screen - Bertrand. Najwy\u017cszej jako\u015bci okna i drzwi. Certyfikowany producent od 1969 roku.\",\"isPartOf\":{\"@id\":\"https:\/\/bertrand.pl\/#website\"},\"primaryImageOfPage\":{\"@id\":\"https:\/\/bertrand.pl\/produkt\/rolety-screen\/#primaryimage\"},\"image\":{\"@id\":\"https:\/\/bertrand.pl\/produkt\/rolety-screen\/#primaryimage\"},\"thumbnailUrl\":\"https:\/\/bertrand.pl\/wp-content\/uploads\/2024\/02\/screeny.png\",\"datePublished\":\"2024-02-20T09:51:29+00:00\",\"dateModified\":\"2024-12-13T13:35:16+00:00\",\"description\":\"Rolety screen to funkcjonalne i estetyczne rozwi\u0105zanie, kt\u00f3re chroni wn\u0119trza przed nadmiernym \u015bwiat\u0142em i ciep\u0142em, podnosi te\u017c komfort u\u017cytkowania budynk\u00f3w.\",\"breadcrumb\":{\"@id\":\"https:\/\/bertrand.pl\/produkt\/rolety-screen\/#breadcrumb\"},\"inLanguage\":\"fr-FR\",\"potentialAction\":[{\"@type\":\"ReadAction\",\"target\":[\"https:\/\/bertrand.pl\/produkt\/rolety-screen\/\"]}]},{\"@type\":\"ImageObject\",\"inLanguage\":\"fr-FR\",\"@id\":\"https:\/\/bertrand.pl\/produkt\/rolety-screen\/#primaryimage\",\"url\":\"https:\/\/bertrand.pl\/wp-content\/uploads\/2024\/02\/screeny.png\",\"contentUrl\":\"https:\/\/bertrand.pl\/wp-content\/uploads\/2024\/02\/screeny.png\",\"width\":1181,\"height\":1181,\"caption\":\"Rolety screen\"},{\"@type\":\"BreadcrumbList\",\"@id\":\"https:\/\/bertrand.pl\/produkt\/rolety-screen\/#breadcrumb\",\"itemListElement\":[{\"@type\":\"ListItem\",\"position\":1,\"name\":\"Strona g\u0142\u00f3wna\",\"item\":\"https:\/\/bertrand.pl\/\"},{\"@type\":\"ListItem\",\"position\":2,\"name\":\"Produits\",\"item\":\"https:\/\/bertrand.pl\/fr\/shop\/\"},{\"@type\":\"ListItem\",\"position\":3,\"name\":\"Rolety screen\"}]},{\"@type\":\"WebSite\",\"@id\":\"https:\/\/bertrand.pl\/#website\",\"url\":\"https:\/\/bertrand.pl\/\",\"name\":\"Bertrand.pl\",\"description\":\"Firma Bertrand to certyfikowany i uznany producent najwy\u017cszej jako\u015bci okien z PVC, z drewna lub aluminium. Produkcja drzwi, rolet i bram gara\u017cowych.\",\"publisher\":{\"@id\":\"https:\/\/bertrand.pl\/#organization\"},\"potentialAction\":[{\"@type\":\"SearchAction\",\"target\":{\"@type\":\"EntryPoint\",\"urlTemplate\":\"https:\/\/bertrand.pl\/?s={search_term_string}\"},\"query-input\":{\"@type\":\"PropertyValueSpecification\",\"valueRequired\":true,\"valueName\":\"search_term_string\"}}],\"inLanguage\":\"fr-FR\"},{\"@type\":\"Organization\",\"@id\":\"https:\/\/bertrand.pl\/#organization\",\"name\":\"Bertrand.pl\",\"url\":\"https:\/\/bertrand.pl\/\",\"logo\":{\"@type\":\"ImageObject\",\"inLanguage\":\"fr-FR\",\"@id\":\"https:\/\/bertrand.pl\/#\/schema\/logo\/image\/\",\"url\":\"https:\/\/bertrand.pl\/wp-content\/uploads\/2024\/12\/logo_BB_TM_PL_black.png\",\"contentUrl\":\"https:\/\/bertrand.pl\/wp-content\/uploads\/2024\/12\/logo_BB_TM_PL_black.png\",\"width\":1831,\"height\":1831,\"caption\":\"Bertrand.pl\"},\"image\":{\"@id\":\"https:\/\/bertrand.pl\/#\/schema\/logo\/image\/\"},\"sameAs\":[\"https:\/\/www.facebook.com\/bertrandpolska\/\",\"https:\/\/www.instagram.com\/bertrand_okna_i_drzwi\/\",\"https:\/\/www.linkedin.com\/company\/bertrand\/\",\"https:\/\/www.tiktok.com\/@bertrand_okna_drzwi\"]}]}<\/script>\n<!-- \/ Yoast SEO Premium plugin. -->","yoast_head_json":{"title":"Rolety screen - Bertrand. Najwy\u017cszej jako\u015bci okna i drzwi. Certyfikowany producent od 1969 roku.","description":"Les stores screen sont une solution fonctionnelle et esth\u00e9tique qui prot\u00e8ge les int\u00e9rieurs de la lumi\u00e8re et de la chaleur excessives, et augmente \u00e9galement le confort d&#039;utilisation des b\u00e2timents.","robots":{"index":"index","follow":"follow","max-snippet":"max-snippet:-1","max-image-preview":"max-image-preview:large","max-video-preview":"max-video-preview:-1"},"canonical":"https:\/\/bertrand.pl\/fr\/produit\/stores-moustiquaires\/","og_locale":"fr_FR","og_type":"article","og_title":"Rolety screen","og_description":"Rolety screen to funkcjonalne i estetyczne rozwi\u0105zanie, kt\u00f3re chroni wn\u0119trza przed nadmiernym \u015bwiat\u0142em i ciep\u0142em, podnosi te\u017c komfort u\u017cytkowania budynk\u00f3w.","og_url":"https:\/\/bertrand.pl\/fr\/produit\/stores-moustiquaires\/","og_site_name":"Bertrand. Najwy\u017cszej jako\u015bci okna i drzwi. Certyfikowany producent od 1969 roku.","article_publisher":"https:\/\/www.facebook.com\/bertrandpolska\/","article_modified_time":"2024-12-13T13:35:16+00:00","og_image":[{"width":1181,"height":1181,"url":"https:\/\/bertrand.pl\/wp-content\/uploads\/2024\/02\/screeny.png","type":"image\/png"}],"twitter_card":"summary_large_image","twitter_misc":{"Dur\u00e9e de lecture estim\u00e9e":"4 minutes"},"schema":{"@context":"https:\/\/schema.org","@graph":[{"@type":"WebPage","@id":"https:\/\/bertrand.pl\/produkt\/rolety-screen\/","url":"https:\/\/bertrand.pl\/produkt\/rolety-screen\/","name":"Rolety screen - Bertrand. Najwy\u017cszej jako\u015bci okna i drzwi. Certyfikowany producent od 1969 roku.","isPartOf":{"@id":"https:\/\/bertrand.pl\/#website"},"primaryImageOfPage":{"@id":"https:\/\/bertrand.pl\/produkt\/rolety-screen\/#primaryimage"},"image":{"@id":"https:\/\/bertrand.pl\/produkt\/rolety-screen\/#primaryimage"},"thumbnailUrl":"https:\/\/bertrand.pl\/wp-content\/uploads\/2024\/02\/screeny.png","datePublished":"2024-02-20T09:51:29+00:00","dateModified":"2024-12-13T13:35:16+00:00","description":"Les stores screen sont une solution fonctionnelle et esth\u00e9tique qui prot\u00e8ge les int\u00e9rieurs de la lumi\u00e8re et de la chaleur excessives, et augmente \u00e9galement le confort d&#039;utilisation des b\u00e2timents.","breadcrumb":{"@id":"https:\/\/bertrand.pl\/produkt\/rolety-screen\/#breadcrumb"},"inLanguage":"fr-FR","potentialAction":[{"@type":"ReadAction","target":["https:\/\/bertrand.pl\/produkt\/rolety-screen\/"]}]},{"@type":"ImageObject","inLanguage":"fr-FR","@id":"https:\/\/bertrand.pl\/produkt\/rolety-screen\/#primaryimage","url":"https:\/\/bertrand.pl\/wp-content\/uploads\/2024\/02\/screeny.png","contentUrl":"https:\/\/bertrand.pl\/wp-content\/uploads\/2024\/02\/screeny.png","width":1181,"height":1181,"caption":"Rolety screen"},{"@type":"BreadcrumbList","@id":"https:\/\/bertrand.pl\/produkt\/rolety-screen\/#breadcrumb","itemListElement":[{"@type":"ListItem","position":1,"name":"Strona g\u0142\u00f3wna","item":"https:\/\/bertrand.pl\/"},{"@type":"ListItem","position":2,"name":"Produits","item":"https:\/\/bertrand.pl\/fr\/shop\/"},{"@type":"ListItem","position":3,"name":"Rolety screen"}]},{"@type":"WebSite","@id":"https:\/\/bertrand.pl\/#website","url":"https:\/\/bertrand.pl\/","name":"Bertrand.pl","description":"Firma Bertrand to certyfikowany i uznany producent najwy\u017cszej jako\u015bci okien z PVC, z drewna lub aluminium. Produkcja drzwi, rolet i bram gara\u017cowych.","publisher":{"@id":"https:\/\/bertrand.pl\/#organization"},"potentialAction":[{"@type":"SearchAction","target":{"@type":"EntryPoint","urlTemplate":"https:\/\/bertrand.pl\/?s={search_term_string}"},"query-input":{"@type":"PropertyValueSpecification","valueRequired":true,"valueName":"search_term_string"}}],"inLanguage":"fr-FR"},{"@type":"Organization","@id":"https:\/\/bertrand.pl\/#organization","name":"Bertrand.pl","url":"https:\/\/bertrand.pl\/","logo":{"@type":"ImageObject","inLanguage":"fr-FR","@id":"https:\/\/bertrand.pl\/#\/schema\/logo\/image\/","url":"https:\/\/bertrand.pl\/wp-content\/uploads\/2024\/12\/logo_BB_TM_PL_black.png","contentUrl":"https:\/\/bertrand.pl\/wp-content\/uploads\/2024\/12\/logo_BB_TM_PL_black.png","width":1831,"height":1831,"caption":"Bertrand.pl"},"image":{"@id":"https:\/\/bertrand.pl\/#\/schema\/logo\/image\/"},"sameAs":["https:\/\/www.facebook.com\/bertrandpolska\/","https:\/\/www.instagram.com\/bertrand_okna_i_drzwi\/","https:\/\/www.linkedin.com\/company\/bertrand\/","https:\/\/www.tiktok.com\/@bertrand_okna_drzwi"]}]}},"_links":{"self":[{"href":"https:\/\/bertrand.pl\/fr\/wp-json\/wp\/v2\/product\/3281","targetHints":{"allow":["GET"]}}],"collection":[{"href":"https:\/\/bertrand.pl\/fr\/wp-json\/wp\/v2\/product"}],"about":[{"href":"https:\/\/bertrand.pl\/fr\/wp-json\/wp\/v2\/types\/product"}],"wp:featuredmedia":[{"embeddable":true,"href":"https:\/\/bertrand.pl\/fr\/wp-json\/wp\/v2\/media\/3284"}],"wp:attachment":[{"href":"https:\/\/bertrand.pl\/fr\/wp-json\/wp\/v2\/media?parent=3281"}],"wp:term":[{"taxonomy":"product_brand","embeddable":true,"href":"https:\/\/bertrand.pl\/fr\/wp-json\/wp\/v2\/product_brand?post=3281"},{"taxonomy":"product_cat","embeddable":true,"href":"https:\/\/bertrand.pl\/fr\/wp-json\/wp\/v2\/product_cat?post=3281"},{"taxonomy":"product_tag","embeddable":true,"href":"https:\/\/bertrand.pl\/fr\/wp-json\/wp\/v2\/product_tag?post=3281"}],"curies":[{"name":"wp","href":"https:\/\/api.w.org\/{rel}","templated":true}]}}