{"id":3407,"date":"2025-08-06T11:21:25","date_gmt":"2025-08-06T09:21:25","guid":{"rendered":"https:\/\/bertrand.pl\/?post_type=product&#038;p=3407"},"modified":"2025-08-06T11:57:43","modified_gmt":"2025-08-06T09:57:43","slug":"mb-79n-nous","status":"publish","type":"product","link":"https:\/\/bertrand.pl\/fr\/produkt\/mb-79n-us\/","title":{"rendered":"MB 79N US (Aile cach\u00e9e)"},"content":{"rendered":"<h4><strong>Syst\u00e8me MB 79N US \u2013 fen\u00eatres modernes avec ouvrant cach\u00e9 pour une fa\u00e7ade coh\u00e9rente<\/strong><\/h4>\n<p>&nbsp;<\/p>\n<p>Il s\u2019agit d\u2019une solution avanc\u00e9e qui allie fonctionnalit\u00e9, esth\u00e9tique et technologies modernes. Gr\u00e2ce \u00e0 la possibilit\u00e9 de cacher les ouvrants, ces fen\u00eatres offrent une surface vitr\u00e9e uniforme depuis l&#039;ext\u00e9rieur. De plus, la structure a \u00e9t\u00e9 con\u00e7ue de telle mani\u00e8re qu\u2019il est impossible de distinguer visuellement les fen\u00eatres fixes des fen\u00eatres ouvrantes. Cela donne \u00e0 la fa\u00e7ade un aspect coh\u00e9rent et \u00e9l\u00e9gant.<\/p>\n<p>&nbsp;<\/p>\n<p><img fetchpriority=\"high\" decoding=\"async\" class=\"wp-image-3408\" src=\"https:\/\/bertrand.pl\/wp-content\/uploads\/2024\/03\/rysunek_MB-79N_US_SI_2_kopia-291x420.jpg\" alt=\"MB 79N US est une solution qui allie technologies innovantes, design \u00e9l\u00e9gant et fonctionnalit\u00e9 la plus \u00e9lev\u00e9e.\" width=\"266\" height=\"384\" srcset=\"https:\/\/bertrand.pl\/wp-content\/uploads\/2024\/03\/rysunek_MB-79N_US_SI_2_kopia-291x420.jpg 291w, https:\/\/bertrand.pl\/wp-content\/uploads\/2024\/03\/rysunek_MB-79N_US_SI_2_kopia-8x12.jpg 8w, https:\/\/bertrand.pl\/wp-content\/uploads\/2024\/03\/rysunek_MB-79N_US_SI_2_kopia.jpg 371w\" sizes=\"(max-width: 266px) 100vw, 266px\" \/><\/p>\n<h4><strong>Najwa\u017cniejsze cechy systemu:<\/strong><\/h4>\n<p>&nbsp;<\/p>\n<h4><strong>1. Conception de fa\u00e7ade uniforme<\/strong><\/h4>\n<ul>\n<li>Les surfaces vitr\u00e9es des fen\u00eatres fixes et ouvrantes se trouvent sur le m\u00eame plan, ce qui assure un aspect harmonieux de la fa\u00e7ade.<\/li>\n<li>De plus, l&#039;utilisateur peut choisir l&#039;une des deux versions de la remise\u00a0:\n<ul>\n<li><strong>Cadre de porte de type A<\/strong>, qui recouvre partiellement l&#039;aile,<\/li>\n<li>ou <strong>cadre de porte de type B<\/strong>, qui cache compl\u00e8tement le ch\u00e2ssis, imitant l&#039;apparence des fen\u00eatres fixes.<\/li>\n<\/ul>\n<\/li>\n<\/ul>\n<h4><strong>2. Polyvalence des applications<\/strong><\/h4>\n<ul>\n<li>Le syst\u00e8me MB 79N US permet l&#039;utilisation de profils adaptatifs sp\u00e9ciaux, ce qui permet l&#039;utilisation d&#039;\u00e9l\u00e9ments du syst\u00e8me de base MB79N.<\/li>\n<li>Par exemple, des fen\u00eatres grandes et lourdes peuvent \u00eatre cr\u00e9\u00e9es, ce qui rend ce syst\u00e8me id\u00e9al pour les b\u00e2timents r\u00e9sidentiels, de bureaux et commerciaux.<\/li>\n<\/ul>\n<h4><strong>3. Param\u00e8tres techniques exceptionnels<\/strong><\/h4>\n<ul>\n<li><strong>Isolation thermique<\/strong>: Le syst\u00e8me r\u00e9pond \u00e0 des exigences strictes en mati\u00e8re d&#039;efficacit\u00e9 \u00e9nerg\u00e9tique, ce qui contribue \u00e0 r\u00e9duire les co\u00fbts d&#039;exploitation.<\/li>\n<li><strong>Isolation acoustique<\/strong>: Gr\u00e2ce \u00e0 des mat\u00e9riaux appropri\u00e9s, il offre une excellente insonorisation, ce qui am\u00e9liore consid\u00e9rablement le confort d&#039;utilisation.<\/li>\n<li><strong>R\u00e9sistance aux conditions climatiques<\/strong>: Par exemple, une \u00e9tanch\u00e9it\u00e9 \u00e9lev\u00e9e \u00e0 l\u2019eau et \u00e0 l\u2019air garantit la fiabilit\u00e9 m\u00eame dans des conditions m\u00e9t\u00e9orologiques extr\u00eames.<\/li>\n<\/ul>\n<h4><\/h4>\n<h4><strong>Pourquoi choisir ce syst\u00e8me ?<\/strong><\/h4>\n<p>&nbsp;<\/p>\n<ol>\n<li><strong>Conception harmonieuse<\/strong> \u2013 Les ch\u00e2ssis cach\u00e9s et la surface vitr\u00e9e uniforme cr\u00e9ent un aspect minimaliste et moderne de la fa\u00e7ade.<\/li>\n<li><strong>Flexibilit\u00e9 de conception<\/strong> \u2013 Le syst\u00e8me vous permet de choisir entre deux versions de rabais, ce qui vous offre de plus grandes possibilit\u00e9s de conception.<\/li>\n<li><strong>\u00c9conomie d&#039;\u00e9nergie<\/strong> \u2013 Une isolation thermique \u00e9lev\u00e9e favorise les \u00e9conomies d\u2019\u00e9nergie, ce qui est important pour la protection de l\u2019environnement.<\/li>\n<li><strong>Confort acoustique<\/strong> \u2013 Le syst\u00e8me r\u00e9duit efficacement le bruit, ce qui rend les int\u00e9rieurs plus confortables, par exemple dans les environnements bruyants.<\/li>\n<li><strong>Durabilit\u00e9 et fiabilit\u00e9<\/strong> \u2013 Gr\u00e2ce \u00e0 une excellente \u00e9tanch\u00e9it\u00e9 \u00e0 l\u2019eau et \u00e0 l\u2019air, le syst\u00e8me garantit la long\u00e9vit\u00e9, m\u00eame dans des conditions climatiques difficiles.<\/li>\n<\/ol>\n<h3><\/h3>\n<p><b>Ce syst\u00e8me <\/b>est une solution cr\u00e9\u00e9e pour la construction moderne, qui allie technologies innovantes, design \u00e9l\u00e9gant et fonctionnalit\u00e9 la plus \u00e9lev\u00e9e. Gr\u00e2ce aux ailes cach\u00e9es et aux fa\u00e7ades uniformes, ce syst\u00e8me r\u00e9pond non seulement aux attentes esth\u00e9tiques, mais offre \u00e9galement d&#039;excellents param\u00e8tres techniques. De plus, sa flexibilit\u00e9 de conception lui permet de s&#039;adapter aux diff\u00e9rents besoins des investisseurs.<\/p>\n<p>&nbsp;<\/p>\n<p><strong>Choisissez MB 79N US, un syst\u00e8me qui allie en parfaite harmonie esth\u00e9tisme, durabilit\u00e9 et modernit\u00e9 !<\/strong><\/p>\n<p>&nbsp;<\/p>\n<p><img decoding=\"async\" class=\"wp-image-3411\" src=\"https:\/\/bertrand.pl\/wp-content\/uploads\/2024\/03\/rysunek_MB-79N_US_E_kopia-420x406.jpg\" alt=\"Le syst\u00e8me MB79 US vous permet de choisir entre deux versions de feuillure, ce qui vous offre de plus grandes possibilit\u00e9s de conception. C&#039;est un design \u00e9l\u00e9gant et la plus haute fonctionnalit\u00e9. \" width=\"288\" height=\"278\" srcset=\"https:\/\/bertrand.pl\/wp-content\/uploads\/2024\/03\/rysunek_MB-79N_US_E_kopia-420x406.jpg 420w, https:\/\/bertrand.pl\/wp-content\/uploads\/2024\/03\/rysunek_MB-79N_US_E_kopia-12x12.jpg 12w, https:\/\/bertrand.pl\/wp-content\/uploads\/2024\/03\/rysunek_MB-79N_US_E_kopia-600x580.jpg 600w, https:\/\/bertrand.pl\/wp-content\/uploads\/2024\/03\/rysunek_MB-79N_US_E_kopia.jpg 604w\" sizes=\"(max-width: 288px) 100vw, 288px\" \/><\/p>\n<p><img decoding=\"async\" class=\"wp-image-3409\" src=\"https:\/\/bertrand.pl\/wp-content\/uploads\/2024\/03\/rysunek_MB-79N_US_SI_kopia-420x406.jpg\" alt=\"Le syst\u00e8me MB 79N US pr\u00e9sente une isolation thermique \u00e9lev\u00e9e, ce qui favorise les \u00e9conomies d&#039;\u00e9nergie, ce qui est important pour la protection de l&#039;environnement.\" width=\"293\" height=\"283\" srcset=\"https:\/\/bertrand.pl\/wp-content\/uploads\/2024\/03\/rysunek_MB-79N_US_SI_kopia-420x406.jpg 420w, https:\/\/bertrand.pl\/wp-content\/uploads\/2024\/03\/rysunek_MB-79N_US_SI_kopia-12x12.jpg 12w, https:\/\/bertrand.pl\/wp-content\/uploads\/2024\/03\/rysunek_MB-79N_US_SI_kopia-600x580.jpg 600w, https:\/\/bertrand.pl\/wp-content\/uploads\/2024\/03\/rysunek_MB-79N_US_SI_kopia.jpg 604w\" sizes=\"(max-width: 293px) 100vw, 293px\" \/><\/p>\n<p><img loading=\"lazy\" decoding=\"async\" class=\"wp-image-3410\" src=\"https:\/\/bertrand.pl\/wp-content\/uploads\/2024\/03\/rysunek_MB-79N_US_ST_kopia-420x406.jpg\" alt=\"Le syst\u00e8me MB 79N US, gr\u00e2ce \u00e0 son excellente \u00e9tanch\u00e9it\u00e9 \u00e0 l&#039;eau et \u00e0 l&#039;air, garantit une long\u00e9vit\u00e9, m\u00eame dans des conditions climatiques difficiles.\" width=\"288\" height=\"279\" srcset=\"https:\/\/bertrand.pl\/wp-content\/uploads\/2024\/03\/rysunek_MB-79N_US_ST_kopia-420x406.jpg 420w, https:\/\/bertrand.pl\/wp-content\/uploads\/2024\/03\/rysunek_MB-79N_US_ST_kopia-12x12.jpg 12w, https:\/\/bertrand.pl\/wp-content\/uploads\/2024\/03\/rysunek_MB-79N_US_ST_kopia-600x580.jpg 600w, https:\/\/bertrand.pl\/wp-content\/uploads\/2024\/03\/rysunek_MB-79N_US_ST_kopia.jpg 604w\" sizes=\"(max-width: 288px) 100vw, 288px\" \/><\/p>\n<p>&nbsp;<\/p>\n<h3><strong>VOIR AUSSI :<\/strong><\/h3>\n<p>&nbsp;<\/p>\n<h4><strong><a href=\"https:\/\/bertrand.pl\/fr\/couleur\/\">Couleurs des fen\u00eatres et des portes<\/a><\/strong><\/h4>\n<h5><a href=\"https:\/\/www.youtube.com\/watch?v=vzA4OHyNgz8&amp;t=3s\">Fen\u00eatre MB79N avec technologie Infratherm par Bertrand - YouTube<\/a><\/h5>\n<h4><\/h4>","protected":false},"excerpt":{"rendered":"<p><strong>Syst\u00e8me moderne \u00e0 ouvrant cach\u00e9<\/strong><\/p>\n<p>Syst\u00e8me <strong>MB79N NOUS<\/strong> est une solution \u00e9conomique et fonctionnelle qui permet d&#039;obtenir un aspect uniforme de la fa\u00e7ade gr\u00e2ce aux ouvrants invisibles et \u00e0 la possibilit\u00e9 d&#039;utiliser diff\u00e9rents types de feuillures. Fournit une isolation et une \u00e9tanch\u00e9it\u00e9 thermiques et acoustiques \u00e9lev\u00e9es.<\/p>","protected":false},"featured_media":3413,"template":"","meta":{"site-sidebar-layout":"default","site-content-layout":"","ast-site-content-layout":"default","site-content-style":"default","site-sidebar-style":"default","ast-global-header-display":"","ast-banner-title-visibility":"","ast-main-header-display":"","ast-hfb-above-header-display":"","ast-hfb-below-header-display":"","ast-hfb-mobile-header-display":"","site-post-title":"","ast-breadcrumbs-content":"","ast-featured-img":"","footer-sml-layout":"","ast-disable-related-posts":"","theme-transparent-header-meta":"default","adv-header-id-meta":"","stick-header-meta":"","header-above-stick-meta":"","header-main-stick-meta":"","header-below-stick-meta":"","astra-migrate-meta-layouts":"set","ast-page-background-enabled":"default","ast-page-background-meta":{"desktop":{"background-color":"var(--ast-global-color-4)","background-image":"","background-repeat":"repeat","background-position":"center center","background-size":"auto","background-attachment":"scroll","background-type":"","background-media":"","overlay-type":"","overlay-color":"","overlay-opacity":"","overlay-gradient":""},"tablet":{"background-color":"","background-image":"","background-repeat":"repeat","background-position":"center center","background-size":"auto","background-attachment":"scroll","background-type":"","background-media":"","overlay-type":"","overlay-color":"","overlay-opacity":"","overlay-gradient":""},"mobile":{"background-color":"","background-image":"","background-repeat":"repeat","background-position":"center center","background-size":"auto","background-attachment":"scroll","background-type":"","background-media":"","overlay-type":"","overlay-color":"","overlay-opacity":"","overlay-gradient":""}},"ast-content-background-meta":{"desktop":{"background-color":"var(--ast-global-color-5)","background-image":"","background-repeat":"repeat","background-position":"center center","background-size":"auto","background-attachment":"scroll","background-type":"","background-media":"","overlay-type":"","overlay-color":"","overlay-opacity":"","overlay-gradient":""},"tablet":{"background-color":"var(--ast-global-color-5)","background-image":"","background-repeat":"repeat","background-position":"center center","background-size":"auto","background-attachment":"scroll","background-type":"","background-media":"","overlay-type":"","overlay-color":"","overlay-opacity":"","overlay-gradient":""},"mobile":{"background-color":"var(--ast-global-color-5)","background-image":"","background-repeat":"repeat","background-position":"center center","background-size":"auto","background-attachment":"scroll","background-type":"","background-media":"","overlay-type":"","overlay-color":"","overlay-opacity":"","overlay-gradient":""}}},"product_brand":[],"product_cat":[28],"product_tag":[193,168,195,1263,1255,389,1252,737,1249,1233,1256,1262,194,1261,1260,169,1253,1254,1250,1259,1258,1251,1257],"class_list":{"0":"post-3407","1":"product","2":"type-product","3":"status-publish","4":"has-post-thumbnail","6":"product_cat-okna-aluminiowe","7":"product_tag-aluminium","8":"product_tag-bertrand","9":"product_tag-drzwi-aluminiowe","10":"product_tag-duze-okna-aluminiowe","11":"product_tag-estetyczne-okna","12":"product_tag-izolacja-akustyczna","13":"product_tag-jednolita-elewacja","14":"product_tag-komfort-uzytkowania","15":"product_tag-mb79n-us","16":"product_tag-minimalistyczne-okna","17":"product_tag-nowoczesna-elewacja","18":"product_tag-nowoczesne-budownictwo","19":"product_tag-okna-aluminiowe","20":"product_tag-okna-z-systemem-mb79n","21":"product_tag-oszczedzanie-energii","22":"product_tag-produkt","23":"product_tag-przylga-typu-a","24":"product_tag-przylga-typu-b","25":"product_tag-system-okien-z-ukrytym-skrzydlem","26":"product_tag-szczelnosc-na-powietrze","27":"product_tag-szczelnosc-na-wode","28":"product_tag-ukryte-skrzydlo","29":"product_tag-wysoka-izolacja-termiczna","30":"desktop-align-left","31":"tablet-align-left","32":"mobile-align-left","34":"first","35":"instock","36":"shipping-taxable","37":"product-type-simple"},"yoast_head":"<!-- This site is optimized with the Yoast SEO Premium plugin v27.2 (Yoast SEO v27.2) - https:\/\/yoast.com\/product\/yoast-seo-premium-wordpress\/ -->\n<title>MB 79N US (Ukryte skrzyd\u0142o) - Bertrand. Najwy\u017cszej jako\u015bci okna i drzwi. Certyfikowany producent od 1969 roku.<\/title>\n<meta name=\"description\" content=\"MB 79N US to rozwi\u0105zanie, kt\u00f3re \u0142\u0105czy w sobie elegancki design oraz najwy\u017csz\u0105 funkcjonalno\u015b\u0107. Gwarantuje niezawodno\u015b\u0107 w ka\u017cdych warunkach pogodowych.\" \/>\n<meta name=\"robots\" content=\"index, follow, max-snippet:-1, max-image-preview:large, max-video-preview:-1\" \/>\n<link rel=\"canonical\" href=\"https:\/\/bertrand.pl\/fr\/produit\/mb-79n-nous\/\" \/>\n<meta property=\"og:locale\" content=\"fr_FR\" \/>\n<meta property=\"og:type\" content=\"article\" \/>\n<meta property=\"og:title\" content=\"MB 79N US (Ukryte skrzyd\u0142o)\" \/>\n<meta property=\"og:description\" content=\"MB 79N US to rozwi\u0105zanie, kt\u00f3re \u0142\u0105czy w sobie elegancki design oraz najwy\u017csz\u0105 funkcjonalno\u015b\u0107. Gwarantuje niezawodno\u015b\u0107 w ka\u017cdych warunkach pogodowych.\" \/>\n<meta property=\"og:url\" content=\"https:\/\/bertrand.pl\/fr\/produit\/mb-79n-nous\/\" \/>\n<meta property=\"og:site_name\" content=\"Bertrand. Najwy\u017cszej jako\u015bci okna i drzwi. Certyfikowany producent od 1969 roku.\" \/>\n<meta property=\"article:publisher\" content=\"https:\/\/www.facebook.com\/bertrandpolska\/\" \/>\n<meta property=\"article:modified_time\" content=\"2025-08-06T09:57:43+00:00\" \/>\n<meta property=\"og:image\" content=\"https:\/\/bertrand.pl\/wp-content\/uploads\/2024\/03\/mb-79n-us-238-pl-1.png\" \/>\n\t<meta property=\"og:image:width\" content=\"626\" \/>\n\t<meta property=\"og:image:height\" content=\"626\" \/>\n\t<meta property=\"og:image:type\" content=\"image\/png\" \/>\n<meta name=\"twitter:card\" content=\"summary_large_image\" \/>\n<meta name=\"twitter:label1\" content=\"Dur\u00e9e de lecture estim\u00e9e\" \/>\n\t<meta name=\"twitter:data1\" content=\"4 minutes\" \/>\n<script type=\"application\/ld+json\" class=\"yoast-schema-graph\">{\"@context\":\"https:\/\/schema.org\",\"@graph\":[{\"@type\":\"WebPage\",\"@id\":\"https:\/\/bertrand.pl\/produkt\/mb-79n-us\/\",\"url\":\"https:\/\/bertrand.pl\/produkt\/mb-79n-us\/\",\"name\":\"MB 79N US (Ukryte skrzyd\u0142o) - Bertrand. Najwy\u017cszej jako\u015bci okna i drzwi. Certyfikowany producent od 1969 roku.\",\"isPartOf\":{\"@id\":\"https:\/\/bertrand.pl\/#website\"},\"primaryImageOfPage\":{\"@id\":\"https:\/\/bertrand.pl\/produkt\/mb-79n-us\/#primaryimage\"},\"image\":{\"@id\":\"https:\/\/bertrand.pl\/produkt\/mb-79n-us\/#primaryimage\"},\"thumbnailUrl\":\"https:\/\/bertrand.pl\/wp-content\/uploads\/2024\/03\/mb-79n-us-238-pl-1.png\",\"datePublished\":\"2025-08-06T09:21:25+00:00\",\"dateModified\":\"2025-08-06T09:57:43+00:00\",\"description\":\"MB 79N US to rozwi\u0105zanie, kt\u00f3re \u0142\u0105czy w sobie elegancki design oraz najwy\u017csz\u0105 funkcjonalno\u015b\u0107. Gwarantuje niezawodno\u015b\u0107 w ka\u017cdych warunkach pogodowych.\",\"breadcrumb\":{\"@id\":\"https:\/\/bertrand.pl\/produkt\/mb-79n-us\/#breadcrumb\"},\"inLanguage\":\"fr-FR\",\"potentialAction\":[{\"@type\":\"ReadAction\",\"target\":[\"https:\/\/bertrand.pl\/produkt\/mb-79n-us\/\"]}]},{\"@type\":\"ImageObject\",\"inLanguage\":\"fr-FR\",\"@id\":\"https:\/\/bertrand.pl\/produkt\/mb-79n-us\/#primaryimage\",\"url\":\"https:\/\/bertrand.pl\/wp-content\/uploads\/2024\/03\/mb-79n-us-238-pl-1.png\",\"contentUrl\":\"https:\/\/bertrand.pl\/wp-content\/uploads\/2024\/03\/mb-79n-us-238-pl-1.png\",\"width\":626,\"height\":626},{\"@type\":\"BreadcrumbList\",\"@id\":\"https:\/\/bertrand.pl\/produkt\/mb-79n-us\/#breadcrumb\",\"itemListElement\":[{\"@type\":\"ListItem\",\"position\":1,\"name\":\"Strona g\u0142\u00f3wna\",\"item\":\"https:\/\/bertrand.pl\/\"},{\"@type\":\"ListItem\",\"position\":2,\"name\":\"Produits\",\"item\":\"https:\/\/bertrand.pl\/fr\/shop\/\"},{\"@type\":\"ListItem\",\"position\":3,\"name\":\"MB 79N US (Ukryte skrzyd\u0142o)\"}]},{\"@type\":\"WebSite\",\"@id\":\"https:\/\/bertrand.pl\/#website\",\"url\":\"https:\/\/bertrand.pl\/\",\"name\":\"Bertrand.pl\",\"description\":\"Firma Bertrand to certyfikowany i uznany producent najwy\u017cszej jako\u015bci okien z PVC, z drewna lub aluminium. Produkcja drzwi, rolet i bram gara\u017cowych.\",\"publisher\":{\"@id\":\"https:\/\/bertrand.pl\/#organization\"},\"potentialAction\":[{\"@type\":\"SearchAction\",\"target\":{\"@type\":\"EntryPoint\",\"urlTemplate\":\"https:\/\/bertrand.pl\/?s={search_term_string}\"},\"query-input\":{\"@type\":\"PropertyValueSpecification\",\"valueRequired\":true,\"valueName\":\"search_term_string\"}}],\"inLanguage\":\"fr-FR\"},{\"@type\":\"Organization\",\"@id\":\"https:\/\/bertrand.pl\/#organization\",\"name\":\"Bertrand.pl\",\"url\":\"https:\/\/bertrand.pl\/\",\"logo\":{\"@type\":\"ImageObject\",\"inLanguage\":\"fr-FR\",\"@id\":\"https:\/\/bertrand.pl\/#\/schema\/logo\/image\/\",\"url\":\"https:\/\/bertrand.pl\/wp-content\/uploads\/2024\/12\/logo_BB_TM_PL_black.png\",\"contentUrl\":\"https:\/\/bertrand.pl\/wp-content\/uploads\/2024\/12\/logo_BB_TM_PL_black.png\",\"width\":1831,\"height\":1831,\"caption\":\"Bertrand.pl\"},\"image\":{\"@id\":\"https:\/\/bertrand.pl\/#\/schema\/logo\/image\/\"},\"sameAs\":[\"https:\/\/www.facebook.com\/bertrandpolska\/\",\"https:\/\/www.instagram.com\/bertrand_okna_i_drzwi\/\",\"https:\/\/www.linkedin.com\/company\/bertrand\/\",\"https:\/\/www.tiktok.com\/@bertrand_okna_drzwi\"]}]}<\/script>\n<!-- \/ Yoast SEO Premium plugin. -->","yoast_head_json":{"title":"MB 79N US (Ukryte skrzyd\u0142o) - Bertrand. Najwy\u017cszej jako\u015bci okna i drzwi. Certyfikowany producent od 1969 roku.","description":"MB 79N US est une solution qui allie un design \u00e9l\u00e9gant et une fonctionnalit\u00e9 maximale. Garantit la fiabilit\u00e9 dans toutes les conditions m\u00e9t\u00e9orologiques.","robots":{"index":"index","follow":"follow","max-snippet":"max-snippet:-1","max-image-preview":"max-image-preview:large","max-video-preview":"max-video-preview:-1"},"canonical":"https:\/\/bertrand.pl\/fr\/produit\/mb-79n-nous\/","og_locale":"fr_FR","og_type":"article","og_title":"MB 79N US (Ukryte skrzyd\u0142o)","og_description":"MB 79N US to rozwi\u0105zanie, kt\u00f3re \u0142\u0105czy w sobie elegancki design oraz najwy\u017csz\u0105 funkcjonalno\u015b\u0107. Gwarantuje niezawodno\u015b\u0107 w ka\u017cdych warunkach pogodowych.","og_url":"https:\/\/bertrand.pl\/fr\/produit\/mb-79n-nous\/","og_site_name":"Bertrand. Najwy\u017cszej jako\u015bci okna i drzwi. Certyfikowany producent od 1969 roku.","article_publisher":"https:\/\/www.facebook.com\/bertrandpolska\/","article_modified_time":"2025-08-06T09:57:43+00:00","og_image":[{"width":626,"height":626,"url":"https:\/\/bertrand.pl\/wp-content\/uploads\/2024\/03\/mb-79n-us-238-pl-1.png","type":"image\/png"}],"twitter_card":"summary_large_image","twitter_misc":{"Dur\u00e9e de lecture estim\u00e9e":"4 minutes"},"schema":{"@context":"https:\/\/schema.org","@graph":[{"@type":"WebPage","@id":"https:\/\/bertrand.pl\/produkt\/mb-79n-us\/","url":"https:\/\/bertrand.pl\/produkt\/mb-79n-us\/","name":"MB 79N US (Ukryte skrzyd\u0142o) - Bertrand. Najwy\u017cszej jako\u015bci okna i drzwi. Certyfikowany producent od 1969 roku.","isPartOf":{"@id":"https:\/\/bertrand.pl\/#website"},"primaryImageOfPage":{"@id":"https:\/\/bertrand.pl\/produkt\/mb-79n-us\/#primaryimage"},"image":{"@id":"https:\/\/bertrand.pl\/produkt\/mb-79n-us\/#primaryimage"},"thumbnailUrl":"https:\/\/bertrand.pl\/wp-content\/uploads\/2024\/03\/mb-79n-us-238-pl-1.png","datePublished":"2025-08-06T09:21:25+00:00","dateModified":"2025-08-06T09:57:43+00:00","description":"MB 79N US est une solution qui allie un design \u00e9l\u00e9gant et une fonctionnalit\u00e9 maximale. Garantit la fiabilit\u00e9 dans toutes les conditions m\u00e9t\u00e9orologiques.","breadcrumb":{"@id":"https:\/\/bertrand.pl\/produkt\/mb-79n-us\/#breadcrumb"},"inLanguage":"fr-FR","potentialAction":[{"@type":"ReadAction","target":["https:\/\/bertrand.pl\/produkt\/mb-79n-us\/"]}]},{"@type":"ImageObject","inLanguage":"fr-FR","@id":"https:\/\/bertrand.pl\/produkt\/mb-79n-us\/#primaryimage","url":"https:\/\/bertrand.pl\/wp-content\/uploads\/2024\/03\/mb-79n-us-238-pl-1.png","contentUrl":"https:\/\/bertrand.pl\/wp-content\/uploads\/2024\/03\/mb-79n-us-238-pl-1.png","width":626,"height":626},{"@type":"BreadcrumbList","@id":"https:\/\/bertrand.pl\/produkt\/mb-79n-us\/#breadcrumb","itemListElement":[{"@type":"ListItem","position":1,"name":"Strona g\u0142\u00f3wna","item":"https:\/\/bertrand.pl\/"},{"@type":"ListItem","position":2,"name":"Produits","item":"https:\/\/bertrand.pl\/fr\/shop\/"},{"@type":"ListItem","position":3,"name":"MB 79N US (Ukryte skrzyd\u0142o)"}]},{"@type":"WebSite","@id":"https:\/\/bertrand.pl\/#website","url":"https:\/\/bertrand.pl\/","name":"Bertrand.pl","description":"Firma Bertrand to certyfikowany i uznany producent najwy\u017cszej jako\u015bci okien z PVC, z drewna lub aluminium. Produkcja drzwi, rolet i bram gara\u017cowych.","publisher":{"@id":"https:\/\/bertrand.pl\/#organization"},"potentialAction":[{"@type":"SearchAction","target":{"@type":"EntryPoint","urlTemplate":"https:\/\/bertrand.pl\/?s={search_term_string}"},"query-input":{"@type":"PropertyValueSpecification","valueRequired":true,"valueName":"search_term_string"}}],"inLanguage":"fr-FR"},{"@type":"Organization","@id":"https:\/\/bertrand.pl\/#organization","name":"Bertrand.pl","url":"https:\/\/bertrand.pl\/","logo":{"@type":"ImageObject","inLanguage":"fr-FR","@id":"https:\/\/bertrand.pl\/#\/schema\/logo\/image\/","url":"https:\/\/bertrand.pl\/wp-content\/uploads\/2024\/12\/logo_BB_TM_PL_black.png","contentUrl":"https:\/\/bertrand.pl\/wp-content\/uploads\/2024\/12\/logo_BB_TM_PL_black.png","width":1831,"height":1831,"caption":"Bertrand.pl"},"image":{"@id":"https:\/\/bertrand.pl\/#\/schema\/logo\/image\/"},"sameAs":["https:\/\/www.facebook.com\/bertrandpolska\/","https:\/\/www.instagram.com\/bertrand_okna_i_drzwi\/","https:\/\/www.linkedin.com\/company\/bertrand\/","https:\/\/www.tiktok.com\/@bertrand_okna_drzwi"]}]}},"_links":{"self":[{"href":"https:\/\/bertrand.pl\/fr\/wp-json\/wp\/v2\/product\/3407","targetHints":{"allow":["GET"]}}],"collection":[{"href":"https:\/\/bertrand.pl\/fr\/wp-json\/wp\/v2\/product"}],"about":[{"href":"https:\/\/bertrand.pl\/fr\/wp-json\/wp\/v2\/types\/product"}],"wp:featuredmedia":[{"embeddable":true,"href":"https:\/\/bertrand.pl\/fr\/wp-json\/wp\/v2\/media\/3413"}],"wp:attachment":[{"href":"https:\/\/bertrand.pl\/fr\/wp-json\/wp\/v2\/media?parent=3407"}],"wp:term":[{"taxonomy":"product_brand","embeddable":true,"href":"https:\/\/bertrand.pl\/fr\/wp-json\/wp\/v2\/product_brand?post=3407"},{"taxonomy":"product_cat","embeddable":true,"href":"https:\/\/bertrand.pl\/fr\/wp-json\/wp\/v2\/product_cat?post=3407"},{"taxonomy":"product_tag","embeddable":true,"href":"https:\/\/bertrand.pl\/fr\/wp-json\/wp\/v2\/product_tag?post=3407"}],"curies":[{"name":"wp","href":"https:\/\/api.w.org\/{rel}","templated":true}]}}