{"id":4118,"date":"2024-07-03T12:31:31","date_gmt":"2024-07-03T10:31:31","guid":{"rendered":"https:\/\/bertrand.pl\/?post_type=product&#038;p=4118"},"modified":"2025-01-09T15:07:31","modified_gmt":"2025-01-09T14:07:31","slug":"ferme-portes","status":"publish","type":"product","link":"https:\/\/bertrand.pl\/fr\/produkt\/samozamykacze\/","title":{"rendered":"Ferme-portes"},"content":{"rendered":"<p><strong>Ferme-portes \u2013 fiabilit\u00e9, confort et s\u00e9curit\u00e9<\/strong><\/p>\n<p>Les ferme-portes sont des m\u00e9canismes avanc\u00e9s qui garantissent une fermeture automatique et fluide des portes tout en am\u00e9liorant le confort et la s\u00e9curit\u00e9 dans divers types de b\u00e2timents. De plus, gr\u00e2ce \u00e0 leur polyvalence, ils peuvent \u00eatre utilis\u00e9s pour les portes int\u00e9rieures comme ext\u00e9rieures. Les ferme-portes que nous proposons sont parfaits pour les b\u00e2timents r\u00e9sidentiels, commerciaux et publics, offrant fiabilit\u00e9 et durabilit\u00e9.<\/p>\n<p>&nbsp;<\/p>\n<hr \/>\n<h3><\/h3>\n<h3><strong>Pourquoi choisir des ferme-portes ?<\/strong><\/h3>\n<h4><\/h4>\n<h4><\/h4>\n<p>Les ferme-portes \u00e9liminent le besoin de fermer les portes manuellement, rendant leur utilisation pratique et intuitive. Ils garantissent une fermeture fluide des portes, \u00e9vitant les claquements et am\u00e9liorant le confort des utilisateurs.<\/p>\n<h4><\/h4>\n<p>Dans les b\u00e2timents \u00e0 forte fr\u00e9quentation, les ferme-portes assurent un contr\u00f4le efficace des acc\u00e8s. De plus, ils soutiennent le fonctionnement des syst\u00e8mes de protection incendie en aidant \u00e0 la fermeture automatique des portes coupe-feu, renfor\u00e7ant ainsi la s\u00e9curit\u00e9 en cas de danger.<\/p>\n<h4><\/h4>\n<p>Les ferme-portes que nous proposons sont fabriqu\u00e9s \u00e0 partir de mat\u00e9riaux de haute qualit\u00e9, garantissant leur durabilit\u00e9 et leur r\u00e9sistance \u00e0 une utilisation intensive. De plus, ils peuvent \u00eatre utilis\u00e9s dans une grande vari\u00e9t\u00e9 de b\u00e2timents, des r\u00e9sidences aux institutions publiques.<\/p>\n<p>&nbsp;<\/p>\n<hr \/>\n<h3><strong>Applications des ferme-portes<\/strong><\/h3>\n<p>&nbsp;<\/p>\n<p>Gr\u00e2ce \u00e0 leur polyvalence, les ferme-portes sont indispensables dans de nombreux types de b\u00e2timents :<\/p>\n<h4><\/h4>\n<p class=\"translation-block\"><strong>B\u00e2timents r\u00e9sidentiels :<\/strong> Les ferme-portes sont id\u00e9aux pour les maisons individuelles, les immeubles r\u00e9sidentiels et les appartements. Ils offrent aux r\u00e9sidents un plus grand confort et une s\u00e9curit\u00e9 accrue, notamment dans les espaces communs tels que les cages d'escalier.<\/p>\n<p class=\"translation-block\"><strong>B\u00e2timents commerciaux :<\/strong> Dans les bureaux, boutiques, restaurants et h\u00f4tels, les ferme-portes facilitent l'organisation fluide des d\u00e9placements, am\u00e9liorant ainsi le confort des clients et des employ\u00e9s. De plus, leur utilisation rehausse l'esth\u00e9tique des lieux, car les portes restent toujours dans la position appropri\u00e9e.<\/p>\n<p class=\"translation-block\"><strong>Institutions publiques :<\/strong> Les \u00e9coles, administrations, h\u00f4pitaux et autres lieux \u00e0 forte affluence n\u00e9cessitent des dispositifs garantissant un acc\u00e8s contr\u00f4l\u00e9. Les ferme-portes aident \u00e0 maintenir l'ordre et la s\u00e9curit\u00e9, ce qui est particuli\u00e8rement crucial dans ce type d'\u00e9tablissements.<\/p>\n<hr \/>\n<p><img fetchpriority=\"high\" decoding=\"async\" title=\"Ferme-portes \" src=\"https:\/\/bertrand.pl\/wp-content\/uploads\/2024\/07\/molle_aeree-scaled.jpg\" alt=\"Les ferme-portes sont un investissement dans la s\u00e9curit\u00e9 et le confort de votre maison. \" width=\"773\" height=\"515\" \/><\/p>\n<p>&nbsp;<\/p>\n<h3><strong>Avantages de l'utilisation des ferme-portes<\/strong><\/h3>\n<p>&nbsp;<\/p>\n<ol>\n<li class=\"translation-block\"><strong>\u00c9conomies d'\u00e9nergie<\/strong> \u2013 Les ferme-portes emp\u00eachent les portes de rester ouvertes, r\u00e9duisant ainsi les pertes de chaleur en hiver et de fra\u00eecheur en \u00e9t\u00e9.<\/li>\n<li class=\"translation-block\"><strong>Pr\u00e9vention des dommages<\/strong> \u2013 Une fermeture fluide emp\u00eache les portes de claquer, prot\u00e9geant ainsi \u00e0 la fois le m\u00e9canisme et la structure de la porte.<\/li>\n<li class=\"translation-block\"><strong>Conformit\u00e9 aux r\u00e9glementations<\/strong> \u2013 Les ferme-portes sont souvent exig\u00e9s dans les b\u00e2timents pour r\u00e9pondre aux normes de s\u00e9curit\u00e9 incendie et de protection.<\/li>\n<li class=\"translation-block\"><strong>Durabilit\u00e9 \u00e0 long terme<\/strong> \u2013 Nos ferme-portes sont r\u00e9sistants \u00e0 une utilisation intensive, garantissant un fonctionnement fiable pendant de nombreuses ann\u00e9es.<\/li>\n<\/ol>\n<p>&nbsp;<\/p>\n<p>&nbsp;<\/p>\n<p>VOIR AUSSI :<\/p>\n<p>&nbsp;<\/p>\n<p><a href=\"https:\/\/bertrand.pl\/fr\/portes-de-garage\/\">Portes de garage \u2013 Bertrand.pl<\/a><\/p>\n<p><a href=\"https:\/\/www.youtube.com\/watch?v=Rcez_9PYouk\">Fen\u00eatre BERTRAND avec verre \u00e0 transparence variable.<\/a><\/p>\n<p>&nbsp;<\/p>","protected":false},"excerpt":{"rendered":"<p>Les ferme-portes sont des m\u00e9canismes avanc\u00e9s qui assurent une fermeture automatique et fluide des portes, ce qui se traduit par un confort d&#039;utilisation et une s\u00e9curit\u00e9 dans diff\u00e9rents types de b\u00e2timents.<\/p>","protected":false},"featured_media":4772,"template":"","meta":{"site-sidebar-layout":"default","site-content-layout":"","ast-site-content-layout":"default","site-content-style":"default","site-sidebar-style":"default","ast-global-header-display":"","ast-banner-title-visibility":"","ast-main-header-display":"","ast-hfb-above-header-display":"","ast-hfb-below-header-display":"","ast-hfb-mobile-header-display":"","site-post-title":"","ast-breadcrumbs-content":"","ast-featured-img":"","footer-sml-layout":"","ast-disable-related-posts":"","theme-transparent-header-meta":"default","adv-header-id-meta":"","stick-header-meta":"","header-above-stick-meta":"","header-main-stick-meta":"","header-below-stick-meta":"","astra-migrate-meta-layouts":"set","ast-page-background-enabled":"default","ast-page-background-meta":{"desktop":{"background-color":"var(--ast-global-color-4)","background-image":"","background-repeat":"repeat","background-position":"center center","background-size":"auto","background-attachment":"scroll","background-type":"","background-media":"","overlay-type":"","overlay-color":"","overlay-opacity":"","overlay-gradient":""},"tablet":{"background-color":"","background-image":"","background-repeat":"repeat","background-position":"center center","background-size":"auto","background-attachment":"scroll","background-type":"","background-media":"","overlay-type":"","overlay-color":"","overlay-opacity":"","overlay-gradient":""},"mobile":{"background-color":"","background-image":"","background-repeat":"repeat","background-position":"center center","background-size":"auto","background-attachment":"scroll","background-type":"","background-media":"","overlay-type":"","overlay-color":"","overlay-opacity":"","overlay-gradient":""}},"ast-content-background-meta":{"desktop":{"background-color":"var(--ast-global-color-5)","background-image":"","background-repeat":"repeat","background-position":"center center","background-size":"auto","background-attachment":"scroll","background-type":"","background-media":"","overlay-type":"","overlay-color":"","overlay-opacity":"","overlay-gradient":""},"tablet":{"background-color":"var(--ast-global-color-5)","background-image":"","background-repeat":"repeat","background-position":"center center","background-size":"auto","background-attachment":"scroll","background-type":"","background-media":"","overlay-type":"","overlay-color":"","overlay-opacity":"","overlay-gradient":""},"mobile":{"background-color":"var(--ast-global-color-5)","background-image":"","background-repeat":"repeat","background-position":"center center","background-size":"auto","background-attachment":"scroll","background-type":"","background-media":"","overlay-type":"","overlay-color":"","overlay-opacity":"","overlay-gradient":""}}},"product_brand":[],"product_cat":[23],"product_tag":[501,168,360,500,175,503,502,174,498,497,499],"class_list":{"0":"post-4118","1":"product","2":"type-product","3":"status-publish","4":"has-post-thumbnail","6":"product_cat-akcesoria","7":"product_tag-automatyczne-drzwi","8":"product_tag-bertrand","9":"product_tag-bezpieczenstwo","10":"product_tag-bezpieczny-dom","11":"product_tag-drzwi","12":"product_tag-mechanizm","13":"product_tag-mechanizm-zamykajacy","14":"product_tag-okna","15":"product_tag-samozamykacze","16":"product_tag-zamykacze","17":"product_tag-zamykanie-drzwi","18":"desktop-align-left","19":"tablet-align-left","20":"mobile-align-left","22":"first","23":"instock","24":"shipping-taxable","25":"product-type-simple"},"yoast_head":"<!-- This site is optimized with the Yoast SEO Premium plugin v27.2 (Yoast SEO v27.2) - https:\/\/yoast.com\/product\/yoast-seo-premium-wordpress\/ -->\n<title>Samozamykacze do drzwi - Bertrand. Najwy\u017cszej jako\u015bci okna i drzwi. Certyfikowany producent od 1969 roku.<\/title>\n<meta name=\"description\" content=\"Samozamykacze zapewniaj\u0105 automatyczne i p\u0142ynne zamykanie drzwi. Innowacyjne rozwi\u0105zanie. To komfort i bezpiecze\u0144stwo w Twoim domu.\" \/>\n<meta name=\"robots\" content=\"index, follow, max-snippet:-1, max-image-preview:large, max-video-preview:-1\" \/>\n<link rel=\"canonical\" href=\"https:\/\/bertrand.pl\/fr\/produit\/ferme-portes\/\" \/>\n<meta property=\"og:locale\" content=\"fr_FR\" \/>\n<meta property=\"og:type\" content=\"article\" \/>\n<meta property=\"og:title\" content=\"Samozamykacze do drzwi\" \/>\n<meta property=\"og:description\" content=\"Samozamykacze zapewniaj\u0105 automatyczne i p\u0142ynne zamykanie drzwi. Innowacyjne rozwi\u0105zanie. To komfort i bezpiecze\u0144stwo w Twoim domu.\" \/>\n<meta property=\"og:url\" content=\"https:\/\/bertrand.pl\/fr\/produit\/ferme-portes\/\" \/>\n<meta property=\"og:site_name\" content=\"Bertrand. Najwy\u017cszej jako\u015bci okna i drzwi. Certyfikowany producent od 1969 roku.\" \/>\n<meta property=\"article:publisher\" content=\"https:\/\/www.facebook.com\/bertrandpolska\/\" \/>\n<meta property=\"article:modified_time\" content=\"2025-01-09T14:07:31+00:00\" \/>\n<meta property=\"og:image\" content=\"https:\/\/bertrand.pl\/wp-content\/uploads\/2024\/07\/geze_ramieniowy.webp\" \/>\n\t<meta property=\"og:image:width\" content=\"1876\" \/>\n\t<meta property=\"og:image:height\" content=\"1876\" \/>\n\t<meta property=\"og:image:type\" content=\"image\/webp\" \/>\n<meta name=\"twitter:card\" content=\"summary_large_image\" \/>\n<meta name=\"twitter:label1\" content=\"Dur\u00e9e de lecture estim\u00e9e\" \/>\n\t<meta name=\"twitter:data1\" content=\"3 minutes\" \/>\n<script type=\"application\/ld+json\" class=\"yoast-schema-graph\">{\"@context\":\"https:\/\/schema.org\",\"@graph\":[{\"@type\":\"WebPage\",\"@id\":\"https:\/\/bertrand.pl\/produkt\/samozamykacze\/\",\"url\":\"https:\/\/bertrand.pl\/produkt\/samozamykacze\/\",\"name\":\"Samozamykacze do drzwi - Bertrand. Najwy\u017cszej jako\u015bci okna i drzwi. Certyfikowany producent od 1969 roku.\",\"isPartOf\":{\"@id\":\"https:\/\/bertrand.pl\/#website\"},\"primaryImageOfPage\":{\"@id\":\"https:\/\/bertrand.pl\/produkt\/samozamykacze\/#primaryimage\"},\"image\":{\"@id\":\"https:\/\/bertrand.pl\/produkt\/samozamykacze\/#primaryimage\"},\"thumbnailUrl\":\"https:\/\/bertrand.pl\/wp-content\/uploads\/2024\/07\/geze_ramieniowy.webp\",\"datePublished\":\"2024-07-03T10:31:31+00:00\",\"dateModified\":\"2025-01-09T14:07:31+00:00\",\"description\":\"Samozamykacze zapewniaj\u0105 automatyczne i p\u0142ynne zamykanie drzwi. Innowacyjne rozwi\u0105zanie. To komfort i bezpiecze\u0144stwo w Twoim domu.\",\"breadcrumb\":{\"@id\":\"https:\/\/bertrand.pl\/produkt\/samozamykacze\/#breadcrumb\"},\"inLanguage\":\"fr-FR\",\"potentialAction\":[{\"@type\":\"ReadAction\",\"target\":[\"https:\/\/bertrand.pl\/produkt\/samozamykacze\/\"]}]},{\"@type\":\"ImageObject\",\"inLanguage\":\"fr-FR\",\"@id\":\"https:\/\/bertrand.pl\/produkt\/samozamykacze\/#primaryimage\",\"url\":\"https:\/\/bertrand.pl\/wp-content\/uploads\/2024\/07\/geze_ramieniowy.webp\",\"contentUrl\":\"https:\/\/bertrand.pl\/wp-content\/uploads\/2024\/07\/geze_ramieniowy.webp\",\"width\":1876,\"height\":1876,\"caption\":\"Samozamykacze. Komfort i bezpiecze\u0144stwo w Twoim domu.\"},{\"@type\":\"BreadcrumbList\",\"@id\":\"https:\/\/bertrand.pl\/produkt\/samozamykacze\/#breadcrumb\",\"itemListElement\":[{\"@type\":\"ListItem\",\"position\":1,\"name\":\"Strona g\u0142\u00f3wna\",\"item\":\"https:\/\/bertrand.pl\/\"},{\"@type\":\"ListItem\",\"position\":2,\"name\":\"Produits\",\"item\":\"https:\/\/bertrand.pl\/fr\/shop\/\"},{\"@type\":\"ListItem\",\"position\":3,\"name\":\"Samozamykacze do drzwi\"}]},{\"@type\":\"WebSite\",\"@id\":\"https:\/\/bertrand.pl\/#website\",\"url\":\"https:\/\/bertrand.pl\/\",\"name\":\"Bertrand.pl\",\"description\":\"Firma Bertrand to certyfikowany i uznany producent najwy\u017cszej jako\u015bci okien z PVC, z drewna lub aluminium. Produkcja drzwi, rolet i bram gara\u017cowych.\",\"publisher\":{\"@id\":\"https:\/\/bertrand.pl\/#organization\"},\"potentialAction\":[{\"@type\":\"SearchAction\",\"target\":{\"@type\":\"EntryPoint\",\"urlTemplate\":\"https:\/\/bertrand.pl\/?s={search_term_string}\"},\"query-input\":{\"@type\":\"PropertyValueSpecification\",\"valueRequired\":true,\"valueName\":\"search_term_string\"}}],\"inLanguage\":\"fr-FR\"},{\"@type\":\"Organization\",\"@id\":\"https:\/\/bertrand.pl\/#organization\",\"name\":\"Bertrand.pl\",\"url\":\"https:\/\/bertrand.pl\/\",\"logo\":{\"@type\":\"ImageObject\",\"inLanguage\":\"fr-FR\",\"@id\":\"https:\/\/bertrand.pl\/#\/schema\/logo\/image\/\",\"url\":\"https:\/\/bertrand.pl\/wp-content\/uploads\/2024\/12\/logo_BB_TM_PL_black.png\",\"contentUrl\":\"https:\/\/bertrand.pl\/wp-content\/uploads\/2024\/12\/logo_BB_TM_PL_black.png\",\"width\":1831,\"height\":1831,\"caption\":\"Bertrand.pl\"},\"image\":{\"@id\":\"https:\/\/bertrand.pl\/#\/schema\/logo\/image\/\"},\"sameAs\":[\"https:\/\/www.facebook.com\/bertrandpolska\/\",\"https:\/\/www.instagram.com\/bertrand_okna_i_drzwi\/\",\"https:\/\/www.linkedin.com\/company\/bertrand\/\",\"https:\/\/www.tiktok.com\/@bertrand_okna_drzwi\"]}]}<\/script>\n<!-- \/ Yoast SEO Premium plugin. -->","yoast_head_json":{"title":"Samozamykacze do drzwi - Bertrand. Najwy\u017cszej jako\u015bci okna i drzwi. Certyfikowany producent od 1969 roku.","description":"Les ferme-portes assurent une fermeture automatique et en douceur des portes. Une solution innovante. C&#039;est le confort et la s\u00e9curit\u00e9 dans votre maison.","robots":{"index":"index","follow":"follow","max-snippet":"max-snippet:-1","max-image-preview":"max-image-preview:large","max-video-preview":"max-video-preview:-1"},"canonical":"https:\/\/bertrand.pl\/fr\/produit\/ferme-portes\/","og_locale":"fr_FR","og_type":"article","og_title":"Samozamykacze do drzwi","og_description":"Samozamykacze zapewniaj\u0105 automatyczne i p\u0142ynne zamykanie drzwi. Innowacyjne rozwi\u0105zanie. To komfort i bezpiecze\u0144stwo w Twoim domu.","og_url":"https:\/\/bertrand.pl\/fr\/produit\/ferme-portes\/","og_site_name":"Bertrand. Najwy\u017cszej jako\u015bci okna i drzwi. Certyfikowany producent od 1969 roku.","article_publisher":"https:\/\/www.facebook.com\/bertrandpolska\/","article_modified_time":"2025-01-09T14:07:31+00:00","og_image":[{"width":1876,"height":1876,"url":"https:\/\/bertrand.pl\/wp-content\/uploads\/2024\/07\/geze_ramieniowy.webp","type":"image\/webp"}],"twitter_card":"summary_large_image","twitter_misc":{"Dur\u00e9e de lecture estim\u00e9e":"3 minutes"},"schema":{"@context":"https:\/\/schema.org","@graph":[{"@type":"WebPage","@id":"https:\/\/bertrand.pl\/produkt\/samozamykacze\/","url":"https:\/\/bertrand.pl\/produkt\/samozamykacze\/","name":"Samozamykacze do drzwi - Bertrand. Najwy\u017cszej jako\u015bci okna i drzwi. Certyfikowany producent od 1969 roku.","isPartOf":{"@id":"https:\/\/bertrand.pl\/#website"},"primaryImageOfPage":{"@id":"https:\/\/bertrand.pl\/produkt\/samozamykacze\/#primaryimage"},"image":{"@id":"https:\/\/bertrand.pl\/produkt\/samozamykacze\/#primaryimage"},"thumbnailUrl":"https:\/\/bertrand.pl\/wp-content\/uploads\/2024\/07\/geze_ramieniowy.webp","datePublished":"2024-07-03T10:31:31+00:00","dateModified":"2025-01-09T14:07:31+00:00","description":"Les ferme-portes assurent une fermeture automatique et en douceur des portes. Une solution innovante. C&#039;est le confort et la s\u00e9curit\u00e9 dans votre maison.","breadcrumb":{"@id":"https:\/\/bertrand.pl\/produkt\/samozamykacze\/#breadcrumb"},"inLanguage":"fr-FR","potentialAction":[{"@type":"ReadAction","target":["https:\/\/bertrand.pl\/produkt\/samozamykacze\/"]}]},{"@type":"ImageObject","inLanguage":"fr-FR","@id":"https:\/\/bertrand.pl\/produkt\/samozamykacze\/#primaryimage","url":"https:\/\/bertrand.pl\/wp-content\/uploads\/2024\/07\/geze_ramieniowy.webp","contentUrl":"https:\/\/bertrand.pl\/wp-content\/uploads\/2024\/07\/geze_ramieniowy.webp","width":1876,"height":1876,"caption":"Samozamykacze. Komfort i bezpiecze\u0144stwo w Twoim domu."},{"@type":"BreadcrumbList","@id":"https:\/\/bertrand.pl\/produkt\/samozamykacze\/#breadcrumb","itemListElement":[{"@type":"ListItem","position":1,"name":"Strona g\u0142\u00f3wna","item":"https:\/\/bertrand.pl\/"},{"@type":"ListItem","position":2,"name":"Produits","item":"https:\/\/bertrand.pl\/fr\/shop\/"},{"@type":"ListItem","position":3,"name":"Samozamykacze do drzwi"}]},{"@type":"WebSite","@id":"https:\/\/bertrand.pl\/#website","url":"https:\/\/bertrand.pl\/","name":"Bertrand.pl","description":"Firma Bertrand to certyfikowany i uznany producent najwy\u017cszej jako\u015bci okien z PVC, z drewna lub aluminium. Produkcja drzwi, rolet i bram gara\u017cowych.","publisher":{"@id":"https:\/\/bertrand.pl\/#organization"},"potentialAction":[{"@type":"SearchAction","target":{"@type":"EntryPoint","urlTemplate":"https:\/\/bertrand.pl\/?s={search_term_string}"},"query-input":{"@type":"PropertyValueSpecification","valueRequired":true,"valueName":"search_term_string"}}],"inLanguage":"fr-FR"},{"@type":"Organization","@id":"https:\/\/bertrand.pl\/#organization","name":"Bertrand.pl","url":"https:\/\/bertrand.pl\/","logo":{"@type":"ImageObject","inLanguage":"fr-FR","@id":"https:\/\/bertrand.pl\/#\/schema\/logo\/image\/","url":"https:\/\/bertrand.pl\/wp-content\/uploads\/2024\/12\/logo_BB_TM_PL_black.png","contentUrl":"https:\/\/bertrand.pl\/wp-content\/uploads\/2024\/12\/logo_BB_TM_PL_black.png","width":1831,"height":1831,"caption":"Bertrand.pl"},"image":{"@id":"https:\/\/bertrand.pl\/#\/schema\/logo\/image\/"},"sameAs":["https:\/\/www.facebook.com\/bertrandpolska\/","https:\/\/www.instagram.com\/bertrand_okna_i_drzwi\/","https:\/\/www.linkedin.com\/company\/bertrand\/","https:\/\/www.tiktok.com\/@bertrand_okna_drzwi"]}]}},"_links":{"self":[{"href":"https:\/\/bertrand.pl\/fr\/wp-json\/wp\/v2\/product\/4118","targetHints":{"allow":["GET"]}}],"collection":[{"href":"https:\/\/bertrand.pl\/fr\/wp-json\/wp\/v2\/product"}],"about":[{"href":"https:\/\/bertrand.pl\/fr\/wp-json\/wp\/v2\/types\/product"}],"wp:featuredmedia":[{"embeddable":true,"href":"https:\/\/bertrand.pl\/fr\/wp-json\/wp\/v2\/media\/4772"}],"wp:attachment":[{"href":"https:\/\/bertrand.pl\/fr\/wp-json\/wp\/v2\/media?parent=4118"}],"wp:term":[{"taxonomy":"product_brand","embeddable":true,"href":"https:\/\/bertrand.pl\/fr\/wp-json\/wp\/v2\/product_brand?post=4118"},{"taxonomy":"product_cat","embeddable":true,"href":"https:\/\/bertrand.pl\/fr\/wp-json\/wp\/v2\/product_cat?post=4118"},{"taxonomy":"product_tag","embeddable":true,"href":"https:\/\/bertrand.pl\/fr\/wp-json\/wp\/v2\/product_tag?post=4118"}],"curies":[{"name":"wp","href":"https:\/\/api.w.org\/{rel}","templated":true}]}}