{"id":4126,"date":"2024-07-04T08:25:50","date_gmt":"2024-07-04T06:25:50","guid":{"rendered":"https:\/\/bertrand.pl\/?post_type=product&#038;p=4126"},"modified":"2025-01-13T15:14:07","modified_gmt":"2025-01-13T14:14:07","slug":"somnifere","status":"publish","type":"product","link":"https:\/\/bertrand.pl\/fr\/produkt\/somfy\/","title":{"rendered":"Accessoires Somfy"},"content":{"rendered":"<h4><strong>R\u00e9volutionnez la gestion de votre maison avec Somfy \u2013 une maison intelligente \u00e0 port\u00e9e de main !\u00a0<\/strong><\/h4>\n<p>&nbsp;<\/p>\n<p class=\"translation-block\">D\u00e9couvrez des accessoires avanc\u00e9s qui rendront votre maison encore plus moderne et fonctionnelle. Gr\u00e2ce \u00e0 la technologie <strong>Somfy<\/strong>, vous pouvez facilement contr\u00f4ler vos fen\u00eatres, stores, rideaux ou auvents, ainsi que g\u00e9rer l'\u00e9clairage et les syst\u00e8mes de s\u00e9curit\u00e9. De plus, ces syst\u00e8mes permettent une automatisation compl\u00e8te, rendant votre maison parfaitement adapt\u00e9e \u00e0 votre mode de vie.<\/p>\n<p>&nbsp;<\/p>\n<p class=\"translation-block\">Les t\u00e9l\u00e9commandes et interrupteurs Somfy sont des dispositifs qui simplifient consid\u00e9rablement la gestion de la maison. Ils permettent de contr\u00f4ler rapidement et facilement les stores, rideaux et auvents, de r\u00e9gler le niveau de lumi\u00e8re et d\u2019intimit\u00e9 en une seule touche, ou d\u2019ajuster le fonctionnement des appareils, peu importe o\u00f9 vous vous trouvez. De plus, gr\u00e2ce \u00e0 leur fonctionnement intuitif, ces dispositifs sont faciles \u00e0 utiliser pour tous les membres de la famille.<\/p>\n<p>&nbsp;<\/p>\n<hr \/>\n<h4><strong>Contr\u00f4leurs automatiques \u2013 gestion intelligente pour des \u00e9conomies et une s\u00e9curit\u00e9 accrues<\/strong><\/h4>\n<p>&nbsp;<\/p>\n<p class=\"translation-block\">Les contr\u00f4leurs automatiques Somfy \u00e9l\u00e8vent votre maison \u00e0 un niveau sup\u00e9rieur d\u2019intelligence. Gr\u00e2ce \u00e0 eux, vous pouvez programmer vos stores pour qu\u2019ils s\u2019adaptent \u00e0 l\u2019heure de la journ\u00e9e ou aux conditions m\u00e9t\u00e9orologiques. Ils prot\u00e8gent \u00e9galement vos int\u00e9rieurs de la surchauffe ou de l\u2019ensoleillement excessif. Fait int\u00e9ressant, ils permettent aussi de simuler la pr\u00e9sence des occupants lors de vos absences, renfor\u00e7ant ainsi la protection contre les cambriolages. De plus, la gestion automatique des protections solaires et de l\u2019\u00e9clairage se traduit par des \u00e9conomies d\u2019\u00e9nergie consid\u00e9rables, profitant \u00e0 la fois \u00e0 votre portefeuille et \u00e0 l\u2019environnement.<\/p>\n<h3><\/h3>\n<h3><strong>Somfy \u2013 des solutions compl\u00e8tes pour une maison intelligente<\/strong><\/h3>\n<p>&nbsp;<\/p>\n<p class=\"translation-block\">La technologie Smart Home permet l\u2019int\u00e9gration de divers appareils en un syst\u00e8me coh\u00e9rent. Cela vous permet de g\u00e9rer l\u2019\u00e9clairage, les stores et les rideaux depuis n\u2019importe o\u00f9, de contr\u00f4ler les portails de garage, d\u2019entr\u00e9e ainsi que les syst\u00e8mes d\u2019alarme, et de surveiller votre maison gr\u00e2ce \u00e0 des cam\u00e9ras et une application mobile. Ce qui est essentiel, c\u2019est que toutes ces fonctions sont accessibles via votre smartphone, tablette, montre connect\u00e9e ou ordinateur, vous offrant un contr\u00f4le total sur votre maison, o\u00f9 que vous soyez.<\/p>\n<h3><\/h3>\n<h3><strong>Pourquoi choisir Somfy ?<\/strong><\/h3>\n<p>&nbsp;<\/p>\n<ol>\n<li class=\"translation-block\"><strong>Automatisation compl\u00e8te de la maison<\/strong> \u2013 inclut non seulement les protections solaires, mais aussi les syst\u00e8mes d\u2019alarme et de surveillance.<\/li>\n<li class=\"translation-block\"><strong>S\u00e9curit\u00e9 renforc\u00e9e<\/strong> \u2013 les syst\u00e8mes simulant la pr\u00e9sence des occupants dissuadent efficacement les cambrioleurs potentiels.<\/li>\n<li class=\"translation-block\"><strong>Utilisation intuitive<\/strong> \u2013 contr\u00f4le facile via des appareils mobiles modernes.<\/li>\n<li class=\"translation-block\"><strong>\u00c9conomies d'\u00e9nergie<\/strong> \u2013 l'ajustement du fonctionnement des appareils aux conditions m\u00e9t\u00e9orologiques minimise la consommation d'\u00e9nergie.<\/li>\n<li class=\"translation-block\"><strong>Fiabilit\u00e9 et qualit\u00e9<\/strong> \u2013 les produits Somfy sont r\u00e9put\u00e9s pour leur durabilit\u00e9 et leur innovation.<\/li>\n<\/ol>\n<hr \/>\n<h3><\/h3>\n<p>Votre maison deviendra intelligente, moderne et adapt\u00e9e \u00e0 vos besoins. De plus, gr\u00e2ce \u00e0 des accessoires avanc\u00e9s tels que des t\u00e9l\u00e9commandes, des interrupteurs et des contr\u00f4leurs automatiques, vous b\u00e9n\u00e9ficiez de confort, d'\u00e9conomies et d'un contr\u00f4le total. Somfy est une solution qui allie innovation et simplicit\u00e9 d'utilisation, permettant \u00e0 chaque maison de devenir un lieu tourn\u00e9 vers l'avenir.<\/p>\n<p class=\"translation-block\"><strong>Somfy \u2013 la technologie qui am\u00e9liore votre maison ! D\u00e9couvrez-en plus sur les avantages uniques de Somfy ici : <a href=\"https:\/\/bertrand.pl\/fr\/maison-intelligente-confort-et-technologie-a-portee-de-main\/\" target=\"_self\">Maison intelligente \u2013 confort et technologie \u00e0 port\u00e9e de main \u2013 Bertrand.fr<\/a><\/strong><\/p>\n<p>&nbsp;<\/p>\n<p><img fetchpriority=\"high\" decoding=\"async\" class=\"wp-image-4768 size-full\" title=\"Somfy\" src=\"https:\/\/bertrand.pl\/wp-content\/uploads\/2024\/07\/inteligentny-dom-Somfy.webp\" alt=\"Somfy, une maison intelligente \u00e0 port\u00e9e de main !\" width=\"979\" height=\"693\" srcset=\"https:\/\/bertrand.pl\/wp-content\/uploads\/2024\/07\/inteligentny-dom-Somfy.webp 979w, https:\/\/bertrand.pl\/wp-content\/uploads\/2024\/07\/inteligentny-dom-Somfy-420x297.webp 420w, https:\/\/bertrand.pl\/wp-content\/uploads\/2024\/07\/inteligentny-dom-Somfy-768x544.webp 768w, https:\/\/bertrand.pl\/wp-content\/uploads\/2024\/07\/inteligentny-dom-Somfy-18x12.webp 18w, https:\/\/bertrand.pl\/wp-content\/uploads\/2024\/07\/inteligentny-dom-Somfy-600x425.webp 600w\" sizes=\"(max-width: 979px) 100vw, 979px\" \/><\/p>\n<div id=\"comp-lg3uokbt\" class=\"HcOXKn c9GqVL QxJLC3 comp-lg3uokbt wixui-rich-text\" data-testid=\"richTextElement\">\n<p class=\"font_8 wixui-rich-text__text\" style=\"text-align: center;\"><strong><span class=\"wixui-rich-text__text\">Smart Home avec le syst\u00e8me SOMFY vous permet de communiquer avec toute votre maison, o\u00f9 que vous soyez.<\/span><\/strong><\/p>\n<p class=\"font_8 wixui-rich-text__text\" style=\"text-align: center;\"><strong><span class=\"wixui-rich-text__text\">Votre maison avec Somfy deviendra intelligente, et vous gagnerez en confort et en contr\u00f4le.<\/span><\/strong><\/p>\n<\/div>\n<div id=\"comp-lg3v1ue5\" class=\"MazNVa comp-lg3v1ue5 wixui-image\">\n<div class=\"j7pOnl\" style=\"text-align: center;\" data-testid=\"linkElement\"><img decoding=\"async\" class=\"\" src=\"https:\/\/static.wixstatic.com\/media\/33e86f_0d76b904f94c46b6b3cf1825f5ad2187~mv2.png\/v1\/fill\/w_246,h_85,al_c,q_85,usm_0.66_1.00_0.01,enc_auto\/urzadzenia.png\" srcset=\"https:\/\/static.wixstatic.com\/media\/33e86f_0d76b904f94c46b6b3cf1825f5ad2187~mv2.png\/v1\/fill\/w_246,h_85,al_c,q_85,usm_0.66_1.00_0.01,enc_auto\/urzadzenia.png\" alt=\"Maison intelligente | OknoSlide Bielsko-Bia\u0142a\" width=\"110\" height=\"38\" \/><span style=\"font-size: 16px;\">Vous pouvez g\u00e9rer les syst\u00e8mes de maison intelligente Somfy de n&#039;importe o\u00f9, o\u00f9 que vous soyez, \u00e0 l&#039;aide d&#039;un smartphone, d&#039;une tablette, d&#039;une montre connect\u00e9e ou d&#039;un ordinateur.<\/span><\/div>\n<\/div>","protected":false},"excerpt":{"rendered":"<p>D\u00e9couvrez notre gamme d&#039;accessoires avanc\u00e9s qui r\u00e9volutionneront la gestion de vos fen\u00eatres et stores.<\/p>","protected":false},"featured_media":4770,"template":"","meta":{"site-sidebar-layout":"default","site-content-layout":"","ast-site-content-layout":"default","site-content-style":"default","site-sidebar-style":"default","ast-global-header-display":"","ast-banner-title-visibility":"","ast-main-header-display":"","ast-hfb-above-header-display":"","ast-hfb-below-header-display":"","ast-hfb-mobile-header-display":"","site-post-title":"","ast-breadcrumbs-content":"","ast-featured-img":"","footer-sml-layout":"","ast-disable-related-posts":"","theme-transparent-header-meta":"default","adv-header-id-meta":"","stick-header-meta":"","header-above-stick-meta":"","header-main-stick-meta":"","header-below-stick-meta":"","astra-migrate-meta-layouts":"set","ast-page-background-enabled":"default","ast-page-background-meta":{"desktop":{"background-color":"var(--ast-global-color-4)","background-image":"","background-repeat":"repeat","background-position":"center center","background-size":"auto","background-attachment":"scroll","background-type":"","background-media":"","overlay-type":"","overlay-color":"","overlay-opacity":"","overlay-gradient":""},"tablet":{"background-color":"","background-image":"","background-repeat":"repeat","background-position":"center center","background-size":"auto","background-attachment":"scroll","background-type":"","background-media":"","overlay-type":"","overlay-color":"","overlay-opacity":"","overlay-gradient":""},"mobile":{"background-color":"","background-image":"","background-repeat":"repeat","background-position":"center center","background-size":"auto","background-attachment":"scroll","background-type":"","background-media":"","overlay-type":"","overlay-color":"","overlay-opacity":"","overlay-gradient":""}},"ast-content-background-meta":{"desktop":{"background-color":"var(--ast-global-color-5)","background-image":"","background-repeat":"repeat","background-position":"center center","background-size":"auto","background-attachment":"scroll","background-type":"","background-media":"","overlay-type":"","overlay-color":"","overlay-opacity":"","overlay-gradient":""},"tablet":{"background-color":"var(--ast-global-color-5)","background-image":"","background-repeat":"repeat","background-position":"center center","background-size":"auto","background-attachment":"scroll","background-type":"","background-media":"","overlay-type":"","overlay-color":"","overlay-opacity":"","overlay-gradient":""},"mobile":{"background-color":"var(--ast-global-color-5)","background-image":"","background-repeat":"repeat","background-position":"center center","background-size":"auto","background-attachment":"scroll","background-type":"","background-media":"","overlay-type":"","overlay-color":"","overlay-opacity":"","overlay-gradient":""}}},"product_brand":[],"product_cat":[23],"product_tag":[510,518,168,360,511,175,516,512,174,170,519,517,515,514,513],"class_list":{"0":"post-4126","1":"product","2":"type-product","3":"status-publish","4":"has-post-thumbnail","6":"product_cat-akcesoria","7":"product_tag-akcesoria","8":"product_tag-automatyzacja","9":"product_tag-bertrand","10":"product_tag-bezpieczenstwo","11":"product_tag-bramy","12":"product_tag-drzwi","13":"product_tag-inteligentny-dom","14":"product_tag-moskitiery","15":"product_tag-okna","16":"product_tag-rolety","17":"product_tag-somfy","18":"product_tag-sterowanie-domem","19":"product_tag-systemy-inteligentne","20":"product_tag-systemy-okienne","21":"product_tag-zaluzje","22":"desktop-align-left","23":"tablet-align-left","24":"mobile-align-left","26":"first","27":"instock","28":"shipping-taxable","29":"product-type-simple"},"yoast_head":"<!-- This site is optimized with the Yoast SEO Premium plugin v27.2 (Yoast SEO v27.2) - https:\/\/yoast.com\/product\/yoast-seo-premium-wordpress\/ -->\n<title>Akcesoria Somfy - Bertrand. Najwy\u017cszej jako\u015bci okna i drzwi. Certyfikowany producent od 1969 roku.<\/title>\n<meta name=\"description\" content=\"Somfy, inteligentny dom dla Ciebie! Odkryj zaawansowane akcesoria, kt\u00f3re sprawi\u0105, \u017ce Tw\u00f3j dom stanie si\u0119 jeszcze bardziej nowoczesny i funkcjonalny.\" \/>\n<meta name=\"robots\" content=\"index, follow, max-snippet:-1, max-image-preview:large, max-video-preview:-1\" \/>\n<link rel=\"canonical\" href=\"https:\/\/bertrand.pl\/fr\/produit\/somnifere\/\" \/>\n<meta property=\"og:locale\" content=\"fr_FR\" \/>\n<meta property=\"og:type\" content=\"article\" \/>\n<meta property=\"og:title\" content=\"Akcesoria Somfy\" \/>\n<meta property=\"og:description\" content=\"Somfy, inteligentny dom dla Ciebie! Odkryj zaawansowane akcesoria, kt\u00f3re sprawi\u0105, \u017ce Tw\u00f3j dom stanie si\u0119 jeszcze bardziej nowoczesny i funkcjonalny.\" \/>\n<meta property=\"og:url\" content=\"https:\/\/bertrand.pl\/fr\/produit\/somnifere\/\" \/>\n<meta property=\"og:site_name\" content=\"Bertrand. Najwy\u017cszej jako\u015bci okna i drzwi. Certyfikowany producent od 1969 roku.\" \/>\n<meta property=\"article:publisher\" content=\"https:\/\/www.facebook.com\/bertrandpolska\/\" \/>\n<meta property=\"article:modified_time\" content=\"2025-01-13T14:14:07+00:00\" \/>\n<meta property=\"og:image\" content=\"https:\/\/bertrand.pl\/wp-content\/uploads\/2024\/07\/TaHoma_switch_LP_app_screens_625x625_MY_HOME.webp\" \/>\n\t<meta property=\"og:image:width\" content=\"400\" \/>\n\t<meta property=\"og:image:height\" content=\"400\" \/>\n\t<meta property=\"og:image:type\" content=\"image\/webp\" \/>\n<meta name=\"twitter:card\" content=\"summary_large_image\" \/>\n<meta name=\"twitter:label1\" content=\"Dur\u00e9e de lecture estim\u00e9e\" \/>\n\t<meta name=\"twitter:data1\" content=\"4 minutes\" \/>\n<script type=\"application\/ld+json\" class=\"yoast-schema-graph\">{\"@context\":\"https:\/\/schema.org\",\"@graph\":[{\"@type\":\"WebPage\",\"@id\":\"https:\/\/bertrand.pl\/produkt\/somfy\/\",\"url\":\"https:\/\/bertrand.pl\/produkt\/somfy\/\",\"name\":\"Akcesoria Somfy - Bertrand. Najwy\u017cszej jako\u015bci okna i drzwi. Certyfikowany producent od 1969 roku.\",\"isPartOf\":{\"@id\":\"https:\/\/bertrand.pl\/#website\"},\"primaryImageOfPage\":{\"@id\":\"https:\/\/bertrand.pl\/produkt\/somfy\/#primaryimage\"},\"image\":{\"@id\":\"https:\/\/bertrand.pl\/produkt\/somfy\/#primaryimage\"},\"thumbnailUrl\":\"https:\/\/bertrand.pl\/wp-content\/uploads\/2024\/07\/TaHoma_switch_LP_app_screens_625x625_MY_HOME.webp\",\"datePublished\":\"2024-07-04T06:25:50+00:00\",\"dateModified\":\"2025-01-13T14:14:07+00:00\",\"description\":\"Somfy, inteligentny dom dla Ciebie! Odkryj zaawansowane akcesoria, kt\u00f3re sprawi\u0105, \u017ce Tw\u00f3j dom stanie si\u0119 jeszcze bardziej nowoczesny i funkcjonalny.\",\"breadcrumb\":{\"@id\":\"https:\/\/bertrand.pl\/produkt\/somfy\/#breadcrumb\"},\"inLanguage\":\"fr-FR\",\"potentialAction\":[{\"@type\":\"ReadAction\",\"target\":[\"https:\/\/bertrand.pl\/produkt\/somfy\/\"]}]},{\"@type\":\"ImageObject\",\"inLanguage\":\"fr-FR\",\"@id\":\"https:\/\/bertrand.pl\/produkt\/somfy\/#primaryimage\",\"url\":\"https:\/\/bertrand.pl\/wp-content\/uploads\/2024\/07\/TaHoma_switch_LP_app_screens_625x625_MY_HOME.webp\",\"contentUrl\":\"https:\/\/bertrand.pl\/wp-content\/uploads\/2024\/07\/TaHoma_switch_LP_app_screens_625x625_MY_HOME.webp\",\"width\":400,\"height\":400},{\"@type\":\"BreadcrumbList\",\"@id\":\"https:\/\/bertrand.pl\/produkt\/somfy\/#breadcrumb\",\"itemListElement\":[{\"@type\":\"ListItem\",\"position\":1,\"name\":\"Strona g\u0142\u00f3wna\",\"item\":\"https:\/\/bertrand.pl\/\"},{\"@type\":\"ListItem\",\"position\":2,\"name\":\"Produits\",\"item\":\"https:\/\/bertrand.pl\/fr\/shop\/\"},{\"@type\":\"ListItem\",\"position\":3,\"name\":\"Akcesoria Somfy\"}]},{\"@type\":\"WebSite\",\"@id\":\"https:\/\/bertrand.pl\/#website\",\"url\":\"https:\/\/bertrand.pl\/\",\"name\":\"Bertrand.pl\",\"description\":\"Firma Bertrand to certyfikowany i uznany producent najwy\u017cszej jako\u015bci okien z PVC, z drewna lub aluminium. Produkcja drzwi, rolet i bram gara\u017cowych.\",\"publisher\":{\"@id\":\"https:\/\/bertrand.pl\/#organization\"},\"potentialAction\":[{\"@type\":\"SearchAction\",\"target\":{\"@type\":\"EntryPoint\",\"urlTemplate\":\"https:\/\/bertrand.pl\/?s={search_term_string}\"},\"query-input\":{\"@type\":\"PropertyValueSpecification\",\"valueRequired\":true,\"valueName\":\"search_term_string\"}}],\"inLanguage\":\"fr-FR\"},{\"@type\":\"Organization\",\"@id\":\"https:\/\/bertrand.pl\/#organization\",\"name\":\"Bertrand.pl\",\"url\":\"https:\/\/bertrand.pl\/\",\"logo\":{\"@type\":\"ImageObject\",\"inLanguage\":\"fr-FR\",\"@id\":\"https:\/\/bertrand.pl\/#\/schema\/logo\/image\/\",\"url\":\"https:\/\/bertrand.pl\/wp-content\/uploads\/2024\/12\/logo_BB_TM_PL_black.png\",\"contentUrl\":\"https:\/\/bertrand.pl\/wp-content\/uploads\/2024\/12\/logo_BB_TM_PL_black.png\",\"width\":1831,\"height\":1831,\"caption\":\"Bertrand.pl\"},\"image\":{\"@id\":\"https:\/\/bertrand.pl\/#\/schema\/logo\/image\/\"},\"sameAs\":[\"https:\/\/www.facebook.com\/bertrandpolska\/\",\"https:\/\/www.instagram.com\/bertrand_okna_i_drzwi\/\",\"https:\/\/www.linkedin.com\/company\/bertrand\/\",\"https:\/\/www.tiktok.com\/@bertrand_okna_drzwi\"]}]}<\/script>\n<!-- \/ Yoast SEO Premium plugin. -->","yoast_head_json":{"title":"Akcesoria Somfy - Bertrand. Najwy\u017cszej jako\u015bci okna i drzwi. Certyfikowany producent od 1969 roku.","description":"Somfy, une maison intelligente pour vous ! D\u00e9couvrez des accessoires avanc\u00e9s qui rendront votre maison encore plus moderne et fonctionnelle.","robots":{"index":"index","follow":"follow","max-snippet":"max-snippet:-1","max-image-preview":"max-image-preview:large","max-video-preview":"max-video-preview:-1"},"canonical":"https:\/\/bertrand.pl\/fr\/produit\/somnifere\/","og_locale":"fr_FR","og_type":"article","og_title":"Akcesoria Somfy","og_description":"Somfy, inteligentny dom dla Ciebie! Odkryj zaawansowane akcesoria, kt\u00f3re sprawi\u0105, \u017ce Tw\u00f3j dom stanie si\u0119 jeszcze bardziej nowoczesny i funkcjonalny.","og_url":"https:\/\/bertrand.pl\/fr\/produit\/somnifere\/","og_site_name":"Bertrand. Najwy\u017cszej jako\u015bci okna i drzwi. Certyfikowany producent od 1969 roku.","article_publisher":"https:\/\/www.facebook.com\/bertrandpolska\/","article_modified_time":"2025-01-13T14:14:07+00:00","og_image":[{"width":400,"height":400,"url":"https:\/\/bertrand.pl\/wp-content\/uploads\/2024\/07\/TaHoma_switch_LP_app_screens_625x625_MY_HOME.webp","type":"image\/webp"}],"twitter_card":"summary_large_image","twitter_misc":{"Dur\u00e9e de lecture estim\u00e9e":"4 minutes"},"schema":{"@context":"https:\/\/schema.org","@graph":[{"@type":"WebPage","@id":"https:\/\/bertrand.pl\/produkt\/somfy\/","url":"https:\/\/bertrand.pl\/produkt\/somfy\/","name":"Akcesoria Somfy - Bertrand. Najwy\u017cszej jako\u015bci okna i drzwi. Certyfikowany producent od 1969 roku.","isPartOf":{"@id":"https:\/\/bertrand.pl\/#website"},"primaryImageOfPage":{"@id":"https:\/\/bertrand.pl\/produkt\/somfy\/#primaryimage"},"image":{"@id":"https:\/\/bertrand.pl\/produkt\/somfy\/#primaryimage"},"thumbnailUrl":"https:\/\/bertrand.pl\/wp-content\/uploads\/2024\/07\/TaHoma_switch_LP_app_screens_625x625_MY_HOME.webp","datePublished":"2024-07-04T06:25:50+00:00","dateModified":"2025-01-13T14:14:07+00:00","description":"Somfy, une maison intelligente pour vous ! D\u00e9couvrez des accessoires avanc\u00e9s qui rendront votre maison encore plus moderne et fonctionnelle.","breadcrumb":{"@id":"https:\/\/bertrand.pl\/produkt\/somfy\/#breadcrumb"},"inLanguage":"fr-FR","potentialAction":[{"@type":"ReadAction","target":["https:\/\/bertrand.pl\/produkt\/somfy\/"]}]},{"@type":"ImageObject","inLanguage":"fr-FR","@id":"https:\/\/bertrand.pl\/produkt\/somfy\/#primaryimage","url":"https:\/\/bertrand.pl\/wp-content\/uploads\/2024\/07\/TaHoma_switch_LP_app_screens_625x625_MY_HOME.webp","contentUrl":"https:\/\/bertrand.pl\/wp-content\/uploads\/2024\/07\/TaHoma_switch_LP_app_screens_625x625_MY_HOME.webp","width":400,"height":400},{"@type":"BreadcrumbList","@id":"https:\/\/bertrand.pl\/produkt\/somfy\/#breadcrumb","itemListElement":[{"@type":"ListItem","position":1,"name":"Strona g\u0142\u00f3wna","item":"https:\/\/bertrand.pl\/"},{"@type":"ListItem","position":2,"name":"Produits","item":"https:\/\/bertrand.pl\/fr\/shop\/"},{"@type":"ListItem","position":3,"name":"Akcesoria Somfy"}]},{"@type":"WebSite","@id":"https:\/\/bertrand.pl\/#website","url":"https:\/\/bertrand.pl\/","name":"Bertrand.pl","description":"Firma Bertrand to certyfikowany i uznany producent najwy\u017cszej jako\u015bci okien z PVC, z drewna lub aluminium. Produkcja drzwi, rolet i bram gara\u017cowych.","publisher":{"@id":"https:\/\/bertrand.pl\/#organization"},"potentialAction":[{"@type":"SearchAction","target":{"@type":"EntryPoint","urlTemplate":"https:\/\/bertrand.pl\/?s={search_term_string}"},"query-input":{"@type":"PropertyValueSpecification","valueRequired":true,"valueName":"search_term_string"}}],"inLanguage":"fr-FR"},{"@type":"Organization","@id":"https:\/\/bertrand.pl\/#organization","name":"Bertrand.pl","url":"https:\/\/bertrand.pl\/","logo":{"@type":"ImageObject","inLanguage":"fr-FR","@id":"https:\/\/bertrand.pl\/#\/schema\/logo\/image\/","url":"https:\/\/bertrand.pl\/wp-content\/uploads\/2024\/12\/logo_BB_TM_PL_black.png","contentUrl":"https:\/\/bertrand.pl\/wp-content\/uploads\/2024\/12\/logo_BB_TM_PL_black.png","width":1831,"height":1831,"caption":"Bertrand.pl"},"image":{"@id":"https:\/\/bertrand.pl\/#\/schema\/logo\/image\/"},"sameAs":["https:\/\/www.facebook.com\/bertrandpolska\/","https:\/\/www.instagram.com\/bertrand_okna_i_drzwi\/","https:\/\/www.linkedin.com\/company\/bertrand\/","https:\/\/www.tiktok.com\/@bertrand_okna_drzwi"]}]}},"_links":{"self":[{"href":"https:\/\/bertrand.pl\/fr\/wp-json\/wp\/v2\/product\/4126","targetHints":{"allow":["GET"]}}],"collection":[{"href":"https:\/\/bertrand.pl\/fr\/wp-json\/wp\/v2\/product"}],"about":[{"href":"https:\/\/bertrand.pl\/fr\/wp-json\/wp\/v2\/types\/product"}],"wp:featuredmedia":[{"embeddable":true,"href":"https:\/\/bertrand.pl\/fr\/wp-json\/wp\/v2\/media\/4770"}],"wp:attachment":[{"href":"https:\/\/bertrand.pl\/fr\/wp-json\/wp\/v2\/media?parent=4126"}],"wp:term":[{"taxonomy":"product_brand","embeddable":true,"href":"https:\/\/bertrand.pl\/fr\/wp-json\/wp\/v2\/product_brand?post=4126"},{"taxonomy":"product_cat","embeddable":true,"href":"https:\/\/bertrand.pl\/fr\/wp-json\/wp\/v2\/product_cat?post=4126"},{"taxonomy":"product_tag","embeddable":true,"href":"https:\/\/bertrand.pl\/fr\/wp-json\/wp\/v2\/product_tag?post=4126"}],"curies":[{"name":"wp","href":"https:\/\/api.w.org\/{rel}","templated":true}]}}