{"id":4132,"date":"2024-07-04T14:10:46","date_gmt":"2024-07-04T12:10:46","guid":{"rendered":"https:\/\/bertrand.pl\/?post_type=product&#038;p=4132"},"modified":"2025-03-07T12:02:30","modified_gmt":"2025-03-07T11:02:30","slug":"store-de-facade-szf-pw-version-encastree","status":"publish","type":"product","link":"https:\/\/bertrand.pl\/fr\/produkt\/zaluzja-fasadowa-szf-p-w-wersji-podtynkowej\/","title":{"rendered":"Stores de fa\u00e7ade SZF\/P en version encastr\u00e9e"},"content":{"rendered":"<h3>Stores de fa\u00e7ade SZF\/P \u2013 une solution encastr\u00e9e pour les b\u00e2timents modernes<\/h3>\n<p>&nbsp;<\/p>\n<p><strong>Stores de fa\u00e7ade SZF\/P en version encastr\u00e9e<\/strong> est une solution innovante con\u00e7ue pour les nouveaux b\u00e2timents et la modernisation des installations existantes. Gr\u00e2ce \u00e0 l&#039;utilisation d&#039;une structure en aluminium extrud\u00e9 et d&#039;un support sp\u00e9cial pl\u00e2tre, la cassette de recouvrement permet une finition esth\u00e9tique de la fa\u00e7ade avec tout type de pl\u00e2tre. Cette combinaison garantit non seulement la durabilit\u00e9, mais aussi un aspect harmonieux de la fa\u00e7ade.<\/p>\n<p>&nbsp;<\/p>\n<h3>Caract\u00e9ristiques du syst\u00e8me SZF\/P<\/h3>\n<p>&nbsp;<\/p>\n<ul>\n<li><strong>Cassette de couverture<\/strong>: Fabriqu\u00e9 en aluminium, \u00e9quip\u00e9 d&#039;un support en pl\u00e2tre qui lui permet de s&#039;int\u00e9grer pleinement \u00e0 la fa\u00e7ade. Gr\u00e2ce \u00e0 cela, la cassette devient invisible, ce qui souligne l&#039;esth\u00e9tique du b\u00e2timent.<\/li>\n<li><strong>Guides d\u00e9di\u00e9s<\/strong>: Le syst\u00e8me est compatible avec les guides ronds et carr\u00e9s, qui sont \u00e9galement utilis\u00e9s dans les versions autoportantes et adaptatives. Gr\u00e2ce \u00e0 cela, le syst\u00e8me offre de larges possibilit\u00e9s de configuration.<\/li>\n<li><strong>Lattes en aluminium<\/strong>:\n<ul>\n<li><strong>C<\/strong>: Courb\u00e9s des deux c\u00f4t\u00e9s, ils se caract\u00e9risent par une grande rigidit\u00e9 et r\u00e9sistance au vent. Ils peuvent pivoter de 0 \u00e0 180\u00b0.<\/li>\n<li><strong>AVEC<\/strong>: Ils assurent un plus grand obscurcissement et une isolation acoustique suppl\u00e9mentaire gr\u00e2ce aux joints d&#039;insonorisation. Ils tournent de 0 \u00e0 90\u00b0.<\/li>\n<\/ul>\n<\/li>\n<li><strong>Options d&#039;\u00e9pinglage<\/strong>: Les utilisateurs peuvent choisir entre des broches en acier, qui garantissent une plus grande durabilit\u00e9, ou des broches en PVC, qui r\u00e9duisent efficacement le bruit du vent.<\/li>\n<\/ul>\n<h3>Dimensions et flexibilit\u00e9 maximales<\/h3>\n<p>&nbsp;<\/p>\n<p>Le store SZF\/P en version encastr\u00e9e permet la r\u00e9alisation de grands projets. Le syst\u00e8me prend en charge des dimensions maximales de 4 500 mm de largeur et 4 000 mm de hauteur, ce qui donne une superficie allant jusqu&#039;\u00e0 18 m\u00b2. Il est donc id\u00e9al pour les b\u00e2timents dot\u00e9s de grands vitrages, tels que les immeubles de bureaux, les h\u00f4tels ou les maisons unifamiliales modernes.<\/p>\n<p>&nbsp;<\/p>\n<h3>Esth\u00e9tique et fonctionnalit\u00e9 en un<\/h3>\n<p>&nbsp;<\/p>\n<p>Le syst\u00e8me SZF\/P allie un design moderne \u00e0 des solutions pratiques. La cassette, partie int\u00e9grante de la fa\u00e7ade, assure un aspect coh\u00e9rent et \u00e9l\u00e9gant du b\u00e2timent. Les lattes prot\u00e8gent non seulement efficacement du soleil, mais am\u00e9liorent \u00e9galement le confort thermique et acoustique \u00e0 l&#039;int\u00e9rieur des pi\u00e8ces. Gr\u00e2ce aux nombreuses possibilit\u00e9s de configuration, les stores peuvent \u00eatre adapt\u00e9s aux besoins individuels.<\/p>\n<p>&nbsp;<\/p>\n<h3>Parfait pour les b\u00e2timents modernes<\/h3>\n<p>&nbsp;<\/p>\n<p>Le store de fa\u00e7ade SZF\/P en version encastr\u00e9e est une solution qui r\u00e9pond parfaitement aux besoins de la construction moderne. Gr\u00e2ce \u00e0 sa durabilit\u00e9, sa flexibilit\u00e9 de montage et sa grande esth\u00e9tique, ce syst\u00e8me r\u00e9pond aux attentes aussi bien des investisseurs que des architectes. C&#039;est un excellent choix pour les b\u00e2timents o\u00f9 l&#039;\u00e9l\u00e9gance de la fa\u00e7ade, le confort d&#039;utilisation et l&#039;aspect moderne sont importants.<\/p>\n<p>&nbsp;<\/p>\n<figure id=\"attachment_4133\" aria-describedby=\"caption-attachment-4133\" style=\"width: 326px\" class=\"wp-caption alignnone\"><img fetchpriority=\"high\" decoding=\"async\" class=\"wp-image-4133 size-full\" src=\"https:\/\/bertrand.pl\/wp-content\/uploads\/2024\/07\/zaluzje_podtynkowe.jpg\" alt=\"Le store de fa\u00e7ade SZF\/P en version encastr\u00e9e est une solution qui r\u00e9pond parfaitement aux besoins de la construction moderne.\" width=\"326\" height=\"377\" srcset=\"https:\/\/bertrand.pl\/wp-content\/uploads\/2024\/07\/zaluzje_podtynkowe.jpg 326w, https:\/\/bertrand.pl\/wp-content\/uploads\/2024\/07\/zaluzje_podtynkowe-10x12.jpg 10w\" sizes=\"(max-width: 326px) 100vw, 326px\" \/><figcaption id=\"caption-attachment-4133\" class=\"wp-caption-text\">Stores de fa\u00e7ade en version encastr\u00e9e.<\/figcaption><\/figure>\n<p><img decoding=\"async\" class=\"alignnone wp-image-4185\" src=\"https:\/\/bertrand.pl\/wp-content\/uploads\/2024\/07\/logo.svg\" alt=\"\" width=\"198\" height=\"51\" \/><\/p>\n<p>&nbsp;<\/p>\n<h4><strong>VOIR AUSSI :<\/strong><\/h4>\n<p>&nbsp;<\/p>\n<p><a href=\"https:\/\/bertrand.pl\/fr\/marcheurs-francais\/\">Balcons fran\u00e7ais \u2013 Bertrand.pl<\/a><\/p>\n<p><a href=\"https:\/\/www.youtube.com\/watch?v=EnwOhsqrUBA&amp;t=368s\">Bertrand \u00e0 Las Vegas \u2013 IBS 2024<\/a><\/p>","protected":false},"excerpt":{"rendered":"<p>Le store de fa\u00e7ade SZF\/P en version encastr\u00e9e est destin\u00e9 \u00e0 \u00eatre install\u00e9 dans des b\u00e2timents nouvellement construits ou dans des installations existantes apr\u00e8s avoir apport\u00e9 les modifications n\u00e9cessaires au linteau.<\/p>","protected":false},"featured_media":4134,"template":"","meta":{"site-sidebar-layout":"default","site-content-layout":"","ast-site-content-layout":"default","site-content-style":"default","site-sidebar-style":"default","ast-global-header-display":"","ast-banner-title-visibility":"","ast-main-header-display":"","ast-hfb-above-header-display":"","ast-hfb-below-header-display":"","ast-hfb-mobile-header-display":"","site-post-title":"","ast-breadcrumbs-content":"","ast-featured-img":"","footer-sml-layout":"","ast-disable-related-posts":"","theme-transparent-header-meta":"default","adv-header-id-meta":"","stick-header-meta":"","header-above-stick-meta":"","header-main-stick-meta":"","header-below-stick-meta":"","astra-migrate-meta-layouts":"set","ast-page-background-enabled":"default","ast-page-background-meta":{"desktop":{"background-color":"var(--ast-global-color-4)","background-image":"","background-repeat":"repeat","background-position":"center center","background-size":"auto","background-attachment":"scroll","background-type":"","background-media":"","overlay-type":"","overlay-color":"","overlay-opacity":"","overlay-gradient":""},"tablet":{"background-color":"","background-image":"","background-repeat":"repeat","background-position":"center center","background-size":"auto","background-attachment":"scroll","background-type":"","background-media":"","overlay-type":"","overlay-color":"","overlay-opacity":"","overlay-gradient":""},"mobile":{"background-color":"","background-image":"","background-repeat":"repeat","background-position":"center center","background-size":"auto","background-attachment":"scroll","background-type":"","background-media":"","overlay-type":"","overlay-color":"","overlay-opacity":"","overlay-gradient":""}},"ast-content-background-meta":{"desktop":{"background-color":"var(--ast-global-color-5)","background-image":"","background-repeat":"repeat","background-position":"center center","background-size":"auto","background-attachment":"scroll","background-type":"","background-media":"","overlay-type":"","overlay-color":"","overlay-opacity":"","overlay-gradient":""},"tablet":{"background-color":"var(--ast-global-color-5)","background-image":"","background-repeat":"repeat","background-position":"center center","background-size":"auto","background-attachment":"scroll","background-type":"","background-media":"","overlay-type":"","overlay-color":"","overlay-opacity":"","overlay-gradient":""},"mobile":{"background-color":"var(--ast-global-color-5)","background-image":"","background-repeat":"repeat","background-position":"center center","background-size":"auto","background-attachment":"scroll","background-type":"","background-media":"","overlay-type":"","overlay-color":"","overlay-opacity":"","overlay-gradient":""}}},"product_brand":[],"product_cat":[22],"product_tag":[168,571,1061,1117,1086,1071,1072,1073,1102,1111,732,1079,1105,1113,1115,1114,1089,1091,1074,1110,1093,1075,513,1116,520,1109,522,521,1112],"class_list":{"0":"post-4132","1":"product","2":"type-product","3":"status-publish","4":"has-post-thumbnail","6":"product_cat-zaluzje-fasadowe","7":"product_tag-bertrand","8":"product_tag-ekstrudowane-aluminium","9":"product_tag-estetyka-elewacji","10":"product_tag-funkcjonalnosc-oslon","11":"product_tag-kaseta-oslonowa","12":"product_tag-lamele-aluminiowe","13":"product_tag-lamele-c","14":"product_tag-lamele-z","15":"product_tag-nosnik-tynku","16":"product_tag-nowe-budynki","17":"product_tag-odpornosc-na-wiatr","18":"product_tag-piny-pvc","19":"product_tag-powierzchnia-zaluzji","20":"product_tag-prowadnice-do-zabudowy","21":"product_tag-prowadnice-kwadratowe","22":"product_tag-prowadnice-okragle","23":"product_tag-stalowe-piny","24":"product_tag-trwalosc-zaluzji","25":"product_tag-uszczelki-wygluszajace","26":"product_tag-wersja-podtynkowa","27":"product_tag-wymiary-zaluzji","28":"product_tag-zaciemnienie","29":"product_tag-zaluzje","30":"product_tag-zaluzje-do-nowych-obiektow","31":"product_tag-zaluzje-fasadowe","32":"product_tag-zaluzje-fasadowe-szf-p","33":"product_tag-zaluzje-okienne","34":"product_tag-zaluzje-podtynkowe","35":"product_tag-zmiany-w-nadprozu","36":"desktop-align-left","37":"tablet-align-left","38":"mobile-align-left","40":"first","41":"instock","42":"shipping-taxable","43":"product-type-simple"},"yoast_head":"<!-- This site is optimized with the Yoast SEO Premium plugin v27.2 (Yoast SEO v27.2) - https:\/\/yoast.com\/product\/yoast-seo-premium-wordpress\/ -->\n<title>\u017baluzja fasadowa SZF\/P w wersji podtynkowej - Bertrand. Najwy\u017cszej jako\u015bci okna i drzwi. Certyfikowany producent od 1969 roku.<\/title>\n<meta name=\"description\" content=\"\u017baluzja fasadowa SZF\/P w wersji podtynkowej sprawdzi si\u0119 w budynkach, gdzie liczy si\u0119 trwa\u0142o\u015b\u0107, komfort termiczny i elegancja elewacji.\" \/>\n<meta name=\"robots\" content=\"index, follow, max-snippet:-1, max-image-preview:large, max-video-preview:-1\" \/>\n<link rel=\"canonical\" href=\"https:\/\/bertrand.pl\/fr\/produit\/store-de-facade-szf-pw-version-encastree\/\" \/>\n<meta property=\"og:locale\" content=\"fr_FR\" \/>\n<meta property=\"og:type\" content=\"article\" \/>\n<meta property=\"og:title\" content=\"\u017baluzja fasadowa SZF\/P w wersji podtynkowej\" \/>\n<meta property=\"og:description\" content=\"\u017baluzja fasadowa SZF\/P w wersji podtynkowej sprawdzi si\u0119 w budynkach, gdzie liczy si\u0119 trwa\u0142o\u015b\u0107, komfort termiczny i elegancja elewacji.\" \/>\n<meta property=\"og:url\" content=\"https:\/\/bertrand.pl\/fr\/produit\/store-de-facade-szf-pw-version-encastree\/\" \/>\n<meta property=\"og:site_name\" content=\"Bertrand. Najwy\u017cszej jako\u015bci okna i drzwi. Certyfikowany producent od 1969 roku.\" \/>\n<meta property=\"article:publisher\" content=\"https:\/\/www.facebook.com\/bertrandpolska\/\" \/>\n<meta property=\"article:modified_time\" content=\"2025-03-07T11:02:30+00:00\" \/>\n<meta property=\"og:image\" content=\"https:\/\/bertrand.pl\/wp-content\/uploads\/2024\/07\/skyflow_szf_p_4_0_0.jpg\" \/>\n\t<meta property=\"og:image:width\" content=\"450\" \/>\n\t<meta property=\"og:image:height\" content=\"450\" \/>\n\t<meta property=\"og:image:type\" content=\"image\/jpeg\" \/>\n<meta name=\"twitter:card\" content=\"summary_large_image\" \/>\n<meta name=\"twitter:label1\" content=\"Dur\u00e9e de lecture estim\u00e9e\" \/>\n\t<meta name=\"twitter:data1\" content=\"3 minutes\" \/>\n<script type=\"application\/ld+json\" class=\"yoast-schema-graph\">{\"@context\":\"https:\/\/schema.org\",\"@graph\":[{\"@type\":\"WebPage\",\"@id\":\"https:\/\/bertrand.pl\/produkt\/zaluzja-fasadowa-szf-p-w-wersji-podtynkowej\/\",\"url\":\"https:\/\/bertrand.pl\/produkt\/zaluzja-fasadowa-szf-p-w-wersji-podtynkowej\/\",\"name\":\"\u017baluzja fasadowa SZF\/P w wersji podtynkowej - Bertrand. Najwy\u017cszej jako\u015bci okna i drzwi. Certyfikowany producent od 1969 roku.\",\"isPartOf\":{\"@id\":\"https:\/\/bertrand.pl\/#website\"},\"primaryImageOfPage\":{\"@id\":\"https:\/\/bertrand.pl\/produkt\/zaluzja-fasadowa-szf-p-w-wersji-podtynkowej\/#primaryimage\"},\"image\":{\"@id\":\"https:\/\/bertrand.pl\/produkt\/zaluzja-fasadowa-szf-p-w-wersji-podtynkowej\/#primaryimage\"},\"thumbnailUrl\":\"https:\/\/bertrand.pl\/wp-content\/uploads\/2024\/07\/skyflow_szf_p_4_0_0.jpg\",\"datePublished\":\"2024-07-04T12:10:46+00:00\",\"dateModified\":\"2025-03-07T11:02:30+00:00\",\"description\":\"\u017baluzja fasadowa SZF\/P w wersji podtynkowej sprawdzi si\u0119 w budynkach, gdzie liczy si\u0119 trwa\u0142o\u015b\u0107, komfort termiczny i elegancja elewacji.\",\"breadcrumb\":{\"@id\":\"https:\/\/bertrand.pl\/produkt\/zaluzja-fasadowa-szf-p-w-wersji-podtynkowej\/#breadcrumb\"},\"inLanguage\":\"fr-FR\",\"potentialAction\":[{\"@type\":\"ReadAction\",\"target\":[\"https:\/\/bertrand.pl\/produkt\/zaluzja-fasadowa-szf-p-w-wersji-podtynkowej\/\"]}]},{\"@type\":\"ImageObject\",\"inLanguage\":\"fr-FR\",\"@id\":\"https:\/\/bertrand.pl\/produkt\/zaluzja-fasadowa-szf-p-w-wersji-podtynkowej\/#primaryimage\",\"url\":\"https:\/\/bertrand.pl\/wp-content\/uploads\/2024\/07\/skyflow_szf_p_4_0_0.jpg\",\"contentUrl\":\"https:\/\/bertrand.pl\/wp-content\/uploads\/2024\/07\/skyflow_szf_p_4_0_0.jpg\",\"width\":450,\"height\":450},{\"@type\":\"BreadcrumbList\",\"@id\":\"https:\/\/bertrand.pl\/produkt\/zaluzja-fasadowa-szf-p-w-wersji-podtynkowej\/#breadcrumb\",\"itemListElement\":[{\"@type\":\"ListItem\",\"position\":1,\"name\":\"Strona g\u0142\u00f3wna\",\"item\":\"https:\/\/bertrand.pl\/\"},{\"@type\":\"ListItem\",\"position\":2,\"name\":\"Produits\",\"item\":\"https:\/\/bertrand.pl\/fr\/shop\/\"},{\"@type\":\"ListItem\",\"position\":3,\"name\":\"\u017baluzja fasadowa SZF\/P w wersji podtynkowej\"}]},{\"@type\":\"WebSite\",\"@id\":\"https:\/\/bertrand.pl\/#website\",\"url\":\"https:\/\/bertrand.pl\/\",\"name\":\"Bertrand.pl\",\"description\":\"Firma Bertrand to certyfikowany i uznany producent najwy\u017cszej jako\u015bci okien z PVC, z drewna lub aluminium. Produkcja drzwi, rolet i bram gara\u017cowych.\",\"publisher\":{\"@id\":\"https:\/\/bertrand.pl\/#organization\"},\"potentialAction\":[{\"@type\":\"SearchAction\",\"target\":{\"@type\":\"EntryPoint\",\"urlTemplate\":\"https:\/\/bertrand.pl\/?s={search_term_string}\"},\"query-input\":{\"@type\":\"PropertyValueSpecification\",\"valueRequired\":true,\"valueName\":\"search_term_string\"}}],\"inLanguage\":\"fr-FR\"},{\"@type\":\"Organization\",\"@id\":\"https:\/\/bertrand.pl\/#organization\",\"name\":\"Bertrand.pl\",\"url\":\"https:\/\/bertrand.pl\/\",\"logo\":{\"@type\":\"ImageObject\",\"inLanguage\":\"fr-FR\",\"@id\":\"https:\/\/bertrand.pl\/#\/schema\/logo\/image\/\",\"url\":\"https:\/\/bertrand.pl\/wp-content\/uploads\/2024\/12\/logo_BB_TM_PL_black.png\",\"contentUrl\":\"https:\/\/bertrand.pl\/wp-content\/uploads\/2024\/12\/logo_BB_TM_PL_black.png\",\"width\":1831,\"height\":1831,\"caption\":\"Bertrand.pl\"},\"image\":{\"@id\":\"https:\/\/bertrand.pl\/#\/schema\/logo\/image\/\"},\"sameAs\":[\"https:\/\/www.facebook.com\/bertrandpolska\/\",\"https:\/\/www.instagram.com\/bertrand_okna_i_drzwi\/\",\"https:\/\/www.linkedin.com\/company\/bertrand\/\",\"https:\/\/www.tiktok.com\/@bertrand_okna_drzwi\"]}]}<\/script>\n<!-- \/ Yoast SEO Premium plugin. -->","yoast_head_json":{"title":"\u017baluzja fasadowa SZF\/P w wersji podtynkowej - Bertrand. Najwy\u017cszej jako\u015bci okna i drzwi. Certyfikowany producent od 1969 roku.","description":"Le store de fa\u00e7ade encastr\u00e9 SZF\/P est parfait pour les b\u00e2timents o\u00f9 la durabilit\u00e9, le confort thermique et l&#039;\u00e9l\u00e9gance de la fa\u00e7ade sont importants.","robots":{"index":"index","follow":"follow","max-snippet":"max-snippet:-1","max-image-preview":"max-image-preview:large","max-video-preview":"max-video-preview:-1"},"canonical":"https:\/\/bertrand.pl\/fr\/produit\/store-de-facade-szf-pw-version-encastree\/","og_locale":"fr_FR","og_type":"article","og_title":"\u017baluzja fasadowa SZF\/P w wersji podtynkowej","og_description":"\u017baluzja fasadowa SZF\/P w wersji podtynkowej sprawdzi si\u0119 w budynkach, gdzie liczy si\u0119 trwa\u0142o\u015b\u0107, komfort termiczny i elegancja elewacji.","og_url":"https:\/\/bertrand.pl\/fr\/produit\/store-de-facade-szf-pw-version-encastree\/","og_site_name":"Bertrand. Najwy\u017cszej jako\u015bci okna i drzwi. Certyfikowany producent od 1969 roku.","article_publisher":"https:\/\/www.facebook.com\/bertrandpolska\/","article_modified_time":"2025-03-07T11:02:30+00:00","og_image":[{"width":450,"height":450,"url":"https:\/\/bertrand.pl\/wp-content\/uploads\/2024\/07\/skyflow_szf_p_4_0_0.jpg","type":"image\/jpeg"}],"twitter_card":"summary_large_image","twitter_misc":{"Dur\u00e9e de lecture estim\u00e9e":"3 minutes"},"schema":{"@context":"https:\/\/schema.org","@graph":[{"@type":"WebPage","@id":"https:\/\/bertrand.pl\/produkt\/zaluzja-fasadowa-szf-p-w-wersji-podtynkowej\/","url":"https:\/\/bertrand.pl\/produkt\/zaluzja-fasadowa-szf-p-w-wersji-podtynkowej\/","name":"\u017baluzja fasadowa SZF\/P w wersji podtynkowej - Bertrand. Najwy\u017cszej jako\u015bci okna i drzwi. Certyfikowany producent od 1969 roku.","isPartOf":{"@id":"https:\/\/bertrand.pl\/#website"},"primaryImageOfPage":{"@id":"https:\/\/bertrand.pl\/produkt\/zaluzja-fasadowa-szf-p-w-wersji-podtynkowej\/#primaryimage"},"image":{"@id":"https:\/\/bertrand.pl\/produkt\/zaluzja-fasadowa-szf-p-w-wersji-podtynkowej\/#primaryimage"},"thumbnailUrl":"https:\/\/bertrand.pl\/wp-content\/uploads\/2024\/07\/skyflow_szf_p_4_0_0.jpg","datePublished":"2024-07-04T12:10:46+00:00","dateModified":"2025-03-07T11:02:30+00:00","description":"Le store de fa\u00e7ade encastr\u00e9 SZF\/P est parfait pour les b\u00e2timents o\u00f9 la durabilit\u00e9, le confort thermique et l&#039;\u00e9l\u00e9gance de la fa\u00e7ade sont importants.","breadcrumb":{"@id":"https:\/\/bertrand.pl\/produkt\/zaluzja-fasadowa-szf-p-w-wersji-podtynkowej\/#breadcrumb"},"inLanguage":"fr-FR","potentialAction":[{"@type":"ReadAction","target":["https:\/\/bertrand.pl\/produkt\/zaluzja-fasadowa-szf-p-w-wersji-podtynkowej\/"]}]},{"@type":"ImageObject","inLanguage":"fr-FR","@id":"https:\/\/bertrand.pl\/produkt\/zaluzja-fasadowa-szf-p-w-wersji-podtynkowej\/#primaryimage","url":"https:\/\/bertrand.pl\/wp-content\/uploads\/2024\/07\/skyflow_szf_p_4_0_0.jpg","contentUrl":"https:\/\/bertrand.pl\/wp-content\/uploads\/2024\/07\/skyflow_szf_p_4_0_0.jpg","width":450,"height":450},{"@type":"BreadcrumbList","@id":"https:\/\/bertrand.pl\/produkt\/zaluzja-fasadowa-szf-p-w-wersji-podtynkowej\/#breadcrumb","itemListElement":[{"@type":"ListItem","position":1,"name":"Strona g\u0142\u00f3wna","item":"https:\/\/bertrand.pl\/"},{"@type":"ListItem","position":2,"name":"Produits","item":"https:\/\/bertrand.pl\/fr\/shop\/"},{"@type":"ListItem","position":3,"name":"\u017baluzja fasadowa SZF\/P w wersji podtynkowej"}]},{"@type":"WebSite","@id":"https:\/\/bertrand.pl\/#website","url":"https:\/\/bertrand.pl\/","name":"Bertrand.pl","description":"Firma Bertrand to certyfikowany i uznany producent najwy\u017cszej jako\u015bci okien z PVC, z drewna lub aluminium. Produkcja drzwi, rolet i bram gara\u017cowych.","publisher":{"@id":"https:\/\/bertrand.pl\/#organization"},"potentialAction":[{"@type":"SearchAction","target":{"@type":"EntryPoint","urlTemplate":"https:\/\/bertrand.pl\/?s={search_term_string}"},"query-input":{"@type":"PropertyValueSpecification","valueRequired":true,"valueName":"search_term_string"}}],"inLanguage":"fr-FR"},{"@type":"Organization","@id":"https:\/\/bertrand.pl\/#organization","name":"Bertrand.pl","url":"https:\/\/bertrand.pl\/","logo":{"@type":"ImageObject","inLanguage":"fr-FR","@id":"https:\/\/bertrand.pl\/#\/schema\/logo\/image\/","url":"https:\/\/bertrand.pl\/wp-content\/uploads\/2024\/12\/logo_BB_TM_PL_black.png","contentUrl":"https:\/\/bertrand.pl\/wp-content\/uploads\/2024\/12\/logo_BB_TM_PL_black.png","width":1831,"height":1831,"caption":"Bertrand.pl"},"image":{"@id":"https:\/\/bertrand.pl\/#\/schema\/logo\/image\/"},"sameAs":["https:\/\/www.facebook.com\/bertrandpolska\/","https:\/\/www.instagram.com\/bertrand_okna_i_drzwi\/","https:\/\/www.linkedin.com\/company\/bertrand\/","https:\/\/www.tiktok.com\/@bertrand_okna_drzwi"]}]}},"_links":{"self":[{"href":"https:\/\/bertrand.pl\/fr\/wp-json\/wp\/v2\/product\/4132","targetHints":{"allow":["GET"]}}],"collection":[{"href":"https:\/\/bertrand.pl\/fr\/wp-json\/wp\/v2\/product"}],"about":[{"href":"https:\/\/bertrand.pl\/fr\/wp-json\/wp\/v2\/types\/product"}],"wp:featuredmedia":[{"embeddable":true,"href":"https:\/\/bertrand.pl\/fr\/wp-json\/wp\/v2\/media\/4134"}],"wp:attachment":[{"href":"https:\/\/bertrand.pl\/fr\/wp-json\/wp\/v2\/media?parent=4132"}],"wp:term":[{"taxonomy":"product_brand","embeddable":true,"href":"https:\/\/bertrand.pl\/fr\/wp-json\/wp\/v2\/product_brand?post=4132"},{"taxonomy":"product_cat","embeddable":true,"href":"https:\/\/bertrand.pl\/fr\/wp-json\/wp\/v2\/product_cat?post=4132"},{"taxonomy":"product_tag","embeddable":true,"href":"https:\/\/bertrand.pl\/fr\/wp-json\/wp\/v2\/product_tag?post=4132"}],"curies":[{"name":"wp","href":"https:\/\/api.w.org\/{rel}","templated":true}]}}