{"id":4140,"date":"2024-07-04T14:28:53","date_gmt":"2024-07-04T12:28:53","guid":{"rendered":"https:\/\/bertrand.pl\/?post_type=product&#038;p=4140"},"modified":"2024-12-13T12:43:12","modified_gmt":"2024-12-13T11:43:12","slug":"stores-de-facade-en-version-adaptative-2","status":"publish","type":"product","link":"https:\/\/bertrand.pl\/fr\/produkt\/zaluzje-fasadowe-w-wersji-adaptacyjnej\/","title":{"rendered":"Volets de fa\u00e7ade en version adaptative"},"content":{"rendered":"<h3>Stores de fa\u00e7ade en version adaptative - fonctionnalit\u00e9, durabilit\u00e9 et polyvalence<\/h3>\n<p>&nbsp;<\/p>\n<p><strong>Volets de fa\u00e7ade en version adaptative<\/strong>\u00a0est une solution polyvalente qui fonctionne parfaitement dans les b\u00e2timents existants. Gr\u00e2ce \u00e0 la possibilit\u00e9 d&#039;installation en fa\u00e7ade ou dans un embrasure de fen\u00eatre, ce syst\u00e8me est extr\u00eamement flexible et facile \u00e0 utiliser. Il se caract\u00e9rise par de larges options de configuration, ce qui lui permet de r\u00e9pondre aux exigences esth\u00e9tiques et fonctionnelles.<\/p>\n<p>&nbsp;<\/p>\n<h3>Caract\u00e9ristiques des stores de fa\u00e7ade dans la version adaptative<\/h3>\n<p>&nbsp;<\/p>\n<ul>\n<li><strong>Cassette de couverture<\/strong>: Fabriqu\u00e9 en aluminium de 1,2 mm ou 2,0 mm d&#039;\u00e9paisseur, assurant durabilit\u00e9 et r\u00e9sistance aux conditions m\u00e9t\u00e9orologiques. De plus, il est disponible en quatre variantes de construction, ce qui lui permet de s&#039;adapter \u00e0 diff\u00e9rents styles de fa\u00e7ade.<\/li>\n<li><strong>Guides<\/strong>: Les guides en aluminium sont \u00e9quip\u00e9s de poign\u00e9es de r\u00e9glage t\u00e9lescopiques, ce qui facilite leur installation. Le syst\u00e8me propose \u00e9galement des guides-c\u00e2bles qui peuvent \u00eatre combin\u00e9s avec des guides en aluminium dans un seul jeu. Cela rend les stores fonctionnels et universels.<\/li>\n<li><strong>Joints d&#039;insonorisation<\/strong>: Plac\u00e9s dans des guides en aluminium, ils r\u00e9duisent efficacement le bruit des impacts des lattes, ce qui augmente le confort d&#039;utilisation.<\/li>\n<li><strong>Division et configuration<\/strong>: Les doubles guides permettent de diviser les stores en segments, ce qui facilite leur adaptation aux besoins individuels.<\/li>\n<li><strong>Lattes en aluminium<\/strong>:\n<ul>\n<li><strong>C<\/strong>: Courb\u00e9s des deux c\u00f4t\u00e9s, ils se caract\u00e9risent par une grande rigidit\u00e9 et r\u00e9sistance au vent. Les lamelles peuvent \u00eatre tourn\u00e9es dans une plage de 0 \u00e0 180\u00b0.<\/li>\n<li><strong>AVEC<\/strong>: Ils assurent un meilleur obscurcissement et une insonorisation suppl\u00e9mentaire. Leur rotation est de 0 \u00e0 90\u00b0.<\/li>\n<\/ul>\n<\/li>\n<li><strong>\u00c9pingles<\/strong>: Le syst\u00e8me propose des broches en acier pour plus de durabilit\u00e9 ou des broches en PVC pour r\u00e9duire le bruit du vent.<\/li>\n<\/ul>\n<h3>Dimensions maximales des stores adaptatifs<\/h3>\n<p>&nbsp;<\/p>\n<ul>\n<li><strong>Guides en aluminium<\/strong>: Les stores avec ce type de guides peuvent atteindre des dimensions jusqu&#039;\u00e0 4500 \u00d7 4000 mm, ce qui correspond \u00e0 une superficie de 18 m\u00b2.<\/li>\n<li><strong>Guides-c\u00e2bles<\/strong>: Dans ce cas, les dimensions maximales sont de 3000 \u00d7 4000 mm ou 4000 \u00d7 2500 mm, ce qui donne une superficie allant jusqu&#039;\u00e0 12 m\u00b2.<\/li>\n<li><\/li>\n<\/ul>\n<h3>Durabilit\u00e9 et esth\u00e9tique des stores de fa\u00e7ade en version adaptative<\/h3>\n<p>&nbsp;<\/p>\n<p>Les stores adaptatifs se connectent <strong>fonctionnalit\u00e9, durabilit\u00e9 et esth\u00e9tique<\/strong> en une seule solution. Gr\u00e2ce \u00e0 l&#039;utilisation de mat\u00e9riaux de haute qualit\u00e9, comme l&#039;aluminium et le PVC, ce syst\u00e8me r\u00e9siste aux intemp\u00e9ries et \u00e0 un usage intensif. De plus, la vari\u00e9t\u00e9 des options vous permet d&#039;adapter facilement les stores aux besoins des utilisateurs les plus exigeants.<\/p>\n<h3><\/h3>\n<h3>Parfait pour la modernisation<\/h3>\n<p>&nbsp;<\/p>\n<p>Les stores de fa\u00e7ade adaptatifs constituent une excellente solution pour la modernisation des b\u00e2timents car ils ne n\u00e9cessitent aucune interf\u00e9rence avec la structure existante. Gr\u00e2ce \u00e0 diverses options de personnalisation et \u00e0 une installation facile, ces stores r\u00e9pondent aux attentes tant visuellement que pratiquement.<\/p>\n<p>&nbsp;<\/p>\n<figure id=\"attachment_4142\" aria-describedby=\"caption-attachment-4142\" style=\"width: 339px\" class=\"wp-caption alignnone\"><img fetchpriority=\"high\" decoding=\"async\" class=\"wp-image-4142 size-full\" src=\"https:\/\/bertrand.pl\/wp-content\/uploads\/2024\/07\/zaluzja-adaptacyjna.jpg\" alt=\"Les stores de fa\u00e7ade adaptatifs sont une solution parfaite pour la modernisation des b\u00e2timents\" width=\"339\" height=\"377\" srcset=\"https:\/\/bertrand.pl\/wp-content\/uploads\/2024\/07\/zaluzja-adaptacyjna.jpg 339w, https:\/\/bertrand.pl\/wp-content\/uploads\/2024\/07\/zaluzja-adaptacyjna-11x12.jpg 11w\" sizes=\"(max-width: 339px) 100vw, 339px\" \/><figcaption id=\"caption-attachment-4142\" class=\"wp-caption-text\">Stores en version adaptative.<\/figcaption><\/figure>\n<p><img decoding=\"async\" class=\"alignnone wp-image-4185\" src=\"https:\/\/bertrand.pl\/wp-content\/uploads\/2024\/07\/logo.svg\" alt=\"\" width=\"198\" height=\"51\" \/><\/p>","protected":false},"excerpt":{"rendered":"<p>La version adaptative du store est destin\u00e9e \u00e0 \u00eatre install\u00e9e sur la fa\u00e7ade ou dans un embrasure de fen\u00eatre dans des b\u00e2timents existants.<\/p>","protected":false},"featured_media":4141,"template":"","meta":{"site-sidebar-layout":"default","site-content-layout":"","ast-site-content-layout":"default","site-content-style":"default","site-sidebar-style":"default","ast-global-header-display":"","ast-banner-title-visibility":"","ast-main-header-display":"","ast-hfb-above-header-display":"","ast-hfb-below-header-display":"","ast-hfb-mobile-header-display":"","site-post-title":"","ast-breadcrumbs-content":"","ast-featured-img":"","footer-sml-layout":"","ast-disable-related-posts":"","theme-transparent-header-meta":"default","adv-header-id-meta":"","stick-header-meta":"","header-above-stick-meta":"","header-main-stick-meta":"","header-below-stick-meta":"","astra-migrate-meta-layouts":"set","ast-page-background-enabled":"default","ast-page-background-meta":{"desktop":{"background-color":"var(--ast-global-color-4)","background-image":"","background-repeat":"repeat","background-position":"center center","background-size":"auto","background-attachment":"scroll","background-type":"","background-media":"","overlay-type":"","overlay-color":"","overlay-opacity":"","overlay-gradient":""},"tablet":{"background-color":"","background-image":"","background-repeat":"repeat","background-position":"center center","background-size":"auto","background-attachment":"scroll","background-type":"","background-media":"","overlay-type":"","overlay-color":"","overlay-opacity":"","overlay-gradient":""},"mobile":{"background-color":"","background-image":"","background-repeat":"repeat","background-position":"center center","background-size":"auto","background-attachment":"scroll","background-type":"","background-media":"","overlay-type":"","overlay-color":"","overlay-opacity":"","overlay-gradient":""}},"ast-content-background-meta":{"desktop":{"background-color":"var(--ast-global-color-5)","background-image":"","background-repeat":"repeat","background-position":"center center","background-size":"auto","background-attachment":"scroll","background-type":"","background-media":"","overlay-type":"","overlay-color":"","overlay-opacity":"","overlay-gradient":""},"tablet":{"background-color":"var(--ast-global-color-5)","background-image":"","background-repeat":"repeat","background-position":"center center","background-size":"auto","background-attachment":"scroll","background-type":"","background-media":"","overlay-type":"","overlay-color":"","overlay-opacity":"","overlay-gradient":""},"mobile":{"background-color":"var(--ast-global-color-5)","background-image":"","background-repeat":"repeat","background-position":"center center","background-size":"auto","background-attachment":"scroll","background-type":"","background-media":"","overlay-type":"","overlay-color":"","overlay-opacity":"","overlay-gradient":""}}},"product_brand":[],"product_cat":[22],"product_tag":[1087,193,168,1086,1071,1072,1073,1084,1085,1081,732,1079,1090,1088,1089,1094,1091,1074,1093,1075,523,524,1092,1095,520,1096,522],"class_list":{"0":"post-4140","1":"product","2":"type-product","3":"status-publish","4":"has-post-thumbnail","6":"product_cat-zaluzje-fasadowe","7":"product_tag-aluminiowe-prowadnice","8":"product_tag-aluminium","9":"product_tag-bertrand","10":"product_tag-kaseta-oslonowa","11":"product_tag-lamele-aluminiowe","12":"product_tag-lamele-c","13":"product_tag-lamele-z","14":"product_tag-montaz-na-elewacji","15":"product_tag-montaz-we-wnece-okiennej","16":"product_tag-nowoczesne-zaluzje","17":"product_tag-odpornosc-na-wiatr","18":"product_tag-piny-pvc","19":"product_tag-podzial-zaluzji","20":"product_tag-prowadnice-linkowe","21":"product_tag-stalowe-piny","22":"product_tag-teleskopowe-uchwyty","23":"product_tag-trwalosc-zaluzji","24":"product_tag-uszczelki-wygluszajace","25":"product_tag-wymiary-zaluzji","26":"product_tag-zaciemnienie","27":"product_tag-zaluzje-adaptacyjne","28":"product_tag-zaluzje-aluminiowe","29":"product_tag-zaluzje-do-istniejacych-budynkow","30":"product_tag-zaluzje-estetyczne","31":"product_tag-zaluzje-fasadowe","32":"product_tag-zaluzje-funkcjonalne","33":"product_tag-zaluzje-okienne","34":"desktop-align-left","35":"tablet-align-left","36":"mobile-align-left","38":"first","39":"instock","40":"shipping-taxable","41":"product-type-simple"},"yoast_head":"<!-- This site is optimized with the Yoast SEO Premium plugin v27.2 (Yoast SEO v27.2) - https:\/\/yoast.com\/product\/yoast-seo-premium-wordpress\/ -->\n<title>\u017baluzje fasadowe w wersji adaptacyjnej - Bertrand. Najwy\u017cszej jako\u015bci okna i drzwi. Certyfikowany producent od 1969 roku.<\/title>\n<meta name=\"description\" content=\"\u017baluzje fasadowe w wersji adaptacyjnej \u0142\u0105czy trwa\u0142o\u015b\u0107, funkcjonalno\u015b\u0107 i estetyk\u0119. To produkt idealny dla wymagaj\u0105cych u\u017cytkownik\u00f3w.\" \/>\n<meta name=\"robots\" content=\"index, follow, max-snippet:-1, max-image-preview:large, max-video-preview:-1\" \/>\n<link rel=\"canonical\" href=\"https:\/\/bertrand.pl\/fr\/produit\/stores-de-facade-en-version-adaptative-2\/\" \/>\n<meta property=\"og:locale\" content=\"fr_FR\" \/>\n<meta property=\"og:type\" content=\"article\" \/>\n<meta property=\"og:title\" content=\"\u017baluzje fasadowe w wersji adaptacyjnej\" \/>\n<meta property=\"og:description\" content=\"\u017baluzje fasadowe w wersji adaptacyjnej \u0142\u0105czy trwa\u0142o\u015b\u0107, funkcjonalno\u015b\u0107 i estetyk\u0119. To produkt idealny dla wymagaj\u0105cych u\u017cytkownik\u00f3w.\" \/>\n<meta property=\"og:url\" content=\"https:\/\/bertrand.pl\/fr\/produit\/stores-de-facade-en-version-adaptative-2\/\" \/>\n<meta property=\"og:site_name\" content=\"Bertrand. Najwy\u017cszej jako\u015bci okna i drzwi. Certyfikowany producent od 1969 roku.\" \/>\n<meta property=\"article:publisher\" content=\"https:\/\/www.facebook.com\/bertrandpolska\/\" \/>\n<meta property=\"article:modified_time\" content=\"2024-12-13T11:43:12+00:00\" \/>\n<meta property=\"og:image\" content=\"https:\/\/bertrand.pl\/wp-content\/uploads\/2024\/07\/skyflow_szf_a_0.jpg\" \/>\n\t<meta property=\"og:image:width\" content=\"450\" \/>\n\t<meta property=\"og:image:height\" content=\"450\" \/>\n\t<meta property=\"og:image:type\" content=\"image\/jpeg\" \/>\n<meta name=\"twitter:card\" content=\"summary_large_image\" \/>\n<meta name=\"twitter:label1\" content=\"Dur\u00e9e de lecture estim\u00e9e\" \/>\n\t<meta name=\"twitter:data1\" content=\"3 minutes\" \/>\n<script type=\"application\/ld+json\" class=\"yoast-schema-graph\">{\"@context\":\"https:\/\/schema.org\",\"@graph\":[{\"@type\":\"WebPage\",\"@id\":\"https:\/\/bertrand.pl\/produkt\/zaluzje-fasadowe-w-wersji-adaptacyjnej\/\",\"url\":\"https:\/\/bertrand.pl\/produkt\/zaluzje-fasadowe-w-wersji-adaptacyjnej\/\",\"name\":\"\u017baluzje fasadowe w wersji adaptacyjnej - Bertrand. Najwy\u017cszej jako\u015bci okna i drzwi. Certyfikowany producent od 1969 roku.\",\"isPartOf\":{\"@id\":\"https:\/\/bertrand.pl\/#website\"},\"primaryImageOfPage\":{\"@id\":\"https:\/\/bertrand.pl\/produkt\/zaluzje-fasadowe-w-wersji-adaptacyjnej\/#primaryimage\"},\"image\":{\"@id\":\"https:\/\/bertrand.pl\/produkt\/zaluzje-fasadowe-w-wersji-adaptacyjnej\/#primaryimage\"},\"thumbnailUrl\":\"https:\/\/bertrand.pl\/wp-content\/uploads\/2024\/07\/skyflow_szf_a_0.jpg\",\"datePublished\":\"2024-07-04T12:28:53+00:00\",\"dateModified\":\"2024-12-13T11:43:12+00:00\",\"description\":\"\u017baluzje fasadowe w wersji adaptacyjnej \u0142\u0105czy trwa\u0142o\u015b\u0107, funkcjonalno\u015b\u0107 i estetyk\u0119. To produkt idealny dla wymagaj\u0105cych u\u017cytkownik\u00f3w.\",\"breadcrumb\":{\"@id\":\"https:\/\/bertrand.pl\/produkt\/zaluzje-fasadowe-w-wersji-adaptacyjnej\/#breadcrumb\"},\"inLanguage\":\"fr-FR\",\"potentialAction\":[{\"@type\":\"ReadAction\",\"target\":[\"https:\/\/bertrand.pl\/produkt\/zaluzje-fasadowe-w-wersji-adaptacyjnej\/\"]}]},{\"@type\":\"ImageObject\",\"inLanguage\":\"fr-FR\",\"@id\":\"https:\/\/bertrand.pl\/produkt\/zaluzje-fasadowe-w-wersji-adaptacyjnej\/#primaryimage\",\"url\":\"https:\/\/bertrand.pl\/wp-content\/uploads\/2024\/07\/skyflow_szf_a_0.jpg\",\"contentUrl\":\"https:\/\/bertrand.pl\/wp-content\/uploads\/2024\/07\/skyflow_szf_a_0.jpg\",\"width\":450,\"height\":450},{\"@type\":\"BreadcrumbList\",\"@id\":\"https:\/\/bertrand.pl\/produkt\/zaluzje-fasadowe-w-wersji-adaptacyjnej\/#breadcrumb\",\"itemListElement\":[{\"@type\":\"ListItem\",\"position\":1,\"name\":\"Strona g\u0142\u00f3wna\",\"item\":\"https:\/\/bertrand.pl\/\"},{\"@type\":\"ListItem\",\"position\":2,\"name\":\"Produits\",\"item\":\"https:\/\/bertrand.pl\/fr\/shop\/\"},{\"@type\":\"ListItem\",\"position\":3,\"name\":\"\u017baluzje fasadowe w wersji adaptacyjnej\"}]},{\"@type\":\"WebSite\",\"@id\":\"https:\/\/bertrand.pl\/#website\",\"url\":\"https:\/\/bertrand.pl\/\",\"name\":\"Bertrand.pl\",\"description\":\"Firma Bertrand to certyfikowany i uznany producent najwy\u017cszej jako\u015bci okien z PVC, z drewna lub aluminium. Produkcja drzwi, rolet i bram gara\u017cowych.\",\"publisher\":{\"@id\":\"https:\/\/bertrand.pl\/#organization\"},\"potentialAction\":[{\"@type\":\"SearchAction\",\"target\":{\"@type\":\"EntryPoint\",\"urlTemplate\":\"https:\/\/bertrand.pl\/?s={search_term_string}\"},\"query-input\":{\"@type\":\"PropertyValueSpecification\",\"valueRequired\":true,\"valueName\":\"search_term_string\"}}],\"inLanguage\":\"fr-FR\"},{\"@type\":\"Organization\",\"@id\":\"https:\/\/bertrand.pl\/#organization\",\"name\":\"Bertrand.pl\",\"url\":\"https:\/\/bertrand.pl\/\",\"logo\":{\"@type\":\"ImageObject\",\"inLanguage\":\"fr-FR\",\"@id\":\"https:\/\/bertrand.pl\/#\/schema\/logo\/image\/\",\"url\":\"https:\/\/bertrand.pl\/wp-content\/uploads\/2024\/12\/logo_BB_TM_PL_black.png\",\"contentUrl\":\"https:\/\/bertrand.pl\/wp-content\/uploads\/2024\/12\/logo_BB_TM_PL_black.png\",\"width\":1831,\"height\":1831,\"caption\":\"Bertrand.pl\"},\"image\":{\"@id\":\"https:\/\/bertrand.pl\/#\/schema\/logo\/image\/\"},\"sameAs\":[\"https:\/\/www.facebook.com\/bertrandpolska\/\",\"https:\/\/www.instagram.com\/bertrand_okna_i_drzwi\/\",\"https:\/\/www.linkedin.com\/company\/bertrand\/\",\"https:\/\/www.tiktok.com\/@bertrand_okna_drzwi\"]}]}<\/script>\n<!-- \/ Yoast SEO Premium plugin. -->","yoast_head_json":{"title":"\u017baluzje fasadowe w wersji adaptacyjnej - Bertrand. Najwy\u017cszej jako\u015bci okna i drzwi. Certyfikowany producent od 1969 roku.","description":"Les stores de fa\u00e7ade adaptatifs allient durabilit\u00e9, fonctionnalit\u00e9 et esth\u00e9tique. C&#039;est un produit id\u00e9al pour les utilisateurs exigeants.","robots":{"index":"index","follow":"follow","max-snippet":"max-snippet:-1","max-image-preview":"max-image-preview:large","max-video-preview":"max-video-preview:-1"},"canonical":"https:\/\/bertrand.pl\/fr\/produit\/stores-de-facade-en-version-adaptative-2\/","og_locale":"fr_FR","og_type":"article","og_title":"\u017baluzje fasadowe w wersji adaptacyjnej","og_description":"\u017baluzje fasadowe w wersji adaptacyjnej \u0142\u0105czy trwa\u0142o\u015b\u0107, funkcjonalno\u015b\u0107 i estetyk\u0119. To produkt idealny dla wymagaj\u0105cych u\u017cytkownik\u00f3w.","og_url":"https:\/\/bertrand.pl\/fr\/produit\/stores-de-facade-en-version-adaptative-2\/","og_site_name":"Bertrand. Najwy\u017cszej jako\u015bci okna i drzwi. Certyfikowany producent od 1969 roku.","article_publisher":"https:\/\/www.facebook.com\/bertrandpolska\/","article_modified_time":"2024-12-13T11:43:12+00:00","og_image":[{"width":450,"height":450,"url":"https:\/\/bertrand.pl\/wp-content\/uploads\/2024\/07\/skyflow_szf_a_0.jpg","type":"image\/jpeg"}],"twitter_card":"summary_large_image","twitter_misc":{"Dur\u00e9e de lecture estim\u00e9e":"3 minutes"},"schema":{"@context":"https:\/\/schema.org","@graph":[{"@type":"WebPage","@id":"https:\/\/bertrand.pl\/produkt\/zaluzje-fasadowe-w-wersji-adaptacyjnej\/","url":"https:\/\/bertrand.pl\/produkt\/zaluzje-fasadowe-w-wersji-adaptacyjnej\/","name":"\u017baluzje fasadowe w wersji adaptacyjnej - Bertrand. Najwy\u017cszej jako\u015bci okna i drzwi. Certyfikowany producent od 1969 roku.","isPartOf":{"@id":"https:\/\/bertrand.pl\/#website"},"primaryImageOfPage":{"@id":"https:\/\/bertrand.pl\/produkt\/zaluzje-fasadowe-w-wersji-adaptacyjnej\/#primaryimage"},"image":{"@id":"https:\/\/bertrand.pl\/produkt\/zaluzje-fasadowe-w-wersji-adaptacyjnej\/#primaryimage"},"thumbnailUrl":"https:\/\/bertrand.pl\/wp-content\/uploads\/2024\/07\/skyflow_szf_a_0.jpg","datePublished":"2024-07-04T12:28:53+00:00","dateModified":"2024-12-13T11:43:12+00:00","description":"Les stores de fa\u00e7ade adaptatifs allient durabilit\u00e9, fonctionnalit\u00e9 et esth\u00e9tique. C&#039;est un produit id\u00e9al pour les utilisateurs exigeants.","breadcrumb":{"@id":"https:\/\/bertrand.pl\/produkt\/zaluzje-fasadowe-w-wersji-adaptacyjnej\/#breadcrumb"},"inLanguage":"fr-FR","potentialAction":[{"@type":"ReadAction","target":["https:\/\/bertrand.pl\/produkt\/zaluzje-fasadowe-w-wersji-adaptacyjnej\/"]}]},{"@type":"ImageObject","inLanguage":"fr-FR","@id":"https:\/\/bertrand.pl\/produkt\/zaluzje-fasadowe-w-wersji-adaptacyjnej\/#primaryimage","url":"https:\/\/bertrand.pl\/wp-content\/uploads\/2024\/07\/skyflow_szf_a_0.jpg","contentUrl":"https:\/\/bertrand.pl\/wp-content\/uploads\/2024\/07\/skyflow_szf_a_0.jpg","width":450,"height":450},{"@type":"BreadcrumbList","@id":"https:\/\/bertrand.pl\/produkt\/zaluzje-fasadowe-w-wersji-adaptacyjnej\/#breadcrumb","itemListElement":[{"@type":"ListItem","position":1,"name":"Strona g\u0142\u00f3wna","item":"https:\/\/bertrand.pl\/"},{"@type":"ListItem","position":2,"name":"Produits","item":"https:\/\/bertrand.pl\/fr\/shop\/"},{"@type":"ListItem","position":3,"name":"\u017baluzje fasadowe w wersji adaptacyjnej"}]},{"@type":"WebSite","@id":"https:\/\/bertrand.pl\/#website","url":"https:\/\/bertrand.pl\/","name":"Bertrand.pl","description":"Firma Bertrand to certyfikowany i uznany producent najwy\u017cszej jako\u015bci okien z PVC, z drewna lub aluminium. Produkcja drzwi, rolet i bram gara\u017cowych.","publisher":{"@id":"https:\/\/bertrand.pl\/#organization"},"potentialAction":[{"@type":"SearchAction","target":{"@type":"EntryPoint","urlTemplate":"https:\/\/bertrand.pl\/?s={search_term_string}"},"query-input":{"@type":"PropertyValueSpecification","valueRequired":true,"valueName":"search_term_string"}}],"inLanguage":"fr-FR"},{"@type":"Organization","@id":"https:\/\/bertrand.pl\/#organization","name":"Bertrand.pl","url":"https:\/\/bertrand.pl\/","logo":{"@type":"ImageObject","inLanguage":"fr-FR","@id":"https:\/\/bertrand.pl\/#\/schema\/logo\/image\/","url":"https:\/\/bertrand.pl\/wp-content\/uploads\/2024\/12\/logo_BB_TM_PL_black.png","contentUrl":"https:\/\/bertrand.pl\/wp-content\/uploads\/2024\/12\/logo_BB_TM_PL_black.png","width":1831,"height":1831,"caption":"Bertrand.pl"},"image":{"@id":"https:\/\/bertrand.pl\/#\/schema\/logo\/image\/"},"sameAs":["https:\/\/www.facebook.com\/bertrandpolska\/","https:\/\/www.instagram.com\/bertrand_okna_i_drzwi\/","https:\/\/www.linkedin.com\/company\/bertrand\/","https:\/\/www.tiktok.com\/@bertrand_okna_drzwi"]}]}},"_links":{"self":[{"href":"https:\/\/bertrand.pl\/fr\/wp-json\/wp\/v2\/product\/4140","targetHints":{"allow":["GET"]}}],"collection":[{"href":"https:\/\/bertrand.pl\/fr\/wp-json\/wp\/v2\/product"}],"about":[{"href":"https:\/\/bertrand.pl\/fr\/wp-json\/wp\/v2\/types\/product"}],"wp:featuredmedia":[{"embeddable":true,"href":"https:\/\/bertrand.pl\/fr\/wp-json\/wp\/v2\/media\/4141"}],"wp:attachment":[{"href":"https:\/\/bertrand.pl\/fr\/wp-json\/wp\/v2\/media?parent=4140"}],"wp:term":[{"taxonomy":"product_brand","embeddable":true,"href":"https:\/\/bertrand.pl\/fr\/wp-json\/wp\/v2\/product_brand?post=4140"},{"taxonomy":"product_cat","embeddable":true,"href":"https:\/\/bertrand.pl\/fr\/wp-json\/wp\/v2\/product_cat?post=4140"},{"taxonomy":"product_tag","embeddable":true,"href":"https:\/\/bertrand.pl\/fr\/wp-json\/wp\/v2\/product_tag?post=4140"}],"curies":[{"name":"wp","href":"https:\/\/api.w.org\/{rel}","templated":true}]}}