{"id":4143,"date":"2024-07-04T14:33:32","date_gmt":"2024-07-04T12:33:32","guid":{"rendered":"https:\/\/bertrand.pl\/?post_type=product&#038;p=4143"},"modified":"2025-03-07T11:57:23","modified_gmt":"2025-03-07T10:57:23","slug":"store-de-facade-en-version-autoportante","status":"publish","type":"product","link":"https:\/\/bertrand.pl\/fr\/produkt\/zaluzja-fasadowa-w-wersji-samonosnej\/","title":{"rendered":"Stores de fa\u00e7ade autoportants"},"content":{"rendered":"<div class=\"flex-shrink-0 flex flex-col relative items-end\">\n<div>\n<div class=\"pt-0\">\n<div class=\"gizmo-bot-avatar flex h-8 w-8 items-center justify-center overflow-hidden rounded-full\">\n<div class=\"relative p-1 rounded-sm flex items-center justify-center bg-token-main-surface-primary text-token-text-primary h-8 w-8\"><\/div>\n<\/div>\n<\/div>\n<\/div>\n<\/div>\n<div class=\"group\/conversation-turn relative flex w-full min-w-0 flex-col agent-turn\">\n<div class=\"flex-col gap-1 md:gap-3\">\n<div class=\"flex max-w-full flex-col flex-grow\">\n<div class=\"min-h-8 text-message flex w-full flex-col items-end gap-2 whitespace-normal break-words text-start [.text-message+&amp;]:mt-5\" dir=\"auto\" data-message-author-role=\"assistant\" data-message-id=\"7f5cbdb4-dacd-482e-9872-64670cd04abb\" data-message-model-slug=\"gpt-4o\">\n<div class=\"flex w-full flex-col gap-1 empty:hidden first:pt-[3px]\">\n<div class=\"markdown prose w-full break-words dark:prose-invert light\">\n<h3>\u017baluzja fasadowa samono\u015bna \u2013 nowoczesno\u015b\u0107, funkcjonalno\u015b\u0107 i design<\/h3>\n<p>&nbsp;<\/p>\n<p><strong>\u017baluzja fasadowa w wersji samono\u015bnej<\/strong> zosta\u0142a zaprojektowana z my\u015bl\u0105 o nowoczesnych budynkach z du\u017cymi przeszkleniami. Dzi\u0119ki innowacyjnej konstrukcji, prowadnice pe\u0142ni\u0105 funkcj\u0119 no\u015bn\u0105, co pozwala na przeniesienie ci\u0119\u017caru na s\u0142upy fasady. W efekcie eliminuje to konieczno\u015b\u0107 stosowania dodatkowych mocowa\u0144 kasety, co znacz\u0105co u\u0142atwia monta\u017c i poprawia estetyk\u0119 elewacji. Dodatkowo kaseta, wykonana z ekstrudowanego aluminium, pe\u0142ni nie tylko rol\u0119 no\u015bn\u0105, ale r\u00f3wnie\u017c dekoracyjn\u0105. Mo\u017ce by\u0107 dost\u0119pna w wersji owalnej lub kwadratowej, co pozwala dopasowa\u0107 jej wygl\u0105d do stylu prowadnic.<\/p>\n<p>&nbsp;<\/p>\n<h3>Zalety \u017caluzji fasadowych samono\u015bnych<\/h3>\n<p>&nbsp;<\/p>\n<p><strong>Modu\u0142owy monta\u017c<\/strong>: System umo\u017cliwia instalacj\u0119 w jednej kasecie o d\u0142ugo\u015bci do 6000 mm, co sprawia, \u017ce \u017caluzje s\u0105 niezwykle praktyczne. <strong>R\u00f3\u017cnorodno\u015b\u0107 lameli<\/strong>: Dost\u0119pne s\u0105 dwa rodzaje lameli: <strong>Lamele C<\/strong>: Charakteryzuj\u0105 si\u0119 wysok\u0105 sztywno\u015bci\u0105 i odporno\u015bci\u0105 na wiatr, co czyni je doskona\u0142ym wyborem dla wymagaj\u0105cych lokalizacji. Obr\u00f3t lameli mo\u017cliwy jest w zakresie 0\u2013180\u00b0. <strong>Lamele Z<\/strong>: Zapewniaj\u0105 lepsze zaciemnienie, dzi\u0119ki czemu s\u0105 idealne do pomieszcze\u0144 wymagaj\u0105cych wi\u0119kszej ochrony przed \u015bwiat\u0142em. Wyposa\u017cone s\u0105 w uszczelki wyg\u0142uszaj\u0105ce, a ich obr\u00f3t wynosi 0\u201390\u00b0. <strong>Wysoka trwa\u0142o\u015b\u0107<\/strong>: System oferuje mo\u017cliwo\u015b\u0107 wyboru stalowych pin\u00f3w dla wi\u0119kszej wytrzyma\u0142o\u015bci lub pin\u00f3w z PVC, kt\u00f3re redukuj\u0105 ha\u0142as powodowany przez wiatr. <strong>Du\u017ce wymiary<\/strong>: \u017baluzje mog\u0105 osi\u0105ga\u0107 maksymaln\u0105 wielko\u015b\u0107 4500 \u00d7 4000 mm, co odpowiada powierzchni do 18 m\u00b2. Dzi\u0119ki temu s\u0105 idealnym rozwi\u0105zaniem dla du\u017cych przeszkle\u0144.<\/p>\n<h3><\/h3>\n<h3>Komfort i estetyka w jednym<\/h3>\n<p>&nbsp;<\/p>\n<p>\u017baluzja fasadowa w wersji samono\u015bnej doskonale \u0142\u0105czy funkcjonalno\u015b\u0107 z estetyk\u0105. Zapewnia skuteczn\u0105 ochron\u0119 przed nadmiernym nas\u0142onecznieniem, co przek\u0142ada si\u0119 na wi\u0119kszy komfort termiczny i redukcj\u0119 koszt\u00f3w klimatyzacji. Dodatkowo, dzi\u0119ki r\u00f3\u017cnorodno\u015bci lameli oraz nowoczesnemu designowi kaset, systemy te podnosz\u0105 walory wizualne budynk\u00f3w, nadaj\u0105c im elegancki wygl\u0105d.<\/p>\n<p>&nbsp;<\/p>\n<h3>Idealne rozwi\u0105zanie dla nowoczesnych budynk\u00f3w<\/h3>\n<p>&nbsp;<\/p>\n<p>\u017baluzje fasadowe w wersji samono\u015bnej s\u0105 idealnym wyborem dla du\u017cych przeszkle\u0144 w nowoczesnych budynkach. Dzi\u0119ki swojej trwa\u0142o\u015bci, r\u00f3\u017cnorodno\u015bci oraz wysokim parametrom u\u017cytkowym sprawdzaj\u0105 si\u0119 zar\u00f3wno w biurowcach, jak i w budynkach mieszkalnych. Ich monta\u017c nie wymaga skomplikowanych prac, co czyni je rozwi\u0105zaniem niezwykle praktycznym i funkcjonalnym.<\/p>\n<p>&nbsp;<\/p>\n<\/div>\n<\/div>\n<\/div>\n<\/div>\n<\/div>\n<\/div>\n<figure id=\"attachment_4145\" aria-describedby=\"caption-attachment-4145\" style=\"width: 403px\" class=\"wp-caption alignnone\"><img fetchpriority=\"high\" decoding=\"async\" class=\"wp-image-4145 size-full\" src=\"https:\/\/bertrand.pl\/wp-content\/uploads\/2024\/07\/zaluzja-samonosna.jpg\" alt=\"\u017baluzja fasadowa w wersji samono\u015bnej \" width=\"403\" height=\"378\" srcset=\"https:\/\/bertrand.pl\/wp-content\/uploads\/2024\/07\/zaluzja-samonosna.jpg 403w, https:\/\/bertrand.pl\/wp-content\/uploads\/2024\/07\/zaluzja-samonosna-13x12.jpg 13w\" sizes=\"(max-width: 403px) 100vw, 403px\" \/><figcaption id=\"caption-attachment-4145\" class=\"wp-caption-text\">\u017baluzja fasadowa<\/figcaption><\/figure>\n<p><img decoding=\"async\" class=\"alignnone wp-image-4185\" src=\"https:\/\/bertrand.pl\/wp-content\/uploads\/2024\/07\/logo.svg\" alt=\"\" width=\"198\" height=\"51\" \/><\/p>\n<p><strong>ZOBACZ TAK\u017bE:<\/strong><\/p>\n<p>&nbsp;<\/p>\n<p><a href=\"https:\/\/www.youtube.com\/watch?v=GKAc0wQgJYQ\">Simulated Double Hung Window &#8211; Classic Style &amp; Modern Efficiency &#8211; YouTube<\/a><\/p>\n<p><a href=\"https:\/\/bertrand.pl\/balkoniki-francuskie\/\">Balkoniki francuskie &#8211; Bertrand.pl<\/a><\/p>\n","protected":false},"excerpt":{"rendered":"<p>Les stores de fa\u00e7ade autoportants ont \u00e9t\u00e9 con\u00e7us principalement pour l&#039;installation de fa\u00e7ades dans des b\u00e2timents dot\u00e9s de grands vitrages.<\/p>","protected":false},"featured_media":4144,"template":"","meta":{"site-sidebar-layout":"default","site-content-layout":"","ast-site-content-layout":"default","site-content-style":"default","site-sidebar-style":"default","ast-global-header-display":"","ast-banner-title-visibility":"","ast-main-header-display":"","ast-hfb-above-header-display":"","ast-hfb-below-header-display":"","ast-hfb-mobile-header-display":"","site-post-title":"","ast-breadcrumbs-content":"","ast-featured-img":"","footer-sml-layout":"","ast-disable-related-posts":"","theme-transparent-header-meta":"default","adv-header-id-meta":"","stick-header-meta":"","header-above-stick-meta":"","header-main-stick-meta":"","header-below-stick-meta":"","astra-migrate-meta-layouts":"set","ast-page-background-enabled":"default","ast-page-background-meta":{"desktop":{"background-color":"var(--ast-global-color-4)","background-image":"","background-repeat":"repeat","background-position":"center center","background-size":"auto","background-attachment":"scroll","background-type":"","background-media":"","overlay-type":"","overlay-color":"","overlay-opacity":"","overlay-gradient":""},"tablet":{"background-color":"","background-image":"","background-repeat":"repeat","background-position":"center center","background-size":"auto","background-attachment":"scroll","background-type":"","background-media":"","overlay-type":"","overlay-color":"","overlay-opacity":"","overlay-gradient":""},"mobile":{"background-color":"","background-image":"","background-repeat":"repeat","background-position":"center center","background-size":"auto","background-attachment":"scroll","background-type":"","background-media":"","overlay-type":"","overlay-color":"","overlay-opacity":"","overlay-gradient":""}},"ast-content-background-meta":{"desktop":{"background-color":"var(--ast-global-color-5)","background-image":"","background-repeat":"repeat","background-position":"center center","background-size":"auto","background-attachment":"scroll","background-type":"","background-media":"","overlay-type":"","overlay-color":"","overlay-opacity":"","overlay-gradient":""},"tablet":{"background-color":"var(--ast-global-color-5)","background-image":"","background-repeat":"repeat","background-position":"center center","background-size":"auto","background-attachment":"scroll","background-type":"","background-media":"","overlay-type":"","overlay-color":"","overlay-opacity":"","overlay-gradient":""},"mobile":{"background-color":"var(--ast-global-color-5)","background-image":"","background-repeat":"repeat","background-position":"center center","background-size":"auto","background-attachment":"scroll","background-type":"","background-media":"","overlay-type":"","overlay-color":"","overlay-opacity":"","overlay-gradient":""}}},"product_brand":[],"product_cat":[22],"product_tag":[193,1082,1083,1070,1069,1068,1071,1072,1073,1077,1076,1081,801,732,1079,1078,1067,1074,1075,513,524,1080,520,1065,1066,522,525],"class_list":{"0":"post-4143","1":"product","2":"type-product","3":"status-publish","4":"has-post-thumbnail","6":"product_cat-zaluzje-fasadowe","7":"product_tag-aluminium","8":"product_tag-design-zaluzji","9":"product_tag-funkcjonalnosc-fasady","10":"product_tag-kaseta-kwadratowa","11":"product_tag-kaseta-owalna","12":"product_tag-kaseta-z-aluminium","13":"product_tag-lamele-aluminiowe","14":"product_tag-lamele-c","15":"product_tag-lamele-z","16":"product_tag-maksymalna-szerokosc-zaluzji","17":"product_tag-montaz-modulowy","18":"product_tag-nowoczesne-zaluzje","19":"product_tag-ochrona-przed-wiatrem","20":"product_tag-odpornosc-na-wiatr","21":"product_tag-piny-pvc","22":"product_tag-piny-stalowe","23":"product_tag-prowadnice-nosne","24":"product_tag-uszczelki-wygluszajace","25":"product_tag-zaciemnienie","26":"product_tag-zaluzje","27":"product_tag-zaluzje-aluminiowe","28":"product_tag-zaluzje-do-budynkow","29":"product_tag-zaluzje-fasadowe","30":"product_tag-zaluzje-fasadowe-samonosne","31":"product_tag-zaluzje-na-duze-przeszklenia","32":"product_tag-zaluzje-okienne","33":"product_tag-zaluzje-samonosne","34":"desktop-align-left","35":"tablet-align-left","36":"mobile-align-left","38":"first","39":"instock","40":"shipping-taxable","41":"product-type-simple"},"yoast_head":"<!-- This site is optimized with the Yoast SEO Premium plugin v27.2 (Yoast SEO v27.2) - https:\/\/yoast.com\/product\/yoast-seo-premium-wordpress\/ -->\n<title>\u017baluzja fasadowa w wersji samono\u015bnej - Bertrand. Najwy\u017cszej jako\u015bci okna i drzwi. Certyfikowany producent od 1969 roku.<\/title>\n<meta name=\"description\" content=\"\u017baluzja fasadowa w wersji samono\u015bnej \u0142\u0105czy estetyk\u0119, funkcjonalno\u015b\u0107 i trwa\u0142o\u015b\u0107. Zapewnia skuteczn\u0105 ochron\u0119 przed s\u0142o\u0144cem, komfort termiczny i akustyczny.\" \/>\n<meta name=\"robots\" content=\"index, follow, max-snippet:-1, max-image-preview:large, max-video-preview:-1\" \/>\n<link rel=\"canonical\" href=\"https:\/\/bertrand.pl\/fr\/produit\/store-de-facade-en-version-autoportante\/\" \/>\n<meta property=\"og:locale\" content=\"fr_FR\" \/>\n<meta property=\"og:type\" content=\"article\" \/>\n<meta property=\"og:title\" content=\"\u017baluzja fasadowa w wersji samono\u015bnej\" \/>\n<meta property=\"og:description\" content=\"\u017baluzja fasadowa w wersji samono\u015bnej \u0142\u0105czy estetyk\u0119, funkcjonalno\u015b\u0107 i trwa\u0142o\u015b\u0107. Zapewnia skuteczn\u0105 ochron\u0119 przed s\u0142o\u0144cem, komfort termiczny i akustyczny.\" \/>\n<meta property=\"og:url\" content=\"https:\/\/bertrand.pl\/fr\/produit\/store-de-facade-en-version-autoportante\/\" \/>\n<meta property=\"og:site_name\" content=\"Bertrand. Najwy\u017cszej jako\u015bci okna i drzwi. Certyfikowany producent od 1969 roku.\" \/>\n<meta property=\"article:publisher\" content=\"https:\/\/www.facebook.com\/bertrandpolska\/\" \/>\n<meta property=\"article:modified_time\" content=\"2025-03-07T10:57:23+00:00\" \/>\n<meta property=\"og:image\" content=\"https:\/\/bertrand.pl\/wp-content\/uploads\/2024\/07\/skyflow_szf_s_0.jpg\" \/>\n\t<meta property=\"og:image:width\" content=\"450\" \/>\n\t<meta property=\"og:image:height\" content=\"450\" \/>\n\t<meta property=\"og:image:type\" content=\"image\/jpeg\" \/>\n<meta name=\"twitter:card\" content=\"summary_large_image\" \/>\n<meta name=\"twitter:label1\" content=\"Dur\u00e9e de lecture estim\u00e9e\" \/>\n\t<meta name=\"twitter:data1\" content=\"3 minutes\" \/>\n<script type=\"application\/ld+json\" class=\"yoast-schema-graph\">{\"@context\":\"https:\/\/schema.org\",\"@graph\":[{\"@type\":\"WebPage\",\"@id\":\"https:\/\/bertrand.pl\/produkt\/zaluzja-fasadowa-w-wersji-samonosnej\/\",\"url\":\"https:\/\/bertrand.pl\/produkt\/zaluzja-fasadowa-w-wersji-samonosnej\/\",\"name\":\"\u017baluzja fasadowa w wersji samono\u015bnej - Bertrand. Najwy\u017cszej jako\u015bci okna i drzwi. Certyfikowany producent od 1969 roku.\",\"isPartOf\":{\"@id\":\"https:\/\/bertrand.pl\/#website\"},\"primaryImageOfPage\":{\"@id\":\"https:\/\/bertrand.pl\/produkt\/zaluzja-fasadowa-w-wersji-samonosnej\/#primaryimage\"},\"image\":{\"@id\":\"https:\/\/bertrand.pl\/produkt\/zaluzja-fasadowa-w-wersji-samonosnej\/#primaryimage\"},\"thumbnailUrl\":\"https:\/\/bertrand.pl\/wp-content\/uploads\/2024\/07\/skyflow_szf_s_0.jpg\",\"datePublished\":\"2024-07-04T12:33:32+00:00\",\"dateModified\":\"2025-03-07T10:57:23+00:00\",\"description\":\"\u017baluzja fasadowa w wersji samono\u015bnej \u0142\u0105czy estetyk\u0119, funkcjonalno\u015b\u0107 i trwa\u0142o\u015b\u0107. Zapewnia skuteczn\u0105 ochron\u0119 przed s\u0142o\u0144cem, komfort termiczny i akustyczny.\",\"breadcrumb\":{\"@id\":\"https:\/\/bertrand.pl\/produkt\/zaluzja-fasadowa-w-wersji-samonosnej\/#breadcrumb\"},\"inLanguage\":\"fr-FR\",\"potentialAction\":[{\"@type\":\"ReadAction\",\"target\":[\"https:\/\/bertrand.pl\/produkt\/zaluzja-fasadowa-w-wersji-samonosnej\/\"]}]},{\"@type\":\"ImageObject\",\"inLanguage\":\"fr-FR\",\"@id\":\"https:\/\/bertrand.pl\/produkt\/zaluzja-fasadowa-w-wersji-samonosnej\/#primaryimage\",\"url\":\"https:\/\/bertrand.pl\/wp-content\/uploads\/2024\/07\/skyflow_szf_s_0.jpg\",\"contentUrl\":\"https:\/\/bertrand.pl\/wp-content\/uploads\/2024\/07\/skyflow_szf_s_0.jpg\",\"width\":450,\"height\":450},{\"@type\":\"BreadcrumbList\",\"@id\":\"https:\/\/bertrand.pl\/produkt\/zaluzja-fasadowa-w-wersji-samonosnej\/#breadcrumb\",\"itemListElement\":[{\"@type\":\"ListItem\",\"position\":1,\"name\":\"Strona g\u0142\u00f3wna\",\"item\":\"https:\/\/bertrand.pl\/\"},{\"@type\":\"ListItem\",\"position\":2,\"name\":\"Produits\",\"item\":\"https:\/\/bertrand.pl\/fr\/shop\/\"},{\"@type\":\"ListItem\",\"position\":3,\"name\":\"\u017baluzja fasadowa w wersji samono\u015bnej\"}]},{\"@type\":\"WebSite\",\"@id\":\"https:\/\/bertrand.pl\/#website\",\"url\":\"https:\/\/bertrand.pl\/\",\"name\":\"Bertrand.pl\",\"description\":\"Firma Bertrand to certyfikowany i uznany producent najwy\u017cszej jako\u015bci okien z PVC, z drewna lub aluminium. Produkcja drzwi, rolet i bram gara\u017cowych.\",\"publisher\":{\"@id\":\"https:\/\/bertrand.pl\/#organization\"},\"potentialAction\":[{\"@type\":\"SearchAction\",\"target\":{\"@type\":\"EntryPoint\",\"urlTemplate\":\"https:\/\/bertrand.pl\/?s={search_term_string}\"},\"query-input\":{\"@type\":\"PropertyValueSpecification\",\"valueRequired\":true,\"valueName\":\"search_term_string\"}}],\"inLanguage\":\"fr-FR\"},{\"@type\":\"Organization\",\"@id\":\"https:\/\/bertrand.pl\/#organization\",\"name\":\"Bertrand.pl\",\"url\":\"https:\/\/bertrand.pl\/\",\"logo\":{\"@type\":\"ImageObject\",\"inLanguage\":\"fr-FR\",\"@id\":\"https:\/\/bertrand.pl\/#\/schema\/logo\/image\/\",\"url\":\"https:\/\/bertrand.pl\/wp-content\/uploads\/2024\/12\/logo_BB_TM_PL_black.png\",\"contentUrl\":\"https:\/\/bertrand.pl\/wp-content\/uploads\/2024\/12\/logo_BB_TM_PL_black.png\",\"width\":1831,\"height\":1831,\"caption\":\"Bertrand.pl\"},\"image\":{\"@id\":\"https:\/\/bertrand.pl\/#\/schema\/logo\/image\/\"},\"sameAs\":[\"https:\/\/www.facebook.com\/bertrandpolska\/\",\"https:\/\/www.instagram.com\/bertrand_okna_i_drzwi\/\",\"https:\/\/www.linkedin.com\/company\/bertrand\/\",\"https:\/\/www.tiktok.com\/@bertrand_okna_drzwi\"]}]}<\/script>\n<!-- \/ Yoast SEO Premium plugin. -->","yoast_head_json":{"title":"\u017baluzja fasadowa w wersji samono\u015bnej - Bertrand. Najwy\u017cszej jako\u015bci okna i drzwi. Certyfikowany producent od 1969 roku.","description":"Le store de fa\u00e7ade autoportant allie esth\u00e9tique, fonctionnalit\u00e9 et durabilit\u00e9. Offre une protection solaire efficace, un confort thermique et acoustique.","robots":{"index":"index","follow":"follow","max-snippet":"max-snippet:-1","max-image-preview":"max-image-preview:large","max-video-preview":"max-video-preview:-1"},"canonical":"https:\/\/bertrand.pl\/fr\/produit\/store-de-facade-en-version-autoportante\/","og_locale":"fr_FR","og_type":"article","og_title":"\u017baluzja fasadowa w wersji samono\u015bnej","og_description":"\u017baluzja fasadowa w wersji samono\u015bnej \u0142\u0105czy estetyk\u0119, funkcjonalno\u015b\u0107 i trwa\u0142o\u015b\u0107. Zapewnia skuteczn\u0105 ochron\u0119 przed s\u0142o\u0144cem, komfort termiczny i akustyczny.","og_url":"https:\/\/bertrand.pl\/fr\/produit\/store-de-facade-en-version-autoportante\/","og_site_name":"Bertrand. Najwy\u017cszej jako\u015bci okna i drzwi. Certyfikowany producent od 1969 roku.","article_publisher":"https:\/\/www.facebook.com\/bertrandpolska\/","article_modified_time":"2025-03-07T10:57:23+00:00","og_image":[{"width":450,"height":450,"url":"https:\/\/bertrand.pl\/wp-content\/uploads\/2024\/07\/skyflow_szf_s_0.jpg","type":"image\/jpeg"}],"twitter_card":"summary_large_image","twitter_misc":{"Dur\u00e9e de lecture estim\u00e9e":"3 minutes"},"schema":{"@context":"https:\/\/schema.org","@graph":[{"@type":"WebPage","@id":"https:\/\/bertrand.pl\/produkt\/zaluzja-fasadowa-w-wersji-samonosnej\/","url":"https:\/\/bertrand.pl\/produkt\/zaluzja-fasadowa-w-wersji-samonosnej\/","name":"\u017baluzja fasadowa w wersji samono\u015bnej - Bertrand. Najwy\u017cszej jako\u015bci okna i drzwi. Certyfikowany producent od 1969 roku.","isPartOf":{"@id":"https:\/\/bertrand.pl\/#website"},"primaryImageOfPage":{"@id":"https:\/\/bertrand.pl\/produkt\/zaluzja-fasadowa-w-wersji-samonosnej\/#primaryimage"},"image":{"@id":"https:\/\/bertrand.pl\/produkt\/zaluzja-fasadowa-w-wersji-samonosnej\/#primaryimage"},"thumbnailUrl":"https:\/\/bertrand.pl\/wp-content\/uploads\/2024\/07\/skyflow_szf_s_0.jpg","datePublished":"2024-07-04T12:33:32+00:00","dateModified":"2025-03-07T10:57:23+00:00","description":"Le store de fa\u00e7ade autoportant allie esth\u00e9tique, fonctionnalit\u00e9 et durabilit\u00e9. Offre une protection solaire efficace, un confort thermique et acoustique.","breadcrumb":{"@id":"https:\/\/bertrand.pl\/produkt\/zaluzja-fasadowa-w-wersji-samonosnej\/#breadcrumb"},"inLanguage":"fr-FR","potentialAction":[{"@type":"ReadAction","target":["https:\/\/bertrand.pl\/produkt\/zaluzja-fasadowa-w-wersji-samonosnej\/"]}]},{"@type":"ImageObject","inLanguage":"fr-FR","@id":"https:\/\/bertrand.pl\/produkt\/zaluzja-fasadowa-w-wersji-samonosnej\/#primaryimage","url":"https:\/\/bertrand.pl\/wp-content\/uploads\/2024\/07\/skyflow_szf_s_0.jpg","contentUrl":"https:\/\/bertrand.pl\/wp-content\/uploads\/2024\/07\/skyflow_szf_s_0.jpg","width":450,"height":450},{"@type":"BreadcrumbList","@id":"https:\/\/bertrand.pl\/produkt\/zaluzja-fasadowa-w-wersji-samonosnej\/#breadcrumb","itemListElement":[{"@type":"ListItem","position":1,"name":"Strona g\u0142\u00f3wna","item":"https:\/\/bertrand.pl\/"},{"@type":"ListItem","position":2,"name":"Produits","item":"https:\/\/bertrand.pl\/fr\/shop\/"},{"@type":"ListItem","position":3,"name":"\u017baluzja fasadowa w wersji samono\u015bnej"}]},{"@type":"WebSite","@id":"https:\/\/bertrand.pl\/#website","url":"https:\/\/bertrand.pl\/","name":"Bertrand.pl","description":"Firma Bertrand to certyfikowany i uznany producent najwy\u017cszej jako\u015bci okien z PVC, z drewna lub aluminium. Produkcja drzwi, rolet i bram gara\u017cowych.","publisher":{"@id":"https:\/\/bertrand.pl\/#organization"},"potentialAction":[{"@type":"SearchAction","target":{"@type":"EntryPoint","urlTemplate":"https:\/\/bertrand.pl\/?s={search_term_string}"},"query-input":{"@type":"PropertyValueSpecification","valueRequired":true,"valueName":"search_term_string"}}],"inLanguage":"fr-FR"},{"@type":"Organization","@id":"https:\/\/bertrand.pl\/#organization","name":"Bertrand.pl","url":"https:\/\/bertrand.pl\/","logo":{"@type":"ImageObject","inLanguage":"fr-FR","@id":"https:\/\/bertrand.pl\/#\/schema\/logo\/image\/","url":"https:\/\/bertrand.pl\/wp-content\/uploads\/2024\/12\/logo_BB_TM_PL_black.png","contentUrl":"https:\/\/bertrand.pl\/wp-content\/uploads\/2024\/12\/logo_BB_TM_PL_black.png","width":1831,"height":1831,"caption":"Bertrand.pl"},"image":{"@id":"https:\/\/bertrand.pl\/#\/schema\/logo\/image\/"},"sameAs":["https:\/\/www.facebook.com\/bertrandpolska\/","https:\/\/www.instagram.com\/bertrand_okna_i_drzwi\/","https:\/\/www.linkedin.com\/company\/bertrand\/","https:\/\/www.tiktok.com\/@bertrand_okna_drzwi"]}]}},"_links":{"self":[{"href":"https:\/\/bertrand.pl\/fr\/wp-json\/wp\/v2\/product\/4143","targetHints":{"allow":["GET"]}}],"collection":[{"href":"https:\/\/bertrand.pl\/fr\/wp-json\/wp\/v2\/product"}],"about":[{"href":"https:\/\/bertrand.pl\/fr\/wp-json\/wp\/v2\/types\/product"}],"wp:featuredmedia":[{"embeddable":true,"href":"https:\/\/bertrand.pl\/fr\/wp-json\/wp\/v2\/media\/4144"}],"wp:attachment":[{"href":"https:\/\/bertrand.pl\/fr\/wp-json\/wp\/v2\/media?parent=4143"}],"wp:term":[{"taxonomy":"product_brand","embeddable":true,"href":"https:\/\/bertrand.pl\/fr\/wp-json\/wp\/v2\/product_brand?post=4143"},{"taxonomy":"product_cat","embeddable":true,"href":"https:\/\/bertrand.pl\/fr\/wp-json\/wp\/v2\/product_cat?post=4143"},{"taxonomy":"product_tag","embeddable":true,"href":"https:\/\/bertrand.pl\/fr\/wp-json\/wp\/v2\/product_tag?post=4143"}],"curies":[{"name":"wp","href":"https:\/\/api.w.org\/{rel}","templated":true}]}}