{"id":4352,"date":"2024-08-05T11:11:05","date_gmt":"2024-08-05T09:11:05","guid":{"rendered":"https:\/\/bertrand.pl\/?post_type=product&#038;p=4352"},"modified":"2024-12-13T11:42:49","modified_gmt":"2024-12-13T10:42:49","slug":"paroi-mince-35","status":"publish","type":"product","link":"https:\/\/bertrand.pl\/fr\/produkt\/slimwall-35\/","title":{"rendered":"SlimWall 35"},"content":{"rendered":"<h3>SlimWall 35 \u2013 Syst\u00e8me de fa\u00e7ade mince pour b\u00e2timents modernes<\/h3>\n<p>&nbsp;<\/p>\n<p><strong>SlimWall 35<\/strong> est un syst\u00e8me de fa\u00e7ade moderne qui allie \u00e9l\u00e9gance et praticit\u00e9. Il r\u00e9pond aux normes de construction passive, tout en permettant la r\u00e9alisation de projets sur deux \u00e9tages. Le syst\u00e8me est id\u00e9al pour les b\u00e2timents n\u00e9cessitant de grands vitrages et une durabilit\u00e9 pendant de nombreuses ann\u00e9es.<\/p>\n<p>&nbsp;<\/p>\n<h3>Esth\u00e9tique et fonctionnalit\u00e9<\/h3>\n<p>&nbsp;<\/p>\n<p>Il se caract\u00e9rise par des profils solides et minimalistes. Ils permettent d&#039;utiliser de grandes surfaces vitr\u00e9es sans perdre la stabilit\u00e9 de la structure. Le syst\u00e8me fonctionne parfaitement dans les maisons spacieuses et les \u00e9tablissements publics tels que les restaurants ou les magasins. Gr\u00e2ce \u00e0 cela, les int\u00e9rieurs deviennent pleins de lumi\u00e8re et les fa\u00e7ades acqui\u00e8rent un aspect moderne. De plus, la fa\u00e7ade s\u2019int\u00e8gre parfaitement aux \u00e9l\u00e9ments ouvrants, ce qui offre de nombreuses possibilit\u00e9s d\u2019agencement.<\/p>\n<p>&nbsp;<\/p>\n<figure id=\"attachment_4353\" aria-describedby=\"caption-attachment-4353\" style=\"width: 801px\" class=\"wp-caption alignnone\"><img fetchpriority=\"high\" decoding=\"async\" class=\"wp-image-4353\" src=\"https:\/\/bertrand.pl\/wp-content\/uploads\/2024\/08\/reynaers-ATW-60ab6078.jpeg\" alt=\"SlimWall 35 est le choix parfait pour les projets modernes. Il offre un design \u00e9l\u00e9gant, une durabilit\u00e9 et une efficacit\u00e9 \u00e9nerg\u00e9tique.\" width=\"801\" height=\"534\" srcset=\"https:\/\/bertrand.pl\/wp-content\/uploads\/2024\/08\/reynaers-ATW-60ab6078.jpeg 1000w, https:\/\/bertrand.pl\/wp-content\/uploads\/2024\/08\/reynaers-ATW-60ab6078-420x280.jpeg 420w, https:\/\/bertrand.pl\/wp-content\/uploads\/2024\/08\/reynaers-ATW-60ab6078-768x512.jpeg 768w, https:\/\/bertrand.pl\/wp-content\/uploads\/2024\/08\/reynaers-ATW-60ab6078-18x12.jpeg 18w, https:\/\/bertrand.pl\/wp-content\/uploads\/2024\/08\/reynaers-ATW-60ab6078-600x400.jpeg 600w\" sizes=\"(max-width: 801px) 100vw, 801px\" \/><figcaption id=\"caption-attachment-4353\" class=\"wp-caption-text\">SlimWall 35<\/figcaption><\/figure>\n<p>&nbsp;<\/p>\n<h3>Spacieux et confortable<\/h3>\n<p>&nbsp;<\/p>\n<p>Les grands vitrages cr\u00e9\u00e9s dans le syst\u00e8me SlimWall 35 permettent une vue d\u00e9gag\u00e9e maximale. Gr\u00e2ce \u00e0 cela, les int\u00e9rieurs sont lumineux et spacieux. Le syst\u00e8me est parfait aussi bien pour les r\u00e9sidences priv\u00e9es que pour les b\u00e2timents commerciaux. Il assure la durabilit\u00e9 de la structure et le confort d\u2019utilisation pendant de nombreuses ann\u00e9es.<\/p>\n<p>&nbsp;<\/p>\n<h3>Excellents param\u00e8tres pour la construction passive<\/h3>\n<p>&nbsp;<\/p>\n<p>Le syst\u00e8me r\u00e9pond aux exigences de la construction passive, ce qui en fait une solution \u00e9conome en \u00e9nergie et \u00e9cologique. La conception offre une excellente isolation thermique, ce qui r\u00e9duit la consommation d&#039;\u00e9nergie. Ainsi, les co\u00fbts d\u2019exploitation du b\u00e2timent sont moindres et le milieu naturel est mieux prot\u00e9g\u00e9.<\/p>\n<p>&nbsp;<\/p>\n<h3>La solidit\u00e9 et la flexibilit\u00e9 du SlimWall 35<\/h3>\n<p>&nbsp;<\/p>\n<p>Ce syst\u00e8me est \u00e0 la fois esth\u00e9tique et durable. Les profils minimalistes offrent un aspect subtil tout en permettant de conserver de grandes surfaces vitr\u00e9es. De plus, le syst\u00e8me permet une combinaison fluide avec d\u2019autres \u00e9l\u00e9ments, ce qui augmente les possibilit\u00e9s de conception.<\/p>\n<h3><\/h3>\n<p><strong>SlimWall 35<\/strong> est le choix parfait pour les designs modernes. Il offre un design \u00e9l\u00e9gant, une durabilit\u00e9 et une efficacit\u00e9 \u00e9nerg\u00e9tique. Gr\u00e2ce \u00e0 de grands vitrages et \u00e0 une isolation thermique \u00e9lev\u00e9e, le syst\u00e8me est parfait aussi bien pour les habitations que pour les b\u00e2timents publics.<\/p>\n<p>&nbsp;<\/p>\n<h3>Caract\u00e9ristiques caract\u00e9ristiques du syst\u00e8me\u00a0:<\/h3>\n<p>&nbsp;<\/p>\n<ul>\n<li><strong>Profils minimalistes<\/strong>: Construction solide mais subtile permettant l&#039;utilisation de grands vitrages.<\/li>\n<li><strong>Norme de construction passive<\/strong>: Excellente isolation thermique et efficacit\u00e9 \u00e9nerg\u00e9tique.<\/li>\n<li><strong>Possibilit\u00e9 d&#039;utilisation sur deux \u00e9tages<\/strong>: Convient aux projets modernes \u00e0 plus grande \u00e9chelle.<\/li>\n<li><strong>Vues larges<\/strong>: Cr\u00e9er de grands espaces ouverts avec un maximum de lumi\u00e8re naturelle.<\/li>\n<li><strong>Flexibilit\u00e9 de conception<\/strong>: Possibilit\u00e9 de combiner la fa\u00e7ade avec d&#039;autres \u00e9l\u00e9ments ouvrants.<\/li>\n<li><strong>Application dans divers b\u00e2timents<\/strong>: Id\u00e9al pour les maisons unifamiliales, les restaurants, les magasins et les immeubles de bureaux.<\/li>\n<li><strong>Esth\u00e9tique moderne<\/strong>: Une fa\u00e7ade \u00e9l\u00e9gante qui s&#039;int\u00e8gre harmonieusement dans diff\u00e9rents styles architecturaux.<\/li>\n<li><strong>Durabilit\u00e9 de la structure<\/strong>: R\u00e9sistance \u00e0 une utilisation \u00e0 long terme gr\u00e2ce \u00e0 des mat\u00e9riaux de haute qualit\u00e9.<\/li>\n<li><strong>Confort d&#039;utilisation<\/strong>: Int\u00e9rieurs spacieux et lumineux gr\u00e2ce \u00e0 de grands vitrages.<\/li>\n<li><strong>Respect de l&#039;environnement<\/strong>: R\u00e9duire les co\u00fbts d\u2019exploitation et l\u2019impact environnemental.<\/li>\n<\/ul>\n<p>&nbsp;<\/p>\n<h4>VOIR AUSSI :<\/h4>\n<p>&nbsp;<\/p>\n<p><a href=\"https:\/\/bertrand.pl\/fr\/fenetres-en-bois-plus-durables-que-jamais-pigments-froids\/\">Pigments froids \u2013 Les fen\u00eatres en bois plus durables que jamais \u2013 Bertrand.pl<\/a><\/p>\n<p><a href=\"https:\/\/www.youtube.com\/watch?v=3daFXkuWIo4\">En quoi les fen\u00eatres europ\u00e9ennes diff\u00e8rent-elles des fen\u00eatres am\u00e9ricaines ?<\/a><\/p>\n<p>&nbsp;<\/p>","protected":false},"excerpt":{"rendered":"<p><strong>SYST\u00c8ME DE FA\u00c7ADE MINCE<\/strong><\/p>\n<p>SlimWall 35 est un syst\u00e8me de fa\u00e7ade mince qui offre une apparence \u00e9l\u00e9gante et des param\u00e8tres qui r\u00e9pondent aux normes de construction passive, m\u00eame sur deux \u00e9tages. Il vous permet de cr\u00e9er des vues larges et ouvertes qui dureront de nombreuses ann\u00e9es.<\/p>","protected":false},"featured_media":4354,"template":"","meta":{"site-sidebar-layout":"default","site-content-layout":"","ast-site-content-layout":"default","site-content-style":"default","site-sidebar-style":"default","ast-global-header-display":"","ast-banner-title-visibility":"","ast-main-header-display":"","ast-hfb-above-header-display":"","ast-hfb-below-header-display":"","ast-hfb-mobile-header-display":"","site-post-title":"","ast-breadcrumbs-content":"","ast-featured-img":"","footer-sml-layout":"","ast-disable-related-posts":"","theme-transparent-header-meta":"default","adv-header-id-meta":"","stick-header-meta":"","header-above-stick-meta":"","header-main-stick-meta":"","header-below-stick-meta":"","astra-migrate-meta-layouts":"set","ast-page-background-enabled":"default","ast-page-background-meta":{"desktop":{"background-color":"var(--ast-global-color-4)","background-image":"","background-repeat":"repeat","background-position":"center center","background-size":"auto","background-attachment":"scroll","background-type":"","background-media":"","overlay-type":"","overlay-color":"","overlay-opacity":"","overlay-gradient":""},"tablet":{"background-color":"","background-image":"","background-repeat":"repeat","background-position":"center center","background-size":"auto","background-attachment":"scroll","background-type":"","background-media":"","overlay-type":"","overlay-color":"","overlay-opacity":"","overlay-gradient":""},"mobile":{"background-color":"","background-image":"","background-repeat":"repeat","background-position":"center center","background-size":"auto","background-attachment":"scroll","background-type":"","background-media":"","overlay-type":"","overlay-color":"","overlay-opacity":"","overlay-gradient":""}},"ast-content-background-meta":{"desktop":{"background-color":"var(--ast-global-color-5)","background-image":"","background-repeat":"repeat","background-position":"center center","background-size":"auto","background-attachment":"scroll","background-type":"","background-media":"","overlay-type":"","overlay-color":"","overlay-opacity":"","overlay-gradient":""},"tablet":{"background-color":"var(--ast-global-color-5)","background-image":"","background-repeat":"repeat","background-position":"center center","background-size":"auto","background-attachment":"scroll","background-type":"","background-media":"","overlay-type":"","overlay-color":"","overlay-opacity":"","overlay-gradient":""},"mobile":{"background-color":"var(--ast-global-color-5)","background-image":"","background-repeat":"repeat","background-position":"center center","background-size":"auto","background-attachment":"scroll","background-type":"","background-media":"","overlay-type":"","overlay-color":"","overlay-opacity":"","overlay-gradient":""}}},"product_brand":[],"product_cat":[20],"product_tag":[168,368,1438,408,1435,603,453,419,595,1433,699,1262,602,317,1335,1436,601,1437,600,817,597,1434,659],"class_list":{"0":"post-4352","1":"product","2":"type-product","3":"status-publish","4":"has-post-thumbnail","6":"product_cat-fasady","7":"product_tag-bertrand","8":"product_tag-budownictwo-pasywne","9":"product_tag-budynki-komercyjne","10":"product_tag-duze-przeszklenia","11":"product_tag-elegancka-fasada","12":"product_tag-elegancki-design","13":"product_tag-energooszczednosc","14":"product_tag-fasada","15":"product_tag-fasada-aluminiowa","16":"product_tag-minimalistyczne-profile","17":"product_tag-naturalne-swiatlo","18":"product_tag-nowoczesne-budownictwo","19":"product_tag-ogromne-przeszklenia","20":"product_tag-profil-aluminiowy","21":"product_tag-przestronnosc","22":"product_tag-restauracje","23":"product_tag-reynaers","24":"product_tag-sklepy","25":"product_tag-slimwall-35","26":"product_tag-system-fasadowy","27":"product_tag-system-szklenia","28":"product_tag-szerokie-widoki","29":"product_tag-trwalosc","30":"desktop-align-left","31":"tablet-align-left","32":"mobile-align-left","34":"first","35":"instock","36":"shipping-taxable","37":"product-type-simple"},"yoast_head":"<!-- This site is optimized with the Yoast SEO Premium plugin v27.2 (Yoast SEO v27.2) - https:\/\/yoast.com\/product\/yoast-seo-premium-wordpress\/ -->\n<title>SlimWall 35 - Bertrand. Najwy\u017cszej jako\u015bci okna i drzwi. Certyfikowany producent od 1969 roku.<\/title>\n<meta name=\"description\" content=\"SlimWall 35 to smuk\u0142y system fasadowy. Elegancki wygl\u0105d i parametry spe\u0142niaj\u0105ce standardy budownictwa pasywnego. \u015awietny wyb\u00f3r na lata. Idealny do dom\u00f3w.\" \/>\n<meta name=\"robots\" content=\"index, follow, max-snippet:-1, max-image-preview:large, max-video-preview:-1\" \/>\n<link rel=\"canonical\" href=\"https:\/\/bertrand.pl\/fr\/produit\/paroi-mince-35\/\" \/>\n<meta property=\"og:locale\" content=\"fr_FR\" \/>\n<meta property=\"og:type\" content=\"article\" \/>\n<meta property=\"og:title\" content=\"SlimWall 35\" \/>\n<meta property=\"og:description\" content=\"SlimWall 35 to smuk\u0142y system fasadowy. Elegancki wygl\u0105d i parametry spe\u0142niaj\u0105ce standardy budownictwa pasywnego. \u015awietny wyb\u00f3r na lata. Idealny do dom\u00f3w.\" \/>\n<meta property=\"og:url\" content=\"https:\/\/bertrand.pl\/fr\/produit\/paroi-mince-35\/\" \/>\n<meta property=\"og:site_name\" content=\"Bertrand. Najwy\u017cszej jako\u015bci okna i drzwi. Certyfikowany producent od 1969 roku.\" \/>\n<meta property=\"article:publisher\" content=\"https:\/\/www.facebook.com\/bertrandpolska\/\" \/>\n<meta property=\"article:modified_time\" content=\"2024-12-13T10:42:49+00:00\" \/>\n<meta property=\"og:image\" content=\"https:\/\/bertrand.pl\/wp-content\/uploads\/2024\/08\/pobrane-e1722849764942.png\" \/>\n\t<meta property=\"og:image:width\" content=\"690\" \/>\n\t<meta property=\"og:image:height\" content=\"690\" \/>\n\t<meta property=\"og:image:type\" content=\"image\/png\" \/>\n<meta name=\"twitter:card\" content=\"summary_large_image\" \/>\n<meta name=\"twitter:label1\" content=\"Dur\u00e9e de lecture estim\u00e9e\" \/>\n\t<meta name=\"twitter:data1\" content=\"3 minutes\" \/>\n<script type=\"application\/ld+json\" class=\"yoast-schema-graph\">{\"@context\":\"https:\/\/schema.org\",\"@graph\":[{\"@type\":\"WebPage\",\"@id\":\"https:\/\/bertrand.pl\/produkt\/slimwall-35\/\",\"url\":\"https:\/\/bertrand.pl\/produkt\/slimwall-35\/\",\"name\":\"SlimWall 35 - Bertrand. Najwy\u017cszej jako\u015bci okna i drzwi. Certyfikowany producent od 1969 roku.\",\"isPartOf\":{\"@id\":\"https:\/\/bertrand.pl\/#website\"},\"primaryImageOfPage\":{\"@id\":\"https:\/\/bertrand.pl\/produkt\/slimwall-35\/#primaryimage\"},\"image\":{\"@id\":\"https:\/\/bertrand.pl\/produkt\/slimwall-35\/#primaryimage\"},\"thumbnailUrl\":\"https:\/\/bertrand.pl\/wp-content\/uploads\/2024\/08\/pobrane-e1722849764942.png\",\"datePublished\":\"2024-08-05T09:11:05+00:00\",\"dateModified\":\"2024-12-13T10:42:49+00:00\",\"description\":\"SlimWall 35 to smuk\u0142y system fasadowy. Elegancki wygl\u0105d i parametry spe\u0142niaj\u0105ce standardy budownictwa pasywnego. \u015awietny wyb\u00f3r na lata. Idealny do dom\u00f3w.\",\"breadcrumb\":{\"@id\":\"https:\/\/bertrand.pl\/produkt\/slimwall-35\/#breadcrumb\"},\"inLanguage\":\"fr-FR\",\"potentialAction\":[{\"@type\":\"ReadAction\",\"target\":[\"https:\/\/bertrand.pl\/produkt\/slimwall-35\/\"]}]},{\"@type\":\"ImageObject\",\"inLanguage\":\"fr-FR\",\"@id\":\"https:\/\/bertrand.pl\/produkt\/slimwall-35\/#primaryimage\",\"url\":\"https:\/\/bertrand.pl\/wp-content\/uploads\/2024\/08\/pobrane-e1722849764942.png\",\"contentUrl\":\"https:\/\/bertrand.pl\/wp-content\/uploads\/2024\/08\/pobrane-e1722849764942.png\",\"width\":690,\"height\":690},{\"@type\":\"BreadcrumbList\",\"@id\":\"https:\/\/bertrand.pl\/produkt\/slimwall-35\/#breadcrumb\",\"itemListElement\":[{\"@type\":\"ListItem\",\"position\":1,\"name\":\"Strona g\u0142\u00f3wna\",\"item\":\"https:\/\/bertrand.pl\/\"},{\"@type\":\"ListItem\",\"position\":2,\"name\":\"Produits\",\"item\":\"https:\/\/bertrand.pl\/fr\/shop\/\"},{\"@type\":\"ListItem\",\"position\":3,\"name\":\"SlimWall 35\"}]},{\"@type\":\"WebSite\",\"@id\":\"https:\/\/bertrand.pl\/#website\",\"url\":\"https:\/\/bertrand.pl\/\",\"name\":\"Bertrand.pl\",\"description\":\"Firma Bertrand to certyfikowany i uznany producent najwy\u017cszej jako\u015bci okien z PVC, z drewna lub aluminium. Produkcja drzwi, rolet i bram gara\u017cowych.\",\"publisher\":{\"@id\":\"https:\/\/bertrand.pl\/#organization\"},\"potentialAction\":[{\"@type\":\"SearchAction\",\"target\":{\"@type\":\"EntryPoint\",\"urlTemplate\":\"https:\/\/bertrand.pl\/?s={search_term_string}\"},\"query-input\":{\"@type\":\"PropertyValueSpecification\",\"valueRequired\":true,\"valueName\":\"search_term_string\"}}],\"inLanguage\":\"fr-FR\"},{\"@type\":\"Organization\",\"@id\":\"https:\/\/bertrand.pl\/#organization\",\"name\":\"Bertrand.pl\",\"url\":\"https:\/\/bertrand.pl\/\",\"logo\":{\"@type\":\"ImageObject\",\"inLanguage\":\"fr-FR\",\"@id\":\"https:\/\/bertrand.pl\/#\/schema\/logo\/image\/\",\"url\":\"https:\/\/bertrand.pl\/wp-content\/uploads\/2024\/12\/logo_BB_TM_PL_black.png\",\"contentUrl\":\"https:\/\/bertrand.pl\/wp-content\/uploads\/2024\/12\/logo_BB_TM_PL_black.png\",\"width\":1831,\"height\":1831,\"caption\":\"Bertrand.pl\"},\"image\":{\"@id\":\"https:\/\/bertrand.pl\/#\/schema\/logo\/image\/\"},\"sameAs\":[\"https:\/\/www.facebook.com\/bertrandpolska\/\",\"https:\/\/www.instagram.com\/bertrand_okna_i_drzwi\/\",\"https:\/\/www.linkedin.com\/company\/bertrand\/\",\"https:\/\/www.tiktok.com\/@bertrand_okna_drzwi\"]}]}<\/script>\n<!-- \/ Yoast SEO Premium plugin. -->","yoast_head_json":{"title":"SlimWall 35 - Bertrand. Najwy\u017cszej jako\u015bci okna i drzwi. Certyfikowany producent od 1969 roku.","description":"SlimWall 35 est un syst\u00e8me de fa\u00e7ade mince. Aspect \u00e9l\u00e9gant et param\u00e8tres r\u00e9pondant aux normes de construction passive. Un excellent choix pendant des ann\u00e9es. Parfait pour les maisons.","robots":{"index":"index","follow":"follow","max-snippet":"max-snippet:-1","max-image-preview":"max-image-preview:large","max-video-preview":"max-video-preview:-1"},"canonical":"https:\/\/bertrand.pl\/fr\/produit\/paroi-mince-35\/","og_locale":"fr_FR","og_type":"article","og_title":"SlimWall 35","og_description":"SlimWall 35 to smuk\u0142y system fasadowy. Elegancki wygl\u0105d i parametry spe\u0142niaj\u0105ce standardy budownictwa pasywnego. \u015awietny wyb\u00f3r na lata. Idealny do dom\u00f3w.","og_url":"https:\/\/bertrand.pl\/fr\/produit\/paroi-mince-35\/","og_site_name":"Bertrand. Najwy\u017cszej jako\u015bci okna i drzwi. Certyfikowany producent od 1969 roku.","article_publisher":"https:\/\/www.facebook.com\/bertrandpolska\/","article_modified_time":"2024-12-13T10:42:49+00:00","og_image":[{"width":690,"height":690,"url":"https:\/\/bertrand.pl\/wp-content\/uploads\/2024\/08\/pobrane-e1722849764942.png","type":"image\/png"}],"twitter_card":"summary_large_image","twitter_misc":{"Dur\u00e9e de lecture estim\u00e9e":"3 minutes"},"schema":{"@context":"https:\/\/schema.org","@graph":[{"@type":"WebPage","@id":"https:\/\/bertrand.pl\/produkt\/slimwall-35\/","url":"https:\/\/bertrand.pl\/produkt\/slimwall-35\/","name":"SlimWall 35 - Bertrand. Najwy\u017cszej jako\u015bci okna i drzwi. Certyfikowany producent od 1969 roku.","isPartOf":{"@id":"https:\/\/bertrand.pl\/#website"},"primaryImageOfPage":{"@id":"https:\/\/bertrand.pl\/produkt\/slimwall-35\/#primaryimage"},"image":{"@id":"https:\/\/bertrand.pl\/produkt\/slimwall-35\/#primaryimage"},"thumbnailUrl":"https:\/\/bertrand.pl\/wp-content\/uploads\/2024\/08\/pobrane-e1722849764942.png","datePublished":"2024-08-05T09:11:05+00:00","dateModified":"2024-12-13T10:42:49+00:00","description":"SlimWall 35 est un syst\u00e8me de fa\u00e7ade mince. Aspect \u00e9l\u00e9gant et param\u00e8tres r\u00e9pondant aux normes de construction passive. Un excellent choix pendant des ann\u00e9es. Parfait pour les maisons.","breadcrumb":{"@id":"https:\/\/bertrand.pl\/produkt\/slimwall-35\/#breadcrumb"},"inLanguage":"fr-FR","potentialAction":[{"@type":"ReadAction","target":["https:\/\/bertrand.pl\/produkt\/slimwall-35\/"]}]},{"@type":"ImageObject","inLanguage":"fr-FR","@id":"https:\/\/bertrand.pl\/produkt\/slimwall-35\/#primaryimage","url":"https:\/\/bertrand.pl\/wp-content\/uploads\/2024\/08\/pobrane-e1722849764942.png","contentUrl":"https:\/\/bertrand.pl\/wp-content\/uploads\/2024\/08\/pobrane-e1722849764942.png","width":690,"height":690},{"@type":"BreadcrumbList","@id":"https:\/\/bertrand.pl\/produkt\/slimwall-35\/#breadcrumb","itemListElement":[{"@type":"ListItem","position":1,"name":"Strona g\u0142\u00f3wna","item":"https:\/\/bertrand.pl\/"},{"@type":"ListItem","position":2,"name":"Produits","item":"https:\/\/bertrand.pl\/fr\/shop\/"},{"@type":"ListItem","position":3,"name":"SlimWall 35"}]},{"@type":"WebSite","@id":"https:\/\/bertrand.pl\/#website","url":"https:\/\/bertrand.pl\/","name":"Bertrand.pl","description":"Firma Bertrand to certyfikowany i uznany producent najwy\u017cszej jako\u015bci okien z PVC, z drewna lub aluminium. Produkcja drzwi, rolet i bram gara\u017cowych.","publisher":{"@id":"https:\/\/bertrand.pl\/#organization"},"potentialAction":[{"@type":"SearchAction","target":{"@type":"EntryPoint","urlTemplate":"https:\/\/bertrand.pl\/?s={search_term_string}"},"query-input":{"@type":"PropertyValueSpecification","valueRequired":true,"valueName":"search_term_string"}}],"inLanguage":"fr-FR"},{"@type":"Organization","@id":"https:\/\/bertrand.pl\/#organization","name":"Bertrand.pl","url":"https:\/\/bertrand.pl\/","logo":{"@type":"ImageObject","inLanguage":"fr-FR","@id":"https:\/\/bertrand.pl\/#\/schema\/logo\/image\/","url":"https:\/\/bertrand.pl\/wp-content\/uploads\/2024\/12\/logo_BB_TM_PL_black.png","contentUrl":"https:\/\/bertrand.pl\/wp-content\/uploads\/2024\/12\/logo_BB_TM_PL_black.png","width":1831,"height":1831,"caption":"Bertrand.pl"},"image":{"@id":"https:\/\/bertrand.pl\/#\/schema\/logo\/image\/"},"sameAs":["https:\/\/www.facebook.com\/bertrandpolska\/","https:\/\/www.instagram.com\/bertrand_okna_i_drzwi\/","https:\/\/www.linkedin.com\/company\/bertrand\/","https:\/\/www.tiktok.com\/@bertrand_okna_drzwi"]}]}},"_links":{"self":[{"href":"https:\/\/bertrand.pl\/fr\/wp-json\/wp\/v2\/product\/4352","targetHints":{"allow":["GET"]}}],"collection":[{"href":"https:\/\/bertrand.pl\/fr\/wp-json\/wp\/v2\/product"}],"about":[{"href":"https:\/\/bertrand.pl\/fr\/wp-json\/wp\/v2\/types\/product"}],"wp:featuredmedia":[{"embeddable":true,"href":"https:\/\/bertrand.pl\/fr\/wp-json\/wp\/v2\/media\/4354"}],"wp:attachment":[{"href":"https:\/\/bertrand.pl\/fr\/wp-json\/wp\/v2\/media?parent=4352"}],"wp:term":[{"taxonomy":"product_brand","embeddable":true,"href":"https:\/\/bertrand.pl\/fr\/wp-json\/wp\/v2\/product_brand?post=4352"},{"taxonomy":"product_cat","embeddable":true,"href":"https:\/\/bertrand.pl\/fr\/wp-json\/wp\/v2\/product_cat?post=4352"},{"taxonomy":"product_tag","embeddable":true,"href":"https:\/\/bertrand.pl\/fr\/wp-json\/wp\/v2\/product_tag?post=4352"}],"curies":[{"name":"wp","href":"https:\/\/api.w.org\/{rel}","templated":true}]}}