{"id":4713,"date":"2024-08-23T08:24:37","date_gmt":"2024-08-23T06:24:37","guid":{"rendered":"https:\/\/bertrand.pl\/?post_type=product&#038;p=4713"},"modified":"2025-03-06T15:04:03","modified_gmt":"2025-03-06T14:04:03","slug":"alutrend-retro","status":"publish","type":"product","link":"https:\/\/bertrand.pl\/fr\/produkt\/alutrend-retro\/","title":{"rendered":"Alutrend R\u00e9tro"},"content":{"rendered":"<h4>Alutrend Retro \u2013 Syst\u00e8me bois-aluminium stylis\u00e9<\/h4>\n<p>&nbsp;<\/p>\n<p><strong>Alutrend R\u00e9tro<\/strong> est un syst\u00e8me de fen\u00eatres moderne en bois et en aluminium qui combine l&#039;esth\u00e9tique classique avec des solutions technologiques modernes. Disponible en trois variantes de profondeur \u2013 <strong>standard, XL (93,5 mm)<\/strong> et <strong>MAXIMUM (107,5\u00a0mm)<\/strong> \u2013 ce syst\u00e8me offre de larges possibilit\u00e9s d\u2019adaptation \u00e0 diff\u00e9rents styles architecturaux. Gr\u00e2ce aux formes stylis\u00e9es des rev\u00eatements en aluminium, les fen\u00eatres acqui\u00e8rent une apparence \u00e9l\u00e9gante et en m\u00eame temps une plus grande durabilit\u00e9, ce qui les rend r\u00e9sistantes aux conditions m\u00e9t\u00e9orologiques changeantes et difficiles.<\/p>\n<p>&nbsp;<\/p>\n<h4>Large choix d&#039;options de bois et de vitrage<\/h4>\n<p>&nbsp;<\/p>\n<p>L\u2019un des principaux avantages du syst\u00e8me Alutrend Retro est la possibilit\u00e9 de choisir parmi une large gamme d\u2019essences de bois. Gr\u00e2ce \u00e0 cela, les fen\u00eatres peuvent \u00eatre parfaitement adapt\u00e9es au caract\u00e8re de l&#039;int\u00e9rieur, qu&#039;il soit domin\u00e9 par des \u00e9l\u00e9ments modernes ou traditionnels. De plus, le syst\u00e8me offre une option <strong>double ou triple vitrage<\/strong>, qui assure non seulement une excellente isolation thermique, mais augmente \u00e9galement consid\u00e9rablement le confort acoustique. Ceci est particuli\u00e8rement important dans les endroits bruyants, comme les centres-villes ou les zones proches des routes tr\u00e8s fr\u00e9quent\u00e9es.<\/p>\n<p>&nbsp;<\/p>\n<h4>\u00c9tanch\u00e9it\u00e9 et r\u00e9sistance<\/h4>\n<p>&nbsp;<\/p>\n<p>Alutrend Retro est \u00e9quip\u00e9 de trois lignes d&#039;\u00e9tanch\u00e9it\u00e9 qui garantissent une \u00e9tanch\u00e9it\u00e9 maximale et une protection efficace contre l&#039;humidit\u00e9 et le vent. Gr\u00e2ce \u00e0 cela, le syst\u00e8me fonctionne parfaitement dans diverses conditions climatiques, quelle que soit la saison. De plus, vous pouvez choisir entre <strong>charni\u00e8res superficielles<\/strong> et <strong>cach\u00e9<\/strong> permet un ajustement flexible des fen\u00eatres aux besoins de conception individuels. Cela augmente \u00e0 son tour leur fonctionnalit\u00e9 et leur esth\u00e9tique.<\/p>\n<p>&nbsp;<\/p>\n<p><img fetchpriority=\"high\" decoding=\"async\" class=\"wp-image-4714\" src=\"https:\/\/bertrand.pl\/wp-content\/uploads\/2024\/08\/Zrzut-ekranu-2024-08-23-082836.png\" alt=\"Alutrend Retro - \u00e9tanch\u00e9it\u00e9 et r\u00e9sistance.\" width=\"350\" height=\"407\" srcset=\"https:\/\/bertrand.pl\/wp-content\/uploads\/2024\/08\/Zrzut-ekranu-2024-08-23-082836.png 469w, https:\/\/bertrand.pl\/wp-content\/uploads\/2024\/08\/Zrzut-ekranu-2024-08-23-082836-361x420.png 361w, https:\/\/bertrand.pl\/wp-content\/uploads\/2024\/08\/Zrzut-ekranu-2024-08-23-082836-10x12.png 10w\" sizes=\"(max-width: 350px) 100vw, 350px\" \/><\/p>\n<h3><\/h3>\n<h4>Durabilit\u00e9 et protection d&#039;Alutrend Retro<\/h4>\n<p>&nbsp;<\/p>\n<p><strong>Bertrand<\/strong>, le fabricant du syst\u00e8me Alutrend Retro, utilise en standard des vernis pour bois avanc\u00e9s, tels que <strong>AQUATOP<\/strong>qui assurent une protection de surface \u00e0 long terme. Ce vernis prot\u00e8ge efficacement le bois contre l&#039;humidit\u00e9, la pluie et le soleil, \u00e9vitant ainsi la pourriture, la moisissure et autres dommages. <strong>AQUATOP<\/strong> garantit une fiabilit\u00e9 toute l\u2019ann\u00e9e. Quel que soit le climat. Cela fait des fen\u00eatres Bertrand un excellent choix dans les r\u00e9gions humides et chaudes.<\/p>\n<h3><\/h3>\n<h4>Perfection et Innovation<\/h4>\n<p>&nbsp;<\/p>\n<p>La production de fen\u00eatres Bertrand rassemble <strong>processus automatis\u00e9 de meulage de surfaces planes<\/strong> Avec <strong>meulage manuel des endroits difficiles d&#039;acc\u00e8s<\/strong>, comme la surface \u00e0 l&#039;int\u00e9rieur du cadre. Gr\u00e2ce \u00e0 cela, chaque fen\u00eatre pr\u00e9sente une finition parfaite et lisse qui impressionne tant par son esth\u00e9tique que par sa qualit\u00e9 de fabrication. De plus, l\u2019utilisation de vernis \u00e0 pigments froids permet \u00e0 ces fen\u00eatres de bien r\u00e9sister aux temp\u00e9ratures \u00e9lev\u00e9es. Et surtout, ils ne perdent ni leur durabilit\u00e9 ni leur apparence.<\/p>\n<p>&nbsp;<\/p>\n<h4>Une combinaison de tradition et de modernit\u00e9<\/h4>\n<p>&nbsp;<\/p>\n<p>Pour r\u00e9sumer, <strong>Alutrend R\u00e9tro<\/strong> est un syst\u00e8me qui combine la beaut\u00e9 traditionnelle du bois avec des solutions technologiques modernes. Gr\u00e2ce \u00e0 une large gamme d&#039;options, telles que le choix des essences de bois, les diff\u00e9rentes options de vitrage et la flexibilit\u00e9 d&#039;installation, ce syst\u00e8me r\u00e9pond aux attentes des clients les plus exigeants. <strong>Vernis AQUATOP<\/strong> augmente en outre la durabilit\u00e9 des fen\u00eatres, leur offrant une protection pendant de nombreuses ann\u00e9es.<\/p>\n<h4><\/h4>\n<h4><strong>VOIR AUSSI :<\/strong><\/h4>\n<p>&nbsp;<\/p>\n<h4><strong><a href=\"https:\/\/www.youtube.com\/watch?v=6SyJjsGOovg\">Alutrend \u2013 Syst\u00e8me moderne en bois et aluminium \u2013 YouTube<\/a><\/strong><\/h4>\n<h4><strong><a href=\"https:\/\/bertrand.pl\/fr\/couleur\/\">Couleurs des fen\u00eatres et des portes<\/a><\/strong><\/h4>","protected":false},"excerpt":{"rendered":"<p><strong>Un syst\u00e8me bois-aluminium \u00e0 la forme stylis\u00e9e<\/strong><\/p>\n<p>Alutrend Retro est un syst\u00e8me avanc\u00e9 en bois-aluminium avec une forme stylis\u00e9e de rev\u00eatements en aluminium, qui non seulement ajoutent de l&#039;\u00e9l\u00e9gance, mais renforcent \u00e9galement la structure, assurant ainsi la r\u00e9sistance aux conditions m\u00e9t\u00e9orologiques difficiles.<\/p>","protected":false},"featured_media":4718,"template":"","meta":{"site-sidebar-layout":"default","site-content-layout":"","ast-site-content-layout":"default","site-content-style":"default","site-sidebar-style":"default","ast-global-header-display":"","ast-banner-title-visibility":"","ast-main-header-display":"","ast-hfb-above-header-display":"","ast-hfb-below-header-display":"","ast-hfb-mobile-header-display":"","site-post-title":"","ast-breadcrumbs-content":"","ast-featured-img":"","footer-sml-layout":"","ast-disable-related-posts":"","theme-transparent-header-meta":"default","adv-header-id-meta":"","stick-header-meta":"","header-above-stick-meta":"","header-main-stick-meta":"","header-below-stick-meta":"","astra-migrate-meta-layouts":"set","ast-page-background-enabled":"default","ast-page-background-meta":{"desktop":{"background-color":"var(--ast-global-color-4)","background-image":"","background-repeat":"repeat","background-position":"center center","background-size":"auto","background-attachment":"scroll","background-type":"","background-media":"","overlay-type":"","overlay-color":"","overlay-opacity":"","overlay-gradient":""},"tablet":{"background-color":"","background-image":"","background-repeat":"repeat","background-position":"center center","background-size":"auto","background-attachment":"scroll","background-type":"","background-media":"","overlay-type":"","overlay-color":"","overlay-opacity":"","overlay-gradient":""},"mobile":{"background-color":"","background-image":"","background-repeat":"repeat","background-position":"center center","background-size":"auto","background-attachment":"scroll","background-type":"","background-media":"","overlay-type":"","overlay-color":"","overlay-opacity":"","overlay-gradient":""}},"ast-content-background-meta":{"desktop":{"background-color":"var(--ast-global-color-5)","background-image":"","background-repeat":"repeat","background-position":"center center","background-size":"auto","background-attachment":"scroll","background-type":"","background-media":"","overlay-type":"","overlay-color":"","overlay-opacity":"","overlay-gradient":""},"tablet":{"background-color":"var(--ast-global-color-5)","background-image":"","background-repeat":"repeat","background-position":"center center","background-size":"auto","background-attachment":"scroll","background-type":"","background-media":"","overlay-type":"","overlay-color":"","overlay-opacity":"","overlay-gradient":""},"mobile":{"background-color":"var(--ast-global-color-5)","background-image":"","background-repeat":"repeat","background-position":"center center","background-size":"auto","background-attachment":"scroll","background-type":"","background-media":"","overlay-type":"","overlay-color":"","overlay-opacity":"","overlay-gradient":""}}},"product_brand":[],"product_cat":[27],"product_tag":[193,384,1428,168,360,326,367,368,339,311,352,354,344,647,389,1420,357,388,385,386,1432,1431,369,387,355,363,324,312,351,1430,362,1429,390,653,659,309,348,1426,1427,1422],"class_list":{"0":"post-4713","1":"product","2":"type-product","3":"status-publish","4":"has-post-thumbnail","6":"product_cat-okna-drewniano-aluminiowe","7":"product_tag-aluminium","8":"product_tag-alutrend","9":"product_tag-alutrend-retro","10":"product_tag-bertrand","11":"product_tag-bezpieczenstwo","12":"product_tag-budowa-domu","13":"product_tag-budownictwo","14":"product_tag-budownictwo-pasywne","15":"product_tag-design","16":"product_tag-dobre-wlasciwosci-termiczne","17":"product_tag-dobreokna","18":"product_tag-drewno","19":"product_tag-duze-okna","20":"product_tag-elegancja","21":"product_tag-izolacja-akustyczna","22":"product_tag-lakier-aquatop","23":"product_tag-linear","24":"product_tag-meranti","25":"product_tag-nakladki","26":"product_tag-nakladki-aluminiowe","27":"product_tag-ochrona-drewna","28":"product_tag-odpornosc-na-wilgoc","29":"product_tag-okna-do-domu","30":"product_tag-okna-drewniane","31":"product_tag-okna-drewniano-aluminiowe","32":"product_tag-oknazpolski","33":"product_tag-okno-dla-domu","34":"product_tag-okno-dla-twojego-domu","35":"product_tag-oknobertrand","36":"product_tag-proces-szlifowania","37":"product_tag-quality","38":"product_tag-stylizowane-ksztalty","39":"product_tag-szczelnosc","40":"product_tag-termoizolacja","41":"product_tag-trwalosc","42":"product_tag-upvc","43":"product_tag-windows","44":"product_tag-zawiasy-nawierzchniowe","45":"product_tag-zawiasy-ukryte","46":"product_tag-zimne-pigmenty","47":"desktop-align-left","48":"tablet-align-left","49":"mobile-align-left","51":"first","52":"instock","53":"shipping-taxable","54":"product-type-simple"},"yoast_head":"<!-- This site is optimized with the Yoast SEO Premium plugin v27.2 (Yoast SEO v27.2) - https:\/\/yoast.com\/product\/yoast-seo-premium-wordpress\/ -->\n<title>Alutrend Retro - Bertrand. Najwy\u017cszej jako\u015bci okna i drzwi. Certyfikowany producent od 1969 roku.<\/title>\n<meta name=\"description\" content=\"Alutrend Retro to zawansowany system drewniano-aluminiowy. Dost\u0119pny w trzech wariantach g\u0142\u0119boko\u015bci. Odporny na warunki atmosferyczne.\" \/>\n<meta name=\"robots\" content=\"index, follow, max-snippet:-1, max-image-preview:large, max-video-preview:-1\" \/>\n<link rel=\"canonical\" href=\"https:\/\/bertrand.pl\/fr\/produit\/alutrend-retro\/\" \/>\n<meta property=\"og:locale\" content=\"fr_FR\" \/>\n<meta property=\"og:type\" content=\"article\" \/>\n<meta property=\"og:title\" content=\"Alutrend Retro\" \/>\n<meta property=\"og:description\" content=\"Alutrend Retro to zawansowany system drewniano-aluminiowy. Dost\u0119pny w trzech wariantach g\u0142\u0119boko\u015bci. Odporny na warunki atmosferyczne.\" \/>\n<meta property=\"og:url\" content=\"https:\/\/bertrand.pl\/fr\/produit\/alutrend-retro\/\" \/>\n<meta property=\"og:site_name\" content=\"Bertrand. Najwy\u017cszej jako\u015bci okna i drzwi. Certyfikowany producent od 1969 roku.\" \/>\n<meta property=\"article:publisher\" content=\"https:\/\/www.facebook.com\/bertrandpolska\/\" \/>\n<meta property=\"article:modified_time\" content=\"2025-03-06T14:04:03+00:00\" \/>\n<meta property=\"og:image\" content=\"https:\/\/bertrand.pl\/wp-content\/uploads\/2024\/08\/alutrend-retro1-kopia.png\" \/>\n\t<meta property=\"og:image:width\" content=\"564\" \/>\n\t<meta property=\"og:image:height\" content=\"557\" \/>\n\t<meta property=\"og:image:type\" content=\"image\/png\" \/>\n<meta name=\"twitter:card\" content=\"summary_large_image\" \/>\n<meta name=\"twitter:label1\" content=\"Dur\u00e9e de lecture estim\u00e9e\" \/>\n\t<meta name=\"twitter:data1\" content=\"3 minutes\" \/>\n<script type=\"application\/ld+json\" class=\"yoast-schema-graph\">{\"@context\":\"https:\/\/schema.org\",\"@graph\":[{\"@type\":\"WebPage\",\"@id\":\"https:\/\/bertrand.pl\/produkt\/alutrend-retro\/\",\"url\":\"https:\/\/bertrand.pl\/produkt\/alutrend-retro\/\",\"name\":\"Alutrend Retro - Bertrand. Najwy\u017cszej jako\u015bci okna i drzwi. Certyfikowany producent od 1969 roku.\",\"isPartOf\":{\"@id\":\"https:\/\/bertrand.pl\/#website\"},\"primaryImageOfPage\":{\"@id\":\"https:\/\/bertrand.pl\/produkt\/alutrend-retro\/#primaryimage\"},\"image\":{\"@id\":\"https:\/\/bertrand.pl\/produkt\/alutrend-retro\/#primaryimage\"},\"thumbnailUrl\":\"https:\/\/bertrand.pl\/wp-content\/uploads\/2024\/08\/alutrend-retro1-kopia.png\",\"datePublished\":\"2024-08-23T06:24:37+00:00\",\"dateModified\":\"2025-03-06T14:04:03+00:00\",\"description\":\"Alutrend Retro to zawansowany system drewniano-aluminiowy. Dost\u0119pny w trzech wariantach g\u0142\u0119boko\u015bci. Odporny na warunki atmosferyczne.\",\"breadcrumb\":{\"@id\":\"https:\/\/bertrand.pl\/produkt\/alutrend-retro\/#breadcrumb\"},\"inLanguage\":\"fr-FR\",\"potentialAction\":[{\"@type\":\"ReadAction\",\"target\":[\"https:\/\/bertrand.pl\/produkt\/alutrend-retro\/\"]}]},{\"@type\":\"ImageObject\",\"inLanguage\":\"fr-FR\",\"@id\":\"https:\/\/bertrand.pl\/produkt\/alutrend-retro\/#primaryimage\",\"url\":\"https:\/\/bertrand.pl\/wp-content\/uploads\/2024\/08\/alutrend-retro1-kopia.png\",\"contentUrl\":\"https:\/\/bertrand.pl\/wp-content\/uploads\/2024\/08\/alutrend-retro1-kopia.png\",\"width\":564,\"height\":557,\"caption\":\"Alutrend Retro \u0142\u0105czy tradycyjne pi\u0119kno drewna z nowoczesnymi rozwi\u0105zaniami technologicznymi.\"},{\"@type\":\"BreadcrumbList\",\"@id\":\"https:\/\/bertrand.pl\/produkt\/alutrend-retro\/#breadcrumb\",\"itemListElement\":[{\"@type\":\"ListItem\",\"position\":1,\"name\":\"Strona g\u0142\u00f3wna\",\"item\":\"https:\/\/bertrand.pl\/\"},{\"@type\":\"ListItem\",\"position\":2,\"name\":\"Produits\",\"item\":\"https:\/\/bertrand.pl\/fr\/shop\/\"},{\"@type\":\"ListItem\",\"position\":3,\"name\":\"Alutrend Retro\"}]},{\"@type\":\"WebSite\",\"@id\":\"https:\/\/bertrand.pl\/#website\",\"url\":\"https:\/\/bertrand.pl\/\",\"name\":\"Bertrand.pl\",\"description\":\"Firma Bertrand to certyfikowany i uznany producent najwy\u017cszej jako\u015bci okien z PVC, z drewna lub aluminium. Produkcja drzwi, rolet i bram gara\u017cowych.\",\"publisher\":{\"@id\":\"https:\/\/bertrand.pl\/#organization\"},\"potentialAction\":[{\"@type\":\"SearchAction\",\"target\":{\"@type\":\"EntryPoint\",\"urlTemplate\":\"https:\/\/bertrand.pl\/?s={search_term_string}\"},\"query-input\":{\"@type\":\"PropertyValueSpecification\",\"valueRequired\":true,\"valueName\":\"search_term_string\"}}],\"inLanguage\":\"fr-FR\"},{\"@type\":\"Organization\",\"@id\":\"https:\/\/bertrand.pl\/#organization\",\"name\":\"Bertrand.pl\",\"url\":\"https:\/\/bertrand.pl\/\",\"logo\":{\"@type\":\"ImageObject\",\"inLanguage\":\"fr-FR\",\"@id\":\"https:\/\/bertrand.pl\/#\/schema\/logo\/image\/\",\"url\":\"https:\/\/bertrand.pl\/wp-content\/uploads\/2024\/12\/logo_BB_TM_PL_black.png\",\"contentUrl\":\"https:\/\/bertrand.pl\/wp-content\/uploads\/2024\/12\/logo_BB_TM_PL_black.png\",\"width\":1831,\"height\":1831,\"caption\":\"Bertrand.pl\"},\"image\":{\"@id\":\"https:\/\/bertrand.pl\/#\/schema\/logo\/image\/\"},\"sameAs\":[\"https:\/\/www.facebook.com\/bertrandpolska\/\",\"https:\/\/www.instagram.com\/bertrand_okna_i_drzwi\/\",\"https:\/\/www.linkedin.com\/company\/bertrand\/\",\"https:\/\/www.tiktok.com\/@bertrand_okna_drzwi\"]}]}<\/script>\n<!-- \/ Yoast SEO Premium plugin. -->","yoast_head_json":{"title":"Alutrend Retro - Bertrand. Najwy\u017cszej jako\u015bci okna i drzwi. Certyfikowany producent od 1969 roku.","description":"Alutrend Retro est un syst\u00e8me bois-aluminium avanc\u00e9. Disponible en trois variantes de profondeur. R\u00e9sistant aux conditions m\u00e9t\u00e9orologiques.","robots":{"index":"index","follow":"follow","max-snippet":"max-snippet:-1","max-image-preview":"max-image-preview:large","max-video-preview":"max-video-preview:-1"},"canonical":"https:\/\/bertrand.pl\/fr\/produit\/alutrend-retro\/","og_locale":"fr_FR","og_type":"article","og_title":"Alutrend Retro","og_description":"Alutrend Retro to zawansowany system drewniano-aluminiowy. Dost\u0119pny w trzech wariantach g\u0142\u0119boko\u015bci. Odporny na warunki atmosferyczne.","og_url":"https:\/\/bertrand.pl\/fr\/produit\/alutrend-retro\/","og_site_name":"Bertrand. Najwy\u017cszej jako\u015bci okna i drzwi. Certyfikowany producent od 1969 roku.","article_publisher":"https:\/\/www.facebook.com\/bertrandpolska\/","article_modified_time":"2025-03-06T14:04:03+00:00","og_image":[{"width":564,"height":557,"url":"https:\/\/bertrand.pl\/wp-content\/uploads\/2024\/08\/alutrend-retro1-kopia.png","type":"image\/png"}],"twitter_card":"summary_large_image","twitter_misc":{"Dur\u00e9e de lecture estim\u00e9e":"3 minutes"},"schema":{"@context":"https:\/\/schema.org","@graph":[{"@type":"WebPage","@id":"https:\/\/bertrand.pl\/produkt\/alutrend-retro\/","url":"https:\/\/bertrand.pl\/produkt\/alutrend-retro\/","name":"Alutrend Retro - Bertrand. Najwy\u017cszej jako\u015bci okna i drzwi. Certyfikowany producent od 1969 roku.","isPartOf":{"@id":"https:\/\/bertrand.pl\/#website"},"primaryImageOfPage":{"@id":"https:\/\/bertrand.pl\/produkt\/alutrend-retro\/#primaryimage"},"image":{"@id":"https:\/\/bertrand.pl\/produkt\/alutrend-retro\/#primaryimage"},"thumbnailUrl":"https:\/\/bertrand.pl\/wp-content\/uploads\/2024\/08\/alutrend-retro1-kopia.png","datePublished":"2024-08-23T06:24:37+00:00","dateModified":"2025-03-06T14:04:03+00:00","description":"Alutrend Retro est un syst\u00e8me bois-aluminium avanc\u00e9. Disponible en trois variantes de profondeur. R\u00e9sistant aux conditions m\u00e9t\u00e9orologiques.","breadcrumb":{"@id":"https:\/\/bertrand.pl\/produkt\/alutrend-retro\/#breadcrumb"},"inLanguage":"fr-FR","potentialAction":[{"@type":"ReadAction","target":["https:\/\/bertrand.pl\/produkt\/alutrend-retro\/"]}]},{"@type":"ImageObject","inLanguage":"fr-FR","@id":"https:\/\/bertrand.pl\/produkt\/alutrend-retro\/#primaryimage","url":"https:\/\/bertrand.pl\/wp-content\/uploads\/2024\/08\/alutrend-retro1-kopia.png","contentUrl":"https:\/\/bertrand.pl\/wp-content\/uploads\/2024\/08\/alutrend-retro1-kopia.png","width":564,"height":557,"caption":"Alutrend Retro \u0142\u0105czy tradycyjne pi\u0119kno drewna z nowoczesnymi rozwi\u0105zaniami technologicznymi."},{"@type":"BreadcrumbList","@id":"https:\/\/bertrand.pl\/produkt\/alutrend-retro\/#breadcrumb","itemListElement":[{"@type":"ListItem","position":1,"name":"Strona g\u0142\u00f3wna","item":"https:\/\/bertrand.pl\/"},{"@type":"ListItem","position":2,"name":"Produits","item":"https:\/\/bertrand.pl\/fr\/shop\/"},{"@type":"ListItem","position":3,"name":"Alutrend Retro"}]},{"@type":"WebSite","@id":"https:\/\/bertrand.pl\/#website","url":"https:\/\/bertrand.pl\/","name":"Bertrand.pl","description":"Firma Bertrand to certyfikowany i uznany producent najwy\u017cszej jako\u015bci okien z PVC, z drewna lub aluminium. Produkcja drzwi, rolet i bram gara\u017cowych.","publisher":{"@id":"https:\/\/bertrand.pl\/#organization"},"potentialAction":[{"@type":"SearchAction","target":{"@type":"EntryPoint","urlTemplate":"https:\/\/bertrand.pl\/?s={search_term_string}"},"query-input":{"@type":"PropertyValueSpecification","valueRequired":true,"valueName":"search_term_string"}}],"inLanguage":"fr-FR"},{"@type":"Organization","@id":"https:\/\/bertrand.pl\/#organization","name":"Bertrand.pl","url":"https:\/\/bertrand.pl\/","logo":{"@type":"ImageObject","inLanguage":"fr-FR","@id":"https:\/\/bertrand.pl\/#\/schema\/logo\/image\/","url":"https:\/\/bertrand.pl\/wp-content\/uploads\/2024\/12\/logo_BB_TM_PL_black.png","contentUrl":"https:\/\/bertrand.pl\/wp-content\/uploads\/2024\/12\/logo_BB_TM_PL_black.png","width":1831,"height":1831,"caption":"Bertrand.pl"},"image":{"@id":"https:\/\/bertrand.pl\/#\/schema\/logo\/image\/"},"sameAs":["https:\/\/www.facebook.com\/bertrandpolska\/","https:\/\/www.instagram.com\/bertrand_okna_i_drzwi\/","https:\/\/www.linkedin.com\/company\/bertrand\/","https:\/\/www.tiktok.com\/@bertrand_okna_drzwi"]}]}},"_links":{"self":[{"href":"https:\/\/bertrand.pl\/fr\/wp-json\/wp\/v2\/product\/4713","targetHints":{"allow":["GET"]}}],"collection":[{"href":"https:\/\/bertrand.pl\/fr\/wp-json\/wp\/v2\/product"}],"about":[{"href":"https:\/\/bertrand.pl\/fr\/wp-json\/wp\/v2\/types\/product"}],"wp:featuredmedia":[{"embeddable":true,"href":"https:\/\/bertrand.pl\/fr\/wp-json\/wp\/v2\/media\/4718"}],"wp:attachment":[{"href":"https:\/\/bertrand.pl\/fr\/wp-json\/wp\/v2\/media?parent=4713"}],"wp:term":[{"taxonomy":"product_brand","embeddable":true,"href":"https:\/\/bertrand.pl\/fr\/wp-json\/wp\/v2\/product_brand?post=4713"},{"taxonomy":"product_cat","embeddable":true,"href":"https:\/\/bertrand.pl\/fr\/wp-json\/wp\/v2\/product_cat?post=4713"},{"taxonomy":"product_tag","embeddable":true,"href":"https:\/\/bertrand.pl\/fr\/wp-json\/wp\/v2\/product_tag?post=4713"}],"curies":[{"name":"wp","href":"https:\/\/api.w.org\/{rel}","templated":true}]}}