{"id":4724,"date":"2024-08-23T09:08:07","date_gmt":"2024-08-23T07:08:07","guid":{"rendered":"https:\/\/bertrand.pl\/?post_type=product&#038;p=4724"},"modified":"2025-03-06T15:03:28","modified_gmt":"2025-03-06T14:03:28","slug":"alutrend-softline","status":"publish","type":"product","link":"https:\/\/bertrand.pl\/fr\/produkt\/alutrend-softline\/","title":{"rendered":"Alutrend Softline"},"content":{"rendered":"<h4>Alutrend Softline \u2013 \u00e9l\u00e9gance et fonctionnalit\u00e9<\/h4>\n<p>&nbsp;<\/p>\n<p><strong>Alutrend Softline<\/strong>, un syst\u00e8me de fen\u00eatre avanc\u00e9 en bois et aluminium, se distingue par la forme \u00e9l\u00e9gante et arrondie des rev\u00eatements en aluminium. Gr\u00e2ce \u00e0 cette conception unique, le produit allie un design moderne \u00e0 une fonctionnalit\u00e9 exceptionnelle, ce qui en fait un excellent choix pour les projets architecturaux classiques et contemporains. Ce syst\u00e8me est disponible en trois variantes de profondeur \u2013 <strong>standard, XL (97 mm)<\/strong> et <strong>MAXIMUM (111 mm)<\/strong> \u2013 ce qui permet une adaptation flexible aux diff\u00e9rents besoins de conception.<\/p>\n<p>&nbsp;<\/p>\n<h4>Polyvalence et style<\/h4>\n<p>&nbsp;<\/p>\n<p>Alutrend Softline propose une large gamme d&#039;essences de bois, ce qui permet d&#039;adapter parfaitement les fen\u00eatres au caract\u00e8re de l&#039;int\u00e9rieur et aux pr\u00e9f\u00e9rences individuelles de l&#039;utilisateur. <strong>Large gamme de couleurs<\/strong> vous permet de cr\u00e9er un agencement harmonieux aussi bien dans les maisons unifamiliales que dans les investissements de construction plus importants. De plus, gr\u00e2ce \u00e0 l\u2019utilisation de vernis protecteurs, les surfaces en bois sont durables, esth\u00e9tiques et r\u00e9sistantes \u00e0 un usage quotidien.<\/p>\n<p>&nbsp;<\/p>\n<figure id=\"attachment_4726\" aria-describedby=\"caption-attachment-4726\" style=\"width: 387px\" class=\"wp-caption alignnone\"><img fetchpriority=\"high\" decoding=\"async\" class=\"wp-image-4726\" src=\"https:\/\/bertrand.pl\/wp-content\/uploads\/2024\/08\/Zrzut-ekranu-2024-08-23-090937.png\" alt=\"Alutrend Softline est un design unique et une durabilit\u00e9 sans pr\u00e9c\u00e9dent. \" width=\"387\" height=\"416\" srcset=\"https:\/\/bertrand.pl\/wp-content\/uploads\/2024\/08\/Zrzut-ekranu-2024-08-23-090937.png 669w, https:\/\/bertrand.pl\/wp-content\/uploads\/2024\/08\/Zrzut-ekranu-2024-08-23-090937-391x420.png 391w, https:\/\/bertrand.pl\/wp-content\/uploads\/2024\/08\/Zrzut-ekranu-2024-08-23-090937-11x12.png 11w, https:\/\/bertrand.pl\/wp-content\/uploads\/2024\/08\/Zrzut-ekranu-2024-08-23-090937-600x645.png 600w\" sizes=\"(max-width: 387px) 100vw, 387px\" \/><figcaption id=\"caption-attachment-4726\" class=\"wp-caption-text\">Alutrend Softline &#8211; przekr\u00f3j<\/figcaption><\/figure>\n<p>&nbsp;<\/p>\n<h4>Isolation thermique et \u00e9tanch\u00e9it\u00e9 les plus \u00e9lev\u00e9es<\/h4>\n<p>&nbsp;<\/p>\n<p>Le syst\u00e8me Alutrend Softline offre des propri\u00e9t\u00e9s d&#039;isolation thermique uniques qui r\u00e9pondent aux exigences \u00e9lev\u00e9es de la construction moderne \u00e9conome en \u00e9nergie. <strong>Option double ou triple vitrage<\/strong>, combin\u00e9 \u00e0 trois lignes d&#039;\u00e9tanch\u00e9it\u00e9, garantit une protection maximale contre le vent, l&#039;humidit\u00e9 et la perte de chaleur. Gr\u00e2ce \u00e0 cela, les utilisateurs peuvent b\u00e9n\u00e9ficier d\u2019un confort thermique toute l\u2019ann\u00e9e, quelles que soient les conditions m\u00e9t\u00e9orologiques.<\/p>\n<h4><\/h4>\n<h4>Des solutions techniques polyvalentes<\/h4>\n<p>&nbsp;<\/p>\n<p>Softline permet d&#039;utiliser les deux <strong>charni\u00e8res superficielles<\/strong>, Quoi <strong>cach\u00e9<\/strong>, ce qui vous donne toute libert\u00e9 pour adapter les fen\u00eatres \u00e0 vos besoins individuels. De cette mani\u00e8re, le syst\u00e8me allie durabilit\u00e9 et esth\u00e9tique, r\u00e9pondant aux attentes des clients les plus exigeants. Quelle que soit la variante choisie, Softline s&#039;int\u00e8gre harmonieusement dans toute conception architecturale, offrant fiabilit\u00e9 et beaut\u00e9.<\/p>\n<p>&nbsp;<\/p>\n<h4>Vernis AQUATOP \u2013 excellente protection du bois<\/h4>\n<p>&nbsp;<\/p>\n<p><strong>Bertrand<\/strong> utilise en standard les vernis \u00e0 bois les plus modernes, et l&#039;un d&#039;eux est <strong>AQUATOP<\/strong>, qui prot\u00e8ge efficacement les surfaces contre les intemp\u00e9ries. Ce vernis avanc\u00e9 offre une protection douce et durable, rendant le bois r\u00e9sistant \u00e0 l&#039;humidit\u00e9, \u00e0 la moisissure et \u00e0 la pourriture. De plus, la demande <strong>pigments froids<\/strong> permet aux fen\u00eatres en bois de fonctionner parfaitement m\u00eame dans les climats chauds.<\/p>\n<p>&nbsp;<\/p>\n<h4>Finition parfaite<\/h4>\n<p>&nbsp;<\/p>\n<p>Le proc\u00e9d\u00e9 de fabrication des fen\u00eatres Bertrand combine <strong>meulage automatis\u00e9 de surfaces planes<\/strong> avec finition manuelle des zones difficiles d&#039;acc\u00e8s, comme la surface \u00e0 l&#039;int\u00e9rieur du cadre. Gr\u00e2ce \u00e0 cela, chaque fen\u00eatre pr\u00e9sente un aspect et une durabilit\u00e9 irr\u00e9prochables, une combinaison parfaite entre esth\u00e9tique et qualit\u00e9.<\/p>\n<p>&nbsp;<\/p>\n<h4>Durabilit\u00e9 et technologies modernes<\/h4>\n<p>&nbsp;<\/p>\n<p>Pour r\u00e9sumer, <strong>Alutrend Softline<\/strong> est un syst\u00e8me avanc\u00e9 de fen\u00eatres en bois et en aluminium qui se distingue par sa durabilit\u00e9, son design \u00e9l\u00e9gant et ses technologies modernes. Gr\u00e2ce \u00e0 une large gamme de bois, d&#039;excellentes propri\u00e9t\u00e9s isolantes et une polyvalence technique, ce syst\u00e8me est une solution id\u00e9ale pour tous ceux qui appr\u00e9cient la qualit\u00e9 et l&#039;esth\u00e9tique. <strong>Vernis AQUATOP<\/strong> De plus, ils garantissent long\u00e9vit\u00e9 et r\u00e9sistance, ce qui rend les produits Bertrand fiables dans toutes les conditions.<\/p>\n<p>&nbsp;<\/p>\n<h4><strong>VOIR AUSSI :\u00a0<\/strong><\/h4>\n<p>&nbsp;<\/p>\n<h5><a href=\"https:\/\/www.youtube.com\/watch?v=6SyJjsGOovg\">Alutrend \u2013 Syst\u00e8me moderne en bois et aluminium<\/a><\/h5>\n<h5><strong><a href=\"https:\/\/bertrand.pl\/fr\/couleur\/\">Couleurs des fen\u00eatres et des portes<\/a><\/strong><\/h5>\n<p>&nbsp;<\/p>","protected":false},"excerpt":{"rendered":"<p><strong>Syst\u00e8me bois-aluminium de forme arrondie<\/strong><\/p>\n<p>Alutrend Softline est un syst\u00e8me de fen\u00eatre avanc\u00e9 en bois et aluminium, qui se distingue par la forme \u00e9l\u00e9gante et arrondie des rev\u00eatements en aluminium. Gr\u00e2ce \u00e0 cela, le produit allie un design moderne avec une fonctionnalit\u00e9 exceptionnelle.<\/p>","protected":false},"featured_media":6320,"template":"","meta":{"site-sidebar-layout":"default","site-content-layout":"","ast-site-content-layout":"default","site-content-style":"default","site-sidebar-style":"default","ast-global-header-display":"","ast-banner-title-visibility":"","ast-main-header-display":"","ast-hfb-above-header-display":"","ast-hfb-below-header-display":"","ast-hfb-mobile-header-display":"","site-post-title":"","ast-breadcrumbs-content":"","ast-featured-img":"","footer-sml-layout":"","ast-disable-related-posts":"","theme-transparent-header-meta":"default","adv-header-id-meta":"","stick-header-meta":"","header-above-stick-meta":"","header-main-stick-meta":"","header-below-stick-meta":"","astra-migrate-meta-layouts":"set","ast-page-background-enabled":"default","ast-page-background-meta":{"desktop":{"background-color":"var(--ast-global-color-4)","background-image":"","background-repeat":"repeat","background-position":"center center","background-size":"auto","background-attachment":"scroll","background-type":"","background-media":"","overlay-type":"","overlay-color":"","overlay-opacity":"","overlay-gradient":""},"tablet":{"background-color":"","background-image":"","background-repeat":"repeat","background-position":"center center","background-size":"auto","background-attachment":"scroll","background-type":"","background-media":"","overlay-type":"","overlay-color":"","overlay-opacity":"","overlay-gradient":""},"mobile":{"background-color":"","background-image":"","background-repeat":"repeat","background-position":"center center","background-size":"auto","background-attachment":"scroll","background-type":"","background-media":"","overlay-type":"","overlay-color":"","overlay-opacity":"","overlay-gradient":""}},"ast-content-background-meta":{"desktop":{"background-color":"var(--ast-global-color-5)","background-image":"","background-repeat":"repeat","background-position":"center center","background-size":"auto","background-attachment":"scroll","background-type":"","background-media":"","overlay-type":"","overlay-color":"","overlay-opacity":"","overlay-gradient":""},"tablet":{"background-color":"var(--ast-global-color-5)","background-image":"","background-repeat":"repeat","background-position":"center center","background-size":"auto","background-attachment":"scroll","background-type":"","background-media":"","overlay-type":"","overlay-color":"","overlay-opacity":"","overlay-gradient":""},"mobile":{"background-color":"var(--ast-global-color-5)","background-image":"","background-repeat":"repeat","background-position":"center center","background-size":"auto","background-attachment":"scroll","background-type":"","background-media":"","overlay-type":"","overlay-color":"","overlay-opacity":"","overlay-gradient":""}}},"product_brand":[],"product_cat":[27],"product_tag":[193,384,1424,168,360,326,367,368,339,311,352,354,344,661,662,389,1425,357,388,385,386,758,369,387,355,363,324,312,351,362,390,653,659,309,348,1426,1427,1422],"class_list":{"0":"post-4724","1":"product","2":"type-product","3":"status-publish","4":"has-post-thumbnail","6":"product_cat-okna-drewniano-aluminiowe","7":"product_tag-aluminium","8":"product_tag-alutrend","9":"product_tag-alutrend-softline","10":"product_tag-bertrand","11":"product_tag-bezpieczenstwo","12":"product_tag-budowa-domu","13":"product_tag-budownictwo","14":"product_tag-budownictwo-pasywne","15":"product_tag-design","16":"product_tag-dobre-wlasciwosci-termiczne","17":"product_tag-dobreokna","18":"product_tag-drewno","19":"product_tag-duze-okna","20":"product_tag-estetyka","21":"product_tag-funkcjonalnosc","22":"product_tag-izolacja-akustyczna","23":"product_tag-lakiery-aquatop","24":"product_tag-linear","25":"product_tag-meranti","26":"product_tag-nakladki","27":"product_tag-nakladki-aluminiowe","28":"product_tag-nowoczesne-technologie","29":"product_tag-okna-do-domu","30":"product_tag-okna-drewniane","31":"product_tag-okna-drewniano-aluminiowe","32":"product_tag-oknazpolski","33":"product_tag-okno-dla-domu","34":"product_tag-okno-dla-twojego-domu","35":"product_tag-oknobertrand","36":"product_tag-quality","37":"product_tag-szczelnosc","38":"product_tag-termoizolacja","39":"product_tag-trwalosc","40":"product_tag-upvc","41":"product_tag-windows","42":"product_tag-zawiasy-nawierzchniowe","43":"product_tag-zawiasy-ukryte","44":"product_tag-zimne-pigmenty","45":"desktop-align-left","46":"tablet-align-left","47":"mobile-align-left","49":"first","50":"instock","51":"shipping-taxable","52":"product-type-simple"},"yoast_head":"<!-- This site is optimized with the Yoast SEO Premium plugin v27.2 (Yoast SEO v27.2) - https:\/\/yoast.com\/product\/yoast-seo-premium-wordpress\/ -->\n<title>Alutrend Softline - Bertrand. Najwy\u017cszej jako\u015bci okna i drzwi. Certyfikowany producent od 1969 roku.<\/title>\n<meta name=\"description\" content=\"Alutrend Softline to zawansowany system okien drewniano-aluminiowych. Elegancki, zaokr\u0105glony kszta\u0142t nak\u0142adek aluminiowych.\" \/>\n<meta name=\"robots\" content=\"index, follow, max-snippet:-1, max-image-preview:large, max-video-preview:-1\" \/>\n<link rel=\"canonical\" href=\"https:\/\/bertrand.pl\/fr\/produit\/alutrend-softline\/\" \/>\n<meta property=\"og:locale\" content=\"fr_FR\" \/>\n<meta property=\"og:type\" content=\"article\" \/>\n<meta property=\"og:title\" content=\"Alutrend Softline\" \/>\n<meta property=\"og:description\" content=\"Alutrend Softline to zawansowany system okien drewniano-aluminiowych. Elegancki, zaokr\u0105glony kszta\u0142t nak\u0142adek aluminiowych.\" \/>\n<meta property=\"og:url\" content=\"https:\/\/bertrand.pl\/fr\/produit\/alutrend-softline\/\" \/>\n<meta property=\"og:site_name\" content=\"Bertrand. Najwy\u017cszej jako\u015bci okna i drzwi. Certyfikowany producent od 1969 roku.\" \/>\n<meta property=\"article:publisher\" content=\"https:\/\/www.facebook.com\/bertrandpolska\/\" \/>\n<meta property=\"article:modified_time\" content=\"2025-03-06T14:03:28+00:00\" \/>\n<meta property=\"og:image\" content=\"https:\/\/bertrand.pl\/wp-content\/uploads\/2024\/08\/20130709_BB_0242_DREWNO-ALU_Alutrend_Softline-1360x1360.png\" \/>\n\t<meta property=\"og:image:width\" content=\"1360\" \/>\n\t<meta property=\"og:image:height\" content=\"1360\" \/>\n\t<meta property=\"og:image:type\" content=\"image\/png\" \/>\n<meta name=\"twitter:card\" content=\"summary_large_image\" \/>\n<meta name=\"twitter:label1\" content=\"Dur\u00e9e de lecture estim\u00e9e\" \/>\n\t<meta name=\"twitter:data1\" content=\"3 minutes\" \/>\n<script type=\"application\/ld+json\" class=\"yoast-schema-graph\">{\"@context\":\"https:\/\/schema.org\",\"@graph\":[{\"@type\":\"WebPage\",\"@id\":\"https:\/\/bertrand.pl\/produkt\/alutrend-softline\/\",\"url\":\"https:\/\/bertrand.pl\/produkt\/alutrend-softline\/\",\"name\":\"Alutrend Softline - Bertrand. Najwy\u017cszej jako\u015bci okna i drzwi. Certyfikowany producent od 1969 roku.\",\"isPartOf\":{\"@id\":\"https:\/\/bertrand.pl\/#website\"},\"primaryImageOfPage\":{\"@id\":\"https:\/\/bertrand.pl\/produkt\/alutrend-softline\/#primaryimage\"},\"image\":{\"@id\":\"https:\/\/bertrand.pl\/produkt\/alutrend-softline\/#primaryimage\"},\"thumbnailUrl\":\"https:\/\/bertrand.pl\/wp-content\/uploads\/2024\/08\/20130709_BB_0242_DREWNO-ALU_Alutrend_Softline.png\",\"datePublished\":\"2024-08-23T07:08:07+00:00\",\"dateModified\":\"2025-03-06T14:03:28+00:00\",\"description\":\"Alutrend Softline to zawansowany system okien drewniano-aluminiowych. Elegancki, zaokr\u0105glony kszta\u0142t nak\u0142adek aluminiowych.\",\"breadcrumb\":{\"@id\":\"https:\/\/bertrand.pl\/produkt\/alutrend-softline\/#breadcrumb\"},\"inLanguage\":\"fr-FR\",\"potentialAction\":[{\"@type\":\"ReadAction\",\"target\":[\"https:\/\/bertrand.pl\/produkt\/alutrend-softline\/\"]}]},{\"@type\":\"ImageObject\",\"inLanguage\":\"fr-FR\",\"@id\":\"https:\/\/bertrand.pl\/produkt\/alutrend-softline\/#primaryimage\",\"url\":\"https:\/\/bertrand.pl\/wp-content\/uploads\/2024\/08\/20130709_BB_0242_DREWNO-ALU_Alutrend_Softline.png\",\"contentUrl\":\"https:\/\/bertrand.pl\/wp-content\/uploads\/2024\/08\/20130709_BB_0242_DREWNO-ALU_Alutrend_Softline.png\",\"width\":2525,\"height\":2525},{\"@type\":\"BreadcrumbList\",\"@id\":\"https:\/\/bertrand.pl\/produkt\/alutrend-softline\/#breadcrumb\",\"itemListElement\":[{\"@type\":\"ListItem\",\"position\":1,\"name\":\"Strona g\u0142\u00f3wna\",\"item\":\"https:\/\/bertrand.pl\/\"},{\"@type\":\"ListItem\",\"position\":2,\"name\":\"Produits\",\"item\":\"https:\/\/bertrand.pl\/fr\/shop\/\"},{\"@type\":\"ListItem\",\"position\":3,\"name\":\"Alutrend Softline\"}]},{\"@type\":\"WebSite\",\"@id\":\"https:\/\/bertrand.pl\/#website\",\"url\":\"https:\/\/bertrand.pl\/\",\"name\":\"Bertrand.pl\",\"description\":\"Firma Bertrand to certyfikowany i uznany producent najwy\u017cszej jako\u015bci okien z PVC, z drewna lub aluminium. Produkcja drzwi, rolet i bram gara\u017cowych.\",\"publisher\":{\"@id\":\"https:\/\/bertrand.pl\/#organization\"},\"potentialAction\":[{\"@type\":\"SearchAction\",\"target\":{\"@type\":\"EntryPoint\",\"urlTemplate\":\"https:\/\/bertrand.pl\/?s={search_term_string}\"},\"query-input\":{\"@type\":\"PropertyValueSpecification\",\"valueRequired\":true,\"valueName\":\"search_term_string\"}}],\"inLanguage\":\"fr-FR\"},{\"@type\":\"Organization\",\"@id\":\"https:\/\/bertrand.pl\/#organization\",\"name\":\"Bertrand.pl\",\"url\":\"https:\/\/bertrand.pl\/\",\"logo\":{\"@type\":\"ImageObject\",\"inLanguage\":\"fr-FR\",\"@id\":\"https:\/\/bertrand.pl\/#\/schema\/logo\/image\/\",\"url\":\"https:\/\/bertrand.pl\/wp-content\/uploads\/2024\/12\/logo_BB_TM_PL_black.png\",\"contentUrl\":\"https:\/\/bertrand.pl\/wp-content\/uploads\/2024\/12\/logo_BB_TM_PL_black.png\",\"width\":1831,\"height\":1831,\"caption\":\"Bertrand.pl\"},\"image\":{\"@id\":\"https:\/\/bertrand.pl\/#\/schema\/logo\/image\/\"},\"sameAs\":[\"https:\/\/www.facebook.com\/bertrandpolska\/\",\"https:\/\/www.instagram.com\/bertrand_okna_i_drzwi\/\",\"https:\/\/www.linkedin.com\/company\/bertrand\/\",\"https:\/\/www.tiktok.com\/@bertrand_okna_drzwi\"]}]}<\/script>\n<!-- \/ Yoast SEO Premium plugin. -->","yoast_head_json":{"title":"Alutrend Softline - Bertrand. Najwy\u017cszej jako\u015bci okna i drzwi. Certyfikowany producent od 1969 roku.","description":"Alutrend Softline est un syst\u00e8me avanc\u00e9 de fen\u00eatres en bois-aluminium. Forme \u00e9l\u00e9gante et arrondie des couvercles en aluminium.","robots":{"index":"index","follow":"follow","max-snippet":"max-snippet:-1","max-image-preview":"max-image-preview:large","max-video-preview":"max-video-preview:-1"},"canonical":"https:\/\/bertrand.pl\/fr\/produit\/alutrend-softline\/","og_locale":"fr_FR","og_type":"article","og_title":"Alutrend Softline","og_description":"Alutrend Softline to zawansowany system okien drewniano-aluminiowych. Elegancki, zaokr\u0105glony kszta\u0142t nak\u0142adek aluminiowych.","og_url":"https:\/\/bertrand.pl\/fr\/produit\/alutrend-softline\/","og_site_name":"Bertrand. Najwy\u017cszej jako\u015bci okna i drzwi. Certyfikowany producent od 1969 roku.","article_publisher":"https:\/\/www.facebook.com\/bertrandpolska\/","article_modified_time":"2025-03-06T14:03:28+00:00","og_image":[{"width":1360,"height":1360,"url":"https:\/\/bertrand.pl\/wp-content\/uploads\/2024\/08\/20130709_BB_0242_DREWNO-ALU_Alutrend_Softline-1360x1360.png","type":"image\/png"}],"twitter_card":"summary_large_image","twitter_misc":{"Dur\u00e9e de lecture estim\u00e9e":"3 minutes"},"schema":{"@context":"https:\/\/schema.org","@graph":[{"@type":"WebPage","@id":"https:\/\/bertrand.pl\/produkt\/alutrend-softline\/","url":"https:\/\/bertrand.pl\/produkt\/alutrend-softline\/","name":"Alutrend Softline - Bertrand. Najwy\u017cszej jako\u015bci okna i drzwi. Certyfikowany producent od 1969 roku.","isPartOf":{"@id":"https:\/\/bertrand.pl\/#website"},"primaryImageOfPage":{"@id":"https:\/\/bertrand.pl\/produkt\/alutrend-softline\/#primaryimage"},"image":{"@id":"https:\/\/bertrand.pl\/produkt\/alutrend-softline\/#primaryimage"},"thumbnailUrl":"https:\/\/bertrand.pl\/wp-content\/uploads\/2024\/08\/20130709_BB_0242_DREWNO-ALU_Alutrend_Softline.png","datePublished":"2024-08-23T07:08:07+00:00","dateModified":"2025-03-06T14:03:28+00:00","description":"Alutrend Softline est un syst\u00e8me avanc\u00e9 de fen\u00eatres en bois-aluminium. Forme \u00e9l\u00e9gante et arrondie des couvercles en aluminium.","breadcrumb":{"@id":"https:\/\/bertrand.pl\/produkt\/alutrend-softline\/#breadcrumb"},"inLanguage":"fr-FR","potentialAction":[{"@type":"ReadAction","target":["https:\/\/bertrand.pl\/produkt\/alutrend-softline\/"]}]},{"@type":"ImageObject","inLanguage":"fr-FR","@id":"https:\/\/bertrand.pl\/produkt\/alutrend-softline\/#primaryimage","url":"https:\/\/bertrand.pl\/wp-content\/uploads\/2024\/08\/20130709_BB_0242_DREWNO-ALU_Alutrend_Softline.png","contentUrl":"https:\/\/bertrand.pl\/wp-content\/uploads\/2024\/08\/20130709_BB_0242_DREWNO-ALU_Alutrend_Softline.png","width":2525,"height":2525},{"@type":"BreadcrumbList","@id":"https:\/\/bertrand.pl\/produkt\/alutrend-softline\/#breadcrumb","itemListElement":[{"@type":"ListItem","position":1,"name":"Strona g\u0142\u00f3wna","item":"https:\/\/bertrand.pl\/"},{"@type":"ListItem","position":2,"name":"Produits","item":"https:\/\/bertrand.pl\/fr\/shop\/"},{"@type":"ListItem","position":3,"name":"Alutrend Softline"}]},{"@type":"WebSite","@id":"https:\/\/bertrand.pl\/#website","url":"https:\/\/bertrand.pl\/","name":"Bertrand.pl","description":"Firma Bertrand to certyfikowany i uznany producent najwy\u017cszej jako\u015bci okien z PVC, z drewna lub aluminium. Produkcja drzwi, rolet i bram gara\u017cowych.","publisher":{"@id":"https:\/\/bertrand.pl\/#organization"},"potentialAction":[{"@type":"SearchAction","target":{"@type":"EntryPoint","urlTemplate":"https:\/\/bertrand.pl\/?s={search_term_string}"},"query-input":{"@type":"PropertyValueSpecification","valueRequired":true,"valueName":"search_term_string"}}],"inLanguage":"fr-FR"},{"@type":"Organization","@id":"https:\/\/bertrand.pl\/#organization","name":"Bertrand.pl","url":"https:\/\/bertrand.pl\/","logo":{"@type":"ImageObject","inLanguage":"fr-FR","@id":"https:\/\/bertrand.pl\/#\/schema\/logo\/image\/","url":"https:\/\/bertrand.pl\/wp-content\/uploads\/2024\/12\/logo_BB_TM_PL_black.png","contentUrl":"https:\/\/bertrand.pl\/wp-content\/uploads\/2024\/12\/logo_BB_TM_PL_black.png","width":1831,"height":1831,"caption":"Bertrand.pl"},"image":{"@id":"https:\/\/bertrand.pl\/#\/schema\/logo\/image\/"},"sameAs":["https:\/\/www.facebook.com\/bertrandpolska\/","https:\/\/www.instagram.com\/bertrand_okna_i_drzwi\/","https:\/\/www.linkedin.com\/company\/bertrand\/","https:\/\/www.tiktok.com\/@bertrand_okna_drzwi"]}]}},"_links":{"self":[{"href":"https:\/\/bertrand.pl\/fr\/wp-json\/wp\/v2\/product\/4724","targetHints":{"allow":["GET"]}}],"collection":[{"href":"https:\/\/bertrand.pl\/fr\/wp-json\/wp\/v2\/product"}],"about":[{"href":"https:\/\/bertrand.pl\/fr\/wp-json\/wp\/v2\/types\/product"}],"wp:featuredmedia":[{"embeddable":true,"href":"https:\/\/bertrand.pl\/fr\/wp-json\/wp\/v2\/media\/6320"}],"wp:attachment":[{"href":"https:\/\/bertrand.pl\/fr\/wp-json\/wp\/v2\/media?parent=4724"}],"wp:term":[{"taxonomy":"product_brand","embeddable":true,"href":"https:\/\/bertrand.pl\/fr\/wp-json\/wp\/v2\/product_brand?post=4724"},{"taxonomy":"product_cat","embeddable":true,"href":"https:\/\/bertrand.pl\/fr\/wp-json\/wp\/v2\/product_cat?post=4724"},{"taxonomy":"product_tag","embeddable":true,"href":"https:\/\/bertrand.pl\/fr\/wp-json\/wp\/v2\/product_tag?post=4724"}],"curies":[{"name":"wp","href":"https:\/\/api.w.org\/{rel}","templated":true}]}}