{"id":4754,"date":"2024-08-23T14:17:11","date_gmt":"2024-08-23T12:17:11","guid":{"rendered":"https:\/\/bertrand.pl\/?post_type=product&#038;p=4754"},"modified":"2024-12-12T11:45:24","modified_gmt":"2024-12-12T10:45:24","slug":"pvc-porte","status":"publish","type":"product","link":"https:\/\/bertrand.pl\/fr\/produkt\/drzwi-pvc\/","title":{"rendered":"portes en PVC"},"content":{"rendered":"<div class=\"flex-shrink-0 flex flex-col relative items-end\">\n<div>\n<div class=\"pt-0\">\n<div class=\"gizmo-bot-avatar flex h-8 w-8 items-center justify-center overflow-hidden rounded-full\">\n<div class=\"relative p-1 rounded-sm flex items-center justify-center bg-token-main-surface-primary text-token-text-primary h-8 w-8\"><\/div>\n<\/div>\n<\/div>\n<\/div>\n<\/div>\n<div class=\"group\/conversation-turn relative flex w-full min-w-0 flex-col agent-turn\">\n<div class=\"flex-col gap-1 md:gap-3\">\n<div class=\"flex max-w-full flex-col flex-grow\">\n<div class=\"min-h-8 text-message flex w-full flex-col items-end gap-2 whitespace-normal break-words text-start [.text-message+&amp;]:mt-5\" dir=\"auto\" data-message-author-role=\"assistant\" data-message-id=\"98612304-f873-4331-bd58-f573a32da499\" data-message-model-slug=\"gpt-4o\">\n<div class=\"flex w-full flex-col gap-1 empty:hidden first:pt-[3px]\">\n<div class=\"markdown prose w-full break-words dark:prose-invert light\">\n<h3>Drzwi PVC \u2013 komfort, bezpiecze\u0144stwo i estetyka<\/h3>\n<p>&nbsp;<\/p>\n<p>Drzwi PVC to idealne rozwi\u0105zanie dla os\u00f3b ceni\u0105cych wysoki komfort u\u017cytkowania oraz energooszcz\u0119dno\u015b\u0107. Dzi\u0119ki zastosowaniu nowoczesnych profili <strong>Kombisystem<\/strong>, drzwi te zapewniaj\u0105 doskona\u0142\u0105 izolacj\u0119 termiczn\u0105, co przek\u0142ada si\u0119 na ni\u017csze koszty ogrzewania i ch\u0142odzenia. Co wi\u0119cej, profile te, znane r\u00f3wnie\u017c z zastosowania w oknach, charakteryzuj\u0105 si\u0119 trwa\u0142o\u015bci\u0105 i odporno\u015bci\u0105 na dzia\u0142anie czynnik\u00f3w zewn\u0119trznych, co czyni je niezawodnym wyborem na lata.<\/p>\n<\/div>\n<\/div>\n<\/div>\n<\/div>\n<\/div>\n<\/div>\n<p>Nie tylko parametry termoizolacyjne sprawiaj\u0105, \u017ce drzwi PVC s\u0105 tak popularne. Ich przyst\u0119pna cena oraz nowoczesny design sprawiaj\u0105, \u017ce s\u0105 one doskona\u0142ym rozwi\u0105zaniem zar\u00f3wno dla dom\u00f3w jednorodzinnych, jak i mieszka\u0144.<\/p>\n<p>&nbsp;<\/p>\n<h3>Nowoczesne aplikacje Alu-Inox<\/h3>\n<p>&nbsp;<\/p>\n<p>Drzwi PVC wyposa\u017cono w aplikacje <strong>Alu-Inox<\/strong>, kt\u00f3re w standardzie s\u0105 podniesione, co oznacza, \u017ce s\u0105 wypuk\u0142e w stosunku do powierzchni drzwi. Aplikacje te znajduj\u0105 si\u0119 zar\u00f3wno po stronie zewn\u0119trznej, jak i wewn\u0119trznej, dzi\u0119ki czemu drzwi prezentuj\u0105 si\u0119 elegancko z ka\u017cdej perspektywy. Co wi\u0119cej, detale te podkre\u015blaj\u0105 nowoczesny charakter konstrukcji, dodaj\u0105c jej unikalnego wygl\u0105du.<\/p>\n<p>&nbsp;<\/p>\n<h3>Szeroki wyb\u00f3r kolor\u00f3w i mo\u017cliwo\u015b\u0107 personalizacji<\/h3>\n<p>&nbsp;<\/p>\n<p>Dost\u0119pno\u015b\u0107 r\u00f3\u017cnorodnych kolor\u00f3w drzwi PVC to kolejny atut. Klienci mog\u0105 wybiera\u0107 spo\u015br\u00f3d jednolitych odcieni, kt\u00f3re idealnie wpisuj\u0105 si\u0119 w minimalistyczne aran\u017cacje, jak r\u00f3wnie\u017c kolor\u00f3w o wygl\u0105dzie naturalnego drewna, kt\u00f3re dodaj\u0105 ciep\u0142a i klasycznego charakteru. Co wi\u0119cej, mo\u017cliwo\u015b\u0107 zastosowania wariantu dwu-kolorystycznego \u2013 z innym kolorem skrzyd\u0142a wewn\u0119trznego i zewn\u0119trznego \u2013 pozwala na dopasowanie drzwi do indywidualnych preferencji oraz stylu stolarki okiennej i bramy gara\u017cowej.<\/p>\n<p>&nbsp;<\/p>\n<h4><strong>ZOBACZ TAK\u017bE:<\/strong><\/h4>\n<p>&nbsp;<\/p>\n<p><a href=\"https:\/\/bertrand.pl\/drzwi-loft\/\">Drzwi Loft &#8211; Bertrand.pl<\/a><\/p>\n<p><a href=\"https:\/\/www.youtube.com\/watch?v=jveJxzD9uqQ\">French Doors &#8211; Softline XL. A Large Customized Solution<\/a><\/p>\n<p>&nbsp;<\/p>\n<p>&nbsp;<\/p>\n<h3>Drzwi PVC \u2013 wyb\u00f3r na lata<\/h3>\n<p>&nbsp;<\/p>\n<p>Drzwi PVC to nie tylko funkcjonalno\u015b\u0107 i estetyka, ale r\u00f3wnie\u017c trwa\u0142o\u015b\u0107 i \u0142atwo\u015b\u0107 w konserwacji. Dzi\u0119ki zastosowaniu wysokiej jako\u015bci materia\u0142\u00f3w drzwi te s\u0105 odporne na dzia\u0142anie warunk\u00f3w atmosferycznych, takich jak deszcz, \u015bnieg czy promieniowanie UV. Dodatkowo ich monta\u017c oraz u\u017cytkowanie s\u0105 niezwykle wygodne, co sprawia, \u017ce stanowi\u0105 doskona\u0142e rozwi\u0105zanie dla ka\u017cdego domu.<\/p>\n<p>&nbsp;<\/p>\n<div id='gallery-1' class='gallery galleryid-4754 gallery-columns-3 gallery-size-full'><figure class='gallery-item'>\n\t\t\t<div class='gallery-icon portrait'>\n\t\t\t\t<a href='https:\/\/bertrand.pl\/fr\/?attachment_id=4757'><img fetchpriority=\"high\" decoding=\"async\" width=\"526\" height=\"747\" src=\"https:\/\/bertrand.pl\/wp-content\/uploads\/2024\/08\/Zrzut-ekranu-2024-08-23-143639.png\" class=\"attachment-full size-full\" alt=\"Drzwi PVC\" srcset=\"https:\/\/bertrand.pl\/wp-content\/uploads\/2024\/08\/Zrzut-ekranu-2024-08-23-143639.png 526w, https:\/\/bertrand.pl\/wp-content\/uploads\/2024\/08\/Zrzut-ekranu-2024-08-23-143639-296x420.png 296w, https:\/\/bertrand.pl\/wp-content\/uploads\/2024\/08\/Zrzut-ekranu-2024-08-23-143639-8x12.png 8w\" sizes=\"(max-width: 526px) 100vw, 526px\" \/><\/a>\n\t\t\t<\/div><\/figure><figure class='gallery-item'>\n\t\t\t<div class='gallery-icon portrait'>\n\t\t\t\t<a href='https:\/\/bertrand.pl\/fr\/?attachment_id=4758'><img decoding=\"async\" width=\"525\" height=\"750\" src=\"https:\/\/bertrand.pl\/wp-content\/uploads\/2024\/08\/Zrzut-ekranu-2024-08-23-143648.png\" class=\"attachment-full size-full\" alt=\"Drzwi PVC\" srcset=\"https:\/\/bertrand.pl\/wp-content\/uploads\/2024\/08\/Zrzut-ekranu-2024-08-23-143648.png 525w, https:\/\/bertrand.pl\/wp-content\/uploads\/2024\/08\/Zrzut-ekranu-2024-08-23-143648-294x420.png 294w, https:\/\/bertrand.pl\/wp-content\/uploads\/2024\/08\/Zrzut-ekranu-2024-08-23-143648-8x12.png 8w\" sizes=\"(max-width: 525px) 100vw, 525px\" \/><\/a>\n\t\t\t<\/div><\/figure><figure class='gallery-item'>\n\t\t\t<div class='gallery-icon portrait'>\n\t\t\t\t<a href='https:\/\/bertrand.pl\/fr\/?attachment_id=4759'><img decoding=\"async\" width=\"525\" height=\"752\" src=\"https:\/\/bertrand.pl\/wp-content\/uploads\/2024\/08\/Zrzut-ekranu-2024-08-23-143658.png\" class=\"attachment-full size-full\" alt=\"Drzwi PVC\" srcset=\"https:\/\/bertrand.pl\/wp-content\/uploads\/2024\/08\/Zrzut-ekranu-2024-08-23-143658.png 525w, https:\/\/bertrand.pl\/wp-content\/uploads\/2024\/08\/Zrzut-ekranu-2024-08-23-143658-293x420.png 293w, https:\/\/bertrand.pl\/wp-content\/uploads\/2024\/08\/Zrzut-ekranu-2024-08-23-143658-8x12.png 8w\" sizes=\"(max-width: 525px) 100vw, 525px\" \/><\/a>\n\t\t\t<\/div><\/figure><figure class='gallery-item'>\n\t\t\t<div class='gallery-icon portrait'>\n\t\t\t\t<a href='https:\/\/bertrand.pl\/fr\/?attachment_id=4760'><img loading=\"lazy\" decoding=\"async\" width=\"524\" height=\"752\" src=\"https:\/\/bertrand.pl\/wp-content\/uploads\/2024\/08\/Zrzut-ekranu-2024-08-23-143705.png\" class=\"attachment-full size-full\" alt=\"Drzwi PVC.\" srcset=\"https:\/\/bertrand.pl\/wp-content\/uploads\/2024\/08\/Zrzut-ekranu-2024-08-23-143705.png 524w, https:\/\/bertrand.pl\/wp-content\/uploads\/2024\/08\/Zrzut-ekranu-2024-08-23-143705-293x420.png 293w, https:\/\/bertrand.pl\/wp-content\/uploads\/2024\/08\/Zrzut-ekranu-2024-08-23-143705-8x12.png 8w\" sizes=\"(max-width: 524px) 100vw, 524px\" \/><\/a>\n\t\t\t<\/div><\/figure><figure class='gallery-item'>\n\t\t\t<div class='gallery-icon portrait'>\n\t\t\t\t<a href='https:\/\/bertrand.pl\/fr\/?attachment_id=4761'><img loading=\"lazy\" decoding=\"async\" width=\"528\" height=\"751\" src=\"https:\/\/bertrand.pl\/wp-content\/uploads\/2024\/08\/Zrzut-ekranu-2024-08-23-143719.png\" class=\"attachment-full size-full\" alt=\"Drzwi PVC.\" srcset=\"https:\/\/bertrand.pl\/wp-content\/uploads\/2024\/08\/Zrzut-ekranu-2024-08-23-143719.png 528w, https:\/\/bertrand.pl\/wp-content\/uploads\/2024\/08\/Zrzut-ekranu-2024-08-23-143719-295x420.png 295w, https:\/\/bertrand.pl\/wp-content\/uploads\/2024\/08\/Zrzut-ekranu-2024-08-23-143719-8x12.png 8w\" sizes=\"(max-width: 528px) 100vw, 528px\" \/><\/a>\n\t\t\t<\/div><\/figure>\n\t\t<\/div>\n\n<p>&nbsp;<\/p>\n<p>Do wyboru naszych Klient\u00f3w s\u0105 zar\u00f3wno kolory jednolite, jak i o wygl\u0105dzie naturalnego drewna. Pozwoli to na dobranie odpowiedniego koloru drzwi do stolarki okiennej i bramy gara\u017cowej. Dost\u0119pny jest wariant dwu-kolorystyczny \u2013 inny kolor zewn\u0119trzy i wewn\u0119trzny skrzyd\u0142a.<\/p>\n<p><strong><em>Pe\u0142na gama kolorystyczna dost\u0119pna jest we wzornikach u naszych przedstawicieli.<\/em><\/strong><\/p>\n<p>&nbsp;<\/p>\n<p>&nbsp;<\/p>\n<p>____________________________________________________________________________________________<\/p>\n<p style=\"text-align: center;\"><strong>Kierunki otwierania drzwi:<\/strong><\/p>\n<p>&nbsp;<\/p>\n<p><img loading=\"lazy\" decoding=\"async\" class=\"wp-image-4750 aligncenter\" src=\"https:\/\/bertrand.pl\/wp-content\/uploads\/2024\/08\/Zrzut-ekranu-2024-08-23-110312.png\" alt=\"\" width=\"857\" height=\"117\" srcset=\"https:\/\/bertrand.pl\/wp-content\/uploads\/2024\/08\/Zrzut-ekranu-2024-08-23-110312.png 1217w, https:\/\/bertrand.pl\/wp-content\/uploads\/2024\/08\/Zrzut-ekranu-2024-08-23-110312-420x57.png 420w, https:\/\/bertrand.pl\/wp-content\/uploads\/2024\/08\/Zrzut-ekranu-2024-08-23-110312-768x105.png 768w, https:\/\/bertrand.pl\/wp-content\/uploads\/2024\/08\/Zrzut-ekranu-2024-08-23-110312-18x2.png 18w, https:\/\/bertrand.pl\/wp-content\/uploads\/2024\/08\/Zrzut-ekranu-2024-08-23-110312-600x82.png 600w\" sizes=\"(max-width: 857px) 100vw, 857px\" \/><\/p>\n<p>&nbsp;<\/p>\n<p>____________________________________________________________________________________________<\/p>\n<p>&nbsp;<\/p>\n<p style=\"text-align: center;\"><img loading=\"lazy\" decoding=\"async\" class=\"alignnone wp-image-4756 \" src=\"https:\/\/bertrand.pl\/wp-content\/uploads\/2024\/08\/Zrzut-ekranu-2024-08-23-143942.png\" alt=\"\" width=\"853\" height=\"311\" srcset=\"https:\/\/bertrand.pl\/wp-content\/uploads\/2024\/08\/Zrzut-ekranu-2024-08-23-143942.png 1215w, https:\/\/bertrand.pl\/wp-content\/uploads\/2024\/08\/Zrzut-ekranu-2024-08-23-143942-420x153.png 420w, https:\/\/bertrand.pl\/wp-content\/uploads\/2024\/08\/Zrzut-ekranu-2024-08-23-143942-768x280.png 768w, https:\/\/bertrand.pl\/wp-content\/uploads\/2024\/08\/Zrzut-ekranu-2024-08-23-143942-18x7.png 18w, https:\/\/bertrand.pl\/wp-content\/uploads\/2024\/08\/Zrzut-ekranu-2024-08-23-143942-600x219.png 600w\" sizes=\"(max-width: 853px) 100vw, 853px\" \/><\/p>\n","protected":false},"excerpt":{"rendered":"<p><strong>portes en PVC<\/strong> garantissent une s\u00e9curit\u00e9 thermique et un grand confort d&#039;utilisation.<\/p>","protected":false},"featured_media":4762,"template":"","meta":{"site-sidebar-layout":"default","site-content-layout":"","ast-site-content-layout":"default","site-content-style":"default","site-sidebar-style":"default","ast-global-header-display":"","ast-banner-title-visibility":"","ast-main-header-display":"","ast-hfb-above-header-display":"","ast-hfb-below-header-display":"","ast-hfb-mobile-header-display":"","site-post-title":"","ast-breadcrumbs-content":"","ast-featured-img":"","footer-sml-layout":"","ast-disable-related-posts":"","theme-transparent-header-meta":"default","adv-header-id-meta":"","stick-header-meta":"","header-above-stick-meta":"","header-main-stick-meta":"","header-below-stick-meta":"","astra-migrate-meta-layouts":"set","ast-page-background-enabled":"default","ast-page-background-meta":{"desktop":{"background-color":"var(--ast-global-color-4)","background-image":"","background-repeat":"repeat","background-position":"center center","background-size":"auto","background-attachment":"scroll","background-type":"","background-media":"","overlay-type":"","overlay-color":"","overlay-opacity":"","overlay-gradient":""},"tablet":{"background-color":"","background-image":"","background-repeat":"repeat","background-position":"center center","background-size":"auto","background-attachment":"scroll","background-type":"","background-media":"","overlay-type":"","overlay-color":"","overlay-opacity":"","overlay-gradient":""},"mobile":{"background-color":"","background-image":"","background-repeat":"repeat","background-position":"center center","background-size":"auto","background-attachment":"scroll","background-type":"","background-media":"","overlay-type":"","overlay-color":"","overlay-opacity":"","overlay-gradient":""}},"ast-content-background-meta":{"desktop":{"background-color":"var(--ast-global-color-5)","background-image":"","background-repeat":"repeat","background-position":"center center","background-size":"auto","background-attachment":"scroll","background-type":"","background-media":"","overlay-type":"","overlay-color":"","overlay-opacity":"","overlay-gradient":""},"tablet":{"background-color":"var(--ast-global-color-5)","background-image":"","background-repeat":"repeat","background-position":"center center","background-size":"auto","background-attachment":"scroll","background-type":"","background-media":"","overlay-type":"","overlay-color":"","overlay-opacity":"","overlay-gradient":""},"mobile":{"background-color":"var(--ast-global-color-5)","background-image":"","background-repeat":"repeat","background-position":"center center","background-size":"auto","background-attachment":"scroll","background-type":"","background-media":"","overlay-type":"","overlay-color":"","overlay-opacity":"","overlay-gradient":""}}},"product_brand":[],"product_cat":[17,38],"product_tag":[415,168,644,360,654,339,458,652,658,647,453,661,662,405,657,371,366,646,649,459,660,663,174,563,656,651,653,645,659,650,655,648],"class_list":{"0":"post-4754","1":"product","2":"type-product","3":"status-publish","4":"has-post-thumbnail","6":"product_cat-drzwi","7":"product_cat-drzwi-zewnetrzne","8":"product_tag-akustyka","9":"product_tag-bertrand","10":"product_tag-bertrand-okna","11":"product_tag-bezpieczenstwo","12":"product_tag-bezpieczenstwotermiczne","13":"product_tag-design","14":"product_tag-drzwi-zewnetrzne","15":"product_tag-drzwipvc","16":"product_tag-drzwiwejsciowe","17":"product_tag-elegancja","18":"product_tag-energooszczednosc","19":"product_tag-estetyka","20":"product_tag-funkcjonalnosc","21":"product_tag-izolacja-termiczna","22":"product_tag-izolacjatermiczna","23":"product_tag-kombisystem","24":"product_tag-komfort","25":"product_tag-minimalistyczny-design","26":"product_tag-nowoczesna-architektura","27":"product_tag-nowoczesne-drzwi","28":"product_tag-nowoczesnedrzwi","29":"product_tag-odpornoscnawarunkiatmosferyczne","30":"product_tag-okna","31":"product_tag-okna-i-drzwi","32":"product_tag-przystepnacena","33":"product_tag-pvc","34":"product_tag-termoizolacja","35":"product_tag-trwale-materialy","36":"product_tag-trwalosc","37":"product_tag-wysoka-jakosc","38":"product_tag-wysokajakosc","39":"product_tag-wytrzymalosc","40":"desktop-align-left","41":"tablet-align-left","42":"mobile-align-left","44":"first","45":"instock","46":"shipping-taxable","47":"product-type-simple"},"yoast_head":"<!-- This site is optimized with the Yoast SEO Premium plugin v27.2 (Yoast SEO v27.2) - https:\/\/yoast.com\/product\/yoast-seo-premium-wordpress\/ -->\n<title>Drzwi PVC - Bertrand. Najwy\u017cszej jako\u015bci okna i drzwi. Certyfikowany producent od 1969 roku.<\/title>\n<meta name=\"description\" content=\"Drzwi PVC gwarantuj\u0105 bezpiecze\u0144stwo termiczne oraz wysoki komfort u\u017cytkowania. Wysokie parametry termoizolacyjne. \u015awietna cena.\" \/>\n<meta name=\"robots\" content=\"index, follow, max-snippet:-1, max-image-preview:large, max-video-preview:-1\" \/>\n<link rel=\"canonical\" href=\"https:\/\/bertrand.pl\/fr\/produit\/pvc-porte\/\" \/>\n<meta property=\"og:locale\" content=\"fr_FR\" \/>\n<meta property=\"og:type\" content=\"article\" \/>\n<meta property=\"og:title\" content=\"Drzwi PVC\" \/>\n<meta property=\"og:description\" content=\"Drzwi PVC gwarantuj\u0105 bezpiecze\u0144stwo termiczne oraz wysoki komfort u\u017cytkowania. Wysokie parametry termoizolacyjne. \u015awietna cena.\" \/>\n<meta property=\"og:url\" content=\"https:\/\/bertrand.pl\/fr\/produit\/pvc-porte\/\" \/>\n<meta property=\"og:site_name\" content=\"Bertrand. Najwy\u017cszej jako\u015bci okna i drzwi. Certyfikowany producent od 1969 roku.\" \/>\n<meta property=\"article:publisher\" content=\"https:\/\/www.facebook.com\/bertrandpolska\/\" \/>\n<meta property=\"article:modified_time\" content=\"2024-12-12T10:45:24+00:00\" \/>\n<meta property=\"og:image\" content=\"https:\/\/bertrand.pl\/wp-content\/uploads\/2024\/08\/erty.png\" \/>\n\t<meta property=\"og:image:width\" content=\"827\" \/>\n\t<meta property=\"og:image:height\" content=\"827\" \/>\n\t<meta property=\"og:image:type\" content=\"image\/png\" \/>\n<meta name=\"twitter:card\" content=\"summary_large_image\" \/>\n<meta name=\"twitter:label1\" content=\"Dur\u00e9e de lecture estim\u00e9e\" \/>\n\t<meta name=\"twitter:data1\" content=\"3 minutes\" \/>\n<script type=\"application\/ld+json\" class=\"yoast-schema-graph\">{\"@context\":\"https:\/\/schema.org\",\"@graph\":[{\"@type\":\"WebPage\",\"@id\":\"https:\/\/bertrand.pl\/produkt\/drzwi-pvc\/\",\"url\":\"https:\/\/bertrand.pl\/produkt\/drzwi-pvc\/\",\"name\":\"Drzwi PVC - Bertrand. Najwy\u017cszej jako\u015bci okna i drzwi. Certyfikowany producent od 1969 roku.\",\"isPartOf\":{\"@id\":\"https:\/\/bertrand.pl\/#website\"},\"primaryImageOfPage\":{\"@id\":\"https:\/\/bertrand.pl\/produkt\/drzwi-pvc\/#primaryimage\"},\"image\":{\"@id\":\"https:\/\/bertrand.pl\/produkt\/drzwi-pvc\/#primaryimage\"},\"thumbnailUrl\":\"https:\/\/bertrand.pl\/wp-content\/uploads\/2024\/08\/erty.png\",\"datePublished\":\"2024-08-23T12:17:11+00:00\",\"dateModified\":\"2024-12-12T10:45:24+00:00\",\"description\":\"Drzwi PVC gwarantuj\u0105 bezpiecze\u0144stwo termiczne oraz wysoki komfort u\u017cytkowania. Wysokie parametry termoizolacyjne. \u015awietna cena.\",\"breadcrumb\":{\"@id\":\"https:\/\/bertrand.pl\/produkt\/drzwi-pvc\/#breadcrumb\"},\"inLanguage\":\"fr-FR\",\"potentialAction\":[{\"@type\":\"ReadAction\",\"target\":[\"https:\/\/bertrand.pl\/produkt\/drzwi-pvc\/\"]}]},{\"@type\":\"ImageObject\",\"inLanguage\":\"fr-FR\",\"@id\":\"https:\/\/bertrand.pl\/produkt\/drzwi-pvc\/#primaryimage\",\"url\":\"https:\/\/bertrand.pl\/wp-content\/uploads\/2024\/08\/erty.png\",\"contentUrl\":\"https:\/\/bertrand.pl\/wp-content\/uploads\/2024\/08\/erty.png\",\"width\":827,\"height\":827},{\"@type\":\"BreadcrumbList\",\"@id\":\"https:\/\/bertrand.pl\/produkt\/drzwi-pvc\/#breadcrumb\",\"itemListElement\":[{\"@type\":\"ListItem\",\"position\":1,\"name\":\"Strona g\u0142\u00f3wna\",\"item\":\"https:\/\/bertrand.pl\/\"},{\"@type\":\"ListItem\",\"position\":2,\"name\":\"Produits\",\"item\":\"https:\/\/bertrand.pl\/fr\/shop\/\"},{\"@type\":\"ListItem\",\"position\":3,\"name\":\"Drzwi PVC\"}]},{\"@type\":\"WebSite\",\"@id\":\"https:\/\/bertrand.pl\/#website\",\"url\":\"https:\/\/bertrand.pl\/\",\"name\":\"Bertrand.pl\",\"description\":\"Firma Bertrand to certyfikowany i uznany producent najwy\u017cszej jako\u015bci okien z PVC, z drewna lub aluminium. Produkcja drzwi, rolet i bram gara\u017cowych.\",\"publisher\":{\"@id\":\"https:\/\/bertrand.pl\/#organization\"},\"potentialAction\":[{\"@type\":\"SearchAction\",\"target\":{\"@type\":\"EntryPoint\",\"urlTemplate\":\"https:\/\/bertrand.pl\/?s={search_term_string}\"},\"query-input\":{\"@type\":\"PropertyValueSpecification\",\"valueRequired\":true,\"valueName\":\"search_term_string\"}}],\"inLanguage\":\"fr-FR\"},{\"@type\":\"Organization\",\"@id\":\"https:\/\/bertrand.pl\/#organization\",\"name\":\"Bertrand.pl\",\"url\":\"https:\/\/bertrand.pl\/\",\"logo\":{\"@type\":\"ImageObject\",\"inLanguage\":\"fr-FR\",\"@id\":\"https:\/\/bertrand.pl\/#\/schema\/logo\/image\/\",\"url\":\"https:\/\/bertrand.pl\/wp-content\/uploads\/2024\/12\/logo_BB_TM_PL_black.png\",\"contentUrl\":\"https:\/\/bertrand.pl\/wp-content\/uploads\/2024\/12\/logo_BB_TM_PL_black.png\",\"width\":1831,\"height\":1831,\"caption\":\"Bertrand.pl\"},\"image\":{\"@id\":\"https:\/\/bertrand.pl\/#\/schema\/logo\/image\/\"},\"sameAs\":[\"https:\/\/www.facebook.com\/bertrandpolska\/\",\"https:\/\/www.instagram.com\/bertrand_okna_i_drzwi\/\",\"https:\/\/www.linkedin.com\/company\/bertrand\/\",\"https:\/\/www.tiktok.com\/@bertrand_okna_drzwi\"]}]}<\/script>\n<!-- \/ Yoast SEO Premium plugin. -->","yoast_head_json":{"title":"Drzwi PVC - Bertrand. Najwy\u017cszej jako\u015bci okna i drzwi. Certyfikowany producent od 1969 roku.","description":"Les portes en PVC garantissent une s\u00e9curit\u00e9 thermique et un grand confort d&#039;utilisation. Param\u00e8tres d&#039;isolation thermique \u00e9lev\u00e9s. Tr\u00e8s bon prix.","robots":{"index":"index","follow":"follow","max-snippet":"max-snippet:-1","max-image-preview":"max-image-preview:large","max-video-preview":"max-video-preview:-1"},"canonical":"https:\/\/bertrand.pl\/fr\/produit\/pvc-porte\/","og_locale":"fr_FR","og_type":"article","og_title":"Drzwi PVC","og_description":"Drzwi PVC gwarantuj\u0105 bezpiecze\u0144stwo termiczne oraz wysoki komfort u\u017cytkowania. Wysokie parametry termoizolacyjne. \u015awietna cena.","og_url":"https:\/\/bertrand.pl\/fr\/produit\/pvc-porte\/","og_site_name":"Bertrand. Najwy\u017cszej jako\u015bci okna i drzwi. Certyfikowany producent od 1969 roku.","article_publisher":"https:\/\/www.facebook.com\/bertrandpolska\/","article_modified_time":"2024-12-12T10:45:24+00:00","og_image":[{"width":827,"height":827,"url":"https:\/\/bertrand.pl\/wp-content\/uploads\/2024\/08\/erty.png","type":"image\/png"}],"twitter_card":"summary_large_image","twitter_misc":{"Dur\u00e9e de lecture estim\u00e9e":"3 minutes"},"schema":{"@context":"https:\/\/schema.org","@graph":[{"@type":"WebPage","@id":"https:\/\/bertrand.pl\/produkt\/drzwi-pvc\/","url":"https:\/\/bertrand.pl\/produkt\/drzwi-pvc\/","name":"Drzwi PVC - Bertrand. Najwy\u017cszej jako\u015bci okna i drzwi. Certyfikowany producent od 1969 roku.","isPartOf":{"@id":"https:\/\/bertrand.pl\/#website"},"primaryImageOfPage":{"@id":"https:\/\/bertrand.pl\/produkt\/drzwi-pvc\/#primaryimage"},"image":{"@id":"https:\/\/bertrand.pl\/produkt\/drzwi-pvc\/#primaryimage"},"thumbnailUrl":"https:\/\/bertrand.pl\/wp-content\/uploads\/2024\/08\/erty.png","datePublished":"2024-08-23T12:17:11+00:00","dateModified":"2024-12-12T10:45:24+00:00","description":"Les portes en PVC garantissent une s\u00e9curit\u00e9 thermique et un grand confort d&#039;utilisation. Param\u00e8tres d&#039;isolation thermique \u00e9lev\u00e9s. Tr\u00e8s bon prix.","breadcrumb":{"@id":"https:\/\/bertrand.pl\/produkt\/drzwi-pvc\/#breadcrumb"},"inLanguage":"fr-FR","potentialAction":[{"@type":"ReadAction","target":["https:\/\/bertrand.pl\/produkt\/drzwi-pvc\/"]}]},{"@type":"ImageObject","inLanguage":"fr-FR","@id":"https:\/\/bertrand.pl\/produkt\/drzwi-pvc\/#primaryimage","url":"https:\/\/bertrand.pl\/wp-content\/uploads\/2024\/08\/erty.png","contentUrl":"https:\/\/bertrand.pl\/wp-content\/uploads\/2024\/08\/erty.png","width":827,"height":827},{"@type":"BreadcrumbList","@id":"https:\/\/bertrand.pl\/produkt\/drzwi-pvc\/#breadcrumb","itemListElement":[{"@type":"ListItem","position":1,"name":"Strona g\u0142\u00f3wna","item":"https:\/\/bertrand.pl\/"},{"@type":"ListItem","position":2,"name":"Produits","item":"https:\/\/bertrand.pl\/fr\/shop\/"},{"@type":"ListItem","position":3,"name":"Drzwi PVC"}]},{"@type":"WebSite","@id":"https:\/\/bertrand.pl\/#website","url":"https:\/\/bertrand.pl\/","name":"Bertrand.pl","description":"Firma Bertrand to certyfikowany i uznany producent najwy\u017cszej jako\u015bci okien z PVC, z drewna lub aluminium. Produkcja drzwi, rolet i bram gara\u017cowych.","publisher":{"@id":"https:\/\/bertrand.pl\/#organization"},"potentialAction":[{"@type":"SearchAction","target":{"@type":"EntryPoint","urlTemplate":"https:\/\/bertrand.pl\/?s={search_term_string}"},"query-input":{"@type":"PropertyValueSpecification","valueRequired":true,"valueName":"search_term_string"}}],"inLanguage":"fr-FR"},{"@type":"Organization","@id":"https:\/\/bertrand.pl\/#organization","name":"Bertrand.pl","url":"https:\/\/bertrand.pl\/","logo":{"@type":"ImageObject","inLanguage":"fr-FR","@id":"https:\/\/bertrand.pl\/#\/schema\/logo\/image\/","url":"https:\/\/bertrand.pl\/wp-content\/uploads\/2024\/12\/logo_BB_TM_PL_black.png","contentUrl":"https:\/\/bertrand.pl\/wp-content\/uploads\/2024\/12\/logo_BB_TM_PL_black.png","width":1831,"height":1831,"caption":"Bertrand.pl"},"image":{"@id":"https:\/\/bertrand.pl\/#\/schema\/logo\/image\/"},"sameAs":["https:\/\/www.facebook.com\/bertrandpolska\/","https:\/\/www.instagram.com\/bertrand_okna_i_drzwi\/","https:\/\/www.linkedin.com\/company\/bertrand\/","https:\/\/www.tiktok.com\/@bertrand_okna_drzwi"]}]}},"_links":{"self":[{"href":"https:\/\/bertrand.pl\/fr\/wp-json\/wp\/v2\/product\/4754","targetHints":{"allow":["GET"]}}],"collection":[{"href":"https:\/\/bertrand.pl\/fr\/wp-json\/wp\/v2\/product"}],"about":[{"href":"https:\/\/bertrand.pl\/fr\/wp-json\/wp\/v2\/types\/product"}],"wp:featuredmedia":[{"embeddable":true,"href":"https:\/\/bertrand.pl\/fr\/wp-json\/wp\/v2\/media\/4762"}],"wp:attachment":[{"href":"https:\/\/bertrand.pl\/fr\/wp-json\/wp\/v2\/media?parent=4754"}],"wp:term":[{"taxonomy":"product_brand","embeddable":true,"href":"https:\/\/bertrand.pl\/fr\/wp-json\/wp\/v2\/product_brand?post=4754"},{"taxonomy":"product_cat","embeddable":true,"href":"https:\/\/bertrand.pl\/fr\/wp-json\/wp\/v2\/product_cat?post=4754"},{"taxonomy":"product_tag","embeddable":true,"href":"https:\/\/bertrand.pl\/fr\/wp-json\/wp\/v2\/product_tag?post=4754"}],"curies":[{"name":"wp","href":"https:\/\/api.w.org\/{rel}","templated":true}]}}