{"id":4775,"date":"2024-08-26T09:32:27","date_gmt":"2024-08-26T07:32:27","guid":{"rendered":"https:\/\/bertrand.pl\/?post_type=product&#038;p=4775"},"modified":"2025-09-10T09:23:43","modified_gmt":"2025-09-10T07:23:43","slug":"poignees-de-fenetre-fks","status":"publish","type":"product","link":"https:\/\/bertrand.pl\/fr\/produkt\/klamki-okienne-fks\/","title":{"rendered":"Poign\u00e9es de fen\u00eatre FKS"},"content":{"rendered":"<h3>Poign\u00e9es de fen\u00eatre FKS \u2013 une combinaison de fonctionnalit\u00e9 et d'esth\u00e9tique<\/h3>\n<p>&nbsp;<\/p>\n<p>Une poign\u00e9e de fen\u00eatre est un \u00e9l\u00e9ment cl\u00e9 de chaque fen\u00eatre, permettant son ouverture, fermeture et basculement. Gr\u00e2ce \u00e0 son m\u00e9canisme interne pr\u00e9cis, la poign\u00e9e offre une manipulation confortable de l'ouvrant, am\u00e9liorant ainsi l'exp\u00e9rience utilisateur. Qu'il s'agisse de fen\u00eatres en bois, en PVC ou en aluminium, les poign\u00e9es de fen\u00eatre jouent un r\u00f4le important tant sur le plan fonctionnel qu'esth\u00e9tique. D\u00e9couvrez les poign\u00e9es de fen\u00eatre FKS !<\/p>\n<p>&nbsp;<\/p>\n<h3>Polyvalence et diversit\u00e9 des styles<\/h3>\n<p>&nbsp;<\/p>\n<p>Les poign\u00e9es de fen\u00eatre FKS sont disponibles dans une vari\u00e9t\u00e9 de styles, formes et couleurs, ce qui les rend faciles \u00e0 int\u00e9grer dans tout type d'int\u00e9rieur. Selon les pr\u00e9f\u00e9rences de l'utilisateur, il est possible de choisir des poign\u00e9es au design classique ou des mod\u00e8les modernes qui s'accordent parfaitement avec des agencements minimalistes. La large gamme de couleurs comprend :<\/p>\n<ul>\n<li><strong>Blanc 9016<\/strong> une teinte classique qui s\u2019accorde parfaitement avec la plupart des cadres de fen\u00eatre.<\/li>\n<li><strong>Argent F1<\/strong> une couleur \u00e9l\u00e9gante qui convient aux int\u00e9rieurs modernes.<\/li>\n<li><strong>Acier F9 (titane)<\/strong> une teinte neutre au caract\u00e8re industriel.<\/li>\n<li><strong>Vieil or F4<\/strong> une touche luxueuse, id\u00e9ale pour les int\u00e9rieurs classiques.<\/li>\n<li><strong>Marron 8019<\/strong> une teinte chaude qui met en valeur l\u2019apparence naturelle des cadres en bois.<\/li>\n<li><strong>Noir 8022<\/strong> une option moderne, parfaite pour les designs minimalistes et industriels.<\/li>\n<\/ul>\n<p>Gr\u00e2ce \u00e0 une palette de couleurs aussi riche, les poign\u00e9es peuvent \u00eatre parfaitement assorties aux fen\u00eatres et au style de la pi\u00e8ce enti\u00e8re.<\/p>\n<p>&nbsp;<\/p>\n<h3>Fonctionnalit\u00e9 et options suppl\u00e9mentaires<\/h3>\n<p>&nbsp;<\/p>\n<p class=\"translation-block\">Les poign\u00e9es de fen\u00eatre FKS am\u00e9liorent non seulement le confort d'utilisation des fen\u00eatres, mais elles peuvent \u00e9galement renforcer la s\u00e9curit\u00e9. De nombreux mod\u00e8les proposent une <strong>serrure \u00e0 cl\u00e9<\/strong>, qui prot\u00e8ge contre les ouvertures non autoris\u00e9es, particuli\u00e8rement importante dans les maisons avec des enfants ou dans les endroits n\u00e9cessitant un niveau de s\u00e9curit\u00e9 \u00e9lev\u00e9. De plus, la forme ergonomique des poign\u00e9es garantit un confort d'utilisation au quotidien.<\/p>\n<p>&nbsp;<\/p>\n<p>Les poign\u00e9es sont fabriqu\u00e9es \u00e0 partir de mat\u00e9riaux solides et dot\u00e9es de m\u00e9canismes modernes, ce qui leur conf\u00e8re une grande durabilit\u00e9 et les rend fiables pendant des ann\u00e9es. Elles sont faciles \u00e0 installer et \u00e0 entretenir, ce qui renforce encore leur attrait.<\/p>\n<h3><\/h3>\n<p>Une poign\u00e9e de fen\u00eatre n'est pas seulement un \u00e9l\u00e9ment fonctionnel de la menuiserie, mais \u00e9galement un d\u00e9tail important qui influence l'esth\u00e9tique de tout l'int\u00e9rieur. Gr\u00e2ce \u00e0 un large choix de couleurs, de styles et de fonctionnalit\u00e9s suppl\u00e9mentaires, les poign\u00e9es peuvent \u00eatre parfaitement adapt\u00e9es aux besoins et pr\u00e9f\u00e9rences individuels des utilisateurs.<\/p>\n<p>&nbsp;<\/p>\n<h4><strong>VOIR AUSSI :<\/strong><\/h4>\n<p>&nbsp;<\/p>\n<p><a href=\"https:\/\/bertrand.pl\/fr\/produit\/inteligentny-dom\/\">Accessoires Somfy \u2013 Bertrand.pl<\/a><\/p>\n<p><a href=\"https:\/\/www.youtube.com\/@bertrandpolska\/videos\">Fen\u00eatres et portes BERTRAND \u2013 YouTube<\/a><\/p>\n<p>&nbsp;<\/p>\n<p>Les poign\u00e9es de porte suivantes sont disponibles dans les couleurs suivantes :<\/p>\n<ul>\n<li>Blanc 9016<\/li>\n<li>Argent F1<\/li>\n<li>Acier F9 (titane)<\/li>\n<li>Vieil or F4<\/li>\n<li>Marron 8019<\/li>\n<li>Noir 8022<\/li>\n<\/ul>\n<div id='gallery-1' class='gallery galleryid-4775 gallery-columns-6 gallery-size-full'><figure class='gallery-item'>\n\t\t\t<div class='gallery-icon landscape'>\n\t\t\t\t<a href='https:\/\/bertrand.pl\/wp-content\/uploads\/2024\/08\/Zrzut-ekranu-2024-08-26-092423.png'><img decoding=\"async\" width=\"150\" height=\"96\" src=\"https:\/\/bertrand.pl\/wp-content\/uploads\/2024\/08\/Zrzut-ekranu-2024-08-26-092423.png\" class=\"attachment-full size-full\" alt=\"Poign\u00e9es de fen\u00eatre HOPPE\" srcset=\"https:\/\/bertrand.pl\/wp-content\/uploads\/2024\/08\/Zrzut-ekranu-2024-08-26-092423.png 150w, https:\/\/bertrand.pl\/wp-content\/uploads\/2024\/08\/Zrzut-ekranu-2024-08-26-092423-18x12.png 18w\" sizes=\"(max-width: 150px) 100vw, 150px\" \/><\/a>\n\t\t\t<\/div><\/figure><figure class='gallery-item'>\n\t\t\t<div class='gallery-icon landscape'>\n\t\t\t\t<a href='https:\/\/bertrand.pl\/wp-content\/uploads\/2024\/08\/Zrzut-ekranu-2024-08-26-092412.png'><img decoding=\"async\" width=\"147\" height=\"95\" src=\"https:\/\/bertrand.pl\/wp-content\/uploads\/2024\/08\/Zrzut-ekranu-2024-08-26-092412.png\" class=\"attachment-full size-full\" alt=\"Poign\u00e9es de fen\u00eatre HOPPE\" srcset=\"https:\/\/bertrand.pl\/wp-content\/uploads\/2024\/08\/Zrzut-ekranu-2024-08-26-092412.png 147w, https:\/\/bertrand.pl\/wp-content\/uploads\/2024\/08\/Zrzut-ekranu-2024-08-26-092412-18x12.png 18w\" sizes=\"(max-width: 147px) 100vw, 147px\" \/><\/a>\n\t\t\t<\/div><\/figure><figure class='gallery-item'>\n\t\t\t<div class='gallery-icon landscape'>\n\t\t\t\t<a href='https:\/\/bertrand.pl\/wp-content\/uploads\/2024\/08\/Zrzut-ekranu-2024-08-26-092418.png'><img decoding=\"async\" width=\"155\" height=\"100\" src=\"https:\/\/bertrand.pl\/wp-content\/uploads\/2024\/08\/Zrzut-ekranu-2024-08-26-092418.png\" class=\"attachment-full size-full\" alt=\"Poign\u00e9es de fen\u00eatre HOPPE\" srcset=\"https:\/\/bertrand.pl\/wp-content\/uploads\/2024\/08\/Zrzut-ekranu-2024-08-26-092418.png 155w, https:\/\/bertrand.pl\/wp-content\/uploads\/2024\/08\/Zrzut-ekranu-2024-08-26-092418-18x12.png 18w\" sizes=\"(max-width: 155px) 100vw, 155px\" \/><\/a>\n\t\t\t<\/div><\/figure><figure class='gallery-item'>\n\t\t\t<div class='gallery-icon landscape'>\n\t\t\t\t<a href='https:\/\/bertrand.pl\/wp-content\/uploads\/2024\/08\/Zrzut-ekranu-2024-08-26-092437.png'><img loading=\"lazy\" decoding=\"async\" width=\"144\" height=\"98\" src=\"https:\/\/bertrand.pl\/wp-content\/uploads\/2024\/08\/Zrzut-ekranu-2024-08-26-092437.png\" class=\"attachment-full size-full\" alt=\"Poign\u00e9es de fen\u00eatre HOPPE\" srcset=\"https:\/\/bertrand.pl\/wp-content\/uploads\/2024\/08\/Zrzut-ekranu-2024-08-26-092437.png 144w, https:\/\/bertrand.pl\/wp-content\/uploads\/2024\/08\/Zrzut-ekranu-2024-08-26-092437-18x12.png 18w\" sizes=\"(max-width: 144px) 100vw, 144px\" \/><\/a>\n\t\t\t<\/div><\/figure><figure class='gallery-item'>\n\t\t\t<div class='gallery-icon landscape'>\n\t\t\t\t<a href='https:\/\/bertrand.pl\/wp-content\/uploads\/2024\/08\/Zrzut-ekranu-2024-08-26-092427.png'><img loading=\"lazy\" decoding=\"async\" width=\"154\" height=\"101\" src=\"https:\/\/bertrand.pl\/wp-content\/uploads\/2024\/08\/Zrzut-ekranu-2024-08-26-092427.png\" class=\"attachment-full size-full\" alt=\"Poign\u00e9es de fen\u00eatre HOPPE\" srcset=\"https:\/\/bertrand.pl\/wp-content\/uploads\/2024\/08\/Zrzut-ekranu-2024-08-26-092427.png 154w, https:\/\/bertrand.pl\/wp-content\/uploads\/2024\/08\/Zrzut-ekranu-2024-08-26-092427-18x12.png 18w\" sizes=\"(max-width: 154px) 100vw, 154px\" \/><\/a>\n\t\t\t<\/div><\/figure><figure class='gallery-item'>\n\t\t\t<div class='gallery-icon landscape'>\n\t\t\t\t<a href='https:\/\/bertrand.pl\/wp-content\/uploads\/2024\/08\/Zrzut-ekranu-2024-08-26-092448.png'><img loading=\"lazy\" decoding=\"async\" width=\"142\" height=\"99\" src=\"https:\/\/bertrand.pl\/wp-content\/uploads\/2024\/08\/Zrzut-ekranu-2024-08-26-092448.png\" class=\"attachment-full size-full\" alt=\"Poign\u00e9es de fen\u00eatre HOPPE\" srcset=\"https:\/\/bertrand.pl\/wp-content\/uploads\/2024\/08\/Zrzut-ekranu-2024-08-26-092448.png 142w, https:\/\/bertrand.pl\/wp-content\/uploads\/2024\/08\/Zrzut-ekranu-2024-08-26-092448-18x12.png 18w\" sizes=\"(max-width: 142px) 100vw, 142px\" \/><\/a>\n\t\t\t<\/div><\/figure>\n\t\t<\/div>","protected":false},"excerpt":{"rendered":"<p>Les poign\u00e9es de fen\u00eatre sont disponibles dans diff\u00e9rents styles, formes et couleurs, adapt\u00e9es \u00e0 diff\u00e9rents types de fen\u00eatres, comme les fen\u00eatres en bois, en PVC ou en aluminium. Ils peuvent \u00e9galement disposer de fonctionnalit\u00e9s suppl\u00e9mentaires telles qu\u2019un verrou \u00e0 cl\u00e9 pour plus de s\u00e9curit\u00e9.<\/p>","protected":false},"featured_media":4783,"template":"","meta":{"site-sidebar-layout":"default","site-content-layout":"","ast-site-content-layout":"default","site-content-style":"default","site-sidebar-style":"default","ast-global-header-display":"","ast-banner-title-visibility":"","ast-main-header-display":"","ast-hfb-above-header-display":"","ast-hfb-below-header-display":"","ast-hfb-mobile-header-display":"","site-post-title":"","ast-breadcrumbs-content":"","ast-featured-img":"","footer-sml-layout":"","ast-disable-related-posts":"","theme-transparent-header-meta":"default","adv-header-id-meta":"","stick-header-meta":"","header-above-stick-meta":"","header-main-stick-meta":"","header-below-stick-meta":"","astra-migrate-meta-layouts":"set","ast-page-background-enabled":"default","ast-page-background-meta":{"desktop":{"background-color":"var(--ast-global-color-4)","background-image":"","background-repeat":"repeat","background-position":"center center","background-size":"auto","background-attachment":"scroll","background-type":"","background-media":"","overlay-type":"","overlay-color":"","overlay-opacity":"","overlay-gradient":""},"tablet":{"background-color":"","background-image":"","background-repeat":"repeat","background-position":"center center","background-size":"auto","background-attachment":"scroll","background-type":"","background-media":"","overlay-type":"","overlay-color":"","overlay-opacity":"","overlay-gradient":""},"mobile":{"background-color":"","background-image":"","background-repeat":"repeat","background-position":"center center","background-size":"auto","background-attachment":"scroll","background-type":"","background-media":"","overlay-type":"","overlay-color":"","overlay-opacity":"","overlay-gradient":""}},"ast-content-background-meta":{"desktop":{"background-color":"var(--ast-global-color-5)","background-image":"","background-repeat":"repeat","background-position":"center center","background-size":"auto","background-attachment":"scroll","background-type":"","background-media":"","overlay-type":"","overlay-color":"","overlay-opacity":"","overlay-gradient":""},"tablet":{"background-color":"var(--ast-global-color-5)","background-image":"","background-repeat":"repeat","background-position":"center center","background-size":"auto","background-attachment":"scroll","background-type":"","background-media":"","overlay-type":"","overlay-color":"","overlay-opacity":"","overlay-gradient":""},"mobile":{"background-color":"var(--ast-global-color-5)","background-image":"","background-repeat":"repeat","background-position":"center center","background-size":"auto","background-attachment":"scroll","background-type":"","background-media":"","overlay-type":"","overlay-color":"","overlay-opacity":"","overlay-gradient":""}}},"product_brand":[],"product_cat":[23],"product_tag":[1404,673,168,1395,1403,1399,1400,175,1405,1402,669,1401,666,668,667,1390,1393,665,1392,664,1391,671,670,674,174,563,675,1396,1397,1398,672],"class_list":{"0":"post-4775","1":"product","2":"type-product","3":"status-publish","4":"has-post-thumbnail","6":"product_cat-akcesoria","7":"product_tag-akcesoria-okienne","8":"product_tag-aluminiowe-klamki","9":"product_tag-bertrand","10":"product_tag-bialy-9016","11":"product_tag-blokada-na-klucz","12":"product_tag-brazowy-8019","13":"product_tag-czarny-8022","14":"product_tag-drzwi","15":"product_tag-ergonomiczne-klamki","16":"product_tag-estetyczne-klamki","17":"product_tag-fks","18":"product_tag-funkcjonalne-klamki","19":"product_tag-jakie-klamki-wybrac","20":"product_tag-klaki-fks","21":"product_tag-klamka","22":"product_tag-klamka-okienna","23":"product_tag-klamki-aluminiowe","24":"product_tag-klamki-do-okien","25":"product_tag-klamki-drewniane","26":"product_tag-klamki-okienne","27":"product_tag-klamki-pcv","28":"product_tag-klamki-z-kluczykiem","29":"product_tag-klamki-z-przyciskiem","30":"product_tag-kolory-klamek","31":"product_tag-okna","32":"product_tag-okna-i-drzwi","33":"product_tag-polski-produkt","34":"product_tag-srebrny-f1","35":"product_tag-stalowy-f9","36":"product_tag-stare-zloto-f4","37":"product_tag-zwykla-klamka","38":"desktop-align-left","39":"tablet-align-left","40":"mobile-align-left","42":"first","43":"instock","44":"shipping-taxable","45":"product-type-simple"},"yoast_head":"<!-- This site is optimized with the Yoast SEO Premium plugin v27.2 (Yoast SEO v27.2) - https:\/\/yoast.com\/product\/yoast-seo-premium-wordpress\/ -->\n<title>Klamki FKS \u2013 wygoda i bezpiecze\u0144stwo.<\/title>\n<meta name=\"description\" content=\"Klamki okienne FKS dost\u0119pne w r\u00f3\u017cnych stylach, kszta\u0142tach i kolorach. Mog\u0105 mie\u0107 r\u00f3wnie\u017c dodatkowe funkcje, takie jak blokada na klucz.\" \/>\n<meta name=\"robots\" content=\"index, follow, max-snippet:-1, max-image-preview:large, max-video-preview:-1\" \/>\n<link rel=\"canonical\" href=\"https:\/\/bertrand.pl\/fr\/produit\/poignees-de-fenetre-fks\/\" \/>\n<meta property=\"og:locale\" content=\"fr_FR\" \/>\n<meta property=\"og:type\" content=\"article\" \/>\n<meta property=\"og:title\" content=\"Klamki okienne FKS\" \/>\n<meta property=\"og:description\" content=\"Klamki okienne FKS dost\u0119pne w r\u00f3\u017cnych stylach, kszta\u0142tach i kolorach. Mog\u0105 mie\u0107 r\u00f3wnie\u017c dodatkowe funkcje, takie jak blokada na klucz.\" \/>\n<meta property=\"og:url\" content=\"https:\/\/bertrand.pl\/fr\/produit\/poignees-de-fenetre-fks\/\" \/>\n<meta property=\"og:site_name\" content=\"Bertrand. Najwy\u017cszej jako\u015bci okna i drzwi. Certyfikowany producent od 1969 roku.\" \/>\n<meta property=\"article:publisher\" content=\"https:\/\/www.facebook.com\/bertrandpolska\/\" \/>\n<meta property=\"article:modified_time\" content=\"2025-09-10T07:23:43+00:00\" \/>\n<meta property=\"og:image\" content=\"https:\/\/bertrand.pl\/wp-content\/uploads\/2024\/08\/1006.png\" \/>\n\t<meta property=\"og:image:width\" content=\"485\" \/>\n\t<meta property=\"og:image:height\" content=\"648\" \/>\n\t<meta property=\"og:image:type\" content=\"image\/png\" \/>\n<meta name=\"twitter:card\" content=\"summary_large_image\" \/>\n<meta name=\"twitter:label1\" content=\"Dur\u00e9e de lecture estim\u00e9e\" \/>\n\t<meta name=\"twitter:data1\" content=\"3 minutes\" \/>\n<script type=\"application\/ld+json\" class=\"yoast-schema-graph\">{\"@context\":\"https:\/\/schema.org\",\"@graph\":[{\"@type\":\"WebPage\",\"@id\":\"https:\/\/bertrand.pl\/produkt\/klamki-okienne-fks\/\",\"url\":\"https:\/\/bertrand.pl\/produkt\/klamki-okienne-fks\/\",\"name\":\"Klamki FKS \u2013 wygoda i bezpiecze\u0144stwo.\",\"isPartOf\":{\"@id\":\"https:\/\/bertrand.pl\/#website\"},\"primaryImageOfPage\":{\"@id\":\"https:\/\/bertrand.pl\/produkt\/klamki-okienne-fks\/#primaryimage\"},\"image\":{\"@id\":\"https:\/\/bertrand.pl\/produkt\/klamki-okienne-fks\/#primaryimage\"},\"thumbnailUrl\":\"https:\/\/bertrand.pl\/wp-content\/uploads\/2024\/08\/1006.png\",\"datePublished\":\"2024-08-26T07:32:27+00:00\",\"dateModified\":\"2025-09-10T07:23:43+00:00\",\"description\":\"Klamki okienne FKS dost\u0119pne w r\u00f3\u017cnych stylach, kszta\u0142tach i kolorach. Mog\u0105 mie\u0107 r\u00f3wnie\u017c dodatkowe funkcje, takie jak blokada na klucz.\",\"breadcrumb\":{\"@id\":\"https:\/\/bertrand.pl\/produkt\/klamki-okienne-fks\/#breadcrumb\"},\"inLanguage\":\"fr-FR\",\"potentialAction\":[{\"@type\":\"ReadAction\",\"target\":[\"https:\/\/bertrand.pl\/produkt\/klamki-okienne-fks\/\"]}]},{\"@type\":\"ImageObject\",\"inLanguage\":\"fr-FR\",\"@id\":\"https:\/\/bertrand.pl\/produkt\/klamki-okienne-fks\/#primaryimage\",\"url\":\"https:\/\/bertrand.pl\/wp-content\/uploads\/2024\/08\/1006.png\",\"contentUrl\":\"https:\/\/bertrand.pl\/wp-content\/uploads\/2024\/08\/1006.png\",\"width\":485,\"height\":648,\"caption\":\"Klamki okienne FKS s\u0105 bardzo funkcjonalne i praktyczne.\"},{\"@type\":\"BreadcrumbList\",\"@id\":\"https:\/\/bertrand.pl\/produkt\/klamki-okienne-fks\/#breadcrumb\",\"itemListElement\":[{\"@type\":\"ListItem\",\"position\":1,\"name\":\"Strona g\u0142\u00f3wna\",\"item\":\"https:\/\/bertrand.pl\/\"},{\"@type\":\"ListItem\",\"position\":2,\"name\":\"Produits\",\"item\":\"https:\/\/bertrand.pl\/fr\/shop\/\"},{\"@type\":\"ListItem\",\"position\":3,\"name\":\"Klamki okienne FKS\"}]},{\"@type\":\"WebSite\",\"@id\":\"https:\/\/bertrand.pl\/#website\",\"url\":\"https:\/\/bertrand.pl\/\",\"name\":\"Bertrand.pl\",\"description\":\"Firma Bertrand to certyfikowany i uznany producent najwy\u017cszej jako\u015bci okien z PVC, z drewna lub aluminium. Produkcja drzwi, rolet i bram gara\u017cowych.\",\"publisher\":{\"@id\":\"https:\/\/bertrand.pl\/#organization\"},\"potentialAction\":[{\"@type\":\"SearchAction\",\"target\":{\"@type\":\"EntryPoint\",\"urlTemplate\":\"https:\/\/bertrand.pl\/?s={search_term_string}\"},\"query-input\":{\"@type\":\"PropertyValueSpecification\",\"valueRequired\":true,\"valueName\":\"search_term_string\"}}],\"inLanguage\":\"fr-FR\"},{\"@type\":\"Organization\",\"@id\":\"https:\/\/bertrand.pl\/#organization\",\"name\":\"Bertrand.pl\",\"url\":\"https:\/\/bertrand.pl\/\",\"logo\":{\"@type\":\"ImageObject\",\"inLanguage\":\"fr-FR\",\"@id\":\"https:\/\/bertrand.pl\/#\/schema\/logo\/image\/\",\"url\":\"https:\/\/bertrand.pl\/wp-content\/uploads\/2024\/12\/logo_BB_TM_PL_black.png\",\"contentUrl\":\"https:\/\/bertrand.pl\/wp-content\/uploads\/2024\/12\/logo_BB_TM_PL_black.png\",\"width\":1831,\"height\":1831,\"caption\":\"Bertrand.pl\"},\"image\":{\"@id\":\"https:\/\/bertrand.pl\/#\/schema\/logo\/image\/\"},\"sameAs\":[\"https:\/\/www.facebook.com\/bertrandpolska\/\",\"https:\/\/www.instagram.com\/bertrand_okna_i_drzwi\/\",\"https:\/\/www.linkedin.com\/company\/bertrand\/\",\"https:\/\/www.tiktok.com\/@bertrand_okna_drzwi\"]}]}<\/script>\n<!-- \/ Yoast SEO Premium plugin. -->","yoast_head_json":{"title":"Klamki FKS \u2013 wygoda i bezpiecze\u0144stwo.","description":"Poign\u00e9es de fen\u00eatre FKS disponibles dans diff\u00e9rents styles, formes et couleurs. Ils peuvent \u00e9galement avoir des fonctionnalit\u00e9s suppl\u00e9mentaires, comme un verrou \u00e0 cl\u00e9.","robots":{"index":"index","follow":"follow","max-snippet":"max-snippet:-1","max-image-preview":"max-image-preview:large","max-video-preview":"max-video-preview:-1"},"canonical":"https:\/\/bertrand.pl\/fr\/produit\/poignees-de-fenetre-fks\/","og_locale":"fr_FR","og_type":"article","og_title":"Klamki okienne FKS","og_description":"Klamki okienne FKS dost\u0119pne w r\u00f3\u017cnych stylach, kszta\u0142tach i kolorach. Mog\u0105 mie\u0107 r\u00f3wnie\u017c dodatkowe funkcje, takie jak blokada na klucz.","og_url":"https:\/\/bertrand.pl\/fr\/produit\/poignees-de-fenetre-fks\/","og_site_name":"Bertrand. Najwy\u017cszej jako\u015bci okna i drzwi. Certyfikowany producent od 1969 roku.","article_publisher":"https:\/\/www.facebook.com\/bertrandpolska\/","article_modified_time":"2025-09-10T07:23:43+00:00","og_image":[{"width":485,"height":648,"url":"https:\/\/bertrand.pl\/wp-content\/uploads\/2024\/08\/1006.png","type":"image\/png"}],"twitter_card":"summary_large_image","twitter_misc":{"Dur\u00e9e de lecture estim\u00e9e":"3 minutes"},"schema":{"@context":"https:\/\/schema.org","@graph":[{"@type":"WebPage","@id":"https:\/\/bertrand.pl\/produkt\/klamki-okienne-fks\/","url":"https:\/\/bertrand.pl\/produkt\/klamki-okienne-fks\/","name":"Klamki FKS \u2013 wygoda i bezpiecze\u0144stwo.","isPartOf":{"@id":"https:\/\/bertrand.pl\/#website"},"primaryImageOfPage":{"@id":"https:\/\/bertrand.pl\/produkt\/klamki-okienne-fks\/#primaryimage"},"image":{"@id":"https:\/\/bertrand.pl\/produkt\/klamki-okienne-fks\/#primaryimage"},"thumbnailUrl":"https:\/\/bertrand.pl\/wp-content\/uploads\/2024\/08\/1006.png","datePublished":"2024-08-26T07:32:27+00:00","dateModified":"2025-09-10T07:23:43+00:00","description":"Poign\u00e9es de fen\u00eatre FKS disponibles dans diff\u00e9rents styles, formes et couleurs. Ils peuvent \u00e9galement avoir des fonctionnalit\u00e9s suppl\u00e9mentaires, comme un verrou \u00e0 cl\u00e9.","breadcrumb":{"@id":"https:\/\/bertrand.pl\/produkt\/klamki-okienne-fks\/#breadcrumb"},"inLanguage":"fr-FR","potentialAction":[{"@type":"ReadAction","target":["https:\/\/bertrand.pl\/produkt\/klamki-okienne-fks\/"]}]},{"@type":"ImageObject","inLanguage":"fr-FR","@id":"https:\/\/bertrand.pl\/produkt\/klamki-okienne-fks\/#primaryimage","url":"https:\/\/bertrand.pl\/wp-content\/uploads\/2024\/08\/1006.png","contentUrl":"https:\/\/bertrand.pl\/wp-content\/uploads\/2024\/08\/1006.png","width":485,"height":648,"caption":"Klamki okienne FKS s\u0105 bardzo funkcjonalne i praktyczne."},{"@type":"BreadcrumbList","@id":"https:\/\/bertrand.pl\/produkt\/klamki-okienne-fks\/#breadcrumb","itemListElement":[{"@type":"ListItem","position":1,"name":"Strona g\u0142\u00f3wna","item":"https:\/\/bertrand.pl\/"},{"@type":"ListItem","position":2,"name":"Produits","item":"https:\/\/bertrand.pl\/fr\/shop\/"},{"@type":"ListItem","position":3,"name":"Klamki okienne FKS"}]},{"@type":"WebSite","@id":"https:\/\/bertrand.pl\/#website","url":"https:\/\/bertrand.pl\/","name":"Bertrand.pl","description":"Firma Bertrand to certyfikowany i uznany producent najwy\u017cszej jako\u015bci okien z PVC, z drewna lub aluminium. Produkcja drzwi, rolet i bram gara\u017cowych.","publisher":{"@id":"https:\/\/bertrand.pl\/#organization"},"potentialAction":[{"@type":"SearchAction","target":{"@type":"EntryPoint","urlTemplate":"https:\/\/bertrand.pl\/?s={search_term_string}"},"query-input":{"@type":"PropertyValueSpecification","valueRequired":true,"valueName":"search_term_string"}}],"inLanguage":"fr-FR"},{"@type":"Organization","@id":"https:\/\/bertrand.pl\/#organization","name":"Bertrand.pl","url":"https:\/\/bertrand.pl\/","logo":{"@type":"ImageObject","inLanguage":"fr-FR","@id":"https:\/\/bertrand.pl\/#\/schema\/logo\/image\/","url":"https:\/\/bertrand.pl\/wp-content\/uploads\/2024\/12\/logo_BB_TM_PL_black.png","contentUrl":"https:\/\/bertrand.pl\/wp-content\/uploads\/2024\/12\/logo_BB_TM_PL_black.png","width":1831,"height":1831,"caption":"Bertrand.pl"},"image":{"@id":"https:\/\/bertrand.pl\/#\/schema\/logo\/image\/"},"sameAs":["https:\/\/www.facebook.com\/bertrandpolska\/","https:\/\/www.instagram.com\/bertrand_okna_i_drzwi\/","https:\/\/www.linkedin.com\/company\/bertrand\/","https:\/\/www.tiktok.com\/@bertrand_okna_drzwi"]}]}},"_links":{"self":[{"href":"https:\/\/bertrand.pl\/fr\/wp-json\/wp\/v2\/product\/4775","targetHints":{"allow":["GET"]}}],"collection":[{"href":"https:\/\/bertrand.pl\/fr\/wp-json\/wp\/v2\/product"}],"about":[{"href":"https:\/\/bertrand.pl\/fr\/wp-json\/wp\/v2\/types\/product"}],"wp:featuredmedia":[{"embeddable":true,"href":"https:\/\/bertrand.pl\/fr\/wp-json\/wp\/v2\/media\/4783"}],"wp:attachment":[{"href":"https:\/\/bertrand.pl\/fr\/wp-json\/wp\/v2\/media?parent=4775"}],"wp:term":[{"taxonomy":"product_brand","embeddable":true,"href":"https:\/\/bertrand.pl\/fr\/wp-json\/wp\/v2\/product_brand?post=4775"},{"taxonomy":"product_cat","embeddable":true,"href":"https:\/\/bertrand.pl\/fr\/wp-json\/wp\/v2\/product_cat?post=4775"},{"taxonomy":"product_tag","embeddable":true,"href":"https:\/\/bertrand.pl\/fr\/wp-json\/wp\/v2\/product_tag?post=4775"}],"curies":[{"name":"wp","href":"https:\/\/api.w.org\/{rel}","templated":true}]}}