{"id":4989,"date":"2025-03-13T13:17:47","date_gmt":"2025-03-13T12:17:47","guid":{"rendered":"https:\/\/bertrand.pl\/?post_type=product&#038;p=4989"},"modified":"2025-07-10T14:35:06","modified_gmt":"2025-07-10T12:35:06","slug":"systeme-combine-hst","status":"publish","type":"product","link":"https:\/\/bertrand.pl\/fr\/produkt\/hst-kombisystem\/","title":{"rendered":"HST Kombisystem"},"content":{"rendered":"<div class=\"StyledCard-sc-1myzh1n jKZHfM\">\n<h4><strong>HST Kombisystem \u2013 Confort et \u00e9l\u00e9gance dans le cadre de votre maison<\/strong><\/h4>\n<p>&nbsp;<\/p>\n<p class=\"translation-block\">Les portes coulissantes \u00e0 levage <strong>HST Kombisystem<\/strong> ont \u00e9t\u00e9 con\u00e7ues pour offrir un maximum de confort et une esth\u00e9tique exceptionnelle. Gr\u00e2ce \u00e0 des solutions techniques innovantes, elles permettent une manipulation facile, m\u00eame pour des \u00e9l\u00e9ments de grande taille, presque sans effort. Une solution id\u00e9ale pour ceux qui privil\u00e9gient le confort et la fonctionnalit\u00e9 au quotidien.<\/p>\n<p>De plus, les grandes surfaces vitr\u00e9es du HST Kombisystem garantissent un \u00e9clairage naturel maximal des int\u00e9rieurs, augmentant consid\u00e9rablement le confort de vie. Les espaces deviennent ainsi lumineux et spacieux, que les portes soient ouvertes ou ferm\u00e9es. En outre, le seuil pratiquement invisible \u00e9limine la fronti\u00e8re entre les espaces int\u00e9rieurs et ext\u00e9rieurs, cr\u00e9ant une transition fluide vers la terrasse ou le jardin. Cette solution am\u00e9liore non seulement le confort d'utilisation, mais met \u00e9galement en valeur le design moderne du b\u00e2timent.<\/p>\n<p>&nbsp;<\/p>\n<h4><strong>Plus de lumi\u00e8re et design moderne<\/strong><\/h4>\n<p>&nbsp;<\/p>\n<p class=\"translation-block\">La version <strong>HST Kombisystem Design<\/strong> a \u00e9t\u00e9 con\u00e7ue pour les amateurs de lumi\u00e8re naturelle et de solutions modernes. Au lieu d'un ouvrant traditionnel dans le segment fixe, un profil vitr\u00e9 innovant a \u00e9t\u00e9 utilis\u00e9, r\u00e9duisant la largeur visible de plus de 50 %. Cela permet \u00e0 encore plus de lumi\u00e8re de p\u00e9n\u00e9trer \u00e0 l'int\u00e9rieur, rendant l'espace visuellement plus grand et plus spacieux.<\/p>\n<p>Il est \u00e9galement important de souligner que ce syst\u00e8me moderne s'inscrit parfaitement dans les tendances architecturales actuelles. La construction subtile des profils et le design minimaliste font des portes du HST Kombisystem un \u00e9l\u00e9ment \u00e9l\u00e9gant dans tout am\u00e9nagement, quel que soit le style de l'int\u00e9rieur ou de la fa\u00e7ade.<\/p>\n<p>&nbsp;<\/p>\n<h4><strong>Innovation et fonctionnalit\u00e9 du syst\u00e8me combin\u00e9 HST<\/strong><\/h4>\n<p>&nbsp;<\/p>\n<p>Ces portes ne se contentent pas d\u2019\u00eatre esth\u00e9tiques, elles offrent \u00e9galement un grand confort d\u2019utilisation. Le fonctionnement fluide des m\u00e9canismes rend leur manipulation intuitive et sans effort. De plus, le seuil bas am\u00e9liore l\u2019accessibilit\u00e9, ce qui est particuli\u00e8rement important pour les personnes \u00e2g\u00e9es, les enfants et les utilisateurs de fauteuils roulants.<\/p>\n<p>Ce syst\u00e8me est id\u00e9al pour les maisons individuelles, les appartements et les projets commerciaux modernes. La combinaison d\u2019esth\u00e9tique, de fonctionnalit\u00e9 et de durabilit\u00e9 en fait l\u2019une des solutions les plus polyvalentes disponibles sur le march\u00e9.<\/p>\n<h3><\/h3>\n<p class=\"translation-block\">Les portes du <strong>HST Kombisystem<\/strong> sont une parfaite combinaison de confort, d\u2019\u00e9l\u00e9gance et de modernit\u00e9. Avec de grandes surfaces vitr\u00e9es, des solutions innovantes et un design pratique, ce syst\u00e8me r\u00e9pond aux attentes des utilisateurs les plus exigeants.<\/p>\n<p>&nbsp;<\/p>\n<h4><strong>Avantages cl\u00e9s :<\/strong><\/h4>\n<p>&nbsp;<\/p>\n<ul>\n<li>Glissement facile des grands \u00e9l\u00e9ments sans effort.<\/li>\n<li>\u00c9clairage maximal de l'int\u00e9rieur gr\u00e2ce \u00e0 de grandes surfaces vitr\u00e9es.<\/li>\n<li>Seuil invisible pour une transition fluide entre les espaces int\u00e9rieurs et ext\u00e9rieurs.<\/li>\n<li>Profil vitr\u00e9 innovant dans la version Design, r\u00e9duisant la largeur visible de plus de 50 %.<\/li>\n<\/ul>\n<\/div>\n<p>&nbsp;<\/p>\n<h5><strong>VOIR AUSSI :<\/strong><\/h5>\n<p>&nbsp;<\/p>\n<p><strong><a href=\"https:\/\/bertrand.pl\/fr\/panorama-de-la-tvh\/\">HST Panorama \u2013 Portes-fen\u00eatres panoramiques pour votre maison \u2013 Bertrand.pl<\/a><\/strong><\/p>\n<p><strong><a href=\"https:\/\/www.youtube.com\/watch?v=CF4ubhWJ5B4&amp;t=3s\">Technologie Kombisystem MD et Acrylcolor\u00ae<\/a><\/strong><\/p>\n<p>&nbsp;<\/p>","protected":false},"excerpt":{"rendered":"<p><strong>CONFORT ET LUMI\u00c8RE GR\u00c2CE AU SYST\u00c8ME HST KOMBISTEM<\/strong><\/p>\n<p>Les portes levantes-coulissantes HST offrent un d\u00e9placement ais\u00e9 des grands \u00e9l\u00e9ments et un excellent \u00e9clairage int\u00e9rieur gr\u00e2ce \u00e0 un grand vitrage. Dans la version design, le profil vitr\u00e9 50% est plus \u00e9troit, ce qui laisse entrer encore plus de lumi\u00e8re naturelle.<\/p>","protected":false},"featured_media":5003,"template":"","meta":{"site-sidebar-layout":"default","site-content-layout":"","ast-site-content-layout":"default","site-content-style":"default","site-sidebar-style":"default","ast-global-header-display":"","ast-banner-title-visibility":"","ast-main-header-display":"","ast-hfb-above-header-display":"","ast-hfb-below-header-display":"","ast-hfb-mobile-header-display":"","site-post-title":"","ast-breadcrumbs-content":"","ast-featured-img":"","footer-sml-layout":"","ast-disable-related-posts":"","theme-transparent-header-meta":"default","adv-header-id-meta":"","stick-header-meta":"","header-above-stick-meta":"","header-main-stick-meta":"","header-below-stick-meta":"","astra-migrate-meta-layouts":"set","ast-page-background-enabled":"default","ast-page-background-meta":{"desktop":{"background-color":"var(--ast-global-color-4)","background-image":"","background-repeat":"repeat","background-position":"center center","background-size":"auto","background-attachment":"scroll","background-type":"","background-media":"","overlay-type":"","overlay-color":"","overlay-opacity":"","overlay-gradient":""},"tablet":{"background-color":"","background-image":"","background-repeat":"repeat","background-position":"center center","background-size":"auto","background-attachment":"scroll","background-type":"","background-media":"","overlay-type":"","overlay-color":"","overlay-opacity":"","overlay-gradient":""},"mobile":{"background-color":"","background-image":"","background-repeat":"repeat","background-position":"center center","background-size":"auto","background-attachment":"scroll","background-type":"","background-media":"","overlay-type":"","overlay-color":"","overlay-opacity":"","overlay-gradient":""}},"ast-content-background-meta":{"desktop":{"background-color":"var(--ast-global-color-5)","background-image":"","background-repeat":"repeat","background-position":"center center","background-size":"auto","background-attachment":"scroll","background-type":"","background-media":"","overlay-type":"","overlay-color":"","overlay-opacity":"","overlay-gradient":""},"tablet":{"background-color":"var(--ast-global-color-5)","background-image":"","background-repeat":"repeat","background-position":"center center","background-size":"auto","background-attachment":"scroll","background-type":"","background-media":"","overlay-type":"","overlay-color":"","overlay-opacity":"","overlay-gradient":""},"mobile":{"background-color":"var(--ast-global-color-5)","background-image":"","background-repeat":"repeat","background-position":"center center","background-size":"auto","background-attachment":"scroll","background-type":"","background-media":"","overlay-type":"","overlay-color":"","overlay-opacity":"","overlay-gradient":""}}},"product_brand":[],"product_cat":[18],"product_tag":[168,717,339,711,702,345,709,697,334,344,408,704,453,714,662,402,366,710,715,646,699,700,459,716,705,701,707,706,698,713,708,712,703],"class_list":{"0":"post-4989","1":"product","2":"type-product","3":"status-publish","4":"has-post-thumbnail","6":"product_cat-systemy-tarasowe","7":"product_tag-bertrand","8":"product_tag-bertrand-okna-i-drzwi","9":"product_tag-design","10":"product_tag-domowe-przeszklenia","11":"product_tag-doswietlenie-wnetrza","12":"product_tag-drzwi-balkonowe","13":"product_tag-drzwi-do-salonu","14":"product_tag-drzwi-podnosno-przesuwne","15":"product_tag-drzwi-tarasowe","16":"product_tag-duze-okna","17":"product_tag-duze-przeszklenia","18":"product_tag-eleganckie-drzwi","19":"product_tag-energooszczednosc","20":"product_tag-ergonomia","21":"product_tag-funkcjonalnosc","22":"product_tag-hst","23":"product_tag-komfort","24":"product_tag-latwe-przesuwanie","25":"product_tag-lekkosc-przesuwania","26":"product_tag-minimalistyczny-design","27":"product_tag-naturalne-swiatlo","28":"product_tag-niski-prog","29":"product_tag-nowoczesne-drzwi","30":"product_tag-nowoczesne-wnetrza","31":"product_tag-oszczednosc-miejsca","32":"product_tag-plynne-przejscie","33":"product_tag-przestrzen-wewnetrzna","34":"product_tag-przestrzen-zewnetrzna","35":"product_tag-przesuwne-drzwi","36":"product_tag-rozwiazania-premium","37":"product_tag-stylowe-przeszklenia","38":"product_tag-wspolczesna-architektura","39":"product_tag-wygoda","40":"desktop-align-left","41":"tablet-align-left","42":"mobile-align-left","44":"first","45":"instock","46":"shipping-taxable","47":"product-type-simple"},"yoast_head":"<!-- This site is optimized with the Yoast SEO Premium plugin v27.2 (Yoast SEO v27.2) - https:\/\/yoast.com\/product\/yoast-seo-premium-wordpress\/ -->\n<title>HST Kombisystem \u2013 komfort bez granic.<\/title>\n<meta name=\"description\" content=\"HST Kombisystem to idealne rozwi\u0105zanie dla mi\u0142o\u015bnik\u00f3w naturalnego \u015bwiat\u0142a. Innowacyjny profil pozwala na zredukowanie szeroko\u015bci lica o ponad 50%.\" \/>\n<meta name=\"robots\" content=\"index, follow, max-snippet:-1, max-image-preview:large, max-video-preview:-1\" \/>\n<link rel=\"canonical\" href=\"https:\/\/bertrand.pl\/fr\/produit\/systeme-combine-hst\/\" \/>\n<meta property=\"og:locale\" content=\"fr_FR\" \/>\n<meta property=\"og:type\" content=\"article\" \/>\n<meta property=\"og:title\" content=\"HST Kombisystem\" \/>\n<meta property=\"og:description\" content=\"HST Kombisystem to idealne rozwi\u0105zanie dla mi\u0142o\u015bnik\u00f3w naturalnego \u015bwiat\u0142a. Innowacyjny profil pozwala na zredukowanie szeroko\u015bci lica o ponad 50%.\" \/>\n<meta property=\"og:url\" content=\"https:\/\/bertrand.pl\/fr\/produit\/systeme-combine-hst\/\" \/>\n<meta property=\"og:site_name\" content=\"Bertrand. Najwy\u017cszej jako\u015bci okna i drzwi. Certyfikowany producent od 1969 roku.\" \/>\n<meta property=\"article:publisher\" content=\"https:\/\/www.facebook.com\/bertrandpolska\/\" \/>\n<meta property=\"article:modified_time\" content=\"2025-07-10T12:35:06+00:00\" \/>\n<meta property=\"og:image\" content=\"https:\/\/bertrand.pl\/wp-content\/uploads\/2024\/09\/hst_kombisystem.png\" \/>\n\t<meta property=\"og:image:width\" content=\"821\" \/>\n\t<meta property=\"og:image:height\" content=\"821\" \/>\n\t<meta property=\"og:image:type\" content=\"image\/png\" \/>\n<meta name=\"twitter:card\" content=\"summary_large_image\" \/>\n<meta name=\"twitter:label1\" content=\"Dur\u00e9e de lecture estim\u00e9e\" \/>\n\t<meta name=\"twitter:data1\" content=\"3 minutes\" \/>\n<script type=\"application\/ld+json\" class=\"yoast-schema-graph\">{\"@context\":\"https:\/\/schema.org\",\"@graph\":[{\"@type\":\"WebPage\",\"@id\":\"https:\/\/bertrand.pl\/produkt\/hst-kombisystem\/\",\"url\":\"https:\/\/bertrand.pl\/produkt\/hst-kombisystem\/\",\"name\":\"HST Kombisystem \u2013 komfort bez granic.\",\"isPartOf\":{\"@id\":\"https:\/\/bertrand.pl\/#website\"},\"primaryImageOfPage\":{\"@id\":\"https:\/\/bertrand.pl\/produkt\/hst-kombisystem\/#primaryimage\"},\"image\":{\"@id\":\"https:\/\/bertrand.pl\/produkt\/hst-kombisystem\/#primaryimage\"},\"thumbnailUrl\":\"https:\/\/bertrand.pl\/wp-content\/uploads\/2024\/09\/hst_kombisystem.png\",\"datePublished\":\"2025-03-13T12:17:47+00:00\",\"dateModified\":\"2025-07-10T12:35:06+00:00\",\"description\":\"HST Kombisystem to idealne rozwi\u0105zanie dla mi\u0142o\u015bnik\u00f3w naturalnego \u015bwiat\u0142a. Innowacyjny profil pozwala na zredukowanie szeroko\u015bci lica o ponad 50%.\",\"breadcrumb\":{\"@id\":\"https:\/\/bertrand.pl\/produkt\/hst-kombisystem\/#breadcrumb\"},\"inLanguage\":\"fr-FR\",\"potentialAction\":[{\"@type\":\"ReadAction\",\"target\":[\"https:\/\/bertrand.pl\/produkt\/hst-kombisystem\/\"]}]},{\"@type\":\"ImageObject\",\"inLanguage\":\"fr-FR\",\"@id\":\"https:\/\/bertrand.pl\/produkt\/hst-kombisystem\/#primaryimage\",\"url\":\"https:\/\/bertrand.pl\/wp-content\/uploads\/2024\/09\/hst_kombisystem.png\",\"contentUrl\":\"https:\/\/bertrand.pl\/wp-content\/uploads\/2024\/09\/hst_kombisystem.png\",\"width\":821,\"height\":821,\"caption\":\"HST Kombisystem to doskona\u0142e po\u0142\u0105czenie komfortu, elegancji i nowoczesno\u015bci.\"},{\"@type\":\"BreadcrumbList\",\"@id\":\"https:\/\/bertrand.pl\/produkt\/hst-kombisystem\/#breadcrumb\",\"itemListElement\":[{\"@type\":\"ListItem\",\"position\":1,\"name\":\"Strona g\u0142\u00f3wna\",\"item\":\"https:\/\/bertrand.pl\/\"},{\"@type\":\"ListItem\",\"position\":2,\"name\":\"Produits\",\"item\":\"https:\/\/bertrand.pl\/fr\/shop\/\"},{\"@type\":\"ListItem\",\"position\":3,\"name\":\"HST Kombisystem\"}]},{\"@type\":\"WebSite\",\"@id\":\"https:\/\/bertrand.pl\/#website\",\"url\":\"https:\/\/bertrand.pl\/\",\"name\":\"Bertrand.pl\",\"description\":\"Firma Bertrand to certyfikowany i uznany producent najwy\u017cszej jako\u015bci okien z PVC, z drewna lub aluminium. Produkcja drzwi, rolet i bram gara\u017cowych.\",\"publisher\":{\"@id\":\"https:\/\/bertrand.pl\/#organization\"},\"potentialAction\":[{\"@type\":\"SearchAction\",\"target\":{\"@type\":\"EntryPoint\",\"urlTemplate\":\"https:\/\/bertrand.pl\/?s={search_term_string}\"},\"query-input\":{\"@type\":\"PropertyValueSpecification\",\"valueRequired\":true,\"valueName\":\"search_term_string\"}}],\"inLanguage\":\"fr-FR\"},{\"@type\":\"Organization\",\"@id\":\"https:\/\/bertrand.pl\/#organization\",\"name\":\"Bertrand.pl\",\"url\":\"https:\/\/bertrand.pl\/\",\"logo\":{\"@type\":\"ImageObject\",\"inLanguage\":\"fr-FR\",\"@id\":\"https:\/\/bertrand.pl\/#\/schema\/logo\/image\/\",\"url\":\"https:\/\/bertrand.pl\/wp-content\/uploads\/2024\/12\/logo_BB_TM_PL_black.png\",\"contentUrl\":\"https:\/\/bertrand.pl\/wp-content\/uploads\/2024\/12\/logo_BB_TM_PL_black.png\",\"width\":1831,\"height\":1831,\"caption\":\"Bertrand.pl\"},\"image\":{\"@id\":\"https:\/\/bertrand.pl\/#\/schema\/logo\/image\/\"},\"sameAs\":[\"https:\/\/www.facebook.com\/bertrandpolska\/\",\"https:\/\/www.instagram.com\/bertrand_okna_i_drzwi\/\",\"https:\/\/www.linkedin.com\/company\/bertrand\/\",\"https:\/\/www.tiktok.com\/@bertrand_okna_drzwi\"]}]}<\/script>\n<!-- \/ Yoast SEO Premium plugin. -->","yoast_head_json":{"title":"HST Kombisystem \u2013 komfort bez granic.","description":"HST Kombisystem est la solution parfaite pour les amateurs de lumi\u00e8re naturelle. Le profil innovant vous permet de r\u00e9duire la largeur du visage de plus de 50%.","robots":{"index":"index","follow":"follow","max-snippet":"max-snippet:-1","max-image-preview":"max-image-preview:large","max-video-preview":"max-video-preview:-1"},"canonical":"https:\/\/bertrand.pl\/fr\/produit\/systeme-combine-hst\/","og_locale":"fr_FR","og_type":"article","og_title":"HST Kombisystem","og_description":"HST Kombisystem to idealne rozwi\u0105zanie dla mi\u0142o\u015bnik\u00f3w naturalnego \u015bwiat\u0142a. Innowacyjny profil pozwala na zredukowanie szeroko\u015bci lica o ponad 50%.","og_url":"https:\/\/bertrand.pl\/fr\/produit\/systeme-combine-hst\/","og_site_name":"Bertrand. Najwy\u017cszej jako\u015bci okna i drzwi. Certyfikowany producent od 1969 roku.","article_publisher":"https:\/\/www.facebook.com\/bertrandpolska\/","article_modified_time":"2025-07-10T12:35:06+00:00","og_image":[{"width":821,"height":821,"url":"https:\/\/bertrand.pl\/wp-content\/uploads\/2024\/09\/hst_kombisystem.png","type":"image\/png"}],"twitter_card":"summary_large_image","twitter_misc":{"Dur\u00e9e de lecture estim\u00e9e":"3 minutes"},"schema":{"@context":"https:\/\/schema.org","@graph":[{"@type":"WebPage","@id":"https:\/\/bertrand.pl\/produkt\/hst-kombisystem\/","url":"https:\/\/bertrand.pl\/produkt\/hst-kombisystem\/","name":"HST Kombisystem \u2013 komfort bez granic.","isPartOf":{"@id":"https:\/\/bertrand.pl\/#website"},"primaryImageOfPage":{"@id":"https:\/\/bertrand.pl\/produkt\/hst-kombisystem\/#primaryimage"},"image":{"@id":"https:\/\/bertrand.pl\/produkt\/hst-kombisystem\/#primaryimage"},"thumbnailUrl":"https:\/\/bertrand.pl\/wp-content\/uploads\/2024\/09\/hst_kombisystem.png","datePublished":"2025-03-13T12:17:47+00:00","dateModified":"2025-07-10T12:35:06+00:00","description":"HST Kombisystem est la solution parfaite pour les amateurs de lumi\u00e8re naturelle. Le profil innovant vous permet de r\u00e9duire la largeur du visage de plus de 50%.","breadcrumb":{"@id":"https:\/\/bertrand.pl\/produkt\/hst-kombisystem\/#breadcrumb"},"inLanguage":"fr-FR","potentialAction":[{"@type":"ReadAction","target":["https:\/\/bertrand.pl\/produkt\/hst-kombisystem\/"]}]},{"@type":"ImageObject","inLanguage":"fr-FR","@id":"https:\/\/bertrand.pl\/produkt\/hst-kombisystem\/#primaryimage","url":"https:\/\/bertrand.pl\/wp-content\/uploads\/2024\/09\/hst_kombisystem.png","contentUrl":"https:\/\/bertrand.pl\/wp-content\/uploads\/2024\/09\/hst_kombisystem.png","width":821,"height":821,"caption":"HST Kombisystem to doskona\u0142e po\u0142\u0105czenie komfortu, elegancji i nowoczesno\u015bci."},{"@type":"BreadcrumbList","@id":"https:\/\/bertrand.pl\/produkt\/hst-kombisystem\/#breadcrumb","itemListElement":[{"@type":"ListItem","position":1,"name":"Strona g\u0142\u00f3wna","item":"https:\/\/bertrand.pl\/"},{"@type":"ListItem","position":2,"name":"Produits","item":"https:\/\/bertrand.pl\/fr\/shop\/"},{"@type":"ListItem","position":3,"name":"HST Kombisystem"}]},{"@type":"WebSite","@id":"https:\/\/bertrand.pl\/#website","url":"https:\/\/bertrand.pl\/","name":"Bertrand.pl","description":"Firma Bertrand to certyfikowany i uznany producent najwy\u017cszej jako\u015bci okien z PVC, z drewna lub aluminium. Produkcja drzwi, rolet i bram gara\u017cowych.","publisher":{"@id":"https:\/\/bertrand.pl\/#organization"},"potentialAction":[{"@type":"SearchAction","target":{"@type":"EntryPoint","urlTemplate":"https:\/\/bertrand.pl\/?s={search_term_string}"},"query-input":{"@type":"PropertyValueSpecification","valueRequired":true,"valueName":"search_term_string"}}],"inLanguage":"fr-FR"},{"@type":"Organization","@id":"https:\/\/bertrand.pl\/#organization","name":"Bertrand.pl","url":"https:\/\/bertrand.pl\/","logo":{"@type":"ImageObject","inLanguage":"fr-FR","@id":"https:\/\/bertrand.pl\/#\/schema\/logo\/image\/","url":"https:\/\/bertrand.pl\/wp-content\/uploads\/2024\/12\/logo_BB_TM_PL_black.png","contentUrl":"https:\/\/bertrand.pl\/wp-content\/uploads\/2024\/12\/logo_BB_TM_PL_black.png","width":1831,"height":1831,"caption":"Bertrand.pl"},"image":{"@id":"https:\/\/bertrand.pl\/#\/schema\/logo\/image\/"},"sameAs":["https:\/\/www.facebook.com\/bertrandpolska\/","https:\/\/www.instagram.com\/bertrand_okna_i_drzwi\/","https:\/\/www.linkedin.com\/company\/bertrand\/","https:\/\/www.tiktok.com\/@bertrand_okna_drzwi"]}]}},"_links":{"self":[{"href":"https:\/\/bertrand.pl\/fr\/wp-json\/wp\/v2\/product\/4989","targetHints":{"allow":["GET"]}}],"collection":[{"href":"https:\/\/bertrand.pl\/fr\/wp-json\/wp\/v2\/product"}],"about":[{"href":"https:\/\/bertrand.pl\/fr\/wp-json\/wp\/v2\/types\/product"}],"wp:featuredmedia":[{"embeddable":true,"href":"https:\/\/bertrand.pl\/fr\/wp-json\/wp\/v2\/media\/5003"}],"wp:attachment":[{"href":"https:\/\/bertrand.pl\/fr\/wp-json\/wp\/v2\/media?parent=4989"}],"wp:term":[{"taxonomy":"product_brand","embeddable":true,"href":"https:\/\/bertrand.pl\/fr\/wp-json\/wp\/v2\/product_brand?post=4989"},{"taxonomy":"product_cat","embeddable":true,"href":"https:\/\/bertrand.pl\/fr\/wp-json\/wp\/v2\/product_cat?post=4989"},{"taxonomy":"product_tag","embeddable":true,"href":"https:\/\/bertrand.pl\/fr\/wp-json\/wp\/v2\/product_tag?post=4989"}],"curies":[{"name":"wp","href":"https:\/\/api.w.org\/{rel}","templated":true}]}}