{"id":5004,"date":"2024-09-17T11:58:22","date_gmt":"2024-09-17T09:58:22","guid":{"rendered":"https:\/\/bertrand.pl\/?post_type=product&#038;p=5004"},"modified":"2025-07-21T15:27:47","modified_gmt":"2025-07-21T13:27:47","slug":"mo-82-heures-2","status":"publish","type":"product","link":"https:\/\/bertrand.pl\/fr\/produkt\/mb-82hs\/","title":{"rendered":"MB-82HS"},"content":{"rendered":"<h3><strong>Portes levantes et coulissantes \u2013 un accent \u00e9l\u00e9gant pour chaque maison<\/strong><\/h3>\n<p>&nbsp;<\/p>\n<p>Syst\u00e8me <strong>MB-82HS<\/strong> est une solution moderne qui allie parfaitement la simplicit\u00e9 des formes avec la possibilit\u00e9 d&#039;utiliser de grands vitrages. Les dimensions maximales de l&#039;aile vont jusqu&#039;\u00e0 <strong>3,24 x 3,3 m<\/strong>, au poids maximum <strong>jusqu&#039;\u00e0 600 kg<\/strong>. Cela permet de cr\u00e9er des sorties impressionnantes et spacieuses. De plus, l\u2019utilisation facultative d\u2019un poteau \u00e9troit garantit une vue d\u00e9gag\u00e9e vers l\u2019ext\u00e9rieur. Un large choix de ferrures et la possibilit\u00e9 d&#039;installer une automatisation rendent ces portes parfaites pour divers projets, y compris les syst\u00e8mes de maison intelligente. MB-82HS s&#039;inscrit dans les tendances architecturales actuelles et est parfait pour une terrasse, un balcon ou des sorties directes sur le jardin.<\/p>\n<p>&nbsp;<\/p>\n<h3><strong>Portes MB-82HS \u2013 confort et efficacit\u00e9 \u00e9nerg\u00e9tique<\/strong><\/h3>\n<p>&nbsp;<\/p>\n<p>Le syst\u00e8me de portes levantes et coulissantes MB-82HS combine des technologies \u00e9prouv\u00e9es avec une fonctionnalit\u00e9 \u00e9lev\u00e9e. L&#039;une des solutions importantes est l&#039;utilisation d&#039;un seuil sans obstacle int\u00e9gr\u00e9 au sol. Cela brouille non seulement la fronti\u00e8re entre l\u2019int\u00e9rieur et l\u2019ext\u00e9rieur, mais augmente \u00e9galement consid\u00e9rablement le confort d\u2019utilisation. Le seuil int\u00e9gr\u00e9 sera appr\u00e9ci\u00e9 par les personnes \u00e2g\u00e9es, les enfants et les personnes handicap\u00e9es, car il assure un passage s\u00fbr et facile.<\/p>\n<p>Les portes patio MB-82HS garantissent \u00e9galement une excellente isolation thermique, ce qui se traduit par des \u00e9conomies d&#039;\u00e9nergie. Trois variantes thermiques sont disponibles <strong>(ST, SI et SI+)<\/strong>, et leur coefficient de transmission thermique <strong>Uw \u00e0 partir de 0,60 W\/(m\u00b2K)<\/strong> ce syst\u00e8me r\u00e9pond parfaitement aux exigences des b\u00e2timents \u00e9conomes en \u00e9nergie. MB-82HS est une solution id\u00e9ale pour ceux qui se concentrent sur le confort thermique et les faibles co\u00fbts de chauffage.<\/p>\n<p>&nbsp;<\/p>\n<figure id=\"attachment_5005\" aria-describedby=\"caption-attachment-5005\" style=\"width: 755px\" class=\"wp-caption alignnone\"><img fetchpriority=\"high\" decoding=\"async\" class=\"wp-image-5005\" src=\"https:\/\/bertrand.pl\/wp-content\/uploads\/2024\/09\/mb-82hs-scena01b-view03-p.jpg\" alt=\"Les portes patio MB-82HS garantissent \u00e9galement une excellente isolation thermique, ce qui se traduit par des \u00e9conomies d&#039;\u00e9nergie.\" width=\"755\" height=\"440\" srcset=\"https:\/\/bertrand.pl\/wp-content\/uploads\/2024\/09\/mb-82hs-scena01b-view03-p.jpg 1920w, https:\/\/bertrand.pl\/wp-content\/uploads\/2024\/09\/mb-82hs-scena01b-view03-p-420x245.jpg 420w, https:\/\/bertrand.pl\/wp-content\/uploads\/2024\/09\/mb-82hs-scena01b-view03-p-1360x793.jpg 1360w, https:\/\/bertrand.pl\/wp-content\/uploads\/2024\/09\/mb-82hs-scena01b-view03-p-768x448.jpg 768w, https:\/\/bertrand.pl\/wp-content\/uploads\/2024\/09\/mb-82hs-scena01b-view03-p-1536x896.jpg 1536w, https:\/\/bertrand.pl\/wp-content\/uploads\/2024\/09\/mb-82hs-scena01b-view03-p-600x350.jpg 600w\" sizes=\"(max-width: 755px) 100vw, 755px\" \/><figcaption id=\"caption-attachment-5005\" class=\"wp-caption-text\">Portes de terrasse MB-82HS<\/figcaption><\/figure>\n<p>&nbsp;<\/p>\n<p><strong>Caract\u00e9ristiques et avantages de conception\u00a0:<\/strong><\/p>\n<ul>\n<li>profondeur des sections : vantail 82 mm, cadre 186 mm<\/li>\n<li>trois variantes thermiques de la structure : ST, SI et SI+<\/li>\n<li>plage de vitrage pour les vantaux de porte : 18-66 mm, pour les quartiers permanents 36-65 mm<\/li>\n<li>la taille maximale des feuilles est de 3,24 m x 3,3 m\u00a0;<\/li>\n<li>poids maximum des feuilles jusqu&#039;\u00e0 600 kg<\/li>\n<li>large gamme de raccords possibles<\/li>\n<li>diverses solutions de poteaux : poteau SI+ avec des param\u00e8tres thermiques am\u00e9lior\u00e9s ou un poteau \u00e9troit avec de tr\u00e8s bonnes valeurs esth\u00e9tiques<\/li>\n<li>vitrage des locaux permanents depuis l&#039;ext\u00e9rieur, facilitant l&#039;installation de vitrages grands et lourds<\/li>\n<li>profil de compensation disponible qui \u00e9vite l&#039;impact de la d\u00e9flexion du plafond sur le fonctionnement de la porte<\/li>\n<li>facile \u00e0 connecter avec des fen\u00eatres faites d&#039;autres syst\u00e8mes en aluminium (par exemple MB-79N, MB-86N et MB-104 Passive) gr\u00e2ce \u00e0 des profils sp\u00e9cialement con\u00e7us<\/li>\n<\/ul>\n<h4><\/h4>\n<p><strong>VOIR AUSSI :<\/strong><\/p>\n<p><a href=\"https:\/\/bertrand.pl\/fr\/les-systemes-en-pratique-projets-bertrand\/\">BB Line 70 &amp; BB Line 84 \u2013 la qualit\u00e9 \u00e0 bon prix \u2013 Bertrand.pl<\/a><\/p>\n<p><a href=\"https:\/\/www.youtube.com\/watch?v=C3fIT2fa-p0\">Produit Bertrand gagnant lors de l&#039;IBS 2024 !<\/a><\/p>","protected":false},"excerpt":{"rendered":"<p><strong>PORTES \u00c9L\u00c9GANTES LEVANTES ET COULISSANTES<\/strong><\/p>\n<p>Le syst\u00e8me MB-82HS est une solution moderne qui allie parfaitement la simplicit\u00e9 des formes avec la possibilit\u00e9 d&#039;utiliser de grands vitrages. Les dimensions maximales de l&#039;aile peuvent atteindre 3,24 x 3,3 m, avec un poids maximum allant jusqu&#039;\u00e0 600 kg. Cela permet de cr\u00e9er des sorties impressionnantes et spacieuses.<\/p>","protected":false},"featured_media":5008,"template":"","meta":{"site-sidebar-layout":"default","site-content-layout":"","ast-site-content-layout":"default","site-content-style":"default","site-sidebar-style":"default","ast-global-header-display":"","ast-banner-title-visibility":"","ast-main-header-display":"","ast-hfb-above-header-display":"","ast-hfb-below-header-display":"","ast-hfb-mobile-header-display":"","site-post-title":"","ast-breadcrumbs-content":"","ast-featured-img":"","footer-sml-layout":"","ast-disable-related-posts":"","theme-transparent-header-meta":"default","adv-header-id-meta":"","stick-header-meta":"","header-above-stick-meta":"","header-main-stick-meta":"","header-below-stick-meta":"","astra-migrate-meta-layouts":"set","ast-page-background-enabled":"default","ast-page-background-meta":{"desktop":{"background-color":"var(--ast-global-color-4)","background-image":"","background-repeat":"repeat","background-position":"center center","background-size":"auto","background-attachment":"scroll","background-type":"","background-media":"","overlay-type":"","overlay-color":"","overlay-opacity":"","overlay-gradient":""},"tablet":{"background-color":"","background-image":"","background-repeat":"repeat","background-position":"center center","background-size":"auto","background-attachment":"scroll","background-type":"","background-media":"","overlay-type":"","overlay-color":"","overlay-opacity":"","overlay-gradient":""},"mobile":{"background-color":"","background-image":"","background-repeat":"repeat","background-position":"center center","background-size":"auto","background-attachment":"scroll","background-type":"","background-media":"","overlay-type":"","overlay-color":"","overlay-opacity":"","overlay-gradient":""}},"ast-content-background-meta":{"desktop":{"background-color":"var(--ast-global-color-5)","background-image":"","background-repeat":"repeat","background-position":"center center","background-size":"auto","background-attachment":"scroll","background-type":"","background-media":"","overlay-type":"","overlay-color":"","overlay-opacity":"","overlay-gradient":""},"tablet":{"background-color":"var(--ast-global-color-5)","background-image":"","background-repeat":"repeat","background-position":"center center","background-size":"auto","background-attachment":"scroll","background-type":"","background-media":"","overlay-type":"","overlay-color":"","overlay-opacity":"","overlay-gradient":""},"mobile":{"background-color":"var(--ast-global-color-5)","background-image":"","background-repeat":"repeat","background-position":"center center","background-size":"auto","background-attachment":"scroll","background-type":"","background-media":"","overlay-type":"","overlay-color":"","overlay-opacity":"","overlay-gradient":""}}},"product_brand":[],"product_cat":[18],"product_tag":[349,726,168,717,721,338,728,408,453,516,405,722,720,646,649,730,727,653,729,725,724,723],"class_list":{"0":"post-5004","1":"product","2":"type-product","3":"status-publish","4":"has-post-thumbnail","6":"product_cat-systemy-tarasowe","7":"product_tag-aluprof","8":"product_tag-automatyka-drzwi","9":"product_tag-bertrand","10":"product_tag-bertrand-okna-i-drzwi","11":"product_tag-bezbarierowy-prog","12":"product_tag-drzwi-podnoszono-przesuwne","13":"product_tag-duze-drzwi-tarasowe","14":"product_tag-duze-przeszklenia","15":"product_tag-energooszczednosc","16":"product_tag-inteligentny-dom","17":"product_tag-izolacja-termiczna","18":"product_tag-komfort-cieplny","19":"product_tag-mb-82hs","20":"product_tag-minimalistyczny-design","21":"product_tag-nowoczesna-architektura","22":"product_tag-oszczednosc-energii","23":"product_tag-systemy-przesuwne","24":"product_tag-termoizolacja","25":"product_tag-waski-slupek","26":"product_tag-wyjscie-do-ogrodu","27":"product_tag-wyjscie-na-balkon","28":"product_tag-wyjscie-na-taras","29":"desktop-align-left","30":"tablet-align-left","31":"mobile-align-left","33":"first","34":"instock","35":"shipping-taxable","36":"product-type-simple"},"yoast_head":"<!-- This site is optimized with the Yoast SEO Premium plugin v27.2 (Yoast SEO v27.2) - https:\/\/yoast.com\/product\/yoast-seo-premium-wordpress\/ -->\n<title>MB-82HS \u2013 prosta forma, szerokie mo\u017cliwo\u015bci<\/title>\n<meta name=\"description\" content=\"MB-82HS to rozwi\u0105zanie, kt\u00f3re \u0142\u0105czy prostot\u0119 formy z mo\u017cliwo\u015bci\u0105 zastosowania du\u017cych przeszkle\u0144. Idealne na wyj\u015bcia tarasowe, balkonowe czy do ogrodu.\" \/>\n<meta name=\"robots\" content=\"index, follow, max-snippet:-1, max-image-preview:large, max-video-preview:-1\" \/>\n<link rel=\"canonical\" href=\"https:\/\/bertrand.pl\/fr\/produit\/mo-82-heures-2\/\" \/>\n<meta property=\"og:locale\" content=\"fr_FR\" \/>\n<meta property=\"og:type\" content=\"article\" \/>\n<meta property=\"og:title\" content=\"MB-82HS\" \/>\n<meta property=\"og:description\" content=\"MB-82HS to rozwi\u0105zanie, kt\u00f3re \u0142\u0105czy prostot\u0119 formy z mo\u017cliwo\u015bci\u0105 zastosowania du\u017cych przeszkle\u0144. Idealne na wyj\u015bcia tarasowe, balkonowe czy do ogrodu.\" \/>\n<meta property=\"og:url\" content=\"https:\/\/bertrand.pl\/fr\/produit\/mo-82-heures-2\/\" \/>\n<meta property=\"og:site_name\" content=\"Bertrand. Najwy\u017cszej jako\u015bci okna i drzwi. Certyfikowany producent od 1969 roku.\" \/>\n<meta property=\"article:publisher\" content=\"https:\/\/www.facebook.com\/bertrandpolska\/\" \/>\n<meta property=\"article:modified_time\" content=\"2025-07-21T13:27:47+00:00\" \/>\n<meta property=\"og:image\" content=\"https:\/\/bertrand.pl\/wp-content\/uploads\/2024\/09\/KF-00135_Wizualizacja_MB-82HS_waski_slupek_01_logo.webp\" \/>\n\t<meta property=\"og:image:width\" content=\"1800\" \/>\n\t<meta property=\"og:image:height\" content=\"1200\" \/>\n\t<meta property=\"og:image:type\" content=\"image\/webp\" \/>\n<meta name=\"twitter:card\" content=\"summary_large_image\" \/>\n<meta name=\"twitter:label1\" content=\"Dur\u00e9e de lecture estim\u00e9e\" \/>\n\t<meta name=\"twitter:data1\" content=\"3 minutes\" \/>\n<script type=\"application\/ld+json\" class=\"yoast-schema-graph\">{\"@context\":\"https:\/\/schema.org\",\"@graph\":[{\"@type\":\"WebPage\",\"@id\":\"https:\/\/bertrand.pl\/produkt\/mb-82hs\/\",\"url\":\"https:\/\/bertrand.pl\/produkt\/mb-82hs\/\",\"name\":\"MB-82HS \u2013 prosta forma, szerokie mo\u017cliwo\u015bci\",\"isPartOf\":{\"@id\":\"https:\/\/bertrand.pl\/#website\"},\"primaryImageOfPage\":{\"@id\":\"https:\/\/bertrand.pl\/produkt\/mb-82hs\/#primaryimage\"},\"image\":{\"@id\":\"https:\/\/bertrand.pl\/produkt\/mb-82hs\/#primaryimage\"},\"thumbnailUrl\":\"https:\/\/bertrand.pl\/wp-content\/uploads\/2024\/09\/KF-00135_Wizualizacja_MB-82HS_waski_slupek_01_logo.webp\",\"datePublished\":\"2024-09-17T09:58:22+00:00\",\"dateModified\":\"2025-07-21T13:27:47+00:00\",\"description\":\"MB-82HS to rozwi\u0105zanie, kt\u00f3re \u0142\u0105czy prostot\u0119 formy z mo\u017cliwo\u015bci\u0105 zastosowania du\u017cych przeszkle\u0144. Idealne na wyj\u015bcia tarasowe, balkonowe czy do ogrodu.\",\"breadcrumb\":{\"@id\":\"https:\/\/bertrand.pl\/produkt\/mb-82hs\/#breadcrumb\"},\"inLanguage\":\"fr-FR\",\"potentialAction\":[{\"@type\":\"ReadAction\",\"target\":[\"https:\/\/bertrand.pl\/produkt\/mb-82hs\/\"]}]},{\"@type\":\"ImageObject\",\"inLanguage\":\"fr-FR\",\"@id\":\"https:\/\/bertrand.pl\/produkt\/mb-82hs\/#primaryimage\",\"url\":\"https:\/\/bertrand.pl\/wp-content\/uploads\/2024\/09\/KF-00135_Wizualizacja_MB-82HS_waski_slupek_01_logo.webp\",\"contentUrl\":\"https:\/\/bertrand.pl\/wp-content\/uploads\/2024\/09\/KF-00135_Wizualizacja_MB-82HS_waski_slupek_01_logo.webp\",\"width\":1800,\"height\":1200},{\"@type\":\"BreadcrumbList\",\"@id\":\"https:\/\/bertrand.pl\/produkt\/mb-82hs\/#breadcrumb\",\"itemListElement\":[{\"@type\":\"ListItem\",\"position\":1,\"name\":\"Strona g\u0142\u00f3wna\",\"item\":\"https:\/\/bertrand.pl\/\"},{\"@type\":\"ListItem\",\"position\":2,\"name\":\"Produits\",\"item\":\"https:\/\/bertrand.pl\/fr\/shop\/\"},{\"@type\":\"ListItem\",\"position\":3,\"name\":\"MB-82HS\"}]},{\"@type\":\"WebSite\",\"@id\":\"https:\/\/bertrand.pl\/#website\",\"url\":\"https:\/\/bertrand.pl\/\",\"name\":\"Bertrand.pl\",\"description\":\"Firma Bertrand to certyfikowany i uznany producent najwy\u017cszej jako\u015bci okien z PVC, z drewna lub aluminium. Produkcja drzwi, rolet i bram gara\u017cowych.\",\"publisher\":{\"@id\":\"https:\/\/bertrand.pl\/#organization\"},\"potentialAction\":[{\"@type\":\"SearchAction\",\"target\":{\"@type\":\"EntryPoint\",\"urlTemplate\":\"https:\/\/bertrand.pl\/?s={search_term_string}\"},\"query-input\":{\"@type\":\"PropertyValueSpecification\",\"valueRequired\":true,\"valueName\":\"search_term_string\"}}],\"inLanguage\":\"fr-FR\"},{\"@type\":\"Organization\",\"@id\":\"https:\/\/bertrand.pl\/#organization\",\"name\":\"Bertrand.pl\",\"url\":\"https:\/\/bertrand.pl\/\",\"logo\":{\"@type\":\"ImageObject\",\"inLanguage\":\"fr-FR\",\"@id\":\"https:\/\/bertrand.pl\/#\/schema\/logo\/image\/\",\"url\":\"https:\/\/bertrand.pl\/wp-content\/uploads\/2024\/12\/logo_BB_TM_PL_black.png\",\"contentUrl\":\"https:\/\/bertrand.pl\/wp-content\/uploads\/2024\/12\/logo_BB_TM_PL_black.png\",\"width\":1831,\"height\":1831,\"caption\":\"Bertrand.pl\"},\"image\":{\"@id\":\"https:\/\/bertrand.pl\/#\/schema\/logo\/image\/\"},\"sameAs\":[\"https:\/\/www.facebook.com\/bertrandpolska\/\",\"https:\/\/www.instagram.com\/bertrand_okna_i_drzwi\/\",\"https:\/\/www.linkedin.com\/company\/bertrand\/\",\"https:\/\/www.tiktok.com\/@bertrand_okna_drzwi\"]}]}<\/script>\n<!-- \/ Yoast SEO Premium plugin. -->","yoast_head_json":{"title":"MB-82HS \u2013 prosta forma, szerokie mo\u017cliwo\u015bci","description":"MB-82HS est une solution qui allie la simplicit\u00e9 de la forme \u00e0 la possibilit\u00e9 d&#039;utiliser de grands vitrages. Id\u00e9al pour les terrasses, balcons ou jardins.","robots":{"index":"index","follow":"follow","max-snippet":"max-snippet:-1","max-image-preview":"max-image-preview:large","max-video-preview":"max-video-preview:-1"},"canonical":"https:\/\/bertrand.pl\/fr\/produit\/mo-82-heures-2\/","og_locale":"fr_FR","og_type":"article","og_title":"MB-82HS","og_description":"MB-82HS to rozwi\u0105zanie, kt\u00f3re \u0142\u0105czy prostot\u0119 formy z mo\u017cliwo\u015bci\u0105 zastosowania du\u017cych przeszkle\u0144. Idealne na wyj\u015bcia tarasowe, balkonowe czy do ogrodu.","og_url":"https:\/\/bertrand.pl\/fr\/produit\/mo-82-heures-2\/","og_site_name":"Bertrand. Najwy\u017cszej jako\u015bci okna i drzwi. Certyfikowany producent od 1969 roku.","article_publisher":"https:\/\/www.facebook.com\/bertrandpolska\/","article_modified_time":"2025-07-21T13:27:47+00:00","og_image":[{"width":1800,"height":1200,"url":"https:\/\/bertrand.pl\/wp-content\/uploads\/2024\/09\/KF-00135_Wizualizacja_MB-82HS_waski_slupek_01_logo.webp","type":"image\/webp"}],"twitter_card":"summary_large_image","twitter_misc":{"Dur\u00e9e de lecture estim\u00e9e":"3 minutes"},"schema":{"@context":"https:\/\/schema.org","@graph":[{"@type":"WebPage","@id":"https:\/\/bertrand.pl\/produkt\/mb-82hs\/","url":"https:\/\/bertrand.pl\/produkt\/mb-82hs\/","name":"MB-82HS \u2013 prosta forma, szerokie mo\u017cliwo\u015bci","isPartOf":{"@id":"https:\/\/bertrand.pl\/#website"},"primaryImageOfPage":{"@id":"https:\/\/bertrand.pl\/produkt\/mb-82hs\/#primaryimage"},"image":{"@id":"https:\/\/bertrand.pl\/produkt\/mb-82hs\/#primaryimage"},"thumbnailUrl":"https:\/\/bertrand.pl\/wp-content\/uploads\/2024\/09\/KF-00135_Wizualizacja_MB-82HS_waski_slupek_01_logo.webp","datePublished":"2024-09-17T09:58:22+00:00","dateModified":"2025-07-21T13:27:47+00:00","description":"MB-82HS est une solution qui allie la simplicit\u00e9 de la forme \u00e0 la possibilit\u00e9 d&#039;utiliser de grands vitrages. Id\u00e9al pour les terrasses, balcons ou jardins.","breadcrumb":{"@id":"https:\/\/bertrand.pl\/produkt\/mb-82hs\/#breadcrumb"},"inLanguage":"fr-FR","potentialAction":[{"@type":"ReadAction","target":["https:\/\/bertrand.pl\/produkt\/mb-82hs\/"]}]},{"@type":"ImageObject","inLanguage":"fr-FR","@id":"https:\/\/bertrand.pl\/produkt\/mb-82hs\/#primaryimage","url":"https:\/\/bertrand.pl\/wp-content\/uploads\/2024\/09\/KF-00135_Wizualizacja_MB-82HS_waski_slupek_01_logo.webp","contentUrl":"https:\/\/bertrand.pl\/wp-content\/uploads\/2024\/09\/KF-00135_Wizualizacja_MB-82HS_waski_slupek_01_logo.webp","width":1800,"height":1200},{"@type":"BreadcrumbList","@id":"https:\/\/bertrand.pl\/produkt\/mb-82hs\/#breadcrumb","itemListElement":[{"@type":"ListItem","position":1,"name":"Strona g\u0142\u00f3wna","item":"https:\/\/bertrand.pl\/"},{"@type":"ListItem","position":2,"name":"Produits","item":"https:\/\/bertrand.pl\/fr\/shop\/"},{"@type":"ListItem","position":3,"name":"MB-82HS"}]},{"@type":"WebSite","@id":"https:\/\/bertrand.pl\/#website","url":"https:\/\/bertrand.pl\/","name":"Bertrand.pl","description":"Firma Bertrand to certyfikowany i uznany producent najwy\u017cszej jako\u015bci okien z PVC, z drewna lub aluminium. Produkcja drzwi, rolet i bram gara\u017cowych.","publisher":{"@id":"https:\/\/bertrand.pl\/#organization"},"potentialAction":[{"@type":"SearchAction","target":{"@type":"EntryPoint","urlTemplate":"https:\/\/bertrand.pl\/?s={search_term_string}"},"query-input":{"@type":"PropertyValueSpecification","valueRequired":true,"valueName":"search_term_string"}}],"inLanguage":"fr-FR"},{"@type":"Organization","@id":"https:\/\/bertrand.pl\/#organization","name":"Bertrand.pl","url":"https:\/\/bertrand.pl\/","logo":{"@type":"ImageObject","inLanguage":"fr-FR","@id":"https:\/\/bertrand.pl\/#\/schema\/logo\/image\/","url":"https:\/\/bertrand.pl\/wp-content\/uploads\/2024\/12\/logo_BB_TM_PL_black.png","contentUrl":"https:\/\/bertrand.pl\/wp-content\/uploads\/2024\/12\/logo_BB_TM_PL_black.png","width":1831,"height":1831,"caption":"Bertrand.pl"},"image":{"@id":"https:\/\/bertrand.pl\/#\/schema\/logo\/image\/"},"sameAs":["https:\/\/www.facebook.com\/bertrandpolska\/","https:\/\/www.instagram.com\/bertrand_okna_i_drzwi\/","https:\/\/www.linkedin.com\/company\/bertrand\/","https:\/\/www.tiktok.com\/@bertrand_okna_drzwi"]}]}},"_links":{"self":[{"href":"https:\/\/bertrand.pl\/fr\/wp-json\/wp\/v2\/product\/5004","targetHints":{"allow":["GET"]}}],"collection":[{"href":"https:\/\/bertrand.pl\/fr\/wp-json\/wp\/v2\/product"}],"about":[{"href":"https:\/\/bertrand.pl\/fr\/wp-json\/wp\/v2\/types\/product"}],"wp:featuredmedia":[{"embeddable":true,"href":"https:\/\/bertrand.pl\/fr\/wp-json\/wp\/v2\/media\/5008"}],"wp:attachment":[{"href":"https:\/\/bertrand.pl\/fr\/wp-json\/wp\/v2\/media?parent=5004"}],"wp:term":[{"taxonomy":"product_brand","embeddable":true,"href":"https:\/\/bertrand.pl\/fr\/wp-json\/wp\/v2\/product_brand?post=5004"},{"taxonomy":"product_cat","embeddable":true,"href":"https:\/\/bertrand.pl\/fr\/wp-json\/wp\/v2\/product_cat?post=5004"},{"taxonomy":"product_tag","embeddable":true,"href":"https:\/\/bertrand.pl\/fr\/wp-json\/wp\/v2\/product_tag?post=5004"}],"curies":[{"name":"wp","href":"https:\/\/api.w.org\/{rel}","templated":true}]}}