{"id":5012,"date":"2024-09-17T12:20:17","date_gmt":"2024-09-17T10:20:17","guid":{"rendered":"https:\/\/bertrand.pl\/?post_type=product&#038;p=5012"},"modified":"2025-07-14T15:47:10","modified_gmt":"2025-07-14T13:47:10","slug":"mo-77hs","status":"publish","type":"product","link":"https:\/\/bertrand.pl\/fr\/produkt\/mb-77hs\/","title":{"rendered":"MB-77HS"},"content":{"rendered":"<div class=\"flex-shrink-0 flex flex-col relative items-end\">\n<div>\n<div class=\"pt-0\">\n<div class=\"gizmo-bot-avatar flex h-8 w-8 items-center justify-center overflow-hidden rounded-full\">\n<div class=\"relative p-1 rounded-sm flex items-center justify-center bg-token-main-surface-primary text-token-text-primary h-8 w-8\"><\/div>\n<\/div>\n<\/div>\n<\/div>\n<\/div>\n<div class=\"group\/conversation-turn relative flex w-full min-w-0 flex-col agent-turn\">\n<div class=\"flex-col gap-1 md:gap-3\">\n<div class=\"flex max-w-full flex-col flex-grow\">\n<div class=\"min-h-8 text-message flex w-full flex-col items-end gap-2 whitespace-normal break-words text-start [.text-message+&amp;]:mt-5\" dir=\"auto\" data-message-author-role=\"assistant\" data-message-id=\"7419808a-a5b3-48e1-b7fd-6eafbfe84e76\" data-message-model-slug=\"gpt-4o\">\n<div class=\"flex w-full flex-col gap-1 empty:hidden first:pt-[3px]\">\n<div class=\"markdown prose w-full break-words dark:prose-invert light\">\n<h3>Drzwi tarasowe i balkonowe MB-77HS \u2013 po\u0142\u0105czenie izolacji, stylu i wygody<\/h3>\n<p>&nbsp;<\/p>\n<p>Drzwi tarasowe <strong>MB-77HS<\/strong> to zaawansowany system podnoszono-przesuwnych drzwi aluminiowych, zaprojektowany z my\u015bl\u0105 o nowoczesnych projektach architektonicznych. Oferuj\u0105 one doskona\u0142\u0105 izolacj\u0119 termiczn\u0105 (UD od 0,84 W\/(m\u00b2K)) oraz akustyczn\u0105, co sprawia, \u017ce idealnie nadaj\u0105 si\u0119 do budynk\u00f3w energooszcz\u0119dnych. Co wi\u0119cej, wytrzyma\u0142e, smuk\u0142e profile aluminiowe pozwalaj\u0105 na konstrukcj\u0119 du\u017cych, przeszklonych drzwi o imponuj\u0105cych wymiarach \u2013 wysoko\u015bci do 3,24 m, szeroko\u015bci 3,3 m i ci\u0119\u017carze skrzyd\u0142a a\u017c do 600 kg.<\/p>\n<p>&nbsp;<\/p>\n<h3>Wyj\u0105tkowa izolacja i trwa\u0142o\u015b\u0107<\/h3>\n<p>&nbsp;<\/p>\n<p>Drzwi <strong>MB-77HS<\/strong> wyr\u00f3\u017cniaj\u0105 si\u0119 doskona\u0142\u0105 izolacyjno\u015bci\u0105 termiczn\u0105 dzi\u0119ki zastosowaniu przek\u0142adek termicznych oraz dodatkowych element\u00f3w izolacyjnych. Dzi\u0119ki temu zapewniaj\u0105 wysok\u0105 efektywno\u015b\u0107 energetyczn\u0105, co przek\u0142ada si\u0119 na ni\u017csze koszty ogrzewania. Co wi\u0119cej, drzwi charakteryzuj\u0105 si\u0119 wysok\u0105 odporno\u015bci\u0105 na wiatr (klasa C4) oraz wyj\u0105tkow\u0105 szczelno\u015bci\u0105 na wod\u0119 i powietrze, co gwarantuje komfort u\u017cytkowania nawet w trudnych warunkach atmosferycznych.<\/p>\n<p>&nbsp;<\/p>\n<h3>Funkcjonalno\u015b\u0107 i estetyka w jednym<\/h3>\n<p>&nbsp;<\/p>\n<p>System <strong>MB-77HS<\/strong> oferuje szereg innowacyjnych rozwi\u0105za\u0144, kt\u00f3re podnosz\u0105 komfort u\u017cytkowania i estetyk\u0119. W\u0105ski s\u0142upek o szeroko\u015bci 47,5 mm lub 50 mm zwi\u0119ksza powierzchni\u0119 przeszkle\u0144, wpuszczaj\u0105c wi\u0119cej \u015bwiat\u0142a do wn\u0119trza. Dodatkowo, o\u015bcie\u017cnice dost\u0119pne w wersji dwu- i trzyszynowej pozwalaj\u0105 na uzyskanie szerokiego \u015bwiat\u0142a przej\u015bcia, co jest szczeg\u00f3lnie wa\u017cne w przestrzeniach tarasowych.<\/p>\n<p>Drzwi naro\u017cne o k\u0105cie 90\u00b0 lub 270\u00b0 z ruchomym s\u0142upkiem umo\u017cliwiaj\u0105 tworzenie nowoczesnych aran\u017cacji. Natomiast mechanizm &#8222;Comfort Close&#8221; zapewnia bezpieczne i p\u0142ynne dzia\u0142anie ci\u0119\u017ckich skrzyde\u0142. Z kolei detale antywywa\u017ceniowe zwi\u0119kszaj\u0105 odporno\u015b\u0107 na w\u0142amania, co podnosi bezpiecze\u0144stwo u\u017cytkownik\u00f3w.<\/p>\n<p>&nbsp;<\/p>\n<h3>Szeroki wyb\u00f3r i dopasowanie<\/h3>\n<p>&nbsp;<\/p>\n<p>Drzwi <strong>MB-77HS<\/strong> oferuj\u0105 szeroki wyb\u00f3r szklenia, w tym jedno- i dwukomorowe zestawy do 60 mm, dzi\u0119ki czemu mo\u017cemy dostosowa\u0107 system do indywidualnych potrzeb. Listwy przyszybowe dost\u0119pne w trzech wersjach (Standard, Prestige, Style) umo\u017cliwiaj\u0105 dopasowanie drzwi do ka\u017cdego stylu wn\u0119trza. Dodatkowo, system jest kompatybilny z MB-86, co pozwala na sp\u00f3jne po\u0142\u0105czenie z oknami, a bogata paleta kolor\u00f3w umo\u017cliwia idealne dopasowanie do elewacji i wn\u0119trz.<\/p>\n<p>&nbsp;<\/p>\n<h3>Nowoczesne technologie i komfort<\/h3>\n<p>&nbsp;<\/p>\n<p>W systemie <strong>MB-77HS<\/strong> zastosowano nowoczesne rozwi\u0105zania technologiczne, takie jak nap\u0119dy automatyczne &#8222;HS e-Power&#8221; i &#8222;HS-Master&#8221;, kt\u00f3re znacz\u0105co podnosz\u0105 komfort u\u017cytkowania. Co wi\u0119cej, regulacja poziomu za pomoc\u0105 profilu kompensuj\u0105cego ugi\u0119cia stropu do 20 mm zapewnia idealne dopasowanie konstrukcji do budynku.<\/p>\n<h3><\/h3>\n<p>Drzwi tarasowe <strong>MB-77HS<\/strong> to rozwi\u0105zanie, kt\u00f3re \u0142\u0105czy zaawansowan\u0105 technologi\u0119, elegancj\u0119 oraz funkcjonalno\u015b\u0107. Dzi\u0119ki wysokim parametrom technicznym i wszechstronno\u015bci, system ten stanowi idealny wyb\u00f3r zar\u00f3wno dla nowoczesnych dom\u00f3w jednorodzinnych, jak i luksusowych apartament\u00f3w.<\/p>\n<\/div>\n<\/div>\n<\/div>\n<\/div>\n<\/div>\n<\/div>\n<p>&nbsp;<\/p>\n<figure id=\"attachment_5013\" aria-describedby=\"caption-attachment-5013\" style=\"width: 651px\" class=\"wp-caption alignnone\"><img fetchpriority=\"high\" decoding=\"async\" class=\"wp-image-5013\" src=\"https:\/\/bertrand.pl\/wp-content\/uploads\/2024\/09\/MB_77HS.webp\" alt=\"Drzwi tarasowe MB-77HS to rozwi\u0105zanie, kt\u00f3re \u0142\u0105czy zaawansowan\u0105 technologi\u0119, elegancj\u0119 oraz funkcjonalno\u015b\u0107\" width=\"651\" height=\"366\" srcset=\"https:\/\/bertrand.pl\/wp-content\/uploads\/2024\/09\/MB_77HS.webp 850w, https:\/\/bertrand.pl\/wp-content\/uploads\/2024\/09\/MB_77HS-420x236.webp 420w, https:\/\/bertrand.pl\/wp-content\/uploads\/2024\/09\/MB_77HS-768x432.webp 768w, https:\/\/bertrand.pl\/wp-content\/uploads\/2024\/09\/MB_77HS-18x10.webp 18w, https:\/\/bertrand.pl\/wp-content\/uploads\/2024\/09\/MB_77HS-600x337.webp 600w\" sizes=\"(max-width: 651px) 100vw, 651px\" \/><figcaption id=\"caption-attachment-5013\" class=\"wp-caption-text\">MB-77HS<\/figcaption><\/figure>\n<p>&nbsp;<\/p>\n<h4><strong>Funkcjonalno\u015b\u0107, estetyka, zalety konstrukcji<\/strong><\/h4>\n<p>&nbsp;<\/p>\n<p><strong>W\u0105ski s\u0142upek<\/strong> \u2013 widoczna szeroko\u015b\u0107 profili 47,5 mm lub 50 mm.<br \/>\n<strong>O\u015bcie\u017cnice 2- i 3-szynowe<\/strong> \u2013 dla szerokiego \u015bwiat\u0142a przej\u015bcia.<br \/>\n<strong>Niskie progi<\/strong> \u2013 w tym zlicowane z tarasem, u\u0142atwiaj\u0105ce u\u017cytkowanie.<br \/>\n<strong>Drzwi naro\u017cne<\/strong> \u2013 90\u00b0 i 270\u00b0 z ruchomym s\u0142upkiem.<br \/>\n<strong>Szeroki wyb\u00f3r szklenia<\/strong> \u2013 jedno- i dwukomorowe zestawy do 60 mm.<br \/>\n<strong>Listwy przyszybowe<\/strong> \u2013 trzy wersje: Standard, Prestige, Style.<br \/>\n<strong>Detale antywywa\u017ceniowe<\/strong> \u2013 podwy\u017cszona odporno\u015b\u0107 na w\u0142amania.<br \/>\n<strong>Nap\u0119d automatyczny<\/strong> \u2013 &#8222;HS e-Power&#8221; i &#8222;HS-Master&#8221; dla wygody u\u017cytkowania.<br \/>\n<strong>Kompatybilno\u015b\u0107 z MB-86<\/strong> \u2013 estetyczne po\u0142\u0105czenie z oknami i wsp\u00f3lne komponenty.<br \/>\n<strong>Mechanizm &#8222;Comfort Close&#8221;<\/strong> \u2013 bezpieczne dzia\u0142anie ci\u0119\u017ckich drzwi.<br \/>\n<strong>Regulacja poziomu<\/strong> \u2013 profil kompensuj\u0105cy ugi\u0119cia stropu do 20 mm.<br \/>\n<strong>Bogata kolorystyka<\/strong> \u2013 dopasowanie do ka\u017cdego stylu wn\u0119trza i elewacji.<\/p>\n<p>&nbsp;<\/p>\n<p>&nbsp;<\/p>\n<h4><strong>ZOBACZ TAK\u017bE:<\/strong><\/h4>\n<p>&nbsp;<\/p>\n<p><a href=\"https:\/\/www.youtube.com\/watch?v=1RZ4pCnm5Oo\">Synergic Lift and Slide Door &#8211; Comfort and Style with Frameless Fixed Glazing<\/a><\/p>\n<p><a href=\"https:\/\/bertrand.pl\/drzwi-tarasowe\/\">Jak wybra\u0107 odpowiednie drzwi tarasowe? &#8211; Bertrand.pl<\/a><\/p>\n","protected":false},"excerpt":{"rendered":"<p class=\"h2\"><strong>PORTES DE BALCON LEVANTES ET COULISSANTES<\/strong><\/p>\n<p>Les portes de terrasse MB-77HS se caract\u00e9risent par d&#039;excellentes propri\u00e9t\u00e9s thermiques, atteignant un coefficient de transmission thermique de 0,84 W\/(m\u00b2K). Ils r\u00e9pondent aux exigences d\u2019une construction \u00e9conome en \u00e9nergie, ce qui en fait un choix id\u00e9al pour les personnes soucieuses de l\u2019efficacit\u00e9 \u00e9nerg\u00e9tique de leur maison.<\/p>","protected":false},"featured_media":5017,"template":"","meta":{"site-sidebar-layout":"default","site-content-layout":"","ast-site-content-layout":"default","site-content-style":"default","site-sidebar-style":"default","ast-global-header-display":"","ast-banner-title-visibility":"","ast-main-header-display":"","ast-hfb-above-header-display":"","ast-hfb-below-header-display":"","ast-hfb-mobile-header-display":"","site-post-title":"","ast-breadcrumbs-content":"","ast-featured-img":"","footer-sml-layout":"","ast-disable-related-posts":"","theme-transparent-header-meta":"default","adv-header-id-meta":"","stick-header-meta":"","header-above-stick-meta":"","header-main-stick-meta":"","header-below-stick-meta":"","astra-migrate-meta-layouts":"set","ast-page-background-enabled":"default","ast-page-background-meta":{"desktop":{"background-color":"var(--ast-global-color-4)","background-image":"","background-repeat":"repeat","background-position":"center center","background-size":"auto","background-attachment":"scroll","background-type":"","background-media":"","overlay-type":"","overlay-color":"","overlay-opacity":"","overlay-gradient":""},"tablet":{"background-color":"","background-image":"","background-repeat":"repeat","background-position":"center center","background-size":"auto","background-attachment":"scroll","background-type":"","background-media":"","overlay-type":"","overlay-color":"","overlay-opacity":"","overlay-gradient":""},"mobile":{"background-color":"","background-image":"","background-repeat":"repeat","background-position":"center center","background-size":"auto","background-attachment":"scroll","background-type":"","background-media":"","overlay-type":"","overlay-color":"","overlay-opacity":"","overlay-gradient":""}},"ast-content-background-meta":{"desktop":{"background-color":"var(--ast-global-color-5)","background-image":"","background-repeat":"repeat","background-position":"center center","background-size":"auto","background-attachment":"scroll","background-type":"","background-media":"","overlay-type":"","overlay-color":"","overlay-opacity":"","overlay-gradient":""},"tablet":{"background-color":"var(--ast-global-color-5)","background-image":"","background-repeat":"repeat","background-position":"center center","background-size":"auto","background-attachment":"scroll","background-type":"","background-media":"","overlay-type":"","overlay-color":"","overlay-opacity":"","overlay-gradient":""},"mobile":{"background-color":"var(--ast-global-color-5)","background-image":"","background-repeat":"repeat","background-position":"center center","background-size":"auto","background-attachment":"scroll","background-type":"","background-media":"","overlay-type":"","overlay-color":"","overlay-opacity":"","overlay-gradient":""}}},"product_brand":[],"product_cat":[18],"product_tag":[1005,382,349,1000,168,717,345,1006,998,338,333,990,334,1009,453,661,736,735,389,398,405,1004,737,1003,1008,731,1388,1387,1007,649,1262,732,734,1389,733,1258,999,729],"class_list":{"0":"post-5012","1":"product","2":"type-product","3":"status-publish","4":"has-post-thumbnail","6":"product_cat-systemy-tarasowe","7":"product_tag-84-w-mk","8":"product_tag-aluminiowe-drzwi","9":"product_tag-aluprof","10":"product_tag-antywlamaniowe-drzwi","11":"product_tag-bertrand","12":"product_tag-bertrand-okna-i-drzwi","13":"product_tag-drzwi-balkonowe","14":"product_tag-drzwi-energooszczedne","15":"product_tag-drzwi-narozne","16":"product_tag-drzwi-podnoszono-przesuwne","17":"product_tag-drzwi-przesuwne","18":"product_tag-drzwi-przesuwne-aluminiowe","19":"product_tag-drzwi-tarasowe","20":"product_tag-drzwi-z-niskim-progiem","21":"product_tag-energooszczednosc","22":"product_tag-estetyka","23":"product_tag-hs-e-power","24":"product_tag-inteligentny-naped","25":"product_tag-izolacja-akustyczna","26":"product_tag-izolacja-cieplna","27":"product_tag-izolacja-termiczna","28":"product_tag-izolacja-termiczna-ud-0","29":"product_tag-komfort-uzytkowania","30":"product_tag-kompatybilnosc-z-mb-86","31":"product_tag-listwy-przyszybowe","32":"product_tag-mb-77hs","33":"product_tag-mechanizm-comfort-close","34":"product_tag-naped-automatyczny","35":"product_tag-naped-automatyczny-hs-e-power","36":"product_tag-nowoczesna-architektura","37":"product_tag-nowoczesne-budownictwo","38":"product_tag-odpornosc-na-wiatr","39":"product_tag-przeszklenia","40":"product_tag-regulacja-poziomu","41":"product_tag-smukle-profile","42":"product_tag-szczelnosc-na-wode","43":"product_tag-szklenie-dwukomorowe","44":"product_tag-waski-slupek","45":"desktop-align-left","46":"tablet-align-left","47":"mobile-align-left","49":"first","50":"instock","51":"shipping-taxable","52":"product-type-simple"},"yoast_head":"<!-- This site is optimized with the Yoast SEO Premium plugin v27.2 (Yoast SEO v27.2) - https:\/\/yoast.com\/product\/yoast-seo-premium-wordpress\/ -->\n<title>MB-77HS \u2013 wielkie przeszklenia, pe\u0142na izolacja<\/title>\n<meta name=\"description\" content=\"MB-77HS charakteryzuj\u0105 si\u0119 doskona\u0142ymi w\u0142a\u015bciwo\u015bciami termicznymi. Spe\u0142niaj\u0105 wymagania budownictwa energooszcz\u0119dnego. Idealne dla Twojego domu!\" \/>\n<meta name=\"robots\" content=\"index, follow, max-snippet:-1, max-image-preview:large, max-video-preview:-1\" \/>\n<link rel=\"canonical\" href=\"https:\/\/bertrand.pl\/fr\/produit\/mo-77hs\/\" \/>\n<meta property=\"og:locale\" content=\"fr_FR\" \/>\n<meta property=\"og:type\" content=\"article\" \/>\n<meta property=\"og:title\" content=\"MB-77HS\" \/>\n<meta property=\"og:description\" content=\"MB-77HS charakteryzuj\u0105 si\u0119 doskona\u0142ymi w\u0142a\u015bciwo\u015bciami termicznymi. Spe\u0142niaj\u0105 wymagania budownictwa energooszcz\u0119dnego. Idealne dla Twojego domu!\" \/>\n<meta property=\"og:url\" content=\"https:\/\/bertrand.pl\/fr\/produit\/mo-77hs\/\" \/>\n<meta property=\"og:site_name\" content=\"Bertrand. Najwy\u017cszej jako\u015bci okna i drzwi. Certyfikowany producent od 1969 roku.\" \/>\n<meta property=\"article:publisher\" content=\"https:\/\/www.facebook.com\/bertrandpolska\/\" \/>\n<meta property=\"article:modified_time\" content=\"2025-07-14T13:47:10+00:00\" \/>\n<meta property=\"og:image\" content=\"https:\/\/bertrand.pl\/wp-content\/uploads\/2024\/09\/KF-00081_Wizualizacja_MB-77HS_waski_slupek_01.webp\" \/>\n\t<meta property=\"og:image:width\" content=\"1679\" \/>\n\t<meta property=\"og:image:height\" content=\"1200\" \/>\n\t<meta property=\"og:image:type\" content=\"image\/webp\" \/>\n<meta name=\"twitter:card\" content=\"summary_large_image\" \/>\n<meta name=\"twitter:label1\" content=\"Dur\u00e9e de lecture estim\u00e9e\" \/>\n\t<meta name=\"twitter:data1\" content=\"4 minutes\" \/>\n<script type=\"application\/ld+json\" class=\"yoast-schema-graph\">{\"@context\":\"https:\/\/schema.org\",\"@graph\":[{\"@type\":\"WebPage\",\"@id\":\"https:\/\/bertrand.pl\/produkt\/mb-77hs\/\",\"url\":\"https:\/\/bertrand.pl\/produkt\/mb-77hs\/\",\"name\":\"MB-77HS \u2013 wielkie przeszklenia, pe\u0142na izolacja\",\"isPartOf\":{\"@id\":\"https:\/\/bertrand.pl\/#website\"},\"primaryImageOfPage\":{\"@id\":\"https:\/\/bertrand.pl\/produkt\/mb-77hs\/#primaryimage\"},\"image\":{\"@id\":\"https:\/\/bertrand.pl\/produkt\/mb-77hs\/#primaryimage\"},\"thumbnailUrl\":\"https:\/\/bertrand.pl\/wp-content\/uploads\/2024\/09\/KF-00081_Wizualizacja_MB-77HS_waski_slupek_01.webp\",\"datePublished\":\"2024-09-17T10:20:17+00:00\",\"dateModified\":\"2025-07-14T13:47:10+00:00\",\"description\":\"MB-77HS charakteryzuj\u0105 si\u0119 doskona\u0142ymi w\u0142a\u015bciwo\u015bciami termicznymi. Spe\u0142niaj\u0105 wymagania budownictwa energooszcz\u0119dnego. Idealne dla Twojego domu!\",\"breadcrumb\":{\"@id\":\"https:\/\/bertrand.pl\/produkt\/mb-77hs\/#breadcrumb\"},\"inLanguage\":\"fr-FR\",\"potentialAction\":[{\"@type\":\"ReadAction\",\"target\":[\"https:\/\/bertrand.pl\/produkt\/mb-77hs\/\"]}]},{\"@type\":\"ImageObject\",\"inLanguage\":\"fr-FR\",\"@id\":\"https:\/\/bertrand.pl\/produkt\/mb-77hs\/#primaryimage\",\"url\":\"https:\/\/bertrand.pl\/wp-content\/uploads\/2024\/09\/KF-00081_Wizualizacja_MB-77HS_waski_slupek_01.webp\",\"contentUrl\":\"https:\/\/bertrand.pl\/wp-content\/uploads\/2024\/09\/KF-00081_Wizualizacja_MB-77HS_waski_slupek_01.webp\",\"width\":1679,\"height\":1200},{\"@type\":\"BreadcrumbList\",\"@id\":\"https:\/\/bertrand.pl\/produkt\/mb-77hs\/#breadcrumb\",\"itemListElement\":[{\"@type\":\"ListItem\",\"position\":1,\"name\":\"Strona g\u0142\u00f3wna\",\"item\":\"https:\/\/bertrand.pl\/\"},{\"@type\":\"ListItem\",\"position\":2,\"name\":\"Produits\",\"item\":\"https:\/\/bertrand.pl\/fr\/shop\/\"},{\"@type\":\"ListItem\",\"position\":3,\"name\":\"MB-77HS\"}]},{\"@type\":\"WebSite\",\"@id\":\"https:\/\/bertrand.pl\/#website\",\"url\":\"https:\/\/bertrand.pl\/\",\"name\":\"Bertrand.pl\",\"description\":\"Firma Bertrand to certyfikowany i uznany producent najwy\u017cszej jako\u015bci okien z PVC, z drewna lub aluminium. Produkcja drzwi, rolet i bram gara\u017cowych.\",\"publisher\":{\"@id\":\"https:\/\/bertrand.pl\/#organization\"},\"potentialAction\":[{\"@type\":\"SearchAction\",\"target\":{\"@type\":\"EntryPoint\",\"urlTemplate\":\"https:\/\/bertrand.pl\/?s={search_term_string}\"},\"query-input\":{\"@type\":\"PropertyValueSpecification\",\"valueRequired\":true,\"valueName\":\"search_term_string\"}}],\"inLanguage\":\"fr-FR\"},{\"@type\":\"Organization\",\"@id\":\"https:\/\/bertrand.pl\/#organization\",\"name\":\"Bertrand.pl\",\"url\":\"https:\/\/bertrand.pl\/\",\"logo\":{\"@type\":\"ImageObject\",\"inLanguage\":\"fr-FR\",\"@id\":\"https:\/\/bertrand.pl\/#\/schema\/logo\/image\/\",\"url\":\"https:\/\/bertrand.pl\/wp-content\/uploads\/2024\/12\/logo_BB_TM_PL_black.png\",\"contentUrl\":\"https:\/\/bertrand.pl\/wp-content\/uploads\/2024\/12\/logo_BB_TM_PL_black.png\",\"width\":1831,\"height\":1831,\"caption\":\"Bertrand.pl\"},\"image\":{\"@id\":\"https:\/\/bertrand.pl\/#\/schema\/logo\/image\/\"},\"sameAs\":[\"https:\/\/www.facebook.com\/bertrandpolska\/\",\"https:\/\/www.instagram.com\/bertrand_okna_i_drzwi\/\",\"https:\/\/www.linkedin.com\/company\/bertrand\/\",\"https:\/\/www.tiktok.com\/@bertrand_okna_drzwi\"]}]}<\/script>\n<!-- \/ Yoast SEO Premium plugin. -->","yoast_head_json":{"title":"MB-77HS \u2013 wielkie przeszklenia, pe\u0142na izolacja","description":"Les MB-77HS se caract\u00e9risent par d&#039;excellentes propri\u00e9t\u00e9s thermiques. Ils r\u00e9pondent aux exigences d\u2019une construction \u00e9conome en \u00e9nergie. Parfait pour votre maison !","robots":{"index":"index","follow":"follow","max-snippet":"max-snippet:-1","max-image-preview":"max-image-preview:large","max-video-preview":"max-video-preview:-1"},"canonical":"https:\/\/bertrand.pl\/fr\/produit\/mo-77hs\/","og_locale":"fr_FR","og_type":"article","og_title":"MB-77HS","og_description":"MB-77HS charakteryzuj\u0105 si\u0119 doskona\u0142ymi w\u0142a\u015bciwo\u015bciami termicznymi. Spe\u0142niaj\u0105 wymagania budownictwa energooszcz\u0119dnego. Idealne dla Twojego domu!","og_url":"https:\/\/bertrand.pl\/fr\/produit\/mo-77hs\/","og_site_name":"Bertrand. Najwy\u017cszej jako\u015bci okna i drzwi. Certyfikowany producent od 1969 roku.","article_publisher":"https:\/\/www.facebook.com\/bertrandpolska\/","article_modified_time":"2025-07-14T13:47:10+00:00","og_image":[{"width":1679,"height":1200,"url":"https:\/\/bertrand.pl\/wp-content\/uploads\/2024\/09\/KF-00081_Wizualizacja_MB-77HS_waski_slupek_01.webp","type":"image\/webp"}],"twitter_card":"summary_large_image","twitter_misc":{"Dur\u00e9e de lecture estim\u00e9e":"4 minutes"},"schema":{"@context":"https:\/\/schema.org","@graph":[{"@type":"WebPage","@id":"https:\/\/bertrand.pl\/produkt\/mb-77hs\/","url":"https:\/\/bertrand.pl\/produkt\/mb-77hs\/","name":"MB-77HS \u2013 wielkie przeszklenia, pe\u0142na izolacja","isPartOf":{"@id":"https:\/\/bertrand.pl\/#website"},"primaryImageOfPage":{"@id":"https:\/\/bertrand.pl\/produkt\/mb-77hs\/#primaryimage"},"image":{"@id":"https:\/\/bertrand.pl\/produkt\/mb-77hs\/#primaryimage"},"thumbnailUrl":"https:\/\/bertrand.pl\/wp-content\/uploads\/2024\/09\/KF-00081_Wizualizacja_MB-77HS_waski_slupek_01.webp","datePublished":"2024-09-17T10:20:17+00:00","dateModified":"2025-07-14T13:47:10+00:00","description":"Les MB-77HS se caract\u00e9risent par d&#039;excellentes propri\u00e9t\u00e9s thermiques. Ils r\u00e9pondent aux exigences d\u2019une construction \u00e9conome en \u00e9nergie. Parfait pour votre maison !","breadcrumb":{"@id":"https:\/\/bertrand.pl\/produkt\/mb-77hs\/#breadcrumb"},"inLanguage":"fr-FR","potentialAction":[{"@type":"ReadAction","target":["https:\/\/bertrand.pl\/produkt\/mb-77hs\/"]}]},{"@type":"ImageObject","inLanguage":"fr-FR","@id":"https:\/\/bertrand.pl\/produkt\/mb-77hs\/#primaryimage","url":"https:\/\/bertrand.pl\/wp-content\/uploads\/2024\/09\/KF-00081_Wizualizacja_MB-77HS_waski_slupek_01.webp","contentUrl":"https:\/\/bertrand.pl\/wp-content\/uploads\/2024\/09\/KF-00081_Wizualizacja_MB-77HS_waski_slupek_01.webp","width":1679,"height":1200},{"@type":"BreadcrumbList","@id":"https:\/\/bertrand.pl\/produkt\/mb-77hs\/#breadcrumb","itemListElement":[{"@type":"ListItem","position":1,"name":"Strona g\u0142\u00f3wna","item":"https:\/\/bertrand.pl\/"},{"@type":"ListItem","position":2,"name":"Produits","item":"https:\/\/bertrand.pl\/fr\/shop\/"},{"@type":"ListItem","position":3,"name":"MB-77HS"}]},{"@type":"WebSite","@id":"https:\/\/bertrand.pl\/#website","url":"https:\/\/bertrand.pl\/","name":"Bertrand.pl","description":"Firma Bertrand to certyfikowany i uznany producent najwy\u017cszej jako\u015bci okien z PVC, z drewna lub aluminium. Produkcja drzwi, rolet i bram gara\u017cowych.","publisher":{"@id":"https:\/\/bertrand.pl\/#organization"},"potentialAction":[{"@type":"SearchAction","target":{"@type":"EntryPoint","urlTemplate":"https:\/\/bertrand.pl\/?s={search_term_string}"},"query-input":{"@type":"PropertyValueSpecification","valueRequired":true,"valueName":"search_term_string"}}],"inLanguage":"fr-FR"},{"@type":"Organization","@id":"https:\/\/bertrand.pl\/#organization","name":"Bertrand.pl","url":"https:\/\/bertrand.pl\/","logo":{"@type":"ImageObject","inLanguage":"fr-FR","@id":"https:\/\/bertrand.pl\/#\/schema\/logo\/image\/","url":"https:\/\/bertrand.pl\/wp-content\/uploads\/2024\/12\/logo_BB_TM_PL_black.png","contentUrl":"https:\/\/bertrand.pl\/wp-content\/uploads\/2024\/12\/logo_BB_TM_PL_black.png","width":1831,"height":1831,"caption":"Bertrand.pl"},"image":{"@id":"https:\/\/bertrand.pl\/#\/schema\/logo\/image\/"},"sameAs":["https:\/\/www.facebook.com\/bertrandpolska\/","https:\/\/www.instagram.com\/bertrand_okna_i_drzwi\/","https:\/\/www.linkedin.com\/company\/bertrand\/","https:\/\/www.tiktok.com\/@bertrand_okna_drzwi"]}]}},"_links":{"self":[{"href":"https:\/\/bertrand.pl\/fr\/wp-json\/wp\/v2\/product\/5012","targetHints":{"allow":["GET"]}}],"collection":[{"href":"https:\/\/bertrand.pl\/fr\/wp-json\/wp\/v2\/product"}],"about":[{"href":"https:\/\/bertrand.pl\/fr\/wp-json\/wp\/v2\/types\/product"}],"wp:featuredmedia":[{"embeddable":true,"href":"https:\/\/bertrand.pl\/fr\/wp-json\/wp\/v2\/media\/5017"}],"wp:attachment":[{"href":"https:\/\/bertrand.pl\/fr\/wp-json\/wp\/v2\/media?parent=5012"}],"wp:term":[{"taxonomy":"product_brand","embeddable":true,"href":"https:\/\/bertrand.pl\/fr\/wp-json\/wp\/v2\/product_brand?post=5012"},{"taxonomy":"product_cat","embeddable":true,"href":"https:\/\/bertrand.pl\/fr\/wp-json\/wp\/v2\/product_cat?post=5012"},{"taxonomy":"product_tag","embeddable":true,"href":"https:\/\/bertrand.pl\/fr\/wp-json\/wp\/v2\/product_tag?post=5012"}],"curies":[{"name":"wp","href":"https:\/\/api.w.org\/{rel}","templated":true}]}}