{"id":5081,"date":"2024-09-17T13:25:51","date_gmt":"2024-09-17T11:25:51","guid":{"rendered":"https:\/\/bertrand.pl\/?post_type=product&#038;p=5081"},"modified":"2025-07-14T15:18:42","modified_gmt":"2025-07-14T13:18:42","slug":"mo-59h","status":"publish","type":"product","link":"https:\/\/bertrand.pl\/fr\/produkt\/mb-59hs\/","title":{"rendered":"MB-59HS"},"content":{"rendered":"<h3>Portes coulissantes MB-59HS \u2013 une solution moderne pour votre maison<\/h3>\n<p>&nbsp;<\/p>\n<p>Portes coulissantes <strong>MB-59HS<\/strong> est un syst\u00e8me avanc\u00e9 de portes levantes et coulissantes en aluminium, parfait pour les maisons unifamiliales. Gr\u00e2ce \u00e0 l&#039;utilisation de technologies innovantes et de mat\u00e9riaux de haute qualit\u00e9, ce syst\u00e8me allie \u00e9l\u00e9gance et fonctionnalit\u00e9. De plus, le MB-59HS se caract\u00e9rise par une isolation thermique exceptionnelle, ce qui en fait un excellent choix pour les b\u00e2timents \u00e9conomes en \u00e9nergie.<\/p>\n<p>&nbsp;<\/p>\n<h3>Principales caract\u00e9ristiques du syst\u00e8me MB-59HS<\/h3>\n<p>&nbsp;<\/p>\n<p>Porte <strong>MB-59HS<\/strong> ils offrent des dimensions d&#039;ailes impressionnantes, qui peuvent atteindre une hauteur allant jusqu&#039;\u00e0 2,8 m et une largeur allant jusqu&#039;\u00e0 3,3 m. Le poids maximum des ailes peut atteindre 300 kg, ce qui permet l&#039;utilisation de grands vitrages, laissant entrer plus de lumi\u00e8re \u00e0 l&#039;int\u00e9rieur. . Gr\u00e2ce \u00e0 cela, les int\u00e9rieurs deviennent lumineux et spacieux, ce qui affecte positivement le confort d&#039;utilisation.<\/p>\n<p>Le syst\u00e8me est bas\u00e9 sur des profil\u00e9s en aluminium \u00e0 trois chambres, minces, durables et \u00e9quip\u00e9s en outre de chambres isolantes et de larges ruptures de pont thermique. Les huisseries disponibles en versions \u00e0 deux et trois rails permettent de cr\u00e9er des vitrages esth\u00e9tiques et fonctionnels avec une large zone de passage.<\/p>\n<p>&nbsp;<\/p>\n<h3>Isolation et \u00e9tanch\u00e9it\u00e9 exceptionnelles<\/h3>\n<p>&nbsp;<\/p>\n<p>Portes coulissantes <strong>MB-59HS<\/strong> offrent une excellente isolation thermique gr\u00e2ce \u00e0 l&#039;utilisation de ruptures de pont thermique et d&#039;inserts en poly\u00e9thyl\u00e8ne. De plus, des joints sp\u00e9ciaux et des raccords modernes garantissent l&#039;\u00e9tanch\u00e9it\u00e9 \u00e0 l&#039;eau et \u00e0 l&#039;air, ce qui est extr\u00eamement important dans des conditions m\u00e9t\u00e9orologiques changeantes.<\/p>\n<p>Le syst\u00e8me permet l&#039;utilisation de vitrages d&#039;une \u00e9paisseur allant jusqu&#039;\u00e0 42 mm, ce qui permet une s\u00e9lection flexible de verre avec diff\u00e9rents param\u00e8tres. Les logements permanents dans l&#039;encadrement de la porte constituent une solution \u00e9conomique et esth\u00e9tique, notamment dans les projets ax\u00e9s sur l&#039;optimisation des co\u00fbts.<\/p>\n<p>&nbsp;<\/p>\n<h3>Confort d&#039;utilisation et polyvalence<\/h3>\n<p>&nbsp;<\/p>\n<p>Les portes MB-59HS sont \u00e9galement exceptionnellement confortables \u00e0 utiliser. Le seuil bas facilite consid\u00e9rablement le passage, ce qui est particuli\u00e8rement important pour les personnes \u00e2g\u00e9es et handicap\u00e9es. De plus, l&#039;universalit\u00e9 des ferrures rend le syst\u00e8me compatible avec la plupart des ferrures levantes et coulissantes disponibles.<\/p>\n<p>Syst\u00e8me <strong>MB-59HS<\/strong> peut \u00eatre utilis\u00e9 aussi bien dans des am\u00e9nagements individuels que dans des structures telles que des fa\u00e7ades \u00e0 poteaux et poutres ou des jardins d&#039;hiver. Gr\u00e2ce \u00e0 une technologie de fabrication simple, le syst\u00e8me r\u00e9duit le temps et les co\u00fbts de production, ce qui augmente encore son attractivit\u00e9.<\/p>\n<h3><\/h3>\n<p>Portes coulissantes <strong>MB-59HS<\/strong> est une solution qui allie design moderne, excellente isolation thermique et fonctionnalit\u00e9. Gr\u00e2ce \u00e0 sa polyvalence et \u00e0 ses param\u00e8tres techniques \u00e9lev\u00e9s, ce syst\u00e8me est id\u00e9al aussi bien pour les maisons unifamiliales que pour les projets architecturaux plus avanc\u00e9s.<\/p>\n<p>&nbsp;<\/p>\n<figure id=\"attachment_5082\" aria-describedby=\"caption-attachment-5082\" style=\"width: 603px\" class=\"wp-caption alignnone\"><img fetchpriority=\"high\" decoding=\"async\" class=\"wp-image-5082\" src=\"https:\/\/bertrand.pl\/wp-content\/uploads\/2024\/09\/MB_59HS.webp\" alt=\"MB-59HS est une solution qui allie design moderne, excellente isolation thermique et fonctionnalit\u00e9.\" width=\"603\" height=\"339\" srcset=\"https:\/\/bertrand.pl\/wp-content\/uploads\/2024\/09\/MB_59HS.webp 850w, https:\/\/bertrand.pl\/wp-content\/uploads\/2024\/09\/MB_59HS-420x236.webp 420w, https:\/\/bertrand.pl\/wp-content\/uploads\/2024\/09\/MB_59HS-768x432.webp 768w, https:\/\/bertrand.pl\/wp-content\/uploads\/2024\/09\/MB_59HS-18x10.webp 18w, https:\/\/bertrand.pl\/wp-content\/uploads\/2024\/09\/MB_59HS-600x337.webp 600w\" sizes=\"(max-width: 603px) 100vw, 603px\" \/><figcaption id=\"caption-attachment-5082\" class=\"wp-caption-text\">MB-59HS<\/figcaption><\/figure>\n<p>&nbsp;<\/p>\n<p><strong>Avantages du syst\u00e8me\u00a0:<\/strong><\/p>\n<ul>\n<li><strong>Dimensions impressionnantes des ailes<\/strong> \u2013 hauteur jusqu&#039;\u00e0 2,8 m, largeur jusqu&#039;\u00e0 3,3 m, poids maximum du vantail 300 kg.<\/li>\n<li><strong>Profil\u00e9s en aluminium \u00e0 trois chambres<\/strong> \u2013 mince, durable, avec une chambre isolante et de larges ruptures de pont thermique.<\/li>\n<li><strong>Huisseries \u00e0 2 et 3 rails<\/strong> \u2013 permettre une large ouverture de passage.<\/li>\n<li><strong>Vitrage jusqu&#039;\u00e0 42 mm<\/strong> \u2013 s\u00e9lection flexible de verre avec diff\u00e9rents param\u00e8tres.<\/li>\n<li><strong>Quartiers permanents dans le cadre de la porte<\/strong> \u2013 solution \u00e9conomique et esth\u00e9tique.<\/li>\n<li><strong>Isolation thermique<\/strong> \u2013 faible coefficient Uf gr\u00e2ce aux ruptures de pont thermique et aux inserts en poly\u00e9thyl\u00e8ne.<\/li>\n<li><strong>\u00c9tanch\u00e9it\u00e9 \u00e0 l&#039;eau et \u00e0 l&#039;air<\/strong> \u2013 assur\u00e9 par des joints et raccords sp\u00e9ciaux.<\/li>\n<li><strong>Raccords universels<\/strong> \u2013 compatibilit\u00e9 avec la plupart des ferrures levantes-coulissantes.<\/li>\n<li><strong>Seuil bas<\/strong> \u2013 commodit\u00e9 pour les personnes \u00e2g\u00e9es et handicap\u00e9es.<\/li>\n<li><strong>Assemblage polyvalent<\/strong> \u2013 pour am\u00e9nagements individuels, fa\u00e7ades \u00e0 poteaux et poutres, jardins d\u2019hiver.<\/li>\n<li style=\"text-align: left;\"><strong>Technologie de fabrication simple<\/strong> \u2013 r\u00e9duction des d\u00e9lais et des co\u00fbts de production.<br \/>\n<h4><\/h4>\n<h4><strong>VOIR AUSSI :\u00a0<\/strong><\/h4>\n<\/li>\n<\/ul>\n<p><a href=\"https:\/\/www.youtube.com\/watch?v=trEB1Duys_M\">Ferroline \u2013 Esth\u00e9tique intemporelle, performances modernes<\/a><\/p>\n<p><a href=\"https:\/\/bertrand.pl\/fr\/fenetres-pour-votre-maison\/\">Comment choisir les bonnes fen\u00eatres pour votre maison \u2013 Bertrand.pl<\/a><\/p>","protected":false},"excerpt":{"rendered":"<p class=\"h2\"><strong>SYST\u00c8ME DE PORTE LEVANTE ET COULISSANTE<\/strong><\/p>\n<p>Les portes levantes-coulissantes en aluminium MB-59HS sont un excellent choix pour les maisons unifamiliales. Ce syst\u00e8me, gr\u00e2ce \u00e0 de larges ruptures de pont thermique, des inserts en poly\u00e9thyl\u00e8ne et des profil\u00e9s en plastique chambr\u00e9s dans des bandes d&#039;isolation thermique, assure un faible coefficient de transfert thermique. Des ferrures modernes et des joints sp\u00e9cialement con\u00e7us permettent au vantail de tomber en douceur sur le dormant lors de la phase de fermeture finale, ce qui garantit une excellente \u00e9tanch\u00e9it\u00e9 \u00e0 l&#039;eau et \u00e0 l&#039;air.<\/p>","protected":false},"featured_media":5083,"template":"","meta":{"site-sidebar-layout":"default","site-content-layout":"","ast-site-content-layout":"default","site-content-style":"default","site-sidebar-style":"default","ast-global-header-display":"","ast-banner-title-visibility":"","ast-main-header-display":"","ast-hfb-above-header-display":"","ast-hfb-below-header-display":"","ast-hfb-mobile-header-display":"","site-post-title":"","ast-breadcrumbs-content":"","ast-featured-img":"","footer-sml-layout":"","ast-disable-related-posts":"","theme-transparent-header-meta":"default","adv-header-id-meta":"","stick-header-meta":"","header-above-stick-meta":"","header-main-stick-meta":"","header-below-stick-meta":"","astra-migrate-meta-layouts":"set","ast-page-background-enabled":"default","ast-page-background-meta":{"desktop":{"background-color":"var(--ast-global-color-4)","background-image":"","background-repeat":"repeat","background-position":"center center","background-size":"auto","background-attachment":"scroll","background-type":"","background-media":"","overlay-type":"","overlay-color":"","overlay-opacity":"","overlay-gradient":""},"tablet":{"background-color":"","background-image":"","background-repeat":"repeat","background-position":"center center","background-size":"auto","background-attachment":"scroll","background-type":"","background-media":"","overlay-type":"","overlay-color":"","overlay-opacity":"","overlay-gradient":""},"mobile":{"background-color":"","background-image":"","background-repeat":"repeat","background-position":"center center","background-size":"auto","background-attachment":"scroll","background-type":"","background-media":"","overlay-type":"","overlay-color":"","overlay-opacity":"","overlay-gradient":""}},"ast-content-background-meta":{"desktop":{"background-color":"var(--ast-global-color-5)","background-image":"","background-repeat":"repeat","background-position":"center center","background-size":"auto","background-attachment":"scroll","background-type":"","background-media":"","overlay-type":"","overlay-color":"","overlay-opacity":"","overlay-gradient":""},"tablet":{"background-color":"var(--ast-global-color-5)","background-image":"","background-repeat":"repeat","background-position":"center center","background-size":"auto","background-attachment":"scroll","background-type":"","background-media":"","overlay-type":"","overlay-color":"","overlay-opacity":"","overlay-gradient":""},"mobile":{"background-color":"var(--ast-global-color-5)","background-image":"","background-repeat":"repeat","background-position":"center center","background-size":"auto","background-attachment":"scroll","background-type":"","background-media":"","overlay-type":"","overlay-color":"","overlay-opacity":"","overlay-gradient":""}}},"product_brand":[],"product_cat":[18],"product_tag":[349,168,717,360,995,984,333,990,749,661,405,366,751,745,996,700,750,994,748,746,992,744,747,993,991],"class_list":{"0":"post-5081","1":"product","2":"type-product","3":"status-publish","4":"has-post-thumbnail","6":"product_cat-systemy-tarasowe","7":"product_tag-aluprof","8":"product_tag-bertrand","9":"product_tag-bertrand-okna-i-drzwi","10":"product_tag-bezpieczenstwo","11":"product_tag-drzwi-do-ogrodow-zimowych","12":"product_tag-drzwi-panoramiczne","13":"product_tag-drzwi-przesuwne","14":"product_tag-drzwi-przesuwne-aluminiowe","15":"product_tag-duze-skrzydla-drzwi","16":"product_tag-estetyka","17":"product_tag-izolacja-termiczna","18":"product_tag-komfort","19":"product_tag-kompatybilnosc","20":"product_tag-mb-59hs","21":"product_tag-montaz-w-fasadach","22":"product_tag-niski-prog","23":"product_tag-nowoczesne-okucia","24":"product_tag-okucia-podnoszono-przesuwne","25":"product_tag-oscieznice-dwu-i-trzyszynowe","26":"product_tag-podnoszono-przesuwne","27":"product_tag-szczelnosc-na-wode-i-powietrze","28":"product_tag-szczelnosc-powietrzna","29":"product_tag-szczelnosc-wodna","30":"product_tag-szklenie-42-mm","31":"product_tag-trzykomorowe-profile","32":"desktop-align-left","33":"tablet-align-left","34":"mobile-align-left","36":"first","37":"instock","38":"shipping-taxable","39":"product-type-simple"},"yoast_head":"<!-- This site is optimized with the Yoast SEO Premium plugin v27.2 (Yoast SEO v27.2) - https:\/\/yoast.com\/product\/yoast-seo-premium-wordpress\/ -->\n<title>MB-59HS \u2013 energooszcz\u0119dne drzwi z klas\u0105<\/title>\n<meta name=\"description\" content=\"MB-59HS to doskona\u0142y wyb\u00f3r dla dom\u00f3w jednorodzinnych. Nowoczesne okucia oraz specjalnie zaprojektowane uszczelki gwarantuj\u0105 \u015bwietn\u0105 szczelno\u015b\u0107!\" \/>\n<meta name=\"robots\" content=\"index, follow, max-snippet:-1, max-image-preview:large, max-video-preview:-1\" \/>\n<link rel=\"canonical\" href=\"https:\/\/bertrand.pl\/fr\/produit\/mo-59h\/\" \/>\n<meta property=\"og:locale\" content=\"fr_FR\" \/>\n<meta property=\"og:type\" content=\"article\" \/>\n<meta property=\"og:title\" content=\"MB-59HS\" \/>\n<meta property=\"og:description\" content=\"MB-59HS to doskona\u0142y wyb\u00f3r dla dom\u00f3w jednorodzinnych. Nowoczesne okucia oraz specjalnie zaprojektowane uszczelki gwarantuj\u0105 \u015bwietn\u0105 szczelno\u015b\u0107!\" \/>\n<meta property=\"og:url\" content=\"https:\/\/bertrand.pl\/fr\/produit\/mo-59h\/\" \/>\n<meta property=\"og:site_name\" content=\"Bertrand. Najwy\u017cszej jako\u015bci okna i drzwi. Certyfikowany producent od 1969 roku.\" \/>\n<meta property=\"article:publisher\" content=\"https:\/\/www.facebook.com\/bertrandpolska\/\" \/>\n<meta property=\"article:modified_time\" content=\"2025-07-14T13:18:42+00:00\" \/>\n<meta property=\"og:image\" content=\"https:\/\/bertrand.pl\/wp-content\/uploads\/2024\/09\/218_mb-59hs_waski_slupek_72dpi_logo.webp\" \/>\n\t<meta property=\"og:image:width\" content=\"1105\" \/>\n\t<meta property=\"og:image:height\" content=\"1000\" \/>\n\t<meta property=\"og:image:type\" content=\"image\/webp\" \/>\n<meta name=\"twitter:card\" content=\"summary_large_image\" \/>\n<meta name=\"twitter:label1\" content=\"Dur\u00e9e de lecture estim\u00e9e\" \/>\n\t<meta name=\"twitter:data1\" content=\"4 minutes\" \/>\n<script type=\"application\/ld+json\" class=\"yoast-schema-graph\">{\"@context\":\"https:\/\/schema.org\",\"@graph\":[{\"@type\":\"WebPage\",\"@id\":\"https:\/\/bertrand.pl\/produkt\/mb-59hs\/\",\"url\":\"https:\/\/bertrand.pl\/produkt\/mb-59hs\/\",\"name\":\"MB-59HS \u2013 energooszcz\u0119dne drzwi z klas\u0105\",\"isPartOf\":{\"@id\":\"https:\/\/bertrand.pl\/#website\"},\"primaryImageOfPage\":{\"@id\":\"https:\/\/bertrand.pl\/produkt\/mb-59hs\/#primaryimage\"},\"image\":{\"@id\":\"https:\/\/bertrand.pl\/produkt\/mb-59hs\/#primaryimage\"},\"thumbnailUrl\":\"https:\/\/bertrand.pl\/wp-content\/uploads\/2024\/09\/218_mb-59hs_waski_slupek_72dpi_logo.webp\",\"datePublished\":\"2024-09-17T11:25:51+00:00\",\"dateModified\":\"2025-07-14T13:18:42+00:00\",\"description\":\"MB-59HS to doskona\u0142y wyb\u00f3r dla dom\u00f3w jednorodzinnych. Nowoczesne okucia oraz specjalnie zaprojektowane uszczelki gwarantuj\u0105 \u015bwietn\u0105 szczelno\u015b\u0107!\",\"breadcrumb\":{\"@id\":\"https:\/\/bertrand.pl\/produkt\/mb-59hs\/#breadcrumb\"},\"inLanguage\":\"fr-FR\",\"potentialAction\":[{\"@type\":\"ReadAction\",\"target\":[\"https:\/\/bertrand.pl\/produkt\/mb-59hs\/\"]}]},{\"@type\":\"ImageObject\",\"inLanguage\":\"fr-FR\",\"@id\":\"https:\/\/bertrand.pl\/produkt\/mb-59hs\/#primaryimage\",\"url\":\"https:\/\/bertrand.pl\/wp-content\/uploads\/2024\/09\/218_mb-59hs_waski_slupek_72dpi_logo.webp\",\"contentUrl\":\"https:\/\/bertrand.pl\/wp-content\/uploads\/2024\/09\/218_mb-59hs_waski_slupek_72dpi_logo.webp\",\"width\":1105,\"height\":1000},{\"@type\":\"BreadcrumbList\",\"@id\":\"https:\/\/bertrand.pl\/produkt\/mb-59hs\/#breadcrumb\",\"itemListElement\":[{\"@type\":\"ListItem\",\"position\":1,\"name\":\"Strona g\u0142\u00f3wna\",\"item\":\"https:\/\/bertrand.pl\/\"},{\"@type\":\"ListItem\",\"position\":2,\"name\":\"Produits\",\"item\":\"https:\/\/bertrand.pl\/fr\/shop\/\"},{\"@type\":\"ListItem\",\"position\":3,\"name\":\"MB-59HS\"}]},{\"@type\":\"WebSite\",\"@id\":\"https:\/\/bertrand.pl\/#website\",\"url\":\"https:\/\/bertrand.pl\/\",\"name\":\"Bertrand.pl\",\"description\":\"Firma Bertrand to certyfikowany i uznany producent najwy\u017cszej jako\u015bci okien z PVC, z drewna lub aluminium. Produkcja drzwi, rolet i bram gara\u017cowych.\",\"publisher\":{\"@id\":\"https:\/\/bertrand.pl\/#organization\"},\"potentialAction\":[{\"@type\":\"SearchAction\",\"target\":{\"@type\":\"EntryPoint\",\"urlTemplate\":\"https:\/\/bertrand.pl\/?s={search_term_string}\"},\"query-input\":{\"@type\":\"PropertyValueSpecification\",\"valueRequired\":true,\"valueName\":\"search_term_string\"}}],\"inLanguage\":\"fr-FR\"},{\"@type\":\"Organization\",\"@id\":\"https:\/\/bertrand.pl\/#organization\",\"name\":\"Bertrand.pl\",\"url\":\"https:\/\/bertrand.pl\/\",\"logo\":{\"@type\":\"ImageObject\",\"inLanguage\":\"fr-FR\",\"@id\":\"https:\/\/bertrand.pl\/#\/schema\/logo\/image\/\",\"url\":\"https:\/\/bertrand.pl\/wp-content\/uploads\/2024\/12\/logo_BB_TM_PL_black.png\",\"contentUrl\":\"https:\/\/bertrand.pl\/wp-content\/uploads\/2024\/12\/logo_BB_TM_PL_black.png\",\"width\":1831,\"height\":1831,\"caption\":\"Bertrand.pl\"},\"image\":{\"@id\":\"https:\/\/bertrand.pl\/#\/schema\/logo\/image\/\"},\"sameAs\":[\"https:\/\/www.facebook.com\/bertrandpolska\/\",\"https:\/\/www.instagram.com\/bertrand_okna_i_drzwi\/\",\"https:\/\/www.linkedin.com\/company\/bertrand\/\",\"https:\/\/www.tiktok.com\/@bertrand_okna_drzwi\"]}]}<\/script>\n<!-- \/ Yoast SEO Premium plugin. -->","yoast_head_json":{"title":"MB-59HS \u2013 energooszcz\u0119dne drzwi z klas\u0105","description":"Le MB-59HS est un excellent choix pour les maisons unifamiliales. Des raccords modernes et des joints sp\u00e9cialement con\u00e7us garantissent une excellente \u00e9tanch\u00e9it\u00e9 !","robots":{"index":"index","follow":"follow","max-snippet":"max-snippet:-1","max-image-preview":"max-image-preview:large","max-video-preview":"max-video-preview:-1"},"canonical":"https:\/\/bertrand.pl\/fr\/produit\/mo-59h\/","og_locale":"fr_FR","og_type":"article","og_title":"MB-59HS","og_description":"MB-59HS to doskona\u0142y wyb\u00f3r dla dom\u00f3w jednorodzinnych. Nowoczesne okucia oraz specjalnie zaprojektowane uszczelki gwarantuj\u0105 \u015bwietn\u0105 szczelno\u015b\u0107!","og_url":"https:\/\/bertrand.pl\/fr\/produit\/mo-59h\/","og_site_name":"Bertrand. Najwy\u017cszej jako\u015bci okna i drzwi. Certyfikowany producent od 1969 roku.","article_publisher":"https:\/\/www.facebook.com\/bertrandpolska\/","article_modified_time":"2025-07-14T13:18:42+00:00","og_image":[{"width":1105,"height":1000,"url":"https:\/\/bertrand.pl\/wp-content\/uploads\/2024\/09\/218_mb-59hs_waski_slupek_72dpi_logo.webp","type":"image\/webp"}],"twitter_card":"summary_large_image","twitter_misc":{"Dur\u00e9e de lecture estim\u00e9e":"4 minutes"},"schema":{"@context":"https:\/\/schema.org","@graph":[{"@type":"WebPage","@id":"https:\/\/bertrand.pl\/produkt\/mb-59hs\/","url":"https:\/\/bertrand.pl\/produkt\/mb-59hs\/","name":"MB-59HS \u2013 energooszcz\u0119dne drzwi z klas\u0105","isPartOf":{"@id":"https:\/\/bertrand.pl\/#website"},"primaryImageOfPage":{"@id":"https:\/\/bertrand.pl\/produkt\/mb-59hs\/#primaryimage"},"image":{"@id":"https:\/\/bertrand.pl\/produkt\/mb-59hs\/#primaryimage"},"thumbnailUrl":"https:\/\/bertrand.pl\/wp-content\/uploads\/2024\/09\/218_mb-59hs_waski_slupek_72dpi_logo.webp","datePublished":"2024-09-17T11:25:51+00:00","dateModified":"2025-07-14T13:18:42+00:00","description":"Le MB-59HS est un excellent choix pour les maisons unifamiliales. Des raccords modernes et des joints sp\u00e9cialement con\u00e7us garantissent une excellente \u00e9tanch\u00e9it\u00e9 !","breadcrumb":{"@id":"https:\/\/bertrand.pl\/produkt\/mb-59hs\/#breadcrumb"},"inLanguage":"fr-FR","potentialAction":[{"@type":"ReadAction","target":["https:\/\/bertrand.pl\/produkt\/mb-59hs\/"]}]},{"@type":"ImageObject","inLanguage":"fr-FR","@id":"https:\/\/bertrand.pl\/produkt\/mb-59hs\/#primaryimage","url":"https:\/\/bertrand.pl\/wp-content\/uploads\/2024\/09\/218_mb-59hs_waski_slupek_72dpi_logo.webp","contentUrl":"https:\/\/bertrand.pl\/wp-content\/uploads\/2024\/09\/218_mb-59hs_waski_slupek_72dpi_logo.webp","width":1105,"height":1000},{"@type":"BreadcrumbList","@id":"https:\/\/bertrand.pl\/produkt\/mb-59hs\/#breadcrumb","itemListElement":[{"@type":"ListItem","position":1,"name":"Strona g\u0142\u00f3wna","item":"https:\/\/bertrand.pl\/"},{"@type":"ListItem","position":2,"name":"Produits","item":"https:\/\/bertrand.pl\/fr\/shop\/"},{"@type":"ListItem","position":3,"name":"MB-59HS"}]},{"@type":"WebSite","@id":"https:\/\/bertrand.pl\/#website","url":"https:\/\/bertrand.pl\/","name":"Bertrand.pl","description":"Firma Bertrand to certyfikowany i uznany producent najwy\u017cszej jako\u015bci okien z PVC, z drewna lub aluminium. Produkcja drzwi, rolet i bram gara\u017cowych.","publisher":{"@id":"https:\/\/bertrand.pl\/#organization"},"potentialAction":[{"@type":"SearchAction","target":{"@type":"EntryPoint","urlTemplate":"https:\/\/bertrand.pl\/?s={search_term_string}"},"query-input":{"@type":"PropertyValueSpecification","valueRequired":true,"valueName":"search_term_string"}}],"inLanguage":"fr-FR"},{"@type":"Organization","@id":"https:\/\/bertrand.pl\/#organization","name":"Bertrand.pl","url":"https:\/\/bertrand.pl\/","logo":{"@type":"ImageObject","inLanguage":"fr-FR","@id":"https:\/\/bertrand.pl\/#\/schema\/logo\/image\/","url":"https:\/\/bertrand.pl\/wp-content\/uploads\/2024\/12\/logo_BB_TM_PL_black.png","contentUrl":"https:\/\/bertrand.pl\/wp-content\/uploads\/2024\/12\/logo_BB_TM_PL_black.png","width":1831,"height":1831,"caption":"Bertrand.pl"},"image":{"@id":"https:\/\/bertrand.pl\/#\/schema\/logo\/image\/"},"sameAs":["https:\/\/www.facebook.com\/bertrandpolska\/","https:\/\/www.instagram.com\/bertrand_okna_i_drzwi\/","https:\/\/www.linkedin.com\/company\/bertrand\/","https:\/\/www.tiktok.com\/@bertrand_okna_drzwi"]}]}},"_links":{"self":[{"href":"https:\/\/bertrand.pl\/fr\/wp-json\/wp\/v2\/product\/5081","targetHints":{"allow":["GET"]}}],"collection":[{"href":"https:\/\/bertrand.pl\/fr\/wp-json\/wp\/v2\/product"}],"about":[{"href":"https:\/\/bertrand.pl\/fr\/wp-json\/wp\/v2\/types\/product"}],"wp:featuredmedia":[{"embeddable":true,"href":"https:\/\/bertrand.pl\/fr\/wp-json\/wp\/v2\/media\/5083"}],"wp:attachment":[{"href":"https:\/\/bertrand.pl\/fr\/wp-json\/wp\/v2\/media?parent=5081"}],"wp:term":[{"taxonomy":"product_brand","embeddable":true,"href":"https:\/\/bertrand.pl\/fr\/wp-json\/wp\/v2\/product_brand?post=5081"},{"taxonomy":"product_cat","embeddable":true,"href":"https:\/\/bertrand.pl\/fr\/wp-json\/wp\/v2\/product_cat?post=5081"},{"taxonomy":"product_tag","embeddable":true,"href":"https:\/\/bertrand.pl\/fr\/wp-json\/wp\/v2\/product_tag?post=5081"}],"curies":[{"name":"wp","href":"https:\/\/api.w.org\/{rel}","templated":true}]}}