{"id":5098,"date":"2024-09-18T11:27:11","date_gmt":"2024-09-18T09:27:11","guid":{"rendered":"https:\/\/bertrand.pl\/?post_type=product&#038;p=5098"},"modified":"2025-07-14T13:07:38","modified_gmt":"2025-07-14T11:07:38","slug":"mb-sr50n-salut","status":"publish","type":"product","link":"https:\/\/bertrand.pl\/fr\/produkt\/mb-sr50n-hi\/","title":{"rendered":"MB-SR50N HI+"},"content":{"rendered":"<p><strong>Syst\u00e8me de murs poteaux-poutres innovant MB-SR50N HI+ \u2013 le choix id\u00e9al pour les b\u00e2timents passifs<\/strong><\/p>\n<p>Le syst\u00e8me MB-SR50N HI+ est une solution qui fonctionne parfaitement dans la construction passive moderne. De plus, le certificat A+ de l&#039;Institut PHI Darmstadt confirme sa plus haute qualit\u00e9. Avec une isolation thermique de 0,59 W\/m\u00b2K, ce syst\u00e8me garantit \u00e0 la fois \u00e9conomie d&#039;\u00e9nergie et fonctionnement \u00e9cologique.<\/p>\n<p>&nbsp;<\/p>\n<figure id=\"attachment_5099\" aria-describedby=\"caption-attachment-5099\" style=\"width: 551px\" class=\"wp-caption alignnone\"><img fetchpriority=\"high\" decoding=\"async\" class=\"wp-image-5099\" src=\"https:\/\/bertrand.pl\/wp-content\/uploads\/2024\/09\/mMB_SR50N_HI.webp\" alt=\"Le syst\u00e8me MB-SR50N HI+ se distingue par sa conception moderne et sa stabilit\u00e9 structurelle. \" width=\"551\" height=\"680\" srcset=\"https:\/\/bertrand.pl\/wp-content\/uploads\/2024\/09\/mMB_SR50N_HI.webp 800w, https:\/\/bertrand.pl\/wp-content\/uploads\/2024\/09\/mMB_SR50N_HI-340x420.webp 340w, https:\/\/bertrand.pl\/wp-content\/uploads\/2024\/09\/mMB_SR50N_HI-768x948.webp 768w, https:\/\/bertrand.pl\/wp-content\/uploads\/2024\/09\/mMB_SR50N_HI-10x12.webp 10w, https:\/\/bertrand.pl\/wp-content\/uploads\/2024\/09\/mMB_SR50N_HI-600x741.webp 600w\" sizes=\"(max-width: 551px) 100vw, 551px\" \/><figcaption id=\"caption-attachment-5099\" class=\"wp-caption-text\">Fa\u00e7ade en syst\u00e8me MB-SR50N HI+.<\/figcaption><\/figure>\n<p>&nbsp;<\/p>\n<h3>Caract\u00e9ristiques principales :<\/h3>\n<p>&nbsp;<\/p>\n<p>Le syst\u00e8me pr\u00e9sente plusieurs avantages importants qui le rendent si populaire :<\/p>\n<ul>\n<li><strong>Design moderne<\/strong> \u2013 les colonnes et les poutres aux ar\u00eates vives permettent de cr\u00e9er des fa\u00e7ades uniformes avec une structure en treillis.<\/li>\n<li><strong>Flexibilit\u00e9 de conception<\/strong> \u2013 gr\u00e2ce aux liaisons angulaires dans la structure en aluminium, les fa\u00e7ades peuvent \u00eatre fa\u00e7onn\u00e9es librement.<\/li>\n<li><strong>Une richesse de variantes esth\u00e9tiques<\/strong> \u2013 diff\u00e9rents profils de recouvrement offrent de nombreuses possibilit\u00e9s d\u2019adaptation de la fa\u00e7ade aux besoins individuels.<\/li>\n<li><strong>Fonctionnalit\u00e9 des \u00e9l\u00e9ments ouvrants<\/strong> \u2013 les lucarnes, les fen\u00eatres \u00e0 ouverture oscillo-battante et parall\u00e8le ainsi que les portes int\u00e9gr\u00e9es garantissent des solutions pratiques.<\/li>\n<li><strong>Excellentes propri\u00e9t\u00e9s isolantes<\/strong> \u2013 l\u2019utilisation de vitrages \u00e0 deux et trois chambres se traduit par une meilleure efficacit\u00e9 \u00e9nerg\u00e9tique.<\/li>\n<li><strong>Accessoires et isolateurs thermiques<\/strong> \u2013 augmenter l\u2019isolation thermique, ce qui rend ce syst\u00e8me id\u00e9al pour les b\u00e2timents passifs.<\/li>\n<li><strong>Stabilit\u00e9 structurelle<\/strong> \u2013 les consoles de fa\u00e7ade supportant des remplissages lourds assurent durabilit\u00e9 et fiabilit\u00e9.<\/li>\n<\/ul>\n<h3>Des propri\u00e9t\u00e9s uniques<\/h3>\n<p>&nbsp;<\/p>\n<p>Il convient de noter que le syst\u00e8me MB-SR50N HI+ n&#039;est pas seulement esth\u00e9tique, mais \u00e9galement r\u00e9sistant au feu dans les classes EI 30 et EI 60. Cela le rend \u00e0 la fois moderne et s\u00fbr.<\/p>\n<h3>Application<\/h3>\n<p>Ce syst\u00e8me polyvalent trouve application dans de nombreux domaines, tels que :<\/p>\n<ul>\n<li><strong>Fa\u00e7ades de b\u00e2timents passifs<\/strong>, car il r\u00e9pond aux normes d\u2019isolation les plus \u00e9lev\u00e9es.<\/li>\n<li><strong>Vitrage de grande surface<\/strong>, qui conf\u00e8rent aux b\u00e2timents une apparence \u00e9l\u00e9gante.<\/li>\n<li><strong>Syst\u00e8mes int\u00e9gr\u00e9s de fen\u00eatres et de portes<\/strong>, alliant esth\u00e9tique et fonctionnalit\u00e9.<\/li>\n<li><strong>Structures ignifuges<\/strong>, id\u00e9al pour les espaces publics et commerciaux.<\/li>\n<\/ul>\n<h3>Certificat A+ \u2013 Garantie de qualit\u00e9<\/h3>\n<p>&nbsp;<\/p>\n<p>Il est important de noter que le certificat A+ d\u00e9cern\u00e9 par l&#039;Institut PHI de Darmstadt confirme que ce syst\u00e8me r\u00e9pond \u00e0 toutes les exigences de la construction passive. Cela en fait un excellent choix pour les investisseurs qui se concentrent sur la qualit\u00e9 et l\u2019\u00e9cologie.<\/p>\n<h3><\/h3>\n<p>En r\u00e9sum\u00e9, il s\u2019agit d\u2019une combinaison de technologies modernes, de durabilit\u00e9 et d\u2019efficacit\u00e9 \u00e9nerg\u00e9tique. De plus, il offre des fonctionnalit\u00e9s et un large \u00e9ventail de possibilit\u00e9s de conception. Si vous recherchez une solution alliant esth\u00e9tique et qualit\u00e9 sup\u00e9rieure, le syst\u00e8me MB-SR50N HI+ sera le choix parfait !<\/p>\n<p>&nbsp;<\/p>\n<p><strong>VOIR AUSSI :<\/strong><\/p>\n<p><a href=\"https:\/\/www.youtube.com\/watch?v=-4CVLi5ZRQk\">Profil\u00e9s de fen\u00eatre color\u00e9s, c&#039;est-\u00e0-dire technologie Acrylcolor\u00ae<\/a><\/p>\n<p><a href=\"https:\/\/bertrand.pl\/fr\/panorama-de-la-tvh\/\">HST Panorama \u2013 Portes-fen\u00eatres panoramiques pour votre maison \u2013 Bertrand.pl<\/a><\/p>","protected":false},"excerpt":{"rendered":"<p class=\"h2\"><strong>MUR MILLION ET IMPOSTE \u00c0 HAUTE ISOLATION THERMIQUE<\/strong><\/p>\n<p>Le syst\u00e8me de fa\u00e7ade \u00e0 meneaux et poutres MB-SR50N HI+ est destin\u00e9 \u00e0 la construction de murs-rideaux l\u00e9gers de type suspendu et remplissant, ainsi que de toits, de lucarnes et d&#039;autres structures spatiales.<\/p>","protected":false},"featured_media":5103,"template":"","meta":{"site-sidebar-layout":"default","site-content-layout":"","ast-site-content-layout":"default","site-content-style":"default","site-sidebar-style":"default","ast-global-header-display":"","ast-banner-title-visibility":"","ast-main-header-display":"","ast-hfb-above-header-display":"","ast-hfb-below-header-display":"","ast-hfb-mobile-header-display":"","site-post-title":"","ast-breadcrumbs-content":"","ast-featured-img":"","footer-sml-layout":"","ast-disable-related-posts":"","theme-transparent-header-meta":"default","adv-header-id-meta":"","stick-header-meta":"","header-above-stick-meta":"","header-main-stick-meta":"","header-below-stick-meta":"","astra-migrate-meta-layouts":"set","ast-page-background-enabled":"default","ast-page-background-meta":{"desktop":{"background-color":"var(--ast-global-color-4)","background-image":"","background-repeat":"repeat","background-position":"center center","background-size":"auto","background-attachment":"scroll","background-type":"","background-media":"","overlay-type":"","overlay-color":"","overlay-opacity":"","overlay-gradient":""},"tablet":{"background-color":"","background-image":"","background-repeat":"repeat","background-position":"center center","background-size":"auto","background-attachment":"scroll","background-type":"","background-media":"","overlay-type":"","overlay-color":"","overlay-opacity":"","overlay-gradient":""},"mobile":{"background-color":"","background-image":"","background-repeat":"repeat","background-position":"center center","background-size":"auto","background-attachment":"scroll","background-type":"","background-media":"","overlay-type":"","overlay-color":"","overlay-opacity":"","overlay-gradient":""}},"ast-content-background-meta":{"desktop":{"background-color":"var(--ast-global-color-5)","background-image":"","background-repeat":"repeat","background-position":"center center","background-size":"auto","background-attachment":"scroll","background-type":"","background-media":"","overlay-type":"","overlay-color":"","overlay-opacity":"","overlay-gradient":""},"tablet":{"background-color":"var(--ast-global-color-5)","background-image":"","background-repeat":"repeat","background-position":"center center","background-size":"auto","background-attachment":"scroll","background-type":"","background-media":"","overlay-type":"","overlay-color":"","overlay-opacity":"","overlay-gradient":""},"mobile":{"background-color":"var(--ast-global-color-5)","background-image":"","background-repeat":"repeat","background-position":"center center","background-size":"auto","background-attachment":"scroll","background-type":"","background-media":"","overlay-type":"","overlay-color":"","overlay-opacity":"","overlay-gradient":""}}},"product_brand":[],"product_cat":[20],"product_tag":[510,349,168,717,360,784,787,1124,1128,1129,791,1121,1122,978,453,661,781,969,662,389,405,971,1126,1120,979,810,974,782,792,973,740,790,785,977,789,1123,972,788,1119,730,976,975,793,783,970,1118,1127,1125,786],"class_list":{"0":"post-5098","1":"product","2":"type-product","3":"status-publish","4":"has-post-thumbnail","6":"product_cat-fasady","7":"product_tag-akcesoria","8":"product_tag-aluprof","9":"product_tag-bertrand","10":"product_tag-bertrand-okna-i-drzwi","11":"product_tag-bezpieczenstwo","12":"product_tag-budynki-pasywne","13":"product_tag-certyfikat-phi-darmstadt","14":"product_tag-drzwi-zintegrowane","15":"product_tag-ei-30","16":"product_tag-ei-60","17":"product_tag-ekologiczne-budownictwo","18":"product_tag-elastycznosc-projektowa","19":"product_tag-elementy-otwierane","20":"product_tag-energooszczedne-elewacje","21":"product_tag-energooszczednosc","22":"product_tag-estetyka","23":"product_tag-fasada-energooszczedna","24":"product_tag-fasady-aluminiowe","25":"product_tag-funkcjonalnosc","26":"product_tag-izolacja-akustyczna","27":"product_tag-izolacja-termiczna","28":"product_tag-izolacyjnosc-cieplna","29":"product_tag-izolatory-termiczne","30":"product_tag-jednolite-fasady","31":"product_tag-konsole-fasadowe","32":"product_tag-konstrukcja-aluminiowa","33":"product_tag-konstrukcje-pasywne","34":"product_tag-mb-sr50n-hi","35":"product_tag-nowoczesna-fasada","36":"product_tag-nowoczesne-fasady","37":"product_tag-nowoczesny-design","38":"product_tag-ochrona-przeciwpozarowa","39":"product_tag-odpornosc-ogniowa","40":"product_tag-okna-odchylne","41":"product_tag-okna-polaciowe","42":"product_tag-okna-rownolegle-otwierane","43":"product_tag-okna-zintegrowane-z-fasada","44":"product_tag-okucia","45":"product_tag-ostre-krawedzie","46":"product_tag-oszczednosc-energii","47":"product_tag-polaczenia-katowe","48":"product_tag-profile-nakladkowe","49":"product_tag-projektowanie-elewacji","50":"product_tag-sciana-slupowo-ryglowa","51":"product_tag-sciany-slupowo-ryglowe","52":"product_tag-slupy-i-rygle","53":"product_tag-stabilnosc-konstrukcji-wyjatkowe-wlasciwosci","54":"product_tag-szklenie-dwu-i-trzykomorowe","55":"product_tag-szklenie-trzykomorowe","56":"desktop-align-left","57":"tablet-align-left","58":"mobile-align-left","60":"first","61":"instock","62":"shipping-taxable","63":"product-type-simple"},"yoast_head":"<!-- This site is optimized with the Yoast SEO Premium plugin v27.2 (Yoast SEO v27.2) - https:\/\/yoast.com\/product\/yoast-seo-premium-wordpress\/ -->\n<title>MB-SR50N HI+ \u2013 energooszcz\u0119dna fasada z klas\u0105<\/title>\n<meta name=\"description\" content=\"Fasada MB-SR50N HI+ jest elegancka i energooszcz\u0119dna. Umo\u017cliwia dostosowanie elewacji do indywidualnych potrzeb i preferencji.\" \/>\n<meta name=\"robots\" content=\"index, follow, max-snippet:-1, max-image-preview:large, max-video-preview:-1\" \/>\n<link rel=\"canonical\" href=\"https:\/\/bertrand.pl\/fr\/produit\/mb-sr50n-salut\/\" \/>\n<meta property=\"og:locale\" content=\"fr_FR\" \/>\n<meta property=\"og:type\" content=\"article\" \/>\n<meta property=\"og:title\" content=\"MB-SR50N HI+\" \/>\n<meta property=\"og:description\" content=\"Fasada MB-SR50N HI+ jest elegancka i energooszcz\u0119dna. Umo\u017cliwia dostosowanie elewacji do indywidualnych potrzeb i preferencji.\" \/>\n<meta property=\"og:url\" content=\"https:\/\/bertrand.pl\/fr\/produit\/mb-sr50n-salut\/\" \/>\n<meta property=\"og:site_name\" content=\"Bertrand. Najwy\u017cszej jako\u015bci okna i drzwi. Certyfikowany producent od 1969 roku.\" \/>\n<meta property=\"article:publisher\" content=\"https:\/\/www.facebook.com\/bertrandpolska\/\" \/>\n<meta property=\"article:modified_time\" content=\"2025-07-14T11:07:38+00:00\" \/>\n<meta property=\"og:image\" content=\"https:\/\/bertrand.pl\/wp-content\/uploads\/2024\/09\/mb-sr50n-hi-5-pl.webp\" \/>\n\t<meta property=\"og:image:width\" content=\"546\" \/>\n\t<meta property=\"og:image:height\" content=\"614\" \/>\n\t<meta property=\"og:image:type\" content=\"image\/webp\" \/>\n<meta name=\"twitter:card\" content=\"summary_large_image\" \/>\n<meta name=\"twitter:label1\" content=\"Dur\u00e9e de lecture estim\u00e9e\" \/>\n\t<meta name=\"twitter:data1\" content=\"3 minutes\" \/>\n<script type=\"application\/ld+json\" class=\"yoast-schema-graph\">{\"@context\":\"https:\/\/schema.org\",\"@graph\":[{\"@type\":\"WebPage\",\"@id\":\"https:\/\/bertrand.pl\/produkt\/mb-sr50n-hi\/\",\"url\":\"https:\/\/bertrand.pl\/produkt\/mb-sr50n-hi\/\",\"name\":\"MB-SR50N HI+ \u2013 energooszcz\u0119dna fasada z klas\u0105\",\"isPartOf\":{\"@id\":\"https:\/\/bertrand.pl\/#website\"},\"primaryImageOfPage\":{\"@id\":\"https:\/\/bertrand.pl\/produkt\/mb-sr50n-hi\/#primaryimage\"},\"image\":{\"@id\":\"https:\/\/bertrand.pl\/produkt\/mb-sr50n-hi\/#primaryimage\"},\"thumbnailUrl\":\"https:\/\/bertrand.pl\/wp-content\/uploads\/2024\/09\/mb-sr50n-hi-5-pl.webp\",\"datePublished\":\"2024-09-18T09:27:11+00:00\",\"dateModified\":\"2025-07-14T11:07:38+00:00\",\"description\":\"Fasada MB-SR50N HI+ jest elegancka i energooszcz\u0119dna. Umo\u017cliwia dostosowanie elewacji do indywidualnych potrzeb i preferencji.\",\"breadcrumb\":{\"@id\":\"https:\/\/bertrand.pl\/produkt\/mb-sr50n-hi\/#breadcrumb\"},\"inLanguage\":\"fr-FR\",\"potentialAction\":[{\"@type\":\"ReadAction\",\"target\":[\"https:\/\/bertrand.pl\/produkt\/mb-sr50n-hi\/\"]}]},{\"@type\":\"ImageObject\",\"inLanguage\":\"fr-FR\",\"@id\":\"https:\/\/bertrand.pl\/produkt\/mb-sr50n-hi\/#primaryimage\",\"url\":\"https:\/\/bertrand.pl\/wp-content\/uploads\/2024\/09\/mb-sr50n-hi-5-pl.webp\",\"contentUrl\":\"https:\/\/bertrand.pl\/wp-content\/uploads\/2024\/09\/mb-sr50n-hi-5-pl.webp\",\"width\":546,\"height\":614},{\"@type\":\"BreadcrumbList\",\"@id\":\"https:\/\/bertrand.pl\/produkt\/mb-sr50n-hi\/#breadcrumb\",\"itemListElement\":[{\"@type\":\"ListItem\",\"position\":1,\"name\":\"Strona g\u0142\u00f3wna\",\"item\":\"https:\/\/bertrand.pl\/\"},{\"@type\":\"ListItem\",\"position\":2,\"name\":\"Produits\",\"item\":\"https:\/\/bertrand.pl\/fr\/shop\/\"},{\"@type\":\"ListItem\",\"position\":3,\"name\":\"MB-SR50N HI+\"}]},{\"@type\":\"WebSite\",\"@id\":\"https:\/\/bertrand.pl\/#website\",\"url\":\"https:\/\/bertrand.pl\/\",\"name\":\"Bertrand.pl\",\"description\":\"Firma Bertrand to certyfikowany i uznany producent najwy\u017cszej jako\u015bci okien z PVC, z drewna lub aluminium. Produkcja drzwi, rolet i bram gara\u017cowych.\",\"publisher\":{\"@id\":\"https:\/\/bertrand.pl\/#organization\"},\"potentialAction\":[{\"@type\":\"SearchAction\",\"target\":{\"@type\":\"EntryPoint\",\"urlTemplate\":\"https:\/\/bertrand.pl\/?s={search_term_string}\"},\"query-input\":{\"@type\":\"PropertyValueSpecification\",\"valueRequired\":true,\"valueName\":\"search_term_string\"}}],\"inLanguage\":\"fr-FR\"},{\"@type\":\"Organization\",\"@id\":\"https:\/\/bertrand.pl\/#organization\",\"name\":\"Bertrand.pl\",\"url\":\"https:\/\/bertrand.pl\/\",\"logo\":{\"@type\":\"ImageObject\",\"inLanguage\":\"fr-FR\",\"@id\":\"https:\/\/bertrand.pl\/#\/schema\/logo\/image\/\",\"url\":\"https:\/\/bertrand.pl\/wp-content\/uploads\/2024\/12\/logo_BB_TM_PL_black.png\",\"contentUrl\":\"https:\/\/bertrand.pl\/wp-content\/uploads\/2024\/12\/logo_BB_TM_PL_black.png\",\"width\":1831,\"height\":1831,\"caption\":\"Bertrand.pl\"},\"image\":{\"@id\":\"https:\/\/bertrand.pl\/#\/schema\/logo\/image\/\"},\"sameAs\":[\"https:\/\/www.facebook.com\/bertrandpolska\/\",\"https:\/\/www.instagram.com\/bertrand_okna_i_drzwi\/\",\"https:\/\/www.linkedin.com\/company\/bertrand\/\",\"https:\/\/www.tiktok.com\/@bertrand_okna_drzwi\"]}]}<\/script>\n<!-- \/ Yoast SEO Premium plugin. -->","yoast_head_json":{"title":"MB-SR50N HI+ \u2013 energooszcz\u0119dna fasada z klas\u0105","description":"La fa\u00e7ade MB-SR50N HI+ est \u00e9l\u00e9gante et \u00e9conome en \u00e9nergie. Il vous permet d&#039;ajuster la fa\u00e7ade \u00e0 vos besoins et pr\u00e9f\u00e9rences individuels.","robots":{"index":"index","follow":"follow","max-snippet":"max-snippet:-1","max-image-preview":"max-image-preview:large","max-video-preview":"max-video-preview:-1"},"canonical":"https:\/\/bertrand.pl\/fr\/produit\/mb-sr50n-salut\/","og_locale":"fr_FR","og_type":"article","og_title":"MB-SR50N HI+","og_description":"Fasada MB-SR50N HI+ jest elegancka i energooszcz\u0119dna. Umo\u017cliwia dostosowanie elewacji do indywidualnych potrzeb i preferencji.","og_url":"https:\/\/bertrand.pl\/fr\/produit\/mb-sr50n-salut\/","og_site_name":"Bertrand. Najwy\u017cszej jako\u015bci okna i drzwi. Certyfikowany producent od 1969 roku.","article_publisher":"https:\/\/www.facebook.com\/bertrandpolska\/","article_modified_time":"2025-07-14T11:07:38+00:00","og_image":[{"width":546,"height":614,"url":"https:\/\/bertrand.pl\/wp-content\/uploads\/2024\/09\/mb-sr50n-hi-5-pl.webp","type":"image\/webp"}],"twitter_card":"summary_large_image","twitter_misc":{"Dur\u00e9e de lecture estim\u00e9e":"3 minutes"},"schema":{"@context":"https:\/\/schema.org","@graph":[{"@type":"WebPage","@id":"https:\/\/bertrand.pl\/produkt\/mb-sr50n-hi\/","url":"https:\/\/bertrand.pl\/produkt\/mb-sr50n-hi\/","name":"MB-SR50N HI+ \u2013 energooszcz\u0119dna fasada z klas\u0105","isPartOf":{"@id":"https:\/\/bertrand.pl\/#website"},"primaryImageOfPage":{"@id":"https:\/\/bertrand.pl\/produkt\/mb-sr50n-hi\/#primaryimage"},"image":{"@id":"https:\/\/bertrand.pl\/produkt\/mb-sr50n-hi\/#primaryimage"},"thumbnailUrl":"https:\/\/bertrand.pl\/wp-content\/uploads\/2024\/09\/mb-sr50n-hi-5-pl.webp","datePublished":"2024-09-18T09:27:11+00:00","dateModified":"2025-07-14T11:07:38+00:00","description":"La fa\u00e7ade MB-SR50N HI+ est \u00e9l\u00e9gante et \u00e9conome en \u00e9nergie. Il vous permet d&#039;ajuster la fa\u00e7ade \u00e0 vos besoins et pr\u00e9f\u00e9rences individuels.","breadcrumb":{"@id":"https:\/\/bertrand.pl\/produkt\/mb-sr50n-hi\/#breadcrumb"},"inLanguage":"fr-FR","potentialAction":[{"@type":"ReadAction","target":["https:\/\/bertrand.pl\/produkt\/mb-sr50n-hi\/"]}]},{"@type":"ImageObject","inLanguage":"fr-FR","@id":"https:\/\/bertrand.pl\/produkt\/mb-sr50n-hi\/#primaryimage","url":"https:\/\/bertrand.pl\/wp-content\/uploads\/2024\/09\/mb-sr50n-hi-5-pl.webp","contentUrl":"https:\/\/bertrand.pl\/wp-content\/uploads\/2024\/09\/mb-sr50n-hi-5-pl.webp","width":546,"height":614},{"@type":"BreadcrumbList","@id":"https:\/\/bertrand.pl\/produkt\/mb-sr50n-hi\/#breadcrumb","itemListElement":[{"@type":"ListItem","position":1,"name":"Strona g\u0142\u00f3wna","item":"https:\/\/bertrand.pl\/"},{"@type":"ListItem","position":2,"name":"Produits","item":"https:\/\/bertrand.pl\/fr\/shop\/"},{"@type":"ListItem","position":3,"name":"MB-SR50N HI+"}]},{"@type":"WebSite","@id":"https:\/\/bertrand.pl\/#website","url":"https:\/\/bertrand.pl\/","name":"Bertrand.pl","description":"Firma Bertrand to certyfikowany i uznany producent najwy\u017cszej jako\u015bci okien z PVC, z drewna lub aluminium. Produkcja drzwi, rolet i bram gara\u017cowych.","publisher":{"@id":"https:\/\/bertrand.pl\/#organization"},"potentialAction":[{"@type":"SearchAction","target":{"@type":"EntryPoint","urlTemplate":"https:\/\/bertrand.pl\/?s={search_term_string}"},"query-input":{"@type":"PropertyValueSpecification","valueRequired":true,"valueName":"search_term_string"}}],"inLanguage":"fr-FR"},{"@type":"Organization","@id":"https:\/\/bertrand.pl\/#organization","name":"Bertrand.pl","url":"https:\/\/bertrand.pl\/","logo":{"@type":"ImageObject","inLanguage":"fr-FR","@id":"https:\/\/bertrand.pl\/#\/schema\/logo\/image\/","url":"https:\/\/bertrand.pl\/wp-content\/uploads\/2024\/12\/logo_BB_TM_PL_black.png","contentUrl":"https:\/\/bertrand.pl\/wp-content\/uploads\/2024\/12\/logo_BB_TM_PL_black.png","width":1831,"height":1831,"caption":"Bertrand.pl"},"image":{"@id":"https:\/\/bertrand.pl\/#\/schema\/logo\/image\/"},"sameAs":["https:\/\/www.facebook.com\/bertrandpolska\/","https:\/\/www.instagram.com\/bertrand_okna_i_drzwi\/","https:\/\/www.linkedin.com\/company\/bertrand\/","https:\/\/www.tiktok.com\/@bertrand_okna_drzwi"]}]}},"_links":{"self":[{"href":"https:\/\/bertrand.pl\/fr\/wp-json\/wp\/v2\/product\/5098","targetHints":{"allow":["GET"]}}],"collection":[{"href":"https:\/\/bertrand.pl\/fr\/wp-json\/wp\/v2\/product"}],"about":[{"href":"https:\/\/bertrand.pl\/fr\/wp-json\/wp\/v2\/types\/product"}],"wp:featuredmedia":[{"embeddable":true,"href":"https:\/\/bertrand.pl\/fr\/wp-json\/wp\/v2\/media\/5103"}],"wp:attachment":[{"href":"https:\/\/bertrand.pl\/fr\/wp-json\/wp\/v2\/media?parent=5098"}],"wp:term":[{"taxonomy":"product_brand","embeddable":true,"href":"https:\/\/bertrand.pl\/fr\/wp-json\/wp\/v2\/product_brand?post=5098"},{"taxonomy":"product_cat","embeddable":true,"href":"https:\/\/bertrand.pl\/fr\/wp-json\/wp\/v2\/product_cat?post=5098"},{"taxonomy":"product_tag","embeddable":true,"href":"https:\/\/bertrand.pl\/fr\/wp-json\/wp\/v2\/product_tag?post=5098"}],"curies":[{"name":"wp","href":"https:\/\/api.w.org\/{rel}","templated":true}]}}